{"id":97846,"date":"2023-10-20T09:37:27","date_gmt":"2023-10-20T07:37:27","guid":{"rendered":"https:\/\/nsk.hr\/?page_id=97846"},"modified":"2025-10-02T09:23:32","modified_gmt":"2025-10-02T07:23:32","slug":"for-partners","status":"publish","type":"page","link":"https:\/\/nsk.hr\/en\/for-partners\/","title":{"rendered":"For partners"},"content":{"rendered":"\n<p class=\"is-style-lead\">In organising and conducting its <a href=\"https:\/\/nsk.hr\/en\/what-we-do\/\">activities<\/a>, the National and University Library in Zagreb (NSK) successfully cooperates with professionals in a wide variety of fields as well as with the wider academic community in Croatia and abroad.<\/p>\n\n\n\n<h2 class=\"wp-block-heading\"><strong>International cooperation<\/strong><\/h2>\n\n\n\n<p>Through its projects, the organisation of international exhibitions, membership in professional international associations and other <a href=\"https:\/\/nsk.hr\/en\/international-cooperation\/\">international cooperation<\/a>-focused activities, the Library promotes Croatia\u2019s cultural heritage on an international scale, increases the global visibility of Croatia\u2019s research output and significantly contributes to the advancement of the library profession globally.<\/p>\n\n\n\n<h2 class=\"wp-block-heading\"><strong>Exhibitions<\/strong><\/h2>\n\n\n\n<p>The organisation of <a href=\"https:\/\/nsk.hr\/en\/tag\/exhibition\/\">exhibitions<\/a> is one of NSK\u2019s vital tasks in the promotion of cultural heritage and research legacy preserved as part of the Library\u2019s <a href=\"https:\/\/nsk.hr\/en\/nsk-holdings\/\">holdings<\/a> and <a href=\"https:\/\/nsk.hr\/en\/nsk-collections\/\">collections<\/a>.<\/p>\n\n\n\n<h2 class=\"wp-block-heading\"><\/h2>\n\n\n\n<figure class=\"wp-block-gallery has-nested-images columns-default is-cropped wp-block-gallery-2 is-layout-flex wp-block-gallery-is-layout-flex\">\n<figure class=\"wp-block-image size-large\"><img decoding=\"async\" width=\"1024\" height=\"680\" data-id=\"97847\" data-src=\"https:\/\/nsk.hr\/wp-content\/uploads\/2025\/09\/NSK-exhibitions-2-1024x680.jpg\" alt=\"\" class=\"wp-image-97847 lazyload\" data-srcset=\"https:\/\/nsk.hr\/wp-content\/uploads\/2025\/09\/NSK-exhibitions-2-1024x680.jpg 1024w, https:\/\/nsk.hr\/wp-content\/uploads\/2025\/09\/NSK-exhibitions-2-300x199.jpg 300w, https:\/\/nsk.hr\/wp-content\/uploads\/2025\/09\/NSK-exhibitions-2-768x510.jpg 768w, https:\/\/nsk.hr\/wp-content\/uploads\/2025\/09\/NSK-exhibitions-2-1536x1020.jpg 1536w, https:\/\/nsk.hr\/wp-content\/uploads\/2025\/09\/NSK-exhibitions-2-1626x1080.jpg 1626w, https:\/\/nsk.hr\/wp-content\/uploads\/2025\/09\/NSK-exhibitions-2-scaled.jpg 1920w\" data-sizes=\"(max-width: 1024px) 100vw, 1024px\" src=\"data:image\/svg+xml;base64,PHN2ZyB3aWR0aD0iMSIgaGVpZ2h0PSIxIiB4bWxucz0iaHR0cDovL3d3dy53My5vcmcvMjAwMC9zdmciPjwvc3ZnPg==\" style=\"--smush-placeholder-width: 1024px; --smush-placeholder-aspect-ratio: 1024\/680;\" \/><\/figure>\n<\/figure>\n\n\n\n<p>Whether we present our exhibitions in the Library\u2019s inviting spaces or at other venues in Croatia or abroad, we often prepare them through successful partnerships. Apart from the treasures making part of <a href=\"https:\/\/nsk.hr\/en\/nsk-collections\/croatica-croatias-national-library-collection\/\">CROATICA<\/a>, the national library collection that we curate, our exhibitions also feature valuable resources held by other \u2013 Croatian and foreign \u2013 heritage institutions.<\/p>\n\n\n\n<h2 class=\"wp-block-heading\"><\/h2>\n\n\n\n<figure class=\"wp-block-gallery has-nested-images columns-default is-cropped wp-block-gallery-3 is-layout-flex wp-block-gallery-is-layout-flex\">\n<figure class=\"wp-block-image size-large\"><img decoding=\"async\" width=\"1024\" height=\"680\" data-id=\"97851\" data-src=\"https:\/\/nsk.hr\/wp-content\/uploads\/2025\/09\/NSK-exhibition_Fischer-von-Erlach_Zrinjevac_NSKWeb-1-1024x680.jpg\" alt=\"\" class=\"wp-image-97851 lazyload\" data-srcset=\"https:\/\/nsk.hr\/wp-content\/uploads\/2025\/09\/NSK-exhibition_Fischer-von-Erlach_Zrinjevac_NSKWeb-1-1024x680.jpg 1024w, https:\/\/nsk.hr\/wp-content\/uploads\/2025\/09\/NSK-exhibition_Fischer-von-Erlach_Zrinjevac_NSKWeb-1-300x199.jpg 300w, https:\/\/nsk.hr\/wp-content\/uploads\/2025\/09\/NSK-exhibition_Fischer-von-Erlach_Zrinjevac_NSKWeb-1-768x510.jpg 768w, https:\/\/nsk.hr\/wp-content\/uploads\/2025\/09\/NSK-exhibition_Fischer-von-Erlach_Zrinjevac_NSKWeb-1-1536x1020.jpg 1536w, https:\/\/nsk.hr\/wp-content\/uploads\/2025\/09\/NSK-exhibition_Fischer-von-Erlach_Zrinjevac_NSKWeb-1-2048x1360.jpg 2048w, https:\/\/nsk.hr\/wp-content\/uploads\/2025\/09\/NSK-exhibition_Fischer-von-Erlach_Zrinjevac_NSKWeb-1-1626x1080.jpg 1626w, https:\/\/nsk.hr\/wp-content\/uploads\/2025\/09\/NSK-exhibition_Fischer-von-Erlach_Zrinjevac_NSKWeb-1-scaled.jpg 1920w\" data-sizes=\"(max-width: 1024px) 100vw, 1024px\" src=\"data:image\/svg+xml;base64,PHN2ZyB3aWR0aD0iMSIgaGVpZ2h0PSIxIiB4bWxucz0iaHR0cDovL3d3dy53My5vcmcvMjAwMC9zdmciPjwvc3ZnPg==\" style=\"--smush-placeholder-width: 1024px; --smush-placeholder-aspect-ratio: 1024\/680;\" \/><\/figure>\n<\/figure>\n\n\n\n<p>For all details regarding possibilities for cooperation as part of <a href=\"https:\/\/nsk.hr\/en\/tag\/exhibition\/\">our exhibition programme<\/a> as well as in case of your being interested in NSK as a venue for your exhibition, please email us at <a href=\"mailto:marketing@nsk.hr\">marketing@nsk.hr<\/a> or contact us by telephone on +385 1 6164 019.<\/p>\n\n\n\n<h2 class=\"wp-block-heading\"><strong>Exhibition loans<\/strong><\/h2>\n\n\n\n<p>The Library\u2019s unique collection, currently comprising nearly <a href=\"https:\/\/nsk.hr\/en\/nsk-holdings\/\">3,7 million items<\/a>, is an invaluable resource when it comes to organising exhibitions, contextualising and enriching any theme.<\/p>\n\n\n\n<p>If you are interested in borrowing items from our collections to display them as part of your exhibition please email us at <a href=\"mailto:marketing@nsk.hr\">marketing@nsk.hr<\/a> or contact us by telephone on +385 1 6164 019.<\/p>\n\n\n\n<h2 class=\"wp-block-heading\"><strong>Cooperation on publishing projects<\/strong><\/h2>\n\n\n\n<p>Aimed at the preservation and promotion of Croatia\u2019s cultural heritage and its scientific legacy, <a href=\"https:\/\/nsk.hr\/en\/tag\/nsk-titles\/\">NSK\u2019s publishing activities<\/a> often involve collaborations and partnerships with other heritage institutions and organisations, as well as with artists, heritage experts, researchers and related individuals.<\/p>\n\n\n\n<figure class=\"wp-block-image size-full\"><a href=\"https:\/\/nsk.hr\/en\/news\/incunabula-croatica-nsk-presents-its-monograph-spotlighting-croatias-earliest-printed-books\/\"><img decoding=\"async\" width=\"876\" height=\"558\" data-src=\"https:\/\/nsk.hr\/wp-content\/uploads\/2025\/09\/Incunabula-Croatica_presentation_featured-NSK.png\" alt=\"The invitation for the presentation of \u201cIncunabula Croatica\u201d.\" class=\"wp-image-97672 lazyload\" data-srcset=\"https:\/\/nsk.hr\/wp-content\/uploads\/2025\/09\/Incunabula-Croatica_presentation_featured-NSK.png 876w, https:\/\/nsk.hr\/wp-content\/uploads\/2025\/09\/Incunabula-Croatica_presentation_featured-NSK-300x191.png 300w, https:\/\/nsk.hr\/wp-content\/uploads\/2025\/09\/Incunabula-Croatica_presentation_featured-NSK-768x489.png 768w\" data-sizes=\"(max-width: 876px) 100vw, 876px\" src=\"data:image\/svg+xml;base64,PHN2ZyB3aWR0aD0iMSIgaGVpZ2h0PSIxIiB4bWxucz0iaHR0cDovL3d3dy53My5vcmcvMjAwMC9zdmciPjwvc3ZnPg==\" style=\"--smush-placeholder-width: 876px; --smush-placeholder-aspect-ratio: 876\/558;\" \/><\/a><\/figure>\n\n\n\n<p>For any questions you might have regarding this form of cooperation with the Library, please email us at <a href=\"mailto:marketing@nsk.hr\">marketing@nsk.hr<\/a> or contact us by telephone on +385 1 6164 136 and +385 1 6164 028.<\/p>\n\n\n\n<section class=\"nsk-section nsk-button position-relative my-6\" >\n\t<div class=\"container\">\n\t\t<div class=\"row\">\n\t\t\t<div class=\"col-12\">\n\t\t\t\t<div class=\"nsk-button__button\">\n\t\t\t\t\t\t\t\t\t\t\t<div class=\"nsk-button__link-wrap text-center text-lg-left\">\n\t\t\t\t\t\t\t\n<a   href=\"https:\/\/nsk.hr\/en\/nsk-publications\/\" class=\"btn btn-primary align-items-center text-image-block__button btn-lg  align-items-center justify-content-center\"   >\n\t\t\t\t\t<span class=\"text\">Find NSK publications for you<\/span>\n\t<\/a>\n\t\t\t\t\t\t<\/div>\n\t\t\t\t\t\t\t\t\t<\/div>\n\t\t\t<\/div>\n\t\t<\/div>\n\t<\/div>\n<\/section>\n\n\n\n<h2 class=\"wp-block-heading\"><strong>Filming and photographing on the Library\u2019s premises<\/strong><\/h2>\n\n\n\n<p>NSK may allow onsite filming and photographing on its premises for scientific and educational purposes as well as as part of programmes and initiatives aimed at the promotion of culture and serving the public interest.<\/p>\n\n\n\n<p>The filming and photographing of the Library\u2019s holdings is subject to the regulations governing the protection of copyright and related rights, personal data, library resources and cultural goods and is charged according to <a href=\"https:\/\/nsk.hr\/wp-content\/uploads\/2025\/01\/NSK-Fees-and-Charges-2025.pdf\">NSK Fees and Charges<\/a>.<\/p>\n\n\n\n<p>For all details regarding the organisation of filming and photographing on NSK\u2019s premises please email us at <a href=\"mailto:marketing@nsk.hr\">marketing@nsk.hr<\/a> or contact us by telephone on +385 1 6164 136 and +385 1 6164 019.<\/p>\n\n\n\n<h2 class=\"wp-block-heading\"><strong>Press and media<\/strong><\/h2>\n\n\n\n<p>In promoting Croatia\u2019s cultural heritage, its scientific legacy and current research output, NSK takes great care of its effective cooperation with the press and media as one of valuable tools for increasing its visibility as a reliable information source when it comes to Croatian history and its current culture- and heritage-related national developments.<\/p>\n\n\n\n<figure class=\"wp-block-image size-large\"><img decoding=\"async\" width=\"1024\" height=\"683\" data-src=\"https:\/\/nsk.hr\/wp-content\/uploads\/2025\/09\/NSK_Press-and-media-1024x683.jpg\" alt=\"\" class=\"wp-image-97855 lazyload\" data-srcset=\"https:\/\/nsk.hr\/wp-content\/uploads\/2025\/09\/NSK_Press-and-media-1024x683.jpg 1024w, https:\/\/nsk.hr\/wp-content\/uploads\/2025\/09\/NSK_Press-and-media-300x200.jpg 300w, https:\/\/nsk.hr\/wp-content\/uploads\/2025\/09\/NSK_Press-and-media-768x512.jpg 768w, https:\/\/nsk.hr\/wp-content\/uploads\/2025\/09\/NSK_Press-and-media.jpg 1536w\" data-sizes=\"(max-width: 1024px) 100vw, 1024px\" src=\"data:image\/svg+xml;base64,PHN2ZyB3aWR0aD0iMSIgaGVpZ2h0PSIxIiB4bWxucz0iaHR0cDovL3d3dy53My5vcmcvMjAwMC9zdmciPjwvc3ZnPg==\" style=\"--smush-placeholder-width: 1024px; --smush-placeholder-aspect-ratio: 1024\/683;\" \/><\/figure>\n\n\n\n<p>Also, the Library regularly notifies both the general public and target audiences about its exhibitions, book launches, presentations of various projects as well as about its conferences and other programmes and events through announcements on its website and its profiles and pages on social networks.<\/p>\n\n\n\n<h2 class=\"wp-block-heading\"><strong>Contact<\/strong><\/h2>\n\n\n\n<h3 class=\"wp-block-heading\"><strong>Media enquiries<\/strong><\/h3>\n\n\n\n<p><a href=\"mailto:osj@nsk.hr\" target=\"_blank\" rel=\"noreferrer noopener\">osj@nsk.hr<\/a><\/p>\n\n\n\n<p>+385 1 6164 136<\/p>\n\n\n\n<p>+385 1 6164 019&nbsp;&nbsp;<\/p>\n\n\n\n<h3 class=\"wp-block-heading\"><strong>Exhibitions, exhibition loans, publishing projects, filming and photographing<\/strong><\/h3>\n\n\n\n<p><a href=\"mailto:marketing@nsk.hr\" target=\"_blank\" rel=\"noreferrer noopener\">marketing@nsk.hr<\/a><\/p>\n\n\n\n<p>+385 1 6164 136<\/p>\n\n\n\n<p>+385 1 6164 019<\/p>\n\n\n\n<h3 class=\"wp-block-heading\"><strong>International cooperation<\/strong><\/h3>\n\n\n\n<p>Jagoda Ille, Library Adviser for International Cooperation<\/p>\n\n\n\n<p><a href=\"mailto:jille@nsk.hr\" target=\"_blank\" rel=\"noreferrer noopener\">jille@nsk.hr<\/a>&nbsp;<\/p>\n\n\n\n<p>+385 1 6164 335&nbsp;<\/p>\n\n\n\n<p>+385 99 303 9273<\/p>\n\n\n\n<section class=\"block-section quick-links-block quick-links-block--has-2-col\">\n\n    <h2 class=\"quick-links-block__title\">Quick links<\/h2>\n\n    <ul class=\"quick-links-block__list list-unstyled\">\n                                <li class=\"quick-links-block__item\">\n                <a href=\"https:\/\/nsk.hr\/en\/events\/\" class=\"quick-links-block__link\">\n                    <span class=\"text\">\n                        Events                    <\/span>\n                    <svg xmlns=\"http:\/\/www.w3.org\/2000\/svg\" width=\"28\" height=\"28\" viewBox=\"0 0 28 28\" fill=\"none\">\n                        <path d=\"M19.8864 7L18.7095 8.17654L23.7027 13.1681H2V14.8321H23.7026L18.7095 19.8235L19.8864 21L26.8889 14L19.8864 7Z\" fill=\"#231F20\"><\/path>\n                    <\/svg>\n                <\/a>\n            <\/li>\n                                <li class=\"quick-links-block__item\">\n                <a href=\"https:\/\/nsk.hr\/en\/news\/\" class=\"quick-links-block__link\">\n                    <span class=\"text\">\n                        News                    <\/span>\n                    <svg xmlns=\"http:\/\/www.w3.org\/2000\/svg\" width=\"28\" height=\"28\" viewBox=\"0 0 28 28\" fill=\"none\">\n                        <path d=\"M19.8864 7L18.7095 8.17654L23.7027 13.1681H2V14.8321H23.7026L18.7095 19.8235L19.8864 21L26.8889 14L19.8864 7Z\" fill=\"#231F20\"><\/path>\n                    <\/svg>\n                <\/a>\n            <\/li>\n                                <li class=\"quick-links-block__item\">\n                <a href=\"https:\/\/nsk.hr\/blog\/\" class=\"quick-links-block__link\">\n                    <span class=\"text\">\n                        Blog                    <\/span>\n                    <svg xmlns=\"http:\/\/www.w3.org\/2000\/svg\" width=\"28\" height=\"28\" viewBox=\"0 0 28 28\" fill=\"none\">\n                        <path d=\"M19.8864 7L18.7095 8.17654L23.7027 13.1681H2V14.8321H23.7026L18.7095 19.8235L19.8864 21L26.8889 14L19.8864 7Z\" fill=\"#231F20\"><\/path>\n                    <\/svg>\n                <\/a>\n            <\/li>\n                                <li class=\"quick-links-block__item\">\n                <a href=\"https:\/\/nsk.hr\/en\/nsk-holdings\/\" class=\"quick-links-block__link\">\n                    <span class=\"text\">\n                        Holdings                    <\/span>\n                    <svg xmlns=\"http:\/\/www.w3.org\/2000\/svg\" width=\"28\" height=\"28\" viewBox=\"0 0 28 28\" fill=\"none\">\n                        <path d=\"M19.8864 7L18.7095 8.17654L23.7027 13.1681H2V14.8321H23.7026L18.7095 19.8235L19.8864 21L26.8889 14L19.8864 7Z\" fill=\"#231F20\"><\/path>\n                    <\/svg>\n                <\/a>\n            <\/li>\n                                <li class=\"quick-links-block__item\">\n                <a href=\"https:\/\/nsk.hr\/en\/nsk-collections\/\" class=\"quick-links-block__link\">\n                    <span class=\"text\">\n                        Collections                    <\/span>\n                    <svg xmlns=\"http:\/\/www.w3.org\/2000\/svg\" width=\"28\" height=\"28\" viewBox=\"0 0 28 28\" fill=\"none\">\n                        <path d=\"M19.8864 7L18.7095 8.17654L23.7027 13.1681H2V14.8321H23.7026L18.7095 19.8235L19.8864 21L26.8889 14L19.8864 7Z\" fill=\"#231F20\"><\/path>\n                    <\/svg>\n                <\/a>\n            <\/li>\n                                <li class=\"quick-links-block__item\">\n                <a href=\"https:\/\/nsk.hr\/en\/nsk-holdings\/nsk-digital-collections\/\" class=\"quick-links-block__link\">\n                    <span class=\"text\">\n                        Digital collections                    <\/span>\n                    <svg xmlns=\"http:\/\/www.w3.org\/2000\/svg\" width=\"28\" height=\"28\" viewBox=\"0 0 28 28\" fill=\"none\">\n                        <path d=\"M19.8864 7L18.7095 8.17654L23.7027 13.1681H2V14.8321H23.7026L18.7095 19.8235L19.8864 21L26.8889 14L19.8864 7Z\" fill=\"#231F20\"><\/path>\n                    <\/svg>\n                <\/a>\n            <\/li>\n                                <li class=\"quick-links-block__item\">\n                <a href=\"https:\/\/nsk.hr\/en\/digitisation-requests\/\" class=\"quick-links-block__link\">\n                    <span class=\"text\">\n                        Digitisation requests                    <\/span>\n                    <svg xmlns=\"http:\/\/www.w3.org\/2000\/svg\" width=\"28\" height=\"28\" viewBox=\"0 0 28 28\" fill=\"none\">\n                        <path d=\"M19.8864 7L18.7095 8.17654L23.7027 13.1681H2V14.8321H23.7026L18.7095 19.8235L19.8864 21L26.8889 14L19.8864 7Z\" fill=\"#231F20\"><\/path>\n                    <\/svg>\n                <\/a>\n            <\/li>\n                                <li class=\"quick-links-block__item\">\n                <a href=\"https:\/\/nsk.hr\/en\/what-we-do\/\" class=\"quick-links-block__link\">\n                    <span class=\"text\">\n                        What we do                    <\/span>\n                    <svg xmlns=\"http:\/\/www.w3.org\/2000\/svg\" width=\"28\" height=\"28\" viewBox=\"0 0 28 28\" fill=\"none\">\n                        <path d=\"M19.8864 7L18.7095 8.17654L23.7027 13.1681H2V14.8321H23.7026L18.7095 19.8235L19.8864 21L26.8889 14L19.8864 7Z\" fill=\"#231F20\"><\/path>\n                    <\/svg>\n                <\/a>\n            <\/li>\n                                <li class=\"quick-links-block__item\">\n                <a href=\"https:\/\/nsk.hr\/en\/nsk-organisational-structure\/\" class=\"quick-links-block__link\">\n                    <span class=\"text\">\n                        Organisational structure                    <\/span>\n                    <svg xmlns=\"http:\/\/www.w3.org\/2000\/svg\" width=\"28\" height=\"28\" viewBox=\"0 0 28 28\" fill=\"none\">\n                        <path d=\"M19.8864 7L18.7095 8.17654L23.7027 13.1681H2V14.8321H23.7026L18.7095 19.8235L19.8864 21L26.8889 14L19.8864 7Z\" fill=\"#231F20\"><\/path>\n                    <\/svg>\n                <\/a>\n            <\/li>\n                                <li class=\"quick-links-block__item\">\n                <a href=\"https:\/\/nsk.hr\/en\/nsk-history\/\" class=\"quick-links-block__link\">\n                    <span class=\"text\">\n                        History                    <\/span>\n                    <svg xmlns=\"http:\/\/www.w3.org\/2000\/svg\" width=\"28\" height=\"28\" viewBox=\"0 0 28 28\" fill=\"none\">\n                        <path d=\"M19.8864 7L18.7095 8.17654L23.7027 13.1681H2V14.8321H23.7026L18.7095 19.8235L19.8864 21L26.8889 14L19.8864 7Z\" fill=\"#231F20\"><\/path>\n                    <\/svg>\n                <\/a>\n            <\/li>\n            <\/ul>\n<\/section>","protected":false},"excerpt":{"rendered":"<p>In organising and conducting its activities, the National and University Library in Zagreb (NSK) successfully cooperates with professionals in a wide variety of fields&#8230;<\/p>\n","protected":false},"author":11,"featured_media":83367,"parent":0,"menu_order":0,"comment_status":"closed","ping_status":"closed","template":"","meta":{"_acf_changed":false,"ngg_post_thumbnail":0,"footnotes":""},"class_list":["post-97846","page","type-page","status-publish","has-post-thumbnail","hentry"],"acf":[],"yoast_head":"<!-- This site is optimized with the Yoast SEO plugin v25.4 - https:\/\/yoast.com\/wordpress\/plugins\/seo\/ -->\n<title>For partners - Nacionalna i sveu\u010dili\u0161na knji\u017enica u Zagrebu<\/title>\n<meta name=\"description\" content=\"In organising and conducting its activities, the National and University Library in Zagreb (NSK) successfully cooperates with a wide variety of institutions and professionals.\" \/>\n<meta name=\"robots\" content=\"index, follow, max-snippet:-1, max-image-preview:large, max-video-preview:-1\" \/>\n<link rel=\"canonical\" href=\"https:\/\/nsk.hr\/en\/for-partners\/\" \/>\n<meta property=\"og:locale\" content=\"en_US\" \/>\n<meta property=\"og:type\" content=\"article\" \/>\n<meta property=\"og:title\" content=\"For partners - Nacionalna i sveu\u010dili\u0161na knji\u017enica u Zagrebu\" \/>\n<meta property=\"og:description\" content=\"In organising and conducting its activities, the National and University Library in Zagreb (NSK) successfully cooperates with a wide variety of institutions and professionals.\" \/>\n<meta property=\"og:url\" content=\"https:\/\/nsk.hr\/en\/for-partners\/\" \/>\n<meta property=\"og:site_name\" content=\"Nacionalna i sveu\u010dili\u0161na knji\u017enica u Zagrebu\" \/>\n<meta property=\"article:modified_time\" content=\"2025-10-02T07:23:32+00:00\" \/>\n<meta property=\"og:image\" content=\"https:\/\/nsk.hr\/wp-content\/uploads\/2023\/10\/press-1-scaled.jpg\" \/>\n\t<meta property=\"og:image:width\" content=\"1920\" \/>\n\t<meta property=\"og:image:height\" content=\"1280\" \/>\n\t<meta property=\"og:image:type\" content=\"image\/jpeg\" \/>\n<meta name=\"twitter:card\" content=\"summary_large_image\" \/>\n<meta name=\"twitter:label1\" content=\"Est. reading time\" \/>\n\t<meta name=\"twitter:data1\" content=\"4 minutes\" \/>\n<script type=\"application\/ld+json\" class=\"yoast-schema-graph\">{\"@context\":\"https:\/\/schema.org\",\"@graph\":[{\"@type\":\"WebPage\",\"@id\":\"https:\/\/nsk.hr\/en\/for-partners\/\",\"url\":\"https:\/\/nsk.hr\/en\/for-partners\/\",\"name\":\"For partners - Nacionalna i sveu\u010dili\u0161na knji\u017enica u Zagrebu\",\"isPartOf\":{\"@id\":\"https:\/\/nsk.hr\/en\/#website\"},\"primaryImageOfPage\":{\"@id\":\"https:\/\/nsk.hr\/en\/for-partners\/#primaryimage\"},\"image\":{\"@id\":\"https:\/\/nsk.hr\/en\/for-partners\/#primaryimage\"},\"thumbnailUrl\":\"https:\/\/nsk.hr\/wp-content\/uploads\/2023\/10\/press-1-scaled.jpg\",\"datePublished\":\"2023-10-20T07:37:27+00:00\",\"dateModified\":\"2025-10-02T07:23:32+00:00\",\"description\":\"In organising and conducting its activities, the National and University Library in Zagreb (NSK) successfully cooperates with a wide variety of institutions and professionals.\",\"breadcrumb\":{\"@id\":\"https:\/\/nsk.hr\/en\/for-partners\/#breadcrumb\"},\"inLanguage\":\"en-US\",\"potentialAction\":[{\"@type\":\"ReadAction\",\"target\":[\"https:\/\/nsk.hr\/en\/for-partners\/\"]}]},{\"@type\":\"ImageObject\",\"inLanguage\":\"en-US\",\"@id\":\"https:\/\/nsk.hr\/en\/for-partners\/#primaryimage\",\"url\":\"https:\/\/nsk.hr\/wp-content\/uploads\/2023\/10\/press-1-scaled.jpg\",\"contentUrl\":\"https:\/\/nsk.hr\/wp-content\/uploads\/2023\/10\/press-1-scaled.jpg\",\"width\":1920,\"height\":1280,\"caption\":\"Djelatnica knji\u017enice daje izjavu medijima\"},{\"@type\":\"BreadcrumbList\",\"@id\":\"https:\/\/nsk.hr\/en\/for-partners\/#breadcrumb\",\"itemListElement\":[{\"@type\":\"ListItem\",\"position\":1,\"name\":\"Homepage\",\"item\":\"https:\/\/nsk.hr\/en\/\"},{\"@type\":\"ListItem\",\"position\":2,\"name\":\"For partners\"}]},{\"@type\":\"WebSite\",\"@id\":\"https:\/\/nsk.hr\/en\/#website\",\"url\":\"https:\/\/nsk.hr\/en\/\",\"name\":\"Nacionalna i sveu\u010dili\u0161na knji\u017enica u Zagrebu\",\"description\":\"\",\"potentialAction\":[{\"@type\":\"SearchAction\",\"target\":{\"@type\":\"EntryPoint\",\"urlTemplate\":\"https:\/\/nsk.hr\/en\/?s={search_term_string}\"},\"query-input\":{\"@type\":\"PropertyValueSpecification\",\"valueRequired\":true,\"valueName\":\"search_term_string\"}}],\"inLanguage\":\"en-US\"}]}<\/script>\n<!-- \/ Yoast SEO plugin. -->","yoast_head_json":{"title":"For partners - Nacionalna i sveu\u010dili\u0161na knji\u017enica u Zagrebu","description":"In organising and conducting its activities, the National and University Library in Zagreb (NSK) successfully cooperates with a wide variety of institutions and professionals.","robots":{"index":"index","follow":"follow","max-snippet":"max-snippet:-1","max-image-preview":"max-image-preview:large","max-video-preview":"max-video-preview:-1"},"canonical":"https:\/\/nsk.hr\/en\/for-partners\/","og_locale":"en_US","og_type":"article","og_title":"For partners - Nacionalna i sveu\u010dili\u0161na knji\u017enica u Zagrebu","og_description":"In organising and conducting its activities, the National and University Library in Zagreb (NSK) successfully cooperates with a wide variety of institutions and professionals.","og_url":"https:\/\/nsk.hr\/en\/for-partners\/","og_site_name":"Nacionalna i sveu\u010dili\u0161na knji\u017enica u Zagrebu","article_modified_time":"2025-10-02T07:23:32+00:00","og_image":[{"width":1920,"height":1280,"url":"https:\/\/nsk.hr\/wp-content\/uploads\/2023\/10\/press-1-scaled.jpg","type":"image\/jpeg"}],"twitter_card":"summary_large_image","twitter_misc":{"Est. reading time":"4 minutes"},"schema":{"@context":"https:\/\/schema.org","@graph":[{"@type":"WebPage","@id":"https:\/\/nsk.hr\/en\/for-partners\/","url":"https:\/\/nsk.hr\/en\/for-partners\/","name":"For partners - Nacionalna i sveu\u010dili\u0161na knji\u017enica u Zagrebu","isPartOf":{"@id":"https:\/\/nsk.hr\/en\/#website"},"primaryImageOfPage":{"@id":"https:\/\/nsk.hr\/en\/for-partners\/#primaryimage"},"image":{"@id":"https:\/\/nsk.hr\/en\/for-partners\/#primaryimage"},"thumbnailUrl":"https:\/\/nsk.hr\/wp-content\/uploads\/2023\/10\/press-1-scaled.jpg","datePublished":"2023-10-20T07:37:27+00:00","dateModified":"2025-10-02T07:23:32+00:00","description":"In organising and conducting its activities, the National and University Library in Zagreb (NSK) successfully cooperates with a wide variety of institutions and professionals.","breadcrumb":{"@id":"https:\/\/nsk.hr\/en\/for-partners\/#breadcrumb"},"inLanguage":"en-US","potentialAction":[{"@type":"ReadAction","target":["https:\/\/nsk.hr\/en\/for-partners\/"]}]},{"@type":"ImageObject","inLanguage":"en-US","@id":"https:\/\/nsk.hr\/en\/for-partners\/#primaryimage","url":"https:\/\/nsk.hr\/wp-content\/uploads\/2023\/10\/press-1-scaled.jpg","contentUrl":"https:\/\/nsk.hr\/wp-content\/uploads\/2023\/10\/press-1-scaled.jpg","width":1920,"height":1280,"caption":"Djelatnica knji\u017enice daje izjavu medijima"},{"@type":"BreadcrumbList","@id":"https:\/\/nsk.hr\/en\/for-partners\/#breadcrumb","itemListElement":[{"@type":"ListItem","position":1,"name":"Homepage","item":"https:\/\/nsk.hr\/en\/"},{"@type":"ListItem","position":2,"name":"For partners"}]},{"@type":"WebSite","@id":"https:\/\/nsk.hr\/en\/#website","url":"https:\/\/nsk.hr\/en\/","name":"Nacionalna i sveu\u010dili\u0161na knji\u017enica u Zagrebu","description":"","potentialAction":[{"@type":"SearchAction","target":{"@type":"EntryPoint","urlTemplate":"https:\/\/nsk.hr\/en\/?s={search_term_string}"},"query-input":{"@type":"PropertyValueSpecification","valueRequired":true,"valueName":"search_term_string"}}],"inLanguage":"en-US"}]}},"_links":{"self":[{"href":"https:\/\/nsk.hr\/en\/wp-json\/wp\/v2\/pages\/97846","targetHints":{"allow":["GET"]}}],"collection":[{"href":"https:\/\/nsk.hr\/en\/wp-json\/wp\/v2\/pages"}],"about":[{"href":"https:\/\/nsk.hr\/en\/wp-json\/wp\/v2\/types\/page"}],"author":[{"embeddable":true,"href":"https:\/\/nsk.hr\/en\/wp-json\/wp\/v2\/users\/11"}],"replies":[{"embeddable":true,"href":"https:\/\/nsk.hr\/en\/wp-json\/wp\/v2\/comments?post=97846"}],"version-history":[{"count":5,"href":"https:\/\/nsk.hr\/en\/wp-json\/wp\/v2\/pages\/97846\/revisions"}],"predecessor-version":[{"id":97909,"href":"https:\/\/nsk.hr\/en\/wp-json\/wp\/v2\/pages\/97846\/revisions\/97909"}],"wp:featuredmedia":[{"embeddable":true,"href":"https:\/\/nsk.hr\/en\/wp-json\/wp\/v2\/media\/83367"}],"wp:attachment":[{"href":"https:\/\/nsk.hr\/en\/wp-json\/wp\/v2\/media?parent=97846"}],"curies":[{"name":"wp","href":"https:\/\/api.w.org\/{rel}","templated":true}]}}