{"id":97764,"date":"2023-10-20T13:53:28","date_gmt":"2023-10-20T11:53:28","guid":{"rendered":"https:\/\/nsk.hr\/?page_id=97764"},"modified":"2025-09-22T16:18:00","modified_gmt":"2025-09-22T14:18:00","slug":"for-visitors","status":"publish","type":"page","link":"https:\/\/nsk.hr\/en\/for-visitors\/","title":{"rendered":"For visitors"},"content":{"rendered":"\n<p class=\"is-style-lead\">In addition to a rich programme of <a href=\"https:\/\/nsk.hr\/en\/tag\/nsk-events\/\">events<\/a> spotlighting Croatia\u2019s cultural heritage, the National and University Library in Zagreb (NSK) offers visitors and the general public <a href=\"https:\/\/nsk.hr\/en\/guided-tours\/\">guided tours<\/a> of its spaces and <a href=\"https:\/\/nsk.hr\/en\/nsk-holdings\/\">collection<\/a>. Come and visit Croatia\u2019s largest library!<\/p>\n\n\n\n<p>Apart from taking you through one of <a href=\"https:\/\/www.infozagreb.hr\/en\/\">Zagreb<\/a>\u2019s most recognisable buildings, whose impressive spaces total 44,432 sq metres, our guided tours uncover many interesting stories from <a href=\"https:\/\/nsk.hr\/en\/nsk-history\/\">more than 400 years of the Library\u2019s history<\/a>.<\/p>\n\n\n\n<p>Also, they bring closer to our visitors the Library\u2019s rich <a href=\"https:\/\/nsk.hr\/en\/nsk-holdings\/\">holdings<\/a> and <a href=\"https:\/\/nsk.hr\/en\/nsk-collections\/\">collections<\/a>, in which the Library preserves the invaluable treasures of Croatian and the world\u2019s cultural heritage and scientific legacy.<\/p>\n\n\n\n<p>To book a tour and for all other details regarding visits to the Library and guided tours, please email the NSK Information Centre at&nbsp;<a href=\"mailto:informacijski.centar@nsk.hr\">informacijski.centar@nsk.hr<\/a>&nbsp;or contact it by telephone on +385 1 6164 002 and +385 1 6164 040.<\/p>\n\n\n\n<h2 class=\"wp-block-heading\"><strong>NSK Doors Open Days<\/strong><\/h2>\n\n\n\n<p>Every year, as part of the celebration of the <a href=\"https:\/\/nsk.hr\/en\/tag\/nsk-day\/\">National and University Library in Zagreb Day (NSK Day)<\/a> \u2013 marking the anniversary of the publication of <a href=\"https:\/\/digitalna.nsk.hr\/?pr=i&amp;id=13837\">the first printed book in the Croatian language<\/a> \u2013 &nbsp;the Library organises its <a href=\"https:\/\/nsk.hr\/en\/tag\/nsk-doors-open-days\/\">doors open days programme<\/a>.<\/p>\n\n\n\n<h2 class=\"wp-block-heading\"><\/h2>\n\n\n\n<figure class=\"wp-block-gallery has-nested-images columns-default is-cropped wp-block-gallery-2 is-layout-flex wp-block-gallery-is-layout-flex\">\n<figure class=\"wp-block-image size-large\"><img decoding=\"async\" width=\"1024\" height=\"768\" data-id=\"88873\" data-src=\"https:\/\/nsk.hr\/wp-content\/uploads\/2024\/02\/NSK-Doors-Open-Days-2024_Maja-Mlinarevic-7-1024x768.jpg\" alt=\"Visitors at the 2024 NSK Doors Open Days programme.\" class=\"wp-image-88873 lazyload\" data-srcset=\"https:\/\/nsk.hr\/wp-content\/uploads\/2024\/02\/NSK-Doors-Open-Days-2024_Maja-Mlinarevic-7-1024x768.jpg 1024w, https:\/\/nsk.hr\/wp-content\/uploads\/2024\/02\/NSK-Doors-Open-Days-2024_Maja-Mlinarevic-7-300x225.jpg 300w, https:\/\/nsk.hr\/wp-content\/uploads\/2024\/02\/NSK-Doors-Open-Days-2024_Maja-Mlinarevic-7-768x576.jpg 768w, https:\/\/nsk.hr\/wp-content\/uploads\/2024\/02\/NSK-Doors-Open-Days-2024_Maja-Mlinarevic-7-1536x1152.jpg 1536w, https:\/\/nsk.hr\/wp-content\/uploads\/2024\/02\/NSK-Doors-Open-Days-2024_Maja-Mlinarevic-7-2048x1536.jpg 2048w, https:\/\/nsk.hr\/wp-content\/uploads\/2024\/02\/NSK-Doors-Open-Days-2024_Maja-Mlinarevic-7-1440x1080.jpg 1440w, https:\/\/nsk.hr\/wp-content\/uploads\/2024\/02\/NSK-Doors-Open-Days-2024_Maja-Mlinarevic-7-scaled.jpg 1920w\" data-sizes=\"(max-width: 1024px) 100vw, 1024px\" src=\"data:image\/svg+xml;base64,PHN2ZyB3aWR0aD0iMSIgaGVpZ2h0PSIxIiB4bWxucz0iaHR0cDovL3d3dy53My5vcmcvMjAwMC9zdmciPjwvc3ZnPg==\" style=\"--smush-placeholder-width: 1024px; --smush-placeholder-aspect-ratio: 1024\/768;\" \/><\/figure>\n<figcaption class=\"blocks-gallery-caption wp-element-caption\">Visitors of all ages at the 2024 NSK Doors Open Days programme.<\/figcaption><\/figure>\n\n\n\n<p>For all information about this programme, which apart from guided tours includes various events and workshops, please follow <a href=\"https:\/\/nsk.hr\/en\/\">the announcements on the Library\u2019s website<\/a> and its profiles and pages on social media platforms.<\/p>\n\n\n\n<h2 class=\"wp-block-heading\"><strong>NSK events<\/strong><\/h2>\n\n\n\n<p>NSK organises and hosts a wide variety of <a href=\"https:\/\/nsk.hr\/en\/tag\/nsk-events\/\">events<\/a> throughout the year, ranging from <a href=\"https:\/\/nsk.hr\/en\/tag\/exhibition\/\">exhibitions and literary meet-ups<\/a> to <a href=\"https:\/\/nsk.hr\/en\/tag\/conference\/\">conferences and symposia<\/a>.<\/p>\n\n\n\n<h2 class=\"wp-block-heading\"><\/h2>\n\n\n\n<figure class=\"wp-block-gallery has-nested-images columns-default is-cropped wp-block-gallery-3 is-layout-flex wp-block-gallery-is-layout-flex\">\n<figure class=\"wp-block-image size-large\"><img decoding=\"async\" width=\"1024\" height=\"683\" data-id=\"96092\" data-src=\"https:\/\/nsk.hr\/wp-content\/uploads\/2025\/04\/ZOOBookathon-0-1024x683.jpg\" alt=\"Participants in 'ZOOBookathon', the 2025 NSK escape room event.\" class=\"wp-image-96092 lazyload\" data-srcset=\"https:\/\/nsk.hr\/wp-content\/uploads\/2025\/04\/ZOOBookathon-0-1024x683.jpg 1024w, https:\/\/nsk.hr\/wp-content\/uploads\/2025\/04\/ZOOBookathon-0-300x200.jpg 300w, https:\/\/nsk.hr\/wp-content\/uploads\/2025\/04\/ZOOBookathon-0-768x512.jpg 768w, https:\/\/nsk.hr\/wp-content\/uploads\/2025\/04\/ZOOBookathon-0-1536x1024.jpg 1536w, https:\/\/nsk.hr\/wp-content\/uploads\/2025\/04\/ZOOBookathon-0-2048x1365.jpg 2048w, https:\/\/nsk.hr\/wp-content\/uploads\/2025\/04\/ZOOBookathon-0-1620x1080.jpg 1620w, https:\/\/nsk.hr\/wp-content\/uploads\/2025\/04\/ZOOBookathon-0-scaled.jpg 1920w\" data-sizes=\"(max-width: 1024px) 100vw, 1024px\" src=\"data:image\/svg+xml;base64,PHN2ZyB3aWR0aD0iMSIgaGVpZ2h0PSIxIiB4bWxucz0iaHR0cDovL3d3dy53My5vcmcvMjAwMC9zdmciPjwvc3ZnPg==\" style=\"--smush-placeholder-width: 1024px; --smush-placeholder-aspect-ratio: 1024\/683;\" \/><\/figure>\n<figcaption class=\"blocks-gallery-caption wp-element-caption\">Participants in the 2025 NSK escape room event.<\/figcaption><\/figure>\n\n\n\n<p>A large part of our events are open to the public and free to enter.<\/p>\n\n\n\n<h2 class=\"wp-block-heading\"><strong>NSK online exhibitions<\/strong><\/h2>\n\n\n\n<p>Along with presenting its collections through physical exhibitions, NSK brings its treasures closer to as wide as audience as possible through its <a href=\"https:\/\/nsk.hr\/en\/online-exhibitions\/\">online exhibitions<\/a>.<\/p>\n\n\n\n<p>Easily accessible at any time and from any place, NSK\u2019s digital stories on Croatia\u2019s heritage, the identity of its people, its scientific legacy, literature and language, notable historical figures, architectural and natural heritage are available on the <a href=\"https:\/\/virtualna.nsk.hr\/\">NSK Online exhibitions<\/a> website.<\/p>\n\n\n<section  class=\"block-section richText alignment-left\">\n\t<div class=\"container\">\n\t\t<div class=\"acf-innerblocks-container\">\n\n<section class=\"block-section quick-links-block quick-links-block--has-1-col\">\n\n    <h2 class=\"quick-links-block__title\">Quick links<\/h2>\n\n    <ul class=\"quick-links-block__list list-unstyled\">\n                                <li class=\"quick-links-block__item\">\n                <a href=\"https:\/\/nsk.hr\/en\/how-to-get-to-nsk\/\" class=\"quick-links-block__link\">\n                    <span class=\"text\">\n                        How to get to NSK                    <\/span>\n                    <svg xmlns=\"http:\/\/www.w3.org\/2000\/svg\" width=\"28\" height=\"28\" viewBox=\"0 0 28 28\" fill=\"none\">\n                        <path d=\"M19.8864 7L18.7095 8.17654L23.7027 13.1681H2V14.8321H23.7026L18.7095 19.8235L19.8864 21L26.8889 14L19.8864 7Z\" fill=\"#231F20\"><\/path>\n                    <\/svg>\n                <\/a>\n            <\/li>\n                                <li class=\"quick-links-block__item\">\n                <a href=\"https:\/\/nsk.hr\/en\/nsk-opening-hours\/\" class=\"quick-links-block__link\">\n                    <span class=\"text\">\n                        NSK opening hours                    <\/span>\n                    <svg xmlns=\"http:\/\/www.w3.org\/2000\/svg\" width=\"28\" height=\"28\" viewBox=\"0 0 28 28\" fill=\"none\">\n                        <path d=\"M19.8864 7L18.7095 8.17654L23.7027 13.1681H2V14.8321H23.7026L18.7095 19.8235L19.8864 21L26.8889 14L19.8864 7Z\" fill=\"#231F20\"><\/path>\n                    <\/svg>\n                <\/a>\n            <\/li>\n                                <li class=\"quick-links-block__item\">\n                <a href=\"https:\/\/nsk.hr\/en\/contact\/\" class=\"quick-links-block__link\">\n                    <span class=\"text\">\n                        Contact                    <\/span>\n                    <svg xmlns=\"http:\/\/www.w3.org\/2000\/svg\" width=\"28\" height=\"28\" viewBox=\"0 0 28 28\" fill=\"none\">\n                        <path d=\"M19.8864 7L18.7095 8.17654L23.7027 13.1681H2V14.8321H23.7026L18.7095 19.8235L19.8864 21L26.8889 14L19.8864 7Z\" fill=\"#231F20\"><\/path>\n                    <\/svg>\n                <\/a>\n            <\/li>\n            <\/ul>\n<\/section>\n<\/div>\n\t<\/div>\n<\/section>\n","protected":false},"excerpt":{"rendered":"<p>In addition to a rich programme of events spotlighting Croatia\u2019s cultural heritage, the National and University Library in Zagreb (NSK) offers visitors and the&#8230;<\/p>\n","protected":false},"author":11,"featured_media":83371,"parent":0,"menu_order":0,"comment_status":"closed","ping_status":"closed","template":"","meta":{"_acf_changed":false,"ngg_post_thumbnail":0,"footnotes":""},"class_list":["post-97764","page","type-page","status-publish","has-post-thumbnail","hentry"],"acf":[],"yoast_head":"<!-- This site is optimized with the Yoast SEO plugin v25.4 - https:\/\/yoast.com\/wordpress\/plugins\/seo\/ -->\n<title>For visitors - Nacionalna i sveu\u010dili\u0161na knji\u017enica u Zagrebu<\/title>\n<meta name=\"robots\" content=\"index, follow, max-snippet:-1, max-image-preview:large, max-video-preview:-1\" \/>\n<link rel=\"canonical\" href=\"https:\/\/nsk.hr\/en\/for-visitors\/\" \/>\n<meta property=\"og:locale\" content=\"en_US\" \/>\n<meta property=\"og:type\" content=\"article\" \/>\n<meta property=\"og:title\" content=\"For visitors - Nacionalna i sveu\u010dili\u0161na knji\u017enica u Zagrebu\" \/>\n<meta property=\"og:description\" content=\"In addition to a rich programme of events spotlighting Croatia\u2019s cultural heritage, the National and University Library in Zagreb (NSK) offers visitors and the...\" \/>\n<meta property=\"og:url\" content=\"https:\/\/nsk.hr\/en\/for-visitors\/\" \/>\n<meta property=\"og:site_name\" content=\"Nacionalna i sveu\u010dili\u0161na knji\u017enica u Zagrebu\" \/>\n<meta property=\"article:modified_time\" content=\"2025-09-22T14:18:00+00:00\" \/>\n<meta property=\"og:image\" content=\"https:\/\/nsk.hr\/wp-content\/uploads\/2023\/10\/2023_0308_15055800-scaled.jpg\" \/>\n\t<meta property=\"og:image:width\" content=\"1920\" \/>\n\t<meta property=\"og:image:height\" content=\"1280\" \/>\n\t<meta property=\"og:image:type\" content=\"image\/jpeg\" \/>\n<meta name=\"twitter:card\" content=\"summary_large_image\" \/>\n<meta name=\"twitter:label1\" content=\"Est. reading time\" \/>\n\t<meta name=\"twitter:data1\" content=\"3 minutes\" \/>\n<script type=\"application\/ld+json\" class=\"yoast-schema-graph\">{\"@context\":\"https:\/\/schema.org\",\"@graph\":[{\"@type\":\"WebPage\",\"@id\":\"https:\/\/nsk.hr\/en\/for-visitors\/\",\"url\":\"https:\/\/nsk.hr\/en\/for-visitors\/\",\"name\":\"For visitors - Nacionalna i sveu\u010dili\u0161na knji\u017enica u Zagrebu\",\"isPartOf\":{\"@id\":\"https:\/\/nsk.hr\/en\/#website\"},\"primaryImageOfPage\":{\"@id\":\"https:\/\/nsk.hr\/en\/for-visitors\/#primaryimage\"},\"image\":{\"@id\":\"https:\/\/nsk.hr\/en\/for-visitors\/#primaryimage\"},\"thumbnailUrl\":\"https:\/\/nsk.hr\/wp-content\/uploads\/2023\/10\/2023_0308_15055800-scaled.jpg\",\"datePublished\":\"2023-10-20T11:53:28+00:00\",\"dateModified\":\"2025-09-22T14:18:00+00:00\",\"breadcrumb\":{\"@id\":\"https:\/\/nsk.hr\/en\/for-visitors\/#breadcrumb\"},\"inLanguage\":\"en-US\",\"potentialAction\":[{\"@type\":\"ReadAction\",\"target\":[\"https:\/\/nsk.hr\/en\/for-visitors\/\"]}]},{\"@type\":\"ImageObject\",\"inLanguage\":\"en-US\",\"@id\":\"https:\/\/nsk.hr\/en\/for-visitors\/#primaryimage\",\"url\":\"https:\/\/nsk.hr\/wp-content\/uploads\/2023\/10\/2023_0308_15055800-scaled.jpg\",\"contentUrl\":\"https:\/\/nsk.hr\/wp-content\/uploads\/2023\/10\/2023_0308_15055800-scaled.jpg\",\"width\":1920,\"height\":1280,\"caption\":\"Ilustrativna fotografija doga\u0111anja u NSK\"},{\"@type\":\"BreadcrumbList\",\"@id\":\"https:\/\/nsk.hr\/en\/for-visitors\/#breadcrumb\",\"itemListElement\":[{\"@type\":\"ListItem\",\"position\":1,\"name\":\"Homepage\",\"item\":\"https:\/\/nsk.hr\/en\/\"},{\"@type\":\"ListItem\",\"position\":2,\"name\":\"For visitors\"}]},{\"@type\":\"WebSite\",\"@id\":\"https:\/\/nsk.hr\/en\/#website\",\"url\":\"https:\/\/nsk.hr\/en\/\",\"name\":\"Nacionalna i sveu\u010dili\u0161na knji\u017enica u Zagrebu\",\"description\":\"\",\"potentialAction\":[{\"@type\":\"SearchAction\",\"target\":{\"@type\":\"EntryPoint\",\"urlTemplate\":\"https:\/\/nsk.hr\/en\/?s={search_term_string}\"},\"query-input\":{\"@type\":\"PropertyValueSpecification\",\"valueRequired\":true,\"valueName\":\"search_term_string\"}}],\"inLanguage\":\"en-US\"}]}<\/script>\n<!-- \/ Yoast SEO plugin. -->","yoast_head_json":{"title":"For visitors - Nacionalna i sveu\u010dili\u0161na knji\u017enica u Zagrebu","robots":{"index":"index","follow":"follow","max-snippet":"max-snippet:-1","max-image-preview":"max-image-preview:large","max-video-preview":"max-video-preview:-1"},"canonical":"https:\/\/nsk.hr\/en\/for-visitors\/","og_locale":"en_US","og_type":"article","og_title":"For visitors - Nacionalna i sveu\u010dili\u0161na knji\u017enica u Zagrebu","og_description":"In addition to a rich programme of events spotlighting Croatia\u2019s cultural heritage, the National and University Library in Zagreb (NSK) offers visitors and the...","og_url":"https:\/\/nsk.hr\/en\/for-visitors\/","og_site_name":"Nacionalna i sveu\u010dili\u0161na knji\u017enica u Zagrebu","article_modified_time":"2025-09-22T14:18:00+00:00","og_image":[{"width":1920,"height":1280,"url":"https:\/\/nsk.hr\/wp-content\/uploads\/2023\/10\/2023_0308_15055800-scaled.jpg","type":"image\/jpeg"}],"twitter_card":"summary_large_image","twitter_misc":{"Est. reading time":"3 minutes"},"schema":{"@context":"https:\/\/schema.org","@graph":[{"@type":"WebPage","@id":"https:\/\/nsk.hr\/en\/for-visitors\/","url":"https:\/\/nsk.hr\/en\/for-visitors\/","name":"For visitors - Nacionalna i sveu\u010dili\u0161na knji\u017enica u Zagrebu","isPartOf":{"@id":"https:\/\/nsk.hr\/en\/#website"},"primaryImageOfPage":{"@id":"https:\/\/nsk.hr\/en\/for-visitors\/#primaryimage"},"image":{"@id":"https:\/\/nsk.hr\/en\/for-visitors\/#primaryimage"},"thumbnailUrl":"https:\/\/nsk.hr\/wp-content\/uploads\/2023\/10\/2023_0308_15055800-scaled.jpg","datePublished":"2023-10-20T11:53:28+00:00","dateModified":"2025-09-22T14:18:00+00:00","breadcrumb":{"@id":"https:\/\/nsk.hr\/en\/for-visitors\/#breadcrumb"},"inLanguage":"en-US","potentialAction":[{"@type":"ReadAction","target":["https:\/\/nsk.hr\/en\/for-visitors\/"]}]},{"@type":"ImageObject","inLanguage":"en-US","@id":"https:\/\/nsk.hr\/en\/for-visitors\/#primaryimage","url":"https:\/\/nsk.hr\/wp-content\/uploads\/2023\/10\/2023_0308_15055800-scaled.jpg","contentUrl":"https:\/\/nsk.hr\/wp-content\/uploads\/2023\/10\/2023_0308_15055800-scaled.jpg","width":1920,"height":1280,"caption":"Ilustrativna fotografija doga\u0111anja u NSK"},{"@type":"BreadcrumbList","@id":"https:\/\/nsk.hr\/en\/for-visitors\/#breadcrumb","itemListElement":[{"@type":"ListItem","position":1,"name":"Homepage","item":"https:\/\/nsk.hr\/en\/"},{"@type":"ListItem","position":2,"name":"For visitors"}]},{"@type":"WebSite","@id":"https:\/\/nsk.hr\/en\/#website","url":"https:\/\/nsk.hr\/en\/","name":"Nacionalna i sveu\u010dili\u0161na knji\u017enica u Zagrebu","description":"","potentialAction":[{"@type":"SearchAction","target":{"@type":"EntryPoint","urlTemplate":"https:\/\/nsk.hr\/en\/?s={search_term_string}"},"query-input":{"@type":"PropertyValueSpecification","valueRequired":true,"valueName":"search_term_string"}}],"inLanguage":"en-US"}]}},"_links":{"self":[{"href":"https:\/\/nsk.hr\/en\/wp-json\/wp\/v2\/pages\/97764","targetHints":{"allow":["GET"]}}],"collection":[{"href":"https:\/\/nsk.hr\/en\/wp-json\/wp\/v2\/pages"}],"about":[{"href":"https:\/\/nsk.hr\/en\/wp-json\/wp\/v2\/types\/page"}],"author":[{"embeddable":true,"href":"https:\/\/nsk.hr\/en\/wp-json\/wp\/v2\/users\/11"}],"replies":[{"embeddable":true,"href":"https:\/\/nsk.hr\/en\/wp-json\/wp\/v2\/comments?post=97764"}],"version-history":[{"count":3,"href":"https:\/\/nsk.hr\/en\/wp-json\/wp\/v2\/pages\/97764\/revisions"}],"predecessor-version":[{"id":97769,"href":"https:\/\/nsk.hr\/en\/wp-json\/wp\/v2\/pages\/97764\/revisions\/97769"}],"wp:featuredmedia":[{"embeddable":true,"href":"https:\/\/nsk.hr\/en\/wp-json\/wp\/v2\/media\/83371"}],"wp:attachment":[{"href":"https:\/\/nsk.hr\/en\/wp-json\/wp\/v2\/media?parent=97764"}],"curies":[{"name":"wp","href":"https:\/\/api.w.org\/{rel}","templated":true}]}}