{"id":96443,"date":"2023-10-02T19:20:59","date_gmt":"2023-10-02T17:20:59","guid":{"rendered":"https:\/\/nsk.hr\/?page_id=96443"},"modified":"2025-05-28T15:45:19","modified_gmt":"2025-05-28T13:45:19","slug":"homeland-war-collection","status":"publish","type":"page","link":"https:\/\/nsk.hr\/en\/nsk-collections\/nsk-reading-rooms-collections\/homeland-war-collection\/","title":{"rendered":"Homeland War Collection"},"content":{"rendered":"\n<p class=\"is-style-lead\">The significance of the Croatian Homeland War and its place in the history of the Croatian people is reflected in the number and diversity of national and foreign resources thematising this period which are held by NSK, the National and University Library in Zagreb, as part of one of its <a href=\"https:\/\/nsk.hr\/en\/nsk-collections\/nsk-reading-rooms-collections\/\">reading rooms collections<\/a>.<\/p>\n\n\n\n<figure class=\"wp-block-image size-full\"><img decoding=\"async\" width=\"1080\" height=\"1080\" data-src=\"https:\/\/nsk.hr\/wp-content\/uploads\/2025\/05\/Izlozba_Zbirka-grade-o-Domovinskom-ratu-NSK_25.-obljetnica-vojno-redarstvene-akcije-Oluja_Web.png\" alt=\"Titles from the NSK Homeland War Collection.\" class=\"wp-image-96444 lazyload\" data-srcset=\"https:\/\/nsk.hr\/wp-content\/uploads\/2025\/05\/Izlozba_Zbirka-grade-o-Domovinskom-ratu-NSK_25.-obljetnica-vojno-redarstvene-akcije-Oluja_Web.png 1080w, https:\/\/nsk.hr\/wp-content\/uploads\/2025\/05\/Izlozba_Zbirka-grade-o-Domovinskom-ratu-NSK_25.-obljetnica-vojno-redarstvene-akcije-Oluja_Web-300x300.png 300w, https:\/\/nsk.hr\/wp-content\/uploads\/2025\/05\/Izlozba_Zbirka-grade-o-Domovinskom-ratu-NSK_25.-obljetnica-vojno-redarstvene-akcije-Oluja_Web-1024x1024.png 1024w, https:\/\/nsk.hr\/wp-content\/uploads\/2025\/05\/Izlozba_Zbirka-grade-o-Domovinskom-ratu-NSK_25.-obljetnica-vojno-redarstvene-akcije-Oluja_Web-150x150.png 150w, https:\/\/nsk.hr\/wp-content\/uploads\/2025\/05\/Izlozba_Zbirka-grade-o-Domovinskom-ratu-NSK_25.-obljetnica-vojno-redarstvene-akcije-Oluja_Web-768x768.png 768w\" data-sizes=\"(max-width: 1080px) 100vw, 1080px\" src=\"data:image\/svg+xml;base64,PHN2ZyB3aWR0aD0iMSIgaGVpZ2h0PSIxIiB4bWxucz0iaHR0cDovL3d3dy53My5vcmcvMjAwMC9zdmciPjwvc3ZnPg==\" style=\"--smush-placeholder-width: 1080px; --smush-placeholder-aspect-ratio: 1080\/1080;\" \/><\/figure>\n\n\n\n<p>The Homeland War Collection of the National and University Library in Zagreb was established in 2008, by the Decision of the NSK Expert Committee.<\/p>\n\n\n\n<p>The Collection offers access to a wide range of resources addressing the Croatian Homeland War from the perspective of different fields and areas \u2013 such as history, political science, military science, law and other \u2013 and from different points of view, including those presented in foreign publications.<\/p>\n\n\n\n<p>Assembling all relevant material on this topic, the Collection offers as detailed and multidisciplinary as possible insight into this highly complex subject. Continuously developed on such principles, it gives a comprehensive overview of all research conducted in this context so far and provides valuable resources for future research into the Croatian Homeland War.<\/p>\n\n\n\n<p>The Collection\u2019s activities include presentations of new publications on this topic, the organisation of thematic book exhibitions and a permanent exhibition spotlighting the Collection\u2019s <a href=\"https:\/\/iks.nsk.hr\/bilten_prinova\/\">latest accessions<\/a>. <\/p>\n\n\n\n<p>Apart from books, serial publications, ephemera, audiovisual content, sound recordings and other valuable material, <a href=\"https:\/\/katalog.nsk.hr\/\">the Collection\u2019s resources<\/a> include more than 3,500 digitised Croatian and foreign newspaper articles dating from 1991 and 1992, of which some are available on the <a href=\"https:\/\/digitalna.nsk.hr\/?pr=l&amp;mr%5B552950%5D=a\">NSK Digital Collections<\/a> website and all may be accessed at the <a href=\"https:\/\/nsk.hr\/en\/reading-rooms\/nsk-periodicals-reading-room\/\">Library\u2019s Periodicals Reading Room<\/a>.<\/p>\n\n\n<section  class=\"block-section two-columns-block has-2-col\">\n    <div class=\"container\">\n\n        \n        <div class=\"two-columns-block__container\">\n\n            <div class=\"two-columns-block__column richText\">\n                                    <h3>Opening hours<\/h3>\n                                <p>Monday \u2013 Friday 9.00 \u2013 15.00<\/p>\n            <\/div><!-- .col-1 -->\n\n                            <div class=\"two-columns-block__column richText\">\n                                                                        <h3>Location<\/h3>\n                                                <p data-wahfont=\"13\">Floor 1<\/p>\n<p data-wahfont=\"13\">&nbsp;<\/p>\n                    \n                <\/div><!-- .col-2 -->\n            \n        <\/div>\n\n    <\/div>\n<\/section>\n\n<section  class=\"block-section two-columns-block has-2-col\">\n    <div class=\"container\">\n\n        \n        <div class=\"two-columns-block__container\">\n\n            <div class=\"two-columns-block__column richText\">\n                                    <h3>Contact<\/h3>\n                                <p>+385 1 616 4058 &nbsp;<br \/>\n+385 1 616 4274 (reading room)&nbsp;&nbsp;<\/p>\n            <\/div><!-- .col-1 -->\n\n                            <div class=\"two-columns-block__column richText\">\n                                                                        <h3>Staff<\/h3>\n                                                <p><a href=\"mailto:hspac@nsk.hr\">Hrvoje \u0160pac<\/a>&nbsp;<br \/>\n&nbsp;<\/p>\n<p data-wahfont=\"13\">&nbsp;<\/p>\n                    \n                <\/div><!-- .col-2 -->\n            \n        <\/div>\n\n    <\/div>\n<\/section>","protected":false},"excerpt":{"rendered":"<p>The significance of the Croatian Homeland War and its place in the history of the Croatian people is reflected in the number and diversity&#8230;<\/p>\n","protected":false},"author":11,"featured_media":0,"parent":91329,"menu_order":0,"comment_status":"closed","ping_status":"closed","template":"","meta":{"_acf_changed":false,"ngg_post_thumbnail":0,"footnotes":""},"class_list":["post-96443","page","type-page","status-publish","hentry"],"acf":[],"yoast_head":"<!-- This site is optimized with the Yoast SEO plugin v25.4 - https:\/\/yoast.com\/wordpress\/plugins\/seo\/ -->\n<title>Homeland War Collection - Nacionalna i sveu\u010dili\u0161na knji\u017enica u Zagrebu<\/title>\n<meta name=\"description\" content=\"NSK, the National and University Library in Zagreb, holds a wide range of resources thematising the Croatian Homeland War as part of one of its reading rooms collections.\" \/>\n<meta name=\"robots\" content=\"index, follow, max-snippet:-1, max-image-preview:large, max-video-preview:-1\" \/>\n<link rel=\"canonical\" href=\"https:\/\/nsk.hr\/en\/nsk-collections\/nsk-reading-rooms-collections\/homeland-war-collection\/\" \/>\n<meta property=\"og:locale\" content=\"en_US\" \/>\n<meta property=\"og:type\" content=\"article\" \/>\n<meta property=\"og:title\" content=\"Homeland War Collection - Nacionalna i sveu\u010dili\u0161na knji\u017enica u Zagrebu\" \/>\n<meta property=\"og:description\" content=\"NSK, the National and University Library in Zagreb, holds a wide range of resources thematising the Croatian Homeland War as part of one of its reading rooms collections.\" \/>\n<meta property=\"og:url\" content=\"https:\/\/nsk.hr\/en\/nsk-collections\/nsk-reading-rooms-collections\/homeland-war-collection\/\" \/>\n<meta property=\"og:site_name\" content=\"Nacionalna i sveu\u010dili\u0161na knji\u017enica u Zagrebu\" \/>\n<meta property=\"article:modified_time\" content=\"2025-05-28T13:45:19+00:00\" \/>\n<meta property=\"og:image\" content=\"https:\/\/nsk.hr\/wp-content\/uploads\/2025\/05\/Izlozba_Zbirka-grade-o-Domovinskom-ratu-NSK_25.-obljetnica-vojno-redarstvene-akcije-Oluja_Web.png\" \/>\n\t<meta property=\"og:image:width\" content=\"1080\" \/>\n\t<meta property=\"og:image:height\" content=\"1080\" \/>\n\t<meta property=\"og:image:type\" content=\"image\/png\" \/>\n<meta name=\"twitter:card\" content=\"summary_large_image\" \/>\n<meta name=\"twitter:label1\" content=\"Est. reading time\" \/>\n\t<meta name=\"twitter:data1\" content=\"2 minutes\" \/>\n<script type=\"application\/ld+json\" class=\"yoast-schema-graph\">{\"@context\":\"https:\/\/schema.org\",\"@graph\":[{\"@type\":\"WebPage\",\"@id\":\"https:\/\/nsk.hr\/en\/nsk-collections\/nsk-reading-rooms-collections\/homeland-war-collection\/\",\"url\":\"https:\/\/nsk.hr\/en\/nsk-collections\/nsk-reading-rooms-collections\/homeland-war-collection\/\",\"name\":\"Homeland War Collection - Nacionalna i sveu\u010dili\u0161na knji\u017enica u Zagrebu\",\"isPartOf\":{\"@id\":\"https:\/\/nsk.hr\/en\/#website\"},\"primaryImageOfPage\":{\"@id\":\"https:\/\/nsk.hr\/en\/nsk-collections\/nsk-reading-rooms-collections\/homeland-war-collection\/#primaryimage\"},\"image\":{\"@id\":\"https:\/\/nsk.hr\/en\/nsk-collections\/nsk-reading-rooms-collections\/homeland-war-collection\/#primaryimage\"},\"thumbnailUrl\":\"https:\/\/nsk.hr\/wp-content\/uploads\/2025\/05\/Izlozba_Zbirka-grade-o-Domovinskom-ratu-NSK_25.-obljetnica-vojno-redarstvene-akcije-Oluja_Web.png\",\"datePublished\":\"2023-10-02T17:20:59+00:00\",\"dateModified\":\"2025-05-28T13:45:19+00:00\",\"description\":\"NSK, the National and University Library in Zagreb, holds a wide range of resources thematising the Croatian Homeland War as part of one of its reading rooms collections.\",\"breadcrumb\":{\"@id\":\"https:\/\/nsk.hr\/en\/nsk-collections\/nsk-reading-rooms-collections\/homeland-war-collection\/#breadcrumb\"},\"inLanguage\":\"en-US\",\"potentialAction\":[{\"@type\":\"ReadAction\",\"target\":[\"https:\/\/nsk.hr\/en\/nsk-collections\/nsk-reading-rooms-collections\/homeland-war-collection\/\"]}]},{\"@type\":\"ImageObject\",\"inLanguage\":\"en-US\",\"@id\":\"https:\/\/nsk.hr\/en\/nsk-collections\/nsk-reading-rooms-collections\/homeland-war-collection\/#primaryimage\",\"url\":\"https:\/\/nsk.hr\/wp-content\/uploads\/2025\/05\/Izlozba_Zbirka-grade-o-Domovinskom-ratu-NSK_25.-obljetnica-vojno-redarstvene-akcije-Oluja_Web.png\",\"contentUrl\":\"https:\/\/nsk.hr\/wp-content\/uploads\/2025\/05\/Izlozba_Zbirka-grade-o-Domovinskom-ratu-NSK_25.-obljetnica-vojno-redarstvene-akcije-Oluja_Web.png\"},{\"@type\":\"BreadcrumbList\",\"@id\":\"https:\/\/nsk.hr\/en\/nsk-collections\/nsk-reading-rooms-collections\/homeland-war-collection\/#breadcrumb\",\"itemListElement\":[{\"@type\":\"ListItem\",\"position\":1,\"name\":\"Homepage\",\"item\":\"https:\/\/nsk.hr\/en\/\"},{\"@type\":\"ListItem\",\"position\":2,\"name\":\"NSK collections\",\"item\":\"https:\/\/nsk.hr\/en\/nsk-collections\/\"},{\"@type\":\"ListItem\",\"position\":3,\"name\":\"NSK reading rooms collections\",\"item\":\"https:\/\/nsk.hr\/en\/nsk-collections\/nsk-reading-rooms-collections\/\"},{\"@type\":\"ListItem\",\"position\":4,\"name\":\"Homeland War Collection\"}]},{\"@type\":\"WebSite\",\"@id\":\"https:\/\/nsk.hr\/en\/#website\",\"url\":\"https:\/\/nsk.hr\/en\/\",\"name\":\"Nacionalna i sveu\u010dili\u0161na knji\u017enica u Zagrebu\",\"description\":\"\",\"potentialAction\":[{\"@type\":\"SearchAction\",\"target\":{\"@type\":\"EntryPoint\",\"urlTemplate\":\"https:\/\/nsk.hr\/en\/?s={search_term_string}\"},\"query-input\":{\"@type\":\"PropertyValueSpecification\",\"valueRequired\":true,\"valueName\":\"search_term_string\"}}],\"inLanguage\":\"en-US\"}]}<\/script>\n<!-- \/ Yoast SEO plugin. -->","yoast_head_json":{"title":"Homeland War Collection - Nacionalna i sveu\u010dili\u0161na knji\u017enica u Zagrebu","description":"NSK, the National and University Library in Zagreb, holds a wide range of resources thematising the Croatian Homeland War as part of one of its reading rooms collections.","robots":{"index":"index","follow":"follow","max-snippet":"max-snippet:-1","max-image-preview":"max-image-preview:large","max-video-preview":"max-video-preview:-1"},"canonical":"https:\/\/nsk.hr\/en\/nsk-collections\/nsk-reading-rooms-collections\/homeland-war-collection\/","og_locale":"en_US","og_type":"article","og_title":"Homeland War Collection - Nacionalna i sveu\u010dili\u0161na knji\u017enica u Zagrebu","og_description":"NSK, the National and University Library in Zagreb, holds a wide range of resources thematising the Croatian Homeland War as part of one of its reading rooms collections.","og_url":"https:\/\/nsk.hr\/en\/nsk-collections\/nsk-reading-rooms-collections\/homeland-war-collection\/","og_site_name":"Nacionalna i sveu\u010dili\u0161na knji\u017enica u Zagrebu","article_modified_time":"2025-05-28T13:45:19+00:00","og_image":[{"width":1080,"height":1080,"url":"https:\/\/nsk.hr\/wp-content\/uploads\/2025\/05\/Izlozba_Zbirka-grade-o-Domovinskom-ratu-NSK_25.-obljetnica-vojno-redarstvene-akcije-Oluja_Web.png","type":"image\/png"}],"twitter_card":"summary_large_image","twitter_misc":{"Est. reading time":"2 minutes"},"schema":{"@context":"https:\/\/schema.org","@graph":[{"@type":"WebPage","@id":"https:\/\/nsk.hr\/en\/nsk-collections\/nsk-reading-rooms-collections\/homeland-war-collection\/","url":"https:\/\/nsk.hr\/en\/nsk-collections\/nsk-reading-rooms-collections\/homeland-war-collection\/","name":"Homeland War Collection - Nacionalna i sveu\u010dili\u0161na knji\u017enica u Zagrebu","isPartOf":{"@id":"https:\/\/nsk.hr\/en\/#website"},"primaryImageOfPage":{"@id":"https:\/\/nsk.hr\/en\/nsk-collections\/nsk-reading-rooms-collections\/homeland-war-collection\/#primaryimage"},"image":{"@id":"https:\/\/nsk.hr\/en\/nsk-collections\/nsk-reading-rooms-collections\/homeland-war-collection\/#primaryimage"},"thumbnailUrl":"https:\/\/nsk.hr\/wp-content\/uploads\/2025\/05\/Izlozba_Zbirka-grade-o-Domovinskom-ratu-NSK_25.-obljetnica-vojno-redarstvene-akcije-Oluja_Web.png","datePublished":"2023-10-02T17:20:59+00:00","dateModified":"2025-05-28T13:45:19+00:00","description":"NSK, the National and University Library in Zagreb, holds a wide range of resources thematising the Croatian Homeland War as part of one of its reading rooms collections.","breadcrumb":{"@id":"https:\/\/nsk.hr\/en\/nsk-collections\/nsk-reading-rooms-collections\/homeland-war-collection\/#breadcrumb"},"inLanguage":"en-US","potentialAction":[{"@type":"ReadAction","target":["https:\/\/nsk.hr\/en\/nsk-collections\/nsk-reading-rooms-collections\/homeland-war-collection\/"]}]},{"@type":"ImageObject","inLanguage":"en-US","@id":"https:\/\/nsk.hr\/en\/nsk-collections\/nsk-reading-rooms-collections\/homeland-war-collection\/#primaryimage","url":"https:\/\/nsk.hr\/wp-content\/uploads\/2025\/05\/Izlozba_Zbirka-grade-o-Domovinskom-ratu-NSK_25.-obljetnica-vojno-redarstvene-akcije-Oluja_Web.png","contentUrl":"https:\/\/nsk.hr\/wp-content\/uploads\/2025\/05\/Izlozba_Zbirka-grade-o-Domovinskom-ratu-NSK_25.-obljetnica-vojno-redarstvene-akcije-Oluja_Web.png"},{"@type":"BreadcrumbList","@id":"https:\/\/nsk.hr\/en\/nsk-collections\/nsk-reading-rooms-collections\/homeland-war-collection\/#breadcrumb","itemListElement":[{"@type":"ListItem","position":1,"name":"Homepage","item":"https:\/\/nsk.hr\/en\/"},{"@type":"ListItem","position":2,"name":"NSK collections","item":"https:\/\/nsk.hr\/en\/nsk-collections\/"},{"@type":"ListItem","position":3,"name":"NSK reading rooms collections","item":"https:\/\/nsk.hr\/en\/nsk-collections\/nsk-reading-rooms-collections\/"},{"@type":"ListItem","position":4,"name":"Homeland War Collection"}]},{"@type":"WebSite","@id":"https:\/\/nsk.hr\/en\/#website","url":"https:\/\/nsk.hr\/en\/","name":"Nacionalna i sveu\u010dili\u0161na knji\u017enica u Zagrebu","description":"","potentialAction":[{"@type":"SearchAction","target":{"@type":"EntryPoint","urlTemplate":"https:\/\/nsk.hr\/en\/?s={search_term_string}"},"query-input":{"@type":"PropertyValueSpecification","valueRequired":true,"valueName":"search_term_string"}}],"inLanguage":"en-US"}]}},"_links":{"self":[{"href":"https:\/\/nsk.hr\/en\/wp-json\/wp\/v2\/pages\/96443","targetHints":{"allow":["GET"]}}],"collection":[{"href":"https:\/\/nsk.hr\/en\/wp-json\/wp\/v2\/pages"}],"about":[{"href":"https:\/\/nsk.hr\/en\/wp-json\/wp\/v2\/types\/page"}],"author":[{"embeddable":true,"href":"https:\/\/nsk.hr\/en\/wp-json\/wp\/v2\/users\/11"}],"replies":[{"embeddable":true,"href":"https:\/\/nsk.hr\/en\/wp-json\/wp\/v2\/comments?post=96443"}],"version-history":[{"count":3,"href":"https:\/\/nsk.hr\/en\/wp-json\/wp\/v2\/pages\/96443\/revisions"}],"predecessor-version":[{"id":96449,"href":"https:\/\/nsk.hr\/en\/wp-json\/wp\/v2\/pages\/96443\/revisions\/96449"}],"up":[{"embeddable":true,"href":"https:\/\/nsk.hr\/en\/wp-json\/wp\/v2\/pages\/91329"}],"wp:attachment":[{"href":"https:\/\/nsk.hr\/en\/wp-json\/wp\/v2\/media?parent=96443"}],"curies":[{"name":"wp","href":"https:\/\/api.w.org\/{rel}","templated":true}]}}