{"id":94929,"date":"2025-01-28T08:59:31","date_gmt":"2025-01-28T07:59:31","guid":{"rendered":"https:\/\/nsk.hr\/?page_id=94929"},"modified":"2026-01-14T11:42:25","modified_gmt":"2026-01-14T10:42:25","slug":"study-pods","status":"publish","type":"page","link":"https:\/\/nsk.hr\/en\/study-pods\/","title":{"rendered":"Study pods"},"content":{"rendered":"\n<p class=\"is-style-lead\">Located in the reading rooms on Floors 1 and 3 and available for use during the <a href=\"https:\/\/nsk.hr\/en\/nsk-opening-hours\/\">opening hours<\/a>, our study pods offer up-to-date digital learning facilities and are ideally suited for individual and group work as well as for online meetings, workshops and conferences.<\/p>\n\n\n\n<p>The NSK study pods have been made available as part of <em><a href=\"https:\/\/www.carnet.hr\/en\/projekt\/e-universities\/\">e-Universities<\/a><\/em><em>,<\/em> a 2022-25 project funded as part of Croatia\u2019s <a href=\"https:\/\/mpudt.gov.hr\/national-recovery-and-resilience-plan-2021-2026\/25470\">National Recovery and Resilience Plan 2021-2026<\/a> and aimed at reforming Croatia\u2019s higher education system in which the <a href=\"https:\/\/nsk.hr\/en\/nsk-mission-and-vision\/\">National and University Library in Zagreb (NSK)<\/a> has been tasked with supporting the digital transformation of libraries in Croatia\u2019s higher education system.<\/p>\n\n\n\n<p>There are currently four study pods available (one one-person, one four-person and one six-person on Floor 1 and another six-person study pod on Floor 3), which may be booked\u00a0<a href=\"https:\/\/outlook.office365.com\/book\/Bookingakustinihkabina@nsk.hr\/\">online<\/a>\u00a0or in the reading room on Floor 1, at the west wing help desk. <\/p>\n\n\n\n<p>Please note that for a reservation to be possible it is required that at least two persons use a four-person pod and at least three persons use a six-person pod. Only two-hour time slots are available and reservations are possible for up to two consecutive time slots per day.<\/p>\n\n\n<section class=\"two-images two-images--has-two-images\">\n    <figure><img decoding=\"async\" width=\"1251\" height=\"1920\" data-src=\"https:\/\/nsk.hr\/wp-content\/uploads\/2025\/02\/NSK-study-pod-2-scaled.jpg\" class=\"attachment-full size-full lazyload\" alt=\"NSK one-person study pod.\" data-srcset=\"https:\/\/nsk.hr\/wp-content\/uploads\/2025\/02\/NSK-study-pod-2-scaled.jpg 1251w, https:\/\/nsk.hr\/wp-content\/uploads\/2025\/02\/NSK-study-pod-2-195x300.jpg 195w, https:\/\/nsk.hr\/wp-content\/uploads\/2025\/02\/NSK-study-pod-2-667x1024.jpg 667w, https:\/\/nsk.hr\/wp-content\/uploads\/2025\/02\/NSK-study-pod-2-768x1179.jpg 768w, https:\/\/nsk.hr\/wp-content\/uploads\/2025\/02\/NSK-study-pod-2-1000x1536.jpg 1000w, https:\/\/nsk.hr\/wp-content\/uploads\/2025\/02\/NSK-study-pod-2-1334x2048.jpg 1334w, https:\/\/nsk.hr\/wp-content\/uploads\/2025\/02\/NSK-study-pod-2-703x1080.jpg 703w\" data-sizes=\"(max-width: 1251px) 100vw, 1251px\" src=\"data:image\/svg+xml;base64,PHN2ZyB3aWR0aD0iMSIgaGVpZ2h0PSIxIiB4bWxucz0iaHR0cDovL3d3dy53My5vcmcvMjAwMC9zdmciPjwvc3ZnPg==\" style=\"--smush-placeholder-width: 1251px; --smush-placeholder-aspect-ratio: 1251\/1920;\" \/><\/figure><figure><img decoding=\"async\" width=\"1920\" height=\"1440\" data-src=\"https:\/\/nsk.hr\/wp-content\/uploads\/2025\/02\/NSK-study-pod-1-scaled.jpg\" class=\"attachment-full size-full lazyload\" alt=\"NSK four-person study pod.\" data-srcset=\"https:\/\/nsk.hr\/wp-content\/uploads\/2025\/02\/NSK-study-pod-1-scaled.jpg 1920w, https:\/\/nsk.hr\/wp-content\/uploads\/2025\/02\/NSK-study-pod-1-300x225.jpg 300w, https:\/\/nsk.hr\/wp-content\/uploads\/2025\/02\/NSK-study-pod-1-1024x768.jpg 1024w, https:\/\/nsk.hr\/wp-content\/uploads\/2025\/02\/NSK-study-pod-1-768x576.jpg 768w, https:\/\/nsk.hr\/wp-content\/uploads\/2025\/02\/NSK-study-pod-1-1536x1152.jpg 1536w, https:\/\/nsk.hr\/wp-content\/uploads\/2025\/02\/NSK-study-pod-1-2048x1535.jpg 2048w, https:\/\/nsk.hr\/wp-content\/uploads\/2025\/02\/NSK-study-pod-1-1440x1080.jpg 1440w\" data-sizes=\"(max-width: 1920px) 100vw, 1920px\" src=\"data:image\/svg+xml;base64,PHN2ZyB3aWR0aD0iMSIgaGVpZ2h0PSIxIiB4bWxucz0iaHR0cDovL3d3dy53My5vcmcvMjAwMC9zdmciPjwvc3ZnPg==\" style=\"--smush-placeholder-width: 1920px; --smush-placeholder-aspect-ratio: 1920\/1440;\" \/><\/figure><\/section>\n\n\n\n<p>A reservation is valid within 15 minutes of the start time of the booked time slot, so if the start time of the slot that you have booked is 10.00 and you do not check-in by 10.15 your reservation will automatically be cancelled and the study pod be made available to other users.<\/p>\n\n\n\n<p><em>In case you encounter any difficulties in booking the pods, please get in touch with our staff using the contact details below.<\/em><\/p>\n\n\n\n<section class=\"nsk-section nsk-button position-relative my-6\" >\n\t<div class=\"container\">\n\t\t<div class=\"row\">\n\t\t\t<div class=\"col-12\">\n\t\t\t\t<div class=\"nsk-button__button\">\n\t\t\t\t\t\t\t\t\t\t\t<div class=\"nsk-button__link-wrap text-center text-lg-left\">\n\t\t\t\t\t\t\t\n<a   href=\"https:\/\/outlook.office365.com\/book\/Bookingakustinihkabina@nsk.hr\/\" class=\"btn btn-primary align-items-center text-image-block__button btn-lg  align-items-center justify-content-center\"   >\n\t\t\t\t\t<span class=\"text\">BOOK YOUR POD<\/span>\n\t<\/a>\n\t\t\t\t\t\t<\/div>\n\t\t\t\t\t\t\t\t\t<\/div>\n\t\t\t<\/div>\n\t\t<\/div>\n\t<\/div>\n<\/section>\n\n\n\n<p>The study pods provide the following facilities:<\/p>\n\n\n\n<ul class=\"wp-block-list\">\n<li>ethernet patch cable<\/li>\n\n\n\n<li>on-demand laptop<\/li>\n\n\n\n<li>21\u2019\u2019 monitor with an HDMI port<\/li>\n\n\n\n<li>USB port<\/li>\n\n\n\n<li>power socket<\/li>\n\n\n\n<li>soundproofing<\/li>\n\n\n\n<li>adjustable ventilation<\/li>\n\n\n\n<li>adjustable lighting.<\/li>\n<\/ul>\n\n\n\n<p><strong>Contact<\/strong><\/p>\n\n\n\n<p>Floor 1, west wing help desk<\/p>\n\n\n\n<p><a href=\"mailto:rezervacija_kabina@nsk.hr\">rezervacija_kabina@nsk.hr<\/a> <\/p>\n\n\n\n<p>+385 1 616 4274<\/p>\n\n\n<div class=\"block-divider\" role=\"separator\"><\/div>\n\n\n<figure class=\"wp-block-image size-full is-resized\"><img decoding=\"async\" data-src=\"https:\/\/nsk.hr\/wp-content\/uploads\/2025\/02\/carnet-logo.svg\" alt=\"\" class=\"wp-image-95185 lazyload\" style=\"width:250px\" src=\"data:image\/svg+xml;base64,PHN2ZyB3aWR0aD0iMSIgaGVpZ2h0PSIxIiB4bWxucz0iaHR0cDovL3d3dy53My5vcmcvMjAwMC9zdmciPjwvc3ZnPg==\" \/><\/figure>\n\n\n\n<div style=\"height:20px\" aria-hidden=\"true\" class=\"wp-block-spacer\"><\/div>\n\n\n\n<figure class=\"wp-block-image size-full is-resized\"><img decoding=\"async\" width=\"768\" height=\"89\" data-src=\"https:\/\/nsk.hr\/wp-content\/uploads\/2025\/02\/e_sveucilista_logo_color-768x89-1.png\" alt=\"\" class=\"wp-image-94937 lazyload\" style=\"--smush-placeholder-width: 768px; --smush-placeholder-aspect-ratio: 768\/89;width:250px\" data-srcset=\"https:\/\/nsk.hr\/wp-content\/uploads\/2025\/02\/e_sveucilista_logo_color-768x89-1.png 768w, https:\/\/nsk.hr\/wp-content\/uploads\/2025\/02\/e_sveucilista_logo_color-768x89-1-300x35.png 300w\" data-sizes=\"(max-width: 768px) 100vw, 768px\" src=\"data:image\/svg+xml;base64,PHN2ZyB3aWR0aD0iMSIgaGVpZ2h0PSIxIiB4bWxucz0iaHR0cDovL3d3dy53My5vcmcvMjAwMC9zdmciPjwvc3ZnPg==\" \/><\/figure>\n\n\n\n<div style=\"height:20px\" aria-hidden=\"true\" class=\"wp-block-spacer\"><\/div>\n\n\n\n<figure class=\"wp-block-image size-large is-resized\"><img decoding=\"async\" width=\"1024\" height=\"246\" data-src=\"https:\/\/nsk.hr\/wp-content\/uploads\/2025\/02\/EN_Funded_by_the_European_Union_RGB_MONOCHROME-1-1024x246.png\" alt=\"The logotype of the NextGenerationEU funding programme.\" class=\"wp-image-95201 lazyload\" style=\"--smush-placeholder-width: 1024px; --smush-placeholder-aspect-ratio: 1024\/246;width:250px\" data-srcset=\"https:\/\/nsk.hr\/wp-content\/uploads\/2025\/02\/EN_Funded_by_the_European_Union_RGB_MONOCHROME-1-1024x246.png 1024w, https:\/\/nsk.hr\/wp-content\/uploads\/2025\/02\/EN_Funded_by_the_European_Union_RGB_MONOCHROME-1-300x72.png 300w, https:\/\/nsk.hr\/wp-content\/uploads\/2025\/02\/EN_Funded_by_the_European_Union_RGB_MONOCHROME-1-768x184.png 768w, https:\/\/nsk.hr\/wp-content\/uploads\/2025\/02\/EN_Funded_by_the_European_Union_RGB_MONOCHROME-1-1536x368.png 1536w, https:\/\/nsk.hr\/wp-content\/uploads\/2025\/02\/EN_Funded_by_the_European_Union_RGB_MONOCHROME-1-2048x491.png 2048w, https:\/\/nsk.hr\/wp-content\/uploads\/2025\/02\/EN_Funded_by_the_European_Union_RGB_MONOCHROME-1.png 1920w\" data-sizes=\"(max-width: 1024px) 100vw, 1024px\" src=\"data:image\/svg+xml;base64,PHN2ZyB3aWR0aD0iMSIgaGVpZ2h0PSIxIiB4bWxucz0iaHR0cDovL3d3dy53My5vcmcvMjAwMC9zdmciPjwvc3ZnPg==\" \/><\/figure>\n\n\n\n<p><\/p>\n","protected":false},"excerpt":{"rendered":"<p>Located in the reading rooms on Floors 1 and 3 and available for use during the opening hours, our study pods offer up-to-date digital&#8230;<\/p>\n","protected":false},"author":11,"featured_media":95189,"parent":0,"menu_order":0,"comment_status":"closed","ping_status":"closed","template":"","meta":{"_acf_changed":false,"ngg_post_thumbnail":0,"footnotes":""},"class_list":["post-94929","page","type-page","status-publish","has-post-thumbnail","hentry"],"acf":[],"yoast_head":"<!-- This site is optimized with the Yoast SEO plugin v25.4 - https:\/\/yoast.com\/wordpress\/plugins\/seo\/ -->\n<title>Study pods - Nacionalna i sveu\u010dili\u0161na knji\u017enica u Zagrebu<\/title>\n<meta name=\"description\" content=\"Located on Floor 1 and available for use during the opening hours, the study pods available at the National and University Library in Zagreb (NSK) are ideally suited for individual and group work as well as for online meetings, workshops and conferences.\" \/>\n<meta name=\"robots\" content=\"index, follow, max-snippet:-1, max-image-preview:large, max-video-preview:-1\" \/>\n<link rel=\"canonical\" href=\"https:\/\/nsk.hr\/en\/study-pods\/\" \/>\n<meta property=\"og:locale\" content=\"en_US\" \/>\n<meta property=\"og:type\" content=\"article\" \/>\n<meta property=\"og:title\" content=\"Study pods - Nacionalna i sveu\u010dili\u0161na knji\u017enica u Zagrebu\" \/>\n<meta property=\"og:description\" content=\"Located on Floor 1 and available for use during the opening hours, the study pods available at the National and University Library in Zagreb (NSK) are ideally suited for individual and group work as well as for online meetings, workshops and conferences.\" \/>\n<meta property=\"og:url\" content=\"https:\/\/nsk.hr\/en\/study-pods\/\" \/>\n<meta property=\"og:site_name\" content=\"Nacionalna i sveu\u010dili\u0161na knji\u017enica u Zagrebu\" \/>\n<meta property=\"article:modified_time\" content=\"2026-01-14T10:42:25+00:00\" \/>\n<meta property=\"og:image\" content=\"https:\/\/nsk.hr\/wp-content\/uploads\/2025\/02\/Kabine_cetiri-osobe-scaled.jpg\" \/>\n\t<meta property=\"og:image:width\" content=\"1920\" \/>\n\t<meta property=\"og:image:height\" content=\"1440\" \/>\n\t<meta property=\"og:image:type\" content=\"image\/jpeg\" \/>\n<meta name=\"twitter:card\" content=\"summary_large_image\" \/>\n<meta name=\"twitter:label1\" content=\"Est. reading time\" \/>\n\t<meta name=\"twitter:data1\" content=\"3 minutes\" \/>\n<script type=\"application\/ld+json\" class=\"yoast-schema-graph\">{\"@context\":\"https:\/\/schema.org\",\"@graph\":[{\"@type\":\"WebPage\",\"@id\":\"https:\/\/nsk.hr\/en\/study-pods\/\",\"url\":\"https:\/\/nsk.hr\/en\/study-pods\/\",\"name\":\"Study pods - Nacionalna i sveu\u010dili\u0161na knji\u017enica u Zagrebu\",\"isPartOf\":{\"@id\":\"https:\/\/nsk.hr\/en\/#website\"},\"primaryImageOfPage\":{\"@id\":\"https:\/\/nsk.hr\/en\/study-pods\/#primaryimage\"},\"image\":{\"@id\":\"https:\/\/nsk.hr\/en\/study-pods\/#primaryimage\"},\"thumbnailUrl\":\"https:\/\/nsk.hr\/wp-content\/uploads\/2025\/02\/Kabine_cetiri-osobe-scaled.jpg\",\"datePublished\":\"2025-01-28T07:59:31+00:00\",\"dateModified\":\"2026-01-14T10:42:25+00:00\",\"description\":\"Located on Floor 1 and available for use during the opening hours, the study pods available at the National and University Library in Zagreb (NSK) are ideally suited for individual and group work as well as for online meetings, workshops and conferences.\",\"breadcrumb\":{\"@id\":\"https:\/\/nsk.hr\/en\/study-pods\/#breadcrumb\"},\"inLanguage\":\"en-US\",\"potentialAction\":[{\"@type\":\"ReadAction\",\"target\":[\"https:\/\/nsk.hr\/en\/study-pods\/\"]}]},{\"@type\":\"ImageObject\",\"inLanguage\":\"en-US\",\"@id\":\"https:\/\/nsk.hr\/en\/study-pods\/#primaryimage\",\"url\":\"https:\/\/nsk.hr\/wp-content\/uploads\/2025\/02\/Kabine_cetiri-osobe-scaled.jpg\",\"contentUrl\":\"https:\/\/nsk.hr\/wp-content\/uploads\/2025\/02\/Kabine_cetiri-osobe-scaled.jpg\",\"width\":1920,\"height\":1440,\"caption\":\"Kabine za digitalno u\u010denje\"},{\"@type\":\"BreadcrumbList\",\"@id\":\"https:\/\/nsk.hr\/en\/study-pods\/#breadcrumb\",\"itemListElement\":[{\"@type\":\"ListItem\",\"position\":1,\"name\":\"Homepage\",\"item\":\"https:\/\/nsk.hr\/en\/\"},{\"@type\":\"ListItem\",\"position\":2,\"name\":\"Study pods\"}]},{\"@type\":\"WebSite\",\"@id\":\"https:\/\/nsk.hr\/en\/#website\",\"url\":\"https:\/\/nsk.hr\/en\/\",\"name\":\"Nacionalna i sveu\u010dili\u0161na knji\u017enica u Zagrebu\",\"description\":\"\",\"potentialAction\":[{\"@type\":\"SearchAction\",\"target\":{\"@type\":\"EntryPoint\",\"urlTemplate\":\"https:\/\/nsk.hr\/en\/?s={search_term_string}\"},\"query-input\":{\"@type\":\"PropertyValueSpecification\",\"valueRequired\":true,\"valueName\":\"search_term_string\"}}],\"inLanguage\":\"en-US\"}]}<\/script>\n<!-- \/ Yoast SEO plugin. -->","yoast_head_json":{"title":"Study pods - Nacionalna i sveu\u010dili\u0161na knji\u017enica u Zagrebu","description":"Located on Floor 1 and available for use during the opening hours, the study pods available at the National and University Library in Zagreb (NSK) are ideally suited for individual and group work as well as for online meetings, workshops and conferences.","robots":{"index":"index","follow":"follow","max-snippet":"max-snippet:-1","max-image-preview":"max-image-preview:large","max-video-preview":"max-video-preview:-1"},"canonical":"https:\/\/nsk.hr\/en\/study-pods\/","og_locale":"en_US","og_type":"article","og_title":"Study pods - Nacionalna i sveu\u010dili\u0161na knji\u017enica u Zagrebu","og_description":"Located on Floor 1 and available for use during the opening hours, the study pods available at the National and University Library in Zagreb (NSK) are ideally suited for individual and group work as well as for online meetings, workshops and conferences.","og_url":"https:\/\/nsk.hr\/en\/study-pods\/","og_site_name":"Nacionalna i sveu\u010dili\u0161na knji\u017enica u Zagrebu","article_modified_time":"2026-01-14T10:42:25+00:00","og_image":[{"width":1920,"height":1440,"url":"https:\/\/nsk.hr\/wp-content\/uploads\/2025\/02\/Kabine_cetiri-osobe-scaled.jpg","type":"image\/jpeg"}],"twitter_card":"summary_large_image","twitter_misc":{"Est. reading time":"3 minutes"},"schema":{"@context":"https:\/\/schema.org","@graph":[{"@type":"WebPage","@id":"https:\/\/nsk.hr\/en\/study-pods\/","url":"https:\/\/nsk.hr\/en\/study-pods\/","name":"Study pods - Nacionalna i sveu\u010dili\u0161na knji\u017enica u Zagrebu","isPartOf":{"@id":"https:\/\/nsk.hr\/en\/#website"},"primaryImageOfPage":{"@id":"https:\/\/nsk.hr\/en\/study-pods\/#primaryimage"},"image":{"@id":"https:\/\/nsk.hr\/en\/study-pods\/#primaryimage"},"thumbnailUrl":"https:\/\/nsk.hr\/wp-content\/uploads\/2025\/02\/Kabine_cetiri-osobe-scaled.jpg","datePublished":"2025-01-28T07:59:31+00:00","dateModified":"2026-01-14T10:42:25+00:00","description":"Located on Floor 1 and available for use during the opening hours, the study pods available at the National and University Library in Zagreb (NSK) are ideally suited for individual and group work as well as for online meetings, workshops and conferences.","breadcrumb":{"@id":"https:\/\/nsk.hr\/en\/study-pods\/#breadcrumb"},"inLanguage":"en-US","potentialAction":[{"@type":"ReadAction","target":["https:\/\/nsk.hr\/en\/study-pods\/"]}]},{"@type":"ImageObject","inLanguage":"en-US","@id":"https:\/\/nsk.hr\/en\/study-pods\/#primaryimage","url":"https:\/\/nsk.hr\/wp-content\/uploads\/2025\/02\/Kabine_cetiri-osobe-scaled.jpg","contentUrl":"https:\/\/nsk.hr\/wp-content\/uploads\/2025\/02\/Kabine_cetiri-osobe-scaled.jpg","width":1920,"height":1440,"caption":"Kabine za digitalno u\u010denje"},{"@type":"BreadcrumbList","@id":"https:\/\/nsk.hr\/en\/study-pods\/#breadcrumb","itemListElement":[{"@type":"ListItem","position":1,"name":"Homepage","item":"https:\/\/nsk.hr\/en\/"},{"@type":"ListItem","position":2,"name":"Study pods"}]},{"@type":"WebSite","@id":"https:\/\/nsk.hr\/en\/#website","url":"https:\/\/nsk.hr\/en\/","name":"Nacionalna i sveu\u010dili\u0161na knji\u017enica u Zagrebu","description":"","potentialAction":[{"@type":"SearchAction","target":{"@type":"EntryPoint","urlTemplate":"https:\/\/nsk.hr\/en\/?s={search_term_string}"},"query-input":{"@type":"PropertyValueSpecification","valueRequired":true,"valueName":"search_term_string"}}],"inLanguage":"en-US"}]}},"_links":{"self":[{"href":"https:\/\/nsk.hr\/en\/wp-json\/wp\/v2\/pages\/94929","targetHints":{"allow":["GET"]}}],"collection":[{"href":"https:\/\/nsk.hr\/en\/wp-json\/wp\/v2\/pages"}],"about":[{"href":"https:\/\/nsk.hr\/en\/wp-json\/wp\/v2\/types\/page"}],"author":[{"embeddable":true,"href":"https:\/\/nsk.hr\/en\/wp-json\/wp\/v2\/users\/11"}],"replies":[{"embeddable":true,"href":"https:\/\/nsk.hr\/en\/wp-json\/wp\/v2\/comments?post=94929"}],"version-history":[{"count":12,"href":"https:\/\/nsk.hr\/en\/wp-json\/wp\/v2\/pages\/94929\/revisions"}],"predecessor-version":[{"id":99635,"href":"https:\/\/nsk.hr\/en\/wp-json\/wp\/v2\/pages\/94929\/revisions\/99635"}],"wp:featuredmedia":[{"embeddable":true,"href":"https:\/\/nsk.hr\/en\/wp-json\/wp\/v2\/media\/95189"}],"wp:attachment":[{"href":"https:\/\/nsk.hr\/en\/wp-json\/wp\/v2\/media?parent=94929"}],"curies":[{"name":"wp","href":"https:\/\/api.w.org\/{rel}","templated":true}]}}