{"id":94461,"date":"2025-01-02T11:52:16","date_gmt":"2025-01-02T10:52:16","guid":{"rendered":"https:\/\/nsk.hr\/?page_id=94461"},"modified":"2025-01-02T11:52:17","modified_gmt":"2025-01-02T10:52:17","slug":"international-cooperation-2","status":"publish","type":"page","link":"https:\/\/nsk.hr\/en\/international-cooperation-2\/","title":{"rendered":"International cooperation"},"content":{"rendered":"\n<p class=\"is-style-lead\">Through its cooperation with professionals and researchers on an international level through projects, international exhibitions and its staff participating in the work of various international associations, NSK, the National and University Library in <a>Zagreb, globally promotes Croatia\u2019s <\/a>cultural heritage, increases the visibility of the national research output and makes significant contribution to the transfer of knowledge and technologies on an international scale.\u00a0\u00a0<\/p>\n\n\n\n<figure class=\"wp-block-image size-large\"><img decoding=\"async\" width=\"1024\" height=\"683\" data-src=\"https:\/\/nsk.hr\/wp-content\/uploads\/2023\/11\/nsk323-1024x683.jpg\" alt=\"The outer section of the building of NSK, the National and University Library in Zagreb.\" class=\"wp-image-86752 lazyload\" data-srcset=\"https:\/\/nsk.hr\/wp-content\/uploads\/2023\/11\/nsk323-1024x683.jpg 1024w, https:\/\/nsk.hr\/wp-content\/uploads\/2023\/11\/nsk323-300x200.jpg 300w, https:\/\/nsk.hr\/wp-content\/uploads\/2023\/11\/nsk323-768x512.jpg 768w, https:\/\/nsk.hr\/wp-content\/uploads\/2023\/11\/nsk323-1536x1024.jpg 1536w, https:\/\/nsk.hr\/wp-content\/uploads\/2023\/11\/nsk323-2048x1365.jpg 2048w, https:\/\/nsk.hr\/wp-content\/uploads\/2023\/11\/nsk323-1620x1080.jpg 1620w, https:\/\/nsk.hr\/wp-content\/uploads\/2023\/11\/nsk323-scaled.jpg 1860w\" data-sizes=\"(max-width: 1024px) 100vw, 1024px\" src=\"data:image\/svg+xml;base64,PHN2ZyB3aWR0aD0iMSIgaGVpZ2h0PSIxIiB4bWxucz0iaHR0cDovL3d3dy53My5vcmcvMjAwMC9zdmciPjwvc3ZnPg==\" style=\"--smush-placeholder-width: 1024px; --smush-placeholder-aspect-ratio: 1024\/683;\" \/><\/figure>\n\n\n\n<h2 class=\"wp-block-heading\"><strong>International exhibitions&nbsp;<\/strong>&nbsp;<\/h2>\n\n\n\n<p>Exhibitions make a significant part of NSK\u2019s international cooperation activities. Along with presenting Croatian cultural heritage all around the world, exhibitions also enable us to bring closer to Croatia\u2019s general public the rich heritage of other countries.\u00a0\u00a0<\/p>\n\n\n\n<p>Particularly standing out among <strong>NSK\u2019s collaborative international exhibitions<\/strong> are:&nbsp;<\/p>\n\n\n\n<ul class=\"wp-block-list\">\n<li><em><u><a href=\"https:\/\/www.nsk.hr\/en\/wealth-of-colour-and-tradition-exhibition-opens-at-national-library-of-bulgaria\/\">Wealth of colour and tradition<\/a><\/u><\/em>, The St. Cyril and Methodius National Library of the Republic of Bulgaria, 2022<\/li>\n\n\n\n<li><em><u><a href=\"https:\/\/www.nsk.hr\/en\/nsk-exhibition-book-art-in-croatia-larte-del-libro-in-croazia-on-view-at-biblioteca-europea-in-rome-until-3-oct-2022\/\">L\u2019arte del libro in Croazia<\/a><\/u><\/em><em> <\/em>(<em>Book Art in Croatia<\/em>)<em>, <\/em>The European Library in Rome, Italy (Biblioteca Europea Roma), 2022&nbsp;<\/li>\n\n\n\n<li><em><u><a href=\"Hrvatska%20knji\u017eevnost%20i%20kulturna%20ba\u0161tina%20od%20srednjeg%20vijeka%20do%20modernog%20doba\">Croatian literature and cultural heritage from the Middle Ages to modern times<\/a><\/u><\/em><em> <\/em>(<em>Hrvatska knji\u017eevnost i kulturna ba\u0161tina od srednjeg vijeka do modernog doba<\/em>), National Library of Korea, 2021&nbsp;&nbsp;<\/li>\n\n\n\n<li><em>Marko Maruli\u0107 \u2013 A European Humanist<\/em>, <a href=\"https:\/\/www.nsk.hr\/en\/marko-marulic-a-european-humanist-exhibition-opens-in-solothurn-switzerland\/\">Solothurn Central Library<\/a>, Switzerland, 2021<\/li>\n\n\n\n<li><a href=\"https:\/\/www.nsk.hr\/en\/marko-marulic-a-european-humanist-nsk-exhibition-opens-at-the-national-library-of-lithuania\/\">Martynas Ma\u017evydas National Library of Lithuania<\/a>, 2020; \u0160iauliai County Povilas Vi\u0161inskis Public Library, Lithuania, 2020; <a href=\"https:\/\/www.nsk.hr\/en\/marko-marulic-a-european-humanist-nsk-exhibition-opens-at-klaipeda-county-ieva-simonaityte-public-library-in-lithuania\/\">Klaip\u0117da County leva Simonaityt\u0117 Public Library<\/a>, Lithuania, 2020; Kaunas County Public Library, Lithuania, 2020; <a href=\"https:\/\/www.nsk.hr\/en\/marko-marulic-a-european-humanist-nsk-exhibition-on-view-at-panevezys-county-gabriele-petkevicaite-bite-public-library-in-lithuania\/\">Panev\u0117\u017eys County Gabriel\u0117 Petkevi\u010dait\u0117-Bit\u0117 Public Library<\/a>, Lithuania, 2020&nbsp;<\/li>\n\n\n\n<li><em><u><a href=\"https:\/\/www.nsk.hr\/en\/croatian-glagolitic-heritage-nsk-exhibition-spotlighting-the-gems-of-croatias-cultural-history\/\">Croatian Glagolitic Heritage<\/a><\/u><\/em>, Lithuanian Academy of Sciences and Kaunas County libraries, 2019&nbsp;&nbsp;<\/li>\n\n\n\n<li><em><u><a href=\"https:\/\/www.nsk.hr\/wp-content\/uploads\/2019\/12\/Book-Art-in-Croatia.pdf\">Book Art in Croatia<\/a><\/u><\/em>, <a href=\"https:\/\/www.nsk.hr\/en\/book-art-in-croatia-exhibition-visits-bulgaria\/\">The St. Cyril and Methodius National Library of the Republic of Bulgaria<\/a>, 2019; <a href=\"https:\/\/www.nsk.hr\/en\/book-art-in-croatia-an-exhibition-presenting-the-greatest-achievements-in-book-design-in-croatia-to-be-hosted-by-the-national-and-university-library-in-ljubljana\/\">National and University Library in Ljubljana<\/a>, 2018; <a href=\"https:\/\/www.nsk.hr\/en\/latvias-ambassador-to-croatia-her-excellency-mrs-agnese-kalnina-visits-nsk\/\">National Library of Latvia<\/a>, 2007&nbsp;<\/li>\n\n\n\n<li><em><u><a href=\"https:\/\/www.nsk.hr\/en\/sacred-tongue-of-my-predecessors-croatian-bulgarian-parallels-touring-exhibition-on-view-in-sofia\/\">Sacred Tongue of My Predecessors: Croatian-Bulgarian Parallels<\/a><\/u><\/em>, St. Kliment Ohridski University in Sofia, Bulgaria, 2017<\/li>\n\n\n\n<li><em>Days of Croatian Literature in Macedonia <\/em>(<em>Dani hrvatske knji\u017eevnosti u Makedoniji<\/em>), The National and University Library St. Kliment Ohridski in Skopje, Macedonia, 2014&nbsp;<\/li>\n<\/ul>\n\n\n\n<figure class=\"wp-block-image size-full\"><img decoding=\"async\" width=\"1024\" height=\"683\" data-src=\"https:\/\/nsk.hr\/wp-content\/uploads\/2023\/11\/NSKWeb_International-cooperation.png\" alt=\"Treasures from the collections of NSK, the National and University Library in Zagreb.\" class=\"wp-image-86754 lazyload\" data-srcset=\"https:\/\/nsk.hr\/wp-content\/uploads\/2023\/11\/NSKWeb_International-cooperation.png 1024w, https:\/\/nsk.hr\/wp-content\/uploads\/2023\/11\/NSKWeb_International-cooperation-300x200.png 300w, https:\/\/nsk.hr\/wp-content\/uploads\/2023\/11\/NSKWeb_International-cooperation-768x512.png 768w\" data-sizes=\"(max-width: 1024px) 100vw, 1024px\" src=\"data:image\/svg+xml;base64,PHN2ZyB3aWR0aD0iMSIgaGVpZ2h0PSIxIiB4bWxucz0iaHR0cDovL3d3dy53My5vcmcvMjAwMC9zdmciPjwvc3ZnPg==\" style=\"--smush-placeholder-width: 1024px; --smush-placeholder-aspect-ratio: 1024\/683;\" \/><\/figure>\n\n\n\n<p>Particularly standing out among past <strong>international exhibitions hosted by NSK<\/strong> are:<\/p>\n\n\n\n<ul class=\"wp-block-list\">\n<li><em><a href=\"https:\/\/www.nsk.hr\/en\/exhibition-marking-500th-anniversary-of-magellans-circumnavigation-of-the-earth-on-view-until-21-september-2023\/\">ENCOUNTER BETWEEN THREE WORLDS: 500 Years After the First Circumnavigation<\/a><\/em><\/li>\n\n\n\n<li><em><a href=\"https:\/\/www.nsk.hr\/en\/exhibition-marking-500th-anniversary-of-magellans-circumnavigation-of-the-earth-on-view-until-21-september-2023\/\">of the Earth<\/a><\/em><em> (Encuentro de tres mundos: a 500 a\u00f1os de la primera circunnavegaci\u00f3n del planeta)<\/em>, National Library of Chile and Embassy of the Republic of Chile to the Republic of Croatia (2023)<\/li>\n\n\n\n<li><em><u><a href=\"https:\/\/www.nsk.hr\/en\/seamus-heaney-listen-now-again-national-library-of-ireland-exhibition-on-view-at-nsk-until-27-march-2023\/\">Seamus Heaney: Listen Now Again<\/a><\/u><\/em>, National Library of Ireland and Embassy of Ireland to the Republic of Croatia, 2023<\/li>\n\n\n\n<li><em>Du\u0161an Karpatsk\u00fd \u2013 Known And Unknown (<\/em><em><u><a href=\"https:\/\/www.nsk.hr\/en\/nsk-hosting-exhibition-commemorating-dusan-karpatsky-1935-2017-the-vibrating-bond-of-knowledge-between-croatia-and-czech-republic\/\">Du\u0161an Karpatsk\u00fd (1935. \u2013 2017.), znan i neznan, (Du\u0161an Karpatsk\u00fd zn\u00e1m\u00fd a nezn\u00e1m\u00fd)<\/a>)<\/u><\/em>,Croatian-Czech Society, 2020<\/li>\n\n\n\n<li><em><u><a href=\"https:\/\/www.nsk.hr\/en\/nsk-hosting-latvias-century-an-exhibition-marking-the-centenary-of-the-restoration-of-latvias-sovereignty\/\">Latvia\u2019s Century<\/a><\/u><\/em><em>, <\/em>National History Museum of Latvia and Latvian Ministry of Foreign Affairs, 2019<\/li>\n\n\n\n<li><em><u><a href=\"https:\/\/young.academy.ac.il\/SystemFiles\/6-3-221.pdf\">Israeli Discoveries and Developments That Influenced the World<\/a><\/u><\/em><em>, <\/em>Israeli Ministry of Science and Technology and Embassy of the State of Israel to the Republic of Croatia, 2017<\/li>\n\n\n\n<li><em>Discovering<\/em> <em>H\u00f6lderlin (Otkrivanje H\u00f6lderlina<\/em>; <em>H\u00f6lderlin Entdeckungen<\/em>), State Library of W\u00fcrttemberg, 2015<\/li>\n\n\n\n<li><a><\/a><a href=\"https:\/\/www.nsk.hr\/en\/days-of-macedonian-literature-in-croatia\/\"><em>Days of Macedonian Literature in Croatia<\/em><\/a><em> <\/em>(<em>Dani makedonske knji\u017eevnosti u Republici Hrvatskoj<\/em>), The National and University Library &#8220;St. Kliment Ohridski&#8221; in Skopje, 2015&nbsp;<\/li>\n\n\n\n<li><em><u><a href=\"https:\/\/www.nsk.hr\/en\/exhibition-on-the-croatian-glagolitic-script-at-the-french-palais-du-tau\/\">Croatian Glagolitic Script: An old alphabet of Europe from the Middle Ages to the present day<\/a><\/u><\/em><em> (L\u2019Alphabet glagolitique croate \u2014 \u00e9vocation d\u2019une \u00e9criture m\u00e9di\u00e9vale europ\u00e9enne: du Moyen \u00c2ge \u00e0 nos jours)<\/em>, Palace du Tau in Reims, France, 2012-13&nbsp;<\/li>\n<\/ul>\n\n\n\n<h2 class=\"wp-block-heading\"><strong>Membership of international professional associations<\/strong>&nbsp;&nbsp;<\/h2>\n\n\n\n<p>Guided in its work by values such as openness and teamwork, the National and University Library in Zagreb takes part in the activities of major international professional associations, networks and programmes, encouraging cooperation, professional development, partnership and progress.&nbsp; &nbsp;<\/p>\n\n\n\n<p>NSK and its professional staff are the members of the following international organisations and initiatives:&nbsp;<\/p>\n\n\n\n<ul class=\"wp-block-list\">\n<li><strong>CDNL<\/strong> \u2013 <em><u><a href=\"http:\/\/www.cdnl.info\/\" target=\"_blank\" rel=\"noreferrer noopener\">The Conference of Directors of National Libraries<\/a><\/u><\/em>&nbsp;<\/li>\n\n\n\n<li><strong>CENL<\/strong> \u2013 <em><u><a href=\"https:\/\/www.cenl.org\/\" target=\"_blank\" rel=\"noreferrer noopener\">The Conference of European National Librarians<\/a><\/u><\/em>&nbsp;<\/li>\n\n\n\n<li><strong><em><u><a href=\"https:\/\/www.dart-europe.org\/basic-search.php\" target=\"_blank\" rel=\"noreferrer noopener\">DART Europe<\/a><\/u><\/em><\/strong><\/li>\n\n\n\n<li><strong>DOI<\/strong> \u2013 <em><u><a href=\"https:\/\/www.doi.org\/\" target=\"_blank\" rel=\"noreferrer noopener\">Digital Object Identifier<\/a><\/u><\/em><\/li>\n\n\n\n<li><strong>EURIG<\/strong> \u2013 <em><u><a href=\"http:\/\/www.rda-rsc.org\/europe\" target=\"_blank\" rel=\"noreferrer noopener\">The European RDA Interest Group<\/a><\/u><\/em>&nbsp;<\/li>\n\n\n\n<li><strong><em><u><a href=\"http:\/\/www.europeana.eu\/portal\/\" target=\"_blank\" rel=\"noreferrer noopener\">Europeana<\/a><\/u><\/em><\/strong><\/li>\n\n\n\n<li><strong>ENA<\/strong> \u2013 <em><u><a href=\"https:\/\/pro.europeana.eu\/about-us\/mission\" target=\"_blank\" rel=\"noreferrer noopener\">Europeana Network Association<\/a><\/u><\/em><\/li>\n\n\n\n<li><strong>IAML<\/strong> \u2013 <em><u><a href=\"http:\/\/www.iaml.info\/\" target=\"_blank\" rel=\"noreferrer noopener\">International Association of Music Libraries, Archives and Documentation Centres<\/a><\/u><\/em><\/li>\n\n\n\n<li><strong>ICA<\/strong> \u2013 <em><u><a href=\"https:\/\/icaci.org\/commissions\/\" target=\"_blank\" rel=\"noreferrer noopener\">International Cartographic Association<\/a><\/u><\/em><\/li>\n\n\n\n<li><strong>ICDL<\/strong> \u2013 <em><u><a href=\"http:\/\/en.childrenslibrary.org\/\" target=\"_blank\" rel=\"noreferrer noopener\">International Children\u2019s Digital Library<\/a><\/u><\/em><\/li>\n\n\n\n<li><strong>IFLA<\/strong> \u2013 <em><u><a href=\"http:\/\/www.ifla.org\/\" target=\"_blank\" rel=\"noreferrer noopener\">International Federation of Library Associations<\/a><\/u><\/em><\/li>\n\n\n\n<li><strong>IIPC <\/strong>\u2013<em> <u><a href=\"http:\/\/netpreserve.org\/\" target=\"_blank\" rel=\"noreferrer noopener\">International Internet Preservation Consortium<\/a><\/u><\/em><\/li>\n\n\n\n<li><strong><em><u><a href=\"http:\/\/portal.unesco.org\/culture\/en\/ev.php-URL_ID=7810&amp;URL_DO=DO_TOPIC&amp;URL_SECTION=201.html\" target=\"_blank\" rel=\"noreferrer noopener\">Index Translationum<\/a><\/u><\/em><\/strong>&nbsp;<\/li>\n\n\n\n<li><strong><u><a href=\"https:\/\/www.isbn-international.org\/\">International ISBN Agency<\/a><\/u><\/strong>&nbsp;<\/li>\n\n\n\n<li><strong><u><a href=\"https:\/\/www.ismn-international.org\/\">International ISMN Agency&nbsp;<\/a><\/u><\/strong><\/li>\n\n\n\n<li><strong><u><a href=\"http:\/\/www.issn.org\/\">ISSN International Centre<\/a><\/u><\/strong><\/li>\n\n\n\n<li><strong>LIBER<\/strong> \u2013 <em><u><a href=\"http:\/\/www.libereurope.eu\/\" target=\"_blank\" rel=\"noreferrer noopener\">Ligue des Biblioth\u00e8ques Europ\u00e9ennes de Recherche<\/a><\/u><\/em><\/li>\n\n\n\n<li><strong><em><u><a href=\"https:\/\/udcc.org\/\" target=\"_blank\" rel=\"noreferrer noopener\">UDC Consortium<\/a><\/u><\/em><\/strong> <strong>VIAF <\/strong>\u2013 <em><u><a href=\"http:\/\/www.oclc.org\/viaf.en.html\" target=\"_blank\" rel=\"noreferrer noopener\">Virtual International Authority File<\/a><\/u><\/em><\/li>\n<\/ul>\n","protected":false},"excerpt":{"rendered":"<p>Through its cooperation with professionals and researchers on an international level through projects, international exhibitions and its staff participating in the work of various&#8230;<\/p>\n","protected":false},"author":4,"featured_media":0,"parent":0,"menu_order":0,"comment_status":"closed","ping_status":"closed","template":"","meta":{"_acf_changed":false,"ngg_post_thumbnail":0,"footnotes":""},"class_list":["post-94461","page","type-page","status-publish","hentry"],"acf":[],"yoast_head":"<!-- This site is optimized with the Yoast SEO plugin v25.4 - https:\/\/yoast.com\/wordpress\/plugins\/seo\/ -->\n<title>International cooperation - Nacionalna i sveu\u010dili\u0161na knji\u017enica u Zagrebu<\/title>\n<meta name=\"description\" content=\"Through its cooperation with professionals and researchers on an international level through projects, international exhibitions and its staff participating in the work of various international associations, NSK, the National and University Library in Zagreb, globally promotes Croatia\u2019s cultural heritage, increases the visibility of the national research output and makes significant contribution to the transfer of knowledge and technologies on an international scale.\" \/>\n<meta name=\"robots\" content=\"index, follow, max-snippet:-1, max-image-preview:large, max-video-preview:-1\" \/>\n<link rel=\"canonical\" href=\"https:\/\/nsk.hr\/en\/international-cooperation-2\/\" \/>\n<meta property=\"og:locale\" content=\"en_US\" \/>\n<meta property=\"og:type\" content=\"article\" \/>\n<meta property=\"og:title\" content=\"International cooperation - Nacionalna i sveu\u010dili\u0161na knji\u017enica u Zagrebu\" \/>\n<meta property=\"og:description\" content=\"Through its cooperation with professionals and researchers on an international level through projects, international exhibitions and its staff participating in the work of various international associations, NSK, the National and University Library in Zagreb, globally promotes Croatia\u2019s cultural heritage, increases the visibility of the national research output and makes significant contribution to the transfer of knowledge and technologies on an international scale.\" \/>\n<meta property=\"og:url\" content=\"https:\/\/nsk.hr\/en\/international-cooperation-2\/\" \/>\n<meta property=\"og:site_name\" content=\"Nacionalna i sveu\u010dili\u0161na knji\u017enica u Zagrebu\" \/>\n<meta property=\"article:modified_time\" content=\"2025-01-02T10:52:17+00:00\" \/>\n<meta property=\"og:image\" content=\"https:\/\/nsk.hr\/wp-content\/uploads\/2023\/11\/nsk323-scaled.jpg\" \/>\n\t<meta property=\"og:image:width\" content=\"1860\" \/>\n\t<meta property=\"og:image:height\" content=\"1240\" \/>\n\t<meta property=\"og:image:type\" content=\"image\/jpeg\" \/>\n<meta name=\"twitter:card\" content=\"summary_large_image\" \/>\n<script type=\"application\/ld+json\" class=\"yoast-schema-graph\">{\"@context\":\"https:\/\/schema.org\",\"@graph\":[{\"@type\":\"WebPage\",\"@id\":\"https:\/\/nsk.hr\/en\/international-cooperation-2\/\",\"url\":\"https:\/\/nsk.hr\/en\/international-cooperation-2\/\",\"name\":\"International cooperation - Nacionalna i sveu\u010dili\u0161na knji\u017enica u Zagrebu\",\"isPartOf\":{\"@id\":\"https:\/\/nsk.hr\/en\/#website\"},\"primaryImageOfPage\":{\"@id\":\"https:\/\/nsk.hr\/en\/international-cooperation-2\/#primaryimage\"},\"image\":{\"@id\":\"https:\/\/nsk.hr\/en\/international-cooperation-2\/#primaryimage\"},\"thumbnailUrl\":\"https:\/\/nsk.hr\/wp-content\/uploads\/2023\/11\/nsk323-1024x683.jpg\",\"datePublished\":\"2025-01-02T10:52:16+00:00\",\"dateModified\":\"2025-01-02T10:52:17+00:00\",\"description\":\"Through its cooperation with professionals and researchers on an international level through projects, international exhibitions and its staff participating in the work of various international associations, NSK, the National and University Library in Zagreb, globally promotes Croatia\u2019s cultural heritage, increases the visibility of the national research output and makes significant contribution to the transfer of knowledge and technologies on an international scale.\",\"breadcrumb\":{\"@id\":\"https:\/\/nsk.hr\/en\/international-cooperation-2\/#breadcrumb\"},\"inLanguage\":\"en-US\",\"potentialAction\":[{\"@type\":\"ReadAction\",\"target\":[\"https:\/\/nsk.hr\/en\/international-cooperation-2\/\"]}]},{\"@type\":\"ImageObject\",\"inLanguage\":\"en-US\",\"@id\":\"https:\/\/nsk.hr\/en\/international-cooperation-2\/#primaryimage\",\"url\":\"https:\/\/nsk.hr\/wp-content\/uploads\/2023\/11\/nsk323-1024x683.jpg\",\"contentUrl\":\"https:\/\/nsk.hr\/wp-content\/uploads\/2023\/11\/nsk323-1024x683.jpg\"},{\"@type\":\"BreadcrumbList\",\"@id\":\"https:\/\/nsk.hr\/en\/international-cooperation-2\/#breadcrumb\",\"itemListElement\":[{\"@type\":\"ListItem\",\"position\":1,\"name\":\"Homepage\",\"item\":\"https:\/\/nsk.hr\/en\/\"},{\"@type\":\"ListItem\",\"position\":2,\"name\":\"International cooperation\"}]},{\"@type\":\"WebSite\",\"@id\":\"https:\/\/nsk.hr\/en\/#website\",\"url\":\"https:\/\/nsk.hr\/en\/\",\"name\":\"Nacionalna i sveu\u010dili\u0161na knji\u017enica u Zagrebu\",\"description\":\"\",\"potentialAction\":[{\"@type\":\"SearchAction\",\"target\":{\"@type\":\"EntryPoint\",\"urlTemplate\":\"https:\/\/nsk.hr\/en\/?s={search_term_string}\"},\"query-input\":{\"@type\":\"PropertyValueSpecification\",\"valueRequired\":true,\"valueName\":\"search_term_string\"}}],\"inLanguage\":\"en-US\"}]}<\/script>\n<!-- \/ Yoast SEO plugin. -->","yoast_head_json":{"title":"International cooperation - Nacionalna i sveu\u010dili\u0161na knji\u017enica u Zagrebu","description":"Through its cooperation with professionals and researchers on an international level through projects, international exhibitions and its staff participating in the work of various international associations, NSK, the National and University Library in Zagreb, globally promotes Croatia\u2019s cultural heritage, increases the visibility of the national research output and makes significant contribution to the transfer of knowledge and technologies on an international scale.","robots":{"index":"index","follow":"follow","max-snippet":"max-snippet:-1","max-image-preview":"max-image-preview:large","max-video-preview":"max-video-preview:-1"},"canonical":"https:\/\/nsk.hr\/en\/international-cooperation-2\/","og_locale":"en_US","og_type":"article","og_title":"International cooperation - Nacionalna i sveu\u010dili\u0161na knji\u017enica u Zagrebu","og_description":"Through its cooperation with professionals and researchers on an international level through projects, international exhibitions and its staff participating in the work of various international associations, NSK, the National and University Library in Zagreb, globally promotes Croatia\u2019s cultural heritage, increases the visibility of the national research output and makes significant contribution to the transfer of knowledge and technologies on an international scale.","og_url":"https:\/\/nsk.hr\/en\/international-cooperation-2\/","og_site_name":"Nacionalna i sveu\u010dili\u0161na knji\u017enica u Zagrebu","article_modified_time":"2025-01-02T10:52:17+00:00","og_image":[{"width":1860,"height":1240,"url":"https:\/\/nsk.hr\/wp-content\/uploads\/2023\/11\/nsk323-scaled.jpg","type":"image\/jpeg"}],"twitter_card":"summary_large_image","schema":{"@context":"https:\/\/schema.org","@graph":[{"@type":"WebPage","@id":"https:\/\/nsk.hr\/en\/international-cooperation-2\/","url":"https:\/\/nsk.hr\/en\/international-cooperation-2\/","name":"International cooperation - Nacionalna i sveu\u010dili\u0161na knji\u017enica u Zagrebu","isPartOf":{"@id":"https:\/\/nsk.hr\/en\/#website"},"primaryImageOfPage":{"@id":"https:\/\/nsk.hr\/en\/international-cooperation-2\/#primaryimage"},"image":{"@id":"https:\/\/nsk.hr\/en\/international-cooperation-2\/#primaryimage"},"thumbnailUrl":"https:\/\/nsk.hr\/wp-content\/uploads\/2023\/11\/nsk323-1024x683.jpg","datePublished":"2025-01-02T10:52:16+00:00","dateModified":"2025-01-02T10:52:17+00:00","description":"Through its cooperation with professionals and researchers on an international level through projects, international exhibitions and its staff participating in the work of various international associations, NSK, the National and University Library in Zagreb, globally promotes Croatia\u2019s cultural heritage, increases the visibility of the national research output and makes significant contribution to the transfer of knowledge and technologies on an international scale.","breadcrumb":{"@id":"https:\/\/nsk.hr\/en\/international-cooperation-2\/#breadcrumb"},"inLanguage":"en-US","potentialAction":[{"@type":"ReadAction","target":["https:\/\/nsk.hr\/en\/international-cooperation-2\/"]}]},{"@type":"ImageObject","inLanguage":"en-US","@id":"https:\/\/nsk.hr\/en\/international-cooperation-2\/#primaryimage","url":"https:\/\/nsk.hr\/wp-content\/uploads\/2023\/11\/nsk323-1024x683.jpg","contentUrl":"https:\/\/nsk.hr\/wp-content\/uploads\/2023\/11\/nsk323-1024x683.jpg"},{"@type":"BreadcrumbList","@id":"https:\/\/nsk.hr\/en\/international-cooperation-2\/#breadcrumb","itemListElement":[{"@type":"ListItem","position":1,"name":"Homepage","item":"https:\/\/nsk.hr\/en\/"},{"@type":"ListItem","position":2,"name":"International cooperation"}]},{"@type":"WebSite","@id":"https:\/\/nsk.hr\/en\/#website","url":"https:\/\/nsk.hr\/en\/","name":"Nacionalna i sveu\u010dili\u0161na knji\u017enica u Zagrebu","description":"","potentialAction":[{"@type":"SearchAction","target":{"@type":"EntryPoint","urlTemplate":"https:\/\/nsk.hr\/en\/?s={search_term_string}"},"query-input":{"@type":"PropertyValueSpecification","valueRequired":true,"valueName":"search_term_string"}}],"inLanguage":"en-US"}]}},"_links":{"self":[{"href":"https:\/\/nsk.hr\/en\/wp-json\/wp\/v2\/pages\/94461","targetHints":{"allow":["GET"]}}],"collection":[{"href":"https:\/\/nsk.hr\/en\/wp-json\/wp\/v2\/pages"}],"about":[{"href":"https:\/\/nsk.hr\/en\/wp-json\/wp\/v2\/types\/page"}],"author":[{"embeddable":true,"href":"https:\/\/nsk.hr\/en\/wp-json\/wp\/v2\/users\/4"}],"replies":[{"embeddable":true,"href":"https:\/\/nsk.hr\/en\/wp-json\/wp\/v2\/comments?post=94461"}],"version-history":[{"count":1,"href":"https:\/\/nsk.hr\/en\/wp-json\/wp\/v2\/pages\/94461\/revisions"}],"predecessor-version":[{"id":94463,"href":"https:\/\/nsk.hr\/en\/wp-json\/wp\/v2\/pages\/94461\/revisions\/94463"}],"wp:attachment":[{"href":"https:\/\/nsk.hr\/en\/wp-json\/wp\/v2\/media?parent=94461"}],"curies":[{"name":"wp","href":"https:\/\/api.w.org\/{rel}","templated":true}]}}