{"id":94453,"date":"2025-01-02T11:49:05","date_gmt":"2025-01-02T10:49:05","guid":{"rendered":"https:\/\/nsk.hr\/?page_id=94453"},"modified":"2025-07-25T16:08:42","modified_gmt":"2025-07-25T14:08:42","slug":"nsk-organisational-structure-2","status":"publish","type":"page","link":"https:\/\/nsk.hr\/en\/nsk-organisational-structure-2\/","title":{"rendered":"NSK organisational structure"},"content":{"rendered":"\n<figure class=\"wp-block-image size-full\"><img decoding=\"async\" width=\"1024\" height=\"683\" data-src=\"https:\/\/nsk.hr\/wp-content\/uploads\/2023\/11\/NSKWeb_NSK-organisational-structure.png\" alt=\"Director General of NSK, the National and University Library in Zagreb, Dr Ivanka Stri\u010devi\u0107.\" class=\"wp-image-86366 lazyload\" data-srcset=\"https:\/\/nsk.hr\/wp-content\/uploads\/2023\/11\/NSKWeb_NSK-organisational-structure.png 1024w, https:\/\/nsk.hr\/wp-content\/uploads\/2023\/11\/NSKWeb_NSK-organisational-structure-300x200.png 300w, https:\/\/nsk.hr\/wp-content\/uploads\/2023\/11\/NSKWeb_NSK-organisational-structure-768x512.png 768w\" data-sizes=\"(max-width: 1024px) 100vw, 1024px\" src=\"data:image\/svg+xml;base64,PHN2ZyB3aWR0aD0iMSIgaGVpZ2h0PSIxIiB4bWxucz0iaHR0cDovL3d3dy53My5vcmcvMjAwMC9zdmciPjwvc3ZnPg==\" style=\"--smush-placeholder-width: 1024px; --smush-placeholder-aspect-ratio: 1024\/683;\" \/><\/figure>\n\n\n\n<h2 class=\"wp-block-heading\"><strong>NSK Governing Board<\/strong> <\/h2>\n\n\n\n<ul class=\"wp-block-list\">\n<li>Dr Jozo Ivanovi\u0107, Chairman of the Library Governing Board, representative of the Ministry of Culture and Media&nbsp;<\/li>\n\n\n\n<li>Dr Sofija Klarin Zadravec, Deputy Chairman of the Library Governing Board, representative of the National and University Library in Zagreb&nbsp;<\/li>\n\n\n\n<li>Amalija Babi\u0107, representative of the Ministry of Science and Education<\/li>\n\n\n\n<li>Fellow of the Croatian Academy of Sciences and Arts Kre\u0161imir Nemec, representative of the Ministry of Culture and Media,&nbsp;<\/li>\n\n\n\n<li>Ivana Prgin, representative of the Ministry of Culture and Media&nbsp;<\/li>\n\n\n\n<li>Ivana Puljiz, representative of the Ministry of Science and Education&nbsp;<\/li>\n\n\n\n<li>Tamara Ili\u0107 Oluji\u0107, representative of the National and University Library in Zagreb&nbsp;<\/li>\n\n\n\n<li>Ivan Milanovi\u0107-Litre, representative of the Ministry of Science and Education&nbsp;<\/li>\n\n\n\n<li>Tomislav Milkovi\u0107, representative of the National and University Library in Zagreb <\/li>\n<\/ul>\n\n\n\n<h2 class=\"wp-block-heading\"><strong>NSK Director General<\/strong><\/h2>\n\n\n\n<ul class=\"wp-block-list\">\n<li>Dr Ivanka Stri\u010devi\u0107, Director General of the National and University Library in Zagreb <\/li>\n<\/ul>\n\n\n\n<h2 class=\"wp-block-heading\"><strong>Assistants to NSK Director General<\/strong><\/h2>\n\n\n\n<ul class=\"wp-block-list\">\n<li>Dr Sofija Klarin Zadravec, Assistant Director General for National Library Affairs&nbsp;<\/li>\n\n\n\n<li>Dr Dijana Machala, Assistant Director General for University Library Affairs<\/li>\n\n\n\n<li>Tatjana Marincel Borkovi\u0107, Assistant Director General for Financial and Legal Affairs<\/li>\n<\/ul>\n\n\n\n<p><a href=\"https:\/\/nsk.hr\/en\/nsk-organisational-structure\/nsk-departments-divisions-and-sections\/\">Departments, Divisions and Sections of the National and University Library in Zagreb<\/a><\/p>\n\n\n\n<p><a href=\"https:\/\/nsk.hr\/en\/nsk-organisational-structure\/nsk-departments-divisions-and-sections\/nsk-organisation-chart\/\">NSK Organisation Chart<\/a><\/p>\n","protected":false},"excerpt":{"rendered":"<p>NSK Governing Board NSK Director General Assistants to NSK Director General Departments, Divisions and Sections of the National and University Library in Zagreb NSK&#8230;<\/p>\n","protected":false},"author":4,"featured_media":80757,"parent":0,"menu_order":0,"comment_status":"closed","ping_status":"closed","template":"","meta":{"_acf_changed":false,"ngg_post_thumbnail":0,"footnotes":""},"class_list":["post-94453","page","type-page","status-publish","has-post-thumbnail","hentry"],"acf":[],"yoast_head":"<!-- This site is optimized with the Yoast SEO plugin v25.4 - https:\/\/yoast.com\/wordpress\/plugins\/seo\/ -->\n<title>NSK organisational structure - Nacionalna i sveu\u010dili\u0161na knji\u017enica u Zagrebu<\/title>\n<meta name=\"robots\" content=\"index, follow, max-snippet:-1, max-image-preview:large, max-video-preview:-1\" \/>\n<link rel=\"canonical\" href=\"https:\/\/nsk.hr\/en\/nsk-organisational-structure-2\/\" \/>\n<meta property=\"og:locale\" content=\"en_US\" \/>\n<meta property=\"og:type\" content=\"article\" \/>\n<meta property=\"og:title\" content=\"NSK organisational structure - Nacionalna i sveu\u010dili\u0161na knji\u017enica u Zagrebu\" \/>\n<meta property=\"og:description\" content=\"NSK Governing Board NSK Director General Assistants to NSK Director General Departments, Divisions and Sections of the National and University Library in Zagreb NSK...\" \/>\n<meta property=\"og:url\" content=\"https:\/\/nsk.hr\/en\/nsk-organisational-structure-2\/\" \/>\n<meta property=\"og:site_name\" content=\"Nacionalna i sveu\u010dili\u0161na knji\u017enica u Zagrebu\" \/>\n<meta property=\"article:modified_time\" content=\"2025-07-25T14:08:42+00:00\" \/>\n<meta property=\"og:image\" content=\"https:\/\/nsk.hr\/wp-content\/uploads\/2023\/09\/HERO-ver-1-scaled.jpg\" \/>\n\t<meta property=\"og:image:width\" content=\"1920\" \/>\n\t<meta property=\"og:image:height\" content=\"1378\" \/>\n\t<meta property=\"og:image:type\" content=\"image\/jpeg\" \/>\n<meta name=\"twitter:card\" content=\"summary_large_image\" \/>\n<meta name=\"twitter:label1\" content=\"Est. reading time\" \/>\n\t<meta name=\"twitter:data1\" content=\"2 minutes\" \/>\n<script type=\"application\/ld+json\" class=\"yoast-schema-graph\">{\"@context\":\"https:\/\/schema.org\",\"@graph\":[{\"@type\":\"WebPage\",\"@id\":\"https:\/\/nsk.hr\/en\/nsk-organisational-structure-2\/\",\"url\":\"https:\/\/nsk.hr\/en\/nsk-organisational-structure-2\/\",\"name\":\"NSK organisational structure - Nacionalna i sveu\u010dili\u0161na knji\u017enica u Zagrebu\",\"isPartOf\":{\"@id\":\"https:\/\/nsk.hr\/en\/#website\"},\"primaryImageOfPage\":{\"@id\":\"https:\/\/nsk.hr\/en\/nsk-organisational-structure-2\/#primaryimage\"},\"image\":{\"@id\":\"https:\/\/nsk.hr\/en\/nsk-organisational-structure-2\/#primaryimage\"},\"thumbnailUrl\":\"https:\/\/nsk.hr\/wp-content\/uploads\/2023\/09\/HERO-ver-1-scaled.jpg\",\"datePublished\":\"2025-01-02T10:49:05+00:00\",\"dateModified\":\"2025-07-25T14:08:42+00:00\",\"breadcrumb\":{\"@id\":\"https:\/\/nsk.hr\/en\/nsk-organisational-structure-2\/#breadcrumb\"},\"inLanguage\":\"en-US\",\"potentialAction\":[{\"@type\":\"ReadAction\",\"target\":[\"https:\/\/nsk.hr\/en\/nsk-organisational-structure-2\/\"]}]},{\"@type\":\"ImageObject\",\"inLanguage\":\"en-US\",\"@id\":\"https:\/\/nsk.hr\/en\/nsk-organisational-structure-2\/#primaryimage\",\"url\":\"https:\/\/nsk.hr\/wp-content\/uploads\/2023\/09\/HERO-ver-1-scaled.jpg\",\"contentUrl\":\"https:\/\/nsk.hr\/wp-content\/uploads\/2023\/09\/HERO-ver-1-scaled.jpg\",\"width\":1920,\"height\":1378},{\"@type\":\"BreadcrumbList\",\"@id\":\"https:\/\/nsk.hr\/en\/nsk-organisational-structure-2\/#breadcrumb\",\"itemListElement\":[{\"@type\":\"ListItem\",\"position\":1,\"name\":\"Homepage\",\"item\":\"https:\/\/nsk.hr\/en\/\"},{\"@type\":\"ListItem\",\"position\":2,\"name\":\"NSK organisational structure\"}]},{\"@type\":\"WebSite\",\"@id\":\"https:\/\/nsk.hr\/en\/#website\",\"url\":\"https:\/\/nsk.hr\/en\/\",\"name\":\"Nacionalna i sveu\u010dili\u0161na knji\u017enica u Zagrebu\",\"description\":\"\",\"potentialAction\":[{\"@type\":\"SearchAction\",\"target\":{\"@type\":\"EntryPoint\",\"urlTemplate\":\"https:\/\/nsk.hr\/en\/?s={search_term_string}\"},\"query-input\":{\"@type\":\"PropertyValueSpecification\",\"valueRequired\":true,\"valueName\":\"search_term_string\"}}],\"inLanguage\":\"en-US\"}]}<\/script>\n<!-- \/ Yoast SEO plugin. -->","yoast_head_json":{"title":"NSK organisational structure - Nacionalna i sveu\u010dili\u0161na knji\u017enica u Zagrebu","robots":{"index":"index","follow":"follow","max-snippet":"max-snippet:-1","max-image-preview":"max-image-preview:large","max-video-preview":"max-video-preview:-1"},"canonical":"https:\/\/nsk.hr\/en\/nsk-organisational-structure-2\/","og_locale":"en_US","og_type":"article","og_title":"NSK organisational structure - Nacionalna i sveu\u010dili\u0161na knji\u017enica u Zagrebu","og_description":"NSK Governing Board NSK Director General Assistants to NSK Director General Departments, Divisions and Sections of the National and University Library in Zagreb NSK...","og_url":"https:\/\/nsk.hr\/en\/nsk-organisational-structure-2\/","og_site_name":"Nacionalna i sveu\u010dili\u0161na knji\u017enica u Zagrebu","article_modified_time":"2025-07-25T14:08:42+00:00","og_image":[{"width":1920,"height":1378,"url":"https:\/\/nsk.hr\/wp-content\/uploads\/2023\/09\/HERO-ver-1-scaled.jpg","type":"image\/jpeg"}],"twitter_card":"summary_large_image","twitter_misc":{"Est. reading time":"2 minutes"},"schema":{"@context":"https:\/\/schema.org","@graph":[{"@type":"WebPage","@id":"https:\/\/nsk.hr\/en\/nsk-organisational-structure-2\/","url":"https:\/\/nsk.hr\/en\/nsk-organisational-structure-2\/","name":"NSK organisational structure - Nacionalna i sveu\u010dili\u0161na knji\u017enica u Zagrebu","isPartOf":{"@id":"https:\/\/nsk.hr\/en\/#website"},"primaryImageOfPage":{"@id":"https:\/\/nsk.hr\/en\/nsk-organisational-structure-2\/#primaryimage"},"image":{"@id":"https:\/\/nsk.hr\/en\/nsk-organisational-structure-2\/#primaryimage"},"thumbnailUrl":"https:\/\/nsk.hr\/wp-content\/uploads\/2023\/09\/HERO-ver-1-scaled.jpg","datePublished":"2025-01-02T10:49:05+00:00","dateModified":"2025-07-25T14:08:42+00:00","breadcrumb":{"@id":"https:\/\/nsk.hr\/en\/nsk-organisational-structure-2\/#breadcrumb"},"inLanguage":"en-US","potentialAction":[{"@type":"ReadAction","target":["https:\/\/nsk.hr\/en\/nsk-organisational-structure-2\/"]}]},{"@type":"ImageObject","inLanguage":"en-US","@id":"https:\/\/nsk.hr\/en\/nsk-organisational-structure-2\/#primaryimage","url":"https:\/\/nsk.hr\/wp-content\/uploads\/2023\/09\/HERO-ver-1-scaled.jpg","contentUrl":"https:\/\/nsk.hr\/wp-content\/uploads\/2023\/09\/HERO-ver-1-scaled.jpg","width":1920,"height":1378},{"@type":"BreadcrumbList","@id":"https:\/\/nsk.hr\/en\/nsk-organisational-structure-2\/#breadcrumb","itemListElement":[{"@type":"ListItem","position":1,"name":"Homepage","item":"https:\/\/nsk.hr\/en\/"},{"@type":"ListItem","position":2,"name":"NSK organisational structure"}]},{"@type":"WebSite","@id":"https:\/\/nsk.hr\/en\/#website","url":"https:\/\/nsk.hr\/en\/","name":"Nacionalna i sveu\u010dili\u0161na knji\u017enica u Zagrebu","description":"","potentialAction":[{"@type":"SearchAction","target":{"@type":"EntryPoint","urlTemplate":"https:\/\/nsk.hr\/en\/?s={search_term_string}"},"query-input":{"@type":"PropertyValueSpecification","valueRequired":true,"valueName":"search_term_string"}}],"inLanguage":"en-US"}]}},"_links":{"self":[{"href":"https:\/\/nsk.hr\/en\/wp-json\/wp\/v2\/pages\/94453","targetHints":{"allow":["GET"]}}],"collection":[{"href":"https:\/\/nsk.hr\/en\/wp-json\/wp\/v2\/pages"}],"about":[{"href":"https:\/\/nsk.hr\/en\/wp-json\/wp\/v2\/types\/page"}],"author":[{"embeddable":true,"href":"https:\/\/nsk.hr\/en\/wp-json\/wp\/v2\/users\/4"}],"replies":[{"embeddable":true,"href":"https:\/\/nsk.hr\/en\/wp-json\/wp\/v2\/comments?post=94453"}],"version-history":[{"count":7,"href":"https:\/\/nsk.hr\/en\/wp-json\/wp\/v2\/pages\/94453\/revisions"}],"predecessor-version":[{"id":97385,"href":"https:\/\/nsk.hr\/en\/wp-json\/wp\/v2\/pages\/94453\/revisions\/97385"}],"wp:featuredmedia":[{"embeddable":true,"href":"https:\/\/nsk.hr\/en\/wp-json\/wp\/v2\/media\/80757"}],"wp:attachment":[{"href":"https:\/\/nsk.hr\/en\/wp-json\/wp\/v2\/media?parent=94453"}],"curies":[{"name":"wp","href":"https:\/\/api.w.org\/{rel}","templated":true}]}}