{"id":94449,"date":"2025-01-02T11:46:13","date_gmt":"2025-01-02T10:46:13","guid":{"rendered":"https:\/\/nsk.hr\/?page_id=94449"},"modified":"2025-01-02T11:46:21","modified_gmt":"2025-01-02T10:46:21","slug":"nsk-mission-and-vision-2","status":"publish","type":"page","link":"https:\/\/nsk.hr\/en\/nsk-mission-and-vision-2\/","title":{"rendered":"NSK mission and vision\u00a0\u00a0"},"content":{"rendered":"\n<p class=\"is-style-lead\">NSK, the National and University Library in Zagreb, is a vital part of Croatia\u2019s culture and science and an invaluable source of information for all Croatian citizens and everyone interested in Croatia\u2019s cultural heritage and current developments in its cultural and scientific sectors.<\/p>\n\n\n\n<figure class=\"wp-block-image size-full\"><img decoding=\"async\" width=\"1860\" height=\"1240\" data-src=\"https:\/\/nsk.hr\/wp-content\/uploads\/2024\/06\/NSK-mission-and-vision_Boris-Kovacev-scaled.jpg\" alt=\"The grand lobby of NSK, the National and University Library in Zagreb.\" class=\"wp-image-91414 lazyload\" title=\"\" data-srcset=\"https:\/\/nsk.hr\/wp-content\/uploads\/2024\/06\/NSK-mission-and-vision_Boris-Kovacev-scaled.jpg 1860w, https:\/\/nsk.hr\/wp-content\/uploads\/2024\/06\/NSK-mission-and-vision_Boris-Kovacev-300x200.jpg 300w, https:\/\/nsk.hr\/wp-content\/uploads\/2024\/06\/NSK-mission-and-vision_Boris-Kovacev-1024x683.jpg 1024w, https:\/\/nsk.hr\/wp-content\/uploads\/2024\/06\/NSK-mission-and-vision_Boris-Kovacev-768x512.jpg 768w, https:\/\/nsk.hr\/wp-content\/uploads\/2024\/06\/NSK-mission-and-vision_Boris-Kovacev-1536x1024.jpg 1536w, https:\/\/nsk.hr\/wp-content\/uploads\/2024\/06\/NSK-mission-and-vision_Boris-Kovacev-2048x1365.jpg 2048w, https:\/\/nsk.hr\/wp-content\/uploads\/2024\/06\/NSK-mission-and-vision_Boris-Kovacev-1620x1080.jpg 1620w\" data-sizes=\"(max-width: 1860px) 100vw, 1860px\" src=\"data:image\/svg+xml;base64,PHN2ZyB3aWR0aD0iMSIgaGVpZ2h0PSIxIiB4bWxucz0iaHR0cDovL3d3dy53My5vcmcvMjAwMC9zdmciPjwvc3ZnPg==\" style=\"--smush-placeholder-width: 1860px; --smush-placeholder-aspect-ratio: 1860\/1240;\" \/><\/figure>\n\n\n<section  class=\"block-section richText alignment-left\">\n\t<div class=\"container\">\n\t\t<div class=\"acf-innerblocks-container\">\n\n<p>Providing access to both its physical and <a href=\"https:\/\/nsk.hr\/en\/nsk-holdings\/nsk-digital-collections\/\">digital collections<\/a>, NSK also makes available relevant sources of information, a wide range of library services and a dynamic programme of events spotlighting culture.<\/p>\n\n\n\n<p>Rooted in continuity, stability and sustainability, <a href=\"https:\/\/nsk.hr\/wp-content\/uploads\/2024\/03\/Strategija-razvoja-NSK.pdf\">the Library\u2019s strategy<\/a>, vision and development-oriented goals until 2026 are at the same time future-oriented, anticipating challenges and choices which will stimulate and enable the Library\u2019s future growth and advancement.<\/p>\n\n<\/div>\n\t<\/div>\n<\/section>\n\n\n<section  class=\"block-section richText alignment-left\">\n\t<div class=\"container\">\n\t\t<div class=\"acf-innerblocks-container\">\n\n<h2 class=\"wp-block-heading\"><strong>Mission<\/strong><\/h2>\n\n\n\n<p>The mission of NSK, the National and University Library in Zagreb, is to develop library collections and services which enable it to promote Croatia\u2019s cultural and scientific heritage and stimulate the development of the Croatian national library system.<\/p>\n\n<\/div>\n\t<\/div>\n<\/section>\n\n\n<section  class=\"block-section richText alignment-left\">\n\t<div class=\"container\">\n\t\t<div class=\"acf-innerblocks-container\">\n\n<h2 class=\"wp-block-heading\"><strong>Vision<\/strong><\/h2>\n\n\n\n<p>The vision of NSK, the National and University Library in Zagreb, is to be an inspiration hub when it comes to increasing knowledge, undertaking research and contributing to cultural and scientific programmes and initiatives as well as an institution at the forefront of digital transformation, green transition, innovation and cooperation in information-and-heritage management and the development of libraries and library services.<\/p>\n\n<\/div>\n\t<\/div>\n<\/section>\n\n\n<section  class=\"block-section richText alignment-left\">\n\t<div class=\"container\">\n\t\t<div class=\"acf-innerblocks-container\">\n\n<h2 class=\"wp-block-heading\"><strong><strong>Values<\/strong>&nbsp;<\/strong><\/h2>\n\n\n\n<p>Determined to gear its activities to its mission and vision, the National and University Library in Zagreb is guided in its work by the following values:&nbsp;&nbsp;<\/p>\n\n\n\n<ul class=\"wp-block-list\">\n<li>high professional standards<\/li>\n\n\n\n<li>excellence<\/li>\n\n\n\n<li>reliability&nbsp;<\/li>\n\n\n\n<li>innovation and creativity&nbsp;<\/li>\n\n\n\n<li>high ethical standards<\/li>\n\n\n\n<li>openness and teamwork&nbsp;<\/li>\n\n\n\n<li>social responsibility<\/li>\n<\/ul>\n\n<\/div>\n\t<\/div>\n<\/section>\n\n\n<section  class=\"block-section richText alignment-left\">\n\t<div class=\"container\">\n\t\t<div class=\"acf-innerblocks-container\">\n\n<h2 class=\"wp-block-heading\"><strong><em>Passing on ideas through time<\/em><\/strong><\/h2>\n\n\n\n<p>The mission, vision and values of NSK, the National and University Library in Zagreb, reflect the Library\u2019s years-long efforts to effectively respond to the needs and requirements of its users and those of the wider society.<\/p>\n\n\n\n<p>The vision for the development of the National and University Library in Zagreb takes account of the Library\u2019s sphere of work in the future, which anticipation has shaped the Library\u2019s three strategic goals and eleven specific objectives laid out by the Library\u2019s current strategy, <a href=\"https:\/\/nsk.hr\/wp-content\/uploads\/2024\/03\/Strategija-razvoja-NSK.pdf\">NSK Development Strategy 2026<\/a>, and is summed up in the Strategy\u2019s motto as <em>Passing on ideas through time<\/em>.&nbsp;<\/p>\n\n<\/div>\n\t<\/div>\n<\/section>\n","protected":false},"excerpt":{"rendered":"<p>NSK, the National and University Library in Zagreb, is a vital part of Croatia\u2019s culture and science and an invaluable source of information for&#8230;<\/p>\n","protected":false},"author":4,"featured_media":0,"parent":0,"menu_order":0,"comment_status":"closed","ping_status":"closed","template":"","meta":{"_acf_changed":false,"ngg_post_thumbnail":0,"footnotes":""},"class_list":["post-94449","page","type-page","status-publish","hentry"],"acf":[],"yoast_head":"<!-- This site is optimized with the Yoast SEO plugin v25.4 - https:\/\/yoast.com\/wordpress\/plugins\/seo\/ -->\n<title>NSK mission and vision\u00a0\u00a0 - Nacionalna i sveu\u010dili\u0161na knji\u017enica u Zagrebu<\/title>\n<meta name=\"description\" content=\"NSK, the National and University Library in Zagreb, is a vital part of Croatia\u2019s culture and science and an invaluable source of information for all Croatian citizens and everyone interested in Croatia\u2019s cultural heritage and current developments in its cultural and scientific sectors.\" \/>\n<meta name=\"robots\" content=\"index, follow, max-snippet:-1, max-image-preview:large, max-video-preview:-1\" \/>\n<link rel=\"canonical\" href=\"https:\/\/nsk.hr\/en\/nsk-mission-and-vision-2\/\" \/>\n<meta property=\"og:locale\" content=\"en_US\" \/>\n<meta property=\"og:type\" content=\"article\" \/>\n<meta property=\"og:title\" content=\"NSK mission and vision\u00a0\u00a0 - Nacionalna i sveu\u010dili\u0161na knji\u017enica u Zagrebu\" \/>\n<meta property=\"og:description\" content=\"NSK, the National and University Library in Zagreb, is a vital part of Croatia\u2019s culture and science and an invaluable source of information for all Croatian citizens and everyone interested in Croatia\u2019s cultural heritage and current developments in its cultural and scientific sectors.\" \/>\n<meta property=\"og:url\" content=\"https:\/\/nsk.hr\/en\/nsk-mission-and-vision-2\/\" \/>\n<meta property=\"og:site_name\" content=\"Nacionalna i sveu\u010dili\u0161na knji\u017enica u Zagrebu\" \/>\n<meta property=\"article:modified_time\" content=\"2025-01-02T10:46:21+00:00\" \/>\n<meta property=\"og:image\" content=\"https:\/\/nsk.hr\/wp-content\/uploads\/2024\/06\/NSK-mission-and-vision_Boris-Kovacev-scaled.jpg\" \/>\n\t<meta property=\"og:image:width\" content=\"1860\" \/>\n\t<meta property=\"og:image:height\" content=\"1240\" \/>\n\t<meta property=\"og:image:type\" content=\"image\/jpeg\" \/>\n<meta name=\"twitter:card\" content=\"summary_large_image\" \/>\n<meta name=\"twitter:label1\" content=\"Est. reading time\" \/>\n\t<meta name=\"twitter:data1\" content=\"3 minutes\" \/>\n<script type=\"application\/ld+json\" class=\"yoast-schema-graph\">{\"@context\":\"https:\/\/schema.org\",\"@graph\":[{\"@type\":\"WebPage\",\"@id\":\"https:\/\/nsk.hr\/en\/nsk-mission-and-vision-2\/\",\"url\":\"https:\/\/nsk.hr\/en\/nsk-mission-and-vision-2\/\",\"name\":\"NSK mission and vision\u00a0\u00a0 - Nacionalna i sveu\u010dili\u0161na knji\u017enica u Zagrebu\",\"isPartOf\":{\"@id\":\"https:\/\/nsk.hr\/en\/#website\"},\"primaryImageOfPage\":{\"@id\":\"https:\/\/nsk.hr\/en\/nsk-mission-and-vision-2\/#primaryimage\"},\"image\":{\"@id\":\"https:\/\/nsk.hr\/en\/nsk-mission-and-vision-2\/#primaryimage\"},\"thumbnailUrl\":\"https:\/\/nsk.hr\/wp-content\/uploads\/2024\/06\/NSK-mission-and-vision_Boris-Kovacev-scaled.jpg\",\"datePublished\":\"2025-01-02T10:46:13+00:00\",\"dateModified\":\"2025-01-02T10:46:21+00:00\",\"description\":\"NSK, the National and University Library in Zagreb, is a vital part of Croatia\u2019s culture and science and an invaluable source of information for all Croatian citizens and everyone interested in Croatia\u2019s cultural heritage and current developments in its cultural and scientific sectors.\",\"breadcrumb\":{\"@id\":\"https:\/\/nsk.hr\/en\/nsk-mission-and-vision-2\/#breadcrumb\"},\"inLanguage\":\"en-US\",\"potentialAction\":[{\"@type\":\"ReadAction\",\"target\":[\"https:\/\/nsk.hr\/en\/nsk-mission-and-vision-2\/\"]}]},{\"@type\":\"ImageObject\",\"inLanguage\":\"en-US\",\"@id\":\"https:\/\/nsk.hr\/en\/nsk-mission-and-vision-2\/#primaryimage\",\"url\":\"https:\/\/nsk.hr\/wp-content\/uploads\/2024\/06\/NSK-mission-and-vision_Boris-Kovacev-scaled.jpg\",\"contentUrl\":\"https:\/\/nsk.hr\/wp-content\/uploads\/2024\/06\/NSK-mission-and-vision_Boris-Kovacev-scaled.jpg\"},{\"@type\":\"BreadcrumbList\",\"@id\":\"https:\/\/nsk.hr\/en\/nsk-mission-and-vision-2\/#breadcrumb\",\"itemListElement\":[{\"@type\":\"ListItem\",\"position\":1,\"name\":\"Homepage\",\"item\":\"https:\/\/nsk.hr\/en\/\"},{\"@type\":\"ListItem\",\"position\":2,\"name\":\"NSK mission and vision\u00a0\u00a0\"}]},{\"@type\":\"WebSite\",\"@id\":\"https:\/\/nsk.hr\/en\/#website\",\"url\":\"https:\/\/nsk.hr\/en\/\",\"name\":\"Nacionalna i sveu\u010dili\u0161na knji\u017enica u Zagrebu\",\"description\":\"\",\"potentialAction\":[{\"@type\":\"SearchAction\",\"target\":{\"@type\":\"EntryPoint\",\"urlTemplate\":\"https:\/\/nsk.hr\/en\/?s={search_term_string}\"},\"query-input\":{\"@type\":\"PropertyValueSpecification\",\"valueRequired\":true,\"valueName\":\"search_term_string\"}}],\"inLanguage\":\"en-US\"}]}<\/script>\n<!-- \/ Yoast SEO plugin. -->","yoast_head_json":{"title":"NSK mission and vision\u00a0\u00a0 - Nacionalna i sveu\u010dili\u0161na knji\u017enica u Zagrebu","description":"NSK, the National and University Library in Zagreb, is a vital part of Croatia\u2019s culture and science and an invaluable source of information for all Croatian citizens and everyone interested in Croatia\u2019s cultural heritage and current developments in its cultural and scientific sectors.","robots":{"index":"index","follow":"follow","max-snippet":"max-snippet:-1","max-image-preview":"max-image-preview:large","max-video-preview":"max-video-preview:-1"},"canonical":"https:\/\/nsk.hr\/en\/nsk-mission-and-vision-2\/","og_locale":"en_US","og_type":"article","og_title":"NSK mission and vision\u00a0\u00a0 - Nacionalna i sveu\u010dili\u0161na knji\u017enica u Zagrebu","og_description":"NSK, the National and University Library in Zagreb, is a vital part of Croatia\u2019s culture and science and an invaluable source of information for all Croatian citizens and everyone interested in Croatia\u2019s cultural heritage and current developments in its cultural and scientific sectors.","og_url":"https:\/\/nsk.hr\/en\/nsk-mission-and-vision-2\/","og_site_name":"Nacionalna i sveu\u010dili\u0161na knji\u017enica u Zagrebu","article_modified_time":"2025-01-02T10:46:21+00:00","og_image":[{"width":1860,"height":1240,"url":"https:\/\/nsk.hr\/wp-content\/uploads\/2024\/06\/NSK-mission-and-vision_Boris-Kovacev-scaled.jpg","type":"image\/jpeg"}],"twitter_card":"summary_large_image","twitter_misc":{"Est. reading time":"3 minutes"},"schema":{"@context":"https:\/\/schema.org","@graph":[{"@type":"WebPage","@id":"https:\/\/nsk.hr\/en\/nsk-mission-and-vision-2\/","url":"https:\/\/nsk.hr\/en\/nsk-mission-and-vision-2\/","name":"NSK mission and vision\u00a0\u00a0 - Nacionalna i sveu\u010dili\u0161na knji\u017enica u Zagrebu","isPartOf":{"@id":"https:\/\/nsk.hr\/en\/#website"},"primaryImageOfPage":{"@id":"https:\/\/nsk.hr\/en\/nsk-mission-and-vision-2\/#primaryimage"},"image":{"@id":"https:\/\/nsk.hr\/en\/nsk-mission-and-vision-2\/#primaryimage"},"thumbnailUrl":"https:\/\/nsk.hr\/wp-content\/uploads\/2024\/06\/NSK-mission-and-vision_Boris-Kovacev-scaled.jpg","datePublished":"2025-01-02T10:46:13+00:00","dateModified":"2025-01-02T10:46:21+00:00","description":"NSK, the National and University Library in Zagreb, is a vital part of Croatia\u2019s culture and science and an invaluable source of information for all Croatian citizens and everyone interested in Croatia\u2019s cultural heritage and current developments in its cultural and scientific sectors.","breadcrumb":{"@id":"https:\/\/nsk.hr\/en\/nsk-mission-and-vision-2\/#breadcrumb"},"inLanguage":"en-US","potentialAction":[{"@type":"ReadAction","target":["https:\/\/nsk.hr\/en\/nsk-mission-and-vision-2\/"]}]},{"@type":"ImageObject","inLanguage":"en-US","@id":"https:\/\/nsk.hr\/en\/nsk-mission-and-vision-2\/#primaryimage","url":"https:\/\/nsk.hr\/wp-content\/uploads\/2024\/06\/NSK-mission-and-vision_Boris-Kovacev-scaled.jpg","contentUrl":"https:\/\/nsk.hr\/wp-content\/uploads\/2024\/06\/NSK-mission-and-vision_Boris-Kovacev-scaled.jpg"},{"@type":"BreadcrumbList","@id":"https:\/\/nsk.hr\/en\/nsk-mission-and-vision-2\/#breadcrumb","itemListElement":[{"@type":"ListItem","position":1,"name":"Homepage","item":"https:\/\/nsk.hr\/en\/"},{"@type":"ListItem","position":2,"name":"NSK mission and vision\u00a0\u00a0"}]},{"@type":"WebSite","@id":"https:\/\/nsk.hr\/en\/#website","url":"https:\/\/nsk.hr\/en\/","name":"Nacionalna i sveu\u010dili\u0161na knji\u017enica u Zagrebu","description":"","potentialAction":[{"@type":"SearchAction","target":{"@type":"EntryPoint","urlTemplate":"https:\/\/nsk.hr\/en\/?s={search_term_string}"},"query-input":{"@type":"PropertyValueSpecification","valueRequired":true,"valueName":"search_term_string"}}],"inLanguage":"en-US"}]}},"_links":{"self":[{"href":"https:\/\/nsk.hr\/en\/wp-json\/wp\/v2\/pages\/94449","targetHints":{"allow":["GET"]}}],"collection":[{"href":"https:\/\/nsk.hr\/en\/wp-json\/wp\/v2\/pages"}],"about":[{"href":"https:\/\/nsk.hr\/en\/wp-json\/wp\/v2\/types\/page"}],"author":[{"embeddable":true,"href":"https:\/\/nsk.hr\/en\/wp-json\/wp\/v2\/users\/4"}],"replies":[{"embeddable":true,"href":"https:\/\/nsk.hr\/en\/wp-json\/wp\/v2\/comments?post=94449"}],"version-history":[{"count":1,"href":"https:\/\/nsk.hr\/en\/wp-json\/wp\/v2\/pages\/94449\/revisions"}],"predecessor-version":[{"id":94451,"href":"https:\/\/nsk.hr\/en\/wp-json\/wp\/v2\/pages\/94449\/revisions\/94451"}],"wp:attachment":[{"href":"https:\/\/nsk.hr\/en\/wp-json\/wp\/v2\/media?parent=94449"}],"curies":[{"name":"wp","href":"https:\/\/api.w.org\/{rel}","templated":true}]}}