{"id":93030,"date":"2023-11-30T17:19:07","date_gmt":"2023-11-30T16:19:07","guid":{"rendered":"https:\/\/nsk.hr\/?page_id=93030"},"modified":"2025-07-15T11:09:43","modified_gmt":"2025-07-15T09:09:43","slug":"nsk-website-and-social-media-management-team","status":"publish","type":"page","link":"https:\/\/nsk.hr\/en\/nsk-website-and-social-media-management-team\/","title":{"rendered":"NSK Website and Social Media Management Team"},"content":{"rendered":"\n<p><\/p>\n\n\n\n<figure class=\"wp-block-image size-large\"><img decoding=\"async\" width=\"1024\" height=\"617\" data-src=\"https:\/\/nsk.hr\/wp-content\/uploads\/2024\/10\/NSK-Website-and-Social-Media-Team-1024x617.jpg\" alt=\"People discussing matters in a meeting at a large desk with several laptop computers. \" class=\"wp-image-93032 lazyload\" data-srcset=\"https:\/\/nsk.hr\/wp-content\/uploads\/2024\/10\/NSK-Website-and-Social-Media-Team-1024x617.jpg 1024w, https:\/\/nsk.hr\/wp-content\/uploads\/2024\/10\/NSK-Website-and-Social-Media-Team-300x181.jpg 300w, https:\/\/nsk.hr\/wp-content\/uploads\/2024\/10\/NSK-Website-and-Social-Media-Team-768x463.jpg 768w, https:\/\/nsk.hr\/wp-content\/uploads\/2024\/10\/NSK-Website-and-Social-Media-Team.jpg 1280w\" data-sizes=\"(max-width: 1024px) 100vw, 1024px\" src=\"data:image\/svg+xml;base64,PHN2ZyB3aWR0aD0iMSIgaGVpZ2h0PSIxIiB4bWxucz0iaHR0cDovL3d3dy53My5vcmcvMjAwMC9zdmciPjwvc3ZnPg==\" style=\"--smush-placeholder-width: 1024px; --smush-placeholder-aspect-ratio: 1024\/617;\" \/><\/figure>\n\n\n\n<p>NSK website and social media management team: <a href=\"mailto:urednistvo@nsk.hr\">urednistvo@nsk.hr<\/a>.<\/p>\n\n\n\n<p>\u00a9 Nacionalna i sveu\u010dili\u0161na knji\u017enica u Zagrebu<br>Ulica Hrvatske bratske zajednice 4<br>10 000 Zagreb<\/p>\n\n\n\n<p>For the publisher: Professor Ivanka Stri\u010devi\u0107.<\/p>\n","protected":false},"excerpt":{"rendered":"<p>NSK website and social media management team: urednistvo@nsk.hr. \u00a9 Nacionalna i sveu\u010dili\u0161na knji\u017enica u ZagrebuUlica Hrvatske bratske zajednice 410 000 Zagreb For the publisher:&#8230;<\/p>\n","protected":false},"author":11,"featured_media":0,"parent":0,"menu_order":0,"comment_status":"closed","ping_status":"closed","template":"","meta":{"_acf_changed":false,"ngg_post_thumbnail":0,"footnotes":""},"class_list":["post-93030","page","type-page","status-publish","hentry"],"acf":[],"yoast_head":"<!-- This site is optimized with the Yoast SEO plugin v25.4 - https:\/\/yoast.com\/wordpress\/plugins\/seo\/ -->\n<title>NSK Website and Social Media Management Team - Nacionalna i sveu\u010dili\u0161na knji\u017enica u Zagrebu<\/title>\n<meta name=\"description\" content=\"The National and University Library in Zagreb (NSK) has a creative team managing the content it publishes on its website and profiles and pages on social networks (Facebook, Instagram, LinkedIn, X, YouTube).\" \/>\n<meta name=\"robots\" content=\"index, follow, max-snippet:-1, max-image-preview:large, max-video-preview:-1\" \/>\n<link rel=\"canonical\" href=\"https:\/\/nsk.hr\/en\/nsk-website-and-social-media-management-team\/\" \/>\n<meta property=\"og:locale\" content=\"en_US\" \/>\n<meta property=\"og:type\" content=\"article\" \/>\n<meta property=\"og:title\" content=\"NSK Website and Social Media Management Team - Nacionalna i sveu\u010dili\u0161na knji\u017enica u Zagrebu\" \/>\n<meta property=\"og:description\" content=\"The National and University Library in Zagreb (NSK) has a creative team managing the content it publishes on its website and profiles and pages on social networks (Facebook, Instagram, LinkedIn, X, YouTube).\" \/>\n<meta property=\"og:url\" content=\"https:\/\/nsk.hr\/en\/nsk-website-and-social-media-management-team\/\" \/>\n<meta property=\"og:site_name\" content=\"Nacionalna i sveu\u010dili\u0161na knji\u017enica u Zagrebu\" \/>\n<meta property=\"article:modified_time\" content=\"2025-07-15T09:09:43+00:00\" \/>\n<meta property=\"og:image\" content=\"https:\/\/nsk.hr\/wp-content\/uploads\/2024\/10\/NSK-Website-and-Social-Media-Team.jpg\" \/>\n\t<meta property=\"og:image:width\" content=\"1280\" \/>\n\t<meta property=\"og:image:height\" content=\"771\" \/>\n\t<meta property=\"og:image:type\" content=\"image\/jpeg\" \/>\n<meta name=\"twitter:card\" content=\"summary_large_image\" \/>\n<meta name=\"twitter:label1\" content=\"Est. reading time\" \/>\n\t<meta name=\"twitter:data1\" content=\"1 minute\" \/>\n<script type=\"application\/ld+json\" class=\"yoast-schema-graph\">{\"@context\":\"https:\/\/schema.org\",\"@graph\":[{\"@type\":\"WebPage\",\"@id\":\"https:\/\/nsk.hr\/en\/nsk-website-and-social-media-management-team\/\",\"url\":\"https:\/\/nsk.hr\/en\/nsk-website-and-social-media-management-team\/\",\"name\":\"NSK Website and Social Media Management Team - Nacionalna i sveu\u010dili\u0161na knji\u017enica u Zagrebu\",\"isPartOf\":{\"@id\":\"https:\/\/nsk.hr\/en\/#website\"},\"primaryImageOfPage\":{\"@id\":\"https:\/\/nsk.hr\/en\/nsk-website-and-social-media-management-team\/#primaryimage\"},\"image\":{\"@id\":\"https:\/\/nsk.hr\/en\/nsk-website-and-social-media-management-team\/#primaryimage\"},\"thumbnailUrl\":\"https:\/\/nsk.hr\/wp-content\/uploads\/2024\/10\/NSK-Website-and-Social-Media-Team-1024x617.jpg\",\"datePublished\":\"2023-11-30T16:19:07+00:00\",\"dateModified\":\"2025-07-15T09:09:43+00:00\",\"description\":\"The National and University Library in Zagreb (NSK) has a creative team managing the content it publishes on its website and profiles and pages on social networks (Facebook, Instagram, LinkedIn, X, YouTube).\",\"breadcrumb\":{\"@id\":\"https:\/\/nsk.hr\/en\/nsk-website-and-social-media-management-team\/#breadcrumb\"},\"inLanguage\":\"en-US\",\"potentialAction\":[{\"@type\":\"ReadAction\",\"target\":[\"https:\/\/nsk.hr\/en\/nsk-website-and-social-media-management-team\/\"]}]},{\"@type\":\"ImageObject\",\"inLanguage\":\"en-US\",\"@id\":\"https:\/\/nsk.hr\/en\/nsk-website-and-social-media-management-team\/#primaryimage\",\"url\":\"https:\/\/nsk.hr\/wp-content\/uploads\/2024\/10\/NSK-Website-and-Social-Media-Team-1024x617.jpg\",\"contentUrl\":\"https:\/\/nsk.hr\/wp-content\/uploads\/2024\/10\/NSK-Website-and-Social-Media-Team-1024x617.jpg\"},{\"@type\":\"BreadcrumbList\",\"@id\":\"https:\/\/nsk.hr\/en\/nsk-website-and-social-media-management-team\/#breadcrumb\",\"itemListElement\":[{\"@type\":\"ListItem\",\"position\":1,\"name\":\"Homepage\",\"item\":\"https:\/\/nsk.hr\/en\/\"},{\"@type\":\"ListItem\",\"position\":2,\"name\":\"NSK Website and Social Media Management Team\"}]},{\"@type\":\"WebSite\",\"@id\":\"https:\/\/nsk.hr\/en\/#website\",\"url\":\"https:\/\/nsk.hr\/en\/\",\"name\":\"Nacionalna i sveu\u010dili\u0161na knji\u017enica u Zagrebu\",\"description\":\"\",\"potentialAction\":[{\"@type\":\"SearchAction\",\"target\":{\"@type\":\"EntryPoint\",\"urlTemplate\":\"https:\/\/nsk.hr\/en\/?s={search_term_string}\"},\"query-input\":{\"@type\":\"PropertyValueSpecification\",\"valueRequired\":true,\"valueName\":\"search_term_string\"}}],\"inLanguage\":\"en-US\"}]}<\/script>\n<!-- \/ Yoast SEO plugin. -->","yoast_head_json":{"title":"NSK Website and Social Media Management Team - Nacionalna i sveu\u010dili\u0161na knji\u017enica u Zagrebu","description":"The National and University Library in Zagreb (NSK) has a creative team managing the content it publishes on its website and profiles and pages on social networks (Facebook, Instagram, LinkedIn, X, YouTube).","robots":{"index":"index","follow":"follow","max-snippet":"max-snippet:-1","max-image-preview":"max-image-preview:large","max-video-preview":"max-video-preview:-1"},"canonical":"https:\/\/nsk.hr\/en\/nsk-website-and-social-media-management-team\/","og_locale":"en_US","og_type":"article","og_title":"NSK Website and Social Media Management Team - Nacionalna i sveu\u010dili\u0161na knji\u017enica u Zagrebu","og_description":"The National and University Library in Zagreb (NSK) has a creative team managing the content it publishes on its website and profiles and pages on social networks (Facebook, Instagram, LinkedIn, X, YouTube).","og_url":"https:\/\/nsk.hr\/en\/nsk-website-and-social-media-management-team\/","og_site_name":"Nacionalna i sveu\u010dili\u0161na knji\u017enica u Zagrebu","article_modified_time":"2025-07-15T09:09:43+00:00","og_image":[{"width":1280,"height":771,"url":"https:\/\/nsk.hr\/wp-content\/uploads\/2024\/10\/NSK-Website-and-Social-Media-Team.jpg","type":"image\/jpeg"}],"twitter_card":"summary_large_image","twitter_misc":{"Est. reading time":"1 minute"},"schema":{"@context":"https:\/\/schema.org","@graph":[{"@type":"WebPage","@id":"https:\/\/nsk.hr\/en\/nsk-website-and-social-media-management-team\/","url":"https:\/\/nsk.hr\/en\/nsk-website-and-social-media-management-team\/","name":"NSK Website and Social Media Management Team - Nacionalna i sveu\u010dili\u0161na knji\u017enica u Zagrebu","isPartOf":{"@id":"https:\/\/nsk.hr\/en\/#website"},"primaryImageOfPage":{"@id":"https:\/\/nsk.hr\/en\/nsk-website-and-social-media-management-team\/#primaryimage"},"image":{"@id":"https:\/\/nsk.hr\/en\/nsk-website-and-social-media-management-team\/#primaryimage"},"thumbnailUrl":"https:\/\/nsk.hr\/wp-content\/uploads\/2024\/10\/NSK-Website-and-Social-Media-Team-1024x617.jpg","datePublished":"2023-11-30T16:19:07+00:00","dateModified":"2025-07-15T09:09:43+00:00","description":"The National and University Library in Zagreb (NSK) has a creative team managing the content it publishes on its website and profiles and pages on social networks (Facebook, Instagram, LinkedIn, X, YouTube).","breadcrumb":{"@id":"https:\/\/nsk.hr\/en\/nsk-website-and-social-media-management-team\/#breadcrumb"},"inLanguage":"en-US","potentialAction":[{"@type":"ReadAction","target":["https:\/\/nsk.hr\/en\/nsk-website-and-social-media-management-team\/"]}]},{"@type":"ImageObject","inLanguage":"en-US","@id":"https:\/\/nsk.hr\/en\/nsk-website-and-social-media-management-team\/#primaryimage","url":"https:\/\/nsk.hr\/wp-content\/uploads\/2024\/10\/NSK-Website-and-Social-Media-Team-1024x617.jpg","contentUrl":"https:\/\/nsk.hr\/wp-content\/uploads\/2024\/10\/NSK-Website-and-Social-Media-Team-1024x617.jpg"},{"@type":"BreadcrumbList","@id":"https:\/\/nsk.hr\/en\/nsk-website-and-social-media-management-team\/#breadcrumb","itemListElement":[{"@type":"ListItem","position":1,"name":"Homepage","item":"https:\/\/nsk.hr\/en\/"},{"@type":"ListItem","position":2,"name":"NSK Website and Social Media Management Team"}]},{"@type":"WebSite","@id":"https:\/\/nsk.hr\/en\/#website","url":"https:\/\/nsk.hr\/en\/","name":"Nacionalna i sveu\u010dili\u0161na knji\u017enica u Zagrebu","description":"","potentialAction":[{"@type":"SearchAction","target":{"@type":"EntryPoint","urlTemplate":"https:\/\/nsk.hr\/en\/?s={search_term_string}"},"query-input":{"@type":"PropertyValueSpecification","valueRequired":true,"valueName":"search_term_string"}}],"inLanguage":"en-US"}]}},"_links":{"self":[{"href":"https:\/\/nsk.hr\/en\/wp-json\/wp\/v2\/pages\/93030","targetHints":{"allow":["GET"]}}],"collection":[{"href":"https:\/\/nsk.hr\/en\/wp-json\/wp\/v2\/pages"}],"about":[{"href":"https:\/\/nsk.hr\/en\/wp-json\/wp\/v2\/types\/page"}],"author":[{"embeddable":true,"href":"https:\/\/nsk.hr\/en\/wp-json\/wp\/v2\/users\/11"}],"replies":[{"embeddable":true,"href":"https:\/\/nsk.hr\/en\/wp-json\/wp\/v2\/comments?post=93030"}],"version-history":[{"count":2,"href":"https:\/\/nsk.hr\/en\/wp-json\/wp\/v2\/pages\/93030\/revisions"}],"predecessor-version":[{"id":97241,"href":"https:\/\/nsk.hr\/en\/wp-json\/wp\/v2\/pages\/93030\/revisions\/97241"}],"wp:attachment":[{"href":"https:\/\/nsk.hr\/en\/wp-json\/wp\/v2\/media?parent=93030"}],"curies":[{"name":"wp","href":"https:\/\/api.w.org\/{rel}","templated":true}]}}