{"id":92795,"date":"2023-10-02T20:23:12","date_gmt":"2023-10-02T18:23:12","guid":{"rendered":"https:\/\/nsk.hr\/?page_id=92795"},"modified":"2024-10-04T14:13:12","modified_gmt":"2024-10-04T12:13:12","slug":"e-resources","status":"publish","type":"page","link":"https:\/\/nsk.hr\/en\/nsk-holdings\/e-resources\/","title":{"rendered":"E-resources"},"content":{"rendered":"\n<p class=\"is-style-lead\">The National and University Library in Zagreb (NSK) provides access to a wide range of internationally relevant academic databases, e-journals and other resources offering scientific and specialised information.<\/p>\n\n\n\n<figure class=\"wp-block-image size-large\"><img decoding=\"async\" width=\"1024\" height=\"683\" data-src=\"https:\/\/nsk.hr\/wp-content\/uploads\/2024\/10\/NSK_E-resources-1-1024x683.jpg\" alt=\"NSK user sitting at a laptop computer whose screen is showing the homepage of the NSK\u2019s e-resources website.\" class=\"wp-image-92801 lazyload\" data-srcset=\"https:\/\/nsk.hr\/wp-content\/uploads\/2024\/10\/NSK_E-resources-1-1024x683.jpg 1024w, https:\/\/nsk.hr\/wp-content\/uploads\/2024\/10\/NSK_E-resources-1-300x200.jpg 300w, https:\/\/nsk.hr\/wp-content\/uploads\/2024\/10\/NSK_E-resources-1-768x512.jpg 768w, https:\/\/nsk.hr\/wp-content\/uploads\/2024\/10\/NSK_E-resources-1-1536x1024.jpg 1536w, https:\/\/nsk.hr\/wp-content\/uploads\/2024\/10\/NSK_E-resources-1-2048x1365.jpg 2048w, https:\/\/nsk.hr\/wp-content\/uploads\/2024\/10\/NSK_E-resources-1-1620x1080.jpg 1620w, https:\/\/nsk.hr\/wp-content\/uploads\/2024\/10\/NSK_E-resources-1-scaled.jpg 1920w\" data-sizes=\"(max-width: 1024px) 100vw, 1024px\" src=\"data:image\/svg+xml;base64,PHN2ZyB3aWR0aD0iMSIgaGVpZ2h0PSIxIiB4bWxucz0iaHR0cDovL3d3dy53My5vcmcvMjAwMC9zdmciPjwvc3ZnPg==\" style=\"--smush-placeholder-width: 1024px; --smush-placeholder-aspect-ratio: 1024\/683;\" \/><\/figure>\n\n\n\n<p>As Croatia\u2019s central library institution, NSK coordinates the acquisition of international scientific resources for the Croatian academic community and researchers and provides access to platforms such as Web of Science and Scopus as well as to e-journals published by renowned academic publishers such as Wiley, IEEE, JSTOR, etc.<\/p>\n\n\n\n<p>Also, NSK enables access to these resources at the level of the <a href=\"https:\/\/www.unizg.hr\/homepage\/\">University of Zagreb<\/a>, as the University\u2019s central library. <\/p>\n\n\n\n<p>Apart from international peer-reviewed journals, conference proceedings, books and dissertations, the available resources include other relevant scientific and specialised material such as reports, patents, research data, reviews, audio-visual material, etc.<\/p>\n\n\n\n<section class=\"nsk-section nsk-button position-relative my-6\" >\n\t<div class=\"container\">\n\t\t<div class=\"row\">\n\t\t\t<div class=\"col-12\">\n\t\t\t\t<div class=\"nsk-button__button\">\n\t\t\t\t\t\t\t\t\t\t\t<div class=\"nsk-button__link-wrap text-center text-lg-left\">\n\t\t\t\t\t\t\t\n<a   href=\"http:\/\/baze.nsk.hr\/\" class=\"btn btn-primary align-items-center text-image-block__button btn-lg  align-items-center justify-content-center\"   >\n\t\t\t\t\t<span class=\"text\">Search NSK e-resources<\/span>\n\t<\/a>\n\t\t\t\t\t\t<\/div>\n\t\t\t\t\t\t\t\t\t<\/div>\n\t\t\t<\/div>\n\t\t<\/div>\n\t<\/div>\n<\/section>\n\n\n\n<p><\/p>\n","protected":false},"excerpt":{"rendered":"<p>The National and University Library in Zagreb (NSK) provides access to a wide range of internationally relevant academic databases, e-journals and other resources offering&#8230;<\/p>\n","protected":false},"author":11,"featured_media":0,"parent":85571,"menu_order":0,"comment_status":"closed","ping_status":"closed","template":"","meta":{"_acf_changed":false,"ngg_post_thumbnail":0,"footnotes":""},"class_list":["post-92795","page","type-page","status-publish","hentry"],"acf":[],"yoast_head":"<!-- This site is optimized with the Yoast SEO plugin v25.4 - https:\/\/yoast.com\/wordpress\/plugins\/seo\/ -->\n<title>E-resources - Nacionalna i sveu\u010dili\u0161na knji\u017enica u Zagrebu<\/title>\n<meta name=\"description\" content=\"The National and University Library in Zagreb (NSK) provides access to a wide range of internationally relevant academic databases, e-journals and other resources offering scientific and specialised information.\" \/>\n<meta name=\"robots\" content=\"index, follow, max-snippet:-1, max-image-preview:large, max-video-preview:-1\" \/>\n<link rel=\"canonical\" href=\"https:\/\/nsk.hr\/en\/nsk-holdings\/e-resources\/\" \/>\n<meta property=\"og:locale\" content=\"en_US\" \/>\n<meta property=\"og:type\" content=\"article\" \/>\n<meta property=\"og:title\" content=\"E-resources - Nacionalna i sveu\u010dili\u0161na knji\u017enica u Zagrebu\" \/>\n<meta property=\"og:description\" content=\"The National and University Library in Zagreb (NSK) provides access to a wide range of internationally relevant academic databases, e-journals and other resources offering scientific and specialised information.\" \/>\n<meta property=\"og:url\" content=\"https:\/\/nsk.hr\/en\/nsk-holdings\/e-resources\/\" \/>\n<meta property=\"og:site_name\" content=\"Nacionalna i sveu\u010dili\u0161na knji\u017enica u Zagrebu\" \/>\n<meta property=\"article:modified_time\" content=\"2024-10-04T12:13:12+00:00\" \/>\n<meta property=\"og:image\" content=\"https:\/\/nsk.hr\/wp-content\/uploads\/2024\/10\/NSK_E-resources-1-1024x683.jpg\" \/>\n<meta name=\"twitter:card\" content=\"summary_large_image\" \/>\n<meta name=\"twitter:label1\" content=\"Est. reading time\" \/>\n\t<meta name=\"twitter:data1\" content=\"1 minute\" \/>\n<script type=\"application\/ld+json\" class=\"yoast-schema-graph\">{\"@context\":\"https:\/\/schema.org\",\"@graph\":[{\"@type\":\"WebPage\",\"@id\":\"https:\/\/nsk.hr\/en\/nsk-holdings\/e-resources\/\",\"url\":\"https:\/\/nsk.hr\/en\/nsk-holdings\/e-resources\/\",\"name\":\"E-resources - Nacionalna i sveu\u010dili\u0161na knji\u017enica u Zagrebu\",\"isPartOf\":{\"@id\":\"https:\/\/nsk.hr\/en\/#website\"},\"primaryImageOfPage\":{\"@id\":\"https:\/\/nsk.hr\/en\/nsk-holdings\/e-resources\/#primaryimage\"},\"image\":{\"@id\":\"https:\/\/nsk.hr\/en\/nsk-holdings\/e-resources\/#primaryimage\"},\"thumbnailUrl\":\"https:\/\/nsk.hr\/wp-content\/uploads\/2024\/10\/NSK_E-resources-1-1024x683.jpg\",\"datePublished\":\"2023-10-02T18:23:12+00:00\",\"dateModified\":\"2024-10-04T12:13:12+00:00\",\"description\":\"The National and University Library in Zagreb (NSK) provides access to a wide range of internationally relevant academic databases, e-journals and other resources offering scientific and specialised information.\",\"breadcrumb\":{\"@id\":\"https:\/\/nsk.hr\/en\/nsk-holdings\/e-resources\/#breadcrumb\"},\"inLanguage\":\"en-US\",\"potentialAction\":[{\"@type\":\"ReadAction\",\"target\":[\"https:\/\/nsk.hr\/en\/nsk-holdings\/e-resources\/\"]}]},{\"@type\":\"ImageObject\",\"inLanguage\":\"en-US\",\"@id\":\"https:\/\/nsk.hr\/en\/nsk-holdings\/e-resources\/#primaryimage\",\"url\":\"https:\/\/nsk.hr\/wp-content\/uploads\/2024\/10\/NSK_E-resources-1-1024x683.jpg\",\"contentUrl\":\"https:\/\/nsk.hr\/wp-content\/uploads\/2024\/10\/NSK_E-resources-1-1024x683.jpg\"},{\"@type\":\"BreadcrumbList\",\"@id\":\"https:\/\/nsk.hr\/en\/nsk-holdings\/e-resources\/#breadcrumb\",\"itemListElement\":[{\"@type\":\"ListItem\",\"position\":1,\"name\":\"Homepage\",\"item\":\"https:\/\/nsk.hr\/en\/\"},{\"@type\":\"ListItem\",\"position\":2,\"name\":\"NSK holdings\",\"item\":\"https:\/\/nsk.hr\/en\/nsk-holdings\/\"},{\"@type\":\"ListItem\",\"position\":3,\"name\":\"E-resources\"}]},{\"@type\":\"WebSite\",\"@id\":\"https:\/\/nsk.hr\/en\/#website\",\"url\":\"https:\/\/nsk.hr\/en\/\",\"name\":\"Nacionalna i sveu\u010dili\u0161na knji\u017enica u Zagrebu\",\"description\":\"\",\"potentialAction\":[{\"@type\":\"SearchAction\",\"target\":{\"@type\":\"EntryPoint\",\"urlTemplate\":\"https:\/\/nsk.hr\/en\/?s={search_term_string}\"},\"query-input\":{\"@type\":\"PropertyValueSpecification\",\"valueRequired\":true,\"valueName\":\"search_term_string\"}}],\"inLanguage\":\"en-US\"}]}<\/script>\n<!-- \/ Yoast SEO plugin. -->","yoast_head_json":{"title":"E-resources - Nacionalna i sveu\u010dili\u0161na knji\u017enica u Zagrebu","description":"The National and University Library in Zagreb (NSK) provides access to a wide range of internationally relevant academic databases, e-journals and other resources offering scientific and specialised information.","robots":{"index":"index","follow":"follow","max-snippet":"max-snippet:-1","max-image-preview":"max-image-preview:large","max-video-preview":"max-video-preview:-1"},"canonical":"https:\/\/nsk.hr\/en\/nsk-holdings\/e-resources\/","og_locale":"en_US","og_type":"article","og_title":"E-resources - Nacionalna i sveu\u010dili\u0161na knji\u017enica u Zagrebu","og_description":"The National and University Library in Zagreb (NSK) provides access to a wide range of internationally relevant academic databases, e-journals and other resources offering scientific and specialised information.","og_url":"https:\/\/nsk.hr\/en\/nsk-holdings\/e-resources\/","og_site_name":"Nacionalna i sveu\u010dili\u0161na knji\u017enica u Zagrebu","article_modified_time":"2024-10-04T12:13:12+00:00","og_image":[{"url":"https:\/\/nsk.hr\/wp-content\/uploads\/2024\/10\/NSK_E-resources-1-1024x683.jpg","type":"","width":"","height":""}],"twitter_card":"summary_large_image","twitter_misc":{"Est. reading time":"1 minute"},"schema":{"@context":"https:\/\/schema.org","@graph":[{"@type":"WebPage","@id":"https:\/\/nsk.hr\/en\/nsk-holdings\/e-resources\/","url":"https:\/\/nsk.hr\/en\/nsk-holdings\/e-resources\/","name":"E-resources - Nacionalna i sveu\u010dili\u0161na knji\u017enica u Zagrebu","isPartOf":{"@id":"https:\/\/nsk.hr\/en\/#website"},"primaryImageOfPage":{"@id":"https:\/\/nsk.hr\/en\/nsk-holdings\/e-resources\/#primaryimage"},"image":{"@id":"https:\/\/nsk.hr\/en\/nsk-holdings\/e-resources\/#primaryimage"},"thumbnailUrl":"https:\/\/nsk.hr\/wp-content\/uploads\/2024\/10\/NSK_E-resources-1-1024x683.jpg","datePublished":"2023-10-02T18:23:12+00:00","dateModified":"2024-10-04T12:13:12+00:00","description":"The National and University Library in Zagreb (NSK) provides access to a wide range of internationally relevant academic databases, e-journals and other resources offering scientific and specialised information.","breadcrumb":{"@id":"https:\/\/nsk.hr\/en\/nsk-holdings\/e-resources\/#breadcrumb"},"inLanguage":"en-US","potentialAction":[{"@type":"ReadAction","target":["https:\/\/nsk.hr\/en\/nsk-holdings\/e-resources\/"]}]},{"@type":"ImageObject","inLanguage":"en-US","@id":"https:\/\/nsk.hr\/en\/nsk-holdings\/e-resources\/#primaryimage","url":"https:\/\/nsk.hr\/wp-content\/uploads\/2024\/10\/NSK_E-resources-1-1024x683.jpg","contentUrl":"https:\/\/nsk.hr\/wp-content\/uploads\/2024\/10\/NSK_E-resources-1-1024x683.jpg"},{"@type":"BreadcrumbList","@id":"https:\/\/nsk.hr\/en\/nsk-holdings\/e-resources\/#breadcrumb","itemListElement":[{"@type":"ListItem","position":1,"name":"Homepage","item":"https:\/\/nsk.hr\/en\/"},{"@type":"ListItem","position":2,"name":"NSK holdings","item":"https:\/\/nsk.hr\/en\/nsk-holdings\/"},{"@type":"ListItem","position":3,"name":"E-resources"}]},{"@type":"WebSite","@id":"https:\/\/nsk.hr\/en\/#website","url":"https:\/\/nsk.hr\/en\/","name":"Nacionalna i sveu\u010dili\u0161na knji\u017enica u Zagrebu","description":"","potentialAction":[{"@type":"SearchAction","target":{"@type":"EntryPoint","urlTemplate":"https:\/\/nsk.hr\/en\/?s={search_term_string}"},"query-input":{"@type":"PropertyValueSpecification","valueRequired":true,"valueName":"search_term_string"}}],"inLanguage":"en-US"}]}},"_links":{"self":[{"href":"https:\/\/nsk.hr\/en\/wp-json\/wp\/v2\/pages\/92795","targetHints":{"allow":["GET"]}}],"collection":[{"href":"https:\/\/nsk.hr\/en\/wp-json\/wp\/v2\/pages"}],"about":[{"href":"https:\/\/nsk.hr\/en\/wp-json\/wp\/v2\/types\/page"}],"author":[{"embeddable":true,"href":"https:\/\/nsk.hr\/en\/wp-json\/wp\/v2\/users\/11"}],"replies":[{"embeddable":true,"href":"https:\/\/nsk.hr\/en\/wp-json\/wp\/v2\/comments?post=92795"}],"version-history":[{"count":4,"href":"https:\/\/nsk.hr\/en\/wp-json\/wp\/v2\/pages\/92795\/revisions"}],"predecessor-version":[{"id":92803,"href":"https:\/\/nsk.hr\/en\/wp-json\/wp\/v2\/pages\/92795\/revisions\/92803"}],"up":[{"embeddable":true,"href":"https:\/\/nsk.hr\/en\/wp-json\/wp\/v2\/pages\/85571"}],"wp:attachment":[{"href":"https:\/\/nsk.hr\/en\/wp-json\/wp\/v2\/media?parent=92795"}],"curies":[{"name":"wp","href":"https:\/\/api.w.org\/{rel}","templated":true}]}}