{"id":92788,"date":"2023-09-30T18:29:27","date_gmt":"2023-09-30T16:29:27","guid":{"rendered":"https:\/\/nsk.hr\/?page_id=92788"},"modified":"2024-10-04T14:00:18","modified_gmt":"2024-10-04T12:00:18","slug":"nsk-doctoral-and-masters-theses-collection","status":"publish","type":"page","link":"https:\/\/nsk.hr\/en\/nsk-collections\/nsk-reading-rooms-collections\/nsk-doctoral-and-masters-theses-collection\/","title":{"rendered":"NSK Doctoral and Master\u2019s Theses Collection"},"content":{"rendered":"\n<p class=\"is-style-lead\">Our theses collection offers access to doctoral and Master\u2019s theses defended by Croatian researchers at universities in Croatia and abroad.<\/p>\n\n\n\n<figure class=\"wp-block-image size-large\"><img decoding=\"async\" width=\"1024\" height=\"683\" data-src=\"https:\/\/nsk.hr\/wp-content\/uploads\/2024\/10\/NSK-Doctoral-and-Masters-Theses-Collection-1024x683.jpg\" alt=\"Several doctoral and other theses on open access shelves in the NSK Doctoral and Master's Theses Collection's reading room.\" class=\"wp-image-92789 lazyload\" data-srcset=\"https:\/\/nsk.hr\/wp-content\/uploads\/2024\/10\/NSK-Doctoral-and-Masters-Theses-Collection-1024x683.jpg 1024w, https:\/\/nsk.hr\/wp-content\/uploads\/2024\/10\/NSK-Doctoral-and-Masters-Theses-Collection-300x200.jpg 300w, https:\/\/nsk.hr\/wp-content\/uploads\/2024\/10\/NSK-Doctoral-and-Masters-Theses-Collection-768x512.jpg 768w, https:\/\/nsk.hr\/wp-content\/uploads\/2024\/10\/NSK-Doctoral-and-Masters-Theses-Collection-1536x1024.jpg 1536w, https:\/\/nsk.hr\/wp-content\/uploads\/2024\/10\/NSK-Doctoral-and-Masters-Theses-Collection-2048x1365.jpg 2048w, https:\/\/nsk.hr\/wp-content\/uploads\/2024\/10\/NSK-Doctoral-and-Masters-Theses-Collection-1620x1080.jpg 1620w, https:\/\/nsk.hr\/wp-content\/uploads\/2024\/10\/NSK-Doctoral-and-Masters-Theses-Collection-scaled.jpg 1860w\" data-sizes=\"(max-width: 1024px) 100vw, 1024px\" src=\"data:image\/svg+xml;base64,PHN2ZyB3aWR0aD0iMSIgaGVpZ2h0PSIxIiB4bWxucz0iaHR0cDovL3d3dy53My5vcmcvMjAwMC9zdmciPjwvc3ZnPg==\" style=\"--smush-placeholder-width: 1024px; --smush-placeholder-aspect-ratio: 1024\/683;\" \/><\/figure>\n\n\n\n<h2 class=\"wp-block-heading\"><strong>Access<\/strong><\/h2>\n\n\n\n<p>All theses in the Collection may be searched in the <a href=\"https:\/\/katalog.nsk.hr\/F?RN=783433133\">NSK Catalogue<\/a>, while in the Collection\u2019s reading room, located on Floor 1, print dissertations and other print theses published since 1933 may easily be accessed on open access shelves.<\/p>\n\n\n\n<h2 class=\"wp-block-heading\"><strong>Digitised and digital-born theses<\/strong><\/h2>\n\n\n\n<p>The digitised doctoral theses defended at the <a href=\"https:\/\/www.unizg.hr\/homepage\/\">University of Zagreb<\/a> between 1880 and 1952 are available on the Library\u2019s <em><a href=\"https:\/\/digitalna.nsk.hr\/?pc=i&amp;id=549252\">NSK Digital Collections<\/a><\/em> website.<\/p>\n\n\n\n<p>The more recent theses\u2019 digital versions may be accessed via the <a href=\"https:\/\/dr.nsk.hr\/en\">Croatian Digital Dissertations Repository<\/a>.<\/p>\n\n\n\n<h2 class=\"wp-block-heading\"><strong>Depositing your thesis<\/strong><\/h2>\n\n\n\n<p>Under Croatia\u2019s <a href=\"https:\/\/nsk.hr\/en\/services-for-publishers\/nsk-legal-deposit-office\/\">legal deposit<\/a> provisions, one <strong>printed<\/strong> copy of each dissertation accepted at Croatian universities must be deposited at NSK. For all details concerning the deposit procedure please contact our <a href=\"https:\/\/nsk.hr\/en\/services-for-publishers\/nsk-legal-deposit-office\/\">Legal Deposit Office<\/a>. <\/p>\n\n\n\n<p>The <strong>digital <\/strong>copies of theses are deposited as part of the Croatian <a href=\"https:\/\/dabar.srce.hr\/en\">Digital Academic Archives and Repositories (DABAR)<\/a> platform. For all details concerning the deposit of online theses please email us at <a href=\"mailto:dar@nsk.hr\">dar@nsk.hr<\/a>.<\/p>\n\n\n<section  class=\"block-section two-columns-block has-2-col\">\n    <div class=\"container\">\n\n        \n        <div class=\"two-columns-block__container\">\n\n            <div class=\"two-columns-block__column richText\">\n                                    <h3>Contact<\/h3>\n                                <p><!-- wp:paragraph --><\/p>\n<p><a href=\"mailto:zddmr@nsk.hr\">zddmr@nsk.hr<\/a><\/p>\n<p>+385 1 616 4048<br \/>\n+385 1 616 4057<br \/>\n+385 1 616 4032 (reading room)<!-- \/wp:paragraph --><\/p>\n            <\/div><!-- .col-1 -->\n\n                            <div class=\"two-columns-block__column richText\">\n                                                                        <h3>Staff<\/h3>\n                                                <p><a href=\"mailto:imilovanovic@nsk.hr\">Ivona Milovanovi\u0107<\/a><\/p>\n<p><a href=\"mailto:epalcic@nsk.hr\">Elena Pal\u010di\u0107<\/a><\/p>\n                    \n                <\/div><!-- .col-2 -->\n            \n        <\/div>\n\n    <\/div>\n<\/section>","protected":false},"excerpt":{"rendered":"<p>Our theses collection offers access to doctoral and Master\u2019s theses defended by Croatian researchers at universities in Croatia and abroad. Access All theses in&#8230;<\/p>\n","protected":false},"author":11,"featured_media":92789,"parent":91329,"menu_order":0,"comment_status":"closed","ping_status":"closed","template":"","meta":{"_acf_changed":false,"ngg_post_thumbnail":0,"footnotes":""},"class_list":["post-92788","page","type-page","status-publish","has-post-thumbnail","hentry"],"acf":[],"yoast_head":"<!-- This site is optimized with the Yoast SEO plugin v25.4 - https:\/\/yoast.com\/wordpress\/plugins\/seo\/ -->\n<title>NSK Doctoral and Master\u2019s Theses Collection - Nacionalna i sveu\u010dili\u0161na knji\u017enica u Zagrebu<\/title>\n<meta name=\"description\" content=\"The NSK Doctoral and Master\u2019s Theses Collection offers access to doctoral and Master\u2019s theses defended by Croatian researchers at universities in Croatia and abroad.\" \/>\n<meta name=\"robots\" content=\"index, follow, max-snippet:-1, max-image-preview:large, max-video-preview:-1\" \/>\n<link rel=\"canonical\" href=\"https:\/\/nsk.hr\/en\/nsk-collections\/nsk-reading-rooms-collections\/nsk-doctoral-and-masters-theses-collection\/\" \/>\n<meta property=\"og:locale\" content=\"en_US\" \/>\n<meta property=\"og:type\" content=\"article\" \/>\n<meta property=\"og:title\" content=\"NSK Doctoral and Master\u2019s Theses Collection - Nacionalna i sveu\u010dili\u0161na knji\u017enica u Zagrebu\" \/>\n<meta property=\"og:description\" content=\"The NSK Doctoral and Master\u2019s Theses Collection offers access to doctoral and Master\u2019s theses defended by Croatian researchers at universities in Croatia and abroad.\" \/>\n<meta property=\"og:url\" content=\"https:\/\/nsk.hr\/en\/nsk-collections\/nsk-reading-rooms-collections\/nsk-doctoral-and-masters-theses-collection\/\" \/>\n<meta property=\"og:site_name\" content=\"Nacionalna i sveu\u010dili\u0161na knji\u017enica u Zagrebu\" \/>\n<meta property=\"article:modified_time\" content=\"2024-10-04T12:00:18+00:00\" \/>\n<meta property=\"og:image\" content=\"https:\/\/nsk.hr\/wp-content\/uploads\/2024\/10\/NSK-Doctoral-and-Masters-Theses-Collection-scaled.jpg\" \/>\n\t<meta property=\"og:image:width\" content=\"1860\" \/>\n\t<meta property=\"og:image:height\" content=\"1240\" \/>\n\t<meta property=\"og:image:type\" content=\"image\/jpeg\" \/>\n<meta name=\"twitter:card\" content=\"summary_large_image\" \/>\n<meta name=\"twitter:label1\" content=\"Est. reading time\" \/>\n\t<meta name=\"twitter:data1\" content=\"2 minutes\" \/>\n<script type=\"application\/ld+json\" class=\"yoast-schema-graph\">{\"@context\":\"https:\/\/schema.org\",\"@graph\":[{\"@type\":\"WebPage\",\"@id\":\"https:\/\/nsk.hr\/en\/nsk-collections\/nsk-reading-rooms-collections\/nsk-doctoral-and-masters-theses-collection\/\",\"url\":\"https:\/\/nsk.hr\/en\/nsk-collections\/nsk-reading-rooms-collections\/nsk-doctoral-and-masters-theses-collection\/\",\"name\":\"NSK Doctoral and Master\u2019s Theses Collection - Nacionalna i sveu\u010dili\u0161na knji\u017enica u Zagrebu\",\"isPartOf\":{\"@id\":\"https:\/\/nsk.hr\/en\/#website\"},\"primaryImageOfPage\":{\"@id\":\"https:\/\/nsk.hr\/en\/nsk-collections\/nsk-reading-rooms-collections\/nsk-doctoral-and-masters-theses-collection\/#primaryimage\"},\"image\":{\"@id\":\"https:\/\/nsk.hr\/en\/nsk-collections\/nsk-reading-rooms-collections\/nsk-doctoral-and-masters-theses-collection\/#primaryimage\"},\"thumbnailUrl\":\"https:\/\/nsk.hr\/wp-content\/uploads\/2024\/10\/NSK-Doctoral-and-Masters-Theses-Collection-scaled.jpg\",\"datePublished\":\"2023-09-30T16:29:27+00:00\",\"dateModified\":\"2024-10-04T12:00:18+00:00\",\"description\":\"The NSK Doctoral and Master\u2019s Theses Collection offers access to doctoral and Master\u2019s theses defended by Croatian researchers at universities in Croatia and abroad.\",\"breadcrumb\":{\"@id\":\"https:\/\/nsk.hr\/en\/nsk-collections\/nsk-reading-rooms-collections\/nsk-doctoral-and-masters-theses-collection\/#breadcrumb\"},\"inLanguage\":\"en-US\",\"potentialAction\":[{\"@type\":\"ReadAction\",\"target\":[\"https:\/\/nsk.hr\/en\/nsk-collections\/nsk-reading-rooms-collections\/nsk-doctoral-and-masters-theses-collection\/\"]}]},{\"@type\":\"ImageObject\",\"inLanguage\":\"en-US\",\"@id\":\"https:\/\/nsk.hr\/en\/nsk-collections\/nsk-reading-rooms-collections\/nsk-doctoral-and-masters-theses-collection\/#primaryimage\",\"url\":\"https:\/\/nsk.hr\/wp-content\/uploads\/2024\/10\/NSK-Doctoral-and-Masters-Theses-Collection-scaled.jpg\",\"contentUrl\":\"https:\/\/nsk.hr\/wp-content\/uploads\/2024\/10\/NSK-Doctoral-and-Masters-Theses-Collection-scaled.jpg\",\"width\":1860,\"height\":1240,\"caption\":\"Several doctoral and other theses on open access shelves in the NSK Doctoral and Master's Theses Collection's reading room.\"},{\"@type\":\"BreadcrumbList\",\"@id\":\"https:\/\/nsk.hr\/en\/nsk-collections\/nsk-reading-rooms-collections\/nsk-doctoral-and-masters-theses-collection\/#breadcrumb\",\"itemListElement\":[{\"@type\":\"ListItem\",\"position\":1,\"name\":\"Homepage\",\"item\":\"https:\/\/nsk.hr\/en\/\"},{\"@type\":\"ListItem\",\"position\":2,\"name\":\"NSK collections\",\"item\":\"https:\/\/nsk.hr\/en\/nsk-collections\/\"},{\"@type\":\"ListItem\",\"position\":3,\"name\":\"NSK reading rooms collections\",\"item\":\"https:\/\/nsk.hr\/en\/nsk-collections\/nsk-reading-rooms-collections\/\"},{\"@type\":\"ListItem\",\"position\":4,\"name\":\"NSK Doctoral and Master\u2019s Theses Collection\"}]},{\"@type\":\"WebSite\",\"@id\":\"https:\/\/nsk.hr\/en\/#website\",\"url\":\"https:\/\/nsk.hr\/en\/\",\"name\":\"Nacionalna i sveu\u010dili\u0161na knji\u017enica u Zagrebu\",\"description\":\"\",\"potentialAction\":[{\"@type\":\"SearchAction\",\"target\":{\"@type\":\"EntryPoint\",\"urlTemplate\":\"https:\/\/nsk.hr\/en\/?s={search_term_string}\"},\"query-input\":{\"@type\":\"PropertyValueSpecification\",\"valueRequired\":true,\"valueName\":\"search_term_string\"}}],\"inLanguage\":\"en-US\"}]}<\/script>\n<!-- \/ Yoast SEO plugin. -->","yoast_head_json":{"title":"NSK Doctoral and Master\u2019s Theses Collection - Nacionalna i sveu\u010dili\u0161na knji\u017enica u Zagrebu","description":"The NSK Doctoral and Master\u2019s Theses Collection offers access to doctoral and Master\u2019s theses defended by Croatian researchers at universities in Croatia and abroad.","robots":{"index":"index","follow":"follow","max-snippet":"max-snippet:-1","max-image-preview":"max-image-preview:large","max-video-preview":"max-video-preview:-1"},"canonical":"https:\/\/nsk.hr\/en\/nsk-collections\/nsk-reading-rooms-collections\/nsk-doctoral-and-masters-theses-collection\/","og_locale":"en_US","og_type":"article","og_title":"NSK Doctoral and Master\u2019s Theses Collection - Nacionalna i sveu\u010dili\u0161na knji\u017enica u Zagrebu","og_description":"The NSK Doctoral and Master\u2019s Theses Collection offers access to doctoral and Master\u2019s theses defended by Croatian researchers at universities in Croatia and abroad.","og_url":"https:\/\/nsk.hr\/en\/nsk-collections\/nsk-reading-rooms-collections\/nsk-doctoral-and-masters-theses-collection\/","og_site_name":"Nacionalna i sveu\u010dili\u0161na knji\u017enica u Zagrebu","article_modified_time":"2024-10-04T12:00:18+00:00","og_image":[{"width":1860,"height":1240,"url":"https:\/\/nsk.hr\/wp-content\/uploads\/2024\/10\/NSK-Doctoral-and-Masters-Theses-Collection-scaled.jpg","type":"image\/jpeg"}],"twitter_card":"summary_large_image","twitter_misc":{"Est. reading time":"2 minutes"},"schema":{"@context":"https:\/\/schema.org","@graph":[{"@type":"WebPage","@id":"https:\/\/nsk.hr\/en\/nsk-collections\/nsk-reading-rooms-collections\/nsk-doctoral-and-masters-theses-collection\/","url":"https:\/\/nsk.hr\/en\/nsk-collections\/nsk-reading-rooms-collections\/nsk-doctoral-and-masters-theses-collection\/","name":"NSK Doctoral and Master\u2019s Theses Collection - Nacionalna i sveu\u010dili\u0161na knji\u017enica u Zagrebu","isPartOf":{"@id":"https:\/\/nsk.hr\/en\/#website"},"primaryImageOfPage":{"@id":"https:\/\/nsk.hr\/en\/nsk-collections\/nsk-reading-rooms-collections\/nsk-doctoral-and-masters-theses-collection\/#primaryimage"},"image":{"@id":"https:\/\/nsk.hr\/en\/nsk-collections\/nsk-reading-rooms-collections\/nsk-doctoral-and-masters-theses-collection\/#primaryimage"},"thumbnailUrl":"https:\/\/nsk.hr\/wp-content\/uploads\/2024\/10\/NSK-Doctoral-and-Masters-Theses-Collection-scaled.jpg","datePublished":"2023-09-30T16:29:27+00:00","dateModified":"2024-10-04T12:00:18+00:00","description":"The NSK Doctoral and Master\u2019s Theses Collection offers access to doctoral and Master\u2019s theses defended by Croatian researchers at universities in Croatia and abroad.","breadcrumb":{"@id":"https:\/\/nsk.hr\/en\/nsk-collections\/nsk-reading-rooms-collections\/nsk-doctoral-and-masters-theses-collection\/#breadcrumb"},"inLanguage":"en-US","potentialAction":[{"@type":"ReadAction","target":["https:\/\/nsk.hr\/en\/nsk-collections\/nsk-reading-rooms-collections\/nsk-doctoral-and-masters-theses-collection\/"]}]},{"@type":"ImageObject","inLanguage":"en-US","@id":"https:\/\/nsk.hr\/en\/nsk-collections\/nsk-reading-rooms-collections\/nsk-doctoral-and-masters-theses-collection\/#primaryimage","url":"https:\/\/nsk.hr\/wp-content\/uploads\/2024\/10\/NSK-Doctoral-and-Masters-Theses-Collection-scaled.jpg","contentUrl":"https:\/\/nsk.hr\/wp-content\/uploads\/2024\/10\/NSK-Doctoral-and-Masters-Theses-Collection-scaled.jpg","width":1860,"height":1240,"caption":"Several doctoral and other theses on open access shelves in the NSK Doctoral and Master's Theses Collection's reading room."},{"@type":"BreadcrumbList","@id":"https:\/\/nsk.hr\/en\/nsk-collections\/nsk-reading-rooms-collections\/nsk-doctoral-and-masters-theses-collection\/#breadcrumb","itemListElement":[{"@type":"ListItem","position":1,"name":"Homepage","item":"https:\/\/nsk.hr\/en\/"},{"@type":"ListItem","position":2,"name":"NSK collections","item":"https:\/\/nsk.hr\/en\/nsk-collections\/"},{"@type":"ListItem","position":3,"name":"NSK reading rooms collections","item":"https:\/\/nsk.hr\/en\/nsk-collections\/nsk-reading-rooms-collections\/"},{"@type":"ListItem","position":4,"name":"NSK Doctoral and Master\u2019s Theses Collection"}]},{"@type":"WebSite","@id":"https:\/\/nsk.hr\/en\/#website","url":"https:\/\/nsk.hr\/en\/","name":"Nacionalna i sveu\u010dili\u0161na knji\u017enica u Zagrebu","description":"","potentialAction":[{"@type":"SearchAction","target":{"@type":"EntryPoint","urlTemplate":"https:\/\/nsk.hr\/en\/?s={search_term_string}"},"query-input":{"@type":"PropertyValueSpecification","valueRequired":true,"valueName":"search_term_string"}}],"inLanguage":"en-US"}]}},"_links":{"self":[{"href":"https:\/\/nsk.hr\/en\/wp-json\/wp\/v2\/pages\/92788","targetHints":{"allow":["GET"]}}],"collection":[{"href":"https:\/\/nsk.hr\/en\/wp-json\/wp\/v2\/pages"}],"about":[{"href":"https:\/\/nsk.hr\/en\/wp-json\/wp\/v2\/types\/page"}],"author":[{"embeddable":true,"href":"https:\/\/nsk.hr\/en\/wp-json\/wp\/v2\/users\/11"}],"replies":[{"embeddable":true,"href":"https:\/\/nsk.hr\/en\/wp-json\/wp\/v2\/comments?post=92788"}],"version-history":[{"count":4,"href":"https:\/\/nsk.hr\/en\/wp-json\/wp\/v2\/pages\/92788\/revisions"}],"predecessor-version":[{"id":92794,"href":"https:\/\/nsk.hr\/en\/wp-json\/wp\/v2\/pages\/92788\/revisions\/92794"}],"up":[{"embeddable":true,"href":"https:\/\/nsk.hr\/en\/wp-json\/wp\/v2\/pages\/91329"}],"wp:featuredmedia":[{"embeddable":true,"href":"https:\/\/nsk.hr\/en\/wp-json\/wp\/v2\/media\/92789"}],"wp:attachment":[{"href":"https:\/\/nsk.hr\/en\/wp-json\/wp\/v2\/media?parent=92788"}],"curies":[{"name":"wp","href":"https:\/\/api.w.org\/{rel}","templated":true}]}}