{"id":91329,"date":"2023-10-03T07:51:51","date_gmt":"2023-10-03T05:51:51","guid":{"rendered":"https:\/\/nsk.hr\/?page_id=91329"},"modified":"2024-06-05T16:39:53","modified_gmt":"2024-06-05T14:39:53","slug":"nsk-reading-rooms-collections","status":"publish","type":"page","link":"https:\/\/nsk.hr\/en\/nsk-collections\/nsk-reading-rooms-collections\/","title":{"rendered":"NSK reading rooms collections"},"content":{"rendered":"\n<p class=\"is-style-lead\">Apart from providing space for study and research, the reading rooms at the National and University Library in Zagreb (NSK) offer access to specially curated reading room collections and the collection which NSK compiles as the central library of the&nbsp;<a href=\"https:\/\/www.unizg.hr\/homepage\/\">University of Zagreb<\/a>.<\/p>\n\n\n\n<figure class=\"wp-block-image size-full\"><img decoding=\"async\" width=\"1024\" height=\"683\" data-src=\"https:\/\/nsk.hr\/wp-content\/uploads\/2024\/06\/NSK-reading-rooms-collections.jpg\" alt=\"\" class=\"wp-image-91330 lazyload\" data-srcset=\"https:\/\/nsk.hr\/wp-content\/uploads\/2024\/06\/NSK-reading-rooms-collections.jpg 1024w, https:\/\/nsk.hr\/wp-content\/uploads\/2024\/06\/NSK-reading-rooms-collections-300x200.jpg 300w, https:\/\/nsk.hr\/wp-content\/uploads\/2024\/06\/NSK-reading-rooms-collections-768x512.jpg 768w\" data-sizes=\"(max-width: 1024px) 100vw, 1024px\" src=\"data:image\/svg+xml;base64,PHN2ZyB3aWR0aD0iMSIgaGVpZ2h0PSIxIiB4bWxucz0iaHR0cDovL3d3dy53My5vcmcvMjAwMC9zdmciPjwvc3ZnPg==\" style=\"--smush-placeholder-width: 1024px; --smush-placeholder-aspect-ratio: 1024\/683;\" \/><\/figure>\n\n\n\n<p>Resources in NSK\u2019s reading rooms collections, with the exception of material held by the <a href=\"https:\/\/nsk.hr\/en\/nsk-collections\/nsk-reading-rooms-collections\/foreign-croatica-collection\/\">Foreign Croatica Collection<\/a> and Doctoral and Master\u2019s Theses Collection, are available for browsing and consultation on open access shelves.<\/p>\n\n\n\n<figure class=\"wp-block-image size-large\"><img decoding=\"async\" width=\"1024\" height=\"683\" data-src=\"https:\/\/nsk.hr\/wp-content\/uploads\/2024\/06\/NSK-reading-rooms-collections_Boris-Kovacev-1-1024x683.jpg\" alt=\"\" class=\"wp-image-91336 lazyload\" data-srcset=\"https:\/\/nsk.hr\/wp-content\/uploads\/2024\/06\/NSK-reading-rooms-collections_Boris-Kovacev-1-1024x683.jpg 1024w, https:\/\/nsk.hr\/wp-content\/uploads\/2024\/06\/NSK-reading-rooms-collections_Boris-Kovacev-1-300x200.jpg 300w, https:\/\/nsk.hr\/wp-content\/uploads\/2024\/06\/NSK-reading-rooms-collections_Boris-Kovacev-1-768x512.jpg 768w, https:\/\/nsk.hr\/wp-content\/uploads\/2024\/06\/NSK-reading-rooms-collections_Boris-Kovacev-1-1536x1024.jpg 1536w, https:\/\/nsk.hr\/wp-content\/uploads\/2024\/06\/NSK-reading-rooms-collections_Boris-Kovacev-1-2048x1365.jpg 2048w, https:\/\/nsk.hr\/wp-content\/uploads\/2024\/06\/NSK-reading-rooms-collections_Boris-Kovacev-1-1620x1080.jpg 1620w, https:\/\/nsk.hr\/wp-content\/uploads\/2024\/06\/NSK-reading-rooms-collections_Boris-Kovacev-1-scaled.jpg 1860w\" data-sizes=\"(max-width: 1024px) 100vw, 1024px\" src=\"data:image\/svg+xml;base64,PHN2ZyB3aWR0aD0iMSIgaGVpZ2h0PSIxIiB4bWxucz0iaHR0cDovL3d3dy53My5vcmcvMjAwMC9zdmciPjwvc3ZnPg==\" style=\"--smush-placeholder-width: 1024px; --smush-placeholder-aspect-ratio: 1024\/683;\" \/><\/figure>\n\n\n\n<p>Items on open access shelves of which several copies are available may be <a href=\"https:\/\/nsk.hr\/en\/reading-room-requests-and-lending-services\/\">borrowed<\/a>. Titles in NSK\u2019s reading rooms collections may be searched by using the <a href=\"https:\/\/katalog.nsk.hr\/F?RN=183803339\">NSK Catalogue<\/a>.<\/p>\n\n\n\n<section class=\"nsk-section nsk-button position-relative my-6\" >\n\t<div class=\"container\">\n\t\t<div class=\"row\">\n\t\t\t<div class=\"col-12\">\n\t\t\t\t<div class=\"nsk-button__button\">\n\t\t\t\t\t\t\t\t\t\t\t<div class=\"nsk-button__link-wrap text-center text-lg-left\">\n\t\t\t\t\t\t\t\n<a   href=\"https:\/\/katalog.nsk.hr\/F?RN=783433133\" class=\"btn btn-primary align-items-center text-image-block__button btn-lg  align-items-center justify-content-center\"   >\n\t\t\t\t\t<span class=\"text\">Find reading room titles<\/span>\n\t<\/a>\n\t\t\t\t\t\t<\/div>\n\t\t\t\t\t\t\t\t\t<\/div>\n\t\t\t<\/div>\n\t\t<\/div>\n\t<\/div>\n<\/section>\n\n\n\n<h2 class=\"wp-block-heading\"><strong>NSK reading rooms collections by floor<\/strong><\/h2>\n\n\n\n<ul class=\"wp-block-list\">\n<li><strong>Ground Floor (0)<\/strong>\n<ul class=\"wp-block-list\">\n<li>Reference Collection<\/li>\n<\/ul>\n<\/li>\n\n\n\n<li><strong>Mezzanine Floor (M)<\/strong>\n<ul class=\"wp-block-list\">\n<li>LIS Collection<\/li>\n<\/ul>\n<\/li>\n\n\n\n<li><strong>Floor 1<\/strong>&nbsp;&nbsp;\n<ul class=\"wp-block-list\">\n<li><a href=\"https:\/\/nsk.hr\/zbirke\/zbirke-u-citaonicama\/zbirka-disertacija-i-magistarskih-radova\/\"><\/a><a href=\"https:\/\/nsk.hr\/zbirke\/zbirke-u-citaonicama\/zbirka-disertacija-i-magistarskih-radova\/\">Doctoral and Master\u2019s Theses Collection<\/a>&nbsp;&nbsp;<\/li>\n\n\n\n<li><a href=\"https:\/\/nsk.hr\/en\/nsk-collections\/nsk-reading-rooms-collections\/foreign-croatica-collection\/\">Foreign Croatica Collection<\/a><\/li>\n\n\n\n<li><a href=\"https:\/\/nsk.hr\/zbirke\/zbirke-u-citaonicama\/zbirka-knjiznicne-grade-o-domovinskom-ratu\/\">Homeland War Collection&nbsp;<\/a>&nbsp;<\/li>\n<\/ul>\n<\/li>\n\n\n\n<li><strong>Floor 3<\/strong>&nbsp;&nbsp;\n<ul class=\"wp-block-list\">\n<li>Social Sciences and Humanities Reading Room<\/li>\n<\/ul>\n<\/li>\n\n\n\n<li><strong>Floor 4<\/strong>&nbsp;&nbsp;\n<ul class=\"wp-block-list\">\n<li>Natural and Applied Sciences Reading Room (including resources on economics and management)<\/li>\n\n\n\n<li><a href=\"https:\/\/nsk.hr\/zbirke\/zbirke-u-citaonicama\/zbirka-sluzbenih-publikacija\/\"><\/a><a href=\"https:\/\/nsk.hr\/zbirke\/zbirke-u-citaonicama\/zbirka-sluzbenih-publikacija\/\">Official Publications Collection<\/a>&nbsp;&nbsp;<\/li>\n\n\n\n<li><a href=\"http:\/\/edc.nsk.hr\/\"><\/a><a href=\"http:\/\/edc.nsk.hr\/english\/\">NSK European Documentation Centre<\/a><\/li>\n<\/ul>\n<\/li>\n<\/ul>\n\n\n\n<h2 class=\"wp-block-heading\"><\/h2>\n\n\n\n<figure class=\"wp-block-gallery has-nested-images columns-default is-cropped wp-block-gallery-2 is-layout-flex wp-block-gallery-is-layout-flex\">\n<figure class=\"wp-block-image size-large\"><img decoding=\"async\" width=\"1024\" height=\"683\" data-id=\"91343\" data-src=\"https:\/\/nsk.hr\/wp-content\/uploads\/2024\/06\/NSK-reading-rooms-collections_Boris-Kovacev-4-1024x683.jpg\" alt=\"Books on bookshelves in a library reading room.\" class=\"wp-image-91343 lazyload\" data-srcset=\"https:\/\/nsk.hr\/wp-content\/uploads\/2024\/06\/NSK-reading-rooms-collections_Boris-Kovacev-4-1024x683.jpg 1024w, https:\/\/nsk.hr\/wp-content\/uploads\/2024\/06\/NSK-reading-rooms-collections_Boris-Kovacev-4-300x200.jpg 300w, https:\/\/nsk.hr\/wp-content\/uploads\/2024\/06\/NSK-reading-rooms-collections_Boris-Kovacev-4-768x512.jpg 768w, https:\/\/nsk.hr\/wp-content\/uploads\/2024\/06\/NSK-reading-rooms-collections_Boris-Kovacev-4-1536x1024.jpg 1536w, https:\/\/nsk.hr\/wp-content\/uploads\/2024\/06\/NSK-reading-rooms-collections_Boris-Kovacev-4-2048x1365.jpg 2048w, https:\/\/nsk.hr\/wp-content\/uploads\/2024\/06\/NSK-reading-rooms-collections_Boris-Kovacev-4-1620x1080.jpg 1620w, https:\/\/nsk.hr\/wp-content\/uploads\/2024\/06\/NSK-reading-rooms-collections_Boris-Kovacev-4-scaled.jpg 1920w\" data-sizes=\"(max-width: 1024px) 100vw, 1024px\" src=\"data:image\/svg+xml;base64,PHN2ZyB3aWR0aD0iMSIgaGVpZ2h0PSIxIiB4bWxucz0iaHR0cDovL3d3dy53My5vcmcvMjAwMC9zdmciPjwvc3ZnPg==\" style=\"--smush-placeholder-width: 1024px; --smush-placeholder-aspect-ratio: 1024\/683;\" \/><\/figure>\n<\/figure>\n\n\n\n<h2 class=\"wp-block-heading\"><strong>Reference Collection<\/strong><\/h2>\n\n\n\n<p>Located on the Library\u2019s Ground Floor, our Reference Collection holds a wide variety of reference works \u2013 encyclopaedias (general and specialised), dictionaries, biographical dictionaries, bibliographies (current, retrospective and special), almanacs, yearbooks and directories.<\/p>\n\n\n<section  class=\"block-section two-columns-block has-1-col\">\n    <div class=\"container\">\n\n        \n        <div class=\"two-columns-block__container\">\n\n            <div class=\"two-columns-block__column richText\">\n                                    <h3>Contact<\/h3>\n                                <p><!-- wp:paragraph --><\/p>\n<p><!-- wp:paragraph --><\/p>\n<p><a href=\"mailto:informacijski.centar@nsk.hr\">informacijski.centar@nsk.hr<\/a><\/p>\n<p><!-- \/wp:paragraph --> <!-- wp:paragraph --><\/p>\n<p>+385 1 616 4002<\/p>\n<p>+385 1 616 4040<\/p>\n<p><!-- \/wp:paragraph --><\/p>\n<p><!-- \/wp:paragraph --><\/p>\n            <\/div><!-- .col-1 -->\n\n            \n        <\/div>\n\n    <\/div>\n<\/section>\n\n\n<figure class=\"wp-block-image size-large\"><img decoding=\"async\" width=\"1024\" height=\"683\" data-src=\"https:\/\/nsk.hr\/wp-content\/uploads\/2024\/06\/NSK-reading-rooms-collections_Boris-Kovacev-2-1024x683.jpg\" alt=\"Books on a bookshelf.\" class=\"wp-image-91339 lazyload\" data-srcset=\"https:\/\/nsk.hr\/wp-content\/uploads\/2024\/06\/NSK-reading-rooms-collections_Boris-Kovacev-2-1024x683.jpg 1024w, https:\/\/nsk.hr\/wp-content\/uploads\/2024\/06\/NSK-reading-rooms-collections_Boris-Kovacev-2-300x200.jpg 300w, https:\/\/nsk.hr\/wp-content\/uploads\/2024\/06\/NSK-reading-rooms-collections_Boris-Kovacev-2-768x512.jpg 768w, https:\/\/nsk.hr\/wp-content\/uploads\/2024\/06\/NSK-reading-rooms-collections_Boris-Kovacev-2-1536x1024.jpg 1536w, https:\/\/nsk.hr\/wp-content\/uploads\/2024\/06\/NSK-reading-rooms-collections_Boris-Kovacev-2-2048x1365.jpg 2048w, https:\/\/nsk.hr\/wp-content\/uploads\/2024\/06\/NSK-reading-rooms-collections_Boris-Kovacev-2-1620x1080.jpg 1620w, https:\/\/nsk.hr\/wp-content\/uploads\/2024\/06\/NSK-reading-rooms-collections_Boris-Kovacev-2-scaled.jpg 1920w\" data-sizes=\"(max-width: 1024px) 100vw, 1024px\" src=\"data:image\/svg+xml;base64,PHN2ZyB3aWR0aD0iMSIgaGVpZ2h0PSIxIiB4bWxucz0iaHR0cDovL3d3dy53My5vcmcvMjAwMC9zdmciPjwvc3ZnPg==\" style=\"--smush-placeholder-width: 1024px; --smush-placeholder-aspect-ratio: 1024\/683;\" \/><\/figure>\n\n\n\n<h2 class=\"wp-block-heading\"><strong>LIS Collection<\/strong><\/h2>\n\n\n\n<p>Providing its services from Monday to Friday between 8.00 and 16.00 on the Library\u2019s Mezzanine Floor, our LIS Collection includes over 4,000 titles covering a broad range of topics in the field of library and information science and of information and communication sciences.<\/p>\n\n\n\n<p>The LIS Collection also operates as the reference collection of the <a href=\"https:\/\/cssu.nsk.hr\/\">Croatian Training Centre for Continuing Education of Librarians (CSSU)<\/a>.<\/p>\n\n\n<section  class=\"block-section two-columns-block has-2-col\">\n    <div class=\"container\">\n\n        \n        <div class=\"two-columns-block__container\">\n\n            <div class=\"two-columns-block__column richText\">\n                                    <h3>Contact<\/h3>\n                                <p>+385 1 616 4037<\/p>\n<p>+385 1 616 4195<\/p>\n            <\/div><!-- .col-1 -->\n\n                            <div class=\"two-columns-block__column richText\">\n                                                                        <h3>Staff<\/h3>\n                                                <p><!-- wp:paragraph --><\/p>\n<p><a href=\"mailto:afilipeti@nsk.hr\">Antonija Filipeti<\/a>&nbsp;&nbsp;<\/p>\n<p><!-- \/wp:paragraph --> <!-- wp:paragraph --><\/p>\n<p><a href=\"mailto:mromac@nsk.hr\">Marta Romac<\/a><\/p>\n<p><!-- \/wp:paragraph --><\/p>\n                    \n                <\/div><!-- .col-2 -->\n            \n        <\/div>\n\n    <\/div>\n<\/section>\n\n\n<h2 class=\"wp-block-heading\"><strong>Looking for titles for your research?<\/strong><\/h2>\n\n\n\n<p>For assistance in finding resources for your research or the preparation of seminar reports, graduation, Master\u2019s and doctoral theses, please send in your query using our <a href=\"https:\/\/nsk.hr\/en\/ask-a-librarian\/\">Ask a Librarian<\/a> service. You may also request assistance in finding material in person, at one of our help desks.<\/p>\n\n\n\n<section class=\"nsk-section nsk-button position-relative my-6\" >\n\t<div class=\"container\">\n\t\t<div class=\"row\">\n\t\t\t<div class=\"col-12\">\n\t\t\t\t<div class=\"nsk-button__button\">\n\t\t\t\t\t\t\t\t\t\t\t<div class=\"nsk-button__link-wrap text-center text-lg-left\">\n\t\t\t\t\t\t\t\n<a   href=\"https:\/\/nsk.hr\/en\/ask-a-librarian\/\" class=\"btn btn-primary align-items-center text-image-block__button btn-lg  align-items-center justify-content-center\"   >\n\t\t\t\t\t<span class=\"text\">Ask a Librarian<\/span>\n\t<\/a>\n\t\t\t\t\t\t<\/div>\n\t\t\t\t\t\t\t\t\t<\/div>\n\t\t\t<\/div>\n\t\t<\/div>\n\t<\/div>\n<\/section>\n\n\n\n<p>You may search our <a>reading rooms collections <\/a>titles in the <a href=\"https:\/\/katalog.nsk.hr\/F?RN=183803339\">NSK Catalogue<\/a> and learn about the latest titles in our Social Sciences and Humanities Reading Room and Natural and Applied Sciences Reading Room by checking out the <a href=\"https:\/\/iks.nsk.hr\/bilten_prinova\/\">NSK Reading Rooms Collections Accessions Registry<\/a>.<\/p>\n\n\n\n<section class=\"nsk-section nsk-button position-relative my-6\" >\n\t<div class=\"container\">\n\t\t<div class=\"row\">\n\t\t\t<div class=\"col-12\">\n\t\t\t\t<div class=\"nsk-button__button\">\n\t\t\t\t\t\t\t\t\t\t\t<div class=\"nsk-button__link-wrap text-center text-lg-left\">\n\t\t\t\t\t\t\t\n<a   href=\"https:\/\/katalog.nsk.hr\/F?RN=783433133\" class=\"btn btn-primary align-items-center text-image-block__button btn-lg  align-items-center justify-content-center\"   >\n\t\t\t\t\t<span class=\"text\">Search NSK Catalogue<\/span>\n\t<\/a>\n\t\t\t\t\t\t<\/div>\n\t\t\t\t\t\t\t\t\t<\/div>\n\t\t\t<\/div>\n\t\t<\/div>\n\t<\/div>\n<\/section>\n\n\n\n<section class=\"nsk-section nsk-button position-relative my-6\" >\n\t<div class=\"container\">\n\t\t<div class=\"row\">\n\t\t\t<div class=\"col-12\">\n\t\t\t\t<div class=\"nsk-button__button\">\n\t\t\t\t\t\t\t\t\t\t\t<div class=\"nsk-button__link-wrap text-center text-lg-left\">\n\t\t\t\t\t\t\t\n<a   href=\"https:\/\/iks.nsk.hr\/bilten_prinova\/\" class=\"btn btn-primary align-items-center text-image-block__button btn-lg  align-items-center justify-content-center\"   >\n\t\t\t\t\t<span class=\"text\">NSK Reading Rooms Collections Accessions Registry<\/span>\n\t<\/a>\n\t\t\t\t\t\t<\/div>\n\t\t\t\t\t\t\t\t\t<\/div>\n\t\t\t<\/div>\n\t\t<\/div>\n\t<\/div>\n<\/section>\n\n\n\n<section class=\"nsk-section nsk-button position-relative my-6\" >\n\t<div class=\"container\">\n\t\t<div class=\"row\">\n\t\t\t<div class=\"col-12\">\n\t\t\t\t<div class=\"nsk-button__button\">\n\t\t\t\t\t\t\t\t\t<\/div>\n\t\t\t<\/div>\n\t\t<\/div>\n\t<\/div>\n<\/section>\n\n\n<section  class=\"block-section two-columns-block has-1-col\">\n    <div class=\"container\">\n\n        \n        <div class=\"two-columns-block__container\">\n\n            <div class=\"two-columns-block__column richText\">\n                                    <h3>Contact<\/h3>\n                                <p><!-- wp:paragraph --><\/p>\n<p><a href=\"mailto:citaonice@nsk.hr\">citaonice@nsk.hr<\/a><\/p>\n<p><!-- \/wp:paragraph --> <!-- wp:paragraph --><\/p>\n<p>+385 1 616 4063&nbsp;<\/p>\n<p><!-- \/wp:paragraph --> <!-- wp:paragraph --><\/p>\n<p>+385 1 616 4065<\/p>\n<p><!-- \/wp:paragraph --><\/p>\n            <\/div><!-- .col-1 -->\n\n            \n        <\/div>\n\n    <\/div>\n<\/section>","protected":false},"excerpt":{"rendered":"<p>Apart from providing space for study and research, the reading rooms at the National and University Library in Zagreb (NSK) offer access to specially&#8230;<\/p>\n","protected":false},"author":11,"featured_media":0,"parent":84803,"menu_order":0,"comment_status":"closed","ping_status":"closed","template":"","meta":{"_acf_changed":false,"ngg_post_thumbnail":0,"footnotes":""},"class_list":["post-91329","page","type-page","status-publish","hentry"],"acf":[],"yoast_head":"<!-- This site is optimized with the Yoast SEO plugin v25.4 - https:\/\/yoast.com\/wordpress\/plugins\/seo\/ -->\n<title>NSK reading rooms collections - Nacionalna i sveu\u010dili\u0161na knji\u017enica u Zagrebu<\/title>\n<meta name=\"description\" content=\"The reading rooms of the National and University Library in Zagreb (NSK) provide space for study and research and offer access to specially curated reading room collections and the collection which NSK compiles as the central library of the University of Zagreb.\" \/>\n<meta name=\"robots\" content=\"index, follow, max-snippet:-1, max-image-preview:large, max-video-preview:-1\" \/>\n<link rel=\"canonical\" href=\"https:\/\/nsk.hr\/en\/nsk-collections\/nsk-reading-rooms-collections\/\" \/>\n<meta property=\"og:locale\" content=\"en_US\" \/>\n<meta property=\"og:type\" content=\"article\" \/>\n<meta property=\"og:title\" content=\"NSK reading rooms collections - Nacionalna i sveu\u010dili\u0161na knji\u017enica u Zagrebu\" \/>\n<meta property=\"og:description\" content=\"The reading rooms of the National and University Library in Zagreb (NSK) provide space for study and research and offer access to specially curated reading room collections and the collection which NSK compiles as the central library of the University of Zagreb.\" \/>\n<meta property=\"og:url\" content=\"https:\/\/nsk.hr\/en\/nsk-collections\/nsk-reading-rooms-collections\/\" \/>\n<meta property=\"og:site_name\" content=\"Nacionalna i sveu\u010dili\u0161na knji\u017enica u Zagrebu\" \/>\n<meta property=\"article:modified_time\" content=\"2024-06-05T14:39:53+00:00\" \/>\n<meta property=\"og:image\" content=\"https:\/\/nsk.hr\/wp-content\/uploads\/2024\/06\/NSK-reading-rooms-collections.jpg\" \/>\n<meta name=\"twitter:card\" content=\"summary_large_image\" \/>\n<meta name=\"twitter:label1\" content=\"Est. reading time\" \/>\n\t<meta name=\"twitter:data1\" content=\"3 minutes\" \/>\n<script type=\"application\/ld+json\" class=\"yoast-schema-graph\">{\"@context\":\"https:\/\/schema.org\",\"@graph\":[{\"@type\":\"WebPage\",\"@id\":\"https:\/\/nsk.hr\/en\/nsk-collections\/nsk-reading-rooms-collections\/\",\"url\":\"https:\/\/nsk.hr\/en\/nsk-collections\/nsk-reading-rooms-collections\/\",\"name\":\"NSK reading rooms collections - Nacionalna i sveu\u010dili\u0161na knji\u017enica u Zagrebu\",\"isPartOf\":{\"@id\":\"https:\/\/nsk.hr\/en\/#website\"},\"primaryImageOfPage\":{\"@id\":\"https:\/\/nsk.hr\/en\/nsk-collections\/nsk-reading-rooms-collections\/#primaryimage\"},\"image\":{\"@id\":\"https:\/\/nsk.hr\/en\/nsk-collections\/nsk-reading-rooms-collections\/#primaryimage\"},\"thumbnailUrl\":\"https:\/\/nsk.hr\/wp-content\/uploads\/2024\/06\/NSK-reading-rooms-collections.jpg\",\"datePublished\":\"2023-10-03T05:51:51+00:00\",\"dateModified\":\"2024-06-05T14:39:53+00:00\",\"description\":\"The reading rooms of the National and University Library in Zagreb (NSK) provide space for study and research and offer access to specially curated reading room collections and the collection which NSK compiles as the central library of the University of Zagreb.\",\"breadcrumb\":{\"@id\":\"https:\/\/nsk.hr\/en\/nsk-collections\/nsk-reading-rooms-collections\/#breadcrumb\"},\"inLanguage\":\"en-US\",\"potentialAction\":[{\"@type\":\"ReadAction\",\"target\":[\"https:\/\/nsk.hr\/en\/nsk-collections\/nsk-reading-rooms-collections\/\"]}]},{\"@type\":\"ImageObject\",\"inLanguage\":\"en-US\",\"@id\":\"https:\/\/nsk.hr\/en\/nsk-collections\/nsk-reading-rooms-collections\/#primaryimage\",\"url\":\"https:\/\/nsk.hr\/wp-content\/uploads\/2024\/06\/NSK-reading-rooms-collections.jpg\",\"contentUrl\":\"https:\/\/nsk.hr\/wp-content\/uploads\/2024\/06\/NSK-reading-rooms-collections.jpg\"},{\"@type\":\"BreadcrumbList\",\"@id\":\"https:\/\/nsk.hr\/en\/nsk-collections\/nsk-reading-rooms-collections\/#breadcrumb\",\"itemListElement\":[{\"@type\":\"ListItem\",\"position\":1,\"name\":\"Homepage\",\"item\":\"https:\/\/nsk.hr\/en\/\"},{\"@type\":\"ListItem\",\"position\":2,\"name\":\"NSK collections\",\"item\":\"https:\/\/nsk.hr\/en\/nsk-collections\/\"},{\"@type\":\"ListItem\",\"position\":3,\"name\":\"NSK reading rooms collections\"}]},{\"@type\":\"WebSite\",\"@id\":\"https:\/\/nsk.hr\/en\/#website\",\"url\":\"https:\/\/nsk.hr\/en\/\",\"name\":\"Nacionalna i sveu\u010dili\u0161na knji\u017enica u Zagrebu\",\"description\":\"\",\"potentialAction\":[{\"@type\":\"SearchAction\",\"target\":{\"@type\":\"EntryPoint\",\"urlTemplate\":\"https:\/\/nsk.hr\/en\/?s={search_term_string}\"},\"query-input\":{\"@type\":\"PropertyValueSpecification\",\"valueRequired\":true,\"valueName\":\"search_term_string\"}}],\"inLanguage\":\"en-US\"}]}<\/script>\n<!-- \/ Yoast SEO plugin. -->","yoast_head_json":{"title":"NSK reading rooms collections - Nacionalna i sveu\u010dili\u0161na knji\u017enica u Zagrebu","description":"The reading rooms of the National and University Library in Zagreb (NSK) provide space for study and research and offer access to specially curated reading room collections and the collection which NSK compiles as the central library of the University of Zagreb.","robots":{"index":"index","follow":"follow","max-snippet":"max-snippet:-1","max-image-preview":"max-image-preview:large","max-video-preview":"max-video-preview:-1"},"canonical":"https:\/\/nsk.hr\/en\/nsk-collections\/nsk-reading-rooms-collections\/","og_locale":"en_US","og_type":"article","og_title":"NSK reading rooms collections - Nacionalna i sveu\u010dili\u0161na knji\u017enica u Zagrebu","og_description":"The reading rooms of the National and University Library in Zagreb (NSK) provide space for study and research and offer access to specially curated reading room collections and the collection which NSK compiles as the central library of the University of Zagreb.","og_url":"https:\/\/nsk.hr\/en\/nsk-collections\/nsk-reading-rooms-collections\/","og_site_name":"Nacionalna i sveu\u010dili\u0161na knji\u017enica u Zagrebu","article_modified_time":"2024-06-05T14:39:53+00:00","og_image":[{"url":"https:\/\/nsk.hr\/wp-content\/uploads\/2024\/06\/NSK-reading-rooms-collections.jpg","type":"","width":"","height":""}],"twitter_card":"summary_large_image","twitter_misc":{"Est. reading time":"3 minutes"},"schema":{"@context":"https:\/\/schema.org","@graph":[{"@type":"WebPage","@id":"https:\/\/nsk.hr\/en\/nsk-collections\/nsk-reading-rooms-collections\/","url":"https:\/\/nsk.hr\/en\/nsk-collections\/nsk-reading-rooms-collections\/","name":"NSK reading rooms collections - Nacionalna i sveu\u010dili\u0161na knji\u017enica u Zagrebu","isPartOf":{"@id":"https:\/\/nsk.hr\/en\/#website"},"primaryImageOfPage":{"@id":"https:\/\/nsk.hr\/en\/nsk-collections\/nsk-reading-rooms-collections\/#primaryimage"},"image":{"@id":"https:\/\/nsk.hr\/en\/nsk-collections\/nsk-reading-rooms-collections\/#primaryimage"},"thumbnailUrl":"https:\/\/nsk.hr\/wp-content\/uploads\/2024\/06\/NSK-reading-rooms-collections.jpg","datePublished":"2023-10-03T05:51:51+00:00","dateModified":"2024-06-05T14:39:53+00:00","description":"The reading rooms of the National and University Library in Zagreb (NSK) provide space for study and research and offer access to specially curated reading room collections and the collection which NSK compiles as the central library of the University of Zagreb.","breadcrumb":{"@id":"https:\/\/nsk.hr\/en\/nsk-collections\/nsk-reading-rooms-collections\/#breadcrumb"},"inLanguage":"en-US","potentialAction":[{"@type":"ReadAction","target":["https:\/\/nsk.hr\/en\/nsk-collections\/nsk-reading-rooms-collections\/"]}]},{"@type":"ImageObject","inLanguage":"en-US","@id":"https:\/\/nsk.hr\/en\/nsk-collections\/nsk-reading-rooms-collections\/#primaryimage","url":"https:\/\/nsk.hr\/wp-content\/uploads\/2024\/06\/NSK-reading-rooms-collections.jpg","contentUrl":"https:\/\/nsk.hr\/wp-content\/uploads\/2024\/06\/NSK-reading-rooms-collections.jpg"},{"@type":"BreadcrumbList","@id":"https:\/\/nsk.hr\/en\/nsk-collections\/nsk-reading-rooms-collections\/#breadcrumb","itemListElement":[{"@type":"ListItem","position":1,"name":"Homepage","item":"https:\/\/nsk.hr\/en\/"},{"@type":"ListItem","position":2,"name":"NSK collections","item":"https:\/\/nsk.hr\/en\/nsk-collections\/"},{"@type":"ListItem","position":3,"name":"NSK reading rooms collections"}]},{"@type":"WebSite","@id":"https:\/\/nsk.hr\/en\/#website","url":"https:\/\/nsk.hr\/en\/","name":"Nacionalna i sveu\u010dili\u0161na knji\u017enica u Zagrebu","description":"","potentialAction":[{"@type":"SearchAction","target":{"@type":"EntryPoint","urlTemplate":"https:\/\/nsk.hr\/en\/?s={search_term_string}"},"query-input":{"@type":"PropertyValueSpecification","valueRequired":true,"valueName":"search_term_string"}}],"inLanguage":"en-US"}]}},"_links":{"self":[{"href":"https:\/\/nsk.hr\/en\/wp-json\/wp\/v2\/pages\/91329","targetHints":{"allow":["GET"]}}],"collection":[{"href":"https:\/\/nsk.hr\/en\/wp-json\/wp\/v2\/pages"}],"about":[{"href":"https:\/\/nsk.hr\/en\/wp-json\/wp\/v2\/types\/page"}],"author":[{"embeddable":true,"href":"https:\/\/nsk.hr\/en\/wp-json\/wp\/v2\/users\/11"}],"replies":[{"embeddable":true,"href":"https:\/\/nsk.hr\/en\/wp-json\/wp\/v2\/comments?post=91329"}],"version-history":[{"count":33,"href":"https:\/\/nsk.hr\/en\/wp-json\/wp\/v2\/pages\/91329\/revisions"}],"predecessor-version":[{"id":91421,"href":"https:\/\/nsk.hr\/en\/wp-json\/wp\/v2\/pages\/91329\/revisions\/91421"}],"up":[{"embeddable":true,"href":"https:\/\/nsk.hr\/en\/wp-json\/wp\/v2\/pages\/84803"}],"wp:attachment":[{"href":"https:\/\/nsk.hr\/en\/wp-json\/wp\/v2\/media?parent=91329"}],"curies":[{"name":"wp","href":"https:\/\/api.w.org\/{rel}","templated":true}]}}