{"id":91301,"date":"2023-10-20T14:40:17","date_gmt":"2023-10-20T12:40:17","guid":{"rendered":"https:\/\/nsk.hr\/?page_id=91301"},"modified":"2025-05-29T16:56:23","modified_gmt":"2025-05-29T14:56:23","slug":"nsk-periodicals-reading-room","status":"publish","type":"page","link":"https:\/\/nsk.hr\/en\/reading-rooms\/nsk-periodicals-reading-room\/","title":{"rendered":"NSK Periodicals Reading Room"},"content":{"rendered":"\n<p class=\"is-style-lead\">At the Periodicals Reading Room of the National and University Library in Zagreb (NSK), located on Floor 3, you may access a wide array of serial publications, ranging from newspapers, journals and magazines, through conference proceedings and similar collective works, to calendars. Also, you may order and consult books published in Croatia prior to 1900.<\/p>\n\n\n\n<p>Up to ten items may be requested a day.<\/p>\n\n\n\n<figure class=\"wp-block-image size-large is-resized\"><img decoding=\"async\" width=\"1024\" height=\"683\" data-src=\"https:\/\/nsk.hr\/wp-content\/uploads\/2024\/06\/NSK-Periodicals-Reading-Room_Boris-Kovacev-1024x683.jpg\" alt=\"Inside of a newspaper title in the NSK collection.\" class=\"wp-image-91304 lazyload\" style=\"--smush-placeholder-width: 1024px; --smush-placeholder-aspect-ratio: 1024\/683;width:1400px;height:auto\" data-srcset=\"https:\/\/nsk.hr\/wp-content\/uploads\/2024\/06\/NSK-Periodicals-Reading-Room_Boris-Kovacev-1024x683.jpg 1024w, https:\/\/nsk.hr\/wp-content\/uploads\/2024\/06\/NSK-Periodicals-Reading-Room_Boris-Kovacev-300x200.jpg 300w, https:\/\/nsk.hr\/wp-content\/uploads\/2024\/06\/NSK-Periodicals-Reading-Room_Boris-Kovacev-768x512.jpg 768w, https:\/\/nsk.hr\/wp-content\/uploads\/2024\/06\/NSK-Periodicals-Reading-Room_Boris-Kovacev-1536x1024.jpg 1536w, https:\/\/nsk.hr\/wp-content\/uploads\/2024\/06\/NSK-Periodicals-Reading-Room_Boris-Kovacev-2048x1365.jpg 2048w, https:\/\/nsk.hr\/wp-content\/uploads\/2024\/06\/NSK-Periodicals-Reading-Room_Boris-Kovacev-1620x1080.jpg 1620w, https:\/\/nsk.hr\/wp-content\/uploads\/2024\/06\/NSK-Periodicals-Reading-Room_Boris-Kovacev-scaled.jpg 1860w\" data-sizes=\"(max-width: 1024px) 100vw, 1024px\" src=\"data:image\/svg+xml;base64,PHN2ZyB3aWR0aD0iMSIgaGVpZ2h0PSIxIiB4bWxucz0iaHR0cDovL3d3dy53My5vcmcvMjAwMC9zdmciPjwvc3ZnPg==\" \/><\/figure>\n\n\n\n<h2 class=\"wp-block-heading\"><strong>Newspapers, journals and magazines on microfilm<\/strong><\/h2>\n\n\n\n<p>The serial titles available on microfilm may be viewed on the microfilm readers and scanners and a number of the titles in the Collection are also available as part of the <a href=\"http:\/\/dnc.nsk.hr\/\">Croatian Historical Periodicals digital archive<\/a>.<\/p>\n\n\n\n<p>Browse the <a href=\"https:\/\/nsk.hr\/wp-content\/uploads\/2023\/11\/POPIS-MIKROFILMIRANIH-HRVATSKIH-NOVINA-I-CASOPISA_2021.pdf\">list of the Croatian serial titles available on microfilm<\/a>.<\/p>\n\n\n\n<h2 class=\"wp-block-heading\"><\/h2>\n\n\n\n<figure class=\"wp-block-gallery has-nested-images columns-default is-cropped wp-block-gallery-2 is-layout-flex wp-block-gallery-is-layout-flex\">\n<figure class=\"wp-block-image size-large\"><img decoding=\"async\" width=\"1024\" height=\"683\" data-id=\"91302\" data-src=\"https:\/\/nsk.hr\/wp-content\/uploads\/2024\/06\/NSK-Periodicals-Reading-Room_Boris-Kovacev-1-1024x683.jpg\" alt=\"NSK Periodicals Reading Room.\" class=\"wp-image-91302 lazyload\" data-srcset=\"https:\/\/nsk.hr\/wp-content\/uploads\/2024\/06\/NSK-Periodicals-Reading-Room_Boris-Kovacev-1-1024x683.jpg 1024w, https:\/\/nsk.hr\/wp-content\/uploads\/2024\/06\/NSK-Periodicals-Reading-Room_Boris-Kovacev-1-300x200.jpg 300w, https:\/\/nsk.hr\/wp-content\/uploads\/2024\/06\/NSK-Periodicals-Reading-Room_Boris-Kovacev-1-768x512.jpg 768w, https:\/\/nsk.hr\/wp-content\/uploads\/2024\/06\/NSK-Periodicals-Reading-Room_Boris-Kovacev-1-1536x1024.jpg 1536w, https:\/\/nsk.hr\/wp-content\/uploads\/2024\/06\/NSK-Periodicals-Reading-Room_Boris-Kovacev-1-2048x1365.jpg 2048w, https:\/\/nsk.hr\/wp-content\/uploads\/2024\/06\/NSK-Periodicals-Reading-Room_Boris-Kovacev-1-1620x1080.jpg 1620w, https:\/\/nsk.hr\/wp-content\/uploads\/2024\/06\/NSK-Periodicals-Reading-Room_Boris-Kovacev-1-scaled.jpg 1920w\" data-sizes=\"(max-width: 1024px) 100vw, 1024px\" src=\"data:image\/svg+xml;base64,PHN2ZyB3aWR0aD0iMSIgaGVpZ2h0PSIxIiB4bWxucz0iaHR0cDovL3d3dy53My5vcmcvMjAwMC9zdmciPjwvc3ZnPg==\" style=\"--smush-placeholder-width: 1024px; --smush-placeholder-aspect-ratio: 1024\/683;\" \/><\/figure>\n\n\n\n<figure class=\"wp-block-image size-large\"><img decoding=\"async\" width=\"1024\" height=\"683\" data-id=\"91306\" data-src=\"https:\/\/nsk.hr\/wp-content\/uploads\/2024\/06\/NSK-Periodicals-Reading-Room_Boris-Kovacev-4-1024x683.jpg\" alt=\"\" class=\"wp-image-91306 lazyload\" data-srcset=\"https:\/\/nsk.hr\/wp-content\/uploads\/2024\/06\/NSK-Periodicals-Reading-Room_Boris-Kovacev-4-1024x683.jpg 1024w, https:\/\/nsk.hr\/wp-content\/uploads\/2024\/06\/NSK-Periodicals-Reading-Room_Boris-Kovacev-4-300x200.jpg 300w, https:\/\/nsk.hr\/wp-content\/uploads\/2024\/06\/NSK-Periodicals-Reading-Room_Boris-Kovacev-4-768x512.jpg 768w, https:\/\/nsk.hr\/wp-content\/uploads\/2024\/06\/NSK-Periodicals-Reading-Room_Boris-Kovacev-4-1536x1024.jpg 1536w, https:\/\/nsk.hr\/wp-content\/uploads\/2024\/06\/NSK-Periodicals-Reading-Room_Boris-Kovacev-4-2048x1365.jpg 2048w, https:\/\/nsk.hr\/wp-content\/uploads\/2024\/06\/NSK-Periodicals-Reading-Room_Boris-Kovacev-4-1620x1080.jpg 1620w, https:\/\/nsk.hr\/wp-content\/uploads\/2024\/06\/NSK-Periodicals-Reading-Room_Boris-Kovacev-4-scaled.jpg 1920w\" data-sizes=\"(max-width: 1024px) 100vw, 1024px\" src=\"data:image\/svg+xml;base64,PHN2ZyB3aWR0aD0iMSIgaGVpZ2h0PSIxIiB4bWxucz0iaHR0cDovL3d3dy53My5vcmcvMjAwMC9zdmciPjwvc3ZnPg==\" style=\"--smush-placeholder-width: 1024px; --smush-placeholder-aspect-ratio: 1024\/683;\" \/><\/figure>\n<\/figure>\n\n\n\n<p>For preservation-related reasons, the original copies of Croatian newspapers published by 1950 may only be viewed in a microform format.<\/p>\n\n\n\n<h2 class=\"wp-block-heading\"><strong>Reprographic services and self-service scanning<\/strong><\/h2>\n\n\n\n<p>In the Reading Room, you may request the reproductions of resources in the Collection and have them delivered to you as:<\/p>\n\n\n\n<p>&#8211; photocopies<\/p>\n\n\n\n<p>&#8211; digital copies (scans of the original items or photographic copies of microfilm images)<\/p>\n\n\n\n<p>&#8211; microfilms (microfilm copies of microfilm images and paper prints of microfilms).<\/p>\n\n\n\n<h2 class=\"wp-block-heading\"><\/h2>\n\n\n\n<figure class=\"wp-block-gallery has-nested-images columns-default is-cropped wp-block-gallery-3 is-layout-flex wp-block-gallery-is-layout-flex\">\n<figure class=\"wp-block-image size-large\"><img decoding=\"async\" width=\"1024\" height=\"683\" data-id=\"91308\" data-src=\"https:\/\/nsk.hr\/wp-content\/uploads\/2024\/06\/NSK-Periodicals-Reading-Room_Boris-Kovacev-5-1024x683.jpg\" alt=\"\" class=\"wp-image-91308 lazyload\" data-srcset=\"https:\/\/nsk.hr\/wp-content\/uploads\/2024\/06\/NSK-Periodicals-Reading-Room_Boris-Kovacev-5-1024x683.jpg 1024w, https:\/\/nsk.hr\/wp-content\/uploads\/2024\/06\/NSK-Periodicals-Reading-Room_Boris-Kovacev-5-300x200.jpg 300w, https:\/\/nsk.hr\/wp-content\/uploads\/2024\/06\/NSK-Periodicals-Reading-Room_Boris-Kovacev-5-768x512.jpg 768w, https:\/\/nsk.hr\/wp-content\/uploads\/2024\/06\/NSK-Periodicals-Reading-Room_Boris-Kovacev-5-1536x1024.jpg 1536w, https:\/\/nsk.hr\/wp-content\/uploads\/2024\/06\/NSK-Periodicals-Reading-Room_Boris-Kovacev-5-2048x1365.jpg 2048w, https:\/\/nsk.hr\/wp-content\/uploads\/2024\/06\/NSK-Periodicals-Reading-Room_Boris-Kovacev-5-1620x1080.jpg 1620w, https:\/\/nsk.hr\/wp-content\/uploads\/2024\/06\/NSK-Periodicals-Reading-Room_Boris-Kovacev-5-scaled.jpg 1860w\" data-sizes=\"(max-width: 1024px) 100vw, 1024px\" src=\"data:image\/svg+xml;base64,PHN2ZyB3aWR0aD0iMSIgaGVpZ2h0PSIxIiB4bWxucz0iaHR0cDovL3d3dy53My5vcmcvMjAwMC9zdmciPjwvc3ZnPg==\" style=\"--smush-placeholder-width: 1024px; --smush-placeholder-aspect-ratio: 1024\/683;\" \/><\/figure>\n\n\n\n<figure class=\"wp-block-image size-large\"><img decoding=\"async\" width=\"1024\" height=\"683\" data-id=\"91310\" data-src=\"https:\/\/nsk.hr\/wp-content\/uploads\/2024\/06\/NSK-Periodicals-Reading-Room_Boris-Kovacev-2-1024x683.jpg\" alt=\"\" class=\"wp-image-91310 lazyload\" data-srcset=\"https:\/\/nsk.hr\/wp-content\/uploads\/2024\/06\/NSK-Periodicals-Reading-Room_Boris-Kovacev-2-1024x683.jpg 1024w, https:\/\/nsk.hr\/wp-content\/uploads\/2024\/06\/NSK-Periodicals-Reading-Room_Boris-Kovacev-2-300x200.jpg 300w, https:\/\/nsk.hr\/wp-content\/uploads\/2024\/06\/NSK-Periodicals-Reading-Room_Boris-Kovacev-2-768x512.jpg 768w, https:\/\/nsk.hr\/wp-content\/uploads\/2024\/06\/NSK-Periodicals-Reading-Room_Boris-Kovacev-2-1536x1024.jpg 1536w, https:\/\/nsk.hr\/wp-content\/uploads\/2024\/06\/NSK-Periodicals-Reading-Room_Boris-Kovacev-2-2048x1365.jpg 2048w, https:\/\/nsk.hr\/wp-content\/uploads\/2024\/06\/NSK-Periodicals-Reading-Room_Boris-Kovacev-2-1620x1080.jpg 1620w, https:\/\/nsk.hr\/wp-content\/uploads\/2024\/06\/NSK-Periodicals-Reading-Room_Boris-Kovacev-2-scaled.jpg 1920w\" data-sizes=\"(max-width: 1024px) 100vw, 1024px\" src=\"data:image\/svg+xml;base64,PHN2ZyB3aWR0aD0iMSIgaGVpZ2h0PSIxIiB4bWxucz0iaHR0cDovL3d3dy53My5vcmcvMjAwMC9zdmciPjwvc3ZnPg==\" style=\"--smush-placeholder-width: 1024px; --smush-placeholder-aspect-ratio: 1024\/683;\" \/><\/figure>\n<\/figure>\n\n\n\n<p>Reprographic services requests may be submitted by filling out a\u00a0<a href=\"https:\/\/nsk.hr\/wp-content\/uploads\/2025\/05\/Zahtjev-za-digitalizaciju_Citaonica-periodike.docx\">request form<\/a>\u00a0and emailing it at <a href=\"mailto:citaonica.periodike@nsk.hr\">citaonica.periodike@nsk.hr<\/a>, or in person, in the Collection\u2019s reading room.\u00a0<\/p>\n\n\n\n<p>A large format self-service scanner is also available in the Reading Room.<\/p>\n\n\n\n<p>All reprographic services are charged according to <a href=\"https:\/\/nsk.hr\/wp-content\/uploads\/2025\/02\/NSK-Fees-and-Charges_2025-02-26.pdf\">NSK Fees and Charges<\/a>, in compliance with the <a href=\"https:\/\/nsk.hr\/wp-content\/uploads\/2023\/11\/REGULA1.pdf\">Regulations concerning the terms and conditions of using the holdings and services of the National and University Library in Zagreb<\/a>.<\/p>\n\n\n<section  class=\"block-section two-columns-block has-2-col\">\n    <div class=\"container\">\n\n        \n        <div class=\"two-columns-block__container\">\n\n            <div class=\"two-columns-block__column richText\">\n                                    <h3>Opening hours<\/h3>\n                                <p>Monday \u2013 Friday 8.00 \u2013 21.00<\/p>\n<p>Saturday 9.00 \u2013 14.00<\/p>\n            <\/div><!-- .col-1 -->\n\n                            <div class=\"two-columns-block__column richText\">\n                                                                        <h3>Location<\/h3>\n                                                <p data-wahfont=\"13\">Floor 3<\/p>\n<p data-wahfont=\"13\">&nbsp;<\/p>\n                    \n                <\/div><!-- .col-2 -->\n            \n        <\/div>\n\n    <\/div>\n<\/section>\n\n<section  class=\"block-section two-columns-block has-1-col\">\n    <div class=\"container\">\n\n        \n        <div class=\"two-columns-block__container\">\n\n            <div class=\"two-columns-block__column richText\">\n                                    <h3>Contact<\/h3>\n                                <p><u><a href=\"mailto:citaonica.periodike@nsk.hr\">citaonica.periodike@nsk.hr<\/a><\/u><\/p>\n<p>+385 1 616 4051<\/p>\n            <\/div><!-- .col-1 -->\n\n            \n        <\/div>\n\n    <\/div>\n<\/section>","protected":false},"excerpt":{"rendered":"<p>At the Periodicals Reading Room of the National and University Library in Zagreb (NSK), located on Floor 3, you may access a wide array&#8230;<\/p>\n","protected":false},"author":11,"featured_media":0,"parent":86527,"menu_order":0,"comment_status":"closed","ping_status":"closed","template":"","meta":{"_acf_changed":false,"ngg_post_thumbnail":0,"footnotes":""},"class_list":["post-91301","page","type-page","status-publish","hentry"],"acf":[],"yoast_head":"<!-- This site is optimized with the Yoast SEO plugin v25.4 - https:\/\/yoast.com\/wordpress\/plugins\/seo\/ -->\n<title>NSK Periodicals Reading Room - Nacionalna i sveu\u010dili\u0161na knji\u017enica u Zagrebu<\/title>\n<meta name=\"description\" content=\"At the Periodicals Reading Room of the National and University Library in Zagreb (NSK), located on Floor 3, you may access newspapers, journals, magazines, conference proceedings and other collective works, calendars and books published in Croatia prior to 1900.\" \/>\n<meta name=\"robots\" content=\"index, follow, max-snippet:-1, max-image-preview:large, max-video-preview:-1\" \/>\n<link rel=\"canonical\" href=\"https:\/\/nsk.hr\/en\/reading-rooms\/nsk-periodicals-reading-room\/\" \/>\n<meta property=\"og:locale\" content=\"en_US\" \/>\n<meta property=\"og:type\" content=\"article\" \/>\n<meta property=\"og:title\" content=\"NSK Periodicals Reading Room - Nacionalna i sveu\u010dili\u0161na knji\u017enica u Zagrebu\" \/>\n<meta property=\"og:description\" content=\"At the Periodicals Reading Room of the National and University Library in Zagreb (NSK), located on Floor 3, you may access newspapers, journals, magazines, conference proceedings and other collective works, calendars and books published in Croatia prior to 1900.\" \/>\n<meta property=\"og:url\" content=\"https:\/\/nsk.hr\/en\/reading-rooms\/nsk-periodicals-reading-room\/\" \/>\n<meta property=\"og:site_name\" content=\"Nacionalna i sveu\u010dili\u0161na knji\u017enica u Zagrebu\" \/>\n<meta property=\"article:modified_time\" content=\"2025-05-29T14:56:23+00:00\" \/>\n<meta property=\"og:image\" content=\"https:\/\/nsk.hr\/wp-content\/uploads\/2024\/06\/NSK-Periodicals-Reading-Room_Boris-Kovacev-scaled.jpg\" \/>\n\t<meta property=\"og:image:width\" content=\"1860\" \/>\n\t<meta property=\"og:image:height\" content=\"1240\" \/>\n\t<meta property=\"og:image:type\" content=\"image\/jpeg\" \/>\n<meta name=\"twitter:card\" content=\"summary_large_image\" \/>\n<meta name=\"twitter:label1\" content=\"Est. reading time\" \/>\n\t<meta name=\"twitter:data1\" content=\"3 minutes\" \/>\n<script type=\"application\/ld+json\" class=\"yoast-schema-graph\">{\"@context\":\"https:\/\/schema.org\",\"@graph\":[{\"@type\":\"WebPage\",\"@id\":\"https:\/\/nsk.hr\/en\/reading-rooms\/nsk-periodicals-reading-room\/\",\"url\":\"https:\/\/nsk.hr\/en\/reading-rooms\/nsk-periodicals-reading-room\/\",\"name\":\"NSK Periodicals Reading Room - Nacionalna i sveu\u010dili\u0161na knji\u017enica u Zagrebu\",\"isPartOf\":{\"@id\":\"https:\/\/nsk.hr\/en\/#website\"},\"primaryImageOfPage\":{\"@id\":\"https:\/\/nsk.hr\/en\/reading-rooms\/nsk-periodicals-reading-room\/#primaryimage\"},\"image\":{\"@id\":\"https:\/\/nsk.hr\/en\/reading-rooms\/nsk-periodicals-reading-room\/#primaryimage\"},\"thumbnailUrl\":\"https:\/\/nsk.hr\/wp-content\/uploads\/2024\/06\/NSK-Periodicals-Reading-Room_Boris-Kovacev-1024x683.jpg\",\"datePublished\":\"2023-10-20T12:40:17+00:00\",\"dateModified\":\"2025-05-29T14:56:23+00:00\",\"description\":\"At the Periodicals Reading Room of the National and University Library in Zagreb (NSK), located on Floor 3, you may access newspapers, journals, magazines, conference proceedings and other collective works, calendars and books published in Croatia prior to 1900.\",\"breadcrumb\":{\"@id\":\"https:\/\/nsk.hr\/en\/reading-rooms\/nsk-periodicals-reading-room\/#breadcrumb\"},\"inLanguage\":\"en-US\",\"potentialAction\":[{\"@type\":\"ReadAction\",\"target\":[\"https:\/\/nsk.hr\/en\/reading-rooms\/nsk-periodicals-reading-room\/\"]}]},{\"@type\":\"ImageObject\",\"inLanguage\":\"en-US\",\"@id\":\"https:\/\/nsk.hr\/en\/reading-rooms\/nsk-periodicals-reading-room\/#primaryimage\",\"url\":\"https:\/\/nsk.hr\/wp-content\/uploads\/2024\/06\/NSK-Periodicals-Reading-Room_Boris-Kovacev-1024x683.jpg\",\"contentUrl\":\"https:\/\/nsk.hr\/wp-content\/uploads\/2024\/06\/NSK-Periodicals-Reading-Room_Boris-Kovacev-1024x683.jpg\"},{\"@type\":\"BreadcrumbList\",\"@id\":\"https:\/\/nsk.hr\/en\/reading-rooms\/nsk-periodicals-reading-room\/#breadcrumb\",\"itemListElement\":[{\"@type\":\"ListItem\",\"position\":1,\"name\":\"Homepage\",\"item\":\"https:\/\/nsk.hr\/en\/\"},{\"@type\":\"ListItem\",\"position\":2,\"name\":\"Reading rooms\",\"item\":\"https:\/\/nsk.hr\/en\/reading-rooms\/\"},{\"@type\":\"ListItem\",\"position\":3,\"name\":\"NSK Periodicals Reading Room\"}]},{\"@type\":\"WebSite\",\"@id\":\"https:\/\/nsk.hr\/en\/#website\",\"url\":\"https:\/\/nsk.hr\/en\/\",\"name\":\"Nacionalna i sveu\u010dili\u0161na knji\u017enica u Zagrebu\",\"description\":\"\",\"potentialAction\":[{\"@type\":\"SearchAction\",\"target\":{\"@type\":\"EntryPoint\",\"urlTemplate\":\"https:\/\/nsk.hr\/en\/?s={search_term_string}\"},\"query-input\":{\"@type\":\"PropertyValueSpecification\",\"valueRequired\":true,\"valueName\":\"search_term_string\"}}],\"inLanguage\":\"en-US\"}]}<\/script>\n<!-- \/ Yoast SEO plugin. -->","yoast_head_json":{"title":"NSK Periodicals Reading Room - Nacionalna i sveu\u010dili\u0161na knji\u017enica u Zagrebu","description":"At the Periodicals Reading Room of the National and University Library in Zagreb (NSK), located on Floor 3, you may access newspapers, journals, magazines, conference proceedings and other collective works, calendars and books published in Croatia prior to 1900.","robots":{"index":"index","follow":"follow","max-snippet":"max-snippet:-1","max-image-preview":"max-image-preview:large","max-video-preview":"max-video-preview:-1"},"canonical":"https:\/\/nsk.hr\/en\/reading-rooms\/nsk-periodicals-reading-room\/","og_locale":"en_US","og_type":"article","og_title":"NSK Periodicals Reading Room - Nacionalna i sveu\u010dili\u0161na knji\u017enica u Zagrebu","og_description":"At the Periodicals Reading Room of the National and University Library in Zagreb (NSK), located on Floor 3, you may access newspapers, journals, magazines, conference proceedings and other collective works, calendars and books published in Croatia prior to 1900.","og_url":"https:\/\/nsk.hr\/en\/reading-rooms\/nsk-periodicals-reading-room\/","og_site_name":"Nacionalna i sveu\u010dili\u0161na knji\u017enica u Zagrebu","article_modified_time":"2025-05-29T14:56:23+00:00","og_image":[{"width":1860,"height":1240,"url":"https:\/\/nsk.hr\/wp-content\/uploads\/2024\/06\/NSK-Periodicals-Reading-Room_Boris-Kovacev-scaled.jpg","type":"image\/jpeg"}],"twitter_card":"summary_large_image","twitter_misc":{"Est. reading time":"3 minutes"},"schema":{"@context":"https:\/\/schema.org","@graph":[{"@type":"WebPage","@id":"https:\/\/nsk.hr\/en\/reading-rooms\/nsk-periodicals-reading-room\/","url":"https:\/\/nsk.hr\/en\/reading-rooms\/nsk-periodicals-reading-room\/","name":"NSK Periodicals Reading Room - Nacionalna i sveu\u010dili\u0161na knji\u017enica u Zagrebu","isPartOf":{"@id":"https:\/\/nsk.hr\/en\/#website"},"primaryImageOfPage":{"@id":"https:\/\/nsk.hr\/en\/reading-rooms\/nsk-periodicals-reading-room\/#primaryimage"},"image":{"@id":"https:\/\/nsk.hr\/en\/reading-rooms\/nsk-periodicals-reading-room\/#primaryimage"},"thumbnailUrl":"https:\/\/nsk.hr\/wp-content\/uploads\/2024\/06\/NSK-Periodicals-Reading-Room_Boris-Kovacev-1024x683.jpg","datePublished":"2023-10-20T12:40:17+00:00","dateModified":"2025-05-29T14:56:23+00:00","description":"At the Periodicals Reading Room of the National and University Library in Zagreb (NSK), located on Floor 3, you may access newspapers, journals, magazines, conference proceedings and other collective works, calendars and books published in Croatia prior to 1900.","breadcrumb":{"@id":"https:\/\/nsk.hr\/en\/reading-rooms\/nsk-periodicals-reading-room\/#breadcrumb"},"inLanguage":"en-US","potentialAction":[{"@type":"ReadAction","target":["https:\/\/nsk.hr\/en\/reading-rooms\/nsk-periodicals-reading-room\/"]}]},{"@type":"ImageObject","inLanguage":"en-US","@id":"https:\/\/nsk.hr\/en\/reading-rooms\/nsk-periodicals-reading-room\/#primaryimage","url":"https:\/\/nsk.hr\/wp-content\/uploads\/2024\/06\/NSK-Periodicals-Reading-Room_Boris-Kovacev-1024x683.jpg","contentUrl":"https:\/\/nsk.hr\/wp-content\/uploads\/2024\/06\/NSK-Periodicals-Reading-Room_Boris-Kovacev-1024x683.jpg"},{"@type":"BreadcrumbList","@id":"https:\/\/nsk.hr\/en\/reading-rooms\/nsk-periodicals-reading-room\/#breadcrumb","itemListElement":[{"@type":"ListItem","position":1,"name":"Homepage","item":"https:\/\/nsk.hr\/en\/"},{"@type":"ListItem","position":2,"name":"Reading rooms","item":"https:\/\/nsk.hr\/en\/reading-rooms\/"},{"@type":"ListItem","position":3,"name":"NSK Periodicals Reading Room"}]},{"@type":"WebSite","@id":"https:\/\/nsk.hr\/en\/#website","url":"https:\/\/nsk.hr\/en\/","name":"Nacionalna i sveu\u010dili\u0161na knji\u017enica u Zagrebu","description":"","potentialAction":[{"@type":"SearchAction","target":{"@type":"EntryPoint","urlTemplate":"https:\/\/nsk.hr\/en\/?s={search_term_string}"},"query-input":{"@type":"PropertyValueSpecification","valueRequired":true,"valueName":"search_term_string"}}],"inLanguage":"en-US"}]}},"_links":{"self":[{"href":"https:\/\/nsk.hr\/en\/wp-json\/wp\/v2\/pages\/91301","targetHints":{"allow":["GET"]}}],"collection":[{"href":"https:\/\/nsk.hr\/en\/wp-json\/wp\/v2\/pages"}],"about":[{"href":"https:\/\/nsk.hr\/en\/wp-json\/wp\/v2\/types\/page"}],"author":[{"embeddable":true,"href":"https:\/\/nsk.hr\/en\/wp-json\/wp\/v2\/users\/11"}],"replies":[{"embeddable":true,"href":"https:\/\/nsk.hr\/en\/wp-json\/wp\/v2\/comments?post=91301"}],"version-history":[{"count":14,"href":"https:\/\/nsk.hr\/en\/wp-json\/wp\/v2\/pages\/91301\/revisions"}],"predecessor-version":[{"id":96636,"href":"https:\/\/nsk.hr\/en\/wp-json\/wp\/v2\/pages\/91301\/revisions\/96636"}],"up":[{"embeddable":true,"href":"https:\/\/nsk.hr\/en\/wp-json\/wp\/v2\/pages\/86527"}],"wp:attachment":[{"href":"https:\/\/nsk.hr\/en\/wp-json\/wp\/v2\/media?parent=91301"}],"curies":[{"name":"wp","href":"https:\/\/api.w.org\/{rel}","templated":true}]}}