{"id":91235,"date":"2023-10-05T12:42:33","date_gmt":"2023-10-05T10:42:33","guid":{"rendered":"https:\/\/nsk.hr\/?page_id=91235"},"modified":"2024-07-03T09:15:34","modified_gmt":"2024-07-03T07:15:34","slug":"nsk-digital-collections","status":"publish","type":"page","link":"https:\/\/nsk.hr\/en\/nsk-holdings\/nsk-digital-collections\/","title":{"rendered":"NSK digital collections"},"content":{"rendered":"\n<p class=\"is-style-lead\">Along with its rich collection of analogue materials, the National and University Library in Zagreb (NSK) curates a fast-growing collection of digital resources.<\/p>\n\n\n\n<figure class=\"wp-block-image size-large\"><img decoding=\"async\" width=\"1024\" height=\"719\" data-src=\"https:\/\/nsk.hr\/wp-content\/uploads\/2024\/05\/NSKWeb_NSK-Digital-Collections-homepage-1024x719.png\" alt=\"Homepage of the NSK Digital Collections website shown on a tablet, with bookshelves blurred in the background.\" class=\"wp-image-91237 lazyload\" data-srcset=\"https:\/\/nsk.hr\/wp-content\/uploads\/2024\/05\/NSKWeb_NSK-Digital-Collections-homepage-1024x719.png 1024w, https:\/\/nsk.hr\/wp-content\/uploads\/2024\/05\/NSKWeb_NSK-Digital-Collections-homepage-300x211.png 300w, https:\/\/nsk.hr\/wp-content\/uploads\/2024\/05\/NSKWeb_NSK-Digital-Collections-homepage-768x539.png 768w, https:\/\/nsk.hr\/wp-content\/uploads\/2024\/05\/NSKWeb_NSK-Digital-Collections-homepage-1536x1079.png 1536w, https:\/\/nsk.hr\/wp-content\/uploads\/2024\/05\/NSKWeb_NSK-Digital-Collections-homepage-1538x1080.png 1538w, https:\/\/nsk.hr\/wp-content\/uploads\/2024\/05\/NSKWeb_NSK-Digital-Collections-homepage.png 1706w\" data-sizes=\"(max-width: 1024px) 100vw, 1024px\" src=\"data:image\/svg+xml;base64,PHN2ZyB3aWR0aD0iMSIgaGVpZ2h0PSIxIiB4bWxucz0iaHR0cDovL3d3dy53My5vcmcvMjAwMC9zdmciPjwvc3ZnPg==\" style=\"--smush-placeholder-width: 1024px; --smush-placeholder-aspect-ratio: 1024\/719;\" \/><\/figure>\n\n\n\n<p>The digital collections of NSK, the National and University Library in Zagreb, include digitised and born-digital resources ranging from incunabula, manuscripts, old newspapers and journals, through drawings, prints, posters, music recordings, printed and manuscript music, old maps and plans of cities, to e-books, peer-reviewed journals, graduation, Master\u2019s and doctoral theses to archived websites and other online content.<\/p>\n\n\n\n<p>The Library\u2019s digital resources may be accessed on the <a href=\"https:\/\/digitalna.nsk.hr\/\">NSK Digital Collections<\/a> website.<\/p>\n\n\n<section  class=\"block-section richText alignment-left\">\n\t<div class=\"container\">\n\t\t<div class=\"acf-innerblocks-container\">\n\n<section class=\"block-section quick-links-block quick-links-block--has-2-col\">\n\n    <h2 class=\"quick-links-block__title\">Digital resources by type<\/h2>\n\n    <ul class=\"quick-links-block__list list-unstyled\">\n                                <li class=\"quick-links-block__item\">\n                <a href=\"https:\/\/digitalna.nsk.hr\/digitalneknjige\/\" class=\"quick-links-block__link\">\n                    <span class=\"text\">\n                        Books                    <\/span>\n                    <svg xmlns=\"http:\/\/www.w3.org\/2000\/svg\" width=\"28\" height=\"28\" viewBox=\"0 0 28 28\" fill=\"none\">\n                        <path d=\"M19.8864 7L18.7095 8.17654L23.7027 13.1681H2V14.8321H23.7026L18.7095 19.8235L19.8864 21L26.8889 14L19.8864 7Z\" fill=\"#231F20\"><\/path>\n                    <\/svg>\n                <\/a>\n            <\/li>\n                                <li class=\"quick-links-block__item\">\n                <a href=\"https:\/\/digitalna.nsk.hr\/rukopisnagrada\/\" class=\"quick-links-block__link\">\n                    <span class=\"text\">\n                        Manuscripts                    <\/span>\n                    <svg xmlns=\"http:\/\/www.w3.org\/2000\/svg\" width=\"28\" height=\"28\" viewBox=\"0 0 28 28\" fill=\"none\">\n                        <path d=\"M19.8864 7L18.7095 8.17654L23.7027 13.1681H2V14.8321H23.7026L18.7095 19.8235L19.8864 21L26.8889 14L19.8864 7Z\" fill=\"#231F20\"><\/path>\n                    <\/svg>\n                <\/a>\n            <\/li>\n                                <li class=\"quick-links-block__item\">\n                <a href=\"https:\/\/digitalna.nsk.hr\/vizualnagrada\/\" class=\"quick-links-block__link\">\n                    <span class=\"text\">\n                        Prints, drawings, posters and postcards                    <\/span>\n                    <svg xmlns=\"http:\/\/www.w3.org\/2000\/svg\" width=\"28\" height=\"28\" viewBox=\"0 0 28 28\" fill=\"none\">\n                        <path d=\"M19.8864 7L18.7095 8.17654L23.7027 13.1681H2V14.8321H23.7026L18.7095 19.8235L19.8864 21L26.8889 14L19.8864 7Z\" fill=\"#231F20\"><\/path>\n                    <\/svg>\n                <\/a>\n            <\/li>\n                                <li class=\"quick-links-block__item\">\n                <a href=\"https:\/\/digitalna.nsk.hr\/glazbenagrada\/\" class=\"quick-links-block__link\">\n                    <span class=\"text\">\n                        Music                    <\/span>\n                    <svg xmlns=\"http:\/\/www.w3.org\/2000\/svg\" width=\"28\" height=\"28\" viewBox=\"0 0 28 28\" fill=\"none\">\n                        <path d=\"M19.8864 7L18.7095 8.17654L23.7027 13.1681H2V14.8321H23.7026L18.7095 19.8235L19.8864 21L26.8889 14L19.8864 7Z\" fill=\"#231F20\"><\/path>\n                    <\/svg>\n                <\/a>\n            <\/li>\n                                <li class=\"quick-links-block__item\">\n                <a href=\"https:\/\/digitalna.nsk.hr\/kartografska\/\" class=\"quick-links-block__link\">\n                    <span class=\"text\">\n                        Cartographic material                    <\/span>\n                    <svg xmlns=\"http:\/\/www.w3.org\/2000\/svg\" width=\"28\" height=\"28\" viewBox=\"0 0 28 28\" fill=\"none\">\n                        <path d=\"M19.8864 7L18.7095 8.17654L23.7027 13.1681H2V14.8321H23.7026L18.7095 19.8235L19.8864 21L26.8889 14L19.8864 7Z\" fill=\"#231F20\"><\/path>\n                    <\/svg>\n                <\/a>\n            <\/li>\n                                <li class=\"quick-links-block__item\">\n                <a href=\"http:\/\/dnc.nsk.hr\/Newspapers\/English.aspx\" class=\"quick-links-block__link\">\n                    <span class=\"text\">\n                        Historical Croatian newspapers                    <\/span>\n                    <svg xmlns=\"http:\/\/www.w3.org\/2000\/svg\" width=\"28\" height=\"28\" viewBox=\"0 0 28 28\" fill=\"none\">\n                        <path d=\"M19.8864 7L18.7095 8.17654L23.7027 13.1681H2V14.8321H23.7026L18.7095 19.8235L19.8864 21L26.8889 14L19.8864 7Z\" fill=\"#231F20\"><\/path>\n                    <\/svg>\n                <\/a>\n            <\/li>\n                                <li class=\"quick-links-block__item\">\n                <a href=\"http:\/\/dnc.nsk.hr\/Journals\/English.aspx\" class=\"quick-links-block__link\">\n                    <span class=\"text\">\n                        Historical Croatian journals and magazines                    <\/span>\n                    <svg xmlns=\"http:\/\/www.w3.org\/2000\/svg\" width=\"28\" height=\"28\" viewBox=\"0 0 28 28\" fill=\"none\">\n                        <path d=\"M19.8864 7L18.7095 8.17654L23.7027 13.1681H2V14.8321H23.7026L18.7095 19.8235L19.8864 21L26.8889 14L19.8864 7Z\" fill=\"#231F20\"><\/path>\n                    <\/svg>\n                <\/a>\n            <\/li>\n                                <li class=\"quick-links-block__item\">\n                <a href=\"https:\/\/glagoljica.hr\/\" class=\"quick-links-block__link\">\n                    <span class=\"text\">\n                        Croatian Glagolitic heritage                    <\/span>\n                    <svg xmlns=\"http:\/\/www.w3.org\/2000\/svg\" width=\"28\" height=\"28\" viewBox=\"0 0 28 28\" fill=\"none\">\n                        <path d=\"M19.8864 7L18.7095 8.17654L23.7027 13.1681H2V14.8321H23.7026L18.7095 19.8235L19.8864 21L26.8889 14L19.8864 7Z\" fill=\"#231F20\"><\/path>\n                    <\/svg>\n                <\/a>\n            <\/li>\n            <\/ul>\n<\/section>\n<\/div>\n\t<\/div>\n<\/section>\n\n\n\n<section class=\"block-section quick-links-block quick-links-block--has-1-col\">\n\n    <h2 class=\"quick-links-block__title\">Digitised resources from NSK\u2019s special collections<\/h2>\n\n    <ul class=\"quick-links-block__list list-unstyled\">\n                                <li class=\"quick-links-block__item\">\n                <a href=\"https:\/\/digitalna.nsk.hr\/zbirka-rukopisa-i-starih-knjiga-nsk\/\" class=\"quick-links-block__link\">\n                    <span class=\"text\">\n                        NSK Manuscripts and Old Books Collection                    <\/span>\n                    <svg xmlns=\"http:\/\/www.w3.org\/2000\/svg\" width=\"28\" height=\"28\" viewBox=\"0 0 28 28\" fill=\"none\">\n                        <path d=\"M19.8864 7L18.7095 8.17654L23.7027 13.1681H2V14.8321H23.7026L18.7095 19.8235L19.8864 21L26.8889 14L19.8864 7Z\" fill=\"#231F20\"><\/path>\n                    <\/svg>\n                <\/a>\n            <\/li>\n                                <li class=\"quick-links-block__item\">\n                <a href=\"https:\/\/digitalna.nsk.hr\/graficka-zbirka-nsk\/\" class=\"quick-links-block__link\">\n                    <span class=\"text\">\n                        NSK Print Collection                    <\/span>\n                    <svg xmlns=\"http:\/\/www.w3.org\/2000\/svg\" width=\"28\" height=\"28\" viewBox=\"0 0 28 28\" fill=\"none\">\n                        <path d=\"M19.8864 7L18.7095 8.17654L23.7027 13.1681H2V14.8321H23.7026L18.7095 19.8235L19.8864 21L26.8889 14L19.8864 7Z\" fill=\"#231F20\"><\/path>\n                    <\/svg>\n                <\/a>\n            <\/li>\n                                <li class=\"quick-links-block__item\">\n                <a href=\"https:\/\/digitalna.nsk.hr\/zbirka-zemljovida-nsk\/\" class=\"quick-links-block__link\">\n                    <span class=\"text\">\n                        NSK Map Collection                    <\/span>\n                    <svg xmlns=\"http:\/\/www.w3.org\/2000\/svg\" width=\"28\" height=\"28\" viewBox=\"0 0 28 28\" fill=\"none\">\n                        <path d=\"M19.8864 7L18.7095 8.17654L23.7027 13.1681H2V14.8321H23.7026L18.7095 19.8235L19.8864 21L26.8889 14L19.8864 7Z\" fill=\"#231F20\"><\/path>\n                    <\/svg>\n                <\/a>\n            <\/li>\n                                <li class=\"quick-links-block__item\">\n                <a href=\"https:\/\/digitalna.nsk.hr\/glazbena-zbirka-nsk\/\" class=\"quick-links-block__link\">\n                    <span class=\"text\">\n                        NSK Music Collection                    <\/span>\n                    <svg xmlns=\"http:\/\/www.w3.org\/2000\/svg\" width=\"28\" height=\"28\" viewBox=\"0 0 28 28\" fill=\"none\">\n                        <path d=\"M19.8864 7L18.7095 8.17654L23.7027 13.1681H2V14.8321H23.7026L18.7095 19.8235L19.8864 21L26.8889 14L19.8864 7Z\" fill=\"#231F20\"><\/path>\n                    <\/svg>\n                <\/a>\n            <\/li>\n            <\/ul>\n<\/section>\n\n\n<section class=\"block-section quick-links-block quick-links-block--has-1-col\">\n\n    <h2 class=\"quick-links-block__title\">Born-digital resources<\/h2>\n\n    <ul class=\"quick-links-block__list list-unstyled\">\n                                <li class=\"quick-links-block__item\">\n                <a href=\"https:\/\/haw.nsk.hr\/en\/\" class=\"quick-links-block__link\">\n                    <span class=\"text\">\n                        Croatian Web Archive                    <\/span>\n                    <svg xmlns=\"http:\/\/www.w3.org\/2000\/svg\" width=\"28\" height=\"28\" viewBox=\"0 0 28 28\" fill=\"none\">\n                        <path d=\"M19.8864 7L18.7095 8.17654L23.7027 13.1681H2V14.8321H23.7026L18.7095 19.8235L19.8864 21L26.8889 14L19.8864 7Z\" fill=\"#231F20\"><\/path>\n                    <\/svg>\n                <\/a>\n            <\/li>\n                                <li class=\"quick-links-block__item\">\n                <a href=\"https:\/\/zir.nsk.hr\/en\" class=\"quick-links-block__link\">\n                    <span class=\"text\">\n                        Croatian Digital Theses Repository                    <\/span>\n                    <svg xmlns=\"http:\/\/www.w3.org\/2000\/svg\" width=\"28\" height=\"28\" viewBox=\"0 0 28 28\" fill=\"none\">\n                        <path d=\"M19.8864 7L18.7095 8.17654L23.7027 13.1681H2V14.8321H23.7026L18.7095 19.8235L19.8864 21L26.8889 14L19.8864 7Z\" fill=\"#231F20\"><\/path>\n                    <\/svg>\n                <\/a>\n            <\/li>\n                                <li class=\"quick-links-block__item\">\n                <a href=\"https:\/\/dr.nsk.hr\/en\" class=\"quick-links-block__link\">\n                    <span class=\"text\">\n                        Croatian Digital Dissertations Repository                    <\/span>\n                    <svg xmlns=\"http:\/\/www.w3.org\/2000\/svg\" width=\"28\" height=\"28\" viewBox=\"0 0 28 28\" fill=\"none\">\n                        <path d=\"M19.8864 7L18.7095 8.17654L23.7027 13.1681H2V14.8321H23.7026L18.7095 19.8235L19.8864 21L26.8889 14L19.8864 7Z\" fill=\"#231F20\"><\/path>\n                    <\/svg>\n                <\/a>\n            <\/li>\n                                <li class=\"quick-links-block__item\">\n                <a href=\"https:\/\/repozitorij.unizg.hr\/en\" class=\"quick-links-block__link\">\n                    <span class=\"text\">\n                        University of Zagreb Repository                    <\/span>\n                    <svg xmlns=\"http:\/\/www.w3.org\/2000\/svg\" width=\"28\" height=\"28\" viewBox=\"0 0 28 28\" fill=\"none\">\n                        <path d=\"M19.8864 7L18.7095 8.17654L23.7027 13.1681H2V14.8321H23.7026L18.7095 19.8235L19.8864 21L26.8889 14L19.8864 7Z\" fill=\"#231F20\"><\/path>\n                    <\/svg>\n                <\/a>\n            <\/li>\n            <\/ul>\n<\/section>\n\n\n<section class=\"block-section quick-links-block quick-links-block--has-1-col\">\n\n    <h2 class=\"quick-links-block__title\">Quick links for further research<\/h2>\n\n    <ul class=\"quick-links-block__list list-unstyled\">\n                                <li class=\"quick-links-block__item\">\n                <a href=\"https:\/\/digitalna.nsk.hr\/?pc=l&#038;filter=28198&#038;c=y&#038;view=grid\" class=\"quick-links-block__link\">\n                    <span class=\"text\">\n                        NSK digitisation projects                    <\/span>\n                    <svg xmlns=\"http:\/\/www.w3.org\/2000\/svg\" width=\"28\" height=\"28\" viewBox=\"0 0 28 28\" fill=\"none\">\n                        <path d=\"M19.8864 7L18.7095 8.17654L23.7027 13.1681H2V14.8321H23.7026L18.7095 19.8235L19.8864 21L26.8889 14L19.8864 7Z\" fill=\"#231F20\"><\/path>\n                    <\/svg>\n                <\/a>\n            <\/li>\n                                <li class=\"quick-links-block__item\">\n                <a href=\"https:\/\/digitalna.nsk.hr\/?pc=l&#038;filter=33518&#038;c=y&#038;view=grid\" class=\"quick-links-block__link\">\n                    <span class=\"text\">\n                        NSK Digital Collections \u2013 miscellaneous collections                    <\/span>\n                    <svg xmlns=\"http:\/\/www.w3.org\/2000\/svg\" width=\"28\" height=\"28\" viewBox=\"0 0 28 28\" fill=\"none\">\n                        <path d=\"M19.8864 7L18.7095 8.17654L23.7027 13.1681H2V14.8321H23.7026L18.7095 19.8235L19.8864 21L26.8889 14L19.8864 7Z\" fill=\"#231F20\"><\/path>\n                    <\/svg>\n                <\/a>\n            <\/li>\n                                <li class=\"quick-links-block__item\">\n                <a href=\"https:\/\/digitalna.nsk.hr\/?pc=l&#038;filter=29801&#038;c=y&#038;view=grid\" class=\"quick-links-block__link\">\n                    <span class=\"text\">\n                        Digital resources by author                    <\/span>\n                    <svg xmlns=\"http:\/\/www.w3.org\/2000\/svg\" width=\"28\" height=\"28\" viewBox=\"0 0 28 28\" fill=\"none\">\n                        <path d=\"M19.8864 7L18.7095 8.17654L23.7027 13.1681H2V14.8321H23.7026L18.7095 19.8235L19.8864 21L26.8889 14L19.8864 7Z\" fill=\"#231F20\"><\/path>\n                    <\/svg>\n                <\/a>\n            <\/li>\n            <\/ul>\n<\/section>","protected":false},"excerpt":{"rendered":"<p>Along with its rich collection of analogue materials, the National and University Library in Zagreb (NSK) curates a fast-growing collection of digital resources. The&#8230;<\/p>\n","protected":false},"author":11,"featured_media":0,"parent":85571,"menu_order":0,"comment_status":"closed","ping_status":"closed","template":"","meta":{"_acf_changed":false,"ngg_post_thumbnail":0,"footnotes":""},"class_list":["post-91235","page","type-page","status-publish","hentry"],"acf":[],"yoast_head":"<!-- This site is optimized with the Yoast SEO plugin v25.4 - https:\/\/yoast.com\/wordpress\/plugins\/seo\/ -->\n<title>NSK digital collections - Nacionalna i sveu\u010dili\u0161na knji\u017enica u Zagrebu<\/title>\n<meta name=\"description\" content=\"Along with its rich collection of analogue materials, the National and University Library in Zagreb (NSK) curates a fast-growing collection of digital resources.\" \/>\n<meta name=\"robots\" content=\"index, follow, max-snippet:-1, max-image-preview:large, max-video-preview:-1\" \/>\n<link rel=\"canonical\" href=\"https:\/\/nsk.hr\/en\/nsk-holdings\/nsk-digital-collections\/\" \/>\n<meta property=\"og:locale\" content=\"en_US\" \/>\n<meta property=\"og:type\" content=\"article\" \/>\n<meta property=\"og:title\" content=\"NSK digital collections - Nacionalna i sveu\u010dili\u0161na knji\u017enica u Zagrebu\" \/>\n<meta property=\"og:description\" content=\"Along with its rich collection of analogue materials, the National and University Library in Zagreb (NSK) curates a fast-growing collection of digital resources.\" \/>\n<meta property=\"og:url\" content=\"https:\/\/nsk.hr\/en\/nsk-holdings\/nsk-digital-collections\/\" \/>\n<meta property=\"og:site_name\" content=\"Nacionalna i sveu\u010dili\u0161na knji\u017enica u Zagrebu\" \/>\n<meta property=\"article:modified_time\" content=\"2024-07-03T07:15:34+00:00\" \/>\n<meta property=\"og:image\" content=\"https:\/\/nsk.hr\/wp-content\/uploads\/2024\/05\/NSKWeb_NSK-Digital-Collections-homepage-1024x719.png\" \/>\n<meta name=\"twitter:card\" content=\"summary_large_image\" \/>\n<meta name=\"twitter:label1\" content=\"Est. reading time\" \/>\n\t<meta name=\"twitter:data1\" content=\"1 minute\" \/>\n<script type=\"application\/ld+json\" class=\"yoast-schema-graph\">{\"@context\":\"https:\/\/schema.org\",\"@graph\":[{\"@type\":\"WebPage\",\"@id\":\"https:\/\/nsk.hr\/en\/nsk-holdings\/nsk-digital-collections\/\",\"url\":\"https:\/\/nsk.hr\/en\/nsk-holdings\/nsk-digital-collections\/\",\"name\":\"NSK digital collections - Nacionalna i sveu\u010dili\u0161na knji\u017enica u Zagrebu\",\"isPartOf\":{\"@id\":\"https:\/\/nsk.hr\/en\/#website\"},\"primaryImageOfPage\":{\"@id\":\"https:\/\/nsk.hr\/en\/nsk-holdings\/nsk-digital-collections\/#primaryimage\"},\"image\":{\"@id\":\"https:\/\/nsk.hr\/en\/nsk-holdings\/nsk-digital-collections\/#primaryimage\"},\"thumbnailUrl\":\"https:\/\/nsk.hr\/wp-content\/uploads\/2024\/05\/NSKWeb_NSK-Digital-Collections-homepage-1024x719.png\",\"datePublished\":\"2023-10-05T10:42:33+00:00\",\"dateModified\":\"2024-07-03T07:15:34+00:00\",\"description\":\"Along with its rich collection of analogue materials, the National and University Library in Zagreb (NSK) curates a fast-growing collection of digital resources.\",\"breadcrumb\":{\"@id\":\"https:\/\/nsk.hr\/en\/nsk-holdings\/nsk-digital-collections\/#breadcrumb\"},\"inLanguage\":\"en-US\",\"potentialAction\":[{\"@type\":\"ReadAction\",\"target\":[\"https:\/\/nsk.hr\/en\/nsk-holdings\/nsk-digital-collections\/\"]}]},{\"@type\":\"ImageObject\",\"inLanguage\":\"en-US\",\"@id\":\"https:\/\/nsk.hr\/en\/nsk-holdings\/nsk-digital-collections\/#primaryimage\",\"url\":\"https:\/\/nsk.hr\/wp-content\/uploads\/2024\/05\/NSKWeb_NSK-Digital-Collections-homepage-1024x719.png\",\"contentUrl\":\"https:\/\/nsk.hr\/wp-content\/uploads\/2024\/05\/NSKWeb_NSK-Digital-Collections-homepage-1024x719.png\"},{\"@type\":\"BreadcrumbList\",\"@id\":\"https:\/\/nsk.hr\/en\/nsk-holdings\/nsk-digital-collections\/#breadcrumb\",\"itemListElement\":[{\"@type\":\"ListItem\",\"position\":1,\"name\":\"Homepage\",\"item\":\"https:\/\/nsk.hr\/en\/\"},{\"@type\":\"ListItem\",\"position\":2,\"name\":\"NSK holdings\",\"item\":\"https:\/\/nsk.hr\/en\/nsk-holdings\/\"},{\"@type\":\"ListItem\",\"position\":3,\"name\":\"NSK digital collections\"}]},{\"@type\":\"WebSite\",\"@id\":\"https:\/\/nsk.hr\/en\/#website\",\"url\":\"https:\/\/nsk.hr\/en\/\",\"name\":\"Nacionalna i sveu\u010dili\u0161na knji\u017enica u Zagrebu\",\"description\":\"\",\"potentialAction\":[{\"@type\":\"SearchAction\",\"target\":{\"@type\":\"EntryPoint\",\"urlTemplate\":\"https:\/\/nsk.hr\/en\/?s={search_term_string}\"},\"query-input\":{\"@type\":\"PropertyValueSpecification\",\"valueRequired\":true,\"valueName\":\"search_term_string\"}}],\"inLanguage\":\"en-US\"}]}<\/script>\n<!-- \/ Yoast SEO plugin. -->","yoast_head_json":{"title":"NSK digital collections - Nacionalna i sveu\u010dili\u0161na knji\u017enica u Zagrebu","description":"Along with its rich collection of analogue materials, the National and University Library in Zagreb (NSK) curates a fast-growing collection of digital resources.","robots":{"index":"index","follow":"follow","max-snippet":"max-snippet:-1","max-image-preview":"max-image-preview:large","max-video-preview":"max-video-preview:-1"},"canonical":"https:\/\/nsk.hr\/en\/nsk-holdings\/nsk-digital-collections\/","og_locale":"en_US","og_type":"article","og_title":"NSK digital collections - Nacionalna i sveu\u010dili\u0161na knji\u017enica u Zagrebu","og_description":"Along with its rich collection of analogue materials, the National and University Library in Zagreb (NSK) curates a fast-growing collection of digital resources.","og_url":"https:\/\/nsk.hr\/en\/nsk-holdings\/nsk-digital-collections\/","og_site_name":"Nacionalna i sveu\u010dili\u0161na knji\u017enica u Zagrebu","article_modified_time":"2024-07-03T07:15:34+00:00","og_image":[{"url":"https:\/\/nsk.hr\/wp-content\/uploads\/2024\/05\/NSKWeb_NSK-Digital-Collections-homepage-1024x719.png","type":"","width":"","height":""}],"twitter_card":"summary_large_image","twitter_misc":{"Est. reading time":"1 minute"},"schema":{"@context":"https:\/\/schema.org","@graph":[{"@type":"WebPage","@id":"https:\/\/nsk.hr\/en\/nsk-holdings\/nsk-digital-collections\/","url":"https:\/\/nsk.hr\/en\/nsk-holdings\/nsk-digital-collections\/","name":"NSK digital collections - Nacionalna i sveu\u010dili\u0161na knji\u017enica u Zagrebu","isPartOf":{"@id":"https:\/\/nsk.hr\/en\/#website"},"primaryImageOfPage":{"@id":"https:\/\/nsk.hr\/en\/nsk-holdings\/nsk-digital-collections\/#primaryimage"},"image":{"@id":"https:\/\/nsk.hr\/en\/nsk-holdings\/nsk-digital-collections\/#primaryimage"},"thumbnailUrl":"https:\/\/nsk.hr\/wp-content\/uploads\/2024\/05\/NSKWeb_NSK-Digital-Collections-homepage-1024x719.png","datePublished":"2023-10-05T10:42:33+00:00","dateModified":"2024-07-03T07:15:34+00:00","description":"Along with its rich collection of analogue materials, the National and University Library in Zagreb (NSK) curates a fast-growing collection of digital resources.","breadcrumb":{"@id":"https:\/\/nsk.hr\/en\/nsk-holdings\/nsk-digital-collections\/#breadcrumb"},"inLanguage":"en-US","potentialAction":[{"@type":"ReadAction","target":["https:\/\/nsk.hr\/en\/nsk-holdings\/nsk-digital-collections\/"]}]},{"@type":"ImageObject","inLanguage":"en-US","@id":"https:\/\/nsk.hr\/en\/nsk-holdings\/nsk-digital-collections\/#primaryimage","url":"https:\/\/nsk.hr\/wp-content\/uploads\/2024\/05\/NSKWeb_NSK-Digital-Collections-homepage-1024x719.png","contentUrl":"https:\/\/nsk.hr\/wp-content\/uploads\/2024\/05\/NSKWeb_NSK-Digital-Collections-homepage-1024x719.png"},{"@type":"BreadcrumbList","@id":"https:\/\/nsk.hr\/en\/nsk-holdings\/nsk-digital-collections\/#breadcrumb","itemListElement":[{"@type":"ListItem","position":1,"name":"Homepage","item":"https:\/\/nsk.hr\/en\/"},{"@type":"ListItem","position":2,"name":"NSK holdings","item":"https:\/\/nsk.hr\/en\/nsk-holdings\/"},{"@type":"ListItem","position":3,"name":"NSK digital collections"}]},{"@type":"WebSite","@id":"https:\/\/nsk.hr\/en\/#website","url":"https:\/\/nsk.hr\/en\/","name":"Nacionalna i sveu\u010dili\u0161na knji\u017enica u Zagrebu","description":"","potentialAction":[{"@type":"SearchAction","target":{"@type":"EntryPoint","urlTemplate":"https:\/\/nsk.hr\/en\/?s={search_term_string}"},"query-input":{"@type":"PropertyValueSpecification","valueRequired":true,"valueName":"search_term_string"}}],"inLanguage":"en-US"}]}},"_links":{"self":[{"href":"https:\/\/nsk.hr\/en\/wp-json\/wp\/v2\/pages\/91235","targetHints":{"allow":["GET"]}}],"collection":[{"href":"https:\/\/nsk.hr\/en\/wp-json\/wp\/v2\/pages"}],"about":[{"href":"https:\/\/nsk.hr\/en\/wp-json\/wp\/v2\/types\/page"}],"author":[{"embeddable":true,"href":"https:\/\/nsk.hr\/en\/wp-json\/wp\/v2\/users\/11"}],"replies":[{"embeddable":true,"href":"https:\/\/nsk.hr\/en\/wp-json\/wp\/v2\/comments?post=91235"}],"version-history":[{"count":5,"href":"https:\/\/nsk.hr\/en\/wp-json\/wp\/v2\/pages\/91235\/revisions"}],"predecessor-version":[{"id":91782,"href":"https:\/\/nsk.hr\/en\/wp-json\/wp\/v2\/pages\/91235\/revisions\/91782"}],"up":[{"embeddable":true,"href":"https:\/\/nsk.hr\/en\/wp-json\/wp\/v2\/pages\/85571"}],"wp:attachment":[{"href":"https:\/\/nsk.hr\/en\/wp-json\/wp\/v2\/media?parent=91235"}],"curies":[{"name":"wp","href":"https:\/\/api.w.org\/{rel}","templated":true}]}}