{"id":87568,"date":"2023-11-29T12:13:35","date_gmt":"2023-11-29T11:13:35","guid":{"rendered":"https:\/\/nsk.hr\/?page_id=87568"},"modified":"2024-10-04T15:23:09","modified_gmt":"2024-10-04T13:23:09","slug":"accessibility-statement","status":"publish","type":"page","link":"https:\/\/nsk.hr\/en\/accessibility-statement\/","title":{"rendered":"Accessibility statement"},"content":{"rendered":"\n<p>The National and University Library in Zagreb (NSK) is committed to making its websites and <a>software solutions <\/a>accessible in accordance with the Act on the Accessibility of Websites and Software Solutions for Mobile Devices of Public Sector Bodies in the Republic of Croatia (Official Gazette, No. 17\/19 (<em><a href=\"https:\/\/www.zakon.hr\/z\/1929\/Zakon-o-pristupa%C4%8Dnosti-mre%C5%BEnih-stranica-i-programskih-rje%C5%A1enja-za-pokretne-ure%C4%91aje-tijela-javnog-sektora\">Zakon o pristupa\u010dnosti mre\u017enih stranica i programskih rje\u0161enja za pokretne ure\u0111aje tijela javnog sektora<\/a><\/em>, <em>Narodne novine<\/em>, 17\/19), hereinafter: the Act), which transposes the <a href=\"https:\/\/eur-lex.europa.eu\/legal-content\/EN\/TXT\/?uri=uriserv%3AOJ.L_.2016.327.01.0001.01.ENG&amp;toc=OJ%3AL%3A2016%3A327%3ATOC\">Directive (EU) 2016\/2102 of the European Parliament and of the Council of 26 October 2016 on the accessibility of the websites and mobile applications of public sector bodies<\/a> (<a href=\"https:\/\/eur-lex.europa.eu\/legal-content\/EN\/TXT\/?uri=OJ%3AL%3A2016%3A327%3ATOC\">OJ L 327, 2.12.2016<\/a>, p. 1).<\/p>\n\n\n\n<p>This accessibility statement applies to the Library\u2019s website available at the web address <a href=\"https:\/\/nsk.hr\/\">https:\/\/nsk.hr\/<\/a>.<\/p>\n\n\n\n<h3 class=\"wp-block-heading\"><strong>Measures taken to address non-accessible content<\/strong><\/h3>\n\n\n\n<p>The website provides an accessibility menu enabling the adjustment of the website\u2019s content\u2019s following features:<\/p>\n\n\n\n<ul class=\"wp-block-list\">\n<li>Font size.<\/li>\n\n\n\n<li>Font style.<\/li>\n\n\n\n<li>Font weight.<\/li>\n\n\n\n<li>Letter spacing.<\/li>\n\n\n\n<li>Line spacing.<\/li>\n\n\n\n<li>Desktop\/screen background colour.<\/li>\n\n\n\n<li>Hyperlink highlight style. &nbsp;<\/li>\n<\/ul>\n\n\n\n<p>NSK is constantly working on bringing its websites\u2019 content into line with the highest accessibility standards.<\/p>\n\n\n\n<h4 class=\"wp-block-heading\"><strong>Activating the accessibility menu<\/strong> <\/h4>\n\n\n\n<p>The accessibility menu is activated by clicking on the accessibility features menu in the lower right-hand corner of the page. After the menu is displayed, one or several options facilitating the viewing and using of the website may be selected.<\/p>\n\n\n\n<h3 class=\"wp-block-heading\"><strong>Commitment to reaching a higher level of accessibility<\/strong><\/h3>\n\n\n\n<p>The National and University Library in Zagreb will continuously be taking measures to address non-accessible content on its website and make it accessible in accordance with the Act.&nbsp;<\/p>\n\n\n\n<h3 class=\"wp-block-heading\"><strong>Compliance status<\/strong><\/h3>\n\n\n\n<p>The website <a href=\"https:\/\/nsk.hr\/\">https:\/\/nsk.hr\/<\/a> is partially compliant with the Act due to the non-compliances and exemptions listed below.<\/p>\n\n\n\n<h3 class=\"wp-block-heading\"><strong>Non-accessible content<\/strong><\/h3>\n\n\n\n<p>The content listed below is non-accessible for the following reasons:<\/p>\n\n\n\n<p>(a) non-compliances with the Act<\/p>\n\n\n\n<ul class=\"wp-block-list\">\n<li><a>Some images on the website do not include the alt attribute or have a blank alt attribute.<\/a><\/li>\n\n\n\n<li>Some images do not include a short text describing their content.<\/li>\n\n\n\n<li>The majority of the telephone numbers available on the website are not hyperlinked and cannot be dialled directly from the website.<\/li>\n\n\n\n<li>The website includes hyperlinks leading to non-existent content.<\/li>\n\n\n\n<li>Some documents available on the website (.pdf, .xls, .doc) are not fully adjusted to screen readers.<\/li>\n\n\n\n<li>Some PDF documents available on the website cannot be processed by screen readers owing to being published as images.<\/li>\n\n\n\n<li>Contrast on some parts of the website is not satisfactory.&nbsp;<\/li>\n\n\n\n<li>The size of some icons on the website is not satisfactory.<\/li>\n\n\n\n<li>The font size of some of the website\u2019s texts is not satisfactory.<\/li>\n<\/ul>\n\n\n\n<p>(b) the content is not within the scope of the applicable legislation<\/p>\n\n\n\n<p>In compliance with Article 3 of the Act, the Act\u2019s provisions do not apply to office file formats published before 23 September 2018 whose content is not needed for active processes relating to the tasks performed by the Library.<\/p>\n\n\n\n<p>In compliance with Article 3 of the Act, the Act\u2019s provisions do not apply to pre-recorded media \u2013 such as audio-only, video-only, audio-video, audio and\/or video combined with interaction \u2013 published before 23 September 2020.<\/p>\n\n\n\n<p>In compliance with Article 3 of the Act, the Act\u2019s provisions do not apply to third-party content that is neither funded nor developed by the Library.<\/p>\n\n\n\n<p>In compliance with Article 3 of the Act, the Act\u2019s provisions do not apply to the reproductions of privately or publicly owned items of historical, artistic, archaeological, aesthetic, scientific or technical significance held by cultural institutions that cannot be made fully accessible due to the accessibility requirements being incompatible with either the standards required for the preservation of these items or with the reproductions\u2019 authenticity.<\/p>\n\n\n\n<p>In compliance with Article 3 of the Act, the Act\u2019s provisions do not apply to the content of this website and related software solutions for mobile devices qualifying as archived content, which qualification pertains to the content that has neither been needed for the Library\u2019s active administrative processes nor updated\/edited since 23 September 2019.<\/p>\n\n\n\n<p><\/p>\n\n\n\n<h3 class=\"wp-block-heading\"><strong>Preparation of this accessibility statement<\/strong><\/h3>\n\n\n\n<p>This statement was prepared on 1 December 2023, based on the model accessibility statement complying with the EU Directive 2016\/2102 and established by the <a href=\"https:\/\/eur-lex.europa.eu\/legal-content\/EN\/TXT\/HTML\/?uri=CELEX:32018D1523&amp;qid=1590482508144&amp;from=HR\">Commission Implementing Decision (EU) 2018\/1523<\/a>.<\/p>\n\n\n\n<p>The details of the website\u2019s accessibility status specified in this statement have been established as a result of the evaluation of the website\u2019s content by the National and University Library in Zagreb itself.<\/p>\n\n\n\n<p>The statement was last reviewed on 3 October 2024.<\/p>\n\n\n\n<p>The National and University Library in Zagreb will continuously be updating this statement upon taking remedial measures to address the website\u2019s non-accessible content and making such content accessible.<\/p>\n\n\n\n<h3 class=\"wp-block-heading\"><strong>Feedback and contact information<\/strong><\/h3>\n\n\n\n<p>Please notify the National and University Library in Zagreb if you come across any content on this website that is non-accessible in any way or to an extent not specified as part of this statement at <a href=\"mailto:pristupacnost@nsk.hr\">pristupacnost@nsk.hr<\/a>, which e-mail address you may also use for any queries or suggestions regarding the website.<\/p>\n\n\n\n<h3 class=\"wp-block-heading\"><strong>Enforcement procedure<\/strong><\/h3>\n\n\n\n<p>The Office of the Information Commissioner of the Republic of Croatia is a body responsible for monitoring the websites and software solutions for mobile devices of public sector bodies in Croatia in terms of their compliance with the accessibility requirements, as well as for supervising the Act\u2019s implementation. The Office\u2019s website is available at <a href=\"https:\/\/pristupinfo.hr\/\">https:\/\/pristupinfo.hr\/<\/a>.<\/p>\n\n\n\n<p>In case you find the response to your query or notification regarding this website\u2019s compliance with the accessibility requirements unsatisfactory you may contact the Office at <a href=\"mailto:pristupacnost@pristupinfo.hr\">pristupacnost@pristupinfo.hr<\/a>.<\/p>\n","protected":false},"excerpt":{"rendered":"<p>The National and University Library in Zagreb (NSK) is committed to making its websites and software solutions accessible in accordance with the Act on&#8230;<\/p>\n","protected":false},"author":11,"featured_media":0,"parent":0,"menu_order":0,"comment_status":"closed","ping_status":"closed","template":"","meta":{"_acf_changed":false,"ngg_post_thumbnail":0,"footnotes":""},"class_list":["post-87568","page","type-page","status-publish","hentry"],"acf":[],"yoast_head":"<!-- This site is optimized with the Yoast SEO plugin v25.4 - https:\/\/yoast.com\/wordpress\/plugins\/seo\/ -->\n<title>Accessibility statement - Nacionalna i sveu\u010dili\u0161na knji\u017enica u Zagrebu<\/title>\n<meta name=\"description\" content=\"The National and University Library in Zagreb (NSK) is committed to making its websites and software solutions accessible to everyone.\" \/>\n<meta name=\"robots\" content=\"index, follow, max-snippet:-1, max-image-preview:large, max-video-preview:-1\" \/>\n<link rel=\"canonical\" href=\"https:\/\/nsk.hr\/en\/accessibility-statement\/\" \/>\n<meta property=\"og:locale\" content=\"en_US\" \/>\n<meta property=\"og:type\" content=\"article\" \/>\n<meta property=\"og:title\" content=\"Accessibility statement - Nacionalna i sveu\u010dili\u0161na knji\u017enica u Zagrebu\" \/>\n<meta property=\"og:description\" content=\"The National and University Library in Zagreb (NSK) is committed to making its websites and software solutions accessible to everyone.\" \/>\n<meta property=\"og:url\" content=\"https:\/\/nsk.hr\/en\/accessibility-statement\/\" \/>\n<meta property=\"og:site_name\" content=\"Nacionalna i sveu\u010dili\u0161na knji\u017enica u Zagrebu\" \/>\n<meta property=\"article:modified_time\" content=\"2024-10-04T13:23:09+00:00\" \/>\n<meta name=\"twitter:card\" content=\"summary_large_image\" \/>\n<meta name=\"twitter:label1\" content=\"Est. reading time\" \/>\n\t<meta name=\"twitter:data1\" content=\"5 minutes\" \/>\n<script type=\"application\/ld+json\" class=\"yoast-schema-graph\">{\"@context\":\"https:\/\/schema.org\",\"@graph\":[{\"@type\":\"WebPage\",\"@id\":\"https:\/\/nsk.hr\/en\/accessibility-statement\/\",\"url\":\"https:\/\/nsk.hr\/en\/accessibility-statement\/\",\"name\":\"Accessibility statement - Nacionalna i sveu\u010dili\u0161na knji\u017enica u Zagrebu\",\"isPartOf\":{\"@id\":\"https:\/\/nsk.hr\/en\/#website\"},\"datePublished\":\"2023-11-29T11:13:35+00:00\",\"dateModified\":\"2024-10-04T13:23:09+00:00\",\"description\":\"The National and University Library in Zagreb (NSK) is committed to making its websites and software solutions accessible to everyone.\",\"breadcrumb\":{\"@id\":\"https:\/\/nsk.hr\/en\/accessibility-statement\/#breadcrumb\"},\"inLanguage\":\"en-US\",\"potentialAction\":[{\"@type\":\"ReadAction\",\"target\":[\"https:\/\/nsk.hr\/en\/accessibility-statement\/\"]}]},{\"@type\":\"BreadcrumbList\",\"@id\":\"https:\/\/nsk.hr\/en\/accessibility-statement\/#breadcrumb\",\"itemListElement\":[{\"@type\":\"ListItem\",\"position\":1,\"name\":\"Homepage\",\"item\":\"https:\/\/nsk.hr\/en\/\"},{\"@type\":\"ListItem\",\"position\":2,\"name\":\"Accessibility statement\"}]},{\"@type\":\"WebSite\",\"@id\":\"https:\/\/nsk.hr\/en\/#website\",\"url\":\"https:\/\/nsk.hr\/en\/\",\"name\":\"Nacionalna i sveu\u010dili\u0161na knji\u017enica u Zagrebu\",\"description\":\"\",\"potentialAction\":[{\"@type\":\"SearchAction\",\"target\":{\"@type\":\"EntryPoint\",\"urlTemplate\":\"https:\/\/nsk.hr\/en\/?s={search_term_string}\"},\"query-input\":{\"@type\":\"PropertyValueSpecification\",\"valueRequired\":true,\"valueName\":\"search_term_string\"}}],\"inLanguage\":\"en-US\"}]}<\/script>\n<!-- \/ Yoast SEO plugin. -->","yoast_head_json":{"title":"Accessibility statement - Nacionalna i sveu\u010dili\u0161na knji\u017enica u Zagrebu","description":"The National and University Library in Zagreb (NSK) is committed to making its websites and software solutions accessible to everyone.","robots":{"index":"index","follow":"follow","max-snippet":"max-snippet:-1","max-image-preview":"max-image-preview:large","max-video-preview":"max-video-preview:-1"},"canonical":"https:\/\/nsk.hr\/en\/accessibility-statement\/","og_locale":"en_US","og_type":"article","og_title":"Accessibility statement - Nacionalna i sveu\u010dili\u0161na knji\u017enica u Zagrebu","og_description":"The National and University Library in Zagreb (NSK) is committed to making its websites and software solutions accessible to everyone.","og_url":"https:\/\/nsk.hr\/en\/accessibility-statement\/","og_site_name":"Nacionalna i sveu\u010dili\u0161na knji\u017enica u Zagrebu","article_modified_time":"2024-10-04T13:23:09+00:00","twitter_card":"summary_large_image","twitter_misc":{"Est. reading time":"5 minutes"},"schema":{"@context":"https:\/\/schema.org","@graph":[{"@type":"WebPage","@id":"https:\/\/nsk.hr\/en\/accessibility-statement\/","url":"https:\/\/nsk.hr\/en\/accessibility-statement\/","name":"Accessibility statement - Nacionalna i sveu\u010dili\u0161na knji\u017enica u Zagrebu","isPartOf":{"@id":"https:\/\/nsk.hr\/en\/#website"},"datePublished":"2023-11-29T11:13:35+00:00","dateModified":"2024-10-04T13:23:09+00:00","description":"The National and University Library in Zagreb (NSK) is committed to making its websites and software solutions accessible to everyone.","breadcrumb":{"@id":"https:\/\/nsk.hr\/en\/accessibility-statement\/#breadcrumb"},"inLanguage":"en-US","potentialAction":[{"@type":"ReadAction","target":["https:\/\/nsk.hr\/en\/accessibility-statement\/"]}]},{"@type":"BreadcrumbList","@id":"https:\/\/nsk.hr\/en\/accessibility-statement\/#breadcrumb","itemListElement":[{"@type":"ListItem","position":1,"name":"Homepage","item":"https:\/\/nsk.hr\/en\/"},{"@type":"ListItem","position":2,"name":"Accessibility statement"}]},{"@type":"WebSite","@id":"https:\/\/nsk.hr\/en\/#website","url":"https:\/\/nsk.hr\/en\/","name":"Nacionalna i sveu\u010dili\u0161na knji\u017enica u Zagrebu","description":"","potentialAction":[{"@type":"SearchAction","target":{"@type":"EntryPoint","urlTemplate":"https:\/\/nsk.hr\/en\/?s={search_term_string}"},"query-input":{"@type":"PropertyValueSpecification","valueRequired":true,"valueName":"search_term_string"}}],"inLanguage":"en-US"}]}},"_links":{"self":[{"href":"https:\/\/nsk.hr\/en\/wp-json\/wp\/v2\/pages\/87568","targetHints":{"allow":["GET"]}}],"collection":[{"href":"https:\/\/nsk.hr\/en\/wp-json\/wp\/v2\/pages"}],"about":[{"href":"https:\/\/nsk.hr\/en\/wp-json\/wp\/v2\/types\/page"}],"author":[{"embeddable":true,"href":"https:\/\/nsk.hr\/en\/wp-json\/wp\/v2\/users\/11"}],"replies":[{"embeddable":true,"href":"https:\/\/nsk.hr\/en\/wp-json\/wp\/v2\/comments?post=87568"}],"version-history":[{"count":6,"href":"https:\/\/nsk.hr\/en\/wp-json\/wp\/v2\/pages\/87568\/revisions"}],"predecessor-version":[{"id":92805,"href":"https:\/\/nsk.hr\/en\/wp-json\/wp\/v2\/pages\/87568\/revisions\/92805"}],"wp:attachment":[{"href":"https:\/\/nsk.hr\/en\/wp-json\/wp\/v2\/media?parent=87568"}],"curies":[{"name":"wp","href":"https:\/\/api.w.org\/{rel}","templated":true}]}}