{"id":87435,"date":"2023-10-03T07:53:36","date_gmt":"2023-10-03T05:53:36","guid":{"rendered":"https:\/\/nsk.hr\/?page_id=87435"},"modified":"2024-11-06T17:01:20","modified_gmt":"2024-11-06T16:01:20","slug":"conservation","status":"publish","type":"page","link":"https:\/\/nsk.hr\/en\/conservation\/","title":{"rendered":"Conservation"},"content":{"rendered":"\n<p class=\"is-style-lead\">NSK, the National and University Library in Zagreb, has a dedicated team of conservation experts, enabling long-term preservation of <a>resources in our collections and treasures of cultural heritage held by other Croatian libraries<\/a>.<\/p>\n\n\n\n<figure class=\"wp-block-image size-full\"><img decoding=\"async\" width=\"1024\" height=\"683\" data-src=\"https:\/\/nsk.hr\/wp-content\/uploads\/2023\/12\/nsk022-1024x683-1.jpg\" alt=\"\" class=\"wp-image-87438 lazyload\" data-srcset=\"https:\/\/nsk.hr\/wp-content\/uploads\/2023\/12\/nsk022-1024x683-1.jpg 1024w, https:\/\/nsk.hr\/wp-content\/uploads\/2023\/12\/nsk022-1024x683-1-300x200.jpg 300w, https:\/\/nsk.hr\/wp-content\/uploads\/2023\/12\/nsk022-1024x683-1-768x512.jpg 768w\" data-sizes=\"(max-width: 1024px) 100vw, 1024px\" src=\"data:image\/svg+xml;base64,PHN2ZyB3aWR0aD0iMSIgaGVpZ2h0PSIxIiB4bWxucz0iaHR0cDovL3d3dy53My5vcmcvMjAwMC9zdmciPjwvc3ZnPg==\" style=\"--smush-placeholder-width: 1024px; --smush-placeholder-aspect-ratio: 1024\/683;\" \/><\/figure>\n\n\n\n<p>To make valuable cultural and scientific heritage available for future generations, our conservation experts and bookbinding specialists dedicatedly work on the preservation, protection, restoration and digitisation of resources in our collections, also catering to the needs of other Croatian libraries when it comes to conservation. <\/p>\n\n\n<section class=\"two-images two-images--has-two-images\">\n    <figure><img decoding=\"async\" width=\"1860\" height=\"1240\" data-src=\"https:\/\/nsk.hr\/wp-content\/uploads\/2023\/12\/nsk019-scaled-1.jpg\" class=\"attachment-full size-full lazyload\" alt=\"Member of the NSK Preservation and Storage Department repairing an old collection item.\" data-srcset=\"https:\/\/nsk.hr\/wp-content\/uploads\/2023\/12\/nsk019-scaled-1.jpg 1860w, https:\/\/nsk.hr\/wp-content\/uploads\/2023\/12\/nsk019-scaled-1-300x200.jpg 300w, https:\/\/nsk.hr\/wp-content\/uploads\/2023\/12\/nsk019-scaled-1-1024x683.jpg 1024w, https:\/\/nsk.hr\/wp-content\/uploads\/2023\/12\/nsk019-scaled-1-768x512.jpg 768w, https:\/\/nsk.hr\/wp-content\/uploads\/2023\/12\/nsk019-scaled-1-1536x1024.jpg 1536w, https:\/\/nsk.hr\/wp-content\/uploads\/2023\/12\/nsk019-scaled-1-1620x1080.jpg 1620w\" data-sizes=\"(max-width: 1860px) 100vw, 1860px\" src=\"data:image\/svg+xml;base64,PHN2ZyB3aWR0aD0iMSIgaGVpZ2h0PSIxIiB4bWxucz0iaHR0cDovL3d3dy53My5vcmcvMjAwMC9zdmciPjwvc3ZnPg==\" style=\"--smush-placeholder-width: 1860px; --smush-placeholder-aspect-ratio: 1860\/1240;\" \/><\/figure><figure><img decoding=\"async\" width=\"1860\" height=\"1240\" data-src=\"https:\/\/nsk.hr\/wp-content\/uploads\/2023\/12\/nsk024-scaled-1.jpg\" class=\"attachment-full size-full lazyload\" alt=\"\" data-srcset=\"https:\/\/nsk.hr\/wp-content\/uploads\/2023\/12\/nsk024-scaled-1.jpg 1860w, https:\/\/nsk.hr\/wp-content\/uploads\/2023\/12\/nsk024-scaled-1-300x200.jpg 300w, https:\/\/nsk.hr\/wp-content\/uploads\/2023\/12\/nsk024-scaled-1-1024x683.jpg 1024w, https:\/\/nsk.hr\/wp-content\/uploads\/2023\/12\/nsk024-scaled-1-768x512.jpg 768w, https:\/\/nsk.hr\/wp-content\/uploads\/2023\/12\/nsk024-scaled-1-1536x1024.jpg 1536w, https:\/\/nsk.hr\/wp-content\/uploads\/2023\/12\/nsk024-scaled-1-1620x1080.jpg 1620w\" data-sizes=\"(max-width: 1860px) 100vw, 1860px\" src=\"data:image\/svg+xml;base64,PHN2ZyB3aWR0aD0iMSIgaGVpZ2h0PSIxIiB4bWxucz0iaHR0cDovL3d3dy53My5vcmcvMjAwMC9zdmciPjwvc3ZnPg==\" style=\"--smush-placeholder-width: 1860px; --smush-placeholder-aspect-ratio: 1860\/1240;\" \/><\/figure><\/section>\n\n\n\n<h2 class=\"wp-block-heading\">NSK digitisation programme<\/h2>\n\n\n\n<p>In 2003, the members of our Preservation and Storage Department started digitising the Library\u2019s oldest and most valuable collection items, and since 2005, our digitisation programme also includes our resources on microfilms.<\/p>\n\n\n\n<figure class=\"wp-block-image size-full\"><img decoding=\"async\" width=\"1024\" height=\"683\" data-src=\"https:\/\/nsk.hr\/wp-content\/uploads\/2023\/12\/nsk094-1-1024x683-1.jpg\" alt=\"\" class=\"wp-image-87450 lazyload\" data-srcset=\"https:\/\/nsk.hr\/wp-content\/uploads\/2023\/12\/nsk094-1-1024x683-1.jpg 1024w, https:\/\/nsk.hr\/wp-content\/uploads\/2023\/12\/nsk094-1-1024x683-1-300x200.jpg 300w, https:\/\/nsk.hr\/wp-content\/uploads\/2023\/12\/nsk094-1-1024x683-1-768x512.jpg 768w\" data-sizes=\"(max-width: 1024px) 100vw, 1024px\" src=\"data:image\/svg+xml;base64,PHN2ZyB3aWR0aD0iMSIgaGVpZ2h0PSIxIiB4bWxucz0iaHR0cDovL3d3dy53My5vcmcvMjAwMC9zdmciPjwvc3ZnPg==\" style=\"--smush-placeholder-width: 1024px; --smush-placeholder-aspect-ratio: 1024\/683;\" \/><\/figure>\n\n\n<section  class=\"block-section two-columns-block has-1-col\">\n    <div class=\"container\">\n\n                    <h2 class=\"two-columns-block__title\">NSK Preservation and Storage Department<\/h2>\n        \n        <div class=\"two-columns-block__container\">\n\n            <div class=\"two-columns-block__column richText\">\n                                    <h3>Staff<\/h3>\n                                <p>Dr Sanda Milo\u0161evi\u0107, Head of the Preservation and Storage Department<br \/>\n+385 1 616 4077<br \/>\n<a href=\"mailto:smilosevic@nsk.hr\">smilosevic@nsk.hr<\/a><\/p>\n<p>Stevo Leskarac, Head of the Conservation and Restoration Division<br \/>\n+385 1 616 4302<br \/>\n<a href=\"mailto:sleskarac@nsk.hr\">sleskarac@nsk.hr<\/a><\/p>\n<p>Lidija \u0160estan \u0160mulja, Head of the Storage Division<br \/>\n+385 1 616 4369<br \/>\n<a href=\"mailto:lsestansmulja@nsk.hr\">lsestansmulja@nsk.hr<\/a><\/p>\n<p>Silvio Lebinac, Head of the Imaging and Digitisation Division<br \/>\n+385 1 616 4142<br \/>\n<a href=\"mailto:slebinac@nsk.hr\">slebinac@nsk.hr<\/a><\/p>\n<p>Dr Gabriela Aleksi\u0107, Head of the Book Preservation and Binding Division<br \/>\n+385 1 616 4114<br \/>\n<a href=\"mailto:galeksic@nsk.hr\">galeksic@nsk.hr<\/a><\/p>\n            <\/div><!-- .col-1 -->\n\n            \n        <\/div>\n\n    <\/div>\n<\/section>","protected":false},"excerpt":{"rendered":"<p>NSK, the National and University Library in Zagreb, has a dedicated team of conservation experts, enabling long-term preservation of resources in our collections and&#8230;<\/p>\n","protected":false},"author":11,"featured_media":0,"parent":0,"menu_order":0,"comment_status":"closed","ping_status":"closed","template":"","meta":{"_acf_changed":false,"ngg_post_thumbnail":0,"footnotes":""},"class_list":["post-87435","page","type-page","status-publish","hentry"],"acf":[],"yoast_head":"<!-- This site is optimized with the Yoast SEO plugin v25.4 - https:\/\/yoast.com\/wordpress\/plugins\/seo\/ -->\n<title>Conservation - Nacionalna i sveu\u010dili\u0161na knji\u017enica u Zagrebu<\/title>\n<meta name=\"description\" content=\"NSK, the National and University Library in Zagreb, has a dedicated team of conservation experts, enabling long-term preservation of resources in our collections and treasures of cultural heritage held by other Croatian libraries.\" \/>\n<meta name=\"robots\" content=\"index, follow, max-snippet:-1, max-image-preview:large, max-video-preview:-1\" \/>\n<link rel=\"canonical\" href=\"https:\/\/nsk.hr\/en\/conservation\/\" \/>\n<meta property=\"og:locale\" content=\"en_US\" \/>\n<meta property=\"og:type\" content=\"article\" \/>\n<meta property=\"og:title\" content=\"Conservation - Nacionalna i sveu\u010dili\u0161na knji\u017enica u Zagrebu\" \/>\n<meta property=\"og:description\" content=\"NSK, the National and University Library in Zagreb, has a dedicated team of conservation experts, enabling long-term preservation of resources in our collections and treasures of cultural heritage held by other Croatian libraries.\" \/>\n<meta property=\"og:url\" content=\"https:\/\/nsk.hr\/en\/conservation\/\" \/>\n<meta property=\"og:site_name\" content=\"Nacionalna i sveu\u010dili\u0161na knji\u017enica u Zagrebu\" \/>\n<meta property=\"article:modified_time\" content=\"2024-11-06T16:01:20+00:00\" \/>\n<meta property=\"og:image\" content=\"https:\/\/nsk.hr\/wp-content\/uploads\/2023\/12\/nsk022-1024x683-1.jpg\" \/>\n\t<meta property=\"og:image:width\" content=\"1024\" \/>\n\t<meta property=\"og:image:height\" content=\"683\" \/>\n\t<meta property=\"og:image:type\" content=\"image\/jpeg\" \/>\n<meta name=\"twitter:card\" content=\"summary_large_image\" \/>\n<meta name=\"twitter:label1\" content=\"Est. reading time\" \/>\n\t<meta name=\"twitter:data1\" content=\"2 minutes\" \/>\n<script type=\"application\/ld+json\" class=\"yoast-schema-graph\">{\"@context\":\"https:\/\/schema.org\",\"@graph\":[{\"@type\":\"WebPage\",\"@id\":\"https:\/\/nsk.hr\/en\/conservation\/\",\"url\":\"https:\/\/nsk.hr\/en\/conservation\/\",\"name\":\"Conservation - Nacionalna i sveu\u010dili\u0161na knji\u017enica u Zagrebu\",\"isPartOf\":{\"@id\":\"https:\/\/nsk.hr\/en\/#website\"},\"primaryImageOfPage\":{\"@id\":\"https:\/\/nsk.hr\/en\/conservation\/#primaryimage\"},\"image\":{\"@id\":\"https:\/\/nsk.hr\/en\/conservation\/#primaryimage\"},\"thumbnailUrl\":\"https:\/\/nsk.hr\/wp-content\/uploads\/2023\/12\/nsk022-1024x683-1.jpg\",\"datePublished\":\"2023-10-03T05:53:36+00:00\",\"dateModified\":\"2024-11-06T16:01:20+00:00\",\"description\":\"NSK, the National and University Library in Zagreb, has a dedicated team of conservation experts, enabling long-term preservation of resources in our collections and treasures of cultural heritage held by other Croatian libraries.\",\"breadcrumb\":{\"@id\":\"https:\/\/nsk.hr\/en\/conservation\/#breadcrumb\"},\"inLanguage\":\"en-US\",\"potentialAction\":[{\"@type\":\"ReadAction\",\"target\":[\"https:\/\/nsk.hr\/en\/conservation\/\"]}]},{\"@type\":\"ImageObject\",\"inLanguage\":\"en-US\",\"@id\":\"https:\/\/nsk.hr\/en\/conservation\/#primaryimage\",\"url\":\"https:\/\/nsk.hr\/wp-content\/uploads\/2023\/12\/nsk022-1024x683-1.jpg\",\"contentUrl\":\"https:\/\/nsk.hr\/wp-content\/uploads\/2023\/12\/nsk022-1024x683-1.jpg\"},{\"@type\":\"BreadcrumbList\",\"@id\":\"https:\/\/nsk.hr\/en\/conservation\/#breadcrumb\",\"itemListElement\":[{\"@type\":\"ListItem\",\"position\":1,\"name\":\"Homepage\",\"item\":\"https:\/\/nsk.hr\/en\/\"},{\"@type\":\"ListItem\",\"position\":2,\"name\":\"Conservation\"}]},{\"@type\":\"WebSite\",\"@id\":\"https:\/\/nsk.hr\/en\/#website\",\"url\":\"https:\/\/nsk.hr\/en\/\",\"name\":\"Nacionalna i sveu\u010dili\u0161na knji\u017enica u Zagrebu\",\"description\":\"\",\"potentialAction\":[{\"@type\":\"SearchAction\",\"target\":{\"@type\":\"EntryPoint\",\"urlTemplate\":\"https:\/\/nsk.hr\/en\/?s={search_term_string}\"},\"query-input\":{\"@type\":\"PropertyValueSpecification\",\"valueRequired\":true,\"valueName\":\"search_term_string\"}}],\"inLanguage\":\"en-US\"}]}<\/script>\n<!-- \/ Yoast SEO plugin. -->","yoast_head_json":{"title":"Conservation - Nacionalna i sveu\u010dili\u0161na knji\u017enica u Zagrebu","description":"NSK, the National and University Library in Zagreb, has a dedicated team of conservation experts, enabling long-term preservation of resources in our collections and treasures of cultural heritage held by other Croatian libraries.","robots":{"index":"index","follow":"follow","max-snippet":"max-snippet:-1","max-image-preview":"max-image-preview:large","max-video-preview":"max-video-preview:-1"},"canonical":"https:\/\/nsk.hr\/en\/conservation\/","og_locale":"en_US","og_type":"article","og_title":"Conservation - Nacionalna i sveu\u010dili\u0161na knji\u017enica u Zagrebu","og_description":"NSK, the National and University Library in Zagreb, has a dedicated team of conservation experts, enabling long-term preservation of resources in our collections and treasures of cultural heritage held by other Croatian libraries.","og_url":"https:\/\/nsk.hr\/en\/conservation\/","og_site_name":"Nacionalna i sveu\u010dili\u0161na knji\u017enica u Zagrebu","article_modified_time":"2024-11-06T16:01:20+00:00","og_image":[{"width":1024,"height":683,"url":"https:\/\/nsk.hr\/wp-content\/uploads\/2023\/12\/nsk022-1024x683-1.jpg","type":"image\/jpeg"}],"twitter_card":"summary_large_image","twitter_misc":{"Est. reading time":"2 minutes"},"schema":{"@context":"https:\/\/schema.org","@graph":[{"@type":"WebPage","@id":"https:\/\/nsk.hr\/en\/conservation\/","url":"https:\/\/nsk.hr\/en\/conservation\/","name":"Conservation - Nacionalna i sveu\u010dili\u0161na knji\u017enica u Zagrebu","isPartOf":{"@id":"https:\/\/nsk.hr\/en\/#website"},"primaryImageOfPage":{"@id":"https:\/\/nsk.hr\/en\/conservation\/#primaryimage"},"image":{"@id":"https:\/\/nsk.hr\/en\/conservation\/#primaryimage"},"thumbnailUrl":"https:\/\/nsk.hr\/wp-content\/uploads\/2023\/12\/nsk022-1024x683-1.jpg","datePublished":"2023-10-03T05:53:36+00:00","dateModified":"2024-11-06T16:01:20+00:00","description":"NSK, the National and University Library in Zagreb, has a dedicated team of conservation experts, enabling long-term preservation of resources in our collections and treasures of cultural heritage held by other Croatian libraries.","breadcrumb":{"@id":"https:\/\/nsk.hr\/en\/conservation\/#breadcrumb"},"inLanguage":"en-US","potentialAction":[{"@type":"ReadAction","target":["https:\/\/nsk.hr\/en\/conservation\/"]}]},{"@type":"ImageObject","inLanguage":"en-US","@id":"https:\/\/nsk.hr\/en\/conservation\/#primaryimage","url":"https:\/\/nsk.hr\/wp-content\/uploads\/2023\/12\/nsk022-1024x683-1.jpg","contentUrl":"https:\/\/nsk.hr\/wp-content\/uploads\/2023\/12\/nsk022-1024x683-1.jpg"},{"@type":"BreadcrumbList","@id":"https:\/\/nsk.hr\/en\/conservation\/#breadcrumb","itemListElement":[{"@type":"ListItem","position":1,"name":"Homepage","item":"https:\/\/nsk.hr\/en\/"},{"@type":"ListItem","position":2,"name":"Conservation"}]},{"@type":"WebSite","@id":"https:\/\/nsk.hr\/en\/#website","url":"https:\/\/nsk.hr\/en\/","name":"Nacionalna i sveu\u010dili\u0161na knji\u017enica u Zagrebu","description":"","potentialAction":[{"@type":"SearchAction","target":{"@type":"EntryPoint","urlTemplate":"https:\/\/nsk.hr\/en\/?s={search_term_string}"},"query-input":{"@type":"PropertyValueSpecification","valueRequired":true,"valueName":"search_term_string"}}],"inLanguage":"en-US"}]}},"_links":{"self":[{"href":"https:\/\/nsk.hr\/en\/wp-json\/wp\/v2\/pages\/87435","targetHints":{"allow":["GET"]}}],"collection":[{"href":"https:\/\/nsk.hr\/en\/wp-json\/wp\/v2\/pages"}],"about":[{"href":"https:\/\/nsk.hr\/en\/wp-json\/wp\/v2\/types\/page"}],"author":[{"embeddable":true,"href":"https:\/\/nsk.hr\/en\/wp-json\/wp\/v2\/users\/11"}],"replies":[{"embeddable":true,"href":"https:\/\/nsk.hr\/en\/wp-json\/wp\/v2\/comments?post=87435"}],"version-history":[{"count":5,"href":"https:\/\/nsk.hr\/en\/wp-json\/wp\/v2\/pages\/87435\/revisions"}],"predecessor-version":[{"id":98733,"href":"https:\/\/nsk.hr\/en\/wp-json\/wp\/v2\/pages\/87435\/revisions\/98733"}],"wp:attachment":[{"href":"https:\/\/nsk.hr\/en\/wp-json\/wp\/v2\/media?parent=87435"}],"curies":[{"name":"wp","href":"https:\/\/api.w.org\/{rel}","templated":true}]}}