{"id":87158,"date":"2023-10-05T09:06:37","date_gmt":"2023-10-05T07:06:37","guid":{"rendered":"https:\/\/nsk.hr\/?page_id=87158"},"modified":"2026-02-23T13:21:59","modified_gmt":"2026-02-23T12:21:59","slug":"nsk-publications","status":"publish","type":"page","link":"https:\/\/nsk.hr\/en\/nsk-publications\/","title":{"rendered":"NSK publications"},"content":{"rendered":"\n<section class=\"nsk-section nsk-button position-relative my-6\" >\n\t<div class=\"container\">\n\t\t<div class=\"row\">\n\t\t\t<div class=\"col-12\">\n\t\t\t\t<div class=\"nsk-button__button\">\n\t\t\t\t\t\t\t\t\t\t\t<div class=\"nsk-button__link-wrap text-center text-lg-left\">\n\t\t\t\t\t\t\t\n<a   href=\"https:\/\/nsk.hr\/publikacije\/\" class=\"btn btn-primary align-items-center text-image-block__button btn-lg  align-items-center justify-content-center\"   >\n\t\t\t\t\t<span class=\"text\">NSK print and electronic publications<\/span>\n\t<\/a>\n\t\t\t\t\t\t<\/div>\n\t\t\t\t\t\t\t\t\t<\/div>\n\t\t\t<\/div>\n\t\t<\/div>\n\t<\/div>\n<\/section>\n\n\n\n<h2 class=\"wp-block-heading\">The Voice of NSK: Journal of the National and University Library in Zagreb<\/h2>\n\n\n\n<figure class=\"wp-block-image size-full\"><img decoding=\"async\" width=\"970\" height=\"683\" data-src=\"https:\/\/nsk.hr\/wp-content\/uploads\/2026\/02\/The-Voice-of-NSK_22nd-and-21st-issue-frontpages.png\" alt=\"The front pages of the 22nd and 21st issues of \u201cThe Voice of NSK\u201d, the journal of the National and University Library in Zagreb.\" class=\"wp-image-100091 lazyload\" data-srcset=\"https:\/\/nsk.hr\/wp-content\/uploads\/2026\/02\/The-Voice-of-NSK_22nd-and-21st-issue-frontpages.png 970w, https:\/\/nsk.hr\/wp-content\/uploads\/2026\/02\/The-Voice-of-NSK_22nd-and-21st-issue-frontpages-300x211.png 300w, https:\/\/nsk.hr\/wp-content\/uploads\/2026\/02\/The-Voice-of-NSK_22nd-and-21st-issue-frontpages-768x541.png 768w\" data-sizes=\"(max-width: 970px) 100vw, 970px\" src=\"data:image\/svg+xml;base64,PHN2ZyB3aWR0aD0iMSIgaGVpZ2h0PSIxIiB4bWxucz0iaHR0cDovL3d3dy53My5vcmcvMjAwMC9zdmciPjwvc3ZnPg==\" style=\"--smush-placeholder-width: 970px; --smush-placeholder-aspect-ratio: 970\/683;\" \/><\/figure>\n\n\n\n<p><em>The Voice of NSK<\/em> is published annually, presenting and promoting the Library\u2019s collections and activities, along with its contribution to the development of the library profession and Croatia\u2019s academic community. It features articles in the field of librarianship and other information sciences and culture, focusing on the promotion and preservation of Croatian cultural and scientific heritage.<\/p>\n\n\n\n<p>Published in both print and electronic formats, <em>The Voice of NSK<\/em> brings English summaries of its articles.<\/p>\n\n\n\n<h3 class=\"wp-block-heading\"><strong>For the publisher<\/strong><\/h3>\n\n\n\n<p>Professor Ivanka Stri\u010devi\u0107<\/p>\n\n\n\n<h3 class=\"wp-block-heading\"><strong>Editor-in-chief&nbsp;<\/strong><\/h3>\n\n\n\n<p>Zrinka Mikuli\u0107<\/p>\n\n\n\n<h3 class=\"wp-block-heading\"><strong>Executive editor<\/strong><\/h3>\n\n\n\n<p>Ivana Miro\u0161evi\u0107<\/p>\n\n\n\n<h3 class=\"wp-block-heading\"><strong>Editorial Board<\/strong><\/h3>\n\n\n\n<p>Dr Vesna Golubovi\u0107, Kristina Grgi\u0107, Dr Dijana Machala, Dr Lobel Machala, Maja Mlinarevi\u0107, Maja Priselac, Branka Purgari\u0107-Ku\u017ei\u0107, Dr Kristina Romi\u0107 and Dr Breza \u0160alamon-Cindori<\/p>\n\n\n\n<p>Email:&nbsp;<a href=\"mailto:glas@nsk.hr\">glas@nsk.hr<\/a><\/p>\n\n\n\n<p>ISSN 2584-3885 (Online) <\/p>\n\n\n\n<p>ISSN 1847-7259 (Print)<\/p>\n\n\n<section class=\"block-section quick-links-block quick-links-block--has-2-col\">\n\n    <h2 class=\"quick-links-block__title\"><\/h2>\n    <ul class=\"quick-links-block__list list-unstyled\">\n                    <li class=\"quick-links-block__item\">\n                <a href=\"https:\/\/nsk.hr\/wp-content\/uploads\/2026\/02\/Glas-NSK-22-web.pdf\" class=\"quick-links-block__link\">\n                    <span class=\"text\">\n                        The Voice of NSK, No. 22 (2026)                    <\/span>\n                    <svg xmlns=\"http:\/\/www.w3.org\/2000\/svg\" width=\"28\" height=\"28\" viewBox=\"0 0 28 28\" fill=\"none\">\n                        <path d=\"M19.8864 7L18.7095 8.17654L23.7027 13.1681H2V14.8321H23.7026L18.7095 19.8235L19.8864 21L26.8889 14L19.8864 7Z\" fill=\"#231F20\"><\/path>\n                    <\/svg>\n                <\/a>\n            <\/li>\n                    <li class=\"quick-links-block__item\">\n                <a href=\"https:\/\/nsk.hr\/wp-content\/uploads\/2025\/02\/NSK_casopis_21_online.pdf\" class=\"quick-links-block__link\">\n                    <span class=\"text\">\n                        The Voice of NSK, No. 21 (2025)                    <\/span>\n                    <svg xmlns=\"http:\/\/www.w3.org\/2000\/svg\" width=\"28\" height=\"28\" viewBox=\"0 0 28 28\" fill=\"none\">\n                        <path d=\"M19.8864 7L18.7095 8.17654L23.7027 13.1681H2V14.8321H23.7026L18.7095 19.8235L19.8864 21L26.8889 14L19.8864 7Z\" fill=\"#231F20\"><\/path>\n                    <\/svg>\n                <\/a>\n            <\/li>\n                    <li class=\"quick-links-block__item\">\n                <a href=\"https:\/\/nsk.hr\/wp-content\/uploads\/2024\/02\/NSK_casopis-20_WEB.pdf\" class=\"quick-links-block__link\">\n                    <span class=\"text\">\n                        The Voice of NSK, No. 20 (2024)                    <\/span>\n                    <svg xmlns=\"http:\/\/www.w3.org\/2000\/svg\" width=\"28\" height=\"28\" viewBox=\"0 0 28 28\" fill=\"none\">\n                        <path d=\"M19.8864 7L18.7095 8.17654L23.7027 13.1681H2V14.8321H23.7026L18.7095 19.8235L19.8864 21L26.8889 14L19.8864 7Z\" fill=\"#231F20\"><\/path>\n                    <\/svg>\n                <\/a>\n            <\/li>\n                    <li class=\"quick-links-block__item\">\n                <a href=\"https:\/\/nsk.hr\/wp-content\/uploads\/2023\/11\/Glas-NSK-br.-19-2023.-god.pdf\" class=\"quick-links-block__link\">\n                    <span class=\"text\">\n                        The Voice of NSK, No. 19 (2023)                    <\/span>\n                    <svg xmlns=\"http:\/\/www.w3.org\/2000\/svg\" width=\"28\" height=\"28\" viewBox=\"0 0 28 28\" fill=\"none\">\n                        <path d=\"M19.8864 7L18.7095 8.17654L23.7027 13.1681H2V14.8321H23.7026L18.7095 19.8235L19.8864 21L26.8889 14L19.8864 7Z\" fill=\"#231F20\"><\/path>\n                    <\/svg>\n                <\/a>\n            <\/li>\n                    <li class=\"quick-links-block__item\">\n                <a href=\"https:\/\/nsk.hr\/wp-content\/uploads\/2023\/11\/Glas-NSK-br.-18-2022.-god.pdf\" class=\"quick-links-block__link\">\n                    <span class=\"text\">\n                        The Voice of NSK, No. 18 (2022)                    <\/span>\n                    <svg xmlns=\"http:\/\/www.w3.org\/2000\/svg\" width=\"28\" height=\"28\" viewBox=\"0 0 28 28\" fill=\"none\">\n                        <path d=\"M19.8864 7L18.7095 8.17654L23.7027 13.1681H2V14.8321H23.7026L18.7095 19.8235L19.8864 21L26.8889 14L19.8864 7Z\" fill=\"#231F20\"><\/path>\n                    <\/svg>\n                <\/a>\n            <\/li>\n                    <li class=\"quick-links-block__item\">\n                <a href=\"https:\/\/nsk.hr\/wp-content\/uploads\/2023\/11\/Glas-NSK-br.-17-2021.-god.pdf\" class=\"quick-links-block__link\">\n                    <span class=\"text\">\n                        The Voice of NSK, No. 17 (2021)                    <\/span>\n                    <svg xmlns=\"http:\/\/www.w3.org\/2000\/svg\" width=\"28\" height=\"28\" viewBox=\"0 0 28 28\" fill=\"none\">\n                        <path d=\"M19.8864 7L18.7095 8.17654L23.7027 13.1681H2V14.8321H23.7026L18.7095 19.8235L19.8864 21L26.8889 14L19.8864 7Z\" fill=\"#231F20\"><\/path>\n                    <\/svg>\n                <\/a>\n            <\/li>\n                    <li class=\"quick-links-block__item\">\n                <a href=\"https:\/\/nsk.hr\/wp-content\/uploads\/2023\/11\/Glas-NSK-br.-16-2020.-god.pdf\" class=\"quick-links-block__link\">\n                    <span class=\"text\">\n                        The Voice of NSK, No. 16 (2020)                    <\/span>\n                    <svg xmlns=\"http:\/\/www.w3.org\/2000\/svg\" width=\"28\" height=\"28\" viewBox=\"0 0 28 28\" fill=\"none\">\n                        <path d=\"M19.8864 7L18.7095 8.17654L23.7027 13.1681H2V14.8321H23.7026L18.7095 19.8235L19.8864 21L26.8889 14L19.8864 7Z\" fill=\"#231F20\"><\/path>\n                    <\/svg>\n                <\/a>\n            <\/li>\n                    <li class=\"quick-links-block__item\">\n                <a href=\"https:\/\/nsk.hr\/wp-content\/uploads\/2024\/01\/2019_Glas_NSK_No.-15.pdf\" class=\"quick-links-block__link\">\n                    <span class=\"text\">\n                        The Voice of NSK, No. 15 (2019)                    <\/span>\n                    <svg xmlns=\"http:\/\/www.w3.org\/2000\/svg\" width=\"28\" height=\"28\" viewBox=\"0 0 28 28\" fill=\"none\">\n                        <path d=\"M19.8864 7L18.7095 8.17654L23.7027 13.1681H2V14.8321H23.7026L18.7095 19.8235L19.8864 21L26.8889 14L19.8864 7Z\" fill=\"#231F20\"><\/path>\n                    <\/svg>\n                <\/a>\n            <\/li>\n                    <li class=\"quick-links-block__item\">\n                <a href=\"https:\/\/nsk.hr\/wp-content\/uploads\/2023\/11\/Glas-NSK-br.-14-2017_2018.-god-1.pdf\" class=\"quick-links-block__link\">\n                    <span class=\"text\">\n                        The Voice of NSK, No. 14 (2017\/2018)                    <\/span>\n                    <svg xmlns=\"http:\/\/www.w3.org\/2000\/svg\" width=\"28\" height=\"28\" viewBox=\"0 0 28 28\" fill=\"none\">\n                        <path d=\"M19.8864 7L18.7095 8.17654L23.7027 13.1681H2V14.8321H23.7026L18.7095 19.8235L19.8864 21L26.8889 14L19.8864 7Z\" fill=\"#231F20\"><\/path>\n                    <\/svg>\n                <\/a>\n            <\/li>\n                    <li class=\"quick-links-block__item\">\n                <a href=\"https:\/\/nsk.hr\/wp-content\/uploads\/2023\/11\/Glas-NSK-br.-13-2017.-god.pdf\" class=\"quick-links-block__link\">\n                    <span class=\"text\">\n                        The Voice of NSK, No. 13 (2017)                    <\/span>\n                    <svg xmlns=\"http:\/\/www.w3.org\/2000\/svg\" width=\"28\" height=\"28\" viewBox=\"0 0 28 28\" fill=\"none\">\n                        <path d=\"M19.8864 7L18.7095 8.17654L23.7027 13.1681H2V14.8321H23.7026L18.7095 19.8235L19.8864 21L26.8889 14L19.8864 7Z\" fill=\"#231F20\"><\/path>\n                    <\/svg>\n                <\/a>\n            <\/li>\n            <\/ul>\n<\/section>","protected":false},"excerpt":{"rendered":"<p>The Voice of NSK: Journal of the National and University Library in Zagreb The Voice of NSK is published annually, presenting and promoting the&#8230;<\/p>\n","protected":false},"author":11,"featured_media":0,"parent":0,"menu_order":0,"comment_status":"closed","ping_status":"closed","template":"","meta":{"_acf_changed":false,"ngg_post_thumbnail":0,"footnotes":""},"class_list":["post-87158","page","type-page","status-publish","hentry"],"acf":[],"yoast_head":"<!-- This site is optimized with the Yoast SEO plugin v25.4 - https:\/\/yoast.com\/wordpress\/plugins\/seo\/ -->\n<title>NSK publications - Nacionalna i sveu\u010dili\u0161na knji\u017enica u Zagrebu<\/title>\n<meta name=\"robots\" content=\"index, follow, max-snippet:-1, max-image-preview:large, max-video-preview:-1\" \/>\n<link rel=\"canonical\" href=\"https:\/\/nsk.hr\/en\/nsk-publications\/\" \/>\n<meta property=\"og:locale\" content=\"en_US\" \/>\n<meta property=\"og:type\" content=\"article\" \/>\n<meta property=\"og:title\" content=\"NSK publications - Nacionalna i sveu\u010dili\u0161na knji\u017enica u Zagrebu\" \/>\n<meta property=\"og:description\" content=\"The Voice of NSK: Journal of the National and University Library in Zagreb The Voice of NSK is published annually, presenting and promoting the...\" \/>\n<meta property=\"og:url\" content=\"https:\/\/nsk.hr\/en\/nsk-publications\/\" \/>\n<meta property=\"og:site_name\" content=\"Nacionalna i sveu\u010dili\u0161na knji\u017enica u Zagrebu\" \/>\n<meta property=\"article:modified_time\" content=\"2026-02-23T12:21:59+00:00\" \/>\n<meta property=\"og:image\" content=\"https:\/\/nsk.hr\/wp-content\/uploads\/2026\/02\/The-Voice-of-NSK_22nd-and-21st-issue-frontpages.png\" \/>\n\t<meta property=\"og:image:width\" content=\"970\" \/>\n\t<meta property=\"og:image:height\" content=\"683\" \/>\n\t<meta property=\"og:image:type\" content=\"image\/png\" \/>\n<meta name=\"twitter:card\" content=\"summary_large_image\" \/>\n<meta name=\"twitter:label1\" content=\"Est. reading time\" \/>\n\t<meta name=\"twitter:data1\" content=\"1 minute\" \/>\n<script type=\"application\/ld+json\" class=\"yoast-schema-graph\">{\"@context\":\"https:\/\/schema.org\",\"@graph\":[{\"@type\":\"WebPage\",\"@id\":\"https:\/\/nsk.hr\/en\/nsk-publications\/\",\"url\":\"https:\/\/nsk.hr\/en\/nsk-publications\/\",\"name\":\"NSK publications - Nacionalna i sveu\u010dili\u0161na knji\u017enica u Zagrebu\",\"isPartOf\":{\"@id\":\"https:\/\/nsk.hr\/en\/#website\"},\"primaryImageOfPage\":{\"@id\":\"https:\/\/nsk.hr\/en\/nsk-publications\/#primaryimage\"},\"image\":{\"@id\":\"https:\/\/nsk.hr\/en\/nsk-publications\/#primaryimage\"},\"thumbnailUrl\":\"https:\/\/nsk.hr\/wp-content\/uploads\/2026\/02\/The-Voice-of-NSK_22nd-and-21st-issue-frontpages.png\",\"datePublished\":\"2023-10-05T07:06:37+00:00\",\"dateModified\":\"2026-02-23T12:21:59+00:00\",\"breadcrumb\":{\"@id\":\"https:\/\/nsk.hr\/en\/nsk-publications\/#breadcrumb\"},\"inLanguage\":\"en-US\",\"potentialAction\":[{\"@type\":\"ReadAction\",\"target\":[\"https:\/\/nsk.hr\/en\/nsk-publications\/\"]}]},{\"@type\":\"ImageObject\",\"inLanguage\":\"en-US\",\"@id\":\"https:\/\/nsk.hr\/en\/nsk-publications\/#primaryimage\",\"url\":\"https:\/\/nsk.hr\/wp-content\/uploads\/2026\/02\/The-Voice-of-NSK_22nd-and-21st-issue-frontpages.png\",\"contentUrl\":\"https:\/\/nsk.hr\/wp-content\/uploads\/2026\/02\/The-Voice-of-NSK_22nd-and-21st-issue-frontpages.png\"},{\"@type\":\"BreadcrumbList\",\"@id\":\"https:\/\/nsk.hr\/en\/nsk-publications\/#breadcrumb\",\"itemListElement\":[{\"@type\":\"ListItem\",\"position\":1,\"name\":\"Homepage\",\"item\":\"https:\/\/nsk.hr\/en\/\"},{\"@type\":\"ListItem\",\"position\":2,\"name\":\"NSK publications\"}]},{\"@type\":\"WebSite\",\"@id\":\"https:\/\/nsk.hr\/en\/#website\",\"url\":\"https:\/\/nsk.hr\/en\/\",\"name\":\"Nacionalna i sveu\u010dili\u0161na knji\u017enica u Zagrebu\",\"description\":\"\",\"potentialAction\":[{\"@type\":\"SearchAction\",\"target\":{\"@type\":\"EntryPoint\",\"urlTemplate\":\"https:\/\/nsk.hr\/en\/?s={search_term_string}\"},\"query-input\":{\"@type\":\"PropertyValueSpecification\",\"valueRequired\":true,\"valueName\":\"search_term_string\"}}],\"inLanguage\":\"en-US\"}]}<\/script>\n<!-- \/ Yoast SEO plugin. -->","yoast_head_json":{"title":"NSK publications - Nacionalna i sveu\u010dili\u0161na knji\u017enica u Zagrebu","robots":{"index":"index","follow":"follow","max-snippet":"max-snippet:-1","max-image-preview":"max-image-preview:large","max-video-preview":"max-video-preview:-1"},"canonical":"https:\/\/nsk.hr\/en\/nsk-publications\/","og_locale":"en_US","og_type":"article","og_title":"NSK publications - Nacionalna i sveu\u010dili\u0161na knji\u017enica u Zagrebu","og_description":"The Voice of NSK: Journal of the National and University Library in Zagreb The Voice of NSK is published annually, presenting and promoting the...","og_url":"https:\/\/nsk.hr\/en\/nsk-publications\/","og_site_name":"Nacionalna i sveu\u010dili\u0161na knji\u017enica u Zagrebu","article_modified_time":"2026-02-23T12:21:59+00:00","og_image":[{"width":970,"height":683,"url":"https:\/\/nsk.hr\/wp-content\/uploads\/2026\/02\/The-Voice-of-NSK_22nd-and-21st-issue-frontpages.png","type":"image\/png"}],"twitter_card":"summary_large_image","twitter_misc":{"Est. reading time":"1 minute"},"schema":{"@context":"https:\/\/schema.org","@graph":[{"@type":"WebPage","@id":"https:\/\/nsk.hr\/en\/nsk-publications\/","url":"https:\/\/nsk.hr\/en\/nsk-publications\/","name":"NSK publications - Nacionalna i sveu\u010dili\u0161na knji\u017enica u Zagrebu","isPartOf":{"@id":"https:\/\/nsk.hr\/en\/#website"},"primaryImageOfPage":{"@id":"https:\/\/nsk.hr\/en\/nsk-publications\/#primaryimage"},"image":{"@id":"https:\/\/nsk.hr\/en\/nsk-publications\/#primaryimage"},"thumbnailUrl":"https:\/\/nsk.hr\/wp-content\/uploads\/2026\/02\/The-Voice-of-NSK_22nd-and-21st-issue-frontpages.png","datePublished":"2023-10-05T07:06:37+00:00","dateModified":"2026-02-23T12:21:59+00:00","breadcrumb":{"@id":"https:\/\/nsk.hr\/en\/nsk-publications\/#breadcrumb"},"inLanguage":"en-US","potentialAction":[{"@type":"ReadAction","target":["https:\/\/nsk.hr\/en\/nsk-publications\/"]}]},{"@type":"ImageObject","inLanguage":"en-US","@id":"https:\/\/nsk.hr\/en\/nsk-publications\/#primaryimage","url":"https:\/\/nsk.hr\/wp-content\/uploads\/2026\/02\/The-Voice-of-NSK_22nd-and-21st-issue-frontpages.png","contentUrl":"https:\/\/nsk.hr\/wp-content\/uploads\/2026\/02\/The-Voice-of-NSK_22nd-and-21st-issue-frontpages.png"},{"@type":"BreadcrumbList","@id":"https:\/\/nsk.hr\/en\/nsk-publications\/#breadcrumb","itemListElement":[{"@type":"ListItem","position":1,"name":"Homepage","item":"https:\/\/nsk.hr\/en\/"},{"@type":"ListItem","position":2,"name":"NSK publications"}]},{"@type":"WebSite","@id":"https:\/\/nsk.hr\/en\/#website","url":"https:\/\/nsk.hr\/en\/","name":"Nacionalna i sveu\u010dili\u0161na knji\u017enica u Zagrebu","description":"","potentialAction":[{"@type":"SearchAction","target":{"@type":"EntryPoint","urlTemplate":"https:\/\/nsk.hr\/en\/?s={search_term_string}"},"query-input":{"@type":"PropertyValueSpecification","valueRequired":true,"valueName":"search_term_string"}}],"inLanguage":"en-US"}]}},"_links":{"self":[{"href":"https:\/\/nsk.hr\/en\/wp-json\/wp\/v2\/pages\/87158","targetHints":{"allow":["GET"]}}],"collection":[{"href":"https:\/\/nsk.hr\/en\/wp-json\/wp\/v2\/pages"}],"about":[{"href":"https:\/\/nsk.hr\/en\/wp-json\/wp\/v2\/types\/page"}],"author":[{"embeddable":true,"href":"https:\/\/nsk.hr\/en\/wp-json\/wp\/v2\/users\/11"}],"replies":[{"embeddable":true,"href":"https:\/\/nsk.hr\/en\/wp-json\/wp\/v2\/comments?post=87158"}],"version-history":[{"count":26,"href":"https:\/\/nsk.hr\/en\/wp-json\/wp\/v2\/pages\/87158\/revisions"}],"predecessor-version":[{"id":100108,"href":"https:\/\/nsk.hr\/en\/wp-json\/wp\/v2\/pages\/87158\/revisions\/100108"}],"wp:attachment":[{"href":"https:\/\/nsk.hr\/en\/wp-json\/wp\/v2\/media?parent=87158"}],"curies":[{"name":"wp","href":"https:\/\/api.w.org\/{rel}","templated":true}]}}