{"id":87152,"date":"2023-10-03T07:59:02","date_gmt":"2023-10-03T05:59:02","guid":{"rendered":"https:\/\/nsk.hr\/?page_id=87152"},"modified":"2023-12-01T02:00:43","modified_gmt":"2023-12-01T01:00:43","slug":"croatian-national-bibliographies","status":"publish","type":"page","link":"https:\/\/nsk.hr\/en\/croatian-national-bibliographies\/","title":{"rendered":"Croatian national bibliographies"},"content":{"rendered":"\n<p class=\"is-style-lead\">As Croatia\u2019s national information and bibliographic centre, NSK, the National and University Library in Zagreb,\u00a0compiles and publishes Croatia\u2019s current and retrospective national bibliographies.<\/p>\n\n\n\n<figure class=\"wp-block-image size-full\"><img decoding=\"async\" width=\"1024\" height=\"683\" data-src=\"https:\/\/nsk.hr\/wp-content\/uploads\/2023\/11\/NSKWeb_Bibliometrics-services.png\" alt=\"Books on a spiraling bookcase seen from above.\" class=\"wp-image-86307 lazyload\" data-srcset=\"https:\/\/nsk.hr\/wp-content\/uploads\/2023\/11\/NSKWeb_Bibliometrics-services.png 1024w, https:\/\/nsk.hr\/wp-content\/uploads\/2023\/11\/NSKWeb_Bibliometrics-services-300x200.png 300w, https:\/\/nsk.hr\/wp-content\/uploads\/2023\/11\/NSKWeb_Bibliometrics-services-768x512.png 768w\" data-sizes=\"(max-width: 1024px) 100vw, 1024px\" src=\"data:image\/svg+xml;base64,PHN2ZyB3aWR0aD0iMSIgaGVpZ2h0PSIxIiB4bWxucz0iaHR0cDovL3d3dy53My5vcmcvMjAwMC9zdmciPjwvc3ZnPg==\" style=\"--smush-placeholder-width: 1024px; --smush-placeholder-aspect-ratio: 1024\/683;\" \/><\/figure>\n\n\n\n<section class=\"block-section quick-links-block quick-links-block--has-2-col\">\n\n    <h2 class=\"quick-links-block__title\"><\/h2>\n\n    <ul class=\"quick-links-block__list list-unstyled\">\n                                <li class=\"quick-links-block__item\">\n                <a href=\"http:\/\/bibliografija.nsk.hr\/a\" class=\"quick-links-block__link\">\n                    <span class=\"text\">\n                        Series A \u2013 Books                    <\/span>\n                    <svg xmlns=\"http:\/\/www.w3.org\/2000\/svg\" width=\"28\" height=\"28\" viewBox=\"0 0 28 28\" fill=\"none\">\n                        <path d=\"M19.8864 7L18.7095 8.17654L23.7027 13.1681H2V14.8321H23.7026L18.7095 19.8235L19.8864 21L26.8889 14L19.8864 7Z\" fill=\"#231F20\"><\/path>\n                    <\/svg>\n                <\/a>\n            <\/li>\n                                <li class=\"quick-links-block__item\">\n                <a href=\"http:\/\/bibliografija.nsk.hr\/b\" class=\"quick-links-block__link\">\n                    <span class=\"text\">\n                        Series B \u2013 Journals                    <\/span>\n                    <svg xmlns=\"http:\/\/www.w3.org\/2000\/svg\" width=\"28\" height=\"28\" viewBox=\"0 0 28 28\" fill=\"none\">\n                        <path d=\"M19.8864 7L18.7095 8.17654L23.7027 13.1681H2V14.8321H23.7026L18.7095 19.8235L19.8864 21L26.8889 14L19.8864 7Z\" fill=\"#231F20\"><\/path>\n                    <\/svg>\n                <\/a>\n            <\/li>\n                                <li class=\"quick-links-block__item\">\n                <a href=\"http:\/\/bibliografija.nsk.hr\/c\" class=\"quick-links-block__link\">\n                    <span class=\"text\">\n                        Series C \u2013 Serials                    <\/span>\n                    <svg xmlns=\"http:\/\/www.w3.org\/2000\/svg\" width=\"28\" height=\"28\" viewBox=\"0 0 28 28\" fill=\"none\">\n                        <path d=\"M19.8864 7L18.7095 8.17654L23.7027 13.1681H2V14.8321H23.7026L18.7095 19.8235L19.8864 21L26.8889 14L19.8864 7Z\" fill=\"#231F20\"><\/path>\n                    <\/svg>\n                <\/a>\n            <\/li>\n                                <li class=\"quick-links-block__item\">\n                <a href=\"http:\/\/bibliografija.nsk.hr\/hrb\/\" class=\"quick-links-block__link\">\n                    <span class=\"text\">\n                        Croatian Retrospective Bibliography of Books 1835 \u2013 1940                    <\/span>\n                    <svg xmlns=\"http:\/\/www.w3.org\/2000\/svg\" width=\"28\" height=\"28\" viewBox=\"0 0 28 28\" fill=\"none\">\n                        <path d=\"M19.8864 7L18.7095 8.17654L23.7027 13.1681H2V14.8321H23.7026L18.7095 19.8235L19.8864 21L26.8889 14L19.8864 7Z\" fill=\"#231F20\"><\/path>\n                    <\/svg>\n                <\/a>\n            <\/li>\n                                <li class=\"quick-links-block__item\">\n                <a href=\"http:\/\/bibliografija.nsk.hr\/cip\/\" class=\"quick-links-block__link\">\n                    <span class=\"text\">\n                        CIP data                    <\/span>\n                    <svg xmlns=\"http:\/\/www.w3.org\/2000\/svg\" width=\"28\" height=\"28\" viewBox=\"0 0 28 28\" fill=\"none\">\n                        <path d=\"M19.8864 7L18.7095 8.17654L23.7027 13.1681H2V14.8321H23.7026L18.7095 19.8235L19.8864 21L26.8889 14L19.8864 7Z\" fill=\"#231F20\"><\/path>\n                    <\/svg>\n                <\/a>\n            <\/li>\n                                <li class=\"quick-links-block__item\">\n                <a href=\"http:\/\/bibliografija.nsk.hr\/spec\/\" class=\"quick-links-block__link\">\n                    <span class=\"text\">\n                        Special bibliographies                    <\/span>\n                    <svg xmlns=\"http:\/\/www.w3.org\/2000\/svg\" width=\"28\" height=\"28\" viewBox=\"0 0 28 28\" fill=\"none\">\n                        <path d=\"M19.8864 7L18.7095 8.17654L23.7027 13.1681H2V14.8321H23.7026L18.7095 19.8235L19.8864 21L26.8889 14L19.8864 7Z\" fill=\"#231F20\"><\/path>\n                    <\/svg>\n                <\/a>\n            <\/li>\n            <\/ul>\n<\/section>\n\n<section  class=\"block-section two-columns-block has-2-col\">\n    <div class=\"container\">\n\n        \n        <div class=\"two-columns-block__container\">\n\n            <div class=\"two-columns-block__column richText\">\n                                    <h3>Contact<\/h3>\n                                <p><a href=\"mailto:lmachala@nsk.hr\">lmachala@nsk.hr<\/a><\/p>\n<p>+385 1 616 4122<\/p>\n            <\/div><!-- .col-1 -->\n\n            <p><a href=\"mailto:lmachala@nsk.hr\">Dr Lobel Machala<\/a><\/p>\n\n        <\/div>\n\n    <\/div>\n<\/section>","protected":false},"excerpt":{"rendered":"<p>As Croatia\u2019s national information and bibliographic centre, NSK, the National and University Library in Zagreb,\u00a0compiles and publishes Croatia\u2019s current and retrospective national bibliographies.<\/p>\n","protected":false},"author":11,"featured_media":0,"parent":0,"menu_order":0,"comment_status":"closed","ping_status":"closed","template":"","meta":{"_acf_changed":false,"ngg_post_thumbnail":0,"footnotes":""},"class_list":["post-87152","page","type-page","status-publish","hentry"],"acf":[],"yoast_head":"<!-- This site is optimized with the Yoast SEO plugin v25.4 - https:\/\/yoast.com\/wordpress\/plugins\/seo\/ -->\n<title>Croatian national bibliographies - Nacionalna i sveu\u010dili\u0161na knji\u017enica u Zagrebu<\/title>\n<meta name=\"description\" content=\"As Croatia\u2019s national information and bibliographic centre, NSK, the National and University Library in Zagreb,\u00a0compiles and publishes Croatia\u2019s current and retrospective national bibliographies.\" \/>\n<meta name=\"robots\" content=\"index, follow, max-snippet:-1, max-image-preview:large, max-video-preview:-1\" \/>\n<link rel=\"canonical\" href=\"https:\/\/nsk.hr\/en\/croatian-national-bibliographies\/\" \/>\n<meta property=\"og:locale\" content=\"en_US\" \/>\n<meta property=\"og:type\" content=\"article\" \/>\n<meta property=\"og:title\" content=\"Croatian national bibliographies - Nacionalna i sveu\u010dili\u0161na knji\u017enica u Zagrebu\" \/>\n<meta property=\"og:description\" content=\"As Croatia\u2019s national information and bibliographic centre, NSK, the National and University Library in Zagreb,\u00a0compiles and publishes Croatia\u2019s current and retrospective national bibliographies.\" \/>\n<meta property=\"og:url\" content=\"https:\/\/nsk.hr\/en\/croatian-national-bibliographies\/\" \/>\n<meta property=\"og:site_name\" content=\"Nacionalna i sveu\u010dili\u0161na knji\u017enica u Zagrebu\" \/>\n<meta property=\"article:modified_time\" content=\"2023-12-01T01:00:43+00:00\" \/>\n<meta property=\"og:image\" content=\"https:\/\/nsk.hr\/wp-content\/uploads\/2023\/11\/NSKWeb_Bibliometrics-services.png\" \/>\n<meta name=\"twitter:card\" content=\"summary_large_image\" \/>\n<meta name=\"twitter:label1\" content=\"Est. reading time\" \/>\n\t<meta name=\"twitter:data1\" content=\"1 minute\" \/>\n<script type=\"application\/ld+json\" class=\"yoast-schema-graph\">{\"@context\":\"https:\/\/schema.org\",\"@graph\":[{\"@type\":\"WebPage\",\"@id\":\"https:\/\/nsk.hr\/en\/croatian-national-bibliographies\/\",\"url\":\"https:\/\/nsk.hr\/en\/croatian-national-bibliographies\/\",\"name\":\"Croatian national bibliographies - Nacionalna i sveu\u010dili\u0161na knji\u017enica u Zagrebu\",\"isPartOf\":{\"@id\":\"https:\/\/nsk.hr\/en\/#website\"},\"primaryImageOfPage\":{\"@id\":\"https:\/\/nsk.hr\/en\/croatian-national-bibliographies\/#primaryimage\"},\"image\":{\"@id\":\"https:\/\/nsk.hr\/en\/croatian-national-bibliographies\/#primaryimage\"},\"thumbnailUrl\":\"https:\/\/nsk.hr\/wp-content\/uploads\/2023\/11\/NSKWeb_Bibliometrics-services.png\",\"datePublished\":\"2023-10-03T05:59:02+00:00\",\"dateModified\":\"2023-12-01T01:00:43+00:00\",\"description\":\"As Croatia\u2019s national information and bibliographic centre, NSK, the National and University Library in Zagreb,\u00a0compiles and publishes Croatia\u2019s current and retrospective national bibliographies.\",\"breadcrumb\":{\"@id\":\"https:\/\/nsk.hr\/en\/croatian-national-bibliographies\/#breadcrumb\"},\"inLanguage\":\"en-US\",\"potentialAction\":[{\"@type\":\"ReadAction\",\"target\":[\"https:\/\/nsk.hr\/en\/croatian-national-bibliographies\/\"]}]},{\"@type\":\"ImageObject\",\"inLanguage\":\"en-US\",\"@id\":\"https:\/\/nsk.hr\/en\/croatian-national-bibliographies\/#primaryimage\",\"url\":\"https:\/\/nsk.hr\/wp-content\/uploads\/2023\/11\/NSKWeb_Bibliometrics-services.png\",\"contentUrl\":\"https:\/\/nsk.hr\/wp-content\/uploads\/2023\/11\/NSKWeb_Bibliometrics-services.png\"},{\"@type\":\"BreadcrumbList\",\"@id\":\"https:\/\/nsk.hr\/en\/croatian-national-bibliographies\/#breadcrumb\",\"itemListElement\":[{\"@type\":\"ListItem\",\"position\":1,\"name\":\"Homepage\",\"item\":\"https:\/\/nsk.hr\/en\/\"},{\"@type\":\"ListItem\",\"position\":2,\"name\":\"Croatian national bibliographies\"}]},{\"@type\":\"WebSite\",\"@id\":\"https:\/\/nsk.hr\/en\/#website\",\"url\":\"https:\/\/nsk.hr\/en\/\",\"name\":\"Nacionalna i sveu\u010dili\u0161na knji\u017enica u Zagrebu\",\"description\":\"\",\"potentialAction\":[{\"@type\":\"SearchAction\",\"target\":{\"@type\":\"EntryPoint\",\"urlTemplate\":\"https:\/\/nsk.hr\/en\/?s={search_term_string}\"},\"query-input\":{\"@type\":\"PropertyValueSpecification\",\"valueRequired\":true,\"valueName\":\"search_term_string\"}}],\"inLanguage\":\"en-US\"}]}<\/script>\n<!-- \/ Yoast SEO plugin. -->","yoast_head_json":{"title":"Croatian national bibliographies - Nacionalna i sveu\u010dili\u0161na knji\u017enica u Zagrebu","description":"As Croatia\u2019s national information and bibliographic centre, NSK, the National and University Library in Zagreb,\u00a0compiles and publishes Croatia\u2019s current and retrospective national bibliographies.","robots":{"index":"index","follow":"follow","max-snippet":"max-snippet:-1","max-image-preview":"max-image-preview:large","max-video-preview":"max-video-preview:-1"},"canonical":"https:\/\/nsk.hr\/en\/croatian-national-bibliographies\/","og_locale":"en_US","og_type":"article","og_title":"Croatian national bibliographies - Nacionalna i sveu\u010dili\u0161na knji\u017enica u Zagrebu","og_description":"As Croatia\u2019s national information and bibliographic centre, NSK, the National and University Library in Zagreb,\u00a0compiles and publishes Croatia\u2019s current and retrospective national bibliographies.","og_url":"https:\/\/nsk.hr\/en\/croatian-national-bibliographies\/","og_site_name":"Nacionalna i sveu\u010dili\u0161na knji\u017enica u Zagrebu","article_modified_time":"2023-12-01T01:00:43+00:00","og_image":[{"url":"https:\/\/nsk.hr\/wp-content\/uploads\/2023\/11\/NSKWeb_Bibliometrics-services.png","type":"","width":"","height":""}],"twitter_card":"summary_large_image","twitter_misc":{"Est. reading time":"1 minute"},"schema":{"@context":"https:\/\/schema.org","@graph":[{"@type":"WebPage","@id":"https:\/\/nsk.hr\/en\/croatian-national-bibliographies\/","url":"https:\/\/nsk.hr\/en\/croatian-national-bibliographies\/","name":"Croatian national bibliographies - Nacionalna i sveu\u010dili\u0161na knji\u017enica u Zagrebu","isPartOf":{"@id":"https:\/\/nsk.hr\/en\/#website"},"primaryImageOfPage":{"@id":"https:\/\/nsk.hr\/en\/croatian-national-bibliographies\/#primaryimage"},"image":{"@id":"https:\/\/nsk.hr\/en\/croatian-national-bibliographies\/#primaryimage"},"thumbnailUrl":"https:\/\/nsk.hr\/wp-content\/uploads\/2023\/11\/NSKWeb_Bibliometrics-services.png","datePublished":"2023-10-03T05:59:02+00:00","dateModified":"2023-12-01T01:00:43+00:00","description":"As Croatia\u2019s national information and bibliographic centre, NSK, the National and University Library in Zagreb,\u00a0compiles and publishes Croatia\u2019s current and retrospective national bibliographies.","breadcrumb":{"@id":"https:\/\/nsk.hr\/en\/croatian-national-bibliographies\/#breadcrumb"},"inLanguage":"en-US","potentialAction":[{"@type":"ReadAction","target":["https:\/\/nsk.hr\/en\/croatian-national-bibliographies\/"]}]},{"@type":"ImageObject","inLanguage":"en-US","@id":"https:\/\/nsk.hr\/en\/croatian-national-bibliographies\/#primaryimage","url":"https:\/\/nsk.hr\/wp-content\/uploads\/2023\/11\/NSKWeb_Bibliometrics-services.png","contentUrl":"https:\/\/nsk.hr\/wp-content\/uploads\/2023\/11\/NSKWeb_Bibliometrics-services.png"},{"@type":"BreadcrumbList","@id":"https:\/\/nsk.hr\/en\/croatian-national-bibliographies\/#breadcrumb","itemListElement":[{"@type":"ListItem","position":1,"name":"Homepage","item":"https:\/\/nsk.hr\/en\/"},{"@type":"ListItem","position":2,"name":"Croatian national bibliographies"}]},{"@type":"WebSite","@id":"https:\/\/nsk.hr\/en\/#website","url":"https:\/\/nsk.hr\/en\/","name":"Nacionalna i sveu\u010dili\u0161na knji\u017enica u Zagrebu","description":"","potentialAction":[{"@type":"SearchAction","target":{"@type":"EntryPoint","urlTemplate":"https:\/\/nsk.hr\/en\/?s={search_term_string}"},"query-input":{"@type":"PropertyValueSpecification","valueRequired":true,"valueName":"search_term_string"}}],"inLanguage":"en-US"}]}},"_links":{"self":[{"href":"https:\/\/nsk.hr\/en\/wp-json\/wp\/v2\/pages\/87152","targetHints":{"allow":["GET"]}}],"collection":[{"href":"https:\/\/nsk.hr\/en\/wp-json\/wp\/v2\/pages"}],"about":[{"href":"https:\/\/nsk.hr\/en\/wp-json\/wp\/v2\/types\/page"}],"author":[{"embeddable":true,"href":"https:\/\/nsk.hr\/en\/wp-json\/wp\/v2\/users\/11"}],"replies":[{"embeddable":true,"href":"https:\/\/nsk.hr\/en\/wp-json\/wp\/v2\/comments?post=87152"}],"version-history":[{"count":3,"href":"https:\/\/nsk.hr\/en\/wp-json\/wp\/v2\/pages\/87152\/revisions"}],"predecessor-version":[{"id":91971,"href":"https:\/\/nsk.hr\/en\/wp-json\/wp\/v2\/pages\/87152\/revisions\/91971"}],"wp:attachment":[{"href":"https:\/\/nsk.hr\/en\/wp-json\/wp\/v2\/media?parent=87152"}],"curies":[{"name":"wp","href":"https:\/\/api.w.org\/{rel}","templated":true}]}}