{"id":87061,"date":"2023-10-03T07:52:46","date_gmt":"2023-10-03T05:52:46","guid":{"rendered":"https:\/\/nsk.hr\/?page_id=87061"},"modified":"2026-03-17T13:40:35","modified_gmt":"2026-03-17T12:40:35","slug":"foreign-croatica-collection","status":"publish","type":"page","link":"https:\/\/nsk.hr\/en\/nsk-collections\/nsk-reading-rooms-collections\/foreign-croatica-collection\/","title":{"rendered":"Foreign Croatica Collection"},"content":{"rendered":"\n<p class=\"is-style-lead\">Considering the history and largeness of Croatian emigrant community, as well as a substantial body of works by Croats translated into foreign languages, NSK, the National and University Library in Zagreb, curates Croatia&#8217;s cultural heritage originating abroad or created for audiences outside Croatia as part of its Foreign Croatica Collection.<\/p>\n\n\n\n<figure class=\"wp-block-image size-full\"><img decoding=\"async\" width=\"1024\" height=\"683\" data-src=\"https:\/\/nsk.hr\/wp-content\/uploads\/2023\/11\/NSKWeb_Foreign-Croatica-Collection.png\" alt=\"\" class=\"wp-image-87104 lazyload\" data-srcset=\"https:\/\/nsk.hr\/wp-content\/uploads\/2023\/11\/NSKWeb_Foreign-Croatica-Collection.png 1024w, https:\/\/nsk.hr\/wp-content\/uploads\/2023\/11\/NSKWeb_Foreign-Croatica-Collection-300x200.png 300w, https:\/\/nsk.hr\/wp-content\/uploads\/2023\/11\/NSKWeb_Foreign-Croatica-Collection-768x512.png 768w\" data-sizes=\"(max-width: 1024px) 100vw, 1024px\" src=\"data:image\/svg+xml;base64,PHN2ZyB3aWR0aD0iMSIgaGVpZ2h0PSIxIiB4bWxucz0iaHR0cDovL3d3dy53My5vcmcvMjAwMC9zdmciPjwvc3ZnPg==\" style=\"--smush-placeholder-width: 1024px; --smush-placeholder-aspect-ratio: 1024\/683;\" \/><\/figure>\n\n\n\n<p>The Collection assembles and makes available works by Croatian authors published in various languages in different countries, works in the Croatian language and those including references to Croatia and Croats published outside Croatia, works in other languages with Croatian co-authors, translators, editors, illustrators, painters, designers, etc. <\/p>\n\n\n\n<h2 class=\"wp-block-heading\">Access to collection items<\/h2>\n\n\n\n<p>Apart from book titles, the Collection\u2019s resources include newspapers, journals and ephemera. Since 2011, the Collection\u2019s holdings have been available on open access shelves in the reading room on Floor 1.<\/p>\n\n\n\n<section class=\"nsk-section nsk-button position-relative my-6\" >\n\t<div class=\"container\">\n\t\t<div class=\"row\">\n\t\t\t<div class=\"col-12\">\n\t\t\t\t<div class=\"nsk-button__button\">\n\t\t\t\t\t\t\t\t\t\t\t<div class=\"nsk-button__link-wrap text-center text-lg-left\">\n\t\t\t\t\t\t\t\n<a   href=\"https:\/\/nsk.hr\/wp-content\/uploads\/2026\/01\/Bilten-prinova-Zbirke-inozemne-Croatice_2025.pdf\" class=\"btn btn-primary align-items-center text-image-block__button btn-lg  align-items-center justify-content-center\"   >\n\t\t\t\t\t<span class=\"text\">Latest accessions (2025) (Croatian text only)<\/span>\n\t<\/a>\n\t\t\t\t\t\t<\/div>\n\t\t\t\t\t\t\t\t\t<\/div>\n\t\t\t<\/div>\n\t\t<\/div>\n\t<\/div>\n<\/section>\n\n\n\n<section class=\"nsk-section nsk-button position-relative my-6\" >\n\t<div class=\"container\">\n\t\t<div class=\"row\">\n\t\t\t<div class=\"col-12\">\n\t\t\t\t<div class=\"nsk-button__button\">\n\t\t\t\t\t\t\t\t\t\t\t<div class=\"nsk-button__link-wrap text-center text-lg-left\">\n\t\t\t\t\t\t\t\n<a   href=\"https:\/\/nsk.hr\/wp-content\/uploads\/2025\/01\/Bilten-prinova-Zbirke-inozemne-Croatice_final.pdf\" class=\"btn btn-primary align-items-center text-image-block__button btn-lg  align-items-center justify-content-center\"   >\n\t\t\t\t\t<span class=\"text\">Latest accessions (2024) (Croatian text only)<\/span>\n\t<\/a>\n\t\t\t\t\t\t<\/div>\n\t\t\t\t\t\t\t\t\t<\/div>\n\t\t\t<\/div>\n\t\t<\/div>\n\t<\/div>\n<\/section>\n\n\n\n<h2 class=\"wp-block-heading\">History<\/h2>\n\n\n\n<p>Making a significant part of special holdings included in <a href=\"https:\/\/nsk.hr\/en\/nsk-collections\/croatica-croatias-national-library-collection\/\">CROATICA<\/a>, Croatia\u2019s national collection preserved and managed by the Library, the Collection was established based on resources collected from all continents since 1945 and formerly included in the so-called Croatian Emigrant Publications Collection (<em>Zbirka iseljeni\u010dkoga tiska<\/em>), which had started operating in 1988 and had never been established as one of the Library\u2019s formal organisational units owing to political factors in former Yugoslavia.<\/p>\n\n\n\n<section class=\"nsk-section nsk-button position-relative my-6\" >\n\t<div class=\"container\">\n\t\t<div class=\"row\">\n\t\t\t<div class=\"col-12\">\n\t\t\t\t<div class=\"nsk-button__button\">\n\t\t\t\t\t\t\t\t\t\t\t<div class=\"nsk-button__link-wrap text-center text-lg-left\">\n\t\t\t\t\t\t\t\n<a   href=\"https:\/\/nsk.hr\/wp-content\/uploads\/2025\/01\/Lenta-Zbirke-inozemne-Croatice_final.pdf\" class=\"btn btn-primary align-items-center text-image-block__button btn-lg  align-items-center justify-content-center\"   >\n\t\t\t\t\t<span class=\"text\">Learn more (Croatian text only)<\/span>\n\t<\/a>\n\t\t\t\t\t\t<\/div>\n\t\t\t\t\t\t\t\t\t<\/div>\n\t\t\t<\/div>\n\t\t<\/div>\n\t<\/div>\n<\/section>\n\n\n<section  class=\"block-section two-columns-block has-2-col\">\n    <div class=\"container\">\n\n        \n        <div class=\"two-columns-block__container\">\n\n            <div class=\"two-columns-block__column richText\">\n                                    <h3>Opening hours<\/h3>\n                                <p>Monday \u2013 Friday 9.00 \u2013 15.00<\/p>\n            <\/div><!-- .col-1 -->\n\n                            <div class=\"two-columns-block__column richText\">\n                                                                        <h3>Location<\/h3>\n                                                <p data-wahfont=\"13\">Floor 1<\/p>\n<p data-wahfont=\"13\">&nbsp;<\/p>\n                    \n                <\/div><!-- .col-2 -->\n            \n        <\/div>\n\n    <\/div>\n<\/section>\n\n<section  class=\"block-section two-columns-block has-2-col\">\n    <div class=\"container\">\n\n        \n        <div class=\"two-columns-block__container\">\n\n            <div class=\"two-columns-block__column richText\">\n                                    <h3>Contact<\/h3>\n                                <p><a href=\"mailto:inozemna.croatica@nsk.hr\">inozemna.croatica@nsk.hr<\/a><\/p>\n<p>+385 1 616 4206<br \/>\n+385 1 616 4138<br \/>\n+385 1 616 4179<\/p>\n            <\/div><!-- .col-1 -->\n\n                            <div class=\"two-columns-block__column richText\">\n                                                                        <h3>Staff<\/h3>\n                                                <p><a href=\"mailto:ivrkicseidl@nsk.hr\">Iva Vrki\u0107 Seidl<\/a><br \/>\n<a href=\"mailto:amijacika@nsk.hr\">Andrija Mija\u010dika<\/a><br \/>\n<a href=\"mailto:ehrelja@nsk.hr\">Ena Hrelja<\/a><\/p>\n<p>&nbsp;<\/p>\n<p data-wahfont=\"13\">&nbsp;<\/p>\n                    \n                <\/div><!-- .col-2 -->\n            \n        <\/div>\n\n    <\/div>\n<\/section>","protected":false},"excerpt":{"rendered":"<p>Considering the history and largeness of Croatian emigrant community, as well as a substantial body of works by Croats translated into foreign languages, NSK,&#8230;<\/p>\n","protected":false},"author":11,"featured_media":0,"parent":91329,"menu_order":0,"comment_status":"closed","ping_status":"closed","template":"","meta":{"_acf_changed":true,"ngg_post_thumbnail":0,"footnotes":""},"class_list":["post-87061","page","type-page","status-publish","hentry"],"acf":[],"yoast_head":"<!-- This site is optimized with the Yoast SEO plugin v25.4 - https:\/\/yoast.com\/wordpress\/plugins\/seo\/ -->\n<title>Foreign Croatica Collection - Nacionalna i sveu\u010dili\u0161na knji\u017enica u Zagrebu<\/title>\n<meta name=\"description\" content=\"Considering the history and largeness of Croatian emigrant population, as well as a substantial body of works by Croats translated into foreign languages, NSK, the National and University Library in Zagreb curates such resources as part of its Foreign Croatica Collection.\" \/>\n<meta name=\"robots\" content=\"index, follow, max-snippet:-1, max-image-preview:large, max-video-preview:-1\" \/>\n<link rel=\"canonical\" href=\"https:\/\/nsk.hr\/en\/nsk-collections\/nsk-reading-rooms-collections\/foreign-croatica-collection\/\" \/>\n<meta property=\"og:locale\" content=\"en_US\" \/>\n<meta property=\"og:type\" content=\"article\" \/>\n<meta property=\"og:title\" content=\"Foreign Croatica Collection - Nacionalna i sveu\u010dili\u0161na knji\u017enica u Zagrebu\" \/>\n<meta property=\"og:description\" content=\"Considering the history and largeness of Croatian emigrant population, as well as a substantial body of works by Croats translated into foreign languages, NSK, the National and University Library in Zagreb curates such resources as part of its Foreign Croatica Collection.\" \/>\n<meta property=\"og:url\" content=\"https:\/\/nsk.hr\/en\/nsk-collections\/nsk-reading-rooms-collections\/foreign-croatica-collection\/\" \/>\n<meta property=\"og:site_name\" content=\"Nacionalna i sveu\u010dili\u0161na knji\u017enica u Zagrebu\" \/>\n<meta property=\"article:modified_time\" content=\"2026-03-17T12:40:35+00:00\" \/>\n<meta property=\"og:image\" content=\"https:\/\/nsk.hr\/wp-content\/uploads\/2023\/11\/NSKWeb_Foreign-Croatica-Collection.png\" \/>\n\t<meta property=\"og:image:width\" content=\"1024\" \/>\n\t<meta property=\"og:image:height\" content=\"683\" \/>\n\t<meta property=\"og:image:type\" content=\"image\/png\" \/>\n<meta name=\"twitter:card\" content=\"summary_large_image\" \/>\n<meta name=\"twitter:label1\" content=\"Est. reading time\" \/>\n\t<meta name=\"twitter:data1\" content=\"2 minutes\" \/>\n<script type=\"application\/ld+json\" class=\"yoast-schema-graph\">{\"@context\":\"https:\/\/schema.org\",\"@graph\":[{\"@type\":\"WebPage\",\"@id\":\"https:\/\/nsk.hr\/en\/nsk-collections\/nsk-reading-rooms-collections\/foreign-croatica-collection\/\",\"url\":\"https:\/\/nsk.hr\/en\/nsk-collections\/nsk-reading-rooms-collections\/foreign-croatica-collection\/\",\"name\":\"Foreign Croatica Collection - Nacionalna i sveu\u010dili\u0161na knji\u017enica u Zagrebu\",\"isPartOf\":{\"@id\":\"https:\/\/nsk.hr\/en\/#website\"},\"primaryImageOfPage\":{\"@id\":\"https:\/\/nsk.hr\/en\/nsk-collections\/nsk-reading-rooms-collections\/foreign-croatica-collection\/#primaryimage\"},\"image\":{\"@id\":\"https:\/\/nsk.hr\/en\/nsk-collections\/nsk-reading-rooms-collections\/foreign-croatica-collection\/#primaryimage\"},\"thumbnailUrl\":\"https:\/\/nsk.hr\/wp-content\/uploads\/2023\/11\/NSKWeb_Foreign-Croatica-Collection.png\",\"datePublished\":\"2023-10-03T05:52:46+00:00\",\"dateModified\":\"2026-03-17T12:40:35+00:00\",\"description\":\"Considering the history and largeness of Croatian emigrant population, as well as a substantial body of works by Croats translated into foreign languages, NSK, the National and University Library in Zagreb curates such resources as part of its Foreign Croatica Collection.\",\"breadcrumb\":{\"@id\":\"https:\/\/nsk.hr\/en\/nsk-collections\/nsk-reading-rooms-collections\/foreign-croatica-collection\/#breadcrumb\"},\"inLanguage\":\"en-US\",\"potentialAction\":[{\"@type\":\"ReadAction\",\"target\":[\"https:\/\/nsk.hr\/en\/nsk-collections\/nsk-reading-rooms-collections\/foreign-croatica-collection\/\"]}]},{\"@type\":\"ImageObject\",\"inLanguage\":\"en-US\",\"@id\":\"https:\/\/nsk.hr\/en\/nsk-collections\/nsk-reading-rooms-collections\/foreign-croatica-collection\/#primaryimage\",\"url\":\"https:\/\/nsk.hr\/wp-content\/uploads\/2023\/11\/NSKWeb_Foreign-Croatica-Collection.png\",\"contentUrl\":\"https:\/\/nsk.hr\/wp-content\/uploads\/2023\/11\/NSKWeb_Foreign-Croatica-Collection.png\"},{\"@type\":\"BreadcrumbList\",\"@id\":\"https:\/\/nsk.hr\/en\/nsk-collections\/nsk-reading-rooms-collections\/foreign-croatica-collection\/#breadcrumb\",\"itemListElement\":[{\"@type\":\"ListItem\",\"position\":1,\"name\":\"Homepage\",\"item\":\"https:\/\/nsk.hr\/en\/\"},{\"@type\":\"ListItem\",\"position\":2,\"name\":\"NSK collections\",\"item\":\"https:\/\/nsk.hr\/en\/nsk-collections\/\"},{\"@type\":\"ListItem\",\"position\":3,\"name\":\"NSK reading rooms collections\",\"item\":\"https:\/\/nsk.hr\/en\/nsk-collections\/nsk-reading-rooms-collections\/\"},{\"@type\":\"ListItem\",\"position\":4,\"name\":\"Foreign Croatica Collection\"}]},{\"@type\":\"WebSite\",\"@id\":\"https:\/\/nsk.hr\/en\/#website\",\"url\":\"https:\/\/nsk.hr\/en\/\",\"name\":\"Nacionalna i sveu\u010dili\u0161na knji\u017enica u Zagrebu\",\"description\":\"\",\"potentialAction\":[{\"@type\":\"SearchAction\",\"target\":{\"@type\":\"EntryPoint\",\"urlTemplate\":\"https:\/\/nsk.hr\/en\/?s={search_term_string}\"},\"query-input\":{\"@type\":\"PropertyValueSpecification\",\"valueRequired\":true,\"valueName\":\"search_term_string\"}}],\"inLanguage\":\"en-US\"}]}<\/script>\n<!-- \/ Yoast SEO plugin. -->","yoast_head_json":{"title":"Foreign Croatica Collection - Nacionalna i sveu\u010dili\u0161na knji\u017enica u Zagrebu","description":"Considering the history and largeness of Croatian emigrant population, as well as a substantial body of works by Croats translated into foreign languages, NSK, the National and University Library in Zagreb curates such resources as part of its Foreign Croatica Collection.","robots":{"index":"index","follow":"follow","max-snippet":"max-snippet:-1","max-image-preview":"max-image-preview:large","max-video-preview":"max-video-preview:-1"},"canonical":"https:\/\/nsk.hr\/en\/nsk-collections\/nsk-reading-rooms-collections\/foreign-croatica-collection\/","og_locale":"en_US","og_type":"article","og_title":"Foreign Croatica Collection - Nacionalna i sveu\u010dili\u0161na knji\u017enica u Zagrebu","og_description":"Considering the history and largeness of Croatian emigrant population, as well as a substantial body of works by Croats translated into foreign languages, NSK, the National and University Library in Zagreb curates such resources as part of its Foreign Croatica Collection.","og_url":"https:\/\/nsk.hr\/en\/nsk-collections\/nsk-reading-rooms-collections\/foreign-croatica-collection\/","og_site_name":"Nacionalna i sveu\u010dili\u0161na knji\u017enica u Zagrebu","article_modified_time":"2026-03-17T12:40:35+00:00","og_image":[{"width":1024,"height":683,"url":"https:\/\/nsk.hr\/wp-content\/uploads\/2023\/11\/NSKWeb_Foreign-Croatica-Collection.png","type":"image\/png"}],"twitter_card":"summary_large_image","twitter_misc":{"Est. reading time":"2 minutes"},"schema":{"@context":"https:\/\/schema.org","@graph":[{"@type":"WebPage","@id":"https:\/\/nsk.hr\/en\/nsk-collections\/nsk-reading-rooms-collections\/foreign-croatica-collection\/","url":"https:\/\/nsk.hr\/en\/nsk-collections\/nsk-reading-rooms-collections\/foreign-croatica-collection\/","name":"Foreign Croatica Collection - Nacionalna i sveu\u010dili\u0161na knji\u017enica u Zagrebu","isPartOf":{"@id":"https:\/\/nsk.hr\/en\/#website"},"primaryImageOfPage":{"@id":"https:\/\/nsk.hr\/en\/nsk-collections\/nsk-reading-rooms-collections\/foreign-croatica-collection\/#primaryimage"},"image":{"@id":"https:\/\/nsk.hr\/en\/nsk-collections\/nsk-reading-rooms-collections\/foreign-croatica-collection\/#primaryimage"},"thumbnailUrl":"https:\/\/nsk.hr\/wp-content\/uploads\/2023\/11\/NSKWeb_Foreign-Croatica-Collection.png","datePublished":"2023-10-03T05:52:46+00:00","dateModified":"2026-03-17T12:40:35+00:00","description":"Considering the history and largeness of Croatian emigrant population, as well as a substantial body of works by Croats translated into foreign languages, NSK, the National and University Library in Zagreb curates such resources as part of its Foreign Croatica Collection.","breadcrumb":{"@id":"https:\/\/nsk.hr\/en\/nsk-collections\/nsk-reading-rooms-collections\/foreign-croatica-collection\/#breadcrumb"},"inLanguage":"en-US","potentialAction":[{"@type":"ReadAction","target":["https:\/\/nsk.hr\/en\/nsk-collections\/nsk-reading-rooms-collections\/foreign-croatica-collection\/"]}]},{"@type":"ImageObject","inLanguage":"en-US","@id":"https:\/\/nsk.hr\/en\/nsk-collections\/nsk-reading-rooms-collections\/foreign-croatica-collection\/#primaryimage","url":"https:\/\/nsk.hr\/wp-content\/uploads\/2023\/11\/NSKWeb_Foreign-Croatica-Collection.png","contentUrl":"https:\/\/nsk.hr\/wp-content\/uploads\/2023\/11\/NSKWeb_Foreign-Croatica-Collection.png"},{"@type":"BreadcrumbList","@id":"https:\/\/nsk.hr\/en\/nsk-collections\/nsk-reading-rooms-collections\/foreign-croatica-collection\/#breadcrumb","itemListElement":[{"@type":"ListItem","position":1,"name":"Homepage","item":"https:\/\/nsk.hr\/en\/"},{"@type":"ListItem","position":2,"name":"NSK collections","item":"https:\/\/nsk.hr\/en\/nsk-collections\/"},{"@type":"ListItem","position":3,"name":"NSK reading rooms collections","item":"https:\/\/nsk.hr\/en\/nsk-collections\/nsk-reading-rooms-collections\/"},{"@type":"ListItem","position":4,"name":"Foreign Croatica Collection"}]},{"@type":"WebSite","@id":"https:\/\/nsk.hr\/en\/#website","url":"https:\/\/nsk.hr\/en\/","name":"Nacionalna i sveu\u010dili\u0161na knji\u017enica u Zagrebu","description":"","potentialAction":[{"@type":"SearchAction","target":{"@type":"EntryPoint","urlTemplate":"https:\/\/nsk.hr\/en\/?s={search_term_string}"},"query-input":{"@type":"PropertyValueSpecification","valueRequired":true,"valueName":"search_term_string"}}],"inLanguage":"en-US"}]}},"_links":{"self":[{"href":"https:\/\/nsk.hr\/en\/wp-json\/wp\/v2\/pages\/87061","targetHints":{"allow":["GET"]}}],"collection":[{"href":"https:\/\/nsk.hr\/en\/wp-json\/wp\/v2\/pages"}],"about":[{"href":"https:\/\/nsk.hr\/en\/wp-json\/wp\/v2\/types\/page"}],"author":[{"embeddable":true,"href":"https:\/\/nsk.hr\/en\/wp-json\/wp\/v2\/users\/11"}],"replies":[{"embeddable":true,"href":"https:\/\/nsk.hr\/en\/wp-json\/wp\/v2\/comments?post=87061"}],"version-history":[{"count":11,"href":"https:\/\/nsk.hr\/en\/wp-json\/wp\/v2\/pages\/87061\/revisions"}],"predecessor-version":[{"id":100357,"href":"https:\/\/nsk.hr\/en\/wp-json\/wp\/v2\/pages\/87061\/revisions\/100357"}],"up":[{"embeddable":true,"href":"https:\/\/nsk.hr\/en\/wp-json\/wp\/v2\/pages\/91329"}],"wp:attachment":[{"href":"https:\/\/nsk.hr\/en\/wp-json\/wp\/v2\/media?parent=87061"}],"curies":[{"name":"wp","href":"https:\/\/api.w.org\/{rel}","templated":true}]}}