{"id":86939,"date":"2023-10-03T07:54:39","date_gmt":"2023-10-03T05:54:39","guid":{"rendered":"https:\/\/nsk.hr\/?page_id=86939"},"modified":"2024-06-04T16:59:08","modified_gmt":"2024-06-04T14:59:08","slug":"all-nsk-services","status":"publish","type":"page","link":"https:\/\/nsk.hr\/en\/all-nsk-services\/","title":{"rendered":"All NSK services\u00a0"},"content":{"rendered":"\n<p class=\"is-style-lead\">Apart from providing access to its rich <a href=\"https:\/\/nsk.hr\/en\/nsk-collections\/\">collections<\/a>, NSK, the National and University Library in Zagreb, offers its users a wide array of services, ranging from those related to NSK\u2019s <a href=\"https:\/\/nsk.hr\/en\/reading-rooms\/\">reading room facilities<\/a> through information services to guided tours of the Library\u2019s spaces.<\/p>\n\n\n\n<figure class=\"wp-block-image size-full\"><img decoding=\"async\" width=\"1024\" height=\"683\" data-src=\"https:\/\/nsk.hr\/wp-content\/uploads\/2023\/11\/Sve-usluge-foto-1024x683-1.webp\" alt=\"Member of the staff of NSK, the National and University Library in Zagreb, at one of the Library\u2019s help desks responding to queries by several users.\" class=\"wp-image-86940 lazyload\" data-srcset=\"https:\/\/nsk.hr\/wp-content\/uploads\/2023\/11\/Sve-usluge-foto-1024x683-1.webp 1024w, https:\/\/nsk.hr\/wp-content\/uploads\/2023\/11\/Sve-usluge-foto-1024x683-1-300x200.webp 300w, https:\/\/nsk.hr\/wp-content\/uploads\/2023\/11\/Sve-usluge-foto-1024x683-1-768x512.webp 768w\" data-sizes=\"(max-width: 1024px) 100vw, 1024px\" src=\"data:image\/svg+xml;base64,PHN2ZyB3aWR0aD0iMSIgaGVpZ2h0PSIxIiB4bWxucz0iaHR0cDovL3d3dy53My5vcmcvMjAwMC9zdmciPjwvc3ZnPg==\" style=\"--smush-placeholder-width: 1024px; --smush-placeholder-aspect-ratio: 1024\/683;\" \/><\/figure>\n\n\n\n<h2 class=\"wp-block-heading\"><strong>Ask a Librarian<\/strong><\/h2>\n\n\n\n<p>NSK\u2019s Ask a librarian service is an information and reference service through which users can obtain information regarding the Library\u2019s collections and all other NSK services as well as request assistance in writing all types of research papers and theses.<\/p>\n\n\n\n<section class=\"nsk-section nsk-button position-relative my-6\" >\n\t<div class=\"container\">\n\t\t<div class=\"row\">\n\t\t\t<div class=\"col-12\">\n\t\t\t\t<div class=\"nsk-button__button\">\n\t\t\t\t\t\t\t\t\t\t\t<div class=\"nsk-button__link-wrap text-center text-lg-left\">\n\t\t\t\t\t\t\t\n<a   href=\"https:\/\/nsk.hr\/en\/ask-a-librarian\/\" class=\"btn btn-primary align-items-center text-image-block__button btn-lg  align-items-center justify-content-center\"   >\n\t\t\t\t\t<span class=\"text\">Learn more<\/span>\n\t<\/a>\n\t\t\t\t\t\t<\/div>\n\t\t\t\t\t\t\t\t\t<\/div>\n\t\t\t<\/div>\n\t\t<\/div>\n\t<\/div>\n<\/section>\n\n\n\n<h2 class=\"wp-block-heading\"><strong>Bibliometrics services <\/strong>&nbsp;<\/h2>\n\n\n\n<p>Responding to individual and institutional requirements in the research and academic sectors, NSK conducts comprehensive bibliometric analyses and issues related bibliometric reports for researchers and editorial boards of national scientific and professional journals.<\/p>\n\n\n\n<section class=\"nsk-section nsk-button position-relative my-6\" >\n\t<div class=\"container\">\n\t\t<div class=\"row\">\n\t\t\t<div class=\"col-12\">\n\t\t\t\t<div class=\"nsk-button__button\">\n\t\t\t\t\t\t\t\t\t\t\t<div class=\"nsk-button__link-wrap text-center text-lg-left\">\n\t\t\t\t\t\t\t\n<a   href=\"https:\/\/nsk.hr\/en\/bibliometrics-services\/\" class=\"btn btn-primary align-items-center text-image-block__button btn-lg  align-items-center justify-content-center\"   >\n\t\t\t\t\t<span class=\"text\">Learn more<\/span>\n\t<\/a>\n\t\t\t\t\t\t<\/div>\n\t\t\t\t\t\t\t\t\t<\/div>\n\t\t\t<\/div>\n\t\t<\/div>\n\t<\/div>\n<\/section>\n\n\n\n<h2 class=\"wp-block-heading\"><strong>Inter-library loans<\/strong>&nbsp;<\/h2>\n\n\n\n<p>NSK\u2019s interlibrary loan service enables the Library\u2019s users and libraries in Croatia and abroad to order items or request materials from the collections of other libraries in Croatia and libraries abroad.<\/p>\n\n\n\n<section class=\"nsk-section nsk-button position-relative my-6\" >\n\t<div class=\"container\">\n\t\t<div class=\"row\">\n\t\t\t<div class=\"col-12\">\n\t\t\t\t<div class=\"nsk-button__button\">\n\t\t\t\t\t\t\t\t\t\t\t<div class=\"nsk-button__link-wrap text-center text-lg-left\">\n\t\t\t\t\t\t\t\n<a   href=\"https:\/\/nsk.hr\/en\/inter-library-loans\/\" class=\"btn btn-primary align-items-center text-image-block__button btn-lg  align-items-center justify-content-center\"   >\n\t\t\t\t\t<span class=\"text\">Learn more<\/span>\n\t<\/a>\n\t\t\t\t\t\t<\/div>\n\t\t\t\t\t\t\t\t\t<\/div>\n\t\t\t<\/div>\n\t\t<\/div>\n\t<\/div>\n<\/section>\n\n\n\n<h2 class=\"wp-block-heading\"><strong>Self-service scanning, photocopying and printing<\/strong><\/h2>\n\n\n\n<p>NSK makes available to its users the devices for self-service photocopying, printing and scanning of documents.<\/p>\n\n\n\n<section class=\"nsk-section nsk-button position-relative my-6\" >\n\t<div class=\"container\">\n\t\t<div class=\"row\">\n\t\t\t<div class=\"col-12\">\n\t\t\t\t<div class=\"nsk-button__button\">\n\t\t\t\t\t\t\t\t\t\t\t<div class=\"nsk-button__link-wrap text-center text-lg-left\">\n\t\t\t\t\t\t\t\n<a   href=\"https:\/\/nsk.hr\/en\/self-service-scanning-photocopying-and-printing\/\" class=\"btn btn-primary align-items-center text-image-block__button btn-lg  align-items-center justify-content-center\"   >\n\t\t\t\t\t<span class=\"text\">Learn more <\/span>\n\t<\/a>\n\t\t\t\t\t\t<\/div>\n\t\t\t\t\t\t\t\t\t<\/div>\n\t\t\t<\/div>\n\t\t<\/div>\n\t<\/div>\n<\/section>\n\n\n\n<h2 class=\"wp-block-heading\"><strong>Digitisation requests<\/strong><\/h2>\n\n\n\n<p>A large number of items in NSK\u2019s special collections and those available for consultation in the <a href=\"https:\/\/nsk.hr\/en\/reading-rooms\/nsk-periodicals-reading-room\/\">Periodicals Reading Room<\/a> may be digitised upon request.<\/p>\n\n\n\n<section class=\"nsk-section nsk-button position-relative my-6\" >\n\t<div class=\"container\">\n\t\t<div class=\"row\">\n\t\t\t<div class=\"col-12\">\n\t\t\t\t<div class=\"nsk-button__button\">\n\t\t\t\t\t\t\t\t\t\t\t<div class=\"nsk-button__link-wrap text-center text-lg-left\">\n\t\t\t\t\t\t\t\n<a   href=\"https:\/\/nsk.hr\/en\/digitisation-requests\/\" class=\"btn btn-primary align-items-center text-image-block__button btn-lg  align-items-center justify-content-center\"   >\n\t\t\t\t\t<span class=\"text\">Learn more<\/span>\n\t<\/a>\n\t\t\t\t\t\t<\/div>\n\t\t\t\t\t\t\t\t\t<\/div>\n\t\t\t<\/div>\n\t\t<\/div>\n\t<\/div>\n<\/section>\n\n\n<section class=\"block-section quick-links-block quick-links-block--has-1-col\">\n\n    <h2 class=\"quick-links-block__title\">Other NSK services<\/h2>\n    <ul class=\"quick-links-block__list list-unstyled\">\n                    <li class=\"quick-links-block__item\">\n                <a href=\"https:\/\/nsk.hr\/en\/reading-room-requests-and-lending-services\/\" class=\"quick-links-block__link\">\n                    <span class=\"text\">\n                        Reading room requests and lending services                    <\/span>\n                    <svg xmlns=\"http:\/\/www.w3.org\/2000\/svg\" width=\"28\" height=\"28\" viewBox=\"0 0 28 28\" fill=\"none\">\n                        <path d=\"M19.8864 7L18.7095 8.17654L23.7027 13.1681H2V14.8321H23.7026L18.7095 19.8235L19.8864 21L26.8889 14L19.8864 7Z\" fill=\"#231F20\"><\/path>\n                    <\/svg>\n                <\/a>\n            <\/li>\n                    <li class=\"quick-links-block__item\">\n                <a href=\"https:\/\/nsk.hr\/en\/nsk-opening-hours\/extended-hours-services\/\" class=\"quick-links-block__link\">\n                    <span class=\"text\">\n                        Extended hours services                    <\/span>\n                    <svg xmlns=\"http:\/\/www.w3.org\/2000\/svg\" width=\"28\" height=\"28\" viewBox=\"0 0 28 28\" fill=\"none\">\n                        <path d=\"M19.8864 7L18.7095 8.17654L23.7027 13.1681H2V14.8321H23.7026L18.7095 19.8235L19.8864 21L26.8889 14L19.8864 7Z\" fill=\"#231F20\"><\/path>\n                    <\/svg>\n                <\/a>\n            <\/li>\n                    <li class=\"quick-links-block__item\">\n                <a href=\"https:\/\/nsk.hr\/en\/reading-rooms\/\" class=\"quick-links-block__link\">\n                    <span class=\"text\">\n                        Reading rooms                    <\/span>\n                    <svg xmlns=\"http:\/\/www.w3.org\/2000\/svg\" width=\"28\" height=\"28\" viewBox=\"0 0 28 28\" fill=\"none\">\n                        <path d=\"M19.8864 7L18.7095 8.17654L23.7027 13.1681H2V14.8321H23.7026L18.7095 19.8235L19.8864 21L26.8889 14L19.8864 7Z\" fill=\"#231F20\"><\/path>\n                    <\/svg>\n                <\/a>\n            <\/li>\n                    <li class=\"quick-links-block__item\">\n                <a href=\"https:\/\/nsk.hr\/en\/guided-tours\/\" class=\"quick-links-block__link\">\n                    <span class=\"text\">\n                        Guided tours                    <\/span>\n                    <svg xmlns=\"http:\/\/www.w3.org\/2000\/svg\" width=\"28\" height=\"28\" viewBox=\"0 0 28 28\" fill=\"none\">\n                        <path d=\"M19.8864 7L18.7095 8.17654L23.7027 13.1681H2V14.8321H23.7026L18.7095 19.8235L19.8864 21L26.8889 14L19.8864 7Z\" fill=\"#231F20\"><\/path>\n                    <\/svg>\n                <\/a>\n            <\/li>\n                    <li class=\"quick-links-block__item\">\n                <a href=\"https:\/\/nsk.hr\/en\/services-for-publishers\/\" class=\"quick-links-block__link\">\n                    <span class=\"text\">\n                        Services for publishers                    <\/span>\n                    <svg xmlns=\"http:\/\/www.w3.org\/2000\/svg\" width=\"28\" height=\"28\" viewBox=\"0 0 28 28\" fill=\"none\">\n                        <path d=\"M19.8864 7L18.7095 8.17654L23.7027 13.1681H2V14.8321H23.7026L18.7095 19.8235L19.8864 21L26.8889 14L19.8864 7Z\" fill=\"#231F20\"><\/path>\n                    <\/svg>\n                <\/a>\n            <\/li>\n                    <li class=\"quick-links-block__item\">\n                <a href=\"https:\/\/nsk.hr\/en\/services-for-librarians\/\" class=\"quick-links-block__link\">\n                    <span class=\"text\">\n                        Services for librarians                    <\/span>\n                    <svg xmlns=\"http:\/\/www.w3.org\/2000\/svg\" width=\"28\" height=\"28\" viewBox=\"0 0 28 28\" fill=\"none\">\n                        <path d=\"M19.8864 7L18.7095 8.17654L23.7027 13.1681H2V14.8321H23.7026L18.7095 19.8235L19.8864 21L26.8889 14L19.8864 7Z\" fill=\"#231F20\"><\/path>\n                    <\/svg>\n                <\/a>\n            <\/li>\n            <\/ul>\n<\/section>","protected":false},"excerpt":{"rendered":"<p>Apart from providing access to its rich collections, NSK, the National and University Library in Zagreb, offers its users a wide array of services,&#8230;<\/p>\n","protected":false},"author":11,"featured_media":0,"parent":0,"menu_order":0,"comment_status":"closed","ping_status":"closed","template":"","meta":{"_acf_changed":false,"ngg_post_thumbnail":0,"footnotes":""},"class_list":["post-86939","page","type-page","status-publish","hentry"],"acf":[],"yoast_head":"<!-- This site is optimized with the Yoast SEO plugin v25.4 - https:\/\/yoast.com\/wordpress\/plugins\/seo\/ -->\n<title>All NSK services\u00a0 - Nacionalna i sveu\u010dili\u0161na knji\u017enica u Zagrebu<\/title>\n<meta name=\"description\" content=\"Apart from providing access to its rich collections, NSK, the National and University Library in Zagreb, offers its users a wide array of services, ranging from those related to NSK\u2019s reading room facilities through information services to guided tours of the Library\u2019s spaces.\" \/>\n<meta name=\"robots\" content=\"index, follow, max-snippet:-1, max-image-preview:large, max-video-preview:-1\" \/>\n<link rel=\"canonical\" href=\"https:\/\/nsk.hr\/en\/all-nsk-services\/\" \/>\n<meta property=\"og:locale\" content=\"en_US\" \/>\n<meta property=\"og:type\" content=\"article\" \/>\n<meta property=\"og:title\" content=\"All NSK services\u00a0 - Nacionalna i sveu\u010dili\u0161na knji\u017enica u Zagrebu\" \/>\n<meta property=\"og:description\" content=\"Apart from providing access to its rich collections, NSK, the National and University Library in Zagreb, offers its users a wide array of services, ranging from those related to NSK\u2019s reading room facilities through information services to guided tours of the Library\u2019s spaces.\" \/>\n<meta property=\"og:url\" content=\"https:\/\/nsk.hr\/en\/all-nsk-services\/\" \/>\n<meta property=\"og:site_name\" content=\"Nacionalna i sveu\u010dili\u0161na knji\u017enica u Zagrebu\" \/>\n<meta property=\"article:modified_time\" content=\"2024-06-04T14:59:08+00:00\" \/>\n<meta property=\"og:image\" content=\"https:\/\/nsk.hr\/wp-content\/uploads\/2023\/11\/Sve-usluge-foto-1024x683-1.webp\" \/>\n<meta name=\"twitter:card\" content=\"summary_large_image\" \/>\n<meta name=\"twitter:label1\" content=\"Est. reading time\" \/>\n\t<meta name=\"twitter:data1\" content=\"2 minutes\" \/>\n<script type=\"application\/ld+json\" class=\"yoast-schema-graph\">{\"@context\":\"https:\/\/schema.org\",\"@graph\":[{\"@type\":\"WebPage\",\"@id\":\"https:\/\/nsk.hr\/en\/all-nsk-services\/\",\"url\":\"https:\/\/nsk.hr\/en\/all-nsk-services\/\",\"name\":\"All NSK services\u00a0 - Nacionalna i sveu\u010dili\u0161na knji\u017enica u Zagrebu\",\"isPartOf\":{\"@id\":\"https:\/\/nsk.hr\/en\/#website\"},\"primaryImageOfPage\":{\"@id\":\"https:\/\/nsk.hr\/en\/all-nsk-services\/#primaryimage\"},\"image\":{\"@id\":\"https:\/\/nsk.hr\/en\/all-nsk-services\/#primaryimage\"},\"thumbnailUrl\":\"https:\/\/nsk.hr\/wp-content\/uploads\/2023\/11\/Sve-usluge-foto-1024x683-1.webp\",\"datePublished\":\"2023-10-03T05:54:39+00:00\",\"dateModified\":\"2024-06-04T14:59:08+00:00\",\"description\":\"Apart from providing access to its rich collections, NSK, the National and University Library in Zagreb, offers its users a wide array of services, ranging from those related to NSK\u2019s reading room facilities through information services to guided tours of the Library\u2019s spaces.\",\"breadcrumb\":{\"@id\":\"https:\/\/nsk.hr\/en\/all-nsk-services\/#breadcrumb\"},\"inLanguage\":\"en-US\",\"potentialAction\":[{\"@type\":\"ReadAction\",\"target\":[\"https:\/\/nsk.hr\/en\/all-nsk-services\/\"]}]},{\"@type\":\"ImageObject\",\"inLanguage\":\"en-US\",\"@id\":\"https:\/\/nsk.hr\/en\/all-nsk-services\/#primaryimage\",\"url\":\"https:\/\/nsk.hr\/wp-content\/uploads\/2023\/11\/Sve-usluge-foto-1024x683-1.webp\",\"contentUrl\":\"https:\/\/nsk.hr\/wp-content\/uploads\/2023\/11\/Sve-usluge-foto-1024x683-1.webp\"},{\"@type\":\"BreadcrumbList\",\"@id\":\"https:\/\/nsk.hr\/en\/all-nsk-services\/#breadcrumb\",\"itemListElement\":[{\"@type\":\"ListItem\",\"position\":1,\"name\":\"Homepage\",\"item\":\"https:\/\/nsk.hr\/en\/\"},{\"@type\":\"ListItem\",\"position\":2,\"name\":\"All NSK services\u00a0\"}]},{\"@type\":\"WebSite\",\"@id\":\"https:\/\/nsk.hr\/en\/#website\",\"url\":\"https:\/\/nsk.hr\/en\/\",\"name\":\"Nacionalna i sveu\u010dili\u0161na knji\u017enica u Zagrebu\",\"description\":\"\",\"potentialAction\":[{\"@type\":\"SearchAction\",\"target\":{\"@type\":\"EntryPoint\",\"urlTemplate\":\"https:\/\/nsk.hr\/en\/?s={search_term_string}\"},\"query-input\":{\"@type\":\"PropertyValueSpecification\",\"valueRequired\":true,\"valueName\":\"search_term_string\"}}],\"inLanguage\":\"en-US\"}]}<\/script>\n<!-- \/ Yoast SEO plugin. -->","yoast_head_json":{"title":"All NSK services\u00a0 - Nacionalna i sveu\u010dili\u0161na knji\u017enica u Zagrebu","description":"Apart from providing access to its rich collections, NSK, the National and University Library in Zagreb, offers its users a wide array of services, ranging from those related to NSK\u2019s reading room facilities through information services to guided tours of the Library\u2019s spaces.","robots":{"index":"index","follow":"follow","max-snippet":"max-snippet:-1","max-image-preview":"max-image-preview:large","max-video-preview":"max-video-preview:-1"},"canonical":"https:\/\/nsk.hr\/en\/all-nsk-services\/","og_locale":"en_US","og_type":"article","og_title":"All NSK services\u00a0 - Nacionalna i sveu\u010dili\u0161na knji\u017enica u Zagrebu","og_description":"Apart from providing access to its rich collections, NSK, the National and University Library in Zagreb, offers its users a wide array of services, ranging from those related to NSK\u2019s reading room facilities through information services to guided tours of the Library\u2019s spaces.","og_url":"https:\/\/nsk.hr\/en\/all-nsk-services\/","og_site_name":"Nacionalna i sveu\u010dili\u0161na knji\u017enica u Zagrebu","article_modified_time":"2024-06-04T14:59:08+00:00","og_image":[{"url":"https:\/\/nsk.hr\/wp-content\/uploads\/2023\/11\/Sve-usluge-foto-1024x683-1.webp","type":"","width":"","height":""}],"twitter_card":"summary_large_image","twitter_misc":{"Est. reading time":"2 minutes"},"schema":{"@context":"https:\/\/schema.org","@graph":[{"@type":"WebPage","@id":"https:\/\/nsk.hr\/en\/all-nsk-services\/","url":"https:\/\/nsk.hr\/en\/all-nsk-services\/","name":"All NSK services\u00a0 - Nacionalna i sveu\u010dili\u0161na knji\u017enica u Zagrebu","isPartOf":{"@id":"https:\/\/nsk.hr\/en\/#website"},"primaryImageOfPage":{"@id":"https:\/\/nsk.hr\/en\/all-nsk-services\/#primaryimage"},"image":{"@id":"https:\/\/nsk.hr\/en\/all-nsk-services\/#primaryimage"},"thumbnailUrl":"https:\/\/nsk.hr\/wp-content\/uploads\/2023\/11\/Sve-usluge-foto-1024x683-1.webp","datePublished":"2023-10-03T05:54:39+00:00","dateModified":"2024-06-04T14:59:08+00:00","description":"Apart from providing access to its rich collections, NSK, the National and University Library in Zagreb, offers its users a wide array of services, ranging from those related to NSK\u2019s reading room facilities through information services to guided tours of the Library\u2019s spaces.","breadcrumb":{"@id":"https:\/\/nsk.hr\/en\/all-nsk-services\/#breadcrumb"},"inLanguage":"en-US","potentialAction":[{"@type":"ReadAction","target":["https:\/\/nsk.hr\/en\/all-nsk-services\/"]}]},{"@type":"ImageObject","inLanguage":"en-US","@id":"https:\/\/nsk.hr\/en\/all-nsk-services\/#primaryimage","url":"https:\/\/nsk.hr\/wp-content\/uploads\/2023\/11\/Sve-usluge-foto-1024x683-1.webp","contentUrl":"https:\/\/nsk.hr\/wp-content\/uploads\/2023\/11\/Sve-usluge-foto-1024x683-1.webp"},{"@type":"BreadcrumbList","@id":"https:\/\/nsk.hr\/en\/all-nsk-services\/#breadcrumb","itemListElement":[{"@type":"ListItem","position":1,"name":"Homepage","item":"https:\/\/nsk.hr\/en\/"},{"@type":"ListItem","position":2,"name":"All NSK services\u00a0"}]},{"@type":"WebSite","@id":"https:\/\/nsk.hr\/en\/#website","url":"https:\/\/nsk.hr\/en\/","name":"Nacionalna i sveu\u010dili\u0161na knji\u017enica u Zagrebu","description":"","potentialAction":[{"@type":"SearchAction","target":{"@type":"EntryPoint","urlTemplate":"https:\/\/nsk.hr\/en\/?s={search_term_string}"},"query-input":{"@type":"PropertyValueSpecification","valueRequired":true,"valueName":"search_term_string"}}],"inLanguage":"en-US"}]}},"_links":{"self":[{"href":"https:\/\/nsk.hr\/en\/wp-json\/wp\/v2\/pages\/86939","targetHints":{"allow":["GET"]}}],"collection":[{"href":"https:\/\/nsk.hr\/en\/wp-json\/wp\/v2\/pages"}],"about":[{"href":"https:\/\/nsk.hr\/en\/wp-json\/wp\/v2\/types\/page"}],"author":[{"embeddable":true,"href":"https:\/\/nsk.hr\/en\/wp-json\/wp\/v2\/users\/11"}],"replies":[{"embeddable":true,"href":"https:\/\/nsk.hr\/en\/wp-json\/wp\/v2\/comments?post=86939"}],"version-history":[{"count":6,"href":"https:\/\/nsk.hr\/en\/wp-json\/wp\/v2\/pages\/86939\/revisions"}],"predecessor-version":[{"id":91397,"href":"https:\/\/nsk.hr\/en\/wp-json\/wp\/v2\/pages\/86939\/revisions\/91397"}],"wp:attachment":[{"href":"https:\/\/nsk.hr\/en\/wp-json\/wp\/v2\/media?parent=86939"}],"curies":[{"name":"wp","href":"https:\/\/api.w.org\/{rel}","templated":true}]}}