{"id":86909,"date":"2023-09-30T17:31:05","date_gmt":"2023-09-30T15:31:05","guid":{"rendered":"https:\/\/nsk.hr\/?page_id=86909"},"modified":"2025-01-22T11:28:00","modified_gmt":"2025-01-22T10:28:00","slug":"nsk-music-collection","status":"publish","type":"page","link":"https:\/\/nsk.hr\/en\/nsk-collections\/nsk-music-collection\/","title":{"rendered":"NSK Music Collection"},"content":{"rendered":"\n<p class=\"is-style-lead\">NSK Music Collection is one of four special collections of NSK, the National and University Library in Zagreb, holding printed and manuscript music, along with a rich collection of music recordings on different media.<\/p>\n\n\n\n<figure class=\"wp-block-image size-full\"><img decoding=\"async\" width=\"1024\" height=\"683\" data-src=\"https:\/\/nsk.hr\/wp-content\/uploads\/2023\/11\/nsk148-1024x683-1.webp\" alt=\"Item from the NSK Music Collection.\" class=\"wp-image-86912 lazyload\" data-srcset=\"https:\/\/nsk.hr\/wp-content\/uploads\/2023\/11\/nsk148-1024x683-1.webp 1024w, https:\/\/nsk.hr\/wp-content\/uploads\/2023\/11\/nsk148-1024x683-1-300x200.webp 300w, https:\/\/nsk.hr\/wp-content\/uploads\/2023\/11\/nsk148-1024x683-1-768x512.webp 768w\" data-sizes=\"(max-width: 1024px) 100vw, 1024px\" src=\"data:image\/svg+xml;base64,PHN2ZyB3aWR0aD0iMSIgaGVpZ2h0PSIxIiB4bWxucz0iaHR0cDovL3d3dy53My5vcmcvMjAwMC9zdmciPjwvc3ZnPg==\" style=\"--smush-placeholder-width: 1024px; --smush-placeholder-aspect-ratio: 1024\/683;\" \/><\/figure>\n\n\n\n<p>Unique musical scores, in particular music manuscripts, are a valuable source for researching Croatia\u2019s musical history. &nbsp;<\/p>\n\n\n\n<h2 class=\"wp-block-heading\"><strong>Holdings<\/strong>&nbsp;&nbsp;<\/h2>\n\n\n\n<p>The Collection\u2019s resources include particularly valuable, older items dating back to the beginnings of music recording as well as Croatian contemporary music releases, which the Collection has been assembling for several decades. Its holdings currently include around 17,000 volumes of printed music, over 3,000 volumes of manuscript music scores, some 24,000 record releases, 5,800 cassettes, 11,000 CD releases and a number of born-digital music releases.&nbsp;&nbsp;<br><\/p>\n\n\n\n<h3 class=\"wp-block-heading\">Music manuscripts<\/h3>\n\n\n\n<figure class=\"wp-block-image size-full\"><img decoding=\"async\" width=\"1024\" height=\"683\" data-src=\"https:\/\/nsk.hr\/wp-content\/uploads\/2023\/11\/nsk140-1024x683-1.webp\" alt=\"Item from the NSK Music Collection.\" class=\"wp-image-86915 lazyload\" data-srcset=\"https:\/\/nsk.hr\/wp-content\/uploads\/2023\/11\/nsk140-1024x683-1.webp 1024w, https:\/\/nsk.hr\/wp-content\/uploads\/2023\/11\/nsk140-1024x683-1-300x200.webp 300w, https:\/\/nsk.hr\/wp-content\/uploads\/2023\/11\/nsk140-1024x683-1-768x512.webp 768w\" data-sizes=\"(max-width: 1024px) 100vw, 1024px\" src=\"data:image\/svg+xml;base64,PHN2ZyB3aWR0aD0iMSIgaGVpZ2h0PSIxIiB4bWxucz0iaHR0cDovL3d3dy53My5vcmcvMjAwMC9zdmciPjwvc3ZnPg==\" style=\"--smush-placeholder-width: 1024px; --smush-placeholder-aspect-ratio: 1024\/683;\" \/><\/figure>\n\n\n\n<p>The Collection\u2019s greatest treasures are the manuscript scores by Croatian composers and their personal archives containing unique material, such as autograph manuscripts. Along with sheet music, these invaluable archives also include various additional research-relevant resources such as personal correspondence, photographs, concert programmes, critical reviews, etc.<\/p>\n\n\n\n<p>Particularly standing out among these types of resources are the music manuscripts by and personal archives of the author of the first Croatian opera <a href=\"http:\/\/virtualna.nsk.hr\/lisinski\/\">Vatroslav Lisinski<\/a> and many other distinguished Croatian composers such as <a href=\"http:\/\/virtualna.nsk.hr\/blagoje-bersa\/\">Blagoje Bersa<\/a>, <a href=\"http:\/\/virtualna.nsk.hr\/ivan-zajc-mladji\/\">Ivan Zajc<\/a>, Ferdo Livadi\u0107, Ivan Padovec, Bo\u017eidar \u0160irola, Jakov Gotovac, Fran Lhotka, Ivan Brkanovi\u0107, Antun Dobroni\u0107, Stanislav Preprek, Croatia\u2019s notable 20<sup>th<\/sup>-century woman composer <a href=\"http:\/\/virtualna.nsk.hr\/ivana-lang\/\">Ivana Lang<\/a>, Nikola Glassl, Toma Pro\u0161ev, Miro Belamari\u0107, Miroslav Mileti\u0107, etc.<\/p>\n\n\n\n<p>The Collection holds the original scores of well-known and frequently performed Croatian operas such as the first Croatian opera, <em><u><a href=\"https:\/\/digitalna.nsk.hr\/pb\/?object=info&amp;id=15388\" target=\"_blank\" rel=\"noreferrer noopener\">Ljubav i zloba<\/a><\/u><\/em>, and <em><u><a href=\"https:\/\/digitalna.nsk.hr\/pb\/?object=info&amp;id=573695\" target=\"_blank\" rel=\"noreferrer noopener\">Porin<\/a><\/u>,<\/em> by Vatroslav Lisinski, and <em><u><a href=\"https:\/\/digitalna.nsk.hr\/pb\/?object=info&amp;id=15430\" target=\"_blank\" rel=\"noreferrer noopener\">Nikola \u0160ubi\u0107-Zrinjski<\/a><\/u><\/em>, <em><u><a href=\"https:\/\/digitalna.nsk.hr\/pb\/?object=info&amp;id=17353\" target=\"_blank\" rel=\"noreferrer noopener\">Mislav<\/a><\/u><\/em> and <em><u><a href=\"https:\/\/digitalna.nsk.hr\/pb\/?object=info&amp;id=588914\" target=\"_blank\" rel=\"noreferrer noopener\">Ban Leget<\/a><\/u><\/em>, by Ivan Zajc.<\/p>\n\n\n\n<h3 class=\"wp-block-heading\">Printed music &nbsp;&nbsp;<\/h3>\n\n\n\n<p>Printed music in the Collection includes music scores, publications featuring compositions for various musical ensembles and instruments, anthologies and educational material such as textbooks and tutorials for individual instruments. Apart from classical music material, the Collection assembles hymnals and music of religious character, Croatian folk songs, both traditional and composed, as well as popular music releases, such as hits, pop songs and songs performed as part of music festivals.&nbsp;<\/p>\n\n\n\n<h3 class=\"wp-block-heading\">Music recordings &nbsp;&nbsp;<\/h3>\n\n\n\n<figure class=\"wp-block-image size-full\"><img decoding=\"async\" width=\"1024\" height=\"683\" data-src=\"https:\/\/nsk.hr\/wp-content\/uploads\/2023\/11\/nsk149-1024x683-1.webp\" alt=\"Item from the NSK Music Collection.\" class=\"wp-image-86917 lazyload\" data-srcset=\"https:\/\/nsk.hr\/wp-content\/uploads\/2023\/11\/nsk149-1024x683-1.webp 1024w, https:\/\/nsk.hr\/wp-content\/uploads\/2023\/11\/nsk149-1024x683-1-300x200.webp 300w, https:\/\/nsk.hr\/wp-content\/uploads\/2023\/11\/nsk149-1024x683-1-768x512.webp 768w\" data-sizes=\"(max-width: 1024px) 100vw, 1024px\" src=\"data:image\/svg+xml;base64,PHN2ZyB3aWR0aD0iMSIgaGVpZ2h0PSIxIiB4bWxucz0iaHR0cDovL3d3dy53My5vcmcvMjAwMC9zdmciPjwvc3ZnPg==\" style=\"--smush-placeholder-width: 1024px; --smush-placeholder-aspect-ratio: 1024\/683;\" \/><\/figure>\n\n\n\n<p>The Collection contains a large number of music releases on different media which it has systematically been assembling since the beginning of music recording industry in Croatia. Particularly valuable among these releases are the historic shellac records dating from the beginning of sound recording and music publishing.&nbsp;<\/p>\n\n\n\n<h3 class=\"wp-block-heading\">The \u010capka Music Collection (Fonoteka \u010capka)<\/h3>\n\n\n\n<p>Exceptionally valuable among the Collection\u2019s holdings is The \u010capka Music Collection (<a href=\"https:\/\/digitalna.nsk.hr\/?pr=l&amp;filter=14016&amp;grid=y&amp;ps=40&amp;find=fonoteka+%C4%8Dapka\">Fonoteka \u010capka<\/a>), comprising more than 6,000 gramophone records, donated to the Collection by engineer Eduard \u010capka, and including a wide variety of releases, ranging from the old 78 rpm shellac records to more recent vinyl records featuring both Croatian and foreign classical and popular music.<\/p>\n\n\n\n<h3 class=\"wp-block-heading\">Reference collection<em>&nbsp;&nbsp;<\/em><\/h3>\n\n\n\n<p>The Collection\u2019s reading room makes available an extensive collection of various reference works and other publications in the field of music.&nbsp;&nbsp;<\/p>\n\n\n\n<h2 class=\"wp-block-heading\"><strong>Digital resources&nbsp;<\/strong><\/h2>\n\n\n\n<p>The Collection\u2019s digitised resources are available on the <a href=\"https:\/\/digitalna.nsk.hr\/\">NSK Digital Collections<\/a> and <a href=\"https:\/\/digitalna.nsk.hr\/glazbenagrada\/\">NSK Digitised Music<\/a> websites.&nbsp;&nbsp;<\/p>\n\n\n\n<p>You may also research the earliest recordings in the history of Croatian sound recording on the <a href=\"http:\/\/mz.nsk.hr\/zbirka78\/en\/about\/\">Sounds of the Past<\/a> website, which also brings overviews of the beginnings of sound recording in Croatia and digitised library material thematising that era.&nbsp;&nbsp;<\/p>\n\n\n\n<h2 class=\"wp-block-heading\"><strong>Access to collection items<\/strong> <a><\/a><\/h2>\n\n\n\n<p>Owing to their great value and the need for careful handling, resources in the Collection, including the accompanying collection of reference works, may only be consulted in the Collection\u2019s reading room.<\/p>\n\n\n\n<p>Listening booths with the accompanying audio-visual equipment for individual or group work are also available.&nbsp;&nbsp;<\/p>\n\n\n\n<figure class=\"wp-block-gallery has-nested-images columns-default is-cropped wp-block-gallery-2 is-layout-flex wp-block-gallery-is-layout-flex\">\n<figure class=\"wp-block-image size-large\"><img decoding=\"async\" width=\"1024\" height=\"683\" data-id=\"86919\" data-src=\"https:\/\/nsk.hr\/wp-content\/uploads\/2023\/11\/nsk157-scaled-1-1024x683.webp\" alt=\"Reading room of the NSK Music Collection.\" class=\"wp-image-86919 lazyload\" data-srcset=\"https:\/\/nsk.hr\/wp-content\/uploads\/2023\/11\/nsk157-scaled-1-1024x683.webp 1024w, https:\/\/nsk.hr\/wp-content\/uploads\/2023\/11\/nsk157-scaled-1-300x200.webp 300w, https:\/\/nsk.hr\/wp-content\/uploads\/2023\/11\/nsk157-scaled-1-768x512.webp 768w, https:\/\/nsk.hr\/wp-content\/uploads\/2023\/11\/nsk157-scaled-1-1536x1024.webp 1536w, https:\/\/nsk.hr\/wp-content\/uploads\/2023\/11\/nsk157-scaled-1-1620x1080.webp 1620w, https:\/\/nsk.hr\/wp-content\/uploads\/2023\/11\/nsk157-scaled-1.webp 1860w\" data-sizes=\"(max-width: 1024px) 100vw, 1024px\" src=\"data:image\/svg+xml;base64,PHN2ZyB3aWR0aD0iMSIgaGVpZ2h0PSIxIiB4bWxucz0iaHR0cDovL3d3dy53My5vcmcvMjAwMC9zdmciPjwvc3ZnPg==\" style=\"--smush-placeholder-width: 1024px; --smush-placeholder-aspect-ratio: 1024\/683;\" \/><\/figure>\n\n\n\n<figure class=\"wp-block-image size-large\"><img decoding=\"async\" width=\"1024\" height=\"683\" data-id=\"86921\" data-src=\"https:\/\/nsk.hr\/wp-content\/uploads\/2023\/11\/nsk155-scaled-1-1024x683.webp\" alt=\"Listening booth of the NSK Music Collection.\" class=\"wp-image-86921 lazyload\" data-srcset=\"https:\/\/nsk.hr\/wp-content\/uploads\/2023\/11\/nsk155-scaled-1-1024x683.webp 1024w, https:\/\/nsk.hr\/wp-content\/uploads\/2023\/11\/nsk155-scaled-1-300x200.webp 300w, https:\/\/nsk.hr\/wp-content\/uploads\/2023\/11\/nsk155-scaled-1-768x512.webp 768w, https:\/\/nsk.hr\/wp-content\/uploads\/2023\/11\/nsk155-scaled-1-1536x1024.webp 1536w, https:\/\/nsk.hr\/wp-content\/uploads\/2023\/11\/nsk155-scaled-1-1620x1080.webp 1620w, https:\/\/nsk.hr\/wp-content\/uploads\/2023\/11\/nsk155-scaled-1.webp 1860w\" data-sizes=\"(max-width: 1024px) 100vw, 1024px\" src=\"data:image\/svg+xml;base64,PHN2ZyB3aWR0aD0iMSIgaGVpZ2h0PSIxIiB4bWxucz0iaHR0cDovL3d3dy53My5vcmcvMjAwMC9zdmciPjwvc3ZnPg==\" style=\"--smush-placeholder-width: 1024px; --smush-placeholder-aspect-ratio: 1024\/683;\" \/><\/figure>\n<\/figure>\n\n\n\n<h2 class=\"wp-block-heading\"><strong>Digitisation requests<\/strong>&nbsp; <\/h2>\n\n\n\n<p>The Collection\u2019s resources may be digitised upon request, for research purposes only. A filled-out <a href=\"https:\/\/nsk.hr\/wp-content\/uploads\/2025\/01\/2025_Zahtjev-za-reprodukciju-grade_MZ.docx\">digitisation request<\/a> may be emailed at <a href=\"mailto:muzicka@nsk.hr\">muzicka@nsk.hr<\/a> or submitted in person, in the Collection\u2019s reading room.&nbsp;<\/p>\n\n\n\n<section class=\"nsk-section nsk-button position-relative my-6\" >\n\t<div class=\"container\">\n\t\t<div class=\"row\">\n\t\t\t<div class=\"col-12\">\n\t\t\t\t<div class=\"nsk-button__button\">\n\t\t\t\t\t\t\t\t\t\t\t<div class=\"nsk-button__link-wrap text-center text-lg-left\">\n\t\t\t\t\t\t\t\n<a   href=\"https:\/\/nsk.hr\/wp-content\/uploads\/2025\/01\/2025_Zahtjev-za-reprodukciju-grade_MZ.docx\" class=\"btn btn-primary align-items-center text-image-block__button btn-lg  align-items-center justify-content-center\"   >\n\t\t\t\t\t<span class=\"text\">Digitisation Request Form<\/span>\n\t<\/a>\n\t\t\t\t\t\t<\/div>\n\t\t\t\t\t\t\t\t\t<\/div>\n\t\t\t<\/div>\n\t\t<\/div>\n\t<\/div>\n<\/section>\n\n\n\n<h2 class=\"wp-block-heading\"><strong>Projects and exhibitions<\/strong><\/h2>\n\n\n\n<p>The Collection and its staff contribute to the promotion of Croatia\u2019s musical heritage by actively taking part in music-oriented projects and exhibitions as well as in concerts and similar music-related events and by creating online exhibitions spotlighting the prominent names in Croatia\u2019s musical history such as&nbsp;<a href=\"http:\/\/virtualna.nsk.hr\/lisinski\/\" target=\"_blank\" rel=\"noreferrer noopener\">Vatroslav Lisinsk<\/a>i, <a href=\"http:\/\/virtualna.nsk.hr\/portfolio\/80230-2\/\" target=\"_blank\" rel=\"noreferrer noopener\">Ivan Zajc <\/a>and <a href=\"http:\/\/virtualna.nsk.hr\/ivana-lang\/\" target=\"_blank\" rel=\"noreferrer noopener\">Ivana Lang<\/a>.&nbsp;<\/p>\n\n\n<section  class=\"block-section two-columns-block has-2-col\">\n    <div class=\"container\">\n\n        \n        <div class=\"two-columns-block__container\">\n\n            <div class=\"two-columns-block__column richText\">\n                                    <h3>Opening hours<\/h3>\n                                <p>Monday \u2013 Friday 8.00 \u2013 16.00<br \/>\nHoldings may be requested and consulted from 9.00 to 15.00.<\/p>\n            <\/div><!-- .col-1 -->\n\n                            <div class=\"two-columns-block__column richText\">\n                                                                        <h3>Location<\/h3>\n                                                <p data-wahfont=\"13\">Floor 2<\/p>\n<p data-wahfont=\"13\">&nbsp;<\/p>\n                    \n                <\/div><!-- .col-2 -->\n            \n        <\/div>\n\n    <\/div>\n<\/section>\n\n<section  class=\"block-section two-columns-block has-2-col\">\n    <div class=\"container\">\n\n        \n        <div class=\"two-columns-block__container\">\n\n            <div class=\"two-columns-block__column richText\">\n                                    <h3>Contact<\/h3>\n                                <p><u><a href=\"mailto:muzicka@nsk.hr\">muzicka@nsk.hr<\/a><\/u>&nbsp;&nbsp;<\/p>\n<p>+385 1 616 4067&nbsp;&nbsp;<br \/>\n+385 1 616 4089&nbsp;&nbsp;<br \/>\n+385 1 616 4018&nbsp;&nbsp;<br \/>\n+385 1 616 4320<\/p>\n            <\/div><!-- .col-1 -->\n\n                            <div class=\"two-columns-block__column richText\">\n                                                                        <h3>Staff<\/h3>\n                                                <p><u><a href=\"mailto:tmihalic@nsk.hr\">Dr Tatjana Mihali\u0107<\/a><\/u>, Head of the Collection<\/p>\n<p><a href=\"mailto:mkeca@nsk.hr\">Marija Ke\u010da<\/a><\/p>\n<p><a href=\"mailto:mstanic@nsk.hr\">Marina Stani\u0107 Pala\u0161ti<\/a><\/p>\n<p><a href=\"mailto:kkosic@nsk.hr\">Klara Kosi\u0107<\/a><\/p>\n                    \n                <\/div><!-- .col-2 -->\n            \n        <\/div>\n\n    <\/div>\n<\/section>","protected":false},"excerpt":{"rendered":"<p>NSK Music Collection is one of four special collections of NSK, the National and University Library in Zagreb, holding printed and manuscript music, along&#8230;<\/p>\n","protected":false},"author":11,"featured_media":0,"parent":84803,"menu_order":0,"comment_status":"closed","ping_status":"closed","template":"","meta":{"_acf_changed":true,"ngg_post_thumbnail":0,"footnotes":""},"class_list":["post-86909","page","type-page","status-publish","hentry"],"acf":[],"yoast_head":"<!-- This site is optimized with the Yoast SEO plugin v25.4 - https:\/\/yoast.com\/wordpress\/plugins\/seo\/ -->\n<title>NSK Music Collection - Nacionalna i sveu\u010dili\u0161na knji\u017enica u Zagrebu<\/title>\n<meta name=\"description\" content=\"The Music Collection of NSK, the National and University Library in Zagreb, holds printed and manuscript music, along with a rich collection of music recordings on different media.\" \/>\n<meta name=\"robots\" content=\"index, follow, max-snippet:-1, max-image-preview:large, max-video-preview:-1\" \/>\n<link rel=\"canonical\" href=\"https:\/\/nsk.hr\/en\/nsk-collections\/nsk-music-collection\/\" \/>\n<meta property=\"og:locale\" content=\"en_US\" \/>\n<meta property=\"og:type\" content=\"article\" \/>\n<meta property=\"og:title\" content=\"NSK Music Collection - Nacionalna i sveu\u010dili\u0161na knji\u017enica u Zagrebu\" \/>\n<meta property=\"og:description\" content=\"The Music Collection of NSK, the National and University Library in Zagreb, holds printed and manuscript music, along with a rich collection of music recordings on different media.\" \/>\n<meta property=\"og:url\" content=\"https:\/\/nsk.hr\/en\/nsk-collections\/nsk-music-collection\/\" \/>\n<meta property=\"og:site_name\" content=\"Nacionalna i sveu\u010dili\u0161na knji\u017enica u Zagrebu\" \/>\n<meta property=\"article:modified_time\" content=\"2025-01-22T10:28:00+00:00\" \/>\n<meta property=\"og:image\" content=\"https:\/\/nsk.hr\/wp-content\/uploads\/2023\/11\/nsk148-1024x683-1.webp\" \/>\n\t<meta property=\"og:image:width\" content=\"1024\" \/>\n\t<meta property=\"og:image:height\" content=\"683\" \/>\n\t<meta property=\"og:image:type\" content=\"image\/webp\" \/>\n<meta name=\"twitter:card\" content=\"summary_large_image\" \/>\n<meta name=\"twitter:label1\" content=\"Est. reading time\" \/>\n\t<meta name=\"twitter:data1\" content=\"5 minutes\" \/>\n<script type=\"application\/ld+json\" class=\"yoast-schema-graph\">{\"@context\":\"https:\/\/schema.org\",\"@graph\":[{\"@type\":\"WebPage\",\"@id\":\"https:\/\/nsk.hr\/en\/nsk-collections\/nsk-music-collection\/\",\"url\":\"https:\/\/nsk.hr\/en\/nsk-collections\/nsk-music-collection\/\",\"name\":\"NSK Music Collection - Nacionalna i sveu\u010dili\u0161na knji\u017enica u Zagrebu\",\"isPartOf\":{\"@id\":\"https:\/\/nsk.hr\/en\/#website\"},\"primaryImageOfPage\":{\"@id\":\"https:\/\/nsk.hr\/en\/nsk-collections\/nsk-music-collection\/#primaryimage\"},\"image\":{\"@id\":\"https:\/\/nsk.hr\/en\/nsk-collections\/nsk-music-collection\/#primaryimage\"},\"thumbnailUrl\":\"https:\/\/nsk.hr\/wp-content\/uploads\/2023\/11\/nsk148-1024x683-1.webp\",\"datePublished\":\"2023-09-30T15:31:05+00:00\",\"dateModified\":\"2025-01-22T10:28:00+00:00\",\"description\":\"The Music Collection of NSK, the National and University Library in Zagreb, holds printed and manuscript music, along with a rich collection of music recordings on different media.\",\"breadcrumb\":{\"@id\":\"https:\/\/nsk.hr\/en\/nsk-collections\/nsk-music-collection\/#breadcrumb\"},\"inLanguage\":\"en-US\",\"potentialAction\":[{\"@type\":\"ReadAction\",\"target\":[\"https:\/\/nsk.hr\/en\/nsk-collections\/nsk-music-collection\/\"]}]},{\"@type\":\"ImageObject\",\"inLanguage\":\"en-US\",\"@id\":\"https:\/\/nsk.hr\/en\/nsk-collections\/nsk-music-collection\/#primaryimage\",\"url\":\"https:\/\/nsk.hr\/wp-content\/uploads\/2023\/11\/nsk148-1024x683-1.webp\",\"contentUrl\":\"https:\/\/nsk.hr\/wp-content\/uploads\/2023\/11\/nsk148-1024x683-1.webp\"},{\"@type\":\"BreadcrumbList\",\"@id\":\"https:\/\/nsk.hr\/en\/nsk-collections\/nsk-music-collection\/#breadcrumb\",\"itemListElement\":[{\"@type\":\"ListItem\",\"position\":1,\"name\":\"Homepage\",\"item\":\"https:\/\/nsk.hr\/en\/\"},{\"@type\":\"ListItem\",\"position\":2,\"name\":\"NSK collections\",\"item\":\"https:\/\/nsk.hr\/en\/nsk-collections\/\"},{\"@type\":\"ListItem\",\"position\":3,\"name\":\"NSK Music Collection\"}]},{\"@type\":\"WebSite\",\"@id\":\"https:\/\/nsk.hr\/en\/#website\",\"url\":\"https:\/\/nsk.hr\/en\/\",\"name\":\"Nacionalna i sveu\u010dili\u0161na knji\u017enica u Zagrebu\",\"description\":\"\",\"potentialAction\":[{\"@type\":\"SearchAction\",\"target\":{\"@type\":\"EntryPoint\",\"urlTemplate\":\"https:\/\/nsk.hr\/en\/?s={search_term_string}\"},\"query-input\":{\"@type\":\"PropertyValueSpecification\",\"valueRequired\":true,\"valueName\":\"search_term_string\"}}],\"inLanguage\":\"en-US\"}]}<\/script>\n<!-- \/ Yoast SEO plugin. -->","yoast_head_json":{"title":"NSK Music Collection - Nacionalna i sveu\u010dili\u0161na knji\u017enica u Zagrebu","description":"The Music Collection of NSK, the National and University Library in Zagreb, holds printed and manuscript music, along with a rich collection of music recordings on different media.","robots":{"index":"index","follow":"follow","max-snippet":"max-snippet:-1","max-image-preview":"max-image-preview:large","max-video-preview":"max-video-preview:-1"},"canonical":"https:\/\/nsk.hr\/en\/nsk-collections\/nsk-music-collection\/","og_locale":"en_US","og_type":"article","og_title":"NSK Music Collection - Nacionalna i sveu\u010dili\u0161na knji\u017enica u Zagrebu","og_description":"The Music Collection of NSK, the National and University Library in Zagreb, holds printed and manuscript music, along with a rich collection of music recordings on different media.","og_url":"https:\/\/nsk.hr\/en\/nsk-collections\/nsk-music-collection\/","og_site_name":"Nacionalna i sveu\u010dili\u0161na knji\u017enica u Zagrebu","article_modified_time":"2025-01-22T10:28:00+00:00","og_image":[{"width":1024,"height":683,"url":"https:\/\/nsk.hr\/wp-content\/uploads\/2023\/11\/nsk148-1024x683-1.webp","type":"image\/webp"}],"twitter_card":"summary_large_image","twitter_misc":{"Est. reading time":"5 minutes"},"schema":{"@context":"https:\/\/schema.org","@graph":[{"@type":"WebPage","@id":"https:\/\/nsk.hr\/en\/nsk-collections\/nsk-music-collection\/","url":"https:\/\/nsk.hr\/en\/nsk-collections\/nsk-music-collection\/","name":"NSK Music Collection - Nacionalna i sveu\u010dili\u0161na knji\u017enica u Zagrebu","isPartOf":{"@id":"https:\/\/nsk.hr\/en\/#website"},"primaryImageOfPage":{"@id":"https:\/\/nsk.hr\/en\/nsk-collections\/nsk-music-collection\/#primaryimage"},"image":{"@id":"https:\/\/nsk.hr\/en\/nsk-collections\/nsk-music-collection\/#primaryimage"},"thumbnailUrl":"https:\/\/nsk.hr\/wp-content\/uploads\/2023\/11\/nsk148-1024x683-1.webp","datePublished":"2023-09-30T15:31:05+00:00","dateModified":"2025-01-22T10:28:00+00:00","description":"The Music Collection of NSK, the National and University Library in Zagreb, holds printed and manuscript music, along with a rich collection of music recordings on different media.","breadcrumb":{"@id":"https:\/\/nsk.hr\/en\/nsk-collections\/nsk-music-collection\/#breadcrumb"},"inLanguage":"en-US","potentialAction":[{"@type":"ReadAction","target":["https:\/\/nsk.hr\/en\/nsk-collections\/nsk-music-collection\/"]}]},{"@type":"ImageObject","inLanguage":"en-US","@id":"https:\/\/nsk.hr\/en\/nsk-collections\/nsk-music-collection\/#primaryimage","url":"https:\/\/nsk.hr\/wp-content\/uploads\/2023\/11\/nsk148-1024x683-1.webp","contentUrl":"https:\/\/nsk.hr\/wp-content\/uploads\/2023\/11\/nsk148-1024x683-1.webp"},{"@type":"BreadcrumbList","@id":"https:\/\/nsk.hr\/en\/nsk-collections\/nsk-music-collection\/#breadcrumb","itemListElement":[{"@type":"ListItem","position":1,"name":"Homepage","item":"https:\/\/nsk.hr\/en\/"},{"@type":"ListItem","position":2,"name":"NSK collections","item":"https:\/\/nsk.hr\/en\/nsk-collections\/"},{"@type":"ListItem","position":3,"name":"NSK Music Collection"}]},{"@type":"WebSite","@id":"https:\/\/nsk.hr\/en\/#website","url":"https:\/\/nsk.hr\/en\/","name":"Nacionalna i sveu\u010dili\u0161na knji\u017enica u Zagrebu","description":"","potentialAction":[{"@type":"SearchAction","target":{"@type":"EntryPoint","urlTemplate":"https:\/\/nsk.hr\/en\/?s={search_term_string}"},"query-input":{"@type":"PropertyValueSpecification","valueRequired":true,"valueName":"search_term_string"}}],"inLanguage":"en-US"}]}},"_links":{"self":[{"href":"https:\/\/nsk.hr\/en\/wp-json\/wp\/v2\/pages\/86909","targetHints":{"allow":["GET"]}}],"collection":[{"href":"https:\/\/nsk.hr\/en\/wp-json\/wp\/v2\/pages"}],"about":[{"href":"https:\/\/nsk.hr\/en\/wp-json\/wp\/v2\/types\/page"}],"author":[{"embeddable":true,"href":"https:\/\/nsk.hr\/en\/wp-json\/wp\/v2\/users\/11"}],"replies":[{"embeddable":true,"href":"https:\/\/nsk.hr\/en\/wp-json\/wp\/v2\/comments?post=86909"}],"version-history":[{"count":4,"href":"https:\/\/nsk.hr\/en\/wp-json\/wp\/v2\/pages\/86909\/revisions"}],"predecessor-version":[{"id":94696,"href":"https:\/\/nsk.hr\/en\/wp-json\/wp\/v2\/pages\/86909\/revisions\/94696"}],"up":[{"embeddable":true,"href":"https:\/\/nsk.hr\/en\/wp-json\/wp\/v2\/pages\/84803"}],"wp:attachment":[{"href":"https:\/\/nsk.hr\/en\/wp-json\/wp\/v2\/media?parent=86909"}],"curies":[{"name":"wp","href":"https:\/\/api.w.org\/{rel}","templated":true}]}}