{"id":86841,"date":"2023-09-30T12:05:53","date_gmt":"2023-09-30T10:05:53","guid":{"rendered":"https:\/\/nsk.hr\/?page_id=86841"},"modified":"2025-01-07T11:50:01","modified_gmt":"2025-01-07T10:50:01","slug":"nsk-print-collection","status":"publish","type":"page","link":"https:\/\/nsk.hr\/en\/nsk-collections\/nsk-print-collection\/","title":{"rendered":"NSK Print Collection"},"content":{"rendered":"\n<p class=\"is-style-lead\">The Print Collection of NSK, the National and University Library in Zagreb, assembles artistic non-book material dating from the 15<sup>th<\/sup> century to the present day. Operating as a-museum-within-a-library, it is the largest collection of its kind in Croatia and one of the most valuable.<\/p>\n\n\n\n<figure class=\"wp-block-image size-full is-resized\"><img decoding=\"async\" width=\"1024\" height=\"683\" data-src=\"https:\/\/nsk.hr\/wp-content\/uploads\/2023\/11\/nsk241-1024x683-1.webp\" alt=\"\" class=\"wp-image-86842 lazyload\" style=\"--smush-placeholder-width: 1024px; --smush-placeholder-aspect-ratio: 1024\/683;width:1400px;height:auto\" data-srcset=\"https:\/\/nsk.hr\/wp-content\/uploads\/2023\/11\/nsk241-1024x683-1.webp 1024w, https:\/\/nsk.hr\/wp-content\/uploads\/2023\/11\/nsk241-1024x683-1-300x200.webp 300w, https:\/\/nsk.hr\/wp-content\/uploads\/2023\/11\/nsk241-1024x683-1-768x512.webp 768w\" data-sizes=\"(max-width: 1024px) 100vw, 1024px\" src=\"data:image\/svg+xml;base64,PHN2ZyB3aWR0aD0iMSIgaGVpZ2h0PSIxIiB4bWxucz0iaHR0cDovL3d3dy53My5vcmcvMjAwMC9zdmciPjwvc3ZnPg==\" \/><figcaption class=\"wp-element-caption\">Menci Clement Crn\u010di\u0107. <em>Erste Bosnische Autotour<\/em>, 1908.<\/figcaption><\/figure>\n\n\n\n<h2 class=\"wp-block-heading\"><strong>Holdings<\/strong><\/h2>\n\n\n\n<p>The Collection holds artwork created on paper by Croatian and world-famous artists including drawings, prints, print portfolios, art posters and postcards.<\/p>\n\n\n\n<h2 class=\"wp-block-heading\"><strong>Croatian artists<\/strong><\/h2>\n\n\n\n<p>Resources in the Collection include works by Croatian renowned 16<sup>th<\/sup>-century artists <a href=\"https:\/\/www.britannica.com\/biography\/Giulio-Clovio\">Julije Klovi\u0107<\/a>, Andrija Meduli\u0107 and Martin Rota Koluni\u0107.<\/p>\n\n\n\n<figure class=\"wp-block-image size-full\"><img decoding=\"async\" width=\"649\" height=\"770\" data-src=\"https:\/\/nsk.hr\/wp-content\/uploads\/2023\/11\/klovic.webp\" alt=\"\" class=\"wp-image-86844 lazyload\" data-srcset=\"https:\/\/nsk.hr\/wp-content\/uploads\/2023\/11\/klovic.webp 649w, https:\/\/nsk.hr\/wp-content\/uploads\/2023\/11\/klovic-253x300.webp 253w\" data-sizes=\"(max-width: 649px) 100vw, 649px\" src=\"data:image\/svg+xml;base64,PHN2ZyB3aWR0aD0iMSIgaGVpZ2h0PSIxIiB4bWxucz0iaHR0cDovL3d3dy53My5vcmcvMjAwMC9zdmciPjwvc3ZnPg==\" style=\"--smush-placeholder-width: 649px; --smush-placeholder-aspect-ratio: 649\/770;\" \/><figcaption class=\"wp-element-caption\">Julije Klovi\u0107. <em>Bogorodica s usnulim Isusom, svetim Josipom i Ivanom Krstiteljem<\/em>, 1540.<\/figcaption><\/figure>\n\n\n\n<p>Its treasures also include artwork by the great 19<sup>th<\/sup>-century painters Hugo Conrad von H\u00f6tzendorf, Ivan Zasche, Vlaho Bukovac, Celestin Medovi\u0107 and Oton Ivekovi\u0107.<\/p>\n\n\n\n<p>However, most of the works that the Collection holds are by 20<sup>th<\/sup>-century artists, such as Ljubo Babi\u0107, Tomislav Krizman, Menci Clement Crn\u010di\u0107, Miroslav Kraljevi\u0107, Vilko Gecan, Marijan Trep\u0161e, Sergije Glumac, Anka Krizmani\u0107, Andrija Maurovi\u0107, Miroslav \u0160utej, Edo Murti\u0107, Jadranka Fatur, Nives Kavuri\u0107 Kurtovi\u0107 and many others.<\/p>\n\n\n\n<h2 class=\"wp-block-heading\"><strong>Greats of world art<\/strong><\/h2>\n\n\n\n<figure class=\"wp-block-gallery has-nested-images columns-default is-cropped wp-block-gallery-2 is-layout-flex wp-block-gallery-is-layout-flex\">\n<figure class=\"wp-block-image size-large\"><img decoding=\"async\" width=\"1024\" height=\"683\" data-id=\"86846\" data-src=\"https:\/\/nsk.hr\/wp-content\/uploads\/2023\/11\/nsk243-scaled-1-1024x683.webp\" alt=\"Item from the NSK Print Collection.\" class=\"wp-image-86846 lazyload\" data-srcset=\"https:\/\/nsk.hr\/wp-content\/uploads\/2023\/11\/nsk243-scaled-1-1024x683.webp 1024w, https:\/\/nsk.hr\/wp-content\/uploads\/2023\/11\/nsk243-scaled-1-300x200.webp 300w, https:\/\/nsk.hr\/wp-content\/uploads\/2023\/11\/nsk243-scaled-1-768x512.webp 768w, https:\/\/nsk.hr\/wp-content\/uploads\/2023\/11\/nsk243-scaled-1-1536x1024.webp 1536w, https:\/\/nsk.hr\/wp-content\/uploads\/2023\/11\/nsk243-scaled-1-1620x1080.webp 1620w, https:\/\/nsk.hr\/wp-content\/uploads\/2023\/11\/nsk243-scaled-1.webp 1860w\" data-sizes=\"(max-width: 1024px) 100vw, 1024px\" src=\"data:image\/svg+xml;base64,PHN2ZyB3aWR0aD0iMSIgaGVpZ2h0PSIxIiB4bWxucz0iaHR0cDovL3d3dy53My5vcmcvMjAwMC9zdmciPjwvc3ZnPg==\" style=\"--smush-placeholder-width: 1024px; --smush-placeholder-aspect-ratio: 1024\/683;\" \/><figcaption class=\"wp-element-caption\">Rembrandt. \u010covjek u sjenici, 1642.<\/figcaption><\/figure>\n\n\n\n<figure class=\"wp-block-image size-large\"><img decoding=\"async\" width=\"1024\" height=\"677\" data-id=\"86848\" data-src=\"https:\/\/nsk.hr\/wp-content\/uploads\/2023\/11\/Screenshot-2023-09-30-at-17.01.31-1024x677.webp\" alt=\"Item from the NSK Print Collection.\" class=\"wp-image-86848 lazyload\" data-srcset=\"https:\/\/nsk.hr\/wp-content\/uploads\/2023\/11\/Screenshot-2023-09-30-at-17.01.31-1024x677.webp 1024w, https:\/\/nsk.hr\/wp-content\/uploads\/2023\/11\/Screenshot-2023-09-30-at-17.01.31-300x198.webp 300w, https:\/\/nsk.hr\/wp-content\/uploads\/2023\/11\/Screenshot-2023-09-30-at-17.01.31-768x508.webp 768w, https:\/\/nsk.hr\/wp-content\/uploads\/2023\/11\/Screenshot-2023-09-30-at-17.01.31-1536x1015.webp 1536w, https:\/\/nsk.hr\/wp-content\/uploads\/2023\/11\/Screenshot-2023-09-30-at-17.01.31-1634x1080.webp 1634w, https:\/\/nsk.hr\/wp-content\/uploads\/2023\/11\/Screenshot-2023-09-30-at-17.01.31.webp 1814w\" data-sizes=\"(max-width: 1024px) 100vw, 1024px\" src=\"data:image\/svg+xml;base64,PHN2ZyB3aWR0aD0iMSIgaGVpZ2h0PSIxIiB4bWxucz0iaHR0cDovL3d3dy53My5vcmcvMjAwMC9zdmciPjwvc3ZnPg==\" style=\"--smush-placeholder-width: 1024px; --smush-placeholder-aspect-ratio: 1024\/677;\" \/><figcaption class=\"wp-element-caption\">Johann Bernhard Fischer von Erlach. Dioklecijanova pala\u010da u Splitu, 1712.<\/figcaption><\/figure>\n<\/figure>\n\n\n\n<p>Some of the Collection\u2019s greatest treasures are prints and drawings by Rembrandt Harmenszoon van Rijn, Johann Bernhard Fischer von Erlach, George Grosz, Oskar Kokoschka, K\u00e4the Kollwitz and Max Pechstein, including a poster by Pablo Picasso.<\/p>\n\n\n\n<h2 class=\"wp-block-heading\"><strong>Print portfolios and artists\u2019 books<\/strong><\/h2>\n\n\n\n<p>Also assembling print portfolios and artists\u2019 books bringing together graphic art and the art of words, the Collection holds the largest assemblage of print portfolios in Croatia, including the titles of The Bi\u0161kupi\u0107 Collection (Zbirka Bi\u0161kupi\u0107), which comprises over one hundred print portfolios created during a fifty-year period.<\/p>\n\n\n\n<h2 class=\"wp-block-heading\"><strong>Posters<\/strong><\/h2>\n\n\n\n<figure class=\"wp-block-image size-full\"><img decoding=\"async\" width=\"729\" height=\"1024\" data-src=\"https:\/\/nsk.hr\/wp-content\/uploads\/2023\/11\/1-2-729x1024-1.webp\" alt=\"\" class=\"wp-image-86850 lazyload\" data-srcset=\"https:\/\/nsk.hr\/wp-content\/uploads\/2023\/11\/1-2-729x1024-1.webp 729w, https:\/\/nsk.hr\/wp-content\/uploads\/2023\/11\/1-2-729x1024-1-214x300.webp 214w\" data-sizes=\"(max-width: 729px) 100vw, 729px\" src=\"data:image\/svg+xml;base64,PHN2ZyB3aWR0aD0iMSIgaGVpZ2h0PSIxIiB4bWxucz0iaHR0cDovL3d3dy53My5vcmcvMjAwMC9zdmciPjwvc3ZnPg==\" style=\"--smush-placeholder-width: 729px; --smush-placeholder-aspect-ratio: 729\/1024;\" \/><figcaption class=\"wp-element-caption\">Ivan Picelj. <em>Nove tendencije 2<\/em>, 1963.<\/figcaption><\/figure>\n\n\n\n<h2 class=\"wp-block-heading\"><strong>Postcards<\/strong><\/h2>\n\n\n\n<figure class=\"wp-block-image size-full\"><img decoding=\"async\" width=\"1024\" height=\"683\" data-src=\"https:\/\/nsk.hr\/wp-content\/uploads\/2023\/11\/nsk234-1024x683-1.webp\" alt=\"\" class=\"wp-image-86852 lazyload\" data-srcset=\"https:\/\/nsk.hr\/wp-content\/uploads\/2023\/11\/nsk234-1024x683-1.webp 1024w, https:\/\/nsk.hr\/wp-content\/uploads\/2023\/11\/nsk234-1024x683-1-300x200.webp 300w, https:\/\/nsk.hr\/wp-content\/uploads\/2023\/11\/nsk234-1024x683-1-768x512.webp 768w\" data-sizes=\"(max-width: 1024px) 100vw, 1024px\" src=\"data:image\/svg+xml;base64,PHN2ZyB3aWR0aD0iMSIgaGVpZ2h0PSIxIiB4bWxucz0iaHR0cDovL3d3dy53My5vcmcvMjAwMC9zdmciPjwvc3ZnPg==\" style=\"--smush-placeholder-width: 1024px; --smush-placeholder-aspect-ratio: 1024\/683;\" \/><\/figure>\n\n\n\n<p>Featuring Croatia\u2019s vistas and the famous panoramas around the world, interesting ethnographic details and people of the past, the Collection\u2019s postcards date from the beginning of the 19<sup>th<\/sup> century to the present day.<\/p>\n\n\n\n<h2 class=\"wp-block-heading\"><strong>The Collection\u2019s oldest treasure<\/strong><\/h2>\n\n\n\n<figure class=\"wp-block-image size-full\"><img decoding=\"async\" width=\"1024\" height=\"683\" data-src=\"https:\/\/nsk.hr\/wp-content\/uploads\/2023\/11\/nsk251-1024x683-1.webp\" alt=\"\" class=\"wp-image-86854 lazyload\" data-srcset=\"https:\/\/nsk.hr\/wp-content\/uploads\/2023\/11\/nsk251-1024x683-1.webp 1024w, https:\/\/nsk.hr\/wp-content\/uploads\/2023\/11\/nsk251-1024x683-1-300x200.webp 300w, https:\/\/nsk.hr\/wp-content\/uploads\/2023\/11\/nsk251-1024x683-1-768x512.webp 768w\" data-sizes=\"(max-width: 1024px) 100vw, 1024px\" src=\"data:image\/svg+xml;base64,PHN2ZyB3aWR0aD0iMSIgaGVpZ2h0PSIxIiB4bWxucz0iaHR0cDovL3d3dy53My5vcmcvMjAwMC9zdmciPjwvc3ZnPg==\" style=\"--smush-placeholder-width: 1024px; --smush-placeholder-aspect-ratio: 1024\/683;\" \/><figcaption class=\"wp-element-caption\">Michael Wolgemut. <em>Gebenna<\/em>, 1493.<\/figcaption><\/figure>\n\n\n\n<p>Published in 1493 in Nuremberg by German physician and humanist Hartmann Schedel, <a href=\"https:\/\/katalog.nsk.hr\/F\/?func=direct&amp;doc_number=000794390\">Gebenna<\/a>, a woodcut depicting Geneva, is the Collection\u2019s oldest item.<\/p>\n\n\n\n<h2 class=\"wp-block-heading\"><strong>Reference collection<\/strong><\/h2>\n\n\n\n<p>The Collection\u2019s reading room makes available an extensive collection of various reference works that may be consulted in the Collection\u2019s reading room.<\/p>\n\n\n\n<h2 class=\"wp-block-heading\"><strong>Digital resources<\/strong>&nbsp;<\/h2>\n\n\n\n<p>The Collection\u2019s digitised resources are available on the <a href=\"https:\/\/digitalna.nsk.hr\/\">NSK Digital Collections<\/a> and <a href=\"https:\/\/digitalna.nsk.hr\/vizualnagrada\/\">NSK Digitised Visual Material<\/a> websites.&nbsp;<\/p>\n\n\n\n<h2 class=\"wp-block-heading\"><strong>Access to collection items<\/strong>&nbsp;<\/h2>\n\n\n\n<p>Owing to their great value and the need for careful handling, resources in the Collection may only be consulted in the Collection\u2019s reading room.<\/p>\n\n\n\n<p>The Collection\u2019s resources may be digitised upon request, for research purposes only. Digitisation requests may be submitted by filling out a <a href=\"https:\/\/nsk.hr\/wp-content\/uploads\/2025\/01\/Zahtjev-za-digitalizaciju-grade-Graficka-zbirka_2025.docx\">request form<\/a> and emailing it at <a href=\"mailto:grafzbirka@nsk.hr\">grafzbirka@nsk.hr<\/a> or in person, in the Collection\u2019s reading room.\u00a0<\/p>\n\n\n\n<p>Reference works available in the Collection\u2019s reading room may be freely consulted without a prior request during the Collection\u2019s opening hours.&nbsp;<\/p>\n\n\n\n<h2 class=\"wp-block-heading\"><strong>Exhibitions and publications<\/strong><\/h2>\n\n\n\n<p>Apart from being presented on the <a href=\"http:\/\/virtualna.nsk.hr\/\">NSK Online Exhibitions<\/a> website, the Collection\u2019s treasures are frequently featured as part of physical exhibitions in Croatia and abroad and spotlighted through art monographs that the Collection regularly publishes.<\/p>\n\n\n\n<ul class=\"wp-block-list\">\n<li><a href=\"https:\/\/katalog.nsk.hr\/F\/?func=direct&amp;doc_number=001184013\">A Marvellous Journey with Fischer von Erlach<\/a> (2023)<\/li>\n\n\n\n<li><a href=\"https:\/\/katalog.nsk.hr\/F\/?func=direct&amp;doc_number=001091138\">Croatia: Ten poets<\/a> (2020)<\/li>\n\n\n\n<li><a href=\"https:\/\/katalog.nsk.hr\/F\/?func=direct&amp;doc_number=000720820\">From Klovi\u0107 and Rembrandt to Warhol and Picelj<\/a> (2009)<\/li>\n\n\n\n<li><a href=\"https:\/\/katalog.nsk.hr\/F\/?func=direct&amp;doc_number=000461854\">Collection Bi\u0161kupi\u0107. Collector\u2019s Editions<\/a> (2002)<\/li>\n<\/ul>\n\n\n<section  class=\"block-section two-columns-block has-2-col\">\n    <div class=\"container\">\n\n        \n        <div class=\"two-columns-block__container\">\n\n            <div class=\"two-columns-block__column richText\">\n                                    <h3>Opening hours<\/h3>\n                                <p>Monday \u2013 Friday 8.00 \u2013 16.00<br \/>\nHoldings may be requested and consulted from 9.00 to 15.00.<\/p>\n            <\/div><!-- .col-1 -->\n\n                            <div class=\"two-columns-block__column richText\">\n                                                                        <h3>Location<\/h3>\n                                                <p data-wahfont=\"13\">Floor 2<\/p>\n<p data-wahfont=\"13\">&nbsp;<\/p>\n                    \n                <\/div><!-- .col-2 -->\n            \n        <\/div>\n\n    <\/div>\n<\/section>\n\n<section  class=\"block-section two-columns-block has-2-col\">\n    <div class=\"container\">\n\n        \n        <div class=\"two-columns-block__container\">\n\n            <div class=\"two-columns-block__column richText\">\n                                    <h3>Contact<\/h3>\n                                <p><a href=\"mailto:grafzbirka@nsk.hr\">grafzbirka@nsk.hr<\/a><\/p>\n<p>+385 1 616 4101&nbsp;<\/p>\n<p>+385 1 616 4088<\/p>\n            <\/div><!-- .col-1 -->\n\n                            <div class=\"two-columns-block__column richText\">\n                                                                        <h3>Staff<\/h3>\n                                                <p><a href=\"mailto:tilic-olujic@nsk.hr\">Tamara Ili\u0107 Oluji\u0107<\/a>, Head of the Collection<\/p>\n<p><a href=\"mailto:mkaric@nsk.hr\">Maja Kari\u0107<\/a><\/p>\n<p><a href=\"mailto:vvlasic@nsk.hr\">Vesna Vla\u0161i\u0107 Juri\u0107<\/a><\/p>\n<p><a href=\"mailto:sbizik@nsk.hr\">Sanja Bizik<\/a><\/p>\n<p><a href=\"mailto:cfrank@nsk.hr\">Charlotte Frank<\/a><\/p>\n                    \n                <\/div><!-- .col-2 -->\n            \n        <\/div>\n\n    <\/div>\n<\/section>","protected":false},"excerpt":{"rendered":"<p>The Print Collection of NSK, the National and University Library in Zagreb, assembles artistic non-book material dating from the 15th century to the present&#8230;<\/p>\n","protected":false},"author":11,"featured_media":0,"parent":84803,"menu_order":0,"comment_status":"closed","ping_status":"closed","template":"","meta":{"_acf_changed":false,"ngg_post_thumbnail":0,"footnotes":""},"class_list":["post-86841","page","type-page","status-publish","hentry"],"acf":[],"yoast_head":"<!-- This site is optimized with the Yoast SEO plugin v25.4 - https:\/\/yoast.com\/wordpress\/plugins\/seo\/ -->\n<title>NSK Print Collection - Nacionalna i sveu\u010dili\u0161na knji\u017enica u Zagrebu<\/title>\n<meta name=\"description\" content=\"The Print Collection of NSK, the National and University Library in Zagreb, assembles artistic non-book material dating from the 15th century to the present day. Operating as a-museum-within-a-library, it is the largest collection of its kind in Croatia and one of the most valuable.\" \/>\n<meta name=\"robots\" content=\"index, follow, max-snippet:-1, max-image-preview:large, max-video-preview:-1\" \/>\n<link rel=\"canonical\" href=\"https:\/\/nsk.hr\/en\/nsk-collections\/nsk-print-collection\/\" \/>\n<meta property=\"og:locale\" content=\"en_US\" \/>\n<meta property=\"og:type\" content=\"article\" \/>\n<meta property=\"og:title\" content=\"NSK Print Collection - Nacionalna i sveu\u010dili\u0161na knji\u017enica u Zagrebu\" \/>\n<meta property=\"og:description\" content=\"The Print Collection of NSK, the National and University Library in Zagreb, assembles artistic non-book material dating from the 15th century to the present day. Operating as a-museum-within-a-library, it is the largest collection of its kind in Croatia and one of the most valuable.\" \/>\n<meta property=\"og:url\" content=\"https:\/\/nsk.hr\/en\/nsk-collections\/nsk-print-collection\/\" \/>\n<meta property=\"og:site_name\" content=\"Nacionalna i sveu\u010dili\u0161na knji\u017enica u Zagrebu\" \/>\n<meta property=\"article:modified_time\" content=\"2025-01-07T10:50:01+00:00\" \/>\n<meta property=\"og:image\" content=\"https:\/\/nsk.hr\/wp-content\/uploads\/2023\/11\/nsk241-1024x683-1.webp\" \/>\n\t<meta property=\"og:image:width\" content=\"1024\" \/>\n\t<meta property=\"og:image:height\" content=\"683\" \/>\n\t<meta property=\"og:image:type\" content=\"image\/webp\" \/>\n<meta name=\"twitter:card\" content=\"summary_large_image\" \/>\n<meta name=\"twitter:label1\" content=\"Est. reading time\" \/>\n\t<meta name=\"twitter:data1\" content=\"5 minutes\" \/>\n<script type=\"application\/ld+json\" class=\"yoast-schema-graph\">{\"@context\":\"https:\/\/schema.org\",\"@graph\":[{\"@type\":\"WebPage\",\"@id\":\"https:\/\/nsk.hr\/en\/nsk-collections\/nsk-print-collection\/\",\"url\":\"https:\/\/nsk.hr\/en\/nsk-collections\/nsk-print-collection\/\",\"name\":\"NSK Print Collection - Nacionalna i sveu\u010dili\u0161na knji\u017enica u Zagrebu\",\"isPartOf\":{\"@id\":\"https:\/\/nsk.hr\/en\/#website\"},\"primaryImageOfPage\":{\"@id\":\"https:\/\/nsk.hr\/en\/nsk-collections\/nsk-print-collection\/#primaryimage\"},\"image\":{\"@id\":\"https:\/\/nsk.hr\/en\/nsk-collections\/nsk-print-collection\/#primaryimage\"},\"thumbnailUrl\":\"https:\/\/nsk.hr\/wp-content\/uploads\/2023\/11\/nsk241-1024x683-1.webp\",\"datePublished\":\"2023-09-30T10:05:53+00:00\",\"dateModified\":\"2025-01-07T10:50:01+00:00\",\"description\":\"The Print Collection of NSK, the National and University Library in Zagreb, assembles artistic non-book material dating from the 15th century to the present day. Operating as a-museum-within-a-library, it is the largest collection of its kind in Croatia and one of the most valuable.\",\"breadcrumb\":{\"@id\":\"https:\/\/nsk.hr\/en\/nsk-collections\/nsk-print-collection\/#breadcrumb\"},\"inLanguage\":\"en-US\",\"potentialAction\":[{\"@type\":\"ReadAction\",\"target\":[\"https:\/\/nsk.hr\/en\/nsk-collections\/nsk-print-collection\/\"]}]},{\"@type\":\"ImageObject\",\"inLanguage\":\"en-US\",\"@id\":\"https:\/\/nsk.hr\/en\/nsk-collections\/nsk-print-collection\/#primaryimage\",\"url\":\"https:\/\/nsk.hr\/wp-content\/uploads\/2023\/11\/nsk241-1024x683-1.webp\",\"contentUrl\":\"https:\/\/nsk.hr\/wp-content\/uploads\/2023\/11\/nsk241-1024x683-1.webp\"},{\"@type\":\"BreadcrumbList\",\"@id\":\"https:\/\/nsk.hr\/en\/nsk-collections\/nsk-print-collection\/#breadcrumb\",\"itemListElement\":[{\"@type\":\"ListItem\",\"position\":1,\"name\":\"Homepage\",\"item\":\"https:\/\/nsk.hr\/en\/\"},{\"@type\":\"ListItem\",\"position\":2,\"name\":\"NSK collections\",\"item\":\"https:\/\/nsk.hr\/en\/nsk-collections\/\"},{\"@type\":\"ListItem\",\"position\":3,\"name\":\"NSK Print Collection\"}]},{\"@type\":\"WebSite\",\"@id\":\"https:\/\/nsk.hr\/en\/#website\",\"url\":\"https:\/\/nsk.hr\/en\/\",\"name\":\"Nacionalna i sveu\u010dili\u0161na knji\u017enica u Zagrebu\",\"description\":\"\",\"potentialAction\":[{\"@type\":\"SearchAction\",\"target\":{\"@type\":\"EntryPoint\",\"urlTemplate\":\"https:\/\/nsk.hr\/en\/?s={search_term_string}\"},\"query-input\":{\"@type\":\"PropertyValueSpecification\",\"valueRequired\":true,\"valueName\":\"search_term_string\"}}],\"inLanguage\":\"en-US\"}]}<\/script>\n<!-- \/ Yoast SEO plugin. -->","yoast_head_json":{"title":"NSK Print Collection - Nacionalna i sveu\u010dili\u0161na knji\u017enica u Zagrebu","description":"The Print Collection of NSK, the National and University Library in Zagreb, assembles artistic non-book material dating from the 15th century to the present day. Operating as a-museum-within-a-library, it is the largest collection of its kind in Croatia and one of the most valuable.","robots":{"index":"index","follow":"follow","max-snippet":"max-snippet:-1","max-image-preview":"max-image-preview:large","max-video-preview":"max-video-preview:-1"},"canonical":"https:\/\/nsk.hr\/en\/nsk-collections\/nsk-print-collection\/","og_locale":"en_US","og_type":"article","og_title":"NSK Print Collection - Nacionalna i sveu\u010dili\u0161na knji\u017enica u Zagrebu","og_description":"The Print Collection of NSK, the National and University Library in Zagreb, assembles artistic non-book material dating from the 15th century to the present day. Operating as a-museum-within-a-library, it is the largest collection of its kind in Croatia and one of the most valuable.","og_url":"https:\/\/nsk.hr\/en\/nsk-collections\/nsk-print-collection\/","og_site_name":"Nacionalna i sveu\u010dili\u0161na knji\u017enica u Zagrebu","article_modified_time":"2025-01-07T10:50:01+00:00","og_image":[{"width":1024,"height":683,"url":"https:\/\/nsk.hr\/wp-content\/uploads\/2023\/11\/nsk241-1024x683-1.webp","type":"image\/webp"}],"twitter_card":"summary_large_image","twitter_misc":{"Est. reading time":"5 minutes"},"schema":{"@context":"https:\/\/schema.org","@graph":[{"@type":"WebPage","@id":"https:\/\/nsk.hr\/en\/nsk-collections\/nsk-print-collection\/","url":"https:\/\/nsk.hr\/en\/nsk-collections\/nsk-print-collection\/","name":"NSK Print Collection - Nacionalna i sveu\u010dili\u0161na knji\u017enica u Zagrebu","isPartOf":{"@id":"https:\/\/nsk.hr\/en\/#website"},"primaryImageOfPage":{"@id":"https:\/\/nsk.hr\/en\/nsk-collections\/nsk-print-collection\/#primaryimage"},"image":{"@id":"https:\/\/nsk.hr\/en\/nsk-collections\/nsk-print-collection\/#primaryimage"},"thumbnailUrl":"https:\/\/nsk.hr\/wp-content\/uploads\/2023\/11\/nsk241-1024x683-1.webp","datePublished":"2023-09-30T10:05:53+00:00","dateModified":"2025-01-07T10:50:01+00:00","description":"The Print Collection of NSK, the National and University Library in Zagreb, assembles artistic non-book material dating from the 15th century to the present day. Operating as a-museum-within-a-library, it is the largest collection of its kind in Croatia and one of the most valuable.","breadcrumb":{"@id":"https:\/\/nsk.hr\/en\/nsk-collections\/nsk-print-collection\/#breadcrumb"},"inLanguage":"en-US","potentialAction":[{"@type":"ReadAction","target":["https:\/\/nsk.hr\/en\/nsk-collections\/nsk-print-collection\/"]}]},{"@type":"ImageObject","inLanguage":"en-US","@id":"https:\/\/nsk.hr\/en\/nsk-collections\/nsk-print-collection\/#primaryimage","url":"https:\/\/nsk.hr\/wp-content\/uploads\/2023\/11\/nsk241-1024x683-1.webp","contentUrl":"https:\/\/nsk.hr\/wp-content\/uploads\/2023\/11\/nsk241-1024x683-1.webp"},{"@type":"BreadcrumbList","@id":"https:\/\/nsk.hr\/en\/nsk-collections\/nsk-print-collection\/#breadcrumb","itemListElement":[{"@type":"ListItem","position":1,"name":"Homepage","item":"https:\/\/nsk.hr\/en\/"},{"@type":"ListItem","position":2,"name":"NSK collections","item":"https:\/\/nsk.hr\/en\/nsk-collections\/"},{"@type":"ListItem","position":3,"name":"NSK Print Collection"}]},{"@type":"WebSite","@id":"https:\/\/nsk.hr\/en\/#website","url":"https:\/\/nsk.hr\/en\/","name":"Nacionalna i sveu\u010dili\u0161na knji\u017enica u Zagrebu","description":"","potentialAction":[{"@type":"SearchAction","target":{"@type":"EntryPoint","urlTemplate":"https:\/\/nsk.hr\/en\/?s={search_term_string}"},"query-input":{"@type":"PropertyValueSpecification","valueRequired":true,"valueName":"search_term_string"}}],"inLanguage":"en-US"}]}},"_links":{"self":[{"href":"https:\/\/nsk.hr\/en\/wp-json\/wp\/v2\/pages\/86841","targetHints":{"allow":["GET"]}}],"collection":[{"href":"https:\/\/nsk.hr\/en\/wp-json\/wp\/v2\/pages"}],"about":[{"href":"https:\/\/nsk.hr\/en\/wp-json\/wp\/v2\/types\/page"}],"author":[{"embeddable":true,"href":"https:\/\/nsk.hr\/en\/wp-json\/wp\/v2\/users\/11"}],"replies":[{"embeddable":true,"href":"https:\/\/nsk.hr\/en\/wp-json\/wp\/v2\/comments?post=86841"}],"version-history":[{"count":8,"href":"https:\/\/nsk.hr\/en\/wp-json\/wp\/v2\/pages\/86841\/revisions"}],"predecessor-version":[{"id":94499,"href":"https:\/\/nsk.hr\/en\/wp-json\/wp\/v2\/pages\/86841\/revisions\/94499"}],"up":[{"embeddable":true,"href":"https:\/\/nsk.hr\/en\/wp-json\/wp\/v2\/pages\/84803"}],"wp:attachment":[{"href":"https:\/\/nsk.hr\/en\/wp-json\/wp\/v2\/media?parent=86841"}],"curies":[{"name":"wp","href":"https:\/\/api.w.org\/{rel}","templated":true}]}}