{"id":86729,"date":"2023-10-03T15:36:48","date_gmt":"2023-10-03T13:36:48","guid":{"rendered":"https:\/\/nsk.hr\/?page_id=86729"},"modified":"2024-06-04T16:49:19","modified_gmt":"2024-06-04T14:49:19","slug":"extended-hours-services","status":"publish","type":"page","link":"https:\/\/nsk.hr\/en\/nsk-opening-hours\/extended-hours-services\/","title":{"rendered":"Extended hours services"},"content":{"rendered":"\n<p class=\"is-style-lead\">NSK, the National and University Library in Zagreb, offers its registered members late hours study facilities.<\/p>\n\n\n\n<figure class=\"wp-block-image size-large\"><img decoding=\"async\" width=\"1024\" height=\"683\" data-src=\"https:\/\/nsk.hr\/wp-content\/uploads\/2023\/11\/NSK-2023-022-1024x683.jpg\" alt=\"The late hours study space in NSK, the National and University Library in Zagreb.\" class=\"wp-image-86732 lazyload\" data-srcset=\"https:\/\/nsk.hr\/wp-content\/uploads\/2023\/11\/NSK-2023-022-1024x683.jpg 1024w, https:\/\/nsk.hr\/wp-content\/uploads\/2023\/11\/NSK-2023-022-300x200.jpg 300w, https:\/\/nsk.hr\/wp-content\/uploads\/2023\/11\/NSK-2023-022-768x512.jpg 768w, https:\/\/nsk.hr\/wp-content\/uploads\/2023\/11\/NSK-2023-022-1536x1024.jpg 1536w, https:\/\/nsk.hr\/wp-content\/uploads\/2023\/11\/NSK-2023-022-2048x1365.jpg 2048w, https:\/\/nsk.hr\/wp-content\/uploads\/2023\/11\/NSK-2023-022-1620x1080.jpg 1620w, https:\/\/nsk.hr\/wp-content\/uploads\/2023\/11\/NSK-2023-022-scaled.jpg 1920w\" data-sizes=\"(max-width: 1024px) 100vw, 1024px\" src=\"data:image\/svg+xml;base64,PHN2ZyB3aWR0aD0iMSIgaGVpZ2h0PSIxIiB4bWxucz0iaHR0cDovL3d3dy53My5vcmcvMjAwMC9zdmciPjwvc3ZnPg==\" style=\"--smush-placeholder-width: 1024px; --smush-placeholder-aspect-ratio: 1024\/683;\" \/><\/figure>\n\n\n\n<p>Our extended hours services are available to all our <a href=\"https:\/\/nsk.hr\/en\/nsk-membership\/\">registered members<\/a> from Monday to Friday between 21.00 and 24.00, on the Ground Floor.<\/p>\n\n\n\n<p>Owing to limited seating in our late hours study area, registration is necessary and is only possible on the day on which you require the service.<\/p>\n\n\n\n<p>You may book your place between 8.00 and 19.00<\/p>\n\n\n\n<ul class=\"wp-block-list\">\n<li>in person, at our Information Centre help desk (Ground Floor),<\/li>\n\n\n\n<li>by phone on +385 1 616 4002 and +385 1 616 4040, or<\/li>\n\n\n\n<li>by filling out an online registration form.<\/li>\n<\/ul>\n\n\n\n<section class=\"nsk-section nsk-button position-relative my-6\" >\n\t<div class=\"container\">\n\t\t<div class=\"row\">\n\t\t\t<div class=\"col-12\">\n\t\t\t\t<div class=\"nsk-button__button\">\n\t\t\t\t\t\t\t\t\t\t\t<div class=\"nsk-button__link-wrap text-center text-lg-left\">\n\t\t\t\t\t\t\t\n<a   href=\"https:\/\/vecernjirad.nsk.hr\/\" class=\"btn btn-primary align-items-center text-image-block__button btn-lg  align-items-center justify-content-center\"   >\n\t\t\t\t\t<span class=\"text\">Extended Hours Services Registration Form<\/span>\n\t<\/a>\n\t\t\t\t\t\t<\/div>\n\t\t\t\t\t\t\t\t\t<\/div>\n\t\t\t<\/div>\n\t\t<\/div>\n\t<\/div>\n<\/section>\n\n\n\n<h2 class=\"wp-block-heading\"><strong>Access to collection items<\/strong><\/h2>\n\n\n\n<p>During our extended hours services you may access and consult the following items in <a href=\"https:\/\/nsk.hr\/en\/nsk-collections\/\">our collections<\/a>:<\/p>\n\n\n\n<ul class=\"wp-block-list\">\n<li>items from our Reference Collection, located in the late hours study area,<\/li>\n\n\n\n<li>closed stack items (collected before 21.00 upon request at the lending service desk on the Ground Floor) and<\/li>\n\n\n\n<li>items available on our open access shelves (collected before 21.00 in one of our <a href=\"https:\/\/nsk.hr\/en\/reading-rooms\/\">reading rooms<\/a>).<\/li>\n<\/ul>\n\n\n\n<p>For all other details concerning our late hours study facilities, please see the <a href=\"https:\/\/nsk.hr\/wp-content\/uploads\/2023\/11\/REGULA1.pdf\">Regulations concerning the terms and conditions of using the holdings and services of the National and University Library in Zagreb<\/a> or put your query to the staff of our Information Centre or to a member of our staff on duty between 21.00 and 22.00 in the reading room on the Ground Floor.<\/p>\n","protected":false},"excerpt":{"rendered":"<p>NSK, the National and University Library in Zagreb, offers its registered members late hours study facilities. Our extended hours services are available to all&#8230;<\/p>\n","protected":false},"author":11,"featured_media":0,"parent":85282,"menu_order":0,"comment_status":"closed","ping_status":"closed","template":"","meta":{"_acf_changed":false,"ngg_post_thumbnail":0,"footnotes":""},"class_list":["post-86729","page","type-page","status-publish","hentry"],"acf":[],"yoast_head":"<!-- This site is optimized with the Yoast SEO plugin v25.4 - https:\/\/yoast.com\/wordpress\/plugins\/seo\/ -->\n<title>Extended hours services - Nacionalna i sveu\u010dili\u0161na knji\u017enica u Zagrebu<\/title>\n<meta name=\"description\" content=\"NSK, the National and University Library in Zagreb, offers its registered members late hours study facilities.\" \/>\n<meta name=\"robots\" content=\"index, follow, max-snippet:-1, max-image-preview:large, max-video-preview:-1\" \/>\n<link rel=\"canonical\" href=\"https:\/\/nsk.hr\/en\/nsk-opening-hours\/extended-hours-services\/\" \/>\n<meta property=\"og:locale\" content=\"en_US\" \/>\n<meta property=\"og:type\" content=\"article\" \/>\n<meta property=\"og:title\" content=\"Extended hours services - Nacionalna i sveu\u010dili\u0161na knji\u017enica u Zagrebu\" \/>\n<meta property=\"og:description\" content=\"NSK, the National and University Library in Zagreb, offers its registered members late hours study facilities.\" \/>\n<meta property=\"og:url\" content=\"https:\/\/nsk.hr\/en\/nsk-opening-hours\/extended-hours-services\/\" \/>\n<meta property=\"og:site_name\" content=\"Nacionalna i sveu\u010dili\u0161na knji\u017enica u Zagrebu\" \/>\n<meta property=\"article:modified_time\" content=\"2024-06-04T14:49:19+00:00\" \/>\n<meta property=\"og:image\" content=\"https:\/\/nsk.hr\/wp-content\/uploads\/2023\/11\/NSK-2023-022-1024x683.jpg\" \/>\n<meta name=\"twitter:card\" content=\"summary_large_image\" \/>\n<meta name=\"twitter:label1\" content=\"Est. reading time\" \/>\n\t<meta name=\"twitter:data1\" content=\"2 minutes\" \/>\n<script type=\"application\/ld+json\" class=\"yoast-schema-graph\">{\"@context\":\"https:\/\/schema.org\",\"@graph\":[{\"@type\":\"WebPage\",\"@id\":\"https:\/\/nsk.hr\/en\/nsk-opening-hours\/extended-hours-services\/\",\"url\":\"https:\/\/nsk.hr\/en\/nsk-opening-hours\/extended-hours-services\/\",\"name\":\"Extended hours services - Nacionalna i sveu\u010dili\u0161na knji\u017enica u Zagrebu\",\"isPartOf\":{\"@id\":\"https:\/\/nsk.hr\/en\/#website\"},\"primaryImageOfPage\":{\"@id\":\"https:\/\/nsk.hr\/en\/nsk-opening-hours\/extended-hours-services\/#primaryimage\"},\"image\":{\"@id\":\"https:\/\/nsk.hr\/en\/nsk-opening-hours\/extended-hours-services\/#primaryimage\"},\"thumbnailUrl\":\"https:\/\/nsk.hr\/wp-content\/uploads\/2023\/11\/NSK-2023-022-1024x683.jpg\",\"datePublished\":\"2023-10-03T13:36:48+00:00\",\"dateModified\":\"2024-06-04T14:49:19+00:00\",\"description\":\"NSK, the National and University Library in Zagreb, offers its registered members late hours study facilities.\",\"breadcrumb\":{\"@id\":\"https:\/\/nsk.hr\/en\/nsk-opening-hours\/extended-hours-services\/#breadcrumb\"},\"inLanguage\":\"en-US\",\"potentialAction\":[{\"@type\":\"ReadAction\",\"target\":[\"https:\/\/nsk.hr\/en\/nsk-opening-hours\/extended-hours-services\/\"]}]},{\"@type\":\"ImageObject\",\"inLanguage\":\"en-US\",\"@id\":\"https:\/\/nsk.hr\/en\/nsk-opening-hours\/extended-hours-services\/#primaryimage\",\"url\":\"https:\/\/nsk.hr\/wp-content\/uploads\/2023\/11\/NSK-2023-022-1024x683.jpg\",\"contentUrl\":\"https:\/\/nsk.hr\/wp-content\/uploads\/2023\/11\/NSK-2023-022-1024x683.jpg\"},{\"@type\":\"BreadcrumbList\",\"@id\":\"https:\/\/nsk.hr\/en\/nsk-opening-hours\/extended-hours-services\/#breadcrumb\",\"itemListElement\":[{\"@type\":\"ListItem\",\"position\":1,\"name\":\"Homepage\",\"item\":\"https:\/\/nsk.hr\/en\/\"},{\"@type\":\"ListItem\",\"position\":2,\"name\":\"NSK opening hours\",\"item\":\"https:\/\/nsk.hr\/en\/nsk-opening-hours\/\"},{\"@type\":\"ListItem\",\"position\":3,\"name\":\"Extended hours services\"}]},{\"@type\":\"WebSite\",\"@id\":\"https:\/\/nsk.hr\/en\/#website\",\"url\":\"https:\/\/nsk.hr\/en\/\",\"name\":\"Nacionalna i sveu\u010dili\u0161na knji\u017enica u Zagrebu\",\"description\":\"\",\"potentialAction\":[{\"@type\":\"SearchAction\",\"target\":{\"@type\":\"EntryPoint\",\"urlTemplate\":\"https:\/\/nsk.hr\/en\/?s={search_term_string}\"},\"query-input\":{\"@type\":\"PropertyValueSpecification\",\"valueRequired\":true,\"valueName\":\"search_term_string\"}}],\"inLanguage\":\"en-US\"}]}<\/script>\n<!-- \/ Yoast SEO plugin. -->","yoast_head_json":{"title":"Extended hours services - Nacionalna i sveu\u010dili\u0161na knji\u017enica u Zagrebu","description":"NSK, the National and University Library in Zagreb, offers its registered members late hours study facilities.","robots":{"index":"index","follow":"follow","max-snippet":"max-snippet:-1","max-image-preview":"max-image-preview:large","max-video-preview":"max-video-preview:-1"},"canonical":"https:\/\/nsk.hr\/en\/nsk-opening-hours\/extended-hours-services\/","og_locale":"en_US","og_type":"article","og_title":"Extended hours services - Nacionalna i sveu\u010dili\u0161na knji\u017enica u Zagrebu","og_description":"NSK, the National and University Library in Zagreb, offers its registered members late hours study facilities.","og_url":"https:\/\/nsk.hr\/en\/nsk-opening-hours\/extended-hours-services\/","og_site_name":"Nacionalna i sveu\u010dili\u0161na knji\u017enica u Zagrebu","article_modified_time":"2024-06-04T14:49:19+00:00","og_image":[{"url":"https:\/\/nsk.hr\/wp-content\/uploads\/2023\/11\/NSK-2023-022-1024x683.jpg","type":"","width":"","height":""}],"twitter_card":"summary_large_image","twitter_misc":{"Est. reading time":"2 minutes"},"schema":{"@context":"https:\/\/schema.org","@graph":[{"@type":"WebPage","@id":"https:\/\/nsk.hr\/en\/nsk-opening-hours\/extended-hours-services\/","url":"https:\/\/nsk.hr\/en\/nsk-opening-hours\/extended-hours-services\/","name":"Extended hours services - Nacionalna i sveu\u010dili\u0161na knji\u017enica u Zagrebu","isPartOf":{"@id":"https:\/\/nsk.hr\/en\/#website"},"primaryImageOfPage":{"@id":"https:\/\/nsk.hr\/en\/nsk-opening-hours\/extended-hours-services\/#primaryimage"},"image":{"@id":"https:\/\/nsk.hr\/en\/nsk-opening-hours\/extended-hours-services\/#primaryimage"},"thumbnailUrl":"https:\/\/nsk.hr\/wp-content\/uploads\/2023\/11\/NSK-2023-022-1024x683.jpg","datePublished":"2023-10-03T13:36:48+00:00","dateModified":"2024-06-04T14:49:19+00:00","description":"NSK, the National and University Library in Zagreb, offers its registered members late hours study facilities.","breadcrumb":{"@id":"https:\/\/nsk.hr\/en\/nsk-opening-hours\/extended-hours-services\/#breadcrumb"},"inLanguage":"en-US","potentialAction":[{"@type":"ReadAction","target":["https:\/\/nsk.hr\/en\/nsk-opening-hours\/extended-hours-services\/"]}]},{"@type":"ImageObject","inLanguage":"en-US","@id":"https:\/\/nsk.hr\/en\/nsk-opening-hours\/extended-hours-services\/#primaryimage","url":"https:\/\/nsk.hr\/wp-content\/uploads\/2023\/11\/NSK-2023-022-1024x683.jpg","contentUrl":"https:\/\/nsk.hr\/wp-content\/uploads\/2023\/11\/NSK-2023-022-1024x683.jpg"},{"@type":"BreadcrumbList","@id":"https:\/\/nsk.hr\/en\/nsk-opening-hours\/extended-hours-services\/#breadcrumb","itemListElement":[{"@type":"ListItem","position":1,"name":"Homepage","item":"https:\/\/nsk.hr\/en\/"},{"@type":"ListItem","position":2,"name":"NSK opening hours","item":"https:\/\/nsk.hr\/en\/nsk-opening-hours\/"},{"@type":"ListItem","position":3,"name":"Extended hours services"}]},{"@type":"WebSite","@id":"https:\/\/nsk.hr\/en\/#website","url":"https:\/\/nsk.hr\/en\/","name":"Nacionalna i sveu\u010dili\u0161na knji\u017enica u Zagrebu","description":"","potentialAction":[{"@type":"SearchAction","target":{"@type":"EntryPoint","urlTemplate":"https:\/\/nsk.hr\/en\/?s={search_term_string}"},"query-input":{"@type":"PropertyValueSpecification","valueRequired":true,"valueName":"search_term_string"}}],"inLanguage":"en-US"}]}},"_links":{"self":[{"href":"https:\/\/nsk.hr\/en\/wp-json\/wp\/v2\/pages\/86729","targetHints":{"allow":["GET"]}}],"collection":[{"href":"https:\/\/nsk.hr\/en\/wp-json\/wp\/v2\/pages"}],"about":[{"href":"https:\/\/nsk.hr\/en\/wp-json\/wp\/v2\/types\/page"}],"author":[{"embeddable":true,"href":"https:\/\/nsk.hr\/en\/wp-json\/wp\/v2\/users\/11"}],"replies":[{"embeddable":true,"href":"https:\/\/nsk.hr\/en\/wp-json\/wp\/v2\/comments?post=86729"}],"version-history":[{"count":6,"href":"https:\/\/nsk.hr\/en\/wp-json\/wp\/v2\/pages\/86729\/revisions"}],"predecessor-version":[{"id":91396,"href":"https:\/\/nsk.hr\/en\/wp-json\/wp\/v2\/pages\/86729\/revisions\/91396"}],"up":[{"embeddable":true,"href":"https:\/\/nsk.hr\/en\/wp-json\/wp\/v2\/pages\/85282"}],"wp:attachment":[{"href":"https:\/\/nsk.hr\/en\/wp-json\/wp\/v2\/media?parent=86729"}],"curies":[{"name":"wp","href":"https:\/\/api.w.org\/{rel}","templated":true}]}}