{"id":86574,"date":"2023-10-02T20:32:56","date_gmt":"2023-10-02T18:32:56","guid":{"rendered":"https:\/\/nsk.hr\/?page_id=86574"},"modified":"2025-03-11T15:24:18","modified_gmt":"2025-03-11T14:24:18","slug":"reading-room-requests-and-lending-services","status":"publish","type":"page","link":"https:\/\/nsk.hr\/en\/reading-room-requests-and-lending-services\/","title":{"rendered":"Reading room requests and lending services"},"content":{"rendered":"\n<p class=\"is-style-lead\">NSK, the National and University Library in Zagreb, offers its <a href=\"https:\/\/nsk.hr\/en\/nsk-membership\/\">registered members<\/a> access to around 3.7 million items in its collections in print, electronic and <a href=\"https:\/\/nsk.hr\/en\/nsk-holdings\/nsk-digital-collections\/\">digital form<\/a>.<\/p>\n\n\n\n<figure class=\"wp-block-image size-large\"><img decoding=\"async\" width=\"1024\" height=\"683\" data-src=\"https:\/\/nsk.hr\/wp-content\/uploads\/2023\/11\/NSK-2023-097-1-1024x683.jpg\" alt=\"Member of the staff of NSK, the National and University Library in Zagreb, at one of the Library\u2019s help desks handing out the Library\u2019s user a requested collection item.\" class=\"wp-image-86575 lazyload\" data-srcset=\"https:\/\/nsk.hr\/wp-content\/uploads\/2023\/11\/NSK-2023-097-1-1024x683.jpg 1024w, https:\/\/nsk.hr\/wp-content\/uploads\/2023\/11\/NSK-2023-097-1-300x200.jpg 300w, https:\/\/nsk.hr\/wp-content\/uploads\/2023\/11\/NSK-2023-097-1-768x512.jpg 768w, https:\/\/nsk.hr\/wp-content\/uploads\/2023\/11\/NSK-2023-097-1-1536x1024.jpg 1536w, https:\/\/nsk.hr\/wp-content\/uploads\/2023\/11\/NSK-2023-097-1-2048x1365.jpg 2048w, https:\/\/nsk.hr\/wp-content\/uploads\/2023\/11\/NSK-2023-097-1-1620x1080.jpg 1620w, https:\/\/nsk.hr\/wp-content\/uploads\/2023\/11\/NSK-2023-097-1-scaled.jpg 1920w\" data-sizes=\"(max-width: 1024px) 100vw, 1024px\" src=\"data:image\/svg+xml;base64,PHN2ZyB3aWR0aD0iMSIgaGVpZ2h0PSIxIiB4bWxucz0iaHR0cDovL3d3dy53My5vcmcvMjAwMC9zdmciPjwvc3ZnPg==\" style=\"--smush-placeholder-width: 1024px; --smush-placeholder-aspect-ratio: 1024\/683;\" \/><\/figure>\n\n\n\n<p>You may access the items in <a href=\"https:\/\/nsk.hr\/en\/nsk-collections\/\">our collections<\/a> in the Library\u2019s <a href=\"https:\/\/nsk.hr\/en\/reading-rooms\/\">reading rooms<\/a>, and some of the items are available for loan. The <a href=\"https:\/\/nsk.hr\/en\/nsk-holdings\/nsk-digital-collections\/\">digitised collection items and our digital-born resources<\/a> are available online.<\/p>\n\n\n\n<h2 class=\"wp-block-heading\"><strong>Using NSK collection items in the Library\u2019s reading rooms<\/strong><\/h2>\n\n\n\n<p>Many of NSK collection items are easily available in the Library\u2019s reading rooms. All <a href=\"https:\/\/nsk.hr\/en\/nsk-collections\/nsk-reading-rooms-collections\/\">reading rooms collections<\/a> except for the <a href=\"https:\/\/nsk.hr\/en\/nsk-collections\/nsk-reading-rooms-collections\/foreign-croatica-collection\/\">Foreign Croatica Collection<\/a> and Doctoral and Master\u2019s Theses Collection offer easy access to their material on open access shelves.<\/p>\n\n\n\n<h2 class=\"wp-block-heading\"><strong>Access to closed stack items<\/strong><\/h2>\n\n\n\n<p>Most of the resources in NSK collections are closed stack items. You may request them at the help desks in the reading rooms on Floors 3 and 4 and the help desk on the Ground Floor. It is possible to request up to ten items (books, periodicals, newspapers) a day.<\/p>\n\n\n\n<h2 class=\"wp-block-heading\"><strong>Reading room loans<\/strong><\/h2>\n\n\n\n<p>You may request items from closed stacks as reading room loans and use them for up to 60 days.<\/p>\n\n\n\n<h2 class=\"wp-block-heading\"><strong>Borrowing collection items<\/strong><\/h2>\n\n\n\n<p>You may borrow items on open access shelves in the reading rooms on Floors 3 and 4 of which there are more copies available, book titles in our LIS Collection (Mezzanine Floor) and closed stack items available for loan outside the Library. Such items may be requested at the help desks in the reading rooms on Floors 3 and 4 and the help desk on the Ground Floor.<\/p>\n\n\n\n<h2 class=\"wp-block-heading\"><strong>Loan period<\/strong><\/h2>\n\n\n\n<p>You may borrow up to five items at a time for a period of 30 days, with the possibility to apply for a loan renewal for another 30 days at least one day prior to the expiry of the first 30-day loan period. A loan renewal may be requested in person, by phone, email or through NSK user account, which you log into via the <a href=\"https:\/\/katalog.nsk.hr\/F?RN=978131267\">Library\u2019s Catalogue<\/a>.<\/p>\n\n\n\n<p>Overdue loans are charged according to <a href=\"https:\/\/nsk.hr\/wp-content\/uploads\/2025\/02\/NSK-Fees-and-Charges_2025-02-26.pdf\">NSK Fees and Charges<\/a>.<\/p>\n\n\n\n<h2 class=\"wp-block-heading\"><strong>Terms of use<\/strong> <\/h2>\n\n\n\n<p>For all other details concerning the terms of use of items in our collections please learn more from the <a href=\"https:\/\/nsk.hr\/wp-content\/uploads\/2023\/11\/REGULA1.pdf\">Regulations concerning the terms and conditions of using the holdings and services of the National and University Library in Zagreb<\/a>.<\/p>\n\n\n\n<section class=\"block-section quick-links-block quick-links-block--has-2-col\">\n\n    <h2 class=\"quick-links-block__title\"><\/h2>\n\n    <ul class=\"quick-links-block__list list-unstyled\">\n                                <li class=\"quick-links-block__item\">\n                <a href=\"https:\/\/katalog.nsk.hr\/F?RN=511162293\" class=\"quick-links-block__link\">\n                    <span class=\"text\">\n                        NSK Catalogue                    <\/span>\n                    <svg xmlns=\"http:\/\/www.w3.org\/2000\/svg\" width=\"28\" height=\"28\" viewBox=\"0 0 28 28\" fill=\"none\">\n                        <path d=\"M19.8864 7L18.7095 8.17654L23.7027 13.1681H2V14.8321H23.7026L18.7095 19.8235L19.8864 21L26.8889 14L19.8864 7Z\" fill=\"#231F20\"><\/path>\n                    <\/svg>\n                <\/a>\n            <\/li>\n                                <li class=\"quick-links-block__item\">\n                <a href=\"https:\/\/nsk.hr\/en\/inter-library-loans\/\" class=\"quick-links-block__link\">\n                    <span class=\"text\">\n                        Inter-library loans                    <\/span>\n                    <svg xmlns=\"http:\/\/www.w3.org\/2000\/svg\" width=\"28\" height=\"28\" viewBox=\"0 0 28 28\" fill=\"none\">\n                        <path d=\"M19.8864 7L18.7095 8.17654L23.7027 13.1681H2V14.8321H23.7026L18.7095 19.8235L19.8864 21L26.8889 14L19.8864 7Z\" fill=\"#231F20\"><\/path>\n                    <\/svg>\n                <\/a>\n            <\/li>\n                                <li class=\"quick-links-block__item\">\n                <a href=\"https:\/\/digitalna.nsk.hr\/\" class=\"quick-links-block__link\">\n                    <span class=\"text\">\n                        NSK Digital Collections                    <\/span>\n                    <svg xmlns=\"http:\/\/www.w3.org\/2000\/svg\" width=\"28\" height=\"28\" viewBox=\"0 0 28 28\" fill=\"none\">\n                        <path d=\"M19.8864 7L18.7095 8.17654L23.7027 13.1681H2V14.8321H23.7026L18.7095 19.8235L19.8864 21L26.8889 14L19.8864 7Z\" fill=\"#231F20\"><\/path>\n                    <\/svg>\n                <\/a>\n            <\/li>\n                                <li class=\"quick-links-block__item\">\n                <a href=\"http:\/\/baze.nsk.hr\/\" class=\"quick-links-block__link\">\n                    <span class=\"text\">\n                        eResources                    <\/span>\n                    <svg xmlns=\"http:\/\/www.w3.org\/2000\/svg\" width=\"28\" height=\"28\" viewBox=\"0 0 28 28\" fill=\"none\">\n                        <path d=\"M19.8864 7L18.7095 8.17654L23.7027 13.1681H2V14.8321H23.7026L18.7095 19.8235L19.8864 21L26.8889 14L19.8864 7Z\" fill=\"#231F20\"><\/path>\n                    <\/svg>\n                <\/a>\n            <\/li>\n            <\/ul>\n<\/section>","protected":false},"excerpt":{"rendered":"<p>NSK, the National and University Library in Zagreb, offers its registered members access to around 3.7 million items in its collections in print, electronic&#8230;<\/p>\n","protected":false},"author":11,"featured_media":85702,"parent":0,"menu_order":0,"comment_status":"closed","ping_status":"closed","template":"","meta":{"_acf_changed":false,"ngg_post_thumbnail":0,"footnotes":""},"class_list":["post-86574","page","type-page","status-publish","has-post-thumbnail","hentry"],"acf":[],"yoast_head":"<!-- This site is optimized with the Yoast SEO plugin v25.4 - https:\/\/yoast.com\/wordpress\/plugins\/seo\/ -->\n<title>Reading room requests and lending services - Nacionalna i sveu\u010dili\u0161na knji\u017enica u Zagrebu<\/title>\n<meta name=\"description\" content=\"NSK, the National and University Library in Zagreb, offers its registered members access to around 3.6 million items in its collections in print, electronic and digital form.\" \/>\n<meta name=\"robots\" content=\"index, follow, max-snippet:-1, max-image-preview:large, max-video-preview:-1\" \/>\n<link rel=\"canonical\" href=\"https:\/\/nsk.hr\/en\/reading-room-requests-and-lending-services\/\" \/>\n<meta property=\"og:locale\" content=\"en_US\" \/>\n<meta property=\"og:type\" content=\"article\" \/>\n<meta property=\"og:title\" content=\"Reading room requests and lending services - Nacionalna i sveu\u010dili\u0161na knji\u017enica u Zagrebu\" \/>\n<meta property=\"og:description\" content=\"NSK, the National and University Library in Zagreb, offers its registered members access to around 3.6 million items in its collections in print, electronic and digital form.\" \/>\n<meta property=\"og:url\" content=\"https:\/\/nsk.hr\/en\/reading-room-requests-and-lending-services\/\" \/>\n<meta property=\"og:site_name\" content=\"Nacionalna i sveu\u010dili\u0161na knji\u017enica u Zagrebu\" \/>\n<meta property=\"article:modified_time\" content=\"2025-03-11T14:24:18+00:00\" \/>\n<meta property=\"og:image\" content=\"https:\/\/nsk.hr\/wp-content\/uploads\/2023\/11\/Vracanje-knjiga-bez-placanja-zakasnine-mreze-scaled.jpg\" \/>\n\t<meta property=\"og:image:width\" content=\"1920\" \/>\n\t<meta property=\"og:image:height\" content=\"1280\" \/>\n\t<meta property=\"og:image:type\" content=\"image\/jpeg\" \/>\n<meta name=\"twitter:card\" content=\"summary_large_image\" \/>\n<meta name=\"twitter:label1\" content=\"Est. reading time\" \/>\n\t<meta name=\"twitter:data1\" content=\"3 minutes\" \/>\n<script type=\"application\/ld+json\" class=\"yoast-schema-graph\">{\"@context\":\"https:\/\/schema.org\",\"@graph\":[{\"@type\":\"WebPage\",\"@id\":\"https:\/\/nsk.hr\/en\/reading-room-requests-and-lending-services\/\",\"url\":\"https:\/\/nsk.hr\/en\/reading-room-requests-and-lending-services\/\",\"name\":\"Reading room requests and lending services - Nacionalna i sveu\u010dili\u0161na knji\u017enica u Zagrebu\",\"isPartOf\":{\"@id\":\"https:\/\/nsk.hr\/en\/#website\"},\"primaryImageOfPage\":{\"@id\":\"https:\/\/nsk.hr\/en\/reading-room-requests-and-lending-services\/#primaryimage\"},\"image\":{\"@id\":\"https:\/\/nsk.hr\/en\/reading-room-requests-and-lending-services\/#primaryimage\"},\"thumbnailUrl\":\"https:\/\/nsk.hr\/wp-content\/uploads\/2023\/11\/Vracanje-knjiga-bez-placanja-zakasnine-mreze-scaled.jpg\",\"datePublished\":\"2023-10-02T18:32:56+00:00\",\"dateModified\":\"2025-03-11T14:24:18+00:00\",\"description\":\"NSK, the National and University Library in Zagreb, offers its registered members access to around 3.6 million items in its collections in print, electronic and digital form.\",\"breadcrumb\":{\"@id\":\"https:\/\/nsk.hr\/en\/reading-room-requests-and-lending-services\/#breadcrumb\"},\"inLanguage\":\"en-US\",\"potentialAction\":[{\"@type\":\"ReadAction\",\"target\":[\"https:\/\/nsk.hr\/en\/reading-room-requests-and-lending-services\/\"]}]},{\"@type\":\"ImageObject\",\"inLanguage\":\"en-US\",\"@id\":\"https:\/\/nsk.hr\/en\/reading-room-requests-and-lending-services\/#primaryimage\",\"url\":\"https:\/\/nsk.hr\/wp-content\/uploads\/2023\/11\/Vracanje-knjiga-bez-placanja-zakasnine-mreze-scaled.jpg\",\"contentUrl\":\"https:\/\/nsk.hr\/wp-content\/uploads\/2023\/11\/Vracanje-knjiga-bez-placanja-zakasnine-mreze-scaled.jpg\",\"width\":1920,\"height\":1280,\"caption\":\"Fotografija prikazuje\"},{\"@type\":\"BreadcrumbList\",\"@id\":\"https:\/\/nsk.hr\/en\/reading-room-requests-and-lending-services\/#breadcrumb\",\"itemListElement\":[{\"@type\":\"ListItem\",\"position\":1,\"name\":\"Homepage\",\"item\":\"https:\/\/nsk.hr\/en\/\"},{\"@type\":\"ListItem\",\"position\":2,\"name\":\"Reading room requests and lending services\"}]},{\"@type\":\"WebSite\",\"@id\":\"https:\/\/nsk.hr\/en\/#website\",\"url\":\"https:\/\/nsk.hr\/en\/\",\"name\":\"Nacionalna i sveu\u010dili\u0161na knji\u017enica u Zagrebu\",\"description\":\"\",\"potentialAction\":[{\"@type\":\"SearchAction\",\"target\":{\"@type\":\"EntryPoint\",\"urlTemplate\":\"https:\/\/nsk.hr\/en\/?s={search_term_string}\"},\"query-input\":{\"@type\":\"PropertyValueSpecification\",\"valueRequired\":true,\"valueName\":\"search_term_string\"}}],\"inLanguage\":\"en-US\"}]}<\/script>\n<!-- \/ Yoast SEO plugin. -->","yoast_head_json":{"title":"Reading room requests and lending services - Nacionalna i sveu\u010dili\u0161na knji\u017enica u Zagrebu","description":"NSK, the National and University Library in Zagreb, offers its registered members access to around 3.6 million items in its collections in print, electronic and digital form.","robots":{"index":"index","follow":"follow","max-snippet":"max-snippet:-1","max-image-preview":"max-image-preview:large","max-video-preview":"max-video-preview:-1"},"canonical":"https:\/\/nsk.hr\/en\/reading-room-requests-and-lending-services\/","og_locale":"en_US","og_type":"article","og_title":"Reading room requests and lending services - Nacionalna i sveu\u010dili\u0161na knji\u017enica u Zagrebu","og_description":"NSK, the National and University Library in Zagreb, offers its registered members access to around 3.6 million items in its collections in print, electronic and digital form.","og_url":"https:\/\/nsk.hr\/en\/reading-room-requests-and-lending-services\/","og_site_name":"Nacionalna i sveu\u010dili\u0161na knji\u017enica u Zagrebu","article_modified_time":"2025-03-11T14:24:18+00:00","og_image":[{"width":1920,"height":1280,"url":"https:\/\/nsk.hr\/wp-content\/uploads\/2023\/11\/Vracanje-knjiga-bez-placanja-zakasnine-mreze-scaled.jpg","type":"image\/jpeg"}],"twitter_card":"summary_large_image","twitter_misc":{"Est. reading time":"3 minutes"},"schema":{"@context":"https:\/\/schema.org","@graph":[{"@type":"WebPage","@id":"https:\/\/nsk.hr\/en\/reading-room-requests-and-lending-services\/","url":"https:\/\/nsk.hr\/en\/reading-room-requests-and-lending-services\/","name":"Reading room requests and lending services - Nacionalna i sveu\u010dili\u0161na knji\u017enica u Zagrebu","isPartOf":{"@id":"https:\/\/nsk.hr\/en\/#website"},"primaryImageOfPage":{"@id":"https:\/\/nsk.hr\/en\/reading-room-requests-and-lending-services\/#primaryimage"},"image":{"@id":"https:\/\/nsk.hr\/en\/reading-room-requests-and-lending-services\/#primaryimage"},"thumbnailUrl":"https:\/\/nsk.hr\/wp-content\/uploads\/2023\/11\/Vracanje-knjiga-bez-placanja-zakasnine-mreze-scaled.jpg","datePublished":"2023-10-02T18:32:56+00:00","dateModified":"2025-03-11T14:24:18+00:00","description":"NSK, the National and University Library in Zagreb, offers its registered members access to around 3.6 million items in its collections in print, electronic and digital form.","breadcrumb":{"@id":"https:\/\/nsk.hr\/en\/reading-room-requests-and-lending-services\/#breadcrumb"},"inLanguage":"en-US","potentialAction":[{"@type":"ReadAction","target":["https:\/\/nsk.hr\/en\/reading-room-requests-and-lending-services\/"]}]},{"@type":"ImageObject","inLanguage":"en-US","@id":"https:\/\/nsk.hr\/en\/reading-room-requests-and-lending-services\/#primaryimage","url":"https:\/\/nsk.hr\/wp-content\/uploads\/2023\/11\/Vracanje-knjiga-bez-placanja-zakasnine-mreze-scaled.jpg","contentUrl":"https:\/\/nsk.hr\/wp-content\/uploads\/2023\/11\/Vracanje-knjiga-bez-placanja-zakasnine-mreze-scaled.jpg","width":1920,"height":1280,"caption":"Fotografija prikazuje"},{"@type":"BreadcrumbList","@id":"https:\/\/nsk.hr\/en\/reading-room-requests-and-lending-services\/#breadcrumb","itemListElement":[{"@type":"ListItem","position":1,"name":"Homepage","item":"https:\/\/nsk.hr\/en\/"},{"@type":"ListItem","position":2,"name":"Reading room requests and lending services"}]},{"@type":"WebSite","@id":"https:\/\/nsk.hr\/en\/#website","url":"https:\/\/nsk.hr\/en\/","name":"Nacionalna i sveu\u010dili\u0161na knji\u017enica u Zagrebu","description":"","potentialAction":[{"@type":"SearchAction","target":{"@type":"EntryPoint","urlTemplate":"https:\/\/nsk.hr\/en\/?s={search_term_string}"},"query-input":{"@type":"PropertyValueSpecification","valueRequired":true,"valueName":"search_term_string"}}],"inLanguage":"en-US"}]}},"_links":{"self":[{"href":"https:\/\/nsk.hr\/en\/wp-json\/wp\/v2\/pages\/86574","targetHints":{"allow":["GET"]}}],"collection":[{"href":"https:\/\/nsk.hr\/en\/wp-json\/wp\/v2\/pages"}],"about":[{"href":"https:\/\/nsk.hr\/en\/wp-json\/wp\/v2\/types\/page"}],"author":[{"embeddable":true,"href":"https:\/\/nsk.hr\/en\/wp-json\/wp\/v2\/users\/11"}],"replies":[{"embeddable":true,"href":"https:\/\/nsk.hr\/en\/wp-json\/wp\/v2\/comments?post=86574"}],"version-history":[{"count":12,"href":"https:\/\/nsk.hr\/en\/wp-json\/wp\/v2\/pages\/86574\/revisions"}],"predecessor-version":[{"id":95581,"href":"https:\/\/nsk.hr\/en\/wp-json\/wp\/v2\/pages\/86574\/revisions\/95581"}],"wp:featuredmedia":[{"embeddable":true,"href":"https:\/\/nsk.hr\/en\/wp-json\/wp\/v2\/media\/85702"}],"wp:attachment":[{"href":"https:\/\/nsk.hr\/en\/wp-json\/wp\/v2\/media?parent=86574"}],"curies":[{"name":"wp","href":"https:\/\/api.w.org\/{rel}","templated":true}]}}