{"id":86536,"date":"2023-10-03T07:53:08","date_gmt":"2023-10-03T05:53:08","guid":{"rendered":"https:\/\/nsk.hr\/?page_id=86536"},"modified":"2024-12-11T11:39:08","modified_gmt":"2024-12-11T10:39:08","slug":"catalogues-and-search-sources","status":"publish","type":"page","link":"https:\/\/nsk.hr\/en\/catalogues-and-search-sources\/","title":{"rendered":"Catalogues and research resources"},"content":{"rendered":"\n<p class=\"is-style-lead\">Printed, electronic and <a href=\"https:\/\/nsk.hr\/en\/nsk-holdings\/nsk-digital-collections\/\">digital resources<\/a> in the <a href=\"https:\/\/nsk.hr\/en\/nsk-collections\/\">collections<\/a> of NSK, the National and University Library in Zagreb, may be searched through various information sources, ranging from catalogues, through online databases, to repositories and other data aggregation systems.<\/p>\n\n\n\n<figure class=\"wp-block-image size-large\"><img decoding=\"async\" width=\"1024\" height=\"683\" data-src=\"https:\/\/nsk.hr\/wp-content\/uploads\/2023\/11\/NSK-2023-055-1024x683.jpg\" alt=\"A woman searching the main catalogue of NSK, the National and University Library in Zagreb. \" class=\"wp-image-86538 lazyload\" data-srcset=\"https:\/\/nsk.hr\/wp-content\/uploads\/2023\/11\/NSK-2023-055-1024x683.jpg 1024w, https:\/\/nsk.hr\/wp-content\/uploads\/2023\/11\/NSK-2023-055-300x200.jpg 300w, https:\/\/nsk.hr\/wp-content\/uploads\/2023\/11\/NSK-2023-055-768x512.jpg 768w, https:\/\/nsk.hr\/wp-content\/uploads\/2023\/11\/NSK-2023-055-1536x1024.jpg 1536w, https:\/\/nsk.hr\/wp-content\/uploads\/2023\/11\/NSK-2023-055-2048x1366.jpg 2048w, https:\/\/nsk.hr\/wp-content\/uploads\/2023\/11\/NSK-2023-055-1620x1080.jpg 1620w, https:\/\/nsk.hr\/wp-content\/uploads\/2023\/11\/NSK-2023-055-scaled.jpg 1920w\" data-sizes=\"(max-width: 1024px) 100vw, 1024px\" src=\"data:image\/svg+xml;base64,PHN2ZyB3aWR0aD0iMSIgaGVpZ2h0PSIxIiB4bWxucz0iaHR0cDovL3d3dy53My5vcmcvMjAwMC9zdmciPjwvc3ZnPg==\" style=\"--smush-placeholder-width: 1024px; --smush-placeholder-aspect-ratio: 1024\/683;\" \/><\/figure>\n\n\n\n<section class=\"block-section quick-links-block quick-links-block--has-2-col\">\n\n    <h2 class=\"quick-links-block__title\"><\/h2>\n\n    <ul class=\"quick-links-block__list list-unstyled\">\n                                <li class=\"quick-links-block__item\">\n                <a href=\"https:\/\/katalog.nsk.hr\/F?RN=511162293\" class=\"quick-links-block__link\">\n                    <span class=\"text\">\n                        NSK Catalogue                    <\/span>\n                    <svg xmlns=\"http:\/\/www.w3.org\/2000\/svg\" width=\"28\" height=\"28\" viewBox=\"0 0 28 28\" fill=\"none\">\n                        <path d=\"M19.8864 7L18.7095 8.17654L23.7027 13.1681H2V14.8321H23.7026L18.7095 19.8235L19.8864 21L26.8889 14L19.8864 7Z\" fill=\"#231F20\"><\/path>\n                    <\/svg>\n                <\/a>\n            <\/li>\n                                <li class=\"quick-links-block__item\">\n                <a href=\"https:\/\/nsk.hr\/en\/nsk-holdings\/nsk-digital-collections\/\" class=\"quick-links-block__link\">\n                    <span class=\"text\">\n                        NSK Digital Collections                    <\/span>\n                    <svg xmlns=\"http:\/\/www.w3.org\/2000\/svg\" width=\"28\" height=\"28\" viewBox=\"0 0 28 28\" fill=\"none\">\n                        <path d=\"M19.8864 7L18.7095 8.17654L23.7027 13.1681H2V14.8321H23.7026L18.7095 19.8235L19.8864 21L26.8889 14L19.8864 7Z\" fill=\"#231F20\"><\/path>\n                    <\/svg>\n                <\/a>\n            <\/li>\n                                <li class=\"quick-links-block__item\">\n                <a href=\"http:\/\/stari.nsk.hr\/dak\/\" class=\"quick-links-block__link\">\n                    <span class=\"text\">\n                        Digitised Alphabetical Card Catalogue \u2013 Books                    <\/span>\n                    <svg xmlns=\"http:\/\/www.w3.org\/2000\/svg\" width=\"28\" height=\"28\" viewBox=\"0 0 28 28\" fill=\"none\">\n                        <path d=\"M19.8864 7L18.7095 8.17654L23.7027 13.1681H2V14.8321H23.7026L18.7095 19.8235L19.8864 21L26.8889 14L19.8864 7Z\" fill=\"#231F20\"><\/path>\n                    <\/svg>\n                <\/a>\n            <\/li>\n                                <li class=\"quick-links-block__item\">\n                <a href=\"http:\/\/stari.nsk.hr\/ruk\/\" class=\"quick-links-block__link\">\n                    <span class=\"text\">\n                        Digitised Alphabetical Card Catalogue \u2013 NSK Manuscripts and Old Books Collection titles                    <\/span>\n                    <svg xmlns=\"http:\/\/www.w3.org\/2000\/svg\" width=\"28\" height=\"28\" viewBox=\"0 0 28 28\" fill=\"none\">\n                        <path d=\"M19.8864 7L18.7095 8.17654L23.7027 13.1681H2V14.8321H23.7026L18.7095 19.8235L19.8864 21L26.8889 14L19.8864 7Z\" fill=\"#231F20\"><\/path>\n                    <\/svg>\n                <\/a>\n            <\/li>\n                                <li class=\"quick-links-block__item\">\n                <a href=\"http:\/\/stari.nsk.hr\/muz\/\" class=\"quick-links-block__link\">\n                    <span class=\"text\">\n                        Digitised Alphabetical Card Catalogue \u2013 NSK Music Collection titles                    <\/span>\n                    <svg xmlns=\"http:\/\/www.w3.org\/2000\/svg\" width=\"28\" height=\"28\" viewBox=\"0 0 28 28\" fill=\"none\">\n                        <path d=\"M19.8864 7L18.7095 8.17654L23.7027 13.1681H2V14.8321H23.7026L18.7095 19.8235L19.8864 21L26.8889 14L19.8864 7Z\" fill=\"#231F20\"><\/path>\n                    <\/svg>\n                <\/a>\n            <\/li>\n                                <li class=\"quick-links-block__item\">\n                <a href=\"http:\/\/baze.nsk.hr\/\" class=\"quick-links-block__link\">\n                    <span class=\"text\">\n                        eResources                    <\/span>\n                    <svg xmlns=\"http:\/\/www.w3.org\/2000\/svg\" width=\"28\" height=\"28\" viewBox=\"0 0 28 28\" fill=\"none\">\n                        <path d=\"M19.8864 7L18.7095 8.17654L23.7027 13.1681H2V14.8321H23.7026L18.7095 19.8235L19.8864 21L26.8889 14L19.8864 7Z\" fill=\"#231F20\"><\/path>\n                    <\/svg>\n                <\/a>\n            <\/li>\n                                <li class=\"quick-links-block__item\">\n                <a href=\"https:\/\/zir.nsk.hr\/en\" class=\"quick-links-block__link\">\n                    <span class=\"text\">\n                        Croatian Digital Theses Repository                    <\/span>\n                    <svg xmlns=\"http:\/\/www.w3.org\/2000\/svg\" width=\"28\" height=\"28\" viewBox=\"0 0 28 28\" fill=\"none\">\n                        <path d=\"M19.8864 7L18.7095 8.17654L23.7027 13.1681H2V14.8321H23.7026L18.7095 19.8235L19.8864 21L26.8889 14L19.8864 7Z\" fill=\"#231F20\"><\/path>\n                    <\/svg>\n                <\/a>\n            <\/li>\n                                <li class=\"quick-links-block__item\">\n                <a href=\"https:\/\/dr.nsk.hr\/en\" class=\"quick-links-block__link\">\n                    <span class=\"text\">\n                        Croatian Digital Dissertations Repository                    <\/span>\n                    <svg xmlns=\"http:\/\/www.w3.org\/2000\/svg\" width=\"28\" height=\"28\" viewBox=\"0 0 28 28\" fill=\"none\">\n                        <path d=\"M19.8864 7L18.7095 8.17654L23.7027 13.1681H2V14.8321H23.7026L18.7095 19.8235L19.8864 21L26.8889 14L19.8864 7Z\" fill=\"#231F20\"><\/path>\n                    <\/svg>\n                <\/a>\n            <\/li>\n                                <li class=\"quick-links-block__item\">\n                <a href=\"https:\/\/repozitorij.unizg.hr\/en\" class=\"quick-links-block__link\">\n                    <span class=\"text\">\n                        University of Zagreb Repository                    <\/span>\n                    <svg xmlns=\"http:\/\/www.w3.org\/2000\/svg\" width=\"28\" height=\"28\" viewBox=\"0 0 28 28\" fill=\"none\">\n                        <path d=\"M19.8864 7L18.7095 8.17654L23.7027 13.1681H2V14.8321H23.7026L18.7095 19.8235L19.8864 21L26.8889 14L19.8864 7Z\" fill=\"#231F20\"><\/path>\n                    <\/svg>\n                <\/a>\n            <\/li>\n                                <li class=\"quick-links-block__item\">\n                <a href=\"https:\/\/haw.nsk.hr\/en\/\" class=\"quick-links-block__link\">\n                    <span class=\"text\">\n                        Croatian Web Archive                    <\/span>\n                    <svg xmlns=\"http:\/\/www.w3.org\/2000\/svg\" width=\"28\" height=\"28\" viewBox=\"0 0 28 28\" fill=\"none\">\n                        <path d=\"M19.8864 7L18.7095 8.17654L23.7027 13.1681H2V14.8321H23.7026L18.7095 19.8235L19.8864 21L26.8889 14L19.8864 7Z\" fill=\"#231F20\"><\/path>\n                    <\/svg>\n                <\/a>\n            <\/li>\n                                <li class=\"quick-links-block__item\">\n                <a href=\"http:\/\/dnc.nsk.hr\/newspapers\/English.aspx\" class=\"quick-links-block__link\">\n                    <span class=\"text\">\n                        Historical Newspapers                    <\/span>\n                    <svg xmlns=\"http:\/\/www.w3.org\/2000\/svg\" width=\"28\" height=\"28\" viewBox=\"0 0 28 28\" fill=\"none\">\n                        <path d=\"M19.8864 7L18.7095 8.17654L23.7027 13.1681H2V14.8321H23.7026L18.7095 19.8235L19.8864 21L26.8889 14L19.8864 7Z\" fill=\"#231F20\"><\/path>\n                    <\/svg>\n                <\/a>\n            <\/li>\n                                <li class=\"quick-links-block__item\">\n                <a href=\"http:\/\/dnc.nsk.hr\/Journals\/\" class=\"quick-links-block__link\">\n                    <span class=\"text\">\n                        Historical Journals                    <\/span>\n                    <svg xmlns=\"http:\/\/www.w3.org\/2000\/svg\" width=\"28\" height=\"28\" viewBox=\"0 0 28 28\" fill=\"none\">\n                        <path d=\"M19.8864 7L18.7095 8.17654L23.7027 13.1681H2V14.8321H23.7026L18.7095 19.8235L19.8864 21L26.8889 14L19.8864 7Z\" fill=\"#231F20\"><\/path>\n                    <\/svg>\n                <\/a>\n            <\/li>\n                                <li class=\"quick-links-block__item\">\n                <a href=\"https:\/\/nsk.hr\/hrvatske-nacionalne-bibliografije\/\" class=\"quick-links-block__link\">\n                    <span class=\"text\">\n                        Croatian national bibliographies                    <\/span>\n                    <svg xmlns=\"http:\/\/www.w3.org\/2000\/svg\" width=\"28\" height=\"28\" viewBox=\"0 0 28 28\" fill=\"none\">\n                        <path d=\"M19.8864 7L18.7095 8.17654L23.7027 13.1681H2V14.8321H23.7026L18.7095 19.8235L19.8864 21L26.8889 14L19.8864 7Z\" fill=\"#231F20\"><\/path>\n                    <\/svg>\n                <\/a>\n            <\/li>\n            <\/ul>\n<\/section>","protected":false},"excerpt":{"rendered":"<p>Printed, electronic and digital resources in the collections of NSK, the National and University Library in Zagreb, may be searched through various information sources,&#8230;<\/p>\n","protected":false},"author":11,"featured_media":0,"parent":0,"menu_order":0,"comment_status":"closed","ping_status":"closed","template":"","meta":{"_acf_changed":true,"ngg_post_thumbnail":0,"footnotes":""},"class_list":["post-86536","page","type-page","status-publish","hentry"],"acf":[],"yoast_head":"<!-- This site is optimized with the Yoast SEO plugin v25.4 - https:\/\/yoast.com\/wordpress\/plugins\/seo\/ -->\n<title>Catalogues and research resources - Nacionalna i sveu\u010dili\u0161na knji\u017enica u Zagrebu<\/title>\n<meta name=\"description\" content=\"Around 3.6 million resources in the collections of NSK, the National and University Library in Zagreb, may be searched through various information sources \u2013 catalogues, online databases, repositories and other data aggregation systems.\" \/>\n<meta name=\"robots\" content=\"index, follow, max-snippet:-1, max-image-preview:large, max-video-preview:-1\" \/>\n<link rel=\"canonical\" href=\"https:\/\/nsk.hr\/en\/catalogues-and-search-sources\/\" \/>\n<meta property=\"og:locale\" content=\"en_US\" \/>\n<meta property=\"og:type\" content=\"article\" \/>\n<meta property=\"og:title\" content=\"Catalogues and research resources - Nacionalna i sveu\u010dili\u0161na knji\u017enica u Zagrebu\" \/>\n<meta property=\"og:description\" content=\"Around 3.6 million resources in the collections of NSK, the National and University Library in Zagreb, may be searched through various information sources \u2013 catalogues, online databases, repositories and other data aggregation systems.\" \/>\n<meta property=\"og:url\" content=\"https:\/\/nsk.hr\/en\/catalogues-and-search-sources\/\" \/>\n<meta property=\"og:site_name\" content=\"Nacionalna i sveu\u010dili\u0161na knji\u017enica u Zagrebu\" \/>\n<meta property=\"article:modified_time\" content=\"2024-12-11T10:39:08+00:00\" \/>\n<meta property=\"og:image\" content=\"https:\/\/nsk.hr\/wp-content\/uploads\/2023\/11\/NSK-2023-055-scaled.jpg\" \/>\n\t<meta property=\"og:image:width\" content=\"1920\" \/>\n\t<meta property=\"og:image:height\" content=\"1280\" \/>\n\t<meta property=\"og:image:type\" content=\"image\/jpeg\" \/>\n<meta name=\"twitter:card\" content=\"summary_large_image\" \/>\n<meta name=\"twitter:label1\" content=\"Est. reading time\" \/>\n\t<meta name=\"twitter:data1\" content=\"1 minute\" \/>\n<script type=\"application\/ld+json\" class=\"yoast-schema-graph\">{\"@context\":\"https:\/\/schema.org\",\"@graph\":[{\"@type\":\"WebPage\",\"@id\":\"https:\/\/nsk.hr\/en\/catalogues-and-search-sources\/\",\"url\":\"https:\/\/nsk.hr\/en\/catalogues-and-search-sources\/\",\"name\":\"Catalogues and research resources - Nacionalna i sveu\u010dili\u0161na knji\u017enica u Zagrebu\",\"isPartOf\":{\"@id\":\"https:\/\/nsk.hr\/en\/#website\"},\"primaryImageOfPage\":{\"@id\":\"https:\/\/nsk.hr\/en\/catalogues-and-search-sources\/#primaryimage\"},\"image\":{\"@id\":\"https:\/\/nsk.hr\/en\/catalogues-and-search-sources\/#primaryimage\"},\"thumbnailUrl\":\"https:\/\/nsk.hr\/wp-content\/uploads\/2023\/11\/NSK-2023-055-1024x683.jpg\",\"datePublished\":\"2023-10-03T05:53:08+00:00\",\"dateModified\":\"2024-12-11T10:39:08+00:00\",\"description\":\"Around 3.6 million resources in the collections of NSK, the National and University Library in Zagreb, may be searched through various information sources \u2013 catalogues, online databases, repositories and other data aggregation systems.\",\"breadcrumb\":{\"@id\":\"https:\/\/nsk.hr\/en\/catalogues-and-search-sources\/#breadcrumb\"},\"inLanguage\":\"en-US\",\"potentialAction\":[{\"@type\":\"ReadAction\",\"target\":[\"https:\/\/nsk.hr\/en\/catalogues-and-search-sources\/\"]}]},{\"@type\":\"ImageObject\",\"inLanguage\":\"en-US\",\"@id\":\"https:\/\/nsk.hr\/en\/catalogues-and-search-sources\/#primaryimage\",\"url\":\"https:\/\/nsk.hr\/wp-content\/uploads\/2023\/11\/NSK-2023-055-1024x683.jpg\",\"contentUrl\":\"https:\/\/nsk.hr\/wp-content\/uploads\/2023\/11\/NSK-2023-055-1024x683.jpg\"},{\"@type\":\"BreadcrumbList\",\"@id\":\"https:\/\/nsk.hr\/en\/catalogues-and-search-sources\/#breadcrumb\",\"itemListElement\":[{\"@type\":\"ListItem\",\"position\":1,\"name\":\"Homepage\",\"item\":\"https:\/\/nsk.hr\/en\/\"},{\"@type\":\"ListItem\",\"position\":2,\"name\":\"Catalogues and research resources\"}]},{\"@type\":\"WebSite\",\"@id\":\"https:\/\/nsk.hr\/en\/#website\",\"url\":\"https:\/\/nsk.hr\/en\/\",\"name\":\"Nacionalna i sveu\u010dili\u0161na knji\u017enica u Zagrebu\",\"description\":\"\",\"potentialAction\":[{\"@type\":\"SearchAction\",\"target\":{\"@type\":\"EntryPoint\",\"urlTemplate\":\"https:\/\/nsk.hr\/en\/?s={search_term_string}\"},\"query-input\":{\"@type\":\"PropertyValueSpecification\",\"valueRequired\":true,\"valueName\":\"search_term_string\"}}],\"inLanguage\":\"en-US\"}]}<\/script>\n<!-- \/ Yoast SEO plugin. -->","yoast_head_json":{"title":"Catalogues and research resources - Nacionalna i sveu\u010dili\u0161na knji\u017enica u Zagrebu","description":"Around 3.6 million resources in the collections of NSK, the National and University Library in Zagreb, may be searched through various information sources \u2013 catalogues, online databases, repositories and other data aggregation systems.","robots":{"index":"index","follow":"follow","max-snippet":"max-snippet:-1","max-image-preview":"max-image-preview:large","max-video-preview":"max-video-preview:-1"},"canonical":"https:\/\/nsk.hr\/en\/catalogues-and-search-sources\/","og_locale":"en_US","og_type":"article","og_title":"Catalogues and research resources - Nacionalna i sveu\u010dili\u0161na knji\u017enica u Zagrebu","og_description":"Around 3.6 million resources in the collections of NSK, the National and University Library in Zagreb, may be searched through various information sources \u2013 catalogues, online databases, repositories and other data aggregation systems.","og_url":"https:\/\/nsk.hr\/en\/catalogues-and-search-sources\/","og_site_name":"Nacionalna i sveu\u010dili\u0161na knji\u017enica u Zagrebu","article_modified_time":"2024-12-11T10:39:08+00:00","og_image":[{"width":1920,"height":1280,"url":"https:\/\/nsk.hr\/wp-content\/uploads\/2023\/11\/NSK-2023-055-scaled.jpg","type":"image\/jpeg"}],"twitter_card":"summary_large_image","twitter_misc":{"Est. reading time":"1 minute"},"schema":{"@context":"https:\/\/schema.org","@graph":[{"@type":"WebPage","@id":"https:\/\/nsk.hr\/en\/catalogues-and-search-sources\/","url":"https:\/\/nsk.hr\/en\/catalogues-and-search-sources\/","name":"Catalogues and research resources - Nacionalna i sveu\u010dili\u0161na knji\u017enica u Zagrebu","isPartOf":{"@id":"https:\/\/nsk.hr\/en\/#website"},"primaryImageOfPage":{"@id":"https:\/\/nsk.hr\/en\/catalogues-and-search-sources\/#primaryimage"},"image":{"@id":"https:\/\/nsk.hr\/en\/catalogues-and-search-sources\/#primaryimage"},"thumbnailUrl":"https:\/\/nsk.hr\/wp-content\/uploads\/2023\/11\/NSK-2023-055-1024x683.jpg","datePublished":"2023-10-03T05:53:08+00:00","dateModified":"2024-12-11T10:39:08+00:00","description":"Around 3.6 million resources in the collections of NSK, the National and University Library in Zagreb, may be searched through various information sources \u2013 catalogues, online databases, repositories and other data aggregation systems.","breadcrumb":{"@id":"https:\/\/nsk.hr\/en\/catalogues-and-search-sources\/#breadcrumb"},"inLanguage":"en-US","potentialAction":[{"@type":"ReadAction","target":["https:\/\/nsk.hr\/en\/catalogues-and-search-sources\/"]}]},{"@type":"ImageObject","inLanguage":"en-US","@id":"https:\/\/nsk.hr\/en\/catalogues-and-search-sources\/#primaryimage","url":"https:\/\/nsk.hr\/wp-content\/uploads\/2023\/11\/NSK-2023-055-1024x683.jpg","contentUrl":"https:\/\/nsk.hr\/wp-content\/uploads\/2023\/11\/NSK-2023-055-1024x683.jpg"},{"@type":"BreadcrumbList","@id":"https:\/\/nsk.hr\/en\/catalogues-and-search-sources\/#breadcrumb","itemListElement":[{"@type":"ListItem","position":1,"name":"Homepage","item":"https:\/\/nsk.hr\/en\/"},{"@type":"ListItem","position":2,"name":"Catalogues and research resources"}]},{"@type":"WebSite","@id":"https:\/\/nsk.hr\/en\/#website","url":"https:\/\/nsk.hr\/en\/","name":"Nacionalna i sveu\u010dili\u0161na knji\u017enica u Zagrebu","description":"","potentialAction":[{"@type":"SearchAction","target":{"@type":"EntryPoint","urlTemplate":"https:\/\/nsk.hr\/en\/?s={search_term_string}"},"query-input":{"@type":"PropertyValueSpecification","valueRequired":true,"valueName":"search_term_string"}}],"inLanguage":"en-US"}]}},"_links":{"self":[{"href":"https:\/\/nsk.hr\/en\/wp-json\/wp\/v2\/pages\/86536","targetHints":{"allow":["GET"]}}],"collection":[{"href":"https:\/\/nsk.hr\/en\/wp-json\/wp\/v2\/pages"}],"about":[{"href":"https:\/\/nsk.hr\/en\/wp-json\/wp\/v2\/types\/page"}],"author":[{"embeddable":true,"href":"https:\/\/nsk.hr\/en\/wp-json\/wp\/v2\/users\/11"}],"replies":[{"embeddable":true,"href":"https:\/\/nsk.hr\/en\/wp-json\/wp\/v2\/comments?post=86536"}],"version-history":[{"count":9,"href":"https:\/\/nsk.hr\/en\/wp-json\/wp\/v2\/pages\/86536\/revisions"}],"predecessor-version":[{"id":93937,"href":"https:\/\/nsk.hr\/en\/wp-json\/wp\/v2\/pages\/86536\/revisions\/93937"}],"wp:attachment":[{"href":"https:\/\/nsk.hr\/en\/wp-json\/wp\/v2\/media?parent=86536"}],"curies":[{"name":"wp","href":"https:\/\/api.w.org\/{rel}","templated":true}]}}