{"id":86527,"date":"2023-09-29T12:46:10","date_gmt":"2023-09-29T10:46:10","guid":{"rendered":"https:\/\/nsk.hr\/?page_id=86527"},"modified":"2024-06-04T17:01:39","modified_gmt":"2024-06-04T15:01:39","slug":"reading-rooms","status":"publish","type":"page","link":"https:\/\/nsk.hr\/en\/reading-rooms\/","title":{"rendered":"Reading rooms"},"content":{"rendered":"\n<p class=\"is-style-lead\">NSK, the National and University Library in Zagreb, provides more than 1,000 reading room seats offering peace and quiet and its study facilities also include spaces for group and individual study.<\/p>\n\n\n\n<figure class=\"wp-block-image size-large\"><img decoding=\"async\" width=\"1024\" height=\"683\" data-src=\"https:\/\/nsk.hr\/wp-content\/uploads\/2023\/11\/NSK-2023-114-1024x683.jpg\" alt=\"A reading room of NSK, the National and University Library in Zagreb.\" class=\"wp-image-86528 lazyload\" data-srcset=\"https:\/\/nsk.hr\/wp-content\/uploads\/2023\/11\/NSK-2023-114-1024x683.jpg 1024w, https:\/\/nsk.hr\/wp-content\/uploads\/2023\/11\/NSK-2023-114-300x200.jpg 300w, https:\/\/nsk.hr\/wp-content\/uploads\/2023\/11\/NSK-2023-114-768x512.jpg 768w, https:\/\/nsk.hr\/wp-content\/uploads\/2023\/11\/NSK-2023-114-1536x1024.jpg 1536w, https:\/\/nsk.hr\/wp-content\/uploads\/2023\/11\/NSK-2023-114-2048x1365.jpg 2048w, https:\/\/nsk.hr\/wp-content\/uploads\/2023\/11\/NSK-2023-114-1620x1080.jpg 1620w, https:\/\/nsk.hr\/wp-content\/uploads\/2023\/11\/NSK-2023-114-scaled.jpg 1860w\" data-sizes=\"(max-width: 1024px) 100vw, 1024px\" src=\"data:image\/svg+xml;base64,PHN2ZyB3aWR0aD0iMSIgaGVpZ2h0PSIxIiB4bWxucz0iaHR0cDovL3d3dy53My5vcmcvMjAwMC9zdmciPjwvc3ZnPg==\" style=\"--smush-placeholder-width: 1024px; --smush-placeholder-aspect-ratio: 1024\/683;\" \/><\/figure>\n\n\n\n<p>Use our reading rooms to access the items in <a href=\"https:\/\/nsk.hr\/en\/nsk-collections\/\">our collections<\/a> and closed stack items or simply as a space ideal for reading, study or research. <\/p>\n\n\n\n<p>Free WiFi internet access is available in all our spaces \u2013 you may bring in your laptop computer and use our open access computers.<\/p>\n\n\n\n<h2 class=\"wp-block-heading\"><strong>Reading rooms collections<\/strong><\/h2>\n\n\n\n<p>Apart from study spaces, our reading rooms also make available specially curated collections bringing together library material related to specific themes or areas and the collection which NSK compiles as the central library of the <a href=\"https:\/\/www.unizg.hr\/homepage\/\">University of Zagreb<\/a>.<\/p>\n\n\n\n<figure class=\"wp-block-image size-large\"><img decoding=\"async\" width=\"1024\" height=\"683\" data-src=\"https:\/\/nsk.hr\/wp-content\/uploads\/2023\/11\/NSK-2023-072-1024x683.jpg\" alt=\"A reading room of NSK, the National and University Library in Zagreb.\" class=\"wp-image-86530 lazyload\" data-srcset=\"https:\/\/nsk.hr\/wp-content\/uploads\/2023\/11\/NSK-2023-072-1024x683.jpg 1024w, https:\/\/nsk.hr\/wp-content\/uploads\/2023\/11\/NSK-2023-072-300x200.jpg 300w, https:\/\/nsk.hr\/wp-content\/uploads\/2023\/11\/NSK-2023-072-768x512.jpg 768w, https:\/\/nsk.hr\/wp-content\/uploads\/2023\/11\/NSK-2023-072-1536x1024.jpg 1536w, https:\/\/nsk.hr\/wp-content\/uploads\/2023\/11\/NSK-2023-072-2048x1366.jpg 2048w, https:\/\/nsk.hr\/wp-content\/uploads\/2023\/11\/NSK-2023-072-1620x1080.jpg 1620w, https:\/\/nsk.hr\/wp-content\/uploads\/2023\/11\/NSK-2023-072-scaled.jpg 1920w\" data-sizes=\"(max-width: 1024px) 100vw, 1024px\" src=\"data:image\/svg+xml;base64,PHN2ZyB3aWR0aD0iMSIgaGVpZ2h0PSIxIiB4bWxucz0iaHR0cDovL3d3dy53My5vcmcvMjAwMC9zdmciPjwvc3ZnPg==\" style=\"--smush-placeholder-width: 1024px; --smush-placeholder-aspect-ratio: 1024\/683;\" \/><\/figure>\n\n\n\n<p>All <a href=\"https:\/\/nsk.hr\/en\/nsk-collections\/nsk-reading-rooms-collections\/\">reading rooms collections<\/a> apart from the <a href=\"https:\/\/nsk.hr\/en\/nsk-collections\/nsk-reading-rooms-collections\/foreign-croatica-collection\/\">Foreign Croatica Collection<\/a> and Doctoral and Master\u2019s Theses Collection offer easy access to their material on open access shelves.<\/p>\n\n\n\n<section class=\"nsk-section nsk-button position-relative my-6\" >\n\t<div class=\"container\">\n\t\t<div class=\"row\">\n\t\t\t<div class=\"col-12\">\n\t\t\t\t<div class=\"nsk-button__button\">\n\t\t\t\t\t\t\t\t\t\t\t<div class=\"nsk-button__link-wrap text-center text-lg-left\">\n\t\t\t\t\t\t\t\n<a   href=\"https:\/\/nsk.hr\/en\/nsk-collections\/nsk-reading-rooms-collections\/\" class=\"btn btn-primary align-items-center text-image-block__button btn-lg  align-items-center justify-content-center\"   >\n\t\t\t\t\t<span class=\"text\">Learn more<\/span>\n\t<\/a>\n\t\t\t\t\t\t<\/div>\n\t\t\t\t\t\t\t\t\t<\/div>\n\t\t\t<\/div>\n\t\t<\/div>\n\t<\/div>\n<\/section>\n\n\n\n<h2 class=\"wp-block-heading\"><strong>Periodicals Reading Room<\/strong><\/h2>\n\n\n\n<p>In our Periodicals Reading Room, on Floor 3, you may access serial publications (newspapers, journals, conference proceedings and similar collective works, calendars) issued in Croatia as well as closed stack titles published before 1900. <\/p>\n\n\n\n<p><a>Newspapers and serials on microfilm are also available and may be viewed on microfilm readers.<\/a><\/p>\n\n\n\n<section class=\"nsk-section nsk-button position-relative my-6\" >\n\t<div class=\"container\">\n\t\t<div class=\"row\">\n\t\t\t<div class=\"col-12\">\n\t\t\t\t<div class=\"nsk-button__button\">\n\t\t\t\t\t\t\t\t\t\t\t<div class=\"nsk-button__link-wrap text-center text-lg-left\">\n\t\t\t\t\t\t\t\n<a   href=\"https:\/\/nsk.hr\/en\/reading-rooms\/nsk-periodicals-reading-room\/\" class=\"btn btn-primary align-items-center text-image-block__button btn-lg  align-items-center justify-content-center\"   >\n\t\t\t\t\t<span class=\"text\">Learn more<\/span>\n\t<\/a>\n\t\t\t\t\t\t<\/div>\n\t\t\t\t\t\t\t\t\t<\/div>\n\t\t\t<\/div>\n\t\t<\/div>\n\t<\/div>\n<\/section>\n\n\n\n<h2 class=\"wp-block-heading\"><strong>NSK Special Collections Reading Rooms<\/strong><\/h2>\n\n\n\n<p>Each of our special collections has an accompanying reading room, offering access to the Library\u2019s greatest treasures, the gems of Croatia\u2019s and the world\u2019s cultural heritage.<\/p>\n\n\n\n<section class=\"block-section quick-links-block quick-links-block--has-2-col\">\n\n    <h2 class=\"quick-links-block__title\"><\/h2>\n\n    <ul class=\"quick-links-block__list list-unstyled\">\n                                <li class=\"quick-links-block__item\">\n                <a href=\"https:\/\/nsk.hr\/en\/nsk-collections\/nsk-manuscripts-and-old-books-collection\/\" class=\"quick-links-block__link\">\n                    <span class=\"text\">\n                        NSK Manuscripts and Old Books Collection                    <\/span>\n                    <svg xmlns=\"http:\/\/www.w3.org\/2000\/svg\" width=\"28\" height=\"28\" viewBox=\"0 0 28 28\" fill=\"none\">\n                        <path d=\"M19.8864 7L18.7095 8.17654L23.7027 13.1681H2V14.8321H23.7026L18.7095 19.8235L19.8864 21L26.8889 14L19.8864 7Z\" fill=\"#231F20\"><\/path>\n                    <\/svg>\n                <\/a>\n            <\/li>\n                                <li class=\"quick-links-block__item\">\n                <a href=\"https:\/\/nsk.hr\/zbirke\/graficka-zbirka\/\" class=\"quick-links-block__link\">\n                    <span class=\"text\">\n                        NSK Print Collection                    <\/span>\n                    <svg xmlns=\"http:\/\/www.w3.org\/2000\/svg\" width=\"28\" height=\"28\" viewBox=\"0 0 28 28\" fill=\"none\">\n                        <path d=\"M19.8864 7L18.7095 8.17654L23.7027 13.1681H2V14.8321H23.7026L18.7095 19.8235L19.8864 21L26.8889 14L19.8864 7Z\" fill=\"#231F20\"><\/path>\n                    <\/svg>\n                <\/a>\n            <\/li>\n                                <li class=\"quick-links-block__item\">\n                <a href=\"https:\/\/nsk.hr\/zbirke\/zbirka-muzikalija-i-audiomaterijala\/\" class=\"quick-links-block__link\">\n                    <span class=\"text\">\n                        NSK Music Collection                    <\/span>\n                    <svg xmlns=\"http:\/\/www.w3.org\/2000\/svg\" width=\"28\" height=\"28\" viewBox=\"0 0 28 28\" fill=\"none\">\n                        <path d=\"M19.8864 7L18.7095 8.17654L23.7027 13.1681H2V14.8321H23.7026L18.7095 19.8235L19.8864 21L26.8889 14L19.8864 7Z\" fill=\"#231F20\"><\/path>\n                    <\/svg>\n                <\/a>\n            <\/li>\n                                <li class=\"quick-links-block__item\">\n                <a href=\"https:\/\/nsk.hr\/zbirke\/zbirka-zemljovida-i-atlasa\/\" class=\"quick-links-block__link\">\n                    <span class=\"text\">\n                        NSK Map Collection                    <\/span>\n                    <svg xmlns=\"http:\/\/www.w3.org\/2000\/svg\" width=\"28\" height=\"28\" viewBox=\"0 0 28 28\" fill=\"none\">\n                        <path d=\"M19.8864 7L18.7095 8.17654L23.7027 13.1681H2V14.8321H23.7026L18.7095 19.8235L19.8864 21L26.8889 14L19.8864 7Z\" fill=\"#231F20\"><\/path>\n                    <\/svg>\n                <\/a>\n            <\/li>\n            <\/ul>\n<\/section>\n\n\n<h2 class=\"wp-block-heading\"><strong>Opening hours<\/strong><\/h2>\n\n\n<section  class=\"block-section two-columns-block has-2-col\">\n    <div class=\"container\">\n\n        \n        <div class=\"two-columns-block__container\">\n\n            <div class=\"two-columns-block__column richText\">\n                                    <h3>Mezzanine Floor and Floors 1, 3 and 4<\/h3>\n                                <p>Monday \u2013 Friday 8.00 \u2013 21.00<\/p>\n<p>Saturday 9.00 \u2013 14.00<\/p>\n            <\/div><!-- .col-1 -->\n\n                            <div class=\"two-columns-block__column richText\">\n                                                                        <h3>Ground Floor<\/h3>\n                                                <p>Monday \u2013 Friday 8.00 \u2013 24.00<\/p>\n<p>Saturday 9.00 \u2013 14.00<\/p>\n                    \n                <\/div><!-- .col-2 -->\n            \n        <\/div>\n\n    <\/div>\n<\/section>\n\n<section  class=\"block-section two-columns-block has-1-col\">\n    <div class=\"container\">\n\n        \n        <div class=\"two-columns-block__container\">\n\n            <div class=\"two-columns-block__column richText\">\n                                    <h3>Lower Ground Floor and Floor 2<\/h3>\n                                <p>Monday \u2013 Friday 8.00 \u2013 16.00<\/p>\n            <\/div><!-- .col-1 -->\n\n            \n        <\/div>\n\n    <\/div>\n<\/section>","protected":false},"excerpt":{"rendered":"<p>NSK, the National and University Library in Zagreb, provides more than 1,000 reading room seats offering peace and quiet and its study facilities also&#8230;<\/p>\n","protected":false},"author":11,"featured_media":81073,"parent":0,"menu_order":0,"comment_status":"closed","ping_status":"closed","template":"","meta":{"_acf_changed":false,"ngg_post_thumbnail":0,"footnotes":""},"class_list":["post-86527","page","type-page","status-publish","has-post-thumbnail","hentry"],"acf":[],"yoast_head":"<!-- This site is optimized with the Yoast SEO plugin v25.4 - https:\/\/yoast.com\/wordpress\/plugins\/seo\/ -->\n<title>Reading rooms - Nacionalna i sveu\u010dili\u0161na knji\u017enica u Zagrebu<\/title>\n<meta name=\"description\" content=\"NSK, the National and University Library in Zagreb, provides more than 1,000 reading room seats offering peace and quiet and its study facilities also include spaces for group and individual study.\" \/>\n<meta name=\"robots\" content=\"index, follow, max-snippet:-1, max-image-preview:large, max-video-preview:-1\" \/>\n<link rel=\"canonical\" href=\"https:\/\/nsk.hr\/en\/reading-rooms\/\" \/>\n<meta property=\"og:locale\" content=\"en_US\" \/>\n<meta property=\"og:type\" content=\"article\" \/>\n<meta property=\"og:title\" content=\"Reading rooms - Nacionalna i sveu\u010dili\u0161na knji\u017enica u Zagrebu\" \/>\n<meta property=\"og:description\" content=\"NSK, the National and University Library in Zagreb, provides more than 1,000 reading room seats offering peace and quiet and its study facilities also include spaces for group and individual study.\" \/>\n<meta property=\"og:url\" content=\"https:\/\/nsk.hr\/en\/reading-rooms\/\" \/>\n<meta property=\"og:site_name\" content=\"Nacionalna i sveu\u010dili\u0161na knji\u017enica u Zagrebu\" \/>\n<meta property=\"article:modified_time\" content=\"2024-06-04T15:01:39+00:00\" \/>\n<meta property=\"og:image\" content=\"https:\/\/nsk.hr\/wp-content\/uploads\/2023\/09\/nsk196-scaled.jpg\" \/>\n\t<meta property=\"og:image:width\" content=\"1920\" \/>\n\t<meta property=\"og:image:height\" content=\"1280\" \/>\n\t<meta property=\"og:image:type\" content=\"image\/jpeg\" \/>\n<meta name=\"twitter:card\" content=\"summary_large_image\" \/>\n<meta name=\"twitter:label1\" content=\"Est. reading time\" \/>\n\t<meta name=\"twitter:data1\" content=\"2 minutes\" \/>\n<script type=\"application\/ld+json\" class=\"yoast-schema-graph\">{\"@context\":\"https:\/\/schema.org\",\"@graph\":[{\"@type\":\"WebPage\",\"@id\":\"https:\/\/nsk.hr\/en\/reading-rooms\/\",\"url\":\"https:\/\/nsk.hr\/en\/reading-rooms\/\",\"name\":\"Reading rooms - Nacionalna i sveu\u010dili\u0161na knji\u017enica u Zagrebu\",\"isPartOf\":{\"@id\":\"https:\/\/nsk.hr\/en\/#website\"},\"primaryImageOfPage\":{\"@id\":\"https:\/\/nsk.hr\/en\/reading-rooms\/#primaryimage\"},\"image\":{\"@id\":\"https:\/\/nsk.hr\/en\/reading-rooms\/#primaryimage\"},\"thumbnailUrl\":\"https:\/\/nsk.hr\/wp-content\/uploads\/2023\/09\/nsk196-scaled.jpg\",\"datePublished\":\"2023-09-29T10:46:10+00:00\",\"dateModified\":\"2024-06-04T15:01:39+00:00\",\"description\":\"NSK, the National and University Library in Zagreb, provides more than 1,000 reading room seats offering peace and quiet and its study facilities also include spaces for group and individual study.\",\"breadcrumb\":{\"@id\":\"https:\/\/nsk.hr\/en\/reading-rooms\/#breadcrumb\"},\"inLanguage\":\"en-US\",\"potentialAction\":[{\"@type\":\"ReadAction\",\"target\":[\"https:\/\/nsk.hr\/en\/reading-rooms\/\"]}]},{\"@type\":\"ImageObject\",\"inLanguage\":\"en-US\",\"@id\":\"https:\/\/nsk.hr\/en\/reading-rooms\/#primaryimage\",\"url\":\"https:\/\/nsk.hr\/wp-content\/uploads\/2023\/09\/nsk196-scaled.jpg\",\"contentUrl\":\"https:\/\/nsk.hr\/wp-content\/uploads\/2023\/09\/nsk196-scaled.jpg\",\"width\":1920,\"height\":1280,\"caption\":\"Zagreb, 031022. Nacionalna i sveucilisna knjiznica u Zagrebu. Foto: Boris Kovacev \/ CROPIX\"},{\"@type\":\"BreadcrumbList\",\"@id\":\"https:\/\/nsk.hr\/en\/reading-rooms\/#breadcrumb\",\"itemListElement\":[{\"@type\":\"ListItem\",\"position\":1,\"name\":\"Homepage\",\"item\":\"https:\/\/nsk.hr\/en\/\"},{\"@type\":\"ListItem\",\"position\":2,\"name\":\"Reading rooms\"}]},{\"@type\":\"WebSite\",\"@id\":\"https:\/\/nsk.hr\/en\/#website\",\"url\":\"https:\/\/nsk.hr\/en\/\",\"name\":\"Nacionalna i sveu\u010dili\u0161na knji\u017enica u Zagrebu\",\"description\":\"\",\"potentialAction\":[{\"@type\":\"SearchAction\",\"target\":{\"@type\":\"EntryPoint\",\"urlTemplate\":\"https:\/\/nsk.hr\/en\/?s={search_term_string}\"},\"query-input\":{\"@type\":\"PropertyValueSpecification\",\"valueRequired\":true,\"valueName\":\"search_term_string\"}}],\"inLanguage\":\"en-US\"}]}<\/script>\n<!-- \/ Yoast SEO plugin. -->","yoast_head_json":{"title":"Reading rooms - Nacionalna i sveu\u010dili\u0161na knji\u017enica u Zagrebu","description":"NSK, the National and University Library in Zagreb, provides more than 1,000 reading room seats offering peace and quiet and its study facilities also include spaces for group and individual study.","robots":{"index":"index","follow":"follow","max-snippet":"max-snippet:-1","max-image-preview":"max-image-preview:large","max-video-preview":"max-video-preview:-1"},"canonical":"https:\/\/nsk.hr\/en\/reading-rooms\/","og_locale":"en_US","og_type":"article","og_title":"Reading rooms - Nacionalna i sveu\u010dili\u0161na knji\u017enica u Zagrebu","og_description":"NSK, the National and University Library in Zagreb, provides more than 1,000 reading room seats offering peace and quiet and its study facilities also include spaces for group and individual study.","og_url":"https:\/\/nsk.hr\/en\/reading-rooms\/","og_site_name":"Nacionalna i sveu\u010dili\u0161na knji\u017enica u Zagrebu","article_modified_time":"2024-06-04T15:01:39+00:00","og_image":[{"width":1920,"height":1280,"url":"https:\/\/nsk.hr\/wp-content\/uploads\/2023\/09\/nsk196-scaled.jpg","type":"image\/jpeg"}],"twitter_card":"summary_large_image","twitter_misc":{"Est. reading time":"2 minutes"},"schema":{"@context":"https:\/\/schema.org","@graph":[{"@type":"WebPage","@id":"https:\/\/nsk.hr\/en\/reading-rooms\/","url":"https:\/\/nsk.hr\/en\/reading-rooms\/","name":"Reading rooms - Nacionalna i sveu\u010dili\u0161na knji\u017enica u Zagrebu","isPartOf":{"@id":"https:\/\/nsk.hr\/en\/#website"},"primaryImageOfPage":{"@id":"https:\/\/nsk.hr\/en\/reading-rooms\/#primaryimage"},"image":{"@id":"https:\/\/nsk.hr\/en\/reading-rooms\/#primaryimage"},"thumbnailUrl":"https:\/\/nsk.hr\/wp-content\/uploads\/2023\/09\/nsk196-scaled.jpg","datePublished":"2023-09-29T10:46:10+00:00","dateModified":"2024-06-04T15:01:39+00:00","description":"NSK, the National and University Library in Zagreb, provides more than 1,000 reading room seats offering peace and quiet and its study facilities also include spaces for group and individual study.","breadcrumb":{"@id":"https:\/\/nsk.hr\/en\/reading-rooms\/#breadcrumb"},"inLanguage":"en-US","potentialAction":[{"@type":"ReadAction","target":["https:\/\/nsk.hr\/en\/reading-rooms\/"]}]},{"@type":"ImageObject","inLanguage":"en-US","@id":"https:\/\/nsk.hr\/en\/reading-rooms\/#primaryimage","url":"https:\/\/nsk.hr\/wp-content\/uploads\/2023\/09\/nsk196-scaled.jpg","contentUrl":"https:\/\/nsk.hr\/wp-content\/uploads\/2023\/09\/nsk196-scaled.jpg","width":1920,"height":1280,"caption":"Zagreb, 031022. Nacionalna i sveucilisna knjiznica u Zagrebu. Foto: Boris Kovacev \/ CROPIX"},{"@type":"BreadcrumbList","@id":"https:\/\/nsk.hr\/en\/reading-rooms\/#breadcrumb","itemListElement":[{"@type":"ListItem","position":1,"name":"Homepage","item":"https:\/\/nsk.hr\/en\/"},{"@type":"ListItem","position":2,"name":"Reading rooms"}]},{"@type":"WebSite","@id":"https:\/\/nsk.hr\/en\/#website","url":"https:\/\/nsk.hr\/en\/","name":"Nacionalna i sveu\u010dili\u0161na knji\u017enica u Zagrebu","description":"","potentialAction":[{"@type":"SearchAction","target":{"@type":"EntryPoint","urlTemplate":"https:\/\/nsk.hr\/en\/?s={search_term_string}"},"query-input":{"@type":"PropertyValueSpecification","valueRequired":true,"valueName":"search_term_string"}}],"inLanguage":"en-US"}]}},"_links":{"self":[{"href":"https:\/\/nsk.hr\/en\/wp-json\/wp\/v2\/pages\/86527","targetHints":{"allow":["GET"]}}],"collection":[{"href":"https:\/\/nsk.hr\/en\/wp-json\/wp\/v2\/pages"}],"about":[{"href":"https:\/\/nsk.hr\/en\/wp-json\/wp\/v2\/types\/page"}],"author":[{"embeddable":true,"href":"https:\/\/nsk.hr\/en\/wp-json\/wp\/v2\/users\/11"}],"replies":[{"embeddable":true,"href":"https:\/\/nsk.hr\/en\/wp-json\/wp\/v2\/comments?post=86527"}],"version-history":[{"count":5,"href":"https:\/\/nsk.hr\/en\/wp-json\/wp\/v2\/pages\/86527\/revisions"}],"predecessor-version":[{"id":91398,"href":"https:\/\/nsk.hr\/en\/wp-json\/wp\/v2\/pages\/86527\/revisions\/91398"}],"wp:featuredmedia":[{"embeddable":true,"href":"https:\/\/nsk.hr\/en\/wp-json\/wp\/v2\/media\/81073"}],"wp:attachment":[{"href":"https:\/\/nsk.hr\/en\/wp-json\/wp\/v2\/media?parent=86527"}],"curies":[{"name":"wp","href":"https:\/\/api.w.org\/{rel}","templated":true}]}}