{"id":86510,"date":"2023-09-30T09:42:44","date_gmt":"2023-09-30T07:42:44","guid":{"rendered":"https:\/\/nsk.hr\/?page_id=86510"},"modified":"2024-08-25T02:10:48","modified_gmt":"2024-08-25T00:10:48","slug":"cafe-and-restaurant","status":"publish","type":"page","link":"https:\/\/nsk.hr\/en\/cafe-and-restaurant\/","title":{"rendered":"Caf\u00e9 and restaurant"},"content":{"rendered":"\n<p class=\"is-style-lead\">NSK, the National and University Library in Zagreb, has a caf\u00e9 and restaurant, operating on Floor 5.<\/p>\n\n\n\n<figure class=\"wp-block-image size-full\"><img decoding=\"async\" width=\"1024\" height=\"683\" data-src=\"https:\/\/nsk.hr\/wp-content\/uploads\/2023\/11\/NSKWeb_Cafe-and-restaurant.png\" alt=\"A cup of coffee seen from above.\" class=\"wp-image-86511 lazyload\" data-srcset=\"https:\/\/nsk.hr\/wp-content\/uploads\/2023\/11\/NSKWeb_Cafe-and-restaurant.png 1024w, https:\/\/nsk.hr\/wp-content\/uploads\/2023\/11\/NSKWeb_Cafe-and-restaurant-300x200.png 300w, https:\/\/nsk.hr\/wp-content\/uploads\/2023\/11\/NSKWeb_Cafe-and-restaurant-768x512.png 768w\" data-sizes=\"(max-width: 1024px) 100vw, 1024px\" src=\"data:image\/svg+xml;base64,PHN2ZyB3aWR0aD0iMSIgaGVpZ2h0PSIxIiB4bWxucz0iaHR0cDovL3d3dy53My5vcmcvMjAwMC9zdmciPjwvc3ZnPg==\" style=\"--smush-placeholder-width: 1024px; --smush-placeholder-aspect-ratio: 1024\/683;\" \/><\/figure>\n\n\n\n<p>The caf\u00e9 and fast food restaurant on the Library\u2019s Floor 5 are open to all <a href=\"https:\/\/nsk.hr\/en\/nsk-membership\/\">NSK members<\/a> and registered participants in the Library\u2019s programmes.<\/p>\n\n\n\n<p>All students holding the Croatian Student Identity Card (X-ica) are entitled to subsidised prices.<\/p>\n\n\n\n<h2 class=\"wp-block-heading\">Opening hours<\/h2>\n\n\n\n<p>Monday \u2013 Friday 8.00 \u2013 15.00<\/p>\n","protected":false},"excerpt":{"rendered":"<p>NSK, the National and University Library in Zagreb, has a caf\u00e9 and restaurant, operating on Floor 5. The caf\u00e9 and fast food restaurant on&#8230;<\/p>\n","protected":false},"author":11,"featured_media":0,"parent":0,"menu_order":0,"comment_status":"closed","ping_status":"closed","template":"","meta":{"_acf_changed":false,"ngg_post_thumbnail":0,"footnotes":""},"class_list":["post-86510","page","type-page","status-publish","hentry"],"acf":[],"yoast_head":"<!-- This site is optimized with the Yoast SEO plugin v25.4 - https:\/\/yoast.com\/wordpress\/plugins\/seo\/ -->\n<title>Caf\u00e9 and restaurant - Nacionalna i sveu\u010dili\u0161na knji\u017enica u Zagrebu<\/title>\n<meta name=\"description\" content=\"NSK, the National and University Library in Zagreb, has a caf\u00e9 and restaurant, operating on Floor 5 and offering subsidised prices to all students holding the Croatian Student Identity Card (X-ica).\" \/>\n<meta name=\"robots\" content=\"index, follow, max-snippet:-1, max-image-preview:large, max-video-preview:-1\" \/>\n<link rel=\"canonical\" href=\"https:\/\/nsk.hr\/en\/cafe-and-restaurant\/\" \/>\n<meta property=\"og:locale\" content=\"en_US\" \/>\n<meta property=\"og:type\" content=\"article\" \/>\n<meta property=\"og:title\" content=\"Caf\u00e9 and restaurant - Nacionalna i sveu\u010dili\u0161na knji\u017enica u Zagrebu\" \/>\n<meta property=\"og:description\" content=\"NSK, the National and University Library in Zagreb, has a caf\u00e9 and restaurant, operating on Floor 5 and offering subsidised prices to all students holding the Croatian Student Identity Card (X-ica).\" \/>\n<meta property=\"og:url\" content=\"https:\/\/nsk.hr\/en\/cafe-and-restaurant\/\" \/>\n<meta property=\"og:site_name\" content=\"Nacionalna i sveu\u010dili\u0161na knji\u017enica u Zagrebu\" \/>\n<meta property=\"article:modified_time\" content=\"2024-08-25T00:10:48+00:00\" \/>\n<meta property=\"og:image\" content=\"https:\/\/nsk.hr\/wp-content\/uploads\/2023\/11\/NSKWeb_Cafe-and-restaurant.png\" \/>\n<meta name=\"twitter:card\" content=\"summary_large_image\" \/>\n<meta name=\"twitter:label1\" content=\"Est. reading time\" \/>\n\t<meta name=\"twitter:data1\" content=\"1 minute\" \/>\n<script type=\"application\/ld+json\" class=\"yoast-schema-graph\">{\"@context\":\"https:\/\/schema.org\",\"@graph\":[{\"@type\":\"WebPage\",\"@id\":\"https:\/\/nsk.hr\/en\/cafe-and-restaurant\/\",\"url\":\"https:\/\/nsk.hr\/en\/cafe-and-restaurant\/\",\"name\":\"Caf\u00e9 and restaurant - Nacionalna i sveu\u010dili\u0161na knji\u017enica u Zagrebu\",\"isPartOf\":{\"@id\":\"https:\/\/nsk.hr\/en\/#website\"},\"primaryImageOfPage\":{\"@id\":\"https:\/\/nsk.hr\/en\/cafe-and-restaurant\/#primaryimage\"},\"image\":{\"@id\":\"https:\/\/nsk.hr\/en\/cafe-and-restaurant\/#primaryimage\"},\"thumbnailUrl\":\"https:\/\/nsk.hr\/wp-content\/uploads\/2023\/11\/NSKWeb_Cafe-and-restaurant.png\",\"datePublished\":\"2023-09-30T07:42:44+00:00\",\"dateModified\":\"2024-08-25T00:10:48+00:00\",\"description\":\"NSK, the National and University Library in Zagreb, has a caf\u00e9 and restaurant, operating on Floor 5 and offering subsidised prices to all students holding the Croatian Student Identity Card (X-ica).\",\"breadcrumb\":{\"@id\":\"https:\/\/nsk.hr\/en\/cafe-and-restaurant\/#breadcrumb\"},\"inLanguage\":\"en-US\",\"potentialAction\":[{\"@type\":\"ReadAction\",\"target\":[\"https:\/\/nsk.hr\/en\/cafe-and-restaurant\/\"]}]},{\"@type\":\"ImageObject\",\"inLanguage\":\"en-US\",\"@id\":\"https:\/\/nsk.hr\/en\/cafe-and-restaurant\/#primaryimage\",\"url\":\"https:\/\/nsk.hr\/wp-content\/uploads\/2023\/11\/NSKWeb_Cafe-and-restaurant.png\",\"contentUrl\":\"https:\/\/nsk.hr\/wp-content\/uploads\/2023\/11\/NSKWeb_Cafe-and-restaurant.png\"},{\"@type\":\"BreadcrumbList\",\"@id\":\"https:\/\/nsk.hr\/en\/cafe-and-restaurant\/#breadcrumb\",\"itemListElement\":[{\"@type\":\"ListItem\",\"position\":1,\"name\":\"Homepage\",\"item\":\"https:\/\/nsk.hr\/en\/\"},{\"@type\":\"ListItem\",\"position\":2,\"name\":\"Caf\u00e9 and restaurant\"}]},{\"@type\":\"WebSite\",\"@id\":\"https:\/\/nsk.hr\/en\/#website\",\"url\":\"https:\/\/nsk.hr\/en\/\",\"name\":\"Nacionalna i sveu\u010dili\u0161na knji\u017enica u Zagrebu\",\"description\":\"\",\"potentialAction\":[{\"@type\":\"SearchAction\",\"target\":{\"@type\":\"EntryPoint\",\"urlTemplate\":\"https:\/\/nsk.hr\/en\/?s={search_term_string}\"},\"query-input\":{\"@type\":\"PropertyValueSpecification\",\"valueRequired\":true,\"valueName\":\"search_term_string\"}}],\"inLanguage\":\"en-US\"}]}<\/script>\n<!-- \/ Yoast SEO plugin. -->","yoast_head_json":{"title":"Caf\u00e9 and restaurant - Nacionalna i sveu\u010dili\u0161na knji\u017enica u Zagrebu","description":"NSK, the National and University Library in Zagreb, has a caf\u00e9 and restaurant, operating on Floor 5 and offering subsidised prices to all students holding the Croatian Student Identity Card (X-ica).","robots":{"index":"index","follow":"follow","max-snippet":"max-snippet:-1","max-image-preview":"max-image-preview:large","max-video-preview":"max-video-preview:-1"},"canonical":"https:\/\/nsk.hr\/en\/cafe-and-restaurant\/","og_locale":"en_US","og_type":"article","og_title":"Caf\u00e9 and restaurant - Nacionalna i sveu\u010dili\u0161na knji\u017enica u Zagrebu","og_description":"NSK, the National and University Library in Zagreb, has a caf\u00e9 and restaurant, operating on Floor 5 and offering subsidised prices to all students holding the Croatian Student Identity Card (X-ica).","og_url":"https:\/\/nsk.hr\/en\/cafe-and-restaurant\/","og_site_name":"Nacionalna i sveu\u010dili\u0161na knji\u017enica u Zagrebu","article_modified_time":"2024-08-25T00:10:48+00:00","og_image":[{"url":"https:\/\/nsk.hr\/wp-content\/uploads\/2023\/11\/NSKWeb_Cafe-and-restaurant.png","type":"","width":"","height":""}],"twitter_card":"summary_large_image","twitter_misc":{"Est. reading time":"1 minute"},"schema":{"@context":"https:\/\/schema.org","@graph":[{"@type":"WebPage","@id":"https:\/\/nsk.hr\/en\/cafe-and-restaurant\/","url":"https:\/\/nsk.hr\/en\/cafe-and-restaurant\/","name":"Caf\u00e9 and restaurant - Nacionalna i sveu\u010dili\u0161na knji\u017enica u Zagrebu","isPartOf":{"@id":"https:\/\/nsk.hr\/en\/#website"},"primaryImageOfPage":{"@id":"https:\/\/nsk.hr\/en\/cafe-and-restaurant\/#primaryimage"},"image":{"@id":"https:\/\/nsk.hr\/en\/cafe-and-restaurant\/#primaryimage"},"thumbnailUrl":"https:\/\/nsk.hr\/wp-content\/uploads\/2023\/11\/NSKWeb_Cafe-and-restaurant.png","datePublished":"2023-09-30T07:42:44+00:00","dateModified":"2024-08-25T00:10:48+00:00","description":"NSK, the National and University Library in Zagreb, has a caf\u00e9 and restaurant, operating on Floor 5 and offering subsidised prices to all students holding the Croatian Student Identity Card (X-ica).","breadcrumb":{"@id":"https:\/\/nsk.hr\/en\/cafe-and-restaurant\/#breadcrumb"},"inLanguage":"en-US","potentialAction":[{"@type":"ReadAction","target":["https:\/\/nsk.hr\/en\/cafe-and-restaurant\/"]}]},{"@type":"ImageObject","inLanguage":"en-US","@id":"https:\/\/nsk.hr\/en\/cafe-and-restaurant\/#primaryimage","url":"https:\/\/nsk.hr\/wp-content\/uploads\/2023\/11\/NSKWeb_Cafe-and-restaurant.png","contentUrl":"https:\/\/nsk.hr\/wp-content\/uploads\/2023\/11\/NSKWeb_Cafe-and-restaurant.png"},{"@type":"BreadcrumbList","@id":"https:\/\/nsk.hr\/en\/cafe-and-restaurant\/#breadcrumb","itemListElement":[{"@type":"ListItem","position":1,"name":"Homepage","item":"https:\/\/nsk.hr\/en\/"},{"@type":"ListItem","position":2,"name":"Caf\u00e9 and restaurant"}]},{"@type":"WebSite","@id":"https:\/\/nsk.hr\/en\/#website","url":"https:\/\/nsk.hr\/en\/","name":"Nacionalna i sveu\u010dili\u0161na knji\u017enica u Zagrebu","description":"","potentialAction":[{"@type":"SearchAction","target":{"@type":"EntryPoint","urlTemplate":"https:\/\/nsk.hr\/en\/?s={search_term_string}"},"query-input":{"@type":"PropertyValueSpecification","valueRequired":true,"valueName":"search_term_string"}}],"inLanguage":"en-US"}]}},"_links":{"self":[{"href":"https:\/\/nsk.hr\/en\/wp-json\/wp\/v2\/pages\/86510","targetHints":{"allow":["GET"]}}],"collection":[{"href":"https:\/\/nsk.hr\/en\/wp-json\/wp\/v2\/pages"}],"about":[{"href":"https:\/\/nsk.hr\/en\/wp-json\/wp\/v2\/types\/page"}],"author":[{"embeddable":true,"href":"https:\/\/nsk.hr\/en\/wp-json\/wp\/v2\/users\/11"}],"replies":[{"embeddable":true,"href":"https:\/\/nsk.hr\/en\/wp-json\/wp\/v2\/comments?post=86510"}],"version-history":[{"count":5,"href":"https:\/\/nsk.hr\/en\/wp-json\/wp\/v2\/pages\/86510\/revisions"}],"predecessor-version":[{"id":92433,"href":"https:\/\/nsk.hr\/en\/wp-json\/wp\/v2\/pages\/86510\/revisions\/92433"}],"wp:attachment":[{"href":"https:\/\/nsk.hr\/en\/wp-json\/wp\/v2\/media?parent=86510"}],"curies":[{"name":"wp","href":"https:\/\/api.w.org\/{rel}","templated":true}]}}