{"id":86397,"date":"2023-10-03T07:49:49","date_gmt":"2023-10-03T05:49:49","guid":{"rendered":"https:\/\/nsk.hr\/?page_id=86397"},"modified":"2023-11-27T16:27:58","modified_gmt":"2023-11-27T15:27:58","slug":"corporate-information","status":"publish","type":"page","link":"https:\/\/nsk.hr\/en\/corporate-information\/","title":{"rendered":"Corporate information"},"content":{"rendered":"\n<figure class=\"wp-block-image size-full\"><img decoding=\"async\" width=\"1024\" height=\"683\" data-src=\"https:\/\/nsk.hr\/wp-content\/uploads\/2023\/11\/NSKWeb_Corporate-information.png\" alt=\"Shelves full of archived documents. \" class=\"wp-image-86398 lazyload\" data-srcset=\"https:\/\/nsk.hr\/wp-content\/uploads\/2023\/11\/NSKWeb_Corporate-information.png 1024w, https:\/\/nsk.hr\/wp-content\/uploads\/2023\/11\/NSKWeb_Corporate-information-300x200.png 300w, https:\/\/nsk.hr\/wp-content\/uploads\/2023\/11\/NSKWeb_Corporate-information-768x512.png 768w\" data-sizes=\"(max-width: 1024px) 100vw, 1024px\" src=\"data:image\/svg+xml;base64,PHN2ZyB3aWR0aD0iMSIgaGVpZ2h0PSIxIiB4bWxucz0iaHR0cDovL3d3dy53My5vcmcvMjAwMC9zdmciPjwvc3ZnPg==\" style=\"--smush-placeholder-width: 1024px; --smush-placeholder-aspect-ratio: 1024\/683;\" \/><\/figure>\n\n\n\n<section class=\"block-section quick-links-block quick-links-block--has-1-col\">\n\n    <h2 class=\"quick-links-block__title\"><\/h2>\n\n    <ul class=\"quick-links-block__list list-unstyled\">\n                                <li class=\"quick-links-block__item\">\n                <a href=\"https:\/\/nsk.hr\/javne-informacije\/dokumenti\/\" class=\"quick-links-block__link\">\n                    <span class=\"text\">\n                        NSK documents                    <\/span>\n                    <svg xmlns=\"http:\/\/www.w3.org\/2000\/svg\" width=\"28\" height=\"28\" viewBox=\"0 0 28 28\" fill=\"none\">\n                        <path d=\"M19.8864 7L18.7095 8.17654L23.7027 13.1681H2V14.8321H23.7026L18.7095 19.8235L19.8864 21L26.8889 14L19.8864 7Z\" fill=\"#231F20\"><\/path>\n                    <\/svg>\n                <\/a>\n            <\/li>\n                                <li class=\"quick-links-block__item\">\n                <a href=\"https:\/\/nsk.hr\/javne-informacije\/javna-nabava\/\" class=\"quick-links-block__link\">\n                    <span class=\"text\">\n                        Procurement                    <\/span>\n                    <svg xmlns=\"http:\/\/www.w3.org\/2000\/svg\" width=\"28\" height=\"28\" viewBox=\"0 0 28 28\" fill=\"none\">\n                        <path d=\"M19.8864 7L18.7095 8.17654L23.7027 13.1681H2V14.8321H23.7026L18.7095 19.8235L19.8864 21L26.8889 14L19.8864 7Z\" fill=\"#231F20\"><\/path>\n                    <\/svg>\n                <\/a>\n            <\/li>\n                                <li class=\"quick-links-block__item\">\n                <a href=\"https:\/\/nsk.hr\/posao-i-karijera\/\" class=\"quick-links-block__link\">\n                    <span class=\"text\">\n                        Vacancies                    <\/span>\n                    <svg xmlns=\"http:\/\/www.w3.org\/2000\/svg\" width=\"28\" height=\"28\" viewBox=\"0 0 28 28\" fill=\"none\">\n                        <path d=\"M19.8864 7L18.7095 8.17654L23.7027 13.1681H2V14.8321H23.7026L18.7095 19.8235L19.8864 21L26.8889 14L19.8864 7Z\" fill=\"#231F20\"><\/path>\n                    <\/svg>\n                <\/a>\n            <\/li>\n                                <li class=\"quick-links-block__item\">\n                <a href=\"https:\/\/nsk.hr\/pravo-na-pristup-informacijama\/\" class=\"quick-links-block__link\">\n                    <span class=\"text\">\n                        Freedom of Information                    <\/span>\n                    <svg xmlns=\"http:\/\/www.w3.org\/2000\/svg\" width=\"28\" height=\"28\" viewBox=\"0 0 28 28\" fill=\"none\">\n                        <path d=\"M19.8864 7L18.7095 8.17654L23.7027 13.1681H2V14.8321H23.7026L18.7095 19.8235L19.8864 21L26.8889 14L19.8864 7Z\" fill=\"#231F20\"><\/path>\n                    <\/svg>\n                <\/a>\n            <\/li>\n                                <li class=\"quick-links-block__item\">\n                <a href=\"https:\/\/nsk.hr\/zastita-osobnih-podataka\/\" class=\"quick-links-block__link\">\n                    <span class=\"text\">\n                        Personal Data Protection                    <\/span>\n                    <svg xmlns=\"http:\/\/www.w3.org\/2000\/svg\" width=\"28\" height=\"28\" viewBox=\"0 0 28 28\" fill=\"none\">\n                        <path d=\"M19.8864 7L18.7095 8.17654L23.7027 13.1681H2V14.8321H23.7026L18.7095 19.8235L19.8864 21L26.8889 14L19.8864 7Z\" fill=\"#231F20\"><\/path>\n                    <\/svg>\n                <\/a>\n            <\/li>\n            <\/ul>\n<\/section>","protected":false},"excerpt":{"rendered":"","protected":false},"author":11,"featured_media":0,"parent":0,"menu_order":0,"comment_status":"closed","ping_status":"closed","template":"","meta":{"_acf_changed":false,"ngg_post_thumbnail":0,"footnotes":""},"class_list":["post-86397","page","type-page","status-publish","hentry"],"acf":[],"yoast_head":"<!-- This site is optimized with the Yoast SEO plugin v25.4 - https:\/\/yoast.com\/wordpress\/plugins\/seo\/ -->\n<title>Corporate information - Nacionalna i sveu\u010dili\u0161na knji\u017enica u Zagrebu<\/title>\n<meta name=\"description\" content=\"NSK, the National and University Library in Zagreb, offers access to its corporate information and public documents.\" \/>\n<meta name=\"robots\" content=\"index, follow, max-snippet:-1, max-image-preview:large, max-video-preview:-1\" \/>\n<link rel=\"canonical\" href=\"https:\/\/nsk.hr\/en\/corporate-information\/\" \/>\n<meta property=\"og:locale\" content=\"en_US\" \/>\n<meta property=\"og:type\" content=\"article\" \/>\n<meta property=\"og:title\" content=\"Corporate information - Nacionalna i sveu\u010dili\u0161na knji\u017enica u Zagrebu\" \/>\n<meta property=\"og:description\" content=\"NSK, the National and University Library in Zagreb, offers access to its corporate information and public documents.\" \/>\n<meta property=\"og:url\" content=\"https:\/\/nsk.hr\/en\/corporate-information\/\" \/>\n<meta property=\"og:site_name\" content=\"Nacionalna i sveu\u010dili\u0161na knji\u017enica u Zagrebu\" \/>\n<meta property=\"article:modified_time\" content=\"2023-11-27T15:27:58+00:00\" \/>\n<meta property=\"og:image\" content=\"https:\/\/nsk.hr\/wp-content\/uploads\/2023\/11\/NSKWeb_Corporate-information.png\" \/>\n<meta name=\"twitter:card\" content=\"summary_large_image\" \/>\n<meta name=\"twitter:label1\" content=\"Est. reading time\" \/>\n\t<meta name=\"twitter:data1\" content=\"1 minute\" \/>\n<script type=\"application\/ld+json\" class=\"yoast-schema-graph\">{\"@context\":\"https:\/\/schema.org\",\"@graph\":[{\"@type\":\"WebPage\",\"@id\":\"https:\/\/nsk.hr\/en\/corporate-information\/\",\"url\":\"https:\/\/nsk.hr\/en\/corporate-information\/\",\"name\":\"Corporate information - Nacionalna i sveu\u010dili\u0161na knji\u017enica u Zagrebu\",\"isPartOf\":{\"@id\":\"https:\/\/nsk.hr\/en\/#website\"},\"primaryImageOfPage\":{\"@id\":\"https:\/\/nsk.hr\/en\/corporate-information\/#primaryimage\"},\"image\":{\"@id\":\"https:\/\/nsk.hr\/en\/corporate-information\/#primaryimage\"},\"thumbnailUrl\":\"https:\/\/nsk.hr\/wp-content\/uploads\/2023\/11\/NSKWeb_Corporate-information.png\",\"datePublished\":\"2023-10-03T05:49:49+00:00\",\"dateModified\":\"2023-11-27T15:27:58+00:00\",\"description\":\"NSK, the National and University Library in Zagreb, offers access to its corporate information and public documents.\",\"breadcrumb\":{\"@id\":\"https:\/\/nsk.hr\/en\/corporate-information\/#breadcrumb\"},\"inLanguage\":\"en-US\",\"potentialAction\":[{\"@type\":\"ReadAction\",\"target\":[\"https:\/\/nsk.hr\/en\/corporate-information\/\"]}]},{\"@type\":\"ImageObject\",\"inLanguage\":\"en-US\",\"@id\":\"https:\/\/nsk.hr\/en\/corporate-information\/#primaryimage\",\"url\":\"https:\/\/nsk.hr\/wp-content\/uploads\/2023\/11\/NSKWeb_Corporate-information.png\",\"contentUrl\":\"https:\/\/nsk.hr\/wp-content\/uploads\/2023\/11\/NSKWeb_Corporate-information.png\"},{\"@type\":\"BreadcrumbList\",\"@id\":\"https:\/\/nsk.hr\/en\/corporate-information\/#breadcrumb\",\"itemListElement\":[{\"@type\":\"ListItem\",\"position\":1,\"name\":\"Homepage\",\"item\":\"https:\/\/nsk.hr\/en\/\"},{\"@type\":\"ListItem\",\"position\":2,\"name\":\"Corporate information\"}]},{\"@type\":\"WebSite\",\"@id\":\"https:\/\/nsk.hr\/en\/#website\",\"url\":\"https:\/\/nsk.hr\/en\/\",\"name\":\"Nacionalna i sveu\u010dili\u0161na knji\u017enica u Zagrebu\",\"description\":\"\",\"potentialAction\":[{\"@type\":\"SearchAction\",\"target\":{\"@type\":\"EntryPoint\",\"urlTemplate\":\"https:\/\/nsk.hr\/en\/?s={search_term_string}\"},\"query-input\":{\"@type\":\"PropertyValueSpecification\",\"valueRequired\":true,\"valueName\":\"search_term_string\"}}],\"inLanguage\":\"en-US\"}]}<\/script>\n<!-- \/ Yoast SEO plugin. -->","yoast_head_json":{"title":"Corporate information - Nacionalna i sveu\u010dili\u0161na knji\u017enica u Zagrebu","description":"NSK, the National and University Library in Zagreb, offers access to its corporate information and public documents.","robots":{"index":"index","follow":"follow","max-snippet":"max-snippet:-1","max-image-preview":"max-image-preview:large","max-video-preview":"max-video-preview:-1"},"canonical":"https:\/\/nsk.hr\/en\/corporate-information\/","og_locale":"en_US","og_type":"article","og_title":"Corporate information - Nacionalna i sveu\u010dili\u0161na knji\u017enica u Zagrebu","og_description":"NSK, the National and University Library in Zagreb, offers access to its corporate information and public documents.","og_url":"https:\/\/nsk.hr\/en\/corporate-information\/","og_site_name":"Nacionalna i sveu\u010dili\u0161na knji\u017enica u Zagrebu","article_modified_time":"2023-11-27T15:27:58+00:00","og_image":[{"url":"https:\/\/nsk.hr\/wp-content\/uploads\/2023\/11\/NSKWeb_Corporate-information.png","type":"","width":"","height":""}],"twitter_card":"summary_large_image","twitter_misc":{"Est. reading time":"1 minute"},"schema":{"@context":"https:\/\/schema.org","@graph":[{"@type":"WebPage","@id":"https:\/\/nsk.hr\/en\/corporate-information\/","url":"https:\/\/nsk.hr\/en\/corporate-information\/","name":"Corporate information - Nacionalna i sveu\u010dili\u0161na knji\u017enica u Zagrebu","isPartOf":{"@id":"https:\/\/nsk.hr\/en\/#website"},"primaryImageOfPage":{"@id":"https:\/\/nsk.hr\/en\/corporate-information\/#primaryimage"},"image":{"@id":"https:\/\/nsk.hr\/en\/corporate-information\/#primaryimage"},"thumbnailUrl":"https:\/\/nsk.hr\/wp-content\/uploads\/2023\/11\/NSKWeb_Corporate-information.png","datePublished":"2023-10-03T05:49:49+00:00","dateModified":"2023-11-27T15:27:58+00:00","description":"NSK, the National and University Library in Zagreb, offers access to its corporate information and public documents.","breadcrumb":{"@id":"https:\/\/nsk.hr\/en\/corporate-information\/#breadcrumb"},"inLanguage":"en-US","potentialAction":[{"@type":"ReadAction","target":["https:\/\/nsk.hr\/en\/corporate-information\/"]}]},{"@type":"ImageObject","inLanguage":"en-US","@id":"https:\/\/nsk.hr\/en\/corporate-information\/#primaryimage","url":"https:\/\/nsk.hr\/wp-content\/uploads\/2023\/11\/NSKWeb_Corporate-information.png","contentUrl":"https:\/\/nsk.hr\/wp-content\/uploads\/2023\/11\/NSKWeb_Corporate-information.png"},{"@type":"BreadcrumbList","@id":"https:\/\/nsk.hr\/en\/corporate-information\/#breadcrumb","itemListElement":[{"@type":"ListItem","position":1,"name":"Homepage","item":"https:\/\/nsk.hr\/en\/"},{"@type":"ListItem","position":2,"name":"Corporate information"}]},{"@type":"WebSite","@id":"https:\/\/nsk.hr\/en\/#website","url":"https:\/\/nsk.hr\/en\/","name":"Nacionalna i sveu\u010dili\u0161na knji\u017enica u Zagrebu","description":"","potentialAction":[{"@type":"SearchAction","target":{"@type":"EntryPoint","urlTemplate":"https:\/\/nsk.hr\/en\/?s={search_term_string}"},"query-input":{"@type":"PropertyValueSpecification","valueRequired":true,"valueName":"search_term_string"}}],"inLanguage":"en-US"}]}},"_links":{"self":[{"href":"https:\/\/nsk.hr\/en\/wp-json\/wp\/v2\/pages\/86397","targetHints":{"allow":["GET"]}}],"collection":[{"href":"https:\/\/nsk.hr\/en\/wp-json\/wp\/v2\/pages"}],"about":[{"href":"https:\/\/nsk.hr\/en\/wp-json\/wp\/v2\/types\/page"}],"author":[{"embeddable":true,"href":"https:\/\/nsk.hr\/en\/wp-json\/wp\/v2\/users\/11"}],"replies":[{"embeddable":true,"href":"https:\/\/nsk.hr\/en\/wp-json\/wp\/v2\/comments?post=86397"}],"version-history":[{"count":2,"href":"https:\/\/nsk.hr\/en\/wp-json\/wp\/v2\/pages\/86397\/revisions"}],"predecessor-version":[{"id":86401,"href":"https:\/\/nsk.hr\/en\/wp-json\/wp\/v2\/pages\/86397\/revisions\/86401"}],"wp:attachment":[{"href":"https:\/\/nsk.hr\/en\/wp-json\/wp\/v2\/media?parent=86397"}],"curies":[{"name":"wp","href":"https:\/\/api.w.org\/{rel}","templated":true}]}}