{"id":86380,"date":"2023-09-28T17:09:36","date_gmt":"2023-09-28T15:09:36","guid":{"rendered":"https:\/\/nsk.hr\/?page_id=86380"},"modified":"2026-02-10T16:30:58","modified_gmt":"2026-02-10T15:30:58","slug":"nsk-departments-divisions-and-sections","status":"publish","type":"page","link":"https:\/\/nsk.hr\/en\/nsk-organisational-structure\/nsk-departments-divisions-and-sections\/","title":{"rendered":"NSK departments, divisions and sections"},"content":{"rendered":"\n<figure class=\"wp-block-image size-full\"><img decoding=\"async\" width=\"1024\" height=\"683\" data-src=\"https:\/\/nsk.hr\/wp-content\/uploads\/2023\/11\/NSKWeb_NSK-departments-divisions-and-sections.png\" alt=\"The grand lobby of NSK, the National and University Library in Zagreb.\" class=\"wp-image-86382 lazyload\" data-srcset=\"https:\/\/nsk.hr\/wp-content\/uploads\/2023\/11\/NSKWeb_NSK-departments-divisions-and-sections.png 1024w, https:\/\/nsk.hr\/wp-content\/uploads\/2023\/11\/NSKWeb_NSK-departments-divisions-and-sections-300x200.png 300w, https:\/\/nsk.hr\/wp-content\/uploads\/2023\/11\/NSKWeb_NSK-departments-divisions-and-sections-768x512.png 768w\" data-sizes=\"(max-width: 1024px) 100vw, 1024px\" src=\"data:image\/svg+xml;base64,PHN2ZyB3aWR0aD0iMSIgaGVpZ2h0PSIxIiB4bWxucz0iaHR0cDovL3d3dy53My5vcmcvMjAwMC9zdmciPjwvc3ZnPg==\" style=\"--smush-placeholder-width: 1024px; --smush-placeholder-aspect-ratio: 1024\/683;\" \/><\/figure>\n\n\n\n<h2 class=\"wp-block-heading\"><strong>NSK Director General\u2019s Office<\/strong><\/h2>\n\n\n\n<p>Gordana Rado\u010daj, Head of the NSK Director General\u2019s Office<br>T. +385 1 616 4023<br>E.&nbsp;<a href=\"mailto:istricevic@nsk.hr\"><\/a><a href=\"mailto:gradocaj@nsk.hr\">gradocaj@nsk.hr<\/a>,&nbsp;<a href=\"mailto:uprava@nsk.hr\">uprava@nsk.hr<\/a><\/p>\n\n\n\n<p>Professor Ivanka Stri\u010devi\u0107, Director General of the National and University Library in Zagreb (NSK)<br>+385 1 616 4023<br><a href=\"mailto:istricevic@nsk.hr\">istricevic@nsk.hr<\/a><\/p>\n\n\n\n<p>Dr Sofija Klarin Zadravec, Assistant Director General for National Library Affairs <br>+385 1 616 4130<br><a href=\"mailto:sklarin@nsk.hr\">sklarin@nsk.hr<\/a><\/p>\n\n\n\n<p>Dr Dijana Machala, Assistant Director General for University Library Affairs <br>+385 1 616 4005<br><a href=\"mailto:dmachala@nsk.hr\">dmachala@nsk.hr<\/a><\/p>\n\n\n\n<p>Tatjana Marincel Borkovi\u0107, Assistant Director General for Financial and Legal Affairs<br>+385 1 616 4026<br><a href=\"mailto:tmarincelborkovic@nsk.hr\">tmarincelborkovic@nsk.hr<\/a><\/p>\n\n\n\n<p>Jagoda Ille, Library Adviser for International Cooperation<br>+385 1 616 4026<br><a href=\"mailto:jille@nsk.hr\"><\/a><a href=\"mailto:jille@nsk.hr\">jille@nsk.hr<\/a><\/p>\n\n\n\n<p>Igor Pala\u0161ti, Head of NSK Special Programmes<br>+385 1 616 4015<br><a href=\"mailto:ipalasti@nsk.hr\">ipalasti@nsk.hr<\/a><\/p>\n\n\n\n<h2 class=\"wp-block-heading\"><strong>Croatian Institute for Librarianship<\/strong><\/h2>\n\n\n\n<p><a href=\"mailto:zavod@nsk.hr\">zavod@nsk.hr<\/a> <\/p>\n\n\n\n<p>Dr Breza \u0160alamon-Cindori, representative of the Croatian Institute for Librarianship<br>+385 1 616 4132<br><a href=\"mailto:mkrpansmiljanec@nsk.hr\"><\/a><a href=\"mailto:bsalamon-cindori@nsk.hr\">bsalamon-cindori@nsk.hr<\/a><\/p>\n\n\n\n<p>Andreja Tominac, Head of the Libraries and Librarianship Development Centre<br>+385 1 616 4146<br><a href=\"mailto:atominac@nsk.hr\">atominac@nsk.hr<\/a><\/p>\n\n\n\n<p>Centre for Library Information System<br>+385 1 616 4005<br><a href=\"mailto:dmachala@nsk.hr\">dmachala@nsk.hr<\/a><\/p>\n\n\n\n<p>Karolina Holub, Head of the Croatian Digital Library Development Centre<br>+385 1 616 4332<br><a href=\"mailto:kholub@nsk.hr\">kholub@nsk.hr<\/a><\/p>\n\n\n\n<p>Antonija Filipeti, Head of the Continuing Professional Development Centre<br>+385 1 616 4037<br><a href=\"mailto:afilipeti@nsk.hr\">afilipeti@nsk.hr<\/a><\/p>\n\n\n\n<h2 class=\"wp-block-heading\"><strong>Acquisition and Collection Development Department<\/strong><\/h2>\n\n\n\n<p>Dr Vesna Golubovi\u0107, Head of the Acquisition and Collection Development Department<br>+385 1 616 4086<br><a href=\"mailto:vgolubovic@nsk.hr\">vgolubovic@nsk.hr<\/a><\/p>\n\n\n\n<p>Dr Anita Katuli\u0107, Coordinator of the Croatica Collection Unit<br>+385 1 616 4371<br><a href=\"mailto:akatulic@nsk.hr\">akatulic@nsk.hr<\/a><\/p>\n\n\n\n<p>Nikolina \u0160trbac, Coordinator of the University Collection Unit<br>+385 1 616 4052<br><a href=\"mailto:nstrbac@nsk.hr\">nstrbac@nsk.hr<\/a><\/p>\n\n\n\n<p>Matija Knez, Coordinator of the Publications and Deposit Unit<br>+385 1 616 4094<br><a href=\"mailto:mknez@nsk.hr\">mknez@nsk.hr<\/a><\/p>\n\n\n\n<h2 class=\"wp-block-heading\"><strong>Cataloguing Department<\/strong><\/h2>\n\n\n\n<p>Sonja Pigac, Head of the Cataloguing Department<br>+385 1 616 4380<br><a href=\"mailto:spigac@nsk.hr\">spigac@nsk.hr<\/a><\/p>\n\n\n\n<p>Vesna Hodak, Head of the Monographic Publications Unit<br>+385 1 616 4218<br><a href=\"mailto:vhodak@nsk.hr\"><\/a><a href=\"mailto:vhodak@nsk.hr\">vhodak@nsk.hr<\/a><\/p>\n\n\n\n<p>Leda Glu\u0161\u010devi\u0107 Tomi\u0107, Head of the Continuing Resources Unit<br>+385 1 616 4144<br><a href=\"mailto:lgluscevictomic@nsk.hr\"><\/a><a href=\"mailto:lgluscevictomic@nsk.hr\">lgluscevictomic@nsk.hr<\/a><\/p>\n\n\n\n<p>Branka Purgari\u0107-Ku\u017ei\u0107, Head of the Subject Authority Control Unit<br>+385 1 616 4266<br><a href=\"mailto:bpurgaric-kuzic@nsk.hr\"><\/a><a href=\"mailto:bpurgaric-kuzic@nsk.hr\">bpurgaric-kuzic@nsk.hr<\/a><\/p>\n\n\n\n<p>Ana Kne\u017eevi\u0107 Cerovski, Head of the Name Control Unit<br>+385 1 616 4105<br><a href=\"mailto:acerovski@nsk.hr\">acerovski@nsk.hr<\/a><\/p>\n\n\n\n<h2 class=\"wp-block-heading\"><strong>Croatian National Bibliography Department<\/strong><\/h2>\n\n\n\n<p>Dr Lobel Machala, Head of the Croatian National Bibliography Department<br>+385 1 616 4122<br><a href=\"mailto:lmachala@nsk.hr\">lmachala@nsk.hr<\/a><\/p>\n\n\n\n<p>Robert Ravni\u0107, Head of the Retrospective National Bibliography Unit<br>+385 1 616 4079<br><a href=\"mailto:rravnic@nsk.hr\">rravnic@nsk.hr<\/a><\/p>\n\n\n\n<p>Danijela Getliher, Head of the Identifiers Unit (ISSN, ISBN, ISMN, DOI, URN:NBN, etc.)<br>+385 1 616 4180<br><a href=\"mailto:dgetliher@nsk.hr\">dgetliher@nsk.hr<\/a><\/p>\n\n\n\n<h2 class=\"wp-block-heading\"><strong>Special Collections Department<\/strong><\/h2>\n\n\n\n<p>Dr Irena Gali\u0107 Be\u0161ker, Head of the Manuscripts and Rare Books Collection<br>+385 1 616 4281<br><a href=\"mailto:igalicbesker@nsk.hr\">igalicbesker@nsk.hr<\/a><\/p>\n\n\n\n<p>Tamara Ili\u0107 Oluji\u0107, Head of the Print Collection<br>+385 1 616 4088<br><a href=\"mailto:tilic-olujic@nsk.hr\" target=\"_blank\" rel=\"noreferrer noopener\">tilic-olujic@nsk.hr<\/a><\/p>\n\n\n\n<p>Dr Mira Mileti\u0107 Drder, Head of the Map Collection<br>+385 1 616 4083<br><a href=\"mailto:mmiletic-drder@nsk.hr\"><\/a><a href=\"mailto:mmiletic-drder@nsk.hr\">mmiletic-drder@nsk.hr<\/a><\/p>\n\n\n\n<p>Dr Tatjana Mihali\u0107, Head of the Music Collection<br>+385 1 616 4067<br><a href=\"mailto:tmihalic@nsk.hr\">tmihalic@nsk.hr<\/a><\/p>\n\n\n\n<h2 class=\"wp-block-heading\"><strong>Preservation and Storage Department<\/strong><\/h2>\n\n\n\n<p>Dr Sanda Milo\u0161evi\u0107, Head of the Preservation and Storage Department<br>+385 1 616 4077<br><a href=\"mailto:smilosevic@nsk.hr\">smilosevic@nsk.hr<\/a><\/p>\n\n\n\n<p>Stevo Leskarac, Head of the Conservation and Restoration Unit<br>+385 1 616 4302<br><a href=\"mailto:sleskarac@nsk.hr\">sleskarac@nsk.hr<\/a><\/p>\n\n\n\n<p>Lidija \u0160estan \u0160mulja, Head of the Storage Unit<br>+385 1 616 4369<br><a href=\"mailto:lsestansmulja@nsk.hr\"><\/a><a href=\"mailto:lsestansmulja@nsk.hr\">lsestansmulja@nsk.hr<\/a><\/p>\n\n\n\n<p>Silvio Lebinac, Head of the Digital Imaging Unit<br>+385 1 616 4142<br><a href=\"mailto:slebinac@nsk.hr\">slebinac@nsk.hr<\/a><\/p>\n\n\n\n<p>Dr Gabriela Aleksi\u0107, Head of the Preservation and Bookbinding Unit<br>+385 1 616 4114<br><a href=\"mailto:mailto:knjigoveznica@nsk.hr\"><a href=\"mailto:knjigoveznica@nsk.hr\">knjigoveznica@nsk.hr<\/a><\/a><\/p>\n\n\n\n<h2 class=\"wp-block-heading\"><strong>User Services Department<\/strong><\/h2>\n\n\n\n<p>Dorja Mu\u010dnjak, Head of the User Services Department<br>+385 1 616 4001<br><a href=\"mailto:dmucnjak@nsk.hr\">dmucnjak@nsk.hr<\/a><\/p>\n\n\n\n<p>Ivona Milovanovi\u0107, Head of the Reading Rooms Unit<br>+385 1 616 4048<br><a href=\"mailto:imilovanovic@nsk.hr\">imilovanovic@nsk.hr<\/a><\/p>\n\n\n\n<p>Ivo Toki\u0107, Head of the Information Centre<br>+385 1 616 4022<br><a href=\"mailto:itokic@nsk.hr\">itokic@nsk.hr<\/a><\/p>\n\n\n\n<p>Alisa Martek, Head of the e-Research Information Unit<br>+385 1 616 4173<br><a href=\"mailto:amartek@nsk.hr\">amartek@nsk.hr<\/a><\/p>\n\n\n\n<h2 class=\"wp-block-heading\"><strong>General Affairs\/Services and Maintenance Department<\/strong><\/h2>\n\n\n\n<p>Tomislav Toma\u0161i\u0107, Head of the General Affairs\/Services and Maintenance Department<br>+385 1 616 4029<br><a href=\"mailto:ttomasic@nsk.hr\">ttomasic@nsk.hr<\/a><\/p>\n\n\n\n<p>Anita Krupa Ku\u0161pili\u0107, Head of the Legal Affairs and Administration Division<br>+385 1 616 4044<br><a href=\"mailto:sdjurica@nsk.hr\"><\/a><a href=\"mailto:akrupakuspilic@nsk.hr\"><a href=\"mailto:akrupakuspilic@nsk.hr\">akrupakuspilic@nsk.hr<\/a><\/a><\/p>\n\n\n\n<p>Tatjana Marincel Borkovi\u0107, Acting Head of the Financial Operations and Accounting Division<br>+385 1 616 4026<br><a href=\"mailto:tmarincelborkovic@nsk.hr\">tmarincelborkovic@nsk.hr<\/a><\/p>\n\n\n\n<p>Maja Priselac, Head of the Marketing, Public Relations and Publishing Division<br>+385 1 616 4136<br><a href=\"mailto:mpriselac@nsk.hr\">mpriselac@nsk.hr<\/a><\/p>\n\n\n\n<p>Goran Deisinger, Head of the Building Infrastructure Division<br>+385 1 616 4016<br><a href=\"mailto:gdeisinger@nsk.hr\">gdeisinger@nsk.hr<\/a><\/p>\n\n\n\n<p>Viktor Pale, Head of the Electrical and Engineering Maintenance Division<br>+385 1 616 4024<br><a href=\"mailto:vpale@nsk.hr\">vpale@nsk.hr<\/a><\/p>\n\n\n\n<p>Damir Ban, Head of the Security Division<br>+385 1 616 4118<br><a href=\"mailto:mgrgic@nsk.hr\"><\/a><a href=\"mailto:dban@nsk.hr\">dban@nsk.hr<\/a><\/p>\n\n\n\n<h2 class=\"wp-block-heading\"><strong>IT Department<\/strong><\/h2>\n\n\n\n<p>Dr Marko Ore\u0161kovi\u0107, Head of the <a>IT Department<\/a><br>+385 1 616 4045<br><a href=\"mailto:moreskovic@nsk.hr\">moreskovic@nsk.hr<\/a><\/p>\n\n\n\n<p>Boris Ron\u010devi\u0107, Head of the IT Infrastructure Division<br>+385 1 616 4117<br><a href=\"mailto:broncevic@nsk.hr\">broncevic@nsk.hr<\/a><\/p>\n\n\n\n<p>Igor Baj, Head of the IT Development Division<br>+385 1 616 4054<br><a href=\"mailto:ibaj@nsk.hr\">ibaj@nsk.hr<\/a><\/p>\n\n\n\n<h2 class=\"wp-block-heading\">Digital Library<strong> Department<\/strong><\/h2>\n\n\n\n<p>Ingeborg Rudomino, Head of the Digital Legal Deposit and Long-term Preservation Unit and Digitisation and Image Processing Unit<br>+385 1 616 4293<br><a href=\"mailto:irudomino@nsk.hr\">irudomino@nsk.hr<\/a><\/p>\n","protected":false},"excerpt":{"rendered":"<p>NSK Director General\u2019s Office Gordana Rado\u010daj, Head of the NSK Director General\u2019s OfficeT. +385 1 616 4023E.&nbsp;gradocaj@nsk.hr,&nbsp;uprava@nsk.hr Professor Ivanka Stri\u010devi\u0107, Director General of the&#8230;<\/p>\n","protected":false},"author":11,"featured_media":0,"parent":84477,"menu_order":0,"comment_status":"closed","ping_status":"closed","template":"","meta":{"_acf_changed":false,"ngg_post_thumbnail":0,"footnotes":""},"class_list":["post-86380","page","type-page","status-publish","hentry"],"acf":[],"yoast_head":"<!-- This site is optimized with the Yoast SEO plugin v25.4 - https:\/\/yoast.com\/wordpress\/plugins\/seo\/ -->\n<title>NSK departments, divisions and sections - Nacionalna i sveu\u010dili\u0161na knji\u017enica u Zagrebu<\/title>\n<meta name=\"description\" content=\"Learn more about the departments, divisions and sections of NSK, the National and University Library in Zagreb.\" \/>\n<meta name=\"robots\" content=\"index, follow, max-snippet:-1, max-image-preview:large, max-video-preview:-1\" \/>\n<link rel=\"canonical\" href=\"https:\/\/nsk.hr\/en\/nsk-organisational-structure\/nsk-departments-divisions-and-sections\/\" \/>\n<meta property=\"og:locale\" content=\"en_US\" \/>\n<meta property=\"og:type\" content=\"article\" \/>\n<meta property=\"og:title\" content=\"NSK departments, divisions and sections - Nacionalna i sveu\u010dili\u0161na knji\u017enica u Zagrebu\" \/>\n<meta property=\"og:description\" content=\"Learn more about the departments, divisions and sections of NSK, the National and University Library in Zagreb.\" \/>\n<meta property=\"og:url\" content=\"https:\/\/nsk.hr\/en\/nsk-organisational-structure\/nsk-departments-divisions-and-sections\/\" \/>\n<meta property=\"og:site_name\" content=\"Nacionalna i sveu\u010dili\u0161na knji\u017enica u Zagrebu\" \/>\n<meta property=\"article:modified_time\" content=\"2026-02-10T15:30:58+00:00\" \/>\n<meta property=\"og:image\" content=\"https:\/\/nsk.hr\/wp-content\/uploads\/2023\/11\/NSKWeb_NSK-departments-divisions-and-sections.png\" \/>\n\t<meta property=\"og:image:width\" content=\"1024\" \/>\n\t<meta property=\"og:image:height\" content=\"683\" \/>\n\t<meta property=\"og:image:type\" content=\"image\/png\" \/>\n<meta name=\"twitter:card\" content=\"summary_large_image\" \/>\n<meta name=\"twitter:label1\" content=\"Est. reading time\" \/>\n\t<meta name=\"twitter:data1\" content=\"4 minutes\" \/>\n<script type=\"application\/ld+json\" class=\"yoast-schema-graph\">{\"@context\":\"https:\/\/schema.org\",\"@graph\":[{\"@type\":\"WebPage\",\"@id\":\"https:\/\/nsk.hr\/en\/nsk-organisational-structure\/nsk-departments-divisions-and-sections\/\",\"url\":\"https:\/\/nsk.hr\/en\/nsk-organisational-structure\/nsk-departments-divisions-and-sections\/\",\"name\":\"NSK departments, divisions and sections - Nacionalna i sveu\u010dili\u0161na knji\u017enica u Zagrebu\",\"isPartOf\":{\"@id\":\"https:\/\/nsk.hr\/en\/#website\"},\"primaryImageOfPage\":{\"@id\":\"https:\/\/nsk.hr\/en\/nsk-organisational-structure\/nsk-departments-divisions-and-sections\/#primaryimage\"},\"image\":{\"@id\":\"https:\/\/nsk.hr\/en\/nsk-organisational-structure\/nsk-departments-divisions-and-sections\/#primaryimage\"},\"thumbnailUrl\":\"https:\/\/nsk.hr\/wp-content\/uploads\/2023\/11\/NSKWeb_NSK-departments-divisions-and-sections.png\",\"datePublished\":\"2023-09-28T15:09:36+00:00\",\"dateModified\":\"2026-02-10T15:30:58+00:00\",\"description\":\"Learn more about the departments, divisions and sections of NSK, the National and University Library in Zagreb.\",\"breadcrumb\":{\"@id\":\"https:\/\/nsk.hr\/en\/nsk-organisational-structure\/nsk-departments-divisions-and-sections\/#breadcrumb\"},\"inLanguage\":\"en-US\",\"potentialAction\":[{\"@type\":\"ReadAction\",\"target\":[\"https:\/\/nsk.hr\/en\/nsk-organisational-structure\/nsk-departments-divisions-and-sections\/\"]}]},{\"@type\":\"ImageObject\",\"inLanguage\":\"en-US\",\"@id\":\"https:\/\/nsk.hr\/en\/nsk-organisational-structure\/nsk-departments-divisions-and-sections\/#primaryimage\",\"url\":\"https:\/\/nsk.hr\/wp-content\/uploads\/2023\/11\/NSKWeb_NSK-departments-divisions-and-sections.png\",\"contentUrl\":\"https:\/\/nsk.hr\/wp-content\/uploads\/2023\/11\/NSKWeb_NSK-departments-divisions-and-sections.png\"},{\"@type\":\"BreadcrumbList\",\"@id\":\"https:\/\/nsk.hr\/en\/nsk-organisational-structure\/nsk-departments-divisions-and-sections\/#breadcrumb\",\"itemListElement\":[{\"@type\":\"ListItem\",\"position\":1,\"name\":\"Homepage\",\"item\":\"https:\/\/nsk.hr\/en\/\"},{\"@type\":\"ListItem\",\"position\":2,\"name\":\"NSK organisational structure\",\"item\":\"https:\/\/nsk.hr\/en\/?page_id=84477\"},{\"@type\":\"ListItem\",\"position\":3,\"name\":\"NSK departments, divisions and sections\"}]},{\"@type\":\"WebSite\",\"@id\":\"https:\/\/nsk.hr\/en\/#website\",\"url\":\"https:\/\/nsk.hr\/en\/\",\"name\":\"Nacionalna i sveu\u010dili\u0161na knji\u017enica u Zagrebu\",\"description\":\"\",\"potentialAction\":[{\"@type\":\"SearchAction\",\"target\":{\"@type\":\"EntryPoint\",\"urlTemplate\":\"https:\/\/nsk.hr\/en\/?s={search_term_string}\"},\"query-input\":{\"@type\":\"PropertyValueSpecification\",\"valueRequired\":true,\"valueName\":\"search_term_string\"}}],\"inLanguage\":\"en-US\"}]}<\/script>\n<!-- \/ Yoast SEO plugin. -->","yoast_head_json":{"title":"NSK departments, divisions and sections - Nacionalna i sveu\u010dili\u0161na knji\u017enica u Zagrebu","description":"Learn more about the departments, divisions and sections of NSK, the National and University Library in Zagreb.","robots":{"index":"index","follow":"follow","max-snippet":"max-snippet:-1","max-image-preview":"max-image-preview:large","max-video-preview":"max-video-preview:-1"},"canonical":"https:\/\/nsk.hr\/en\/nsk-organisational-structure\/nsk-departments-divisions-and-sections\/","og_locale":"en_US","og_type":"article","og_title":"NSK departments, divisions and sections - Nacionalna i sveu\u010dili\u0161na knji\u017enica u Zagrebu","og_description":"Learn more about the departments, divisions and sections of NSK, the National and University Library in Zagreb.","og_url":"https:\/\/nsk.hr\/en\/nsk-organisational-structure\/nsk-departments-divisions-and-sections\/","og_site_name":"Nacionalna i sveu\u010dili\u0161na knji\u017enica u Zagrebu","article_modified_time":"2026-02-10T15:30:58+00:00","og_image":[{"width":1024,"height":683,"url":"https:\/\/nsk.hr\/wp-content\/uploads\/2023\/11\/NSKWeb_NSK-departments-divisions-and-sections.png","type":"image\/png"}],"twitter_card":"summary_large_image","twitter_misc":{"Est. reading time":"4 minutes"},"schema":{"@context":"https:\/\/schema.org","@graph":[{"@type":"WebPage","@id":"https:\/\/nsk.hr\/en\/nsk-organisational-structure\/nsk-departments-divisions-and-sections\/","url":"https:\/\/nsk.hr\/en\/nsk-organisational-structure\/nsk-departments-divisions-and-sections\/","name":"NSK departments, divisions and sections - Nacionalna i sveu\u010dili\u0161na knji\u017enica u Zagrebu","isPartOf":{"@id":"https:\/\/nsk.hr\/en\/#website"},"primaryImageOfPage":{"@id":"https:\/\/nsk.hr\/en\/nsk-organisational-structure\/nsk-departments-divisions-and-sections\/#primaryimage"},"image":{"@id":"https:\/\/nsk.hr\/en\/nsk-organisational-structure\/nsk-departments-divisions-and-sections\/#primaryimage"},"thumbnailUrl":"https:\/\/nsk.hr\/wp-content\/uploads\/2023\/11\/NSKWeb_NSK-departments-divisions-and-sections.png","datePublished":"2023-09-28T15:09:36+00:00","dateModified":"2026-02-10T15:30:58+00:00","description":"Learn more about the departments, divisions and sections of NSK, the National and University Library in Zagreb.","breadcrumb":{"@id":"https:\/\/nsk.hr\/en\/nsk-organisational-structure\/nsk-departments-divisions-and-sections\/#breadcrumb"},"inLanguage":"en-US","potentialAction":[{"@type":"ReadAction","target":["https:\/\/nsk.hr\/en\/nsk-organisational-structure\/nsk-departments-divisions-and-sections\/"]}]},{"@type":"ImageObject","inLanguage":"en-US","@id":"https:\/\/nsk.hr\/en\/nsk-organisational-structure\/nsk-departments-divisions-and-sections\/#primaryimage","url":"https:\/\/nsk.hr\/wp-content\/uploads\/2023\/11\/NSKWeb_NSK-departments-divisions-and-sections.png","contentUrl":"https:\/\/nsk.hr\/wp-content\/uploads\/2023\/11\/NSKWeb_NSK-departments-divisions-and-sections.png"},{"@type":"BreadcrumbList","@id":"https:\/\/nsk.hr\/en\/nsk-organisational-structure\/nsk-departments-divisions-and-sections\/#breadcrumb","itemListElement":[{"@type":"ListItem","position":1,"name":"Homepage","item":"https:\/\/nsk.hr\/en\/"},{"@type":"ListItem","position":2,"name":"NSK organisational structure","item":"https:\/\/nsk.hr\/en\/?page_id=84477"},{"@type":"ListItem","position":3,"name":"NSK departments, divisions and sections"}]},{"@type":"WebSite","@id":"https:\/\/nsk.hr\/en\/#website","url":"https:\/\/nsk.hr\/en\/","name":"Nacionalna i sveu\u010dili\u0161na knji\u017enica u Zagrebu","description":"","potentialAction":[{"@type":"SearchAction","target":{"@type":"EntryPoint","urlTemplate":"https:\/\/nsk.hr\/en\/?s={search_term_string}"},"query-input":{"@type":"PropertyValueSpecification","valueRequired":true,"valueName":"search_term_string"}}],"inLanguage":"en-US"}]}},"_links":{"self":[{"href":"https:\/\/nsk.hr\/en\/wp-json\/wp\/v2\/pages\/86380","targetHints":{"allow":["GET"]}}],"collection":[{"href":"https:\/\/nsk.hr\/en\/wp-json\/wp\/v2\/pages"}],"about":[{"href":"https:\/\/nsk.hr\/en\/wp-json\/wp\/v2\/types\/page"}],"author":[{"embeddable":true,"href":"https:\/\/nsk.hr\/en\/wp-json\/wp\/v2\/users\/11"}],"replies":[{"embeddable":true,"href":"https:\/\/nsk.hr\/en\/wp-json\/wp\/v2\/comments?post=86380"}],"version-history":[{"count":28,"href":"https:\/\/nsk.hr\/en\/wp-json\/wp\/v2\/pages\/86380\/revisions"}],"predecessor-version":[{"id":99933,"href":"https:\/\/nsk.hr\/en\/wp-json\/wp\/v2\/pages\/86380\/revisions\/99933"}],"up":[{"embeddable":true,"href":"https:\/\/nsk.hr\/en\/wp-json\/wp\/v2\/pages\/84477"}],"wp:attachment":[{"href":"https:\/\/nsk.hr\/en\/wp-json\/wp\/v2\/media?parent=86380"}],"curies":[{"name":"wp","href":"https:\/\/api.w.org\/{rel}","templated":true}]}}