{"id":86370,"date":"2023-09-28T14:51:25","date_gmt":"2023-09-28T12:51:25","guid":{"rendered":"https:\/\/nsk.hr\/?page_id=86370"},"modified":"2026-04-09T12:36:39","modified_gmt":"2026-04-09T10:36:39","slug":"contact","status":"publish","type":"page","link":"https:\/\/nsk.hr\/en\/contact\/","title":{"rendered":"Contact"},"content":{"rendered":"<section  class=\"block-section two-columns-block has-2-col\">\n    <div class=\"container\">\n\n                    <h2 class=\"two-columns-block__title\">Contact us by phone or email:<\/h2>\n        \n        <div class=\"two-columns-block__container\">\n\n            <div class=\"two-columns-block__column richText\">\n                                <p><a href=\"mailto:informacijski.centar@nsk.hr\"><span data-contrast=\"none\">informacijski.centar@nsk.hr<\/span><\/a><\/p>\n<p>+385 1 616 4002<\/p>\n<p>+385 1 616 4040<\/p>\n<p>&nbsp;<\/p>\n<p><strong>NSK DIRECTOR GENERAL\u2019S OFFICE<\/strong><\/p>\n<p><a href=\"mailto:uprava@nsk.hr\"><span data-contrast=\"none\">uprava@nsk.hr<\/span><\/a><\/p>\n<p>+385 1 616-4023<\/p>\n<p>&nbsp;<\/p>\n<p><strong>NSK MARKETING AND COMMUNICATIONS SECTION<\/strong><\/p>\n<p><a href=\"mailto:marketing@nsk.hr\">marketing@nsk.hr<\/a><\/p>\n<p>+385 1 616-4136<\/p>\n            <\/div><!-- .col-1 -->\n\n            <p><img decoding=\"async\" class=\"alignnone wp-image-86371 size-medium lazyload\" data-src=\"https:\/\/nsk.hr\/wp-content\/uploads\/2023\/11\/NSKWeb_Contact-300x200.png\" alt=\"Member of the staff of NSK, the National and University Library in Zagreb, at one of the Library\u2019s help desks dealing with a query from the Library\u2019s user.\" width=\"300\" height=\"200\" data-srcset=\"https:\/\/nsk.hr\/wp-content\/uploads\/2023\/11\/NSKWeb_Contact-300x200.png 300w, https:\/\/nsk.hr\/wp-content\/uploads\/2023\/11\/NSKWeb_Contact-768x512.png 768w, https:\/\/nsk.hr\/wp-content\/uploads\/2023\/11\/NSKWeb_Contact.png 1024w\" data-sizes=\"(max-width: 300px) 100vw, 300px\" src=\"data:image\/svg+xml;base64,PHN2ZyB3aWR0aD0iMSIgaGVpZ2h0PSIxIiB4bWxucz0iaHR0cDovL3d3dy53My5vcmcvMjAwMC9zdmciPjwvc3ZnPg==\" style=\"--smush-placeholder-width: 300px; --smush-placeholder-aspect-ratio: 300\/200;\" \/><\/p>\n\n        <\/div>\n\n    <\/div>\n<\/section>\n\n\n<section class=\"nsk-section nsk-button position-relative my-6\" >\n\t<div class=\"container\">\n\t\t<div class=\"row\">\n\t\t\t<div class=\"col-12\">\n\t\t\t\t<div class=\"nsk-button__button\">\n\t\t\t\t\t\t\t\t\t\t\t<div class=\"nsk-button__link-wrap text-center text-lg-left\">\n\t\t\t\t\t\t\t\n<a   href=\"https:\/\/nsk.hr\/en\/nsk-organisational-structure\/nsk-departments-divisions-and-sections\/\" class=\"btn btn-primary align-items-center text-image-block__button btn-lg  align-items-center justify-content-center\"   >\n\t\t\t\t\t<span class=\"text\">All NSK departments, divisions and sections<\/span>\n\t<\/a>\n\t\t\t\t\t\t<\/div>\n\t\t\t\t\t\t\t\t\t<\/div>\n\t\t\t<\/div>\n\t\t<\/div>\n\t<\/div>\n<\/section>\n\n\n<section  class=\"block-section two-columns-block has-2-col\">\n    <div class=\"container\">\n\n                    <h2 class=\"two-columns-block__title\">Opening hours <\/h2>\n        \n        <div class=\"two-columns-block__container\">\n\n            <div class=\"two-columns-block__column richText\">\n                                    <h3>Opening hours for users<\/h3>\n                                <p>Monday \u2013 Friday 8.00 \u2013 21.00<\/p>\n<p>Saturday 9.00 \u2013 14.00<\/p>\n            <\/div><!-- .col-1 -->\n\n                            <div class=\"two-columns-block__column richText\">\n                                                                        <h3>Extended hours services<\/h3>\n                                                <p>Monday \u2013 Friday 21.00 \u2013 24.00<\/p>\n                    \n                <\/div><!-- .col-2 -->\n            \n        <\/div>\n\n    <\/div>\n<\/section>\n\n<section  class=\"block-section two-columns-block has-2-col\">\n    <div class=\"container\">\n\n        \n        <div class=\"two-columns-block__container\">\n\n            <div class=\"two-columns-block__column richText\">\n                                    <h3>Special collections<\/h3>\n                                <p>Monday \u2013 Friday 8.00 \u2013 16.00<\/p>\n            <\/div><!-- .col-1 -->\n\n            \n        <\/div>\n\n    <\/div>\n<\/section>\n\n<section  class=\"block-section two-columns-block has-2-col\">\n    <div class=\"container\">\n\n                    <h2 class=\"two-columns-block__title\">Address<\/h2>\n        \n        <div class=\"two-columns-block__container\">\n\n            <div class=\"two-columns-block__column richText\">\n                                <p>Ulica Hrvatske bratske zajednice 4<\/p>\n<p>10 000 Zagreb<\/p>\n<p><a href=\"https:\/\/nsk.hr\/en\/how-to-get-to-nsk\/\">How to get to NSK<\/a><\/p>\n<p>&nbsp;<\/p>\n            <\/div><!-- .col-1 -->\n\n            <p><a href=\"https:\/\/www.google.com\/maps\/dir\/National+and+University+Library+in+Zagreb,+Ul.+Hrvatske+bratske+zajednice+4,+10000,+Zagreb\/@45.7966353,15.9749775,17z\/data=!4m8!4m7!1m0!1m5!1m1!1s0x4765d65fa6cb73d1:0x32587323e6810e41!2m2!1d15.9775578!2d45.7966353?entry=ttu\"><img decoding=\"async\" data-src=\"https:\/\/nsk.hr\/wp-content\/uploads\/2023\/11\/fabijanicNSK_0004-300x215.jpg\" alt=\"The building of the National and University Library in Zagreb.\" src=\"data:image\/svg+xml;base64,PHN2ZyB3aWR0aD0iMSIgaGVpZ2h0PSIxIiB4bWxucz0iaHR0cDovL3d3dy53My5vcmcvMjAwMC9zdmciPjwvc3ZnPg==\" class=\"lazyload\" style=\"--smush-placeholder-width: 300px; --smush-placeholder-aspect-ratio: 300\/215;\" \/><\/a><\/p>\n\n        <\/div>\n\n    <\/div>\n<\/section>","protected":false},"excerpt":{"rendered":"","protected":false},"author":11,"featured_media":0,"parent":0,"menu_order":0,"comment_status":"closed","ping_status":"closed","template":"","meta":{"_acf_changed":true,"ngg_post_thumbnail":0,"footnotes":""},"class_list":["post-86370","page","type-page","status-publish","hentry"],"acf":[],"yoast_head":"<!-- This site is optimized with the Yoast SEO plugin v25.4 - https:\/\/yoast.com\/wordpress\/plugins\/seo\/ -->\n<title>Contact - Nacionalna i sveu\u010dili\u0161na knji\u017enica u Zagrebu<\/title>\n<meta name=\"description\" content=\"Contact NSK, the National and University Library in Zagreb, by phone, email or online query forms.\" \/>\n<meta name=\"robots\" content=\"index, follow, max-snippet:-1, max-image-preview:large, max-video-preview:-1\" \/>\n<link rel=\"canonical\" href=\"https:\/\/nsk.hr\/en\/contact\/\" \/>\n<meta property=\"og:locale\" content=\"en_US\" \/>\n<meta property=\"og:type\" content=\"article\" \/>\n<meta property=\"og:title\" content=\"Contact - Nacionalna i sveu\u010dili\u0161na knji\u017enica u Zagrebu\" \/>\n<meta property=\"og:description\" content=\"Contact NSK, the National and University Library in Zagreb, by phone, email or online query forms.\" \/>\n<meta property=\"og:url\" content=\"https:\/\/nsk.hr\/en\/contact\/\" \/>\n<meta property=\"og:site_name\" content=\"Nacionalna i sveu\u010dili\u0161na knji\u017enica u Zagrebu\" \/>\n<meta property=\"article:modified_time\" content=\"2026-04-09T10:36:39+00:00\" \/>\n<meta name=\"twitter:card\" content=\"summary_large_image\" \/>\n<script type=\"application\/ld+json\" class=\"yoast-schema-graph\">{\"@context\":\"https:\/\/schema.org\",\"@graph\":[{\"@type\":\"WebPage\",\"@id\":\"https:\/\/nsk.hr\/en\/contact\/\",\"url\":\"https:\/\/nsk.hr\/en\/contact\/\",\"name\":\"Contact - Nacionalna i sveu\u010dili\u0161na knji\u017enica u Zagrebu\",\"isPartOf\":{\"@id\":\"https:\/\/nsk.hr\/en\/#website\"},\"datePublished\":\"2023-09-28T12:51:25+00:00\",\"dateModified\":\"2026-04-09T10:36:39+00:00\",\"description\":\"Contact NSK, the National and University Library in Zagreb, by phone, email or online query forms.\",\"breadcrumb\":{\"@id\":\"https:\/\/nsk.hr\/en\/contact\/#breadcrumb\"},\"inLanguage\":\"en-US\",\"potentialAction\":[{\"@type\":\"ReadAction\",\"target\":[\"https:\/\/nsk.hr\/en\/contact\/\"]}]},{\"@type\":\"BreadcrumbList\",\"@id\":\"https:\/\/nsk.hr\/en\/contact\/#breadcrumb\",\"itemListElement\":[{\"@type\":\"ListItem\",\"position\":1,\"name\":\"Homepage\",\"item\":\"https:\/\/nsk.hr\/en\/\"},{\"@type\":\"ListItem\",\"position\":2,\"name\":\"Contact\"}]},{\"@type\":\"WebSite\",\"@id\":\"https:\/\/nsk.hr\/en\/#website\",\"url\":\"https:\/\/nsk.hr\/en\/\",\"name\":\"Nacionalna i sveu\u010dili\u0161na knji\u017enica u Zagrebu\",\"description\":\"\",\"potentialAction\":[{\"@type\":\"SearchAction\",\"target\":{\"@type\":\"EntryPoint\",\"urlTemplate\":\"https:\/\/nsk.hr\/en\/?s={search_term_string}\"},\"query-input\":{\"@type\":\"PropertyValueSpecification\",\"valueRequired\":true,\"valueName\":\"search_term_string\"}}],\"inLanguage\":\"en-US\"}]}<\/script>\n<!-- \/ Yoast SEO plugin. -->","yoast_head_json":{"title":"Contact - Nacionalna i sveu\u010dili\u0161na knji\u017enica u Zagrebu","description":"Contact NSK, the National and University Library in Zagreb, by phone, email or online query forms.","robots":{"index":"index","follow":"follow","max-snippet":"max-snippet:-1","max-image-preview":"max-image-preview:large","max-video-preview":"max-video-preview:-1"},"canonical":"https:\/\/nsk.hr\/en\/contact\/","og_locale":"en_US","og_type":"article","og_title":"Contact - Nacionalna i sveu\u010dili\u0161na knji\u017enica u Zagrebu","og_description":"Contact NSK, the National and University Library in Zagreb, by phone, email or online query forms.","og_url":"https:\/\/nsk.hr\/en\/contact\/","og_site_name":"Nacionalna i sveu\u010dili\u0161na knji\u017enica u Zagrebu","article_modified_time":"2026-04-09T10:36:39+00:00","twitter_card":"summary_large_image","schema":{"@context":"https:\/\/schema.org","@graph":[{"@type":"WebPage","@id":"https:\/\/nsk.hr\/en\/contact\/","url":"https:\/\/nsk.hr\/en\/contact\/","name":"Contact - Nacionalna i sveu\u010dili\u0161na knji\u017enica u Zagrebu","isPartOf":{"@id":"https:\/\/nsk.hr\/en\/#website"},"datePublished":"2023-09-28T12:51:25+00:00","dateModified":"2026-04-09T10:36:39+00:00","description":"Contact NSK, the National and University Library in Zagreb, by phone, email or online query forms.","breadcrumb":{"@id":"https:\/\/nsk.hr\/en\/contact\/#breadcrumb"},"inLanguage":"en-US","potentialAction":[{"@type":"ReadAction","target":["https:\/\/nsk.hr\/en\/contact\/"]}]},{"@type":"BreadcrumbList","@id":"https:\/\/nsk.hr\/en\/contact\/#breadcrumb","itemListElement":[{"@type":"ListItem","position":1,"name":"Homepage","item":"https:\/\/nsk.hr\/en\/"},{"@type":"ListItem","position":2,"name":"Contact"}]},{"@type":"WebSite","@id":"https:\/\/nsk.hr\/en\/#website","url":"https:\/\/nsk.hr\/en\/","name":"Nacionalna i sveu\u010dili\u0161na knji\u017enica u Zagrebu","description":"","potentialAction":[{"@type":"SearchAction","target":{"@type":"EntryPoint","urlTemplate":"https:\/\/nsk.hr\/en\/?s={search_term_string}"},"query-input":{"@type":"PropertyValueSpecification","valueRequired":true,"valueName":"search_term_string"}}],"inLanguage":"en-US"}]}},"_links":{"self":[{"href":"https:\/\/nsk.hr\/en\/wp-json\/wp\/v2\/pages\/86370","targetHints":{"allow":["GET"]}}],"collection":[{"href":"https:\/\/nsk.hr\/en\/wp-json\/wp\/v2\/pages"}],"about":[{"href":"https:\/\/nsk.hr\/en\/wp-json\/wp\/v2\/types\/page"}],"author":[{"embeddable":true,"href":"https:\/\/nsk.hr\/en\/wp-json\/wp\/v2\/users\/11"}],"replies":[{"embeddable":true,"href":"https:\/\/nsk.hr\/en\/wp-json\/wp\/v2\/comments?post=86370"}],"version-history":[{"count":7,"href":"https:\/\/nsk.hr\/en\/wp-json\/wp\/v2\/pages\/86370\/revisions"}],"predecessor-version":[{"id":100796,"href":"https:\/\/nsk.hr\/en\/wp-json\/wp\/v2\/pages\/86370\/revisions\/100796"}],"wp:attachment":[{"href":"https:\/\/nsk.hr\/en\/wp-json\/wp\/v2\/media?parent=86370"}],"curies":[{"name":"wp","href":"https:\/\/api.w.org\/{rel}","templated":true}]}}