{"id":86311,"date":"2023-10-03T07:54:19","date_gmt":"2023-10-03T05:54:19","guid":{"rendered":"https:\/\/nsk.hr\/?page_id=86311"},"modified":"2025-02-26T13:15:45","modified_gmt":"2025-02-26T12:15:45","slug":"inter-library-loans","status":"publish","type":"page","link":"https:\/\/nsk.hr\/en\/inter-library-loans\/","title":{"rendered":"Inter-library loans"},"content":{"rendered":"\n<p class=\"is-style-lead\">NSK, the National and University Library in Zagreb, provides inter-library loans service, enabling loans between libraries in Croatia and abroad and a fast delivery of chapter\/article scans of items in their collections.<\/p>\n\n\n\n<figure class=\"wp-block-image size-full\"><img decoding=\"async\" width=\"1024\" height=\"683\" data-src=\"https:\/\/nsk.hr\/wp-content\/uploads\/2023\/11\/NSKWeb_Interlibrary-loan.png\" alt=\"A hand taking a book from a library bookcase.\" class=\"wp-image-86312 lazyload\" data-srcset=\"https:\/\/nsk.hr\/wp-content\/uploads\/2023\/11\/NSKWeb_Interlibrary-loan.png 1024w, https:\/\/nsk.hr\/wp-content\/uploads\/2023\/11\/NSKWeb_Interlibrary-loan-300x200.png 300w, https:\/\/nsk.hr\/wp-content\/uploads\/2023\/11\/NSKWeb_Interlibrary-loan-768x512.png 768w\" data-sizes=\"(max-width: 1024px) 100vw, 1024px\" src=\"data:image\/svg+xml;base64,PHN2ZyB3aWR0aD0iMSIgaGVpZ2h0PSIxIiB4bWxucz0iaHR0cDovL3d3dy53My5vcmcvMjAwMC9zdmciPjwvc3ZnPg==\" style=\"--smush-placeholder-width: 1024px; --smush-placeholder-aspect-ratio: 1024\/683;\" \/><\/figure>\n\n\n\n<p>Our inter-library loans service makes available to our registered members and other libraries resources not included in <a href=\"https:\/\/nsk.hr\/en\/nsk-collections\/\">our collections<\/a> and items in our collections available to other libraries in Croatia and abroad. The items can be requested as physical loans and chapter\/article scans.<\/p>\n\n\n\n<h2 class=\"wp-block-heading\"><strong>Inter-library loan requests<\/strong><\/h2>\n\n\n\n<p>Before placing your request, please make sure that we do not hold the material you need by searching the <a href=\"https:\/\/katalog.nsk.hr\/F?RN=543180656\">NSK Catalogue<\/a>.<\/p>\n\n\n\n<figure class=\"wp-block-image size-full\"><img decoding=\"async\" width=\"1024\" height=\"683\" data-src=\"https:\/\/nsk.hr\/wp-content\/uploads\/2023\/11\/NSKWeb_Interlibrary-loan-desk.png\" alt=\"Member of the staff of the NSK Inter-library loans service handing out a book to the NSK user.\" class=\"wp-image-86315 lazyload\" data-srcset=\"https:\/\/nsk.hr\/wp-content\/uploads\/2023\/11\/NSKWeb_Interlibrary-loan-desk.png 1024w, https:\/\/nsk.hr\/wp-content\/uploads\/2023\/11\/NSKWeb_Interlibrary-loan-desk-300x200.png 300w, https:\/\/nsk.hr\/wp-content\/uploads\/2023\/11\/NSKWeb_Interlibrary-loan-desk-768x512.png 768w\" data-sizes=\"(max-width: 1024px) 100vw, 1024px\" src=\"data:image\/svg+xml;base64,PHN2ZyB3aWR0aD0iMSIgaGVpZ2h0PSIxIiB4bWxucz0iaHR0cDovL3d3dy53My5vcmcvMjAwMC9zdmciPjwvc3ZnPg==\" style=\"--smush-placeholder-width: 1024px; --smush-placeholder-aspect-ratio: 1024\/683;\" \/><\/figure>\n\n\n\n<p>Our registered members may place their inter-library loan requests in person, at the NSK Inter-library loans desk on the Library\u2019s Ground Floor, or by emailing it at <a href=\"mailto:illnsk@nsk.hr\">illnsk@nsk.hr<\/a>, which e-address is also to be used for requests placed by libraries.<\/p>\n\n\n\n<p>Persons who are not our registered members may place their inter-library loan requests through their local library.<\/p>\n\n\n\n<h2 class=\"wp-block-heading\"><strong>Loan periods<\/strong><\/h2>\n\n\n\n<p>Loan periods for items from other libraries range between two and four weeks, while the loan period for items from the <a href=\"https:\/\/nsk.hr\/en\/nsk-collections\/\">NSK collections<\/a> is thirty days. Chapter\/article scans are delivered by email and may be used for purposes of private study for an indefinite period.<\/p>\n\n\n\n<h2 class=\"wp-block-heading\"><strong>RapidILL interlibrary loan system<\/strong><\/h2>\n\n\n\n<p>We provide access to <a><\/a><a href=\"https:\/\/exlibrisgroup.com\/products\/rapidill-interlibrary-loan\/\">RapidILL<\/a>, a fast and cost-effective interlibrary loan system facilitating the processing and management of requests for article and book chapter scans.<\/p>\n\n\n\n<p>Available to our registered members and all libraries in Croatia as a result of our cooperation with the <a href=\"http:\/\/www.unizg.hr\/homepage\/\">University of Zagreb<\/a>, the service will remain free of charge until the end of 2025. <\/p>\n\n\n\n<section class=\"nsk-section nsk-button position-relative my-6\" >\n\t<div class=\"container\">\n\t\t<div class=\"row\">\n\t\t\t<div class=\"col-12\">\n\t\t\t\t<div class=\"nsk-button__button\">\n\t\t\t\t\t\t\t\t\t\t\t<div class=\"nsk-button__link-wrap text-center text-lg-left\">\n\t\t\t\t\t\t\t\n<a   href=\"https:\/\/iks.nsk.hr\/rapidill\/\" class=\"btn btn-primary align-items-center text-image-block__button btn-lg  align-items-center justify-content-center\"   >\n\t\t\t\t\t<span class=\"text\">Place a RapidILL request<\/span>\n\t<\/a>\n\t\t\t\t\t\t<\/div>\n\t\t\t\t\t\t\t\t\t<\/div>\n\t\t\t<\/div>\n\t\t<\/div>\n\t<\/div>\n<\/section>\n\n\n\n<h2 class=\"wp-block-heading\"><strong>Prices<\/strong><\/h2>\n\n\n\n<p>Items in the <a href=\"https:\/\/nsk.hr\/en\/nsk-collections\/\">NSK collections<\/a> (per book\/volume)<\/p>\n\n\n\n<ul class=\"wp-block-list\">\n<li>libraries in Croatia \u2013 \u20ac4<\/li>\n\n\n\n<li>libraries outside Croatia \u2013 1 IFLA voucher<\/li>\n<\/ul>\n\n\n\n<p><a>Chapter\/article scans <\/a>of items in the NSK collections<\/p>\n\n\n\n<ul class=\"wp-block-list\">\n<li>Libraries in Croatia \u2013 up to 20 pages \u2013 no charge<\/li>\n\n\n\n<li>Libraries in Croatia \u2013 over 20 pages \u2013 per page \u2013 \u20ac0.10<\/li>\n\n\n\n<li>Libraries outside Croatia \u2013 up to 20 pages \u2013 1 IFLA voucher; per each next 20 pages \u2013 \u00bd IFLA voucher<\/li>\n\n\n\n<li>Libraries outside Croatia (no IFLA voucher) \u2013 up to 20 pages \u2013 \u20ac13.50; each additional page \u2013 \u20ac0.20<\/li>\n\n\n\n<li>RapidILL \u2013 no charge<\/li>\n<\/ul>\n\n\n\n<p>Items from other Croatian libraries<\/p>\n\n\n\n<ul class=\"wp-block-list\">\n<li>loans (per book\/volume) \u2013 \u20ac4<\/li>\n\n\n\n<li>chapter\/article scans \u2013 as indicated in the invoice of the library holding the copied item<\/li>\n<\/ul>\n\n\n\n<p>Items from libraries outside Croatia*<\/p>\n\n\n\n<ul class=\"wp-block-list\">\n<li>United Kingdom \u2013 \u20ac40<\/li>\n\n\n\n<li>Subito \u2013 \u20ac28<\/li>\n\n\n\n<li>Other libraries in Europe \u2013 \u20ac28<\/li>\n\n\n\n<li>Libraries outside Europe \u2013 \u20ac40<\/li>\n<\/ul>\n\n\n\n<p>Chapter\/article scans of items from libraries outside Croatia*<\/p>\n\n\n\n<ul class=\"wp-block-list\">\n<li>United Kingdom \u2013 \u20ac20<\/li>\n\n\n\n<li>Subito Digital Rights Management \u2013 \u20ac16<\/li>\n\n\n\n<li>Subito .PDF \u2013 \u20ac8<\/li>\n\n\n\n<li>Other libraries in Europe \u2013 \u20ac13<\/li>\n\n\n\n<li>Libraries outside Europe \u2013 \u20ac20<\/li>\n<\/ul>\n\n\n\n<p>*the prices may be higher due to the costs arising from the interlibrary loan prices of individual libraries, copyright royalties or postage<\/p>\n\n\n\n<p><a href=\"https:\/\/nsk.hr\/wp-content\/uploads\/2025\/02\/NSK-Fees-and-Charges_2025-02-26.pdf\">NSK Fees and Charges<\/a><\/p>\n\n\n\n<p><\/p>\n","protected":false},"excerpt":{"rendered":"<p>NSK, the National and University Library in Zagreb, provides inter-library loans service, enabling loans between libraries in Croatia and abroad and a fast delivery&#8230;<\/p>\n","protected":false},"author":11,"featured_media":0,"parent":0,"menu_order":0,"comment_status":"closed","ping_status":"closed","template":"","meta":{"_acf_changed":false,"ngg_post_thumbnail":0,"footnotes":""},"class_list":["post-86311","page","type-page","status-publish","hentry"],"acf":[],"yoast_head":"<!-- This site is optimized with the Yoast SEO plugin v25.4 - https:\/\/yoast.com\/wordpress\/plugins\/seo\/ -->\n<title>Inter-library loans - Nacionalna i sveu\u010dili\u0161na knji\u017enica u Zagrebu<\/title>\n<meta name=\"description\" content=\"NSK, the National and University Library in Zagreb, provides inter-library loans service, enabling loans between libraries in Croatia and abroad and a fast delivery of chapter\/article scans of items in their collections.\" \/>\n<meta name=\"robots\" content=\"index, follow, max-snippet:-1, max-image-preview:large, max-video-preview:-1\" \/>\n<link rel=\"canonical\" href=\"https:\/\/nsk.hr\/en\/inter-library-loans\/\" \/>\n<meta property=\"og:locale\" content=\"en_US\" \/>\n<meta property=\"og:type\" content=\"article\" \/>\n<meta property=\"og:title\" content=\"Inter-library loans - Nacionalna i sveu\u010dili\u0161na knji\u017enica u Zagrebu\" \/>\n<meta property=\"og:description\" content=\"NSK, the National and University Library in Zagreb, provides inter-library loans service, enabling loans between libraries in Croatia and abroad and a fast delivery of chapter\/article scans of items in their collections.\" \/>\n<meta property=\"og:url\" content=\"https:\/\/nsk.hr\/en\/inter-library-loans\/\" \/>\n<meta property=\"og:site_name\" content=\"Nacionalna i sveu\u010dili\u0161na knji\u017enica u Zagrebu\" \/>\n<meta property=\"article:modified_time\" content=\"2025-02-26T12:15:45+00:00\" \/>\n<meta property=\"og:image\" content=\"https:\/\/nsk.hr\/wp-content\/uploads\/2023\/11\/NSKWeb_Interlibrary-loan.png\" \/>\n\t<meta property=\"og:image:width\" content=\"1024\" \/>\n\t<meta property=\"og:image:height\" content=\"683\" \/>\n\t<meta property=\"og:image:type\" content=\"image\/png\" \/>\n<meta name=\"twitter:card\" content=\"summary_large_image\" \/>\n<meta name=\"twitter:label1\" content=\"Est. reading time\" \/>\n\t<meta name=\"twitter:data1\" content=\"3 minutes\" \/>\n<script type=\"application\/ld+json\" class=\"yoast-schema-graph\">{\"@context\":\"https:\/\/schema.org\",\"@graph\":[{\"@type\":\"WebPage\",\"@id\":\"https:\/\/nsk.hr\/en\/inter-library-loans\/\",\"url\":\"https:\/\/nsk.hr\/en\/inter-library-loans\/\",\"name\":\"Inter-library loans - Nacionalna i sveu\u010dili\u0161na knji\u017enica u Zagrebu\",\"isPartOf\":{\"@id\":\"https:\/\/nsk.hr\/en\/#website\"},\"primaryImageOfPage\":{\"@id\":\"https:\/\/nsk.hr\/en\/inter-library-loans\/#primaryimage\"},\"image\":{\"@id\":\"https:\/\/nsk.hr\/en\/inter-library-loans\/#primaryimage\"},\"thumbnailUrl\":\"https:\/\/nsk.hr\/wp-content\/uploads\/2023\/11\/NSKWeb_Interlibrary-loan.png\",\"datePublished\":\"2023-10-03T05:54:19+00:00\",\"dateModified\":\"2025-02-26T12:15:45+00:00\",\"description\":\"NSK, the National and University Library in Zagreb, provides inter-library loans service, enabling loans between libraries in Croatia and abroad and a fast delivery of chapter\/article scans of items in their collections.\",\"breadcrumb\":{\"@id\":\"https:\/\/nsk.hr\/en\/inter-library-loans\/#breadcrumb\"},\"inLanguage\":\"en-US\",\"potentialAction\":[{\"@type\":\"ReadAction\",\"target\":[\"https:\/\/nsk.hr\/en\/inter-library-loans\/\"]}]},{\"@type\":\"ImageObject\",\"inLanguage\":\"en-US\",\"@id\":\"https:\/\/nsk.hr\/en\/inter-library-loans\/#primaryimage\",\"url\":\"https:\/\/nsk.hr\/wp-content\/uploads\/2023\/11\/NSKWeb_Interlibrary-loan.png\",\"contentUrl\":\"https:\/\/nsk.hr\/wp-content\/uploads\/2023\/11\/NSKWeb_Interlibrary-loan.png\"},{\"@type\":\"BreadcrumbList\",\"@id\":\"https:\/\/nsk.hr\/en\/inter-library-loans\/#breadcrumb\",\"itemListElement\":[{\"@type\":\"ListItem\",\"position\":1,\"name\":\"Homepage\",\"item\":\"https:\/\/nsk.hr\/en\/\"},{\"@type\":\"ListItem\",\"position\":2,\"name\":\"Inter-library loans\"}]},{\"@type\":\"WebSite\",\"@id\":\"https:\/\/nsk.hr\/en\/#website\",\"url\":\"https:\/\/nsk.hr\/en\/\",\"name\":\"Nacionalna i sveu\u010dili\u0161na knji\u017enica u Zagrebu\",\"description\":\"\",\"potentialAction\":[{\"@type\":\"SearchAction\",\"target\":{\"@type\":\"EntryPoint\",\"urlTemplate\":\"https:\/\/nsk.hr\/en\/?s={search_term_string}\"},\"query-input\":{\"@type\":\"PropertyValueSpecification\",\"valueRequired\":true,\"valueName\":\"search_term_string\"}}],\"inLanguage\":\"en-US\"}]}<\/script>\n<!-- \/ Yoast SEO plugin. -->","yoast_head_json":{"title":"Inter-library loans - Nacionalna i sveu\u010dili\u0161na knji\u017enica u Zagrebu","description":"NSK, the National and University Library in Zagreb, provides inter-library loans service, enabling loans between libraries in Croatia and abroad and a fast delivery of chapter\/article scans of items in their collections.","robots":{"index":"index","follow":"follow","max-snippet":"max-snippet:-1","max-image-preview":"max-image-preview:large","max-video-preview":"max-video-preview:-1"},"canonical":"https:\/\/nsk.hr\/en\/inter-library-loans\/","og_locale":"en_US","og_type":"article","og_title":"Inter-library loans - Nacionalna i sveu\u010dili\u0161na knji\u017enica u Zagrebu","og_description":"NSK, the National and University Library in Zagreb, provides inter-library loans service, enabling loans between libraries in Croatia and abroad and a fast delivery of chapter\/article scans of items in their collections.","og_url":"https:\/\/nsk.hr\/en\/inter-library-loans\/","og_site_name":"Nacionalna i sveu\u010dili\u0161na knji\u017enica u Zagrebu","article_modified_time":"2025-02-26T12:15:45+00:00","og_image":[{"width":1024,"height":683,"url":"https:\/\/nsk.hr\/wp-content\/uploads\/2023\/11\/NSKWeb_Interlibrary-loan.png","type":"image\/png"}],"twitter_card":"summary_large_image","twitter_misc":{"Est. reading time":"3 minutes"},"schema":{"@context":"https:\/\/schema.org","@graph":[{"@type":"WebPage","@id":"https:\/\/nsk.hr\/en\/inter-library-loans\/","url":"https:\/\/nsk.hr\/en\/inter-library-loans\/","name":"Inter-library loans - Nacionalna i sveu\u010dili\u0161na knji\u017enica u Zagrebu","isPartOf":{"@id":"https:\/\/nsk.hr\/en\/#website"},"primaryImageOfPage":{"@id":"https:\/\/nsk.hr\/en\/inter-library-loans\/#primaryimage"},"image":{"@id":"https:\/\/nsk.hr\/en\/inter-library-loans\/#primaryimage"},"thumbnailUrl":"https:\/\/nsk.hr\/wp-content\/uploads\/2023\/11\/NSKWeb_Interlibrary-loan.png","datePublished":"2023-10-03T05:54:19+00:00","dateModified":"2025-02-26T12:15:45+00:00","description":"NSK, the National and University Library in Zagreb, provides inter-library loans service, enabling loans between libraries in Croatia and abroad and a fast delivery of chapter\/article scans of items in their collections.","breadcrumb":{"@id":"https:\/\/nsk.hr\/en\/inter-library-loans\/#breadcrumb"},"inLanguage":"en-US","potentialAction":[{"@type":"ReadAction","target":["https:\/\/nsk.hr\/en\/inter-library-loans\/"]}]},{"@type":"ImageObject","inLanguage":"en-US","@id":"https:\/\/nsk.hr\/en\/inter-library-loans\/#primaryimage","url":"https:\/\/nsk.hr\/wp-content\/uploads\/2023\/11\/NSKWeb_Interlibrary-loan.png","contentUrl":"https:\/\/nsk.hr\/wp-content\/uploads\/2023\/11\/NSKWeb_Interlibrary-loan.png"},{"@type":"BreadcrumbList","@id":"https:\/\/nsk.hr\/en\/inter-library-loans\/#breadcrumb","itemListElement":[{"@type":"ListItem","position":1,"name":"Homepage","item":"https:\/\/nsk.hr\/en\/"},{"@type":"ListItem","position":2,"name":"Inter-library loans"}]},{"@type":"WebSite","@id":"https:\/\/nsk.hr\/en\/#website","url":"https:\/\/nsk.hr\/en\/","name":"Nacionalna i sveu\u010dili\u0161na knji\u017enica u Zagrebu","description":"","potentialAction":[{"@type":"SearchAction","target":{"@type":"EntryPoint","urlTemplate":"https:\/\/nsk.hr\/en\/?s={search_term_string}"},"query-input":{"@type":"PropertyValueSpecification","valueRequired":true,"valueName":"search_term_string"}}],"inLanguage":"en-US"}]}},"_links":{"self":[{"href":"https:\/\/nsk.hr\/en\/wp-json\/wp\/v2\/pages\/86311","targetHints":{"allow":["GET"]}}],"collection":[{"href":"https:\/\/nsk.hr\/en\/wp-json\/wp\/v2\/pages"}],"about":[{"href":"https:\/\/nsk.hr\/en\/wp-json\/wp\/v2\/types\/page"}],"author":[{"embeddable":true,"href":"https:\/\/nsk.hr\/en\/wp-json\/wp\/v2\/users\/11"}],"replies":[{"embeddable":true,"href":"https:\/\/nsk.hr\/en\/wp-json\/wp\/v2\/comments?post=86311"}],"version-history":[{"count":7,"href":"https:\/\/nsk.hr\/en\/wp-json\/wp\/v2\/pages\/86311\/revisions"}],"predecessor-version":[{"id":95433,"href":"https:\/\/nsk.hr\/en\/wp-json\/wp\/v2\/pages\/86311\/revisions\/95433"}],"wp:attachment":[{"href":"https:\/\/nsk.hr\/en\/wp-json\/wp\/v2\/media?parent=86311"}],"curies":[{"name":"wp","href":"https:\/\/api.w.org\/{rel}","templated":true}]}}