{"id":86306,"date":"2023-09-30T19:30:17","date_gmt":"2023-09-30T17:30:17","guid":{"rendered":"https:\/\/nsk.hr\/?page_id=86306"},"modified":"2025-09-19T09:25:10","modified_gmt":"2025-09-19T07:25:10","slug":"bibliometrics-services","status":"publish","type":"page","link":"https:\/\/nsk.hr\/en\/bibliometrics-services\/","title":{"rendered":"Bibliometrics services"},"content":{"rendered":"\n<p class=\"is-style-lead\">NSK, the National and University Library in Zagreb, provides bibliometrics services and issues related reports for researchers and the editorial boards of academic journals.<\/p>\n\n\n\n<figure class=\"wp-block-image size-full\"><img decoding=\"async\" width=\"940\" height=\"788\" data-src=\"https:\/\/nsk.hr\/wp-content\/uploads\/2024\/02\/Bibliometrics-services.png\" alt=\"Female person working at a computer.\" class=\"wp-image-88732 lazyload\" data-srcset=\"https:\/\/nsk.hr\/wp-content\/uploads\/2024\/02\/Bibliometrics-services.png 940w, https:\/\/nsk.hr\/wp-content\/uploads\/2024\/02\/Bibliometrics-services-300x251.png 300w, https:\/\/nsk.hr\/wp-content\/uploads\/2024\/02\/Bibliometrics-services-768x644.png 768w\" data-sizes=\"(max-width: 940px) 100vw, 940px\" src=\"data:image\/svg+xml;base64,PHN2ZyB3aWR0aD0iMSIgaGVpZ2h0PSIxIiB4bWxucz0iaHR0cDovL3d3dy53My5vcmcvMjAwMC9zdmciPjwvc3ZnPg==\" style=\"--smush-placeholder-width: 940px; --smush-placeholder-aspect-ratio: 940\/788;\" \/><\/figure>\n\n\n\n<p>In our bibliometric analyses we cover the citation indexes and databases <a href=\"https:\/\/clarivate.com\/products\/scientific-and-academic-research\/research-discovery-and-workflow-solutions\/webofscience-platform\/web-of-science-core-collection\/\">Web of Science Core Collection<\/a> (WoSCC), <a href=\"https:\/\/www.elsevier.com\/products\/scopus\">Scopus<\/a>, <a href=\"https:\/\/scholar.google.com\/\">Google Scholar<\/a> and <a href=\"https:\/\/www.nlm.nih.gov\/medline\/medline_overview.html\">MEDLINE<\/a>, as well as the databases we can access at the time of a request based on either the national subscription licence or the licence of the <a href=\"https:\/\/www.unizg.hr\/homepage\/\">University of Zagreb<\/a> via the <a href=\"https:\/\/baze.nsk.hr\/\">NSK electronic resources website<\/a>.<\/p>\n\n\n\n<p>The <a href=\"https:\/\/bibliometrija.nsk.hr\/\">Central NSK System for Bibliometric Analyses<\/a> is responsible for standardising the activities of the Croatian libraries providing bibliometrics services and for providing support and assistance to library professionals conducting bibliometric analyses.<\/p>\n\n\n\n<h2 class=\"wp-block-heading\"><strong>Reports<\/strong><\/h2>\n\n\n\n<p>We issue the following reports:<\/p>\n\n\n\n<ul class=\"wp-block-list\">\n<li>bibliometric reports for researchers, <\/li>\n\n\n\n<li>bibliometric reports for editorial boards of scientific and professional journals.<\/li>\n<\/ul>\n\n\n\n<section class=\"nsk-section nsk-button position-relative my-6\" >\n\t<div class=\"container\">\n\t\t<div class=\"row\">\n\t\t\t<div class=\"col-12\">\n\t\t\t\t<div class=\"nsk-button__button\">\n\t\t\t\t\t\t\t\t\t\t\t<div class=\"nsk-button__link-wrap text-center text-lg-left\">\n\t\t\t\t\t\t\t\n<a   href=\"https:\/\/bibliometrija.nsk.hr\/obrazac\/\" class=\"btn btn-primary align-items-center text-image-block__button btn-lg  align-items-center justify-content-center\"   >\n\t\t\t\t\t<span class=\"text\">Request a report<\/span>\n\t<\/a>\n\t\t\t\t\t\t<\/div>\n\t\t\t\t\t\t\t\t\t<\/div>\n\t\t\t<\/div>\n\t\t<\/div>\n\t<\/div>\n<\/section>\n\n\n\n<h2 class=\"wp-block-heading\">Comprehensive bibliometric analyses<\/h2>\n\n\n\n<p>We also conduct comprehensive bibliometric analyses and issue related reports for Croatia\u2019s research and higher education institutions for the purpose of accreditation, reaccreditation and other related purposes, managing the requests for such analyses depending on the institution in question and the ability of other Croatian academic libraries to carry out the requested analyses, and in the order in which we receive such requests. <\/p>\n\n\n\n<p>To request such comprehensive analysis please contact us at <a href=\"mailto:bibliometrijske.usluge@nsk.hr\">bibliometrijske.usluge@nsk.hr<\/a>. <\/p>\n\n\n\n<h2 class=\"wp-block-heading\"><strong>Prices<\/strong><\/h2>\n\n\n\n<p>Our bibliometrics services are free of charge for registered NSK users with the <a href=\"https:\/\/nsk.hr\/en\/nsk-membership\/\">annual membership<\/a>. <\/p>\n\n\n\n<p>Researchers and other academic staff of Croatia\u2019s higher education institutions who are not registered NSK users are charged for NSK bibliometrics services according to <a href=\"https:\/\/nsk.hr\/wp-content\/uploads\/2025\/02\/NSK-Fees-and-Charges_2025-02-26.pdf\">NSK Fees and Charges<\/a>.<\/p>\n\n\n<section  class=\"block-section two-columns-block has-2-col\">\n    <div class=\"container\">\n\n        \n        <div class=\"two-columns-block__container\">\n\n            <div class=\"two-columns-block__column richText\">\n                                    <h3>Contact<\/h3>\n                                <p><a href=\"mailto:bibliometrijske.usluge@nsk.hr\">bibliometrijske.usluge@nsk.hr<\/a><\/p>\n<p>+385 1 616 4153<\/p>\n<p>+385 1 616 4386<\/p>\n<p>+385 1 616 4012<\/p>\n<p>&nbsp;<\/p>\n<p>&nbsp;<\/p>\n            <\/div><!-- .col-1 -->\n\n                            <div class=\"two-columns-block__column richText\">\n                                                                        <h3>Staff<\/h3>\n                                                <p><a href=\"mailto:imatijevic@nsk.hr\">Ivana Matijevi\u0107<\/a><br \/>\n<a href=\"mailto:amajstorovic@nsk.hr\">Anja Majstorovi\u0107<\/a><br \/>\n<a href=\"mailto:sjurkovic@nsk.hr\">Sanja Jurkovi\u0107<\/a><\/p>\n                    \n                <\/div><!-- .col-2 -->\n            \n        <\/div>\n\n    <\/div>\n<\/section>","protected":false},"excerpt":{"rendered":"<p>NSK, the National and University Library in Zagreb, provides bibliometrics services and issues related reports for researchers and the editorial boards of academic journals&#8230;.<\/p>\n","protected":false},"author":11,"featured_media":0,"parent":0,"menu_order":0,"comment_status":"closed","ping_status":"closed","template":"","meta":{"_acf_changed":false,"ngg_post_thumbnail":0,"footnotes":""},"class_list":["post-86306","page","type-page","status-publish","hentry"],"acf":[],"yoast_head":"<!-- This site is optimized with the Yoast SEO plugin v25.4 - https:\/\/yoast.com\/wordpress\/plugins\/seo\/ -->\n<title>Bibliometrics services - Nacionalna i sveu\u010dili\u0161na knji\u017enica u Zagrebu<\/title>\n<meta name=\"description\" content=\"NSK, the National and University Library in Zagreb, provides bibliometrics services and issues related reports for researchers and the editorial boards of academic journals.\" \/>\n<meta name=\"robots\" content=\"index, follow, max-snippet:-1, max-image-preview:large, max-video-preview:-1\" \/>\n<link rel=\"canonical\" href=\"https:\/\/nsk.hr\/en\/bibliometrics-services\/\" \/>\n<meta property=\"og:locale\" content=\"en_US\" \/>\n<meta property=\"og:type\" content=\"article\" \/>\n<meta property=\"og:title\" content=\"Bibliometrics services - Nacionalna i sveu\u010dili\u0161na knji\u017enica u Zagrebu\" \/>\n<meta property=\"og:description\" content=\"NSK, the National and University Library in Zagreb, provides bibliometrics services and issues related reports for researchers and the editorial boards of academic journals.\" \/>\n<meta property=\"og:url\" content=\"https:\/\/nsk.hr\/en\/bibliometrics-services\/\" \/>\n<meta property=\"og:site_name\" content=\"Nacionalna i sveu\u010dili\u0161na knji\u017enica u Zagrebu\" \/>\n<meta property=\"article:modified_time\" content=\"2025-09-19T07:25:10+00:00\" \/>\n<meta property=\"og:image\" content=\"https:\/\/nsk.hr\/wp-content\/uploads\/2024\/02\/Bibliometrics-services.png\" \/>\n\t<meta property=\"og:image:width\" content=\"940\" \/>\n\t<meta property=\"og:image:height\" content=\"788\" \/>\n\t<meta property=\"og:image:type\" content=\"image\/png\" \/>\n<meta name=\"twitter:card\" content=\"summary_large_image\" \/>\n<meta name=\"twitter:label1\" content=\"Est. reading time\" \/>\n\t<meta name=\"twitter:data1\" content=\"2 minutes\" \/>\n<script type=\"application\/ld+json\" class=\"yoast-schema-graph\">{\"@context\":\"https:\/\/schema.org\",\"@graph\":[{\"@type\":\"WebPage\",\"@id\":\"https:\/\/nsk.hr\/en\/bibliometrics-services\/\",\"url\":\"https:\/\/nsk.hr\/en\/bibliometrics-services\/\",\"name\":\"Bibliometrics services - Nacionalna i sveu\u010dili\u0161na knji\u017enica u Zagrebu\",\"isPartOf\":{\"@id\":\"https:\/\/nsk.hr\/en\/#website\"},\"primaryImageOfPage\":{\"@id\":\"https:\/\/nsk.hr\/en\/bibliometrics-services\/#primaryimage\"},\"image\":{\"@id\":\"https:\/\/nsk.hr\/en\/bibliometrics-services\/#primaryimage\"},\"thumbnailUrl\":\"https:\/\/nsk.hr\/wp-content\/uploads\/2024\/02\/Bibliometrics-services.png\",\"datePublished\":\"2023-09-30T17:30:17+00:00\",\"dateModified\":\"2025-09-19T07:25:10+00:00\",\"description\":\"NSK, the National and University Library in Zagreb, provides bibliometrics services and issues related reports for researchers and the editorial boards of academic journals.\",\"breadcrumb\":{\"@id\":\"https:\/\/nsk.hr\/en\/bibliometrics-services\/#breadcrumb\"},\"inLanguage\":\"en-US\",\"potentialAction\":[{\"@type\":\"ReadAction\",\"target\":[\"https:\/\/nsk.hr\/en\/bibliometrics-services\/\"]}]},{\"@type\":\"ImageObject\",\"inLanguage\":\"en-US\",\"@id\":\"https:\/\/nsk.hr\/en\/bibliometrics-services\/#primaryimage\",\"url\":\"https:\/\/nsk.hr\/wp-content\/uploads\/2024\/02\/Bibliometrics-services.png\",\"contentUrl\":\"https:\/\/nsk.hr\/wp-content\/uploads\/2024\/02\/Bibliometrics-services.png\"},{\"@type\":\"BreadcrumbList\",\"@id\":\"https:\/\/nsk.hr\/en\/bibliometrics-services\/#breadcrumb\",\"itemListElement\":[{\"@type\":\"ListItem\",\"position\":1,\"name\":\"Homepage\",\"item\":\"https:\/\/nsk.hr\/en\/\"},{\"@type\":\"ListItem\",\"position\":2,\"name\":\"Bibliometrics services\"}]},{\"@type\":\"WebSite\",\"@id\":\"https:\/\/nsk.hr\/en\/#website\",\"url\":\"https:\/\/nsk.hr\/en\/\",\"name\":\"Nacionalna i sveu\u010dili\u0161na knji\u017enica u Zagrebu\",\"description\":\"\",\"potentialAction\":[{\"@type\":\"SearchAction\",\"target\":{\"@type\":\"EntryPoint\",\"urlTemplate\":\"https:\/\/nsk.hr\/en\/?s={search_term_string}\"},\"query-input\":{\"@type\":\"PropertyValueSpecification\",\"valueRequired\":true,\"valueName\":\"search_term_string\"}}],\"inLanguage\":\"en-US\"}]}<\/script>\n<!-- \/ Yoast SEO plugin. -->","yoast_head_json":{"title":"Bibliometrics services - Nacionalna i sveu\u010dili\u0161na knji\u017enica u Zagrebu","description":"NSK, the National and University Library in Zagreb, provides bibliometrics services and issues related reports for researchers and the editorial boards of academic journals.","robots":{"index":"index","follow":"follow","max-snippet":"max-snippet:-1","max-image-preview":"max-image-preview:large","max-video-preview":"max-video-preview:-1"},"canonical":"https:\/\/nsk.hr\/en\/bibliometrics-services\/","og_locale":"en_US","og_type":"article","og_title":"Bibliometrics services - Nacionalna i sveu\u010dili\u0161na knji\u017enica u Zagrebu","og_description":"NSK, the National and University Library in Zagreb, provides bibliometrics services and issues related reports for researchers and the editorial boards of academic journals.","og_url":"https:\/\/nsk.hr\/en\/bibliometrics-services\/","og_site_name":"Nacionalna i sveu\u010dili\u0161na knji\u017enica u Zagrebu","article_modified_time":"2025-09-19T07:25:10+00:00","og_image":[{"width":940,"height":788,"url":"https:\/\/nsk.hr\/wp-content\/uploads\/2024\/02\/Bibliometrics-services.png","type":"image\/png"}],"twitter_card":"summary_large_image","twitter_misc":{"Est. reading time":"2 minutes"},"schema":{"@context":"https:\/\/schema.org","@graph":[{"@type":"WebPage","@id":"https:\/\/nsk.hr\/en\/bibliometrics-services\/","url":"https:\/\/nsk.hr\/en\/bibliometrics-services\/","name":"Bibliometrics services - Nacionalna i sveu\u010dili\u0161na knji\u017enica u Zagrebu","isPartOf":{"@id":"https:\/\/nsk.hr\/en\/#website"},"primaryImageOfPage":{"@id":"https:\/\/nsk.hr\/en\/bibliometrics-services\/#primaryimage"},"image":{"@id":"https:\/\/nsk.hr\/en\/bibliometrics-services\/#primaryimage"},"thumbnailUrl":"https:\/\/nsk.hr\/wp-content\/uploads\/2024\/02\/Bibliometrics-services.png","datePublished":"2023-09-30T17:30:17+00:00","dateModified":"2025-09-19T07:25:10+00:00","description":"NSK, the National and University Library in Zagreb, provides bibliometrics services and issues related reports for researchers and the editorial boards of academic journals.","breadcrumb":{"@id":"https:\/\/nsk.hr\/en\/bibliometrics-services\/#breadcrumb"},"inLanguage":"en-US","potentialAction":[{"@type":"ReadAction","target":["https:\/\/nsk.hr\/en\/bibliometrics-services\/"]}]},{"@type":"ImageObject","inLanguage":"en-US","@id":"https:\/\/nsk.hr\/en\/bibliometrics-services\/#primaryimage","url":"https:\/\/nsk.hr\/wp-content\/uploads\/2024\/02\/Bibliometrics-services.png","contentUrl":"https:\/\/nsk.hr\/wp-content\/uploads\/2024\/02\/Bibliometrics-services.png"},{"@type":"BreadcrumbList","@id":"https:\/\/nsk.hr\/en\/bibliometrics-services\/#breadcrumb","itemListElement":[{"@type":"ListItem","position":1,"name":"Homepage","item":"https:\/\/nsk.hr\/en\/"},{"@type":"ListItem","position":2,"name":"Bibliometrics services"}]},{"@type":"WebSite","@id":"https:\/\/nsk.hr\/en\/#website","url":"https:\/\/nsk.hr\/en\/","name":"Nacionalna i sveu\u010dili\u0161na knji\u017enica u Zagrebu","description":"","potentialAction":[{"@type":"SearchAction","target":{"@type":"EntryPoint","urlTemplate":"https:\/\/nsk.hr\/en\/?s={search_term_string}"},"query-input":{"@type":"PropertyValueSpecification","valueRequired":true,"valueName":"search_term_string"}}],"inLanguage":"en-US"}]}},"_links":{"self":[{"href":"https:\/\/nsk.hr\/en\/wp-json\/wp\/v2\/pages\/86306","targetHints":{"allow":["GET"]}}],"collection":[{"href":"https:\/\/nsk.hr\/en\/wp-json\/wp\/v2\/pages"}],"about":[{"href":"https:\/\/nsk.hr\/en\/wp-json\/wp\/v2\/types\/page"}],"author":[{"embeddable":true,"href":"https:\/\/nsk.hr\/en\/wp-json\/wp\/v2\/users\/11"}],"replies":[{"embeddable":true,"href":"https:\/\/nsk.hr\/en\/wp-json\/wp\/v2\/comments?post=86306"}],"version-history":[{"count":18,"href":"https:\/\/nsk.hr\/en\/wp-json\/wp\/v2\/pages\/86306\/revisions"}],"predecessor-version":[{"id":97756,"href":"https:\/\/nsk.hr\/en\/wp-json\/wp\/v2\/pages\/86306\/revisions\/97756"}],"wp:attachment":[{"href":"https:\/\/nsk.hr\/en\/wp-json\/wp\/v2\/media?parent=86306"}],"curies":[{"name":"wp","href":"https:\/\/api.w.org\/{rel}","templated":true}]}}