{"id":86212,"date":"2023-09-30T19:17:13","date_gmt":"2023-09-30T17:17:13","guid":{"rendered":"https:\/\/nsk.hr\/?page_id=86212"},"modified":"2023-11-23T18:27:24","modified_gmt":"2023-11-23T17:27:24","slug":"ask-a-librarian","status":"publish","type":"page","link":"https:\/\/nsk.hr\/en\/ask-a-librarian\/","title":{"rendered":"Ask a Librarian"},"content":{"rendered":"\n<p class=\"is-style-lead\">Along with providing general information about its collections and services, NSK, the National and University Library in Zagreb, offers subject search services and assistance with using a wide range of data and information sources.<\/p>\n\n\n\n<figure class=\"wp-block-image size-full is-resized\"><img decoding=\"async\" width=\"1024\" height=\"683\" data-src=\"https:\/\/nsk.hr\/wp-content\/uploads\/2023\/11\/NSKWeb_Ask-a-Librarian_sd.png\" alt=\"Member of the staff of NSK, the National and University Library in Zagreb, at one of the Library\u2019s help desks dealing with a query from the Library\u2019s user.\" class=\"wp-image-86213 lazyload\" style=\"--smush-placeholder-width: 1024px; --smush-placeholder-aspect-ratio: 1024\/683;width:1400px;height:auto\" data-srcset=\"https:\/\/nsk.hr\/wp-content\/uploads\/2023\/11\/NSKWeb_Ask-a-Librarian_sd.png 1024w, https:\/\/nsk.hr\/wp-content\/uploads\/2023\/11\/NSKWeb_Ask-a-Librarian_sd-300x200.png 300w, https:\/\/nsk.hr\/wp-content\/uploads\/2023\/11\/NSKWeb_Ask-a-Librarian_sd-768x512.png 768w\" data-sizes=\"(max-width: 1024px) 100vw, 1024px\" src=\"data:image\/svg+xml;base64,PHN2ZyB3aWR0aD0iMSIgaGVpZ2h0PSIxIiB4bWxucz0iaHR0cDovL3d3dy53My5vcmcvMjAwMC9zdmciPjwvc3ZnPg==\" \/><\/figure>\n\n\n\n<h2 class=\"wp-block-heading\"><strong>General queries<\/strong><\/h2>\n\n\n\n<p>You wish to know whether a book, journal or some other publication that you need is included in our collections? You have questions concerning our services?\u00a0 <\/p>\n\n\n\n<p>You can address all such queries to our staff at one of the Library\u2019s help desks or by filling out an <a href=\"https:\/\/iks.nsk.hr\/pitajte_knjiznicara\/\">online<\/a> form.<\/p>\n\n\n<div class=\"buttons-block\">\n    \n\t\t<a href=\"https:\/\/iks.nsk.hr\/pitajte_knjiznicara\/\" class=\"btn btn-primary btn-lg align-items-center\" target=\"_self\">\n\t\t\t<span class=\"text\">\n\t\t\t\tAsk a Librarian\t\t\t<\/span>\n\t\t<\/a>\n\n\t<\/div>\n\n\n\n<p><a href=\"mailto:informacijski.centar@nsk.hr\">informacijski.centar@nsk.hr<\/a><\/p>\n\n\n\n<p>+385 1 616 4002 <\/p>\n\n\n\n<p>+385 1 616 4040<\/p>\n\n\n\n<h2 class=\"wp-block-heading\"><strong>Subject search<\/strong><\/h2>\n\n\n\n<p>You are searching for resources to write your thesis, research paper or dissertation? You are working on a project?&nbsp;<\/p>\n\n\n\n<p>Our subject librarians will assist you by compiling a list of resources available as part of library catalogues, bibliographies, electronic databases and other relevant online sources.\u00a0\u00a0 <\/p>\n\n\n\n<p>You can request a subject search at one of the Library\u2019s help desks or by filling out an <a href=\"https:\/\/iks.nsk.hr\/tematsko_pretrazivanje\/noviZahtjevWebNsk.php\">online<\/a> form.<\/p>\n\n\n<div class=\"buttons-block\">\n    \n\t\t<a href=\"https:\/\/iks.nsk.hr\/tematsko_pretrazivanje\/noviZahtjevWebNsk.php\" class=\"btn btn-primary btn-lg align-items-center\" target=\"_self\">\n\t\t\t<span class=\"text\">\n\t\t\t\tRequest a subject search\t\t\t<\/span>\n\t\t<\/a>\n\n\t<\/div>\n","protected":false},"excerpt":{"rendered":"<p>Along with providing general information about its collections and services, NSK, the National and University Library in Zagreb, offers subject search services and assistance&#8230;<\/p>\n","protected":false},"author":11,"featured_media":81614,"parent":0,"menu_order":0,"comment_status":"closed","ping_status":"closed","template":"","meta":{"_acf_changed":false,"ngg_post_thumbnail":0,"footnotes":""},"class_list":["post-86212","page","type-page","status-publish","has-post-thumbnail","hentry"],"acf":[],"yoast_head":"<!-- This site is optimized with the Yoast SEO plugin v25.4 - https:\/\/yoast.com\/wordpress\/plugins\/seo\/ -->\n<title>Ask a Librarian - Nacionalna i sveu\u010dili\u0161na knji\u017enica u Zagrebu<\/title>\n<meta name=\"description\" content=\"Along with providing general information about its collections and services, NSK, the National and University Library in Zagreb, offers subject search services and assistance with using a wide range of data and information sources.\" \/>\n<meta name=\"robots\" content=\"index, follow, max-snippet:-1, max-image-preview:large, max-video-preview:-1\" \/>\n<link rel=\"canonical\" href=\"https:\/\/nsk.hr\/en\/ask-a-librarian\/\" \/>\n<meta property=\"og:locale\" content=\"en_US\" \/>\n<meta property=\"og:type\" content=\"article\" \/>\n<meta property=\"og:title\" content=\"Ask a Librarian - Nacionalna i sveu\u010dili\u0161na knji\u017enica u Zagrebu\" \/>\n<meta property=\"og:description\" content=\"Along with providing general information about its collections and services, NSK, the National and University Library in Zagreb, offers subject search services and assistance with using a wide range of data and information sources.\" \/>\n<meta property=\"og:url\" content=\"https:\/\/nsk.hr\/en\/ask-a-librarian\/\" \/>\n<meta property=\"og:site_name\" content=\"Nacionalna i sveu\u010dili\u0161na knji\u017enica u Zagrebu\" \/>\n<meta property=\"article:modified_time\" content=\"2023-11-23T17:27:24+00:00\" \/>\n<meta property=\"og:image\" content=\"https:\/\/nsk.hr\/wp-content\/uploads\/2023\/09\/NSK-2023-118-scaled.jpg\" \/>\n\t<meta property=\"og:image:width\" content=\"1920\" \/>\n\t<meta property=\"og:image:height\" content=\"1280\" \/>\n\t<meta property=\"og:image:type\" content=\"image\/jpeg\" \/>\n<meta name=\"twitter:card\" content=\"summary_large_image\" \/>\n<meta name=\"twitter:label1\" content=\"Est. reading time\" \/>\n\t<meta name=\"twitter:data1\" content=\"2 minutes\" \/>\n<script type=\"application\/ld+json\" class=\"yoast-schema-graph\">{\"@context\":\"https:\/\/schema.org\",\"@graph\":[{\"@type\":\"WebPage\",\"@id\":\"https:\/\/nsk.hr\/en\/ask-a-librarian\/\",\"url\":\"https:\/\/nsk.hr\/en\/ask-a-librarian\/\",\"name\":\"Ask a Librarian - Nacionalna i sveu\u010dili\u0161na knji\u017enica u Zagrebu\",\"isPartOf\":{\"@id\":\"https:\/\/nsk.hr\/en\/#website\"},\"primaryImageOfPage\":{\"@id\":\"https:\/\/nsk.hr\/en\/ask-a-librarian\/#primaryimage\"},\"image\":{\"@id\":\"https:\/\/nsk.hr\/en\/ask-a-librarian\/#primaryimage\"},\"thumbnailUrl\":\"https:\/\/nsk.hr\/wp-content\/uploads\/2023\/09\/NSK-2023-118-scaled.jpg\",\"datePublished\":\"2023-09-30T17:17:13+00:00\",\"dateModified\":\"2023-11-23T17:27:24+00:00\",\"description\":\"Along with providing general information about its collections and services, NSK, the National and University Library in Zagreb, offers subject search services and assistance with using a wide range of data and information sources.\",\"breadcrumb\":{\"@id\":\"https:\/\/nsk.hr\/en\/ask-a-librarian\/#breadcrumb\"},\"inLanguage\":\"en-US\",\"potentialAction\":[{\"@type\":\"ReadAction\",\"target\":[\"https:\/\/nsk.hr\/en\/ask-a-librarian\/\"]}]},{\"@type\":\"ImageObject\",\"inLanguage\":\"en-US\",\"@id\":\"https:\/\/nsk.hr\/en\/ask-a-librarian\/#primaryimage\",\"url\":\"https:\/\/nsk.hr\/wp-content\/uploads\/2023\/09\/NSK-2023-118-scaled.jpg\",\"contentUrl\":\"https:\/\/nsk.hr\/wp-content\/uploads\/2023\/09\/NSK-2023-118-scaled.jpg\",\"width\":1920,\"height\":1280,\"caption\":\"Ilustrativna fotografija korisnika NSK\"},{\"@type\":\"BreadcrumbList\",\"@id\":\"https:\/\/nsk.hr\/en\/ask-a-librarian\/#breadcrumb\",\"itemListElement\":[{\"@type\":\"ListItem\",\"position\":1,\"name\":\"Homepage\",\"item\":\"https:\/\/nsk.hr\/en\/\"},{\"@type\":\"ListItem\",\"position\":2,\"name\":\"Ask a Librarian\"}]},{\"@type\":\"WebSite\",\"@id\":\"https:\/\/nsk.hr\/en\/#website\",\"url\":\"https:\/\/nsk.hr\/en\/\",\"name\":\"Nacionalna i sveu\u010dili\u0161na knji\u017enica u Zagrebu\",\"description\":\"\",\"potentialAction\":[{\"@type\":\"SearchAction\",\"target\":{\"@type\":\"EntryPoint\",\"urlTemplate\":\"https:\/\/nsk.hr\/en\/?s={search_term_string}\"},\"query-input\":{\"@type\":\"PropertyValueSpecification\",\"valueRequired\":true,\"valueName\":\"search_term_string\"}}],\"inLanguage\":\"en-US\"}]}<\/script>\n<!-- \/ Yoast SEO plugin. -->","yoast_head_json":{"title":"Ask a Librarian - Nacionalna i sveu\u010dili\u0161na knji\u017enica u Zagrebu","description":"Along with providing general information about its collections and services, NSK, the National and University Library in Zagreb, offers subject search services and assistance with using a wide range of data and information sources.","robots":{"index":"index","follow":"follow","max-snippet":"max-snippet:-1","max-image-preview":"max-image-preview:large","max-video-preview":"max-video-preview:-1"},"canonical":"https:\/\/nsk.hr\/en\/ask-a-librarian\/","og_locale":"en_US","og_type":"article","og_title":"Ask a Librarian - Nacionalna i sveu\u010dili\u0161na knji\u017enica u Zagrebu","og_description":"Along with providing general information about its collections and services, NSK, the National and University Library in Zagreb, offers subject search services and assistance with using a wide range of data and information sources.","og_url":"https:\/\/nsk.hr\/en\/ask-a-librarian\/","og_site_name":"Nacionalna i sveu\u010dili\u0161na knji\u017enica u Zagrebu","article_modified_time":"2023-11-23T17:27:24+00:00","og_image":[{"width":1920,"height":1280,"url":"https:\/\/nsk.hr\/wp-content\/uploads\/2023\/09\/NSK-2023-118-scaled.jpg","type":"image\/jpeg"}],"twitter_card":"summary_large_image","twitter_misc":{"Est. reading time":"2 minutes"},"schema":{"@context":"https:\/\/schema.org","@graph":[{"@type":"WebPage","@id":"https:\/\/nsk.hr\/en\/ask-a-librarian\/","url":"https:\/\/nsk.hr\/en\/ask-a-librarian\/","name":"Ask a Librarian - Nacionalna i sveu\u010dili\u0161na knji\u017enica u Zagrebu","isPartOf":{"@id":"https:\/\/nsk.hr\/en\/#website"},"primaryImageOfPage":{"@id":"https:\/\/nsk.hr\/en\/ask-a-librarian\/#primaryimage"},"image":{"@id":"https:\/\/nsk.hr\/en\/ask-a-librarian\/#primaryimage"},"thumbnailUrl":"https:\/\/nsk.hr\/wp-content\/uploads\/2023\/09\/NSK-2023-118-scaled.jpg","datePublished":"2023-09-30T17:17:13+00:00","dateModified":"2023-11-23T17:27:24+00:00","description":"Along with providing general information about its collections and services, NSK, the National and University Library in Zagreb, offers subject search services and assistance with using a wide range of data and information sources.","breadcrumb":{"@id":"https:\/\/nsk.hr\/en\/ask-a-librarian\/#breadcrumb"},"inLanguage":"en-US","potentialAction":[{"@type":"ReadAction","target":["https:\/\/nsk.hr\/en\/ask-a-librarian\/"]}]},{"@type":"ImageObject","inLanguage":"en-US","@id":"https:\/\/nsk.hr\/en\/ask-a-librarian\/#primaryimage","url":"https:\/\/nsk.hr\/wp-content\/uploads\/2023\/09\/NSK-2023-118-scaled.jpg","contentUrl":"https:\/\/nsk.hr\/wp-content\/uploads\/2023\/09\/NSK-2023-118-scaled.jpg","width":1920,"height":1280,"caption":"Ilustrativna fotografija korisnika NSK"},{"@type":"BreadcrumbList","@id":"https:\/\/nsk.hr\/en\/ask-a-librarian\/#breadcrumb","itemListElement":[{"@type":"ListItem","position":1,"name":"Homepage","item":"https:\/\/nsk.hr\/en\/"},{"@type":"ListItem","position":2,"name":"Ask a Librarian"}]},{"@type":"WebSite","@id":"https:\/\/nsk.hr\/en\/#website","url":"https:\/\/nsk.hr\/en\/","name":"Nacionalna i sveu\u010dili\u0161na knji\u017enica u Zagrebu","description":"","potentialAction":[{"@type":"SearchAction","target":{"@type":"EntryPoint","urlTemplate":"https:\/\/nsk.hr\/en\/?s={search_term_string}"},"query-input":{"@type":"PropertyValueSpecification","valueRequired":true,"valueName":"search_term_string"}}],"inLanguage":"en-US"}]}},"_links":{"self":[{"href":"https:\/\/nsk.hr\/en\/wp-json\/wp\/v2\/pages\/86212","targetHints":{"allow":["GET"]}}],"collection":[{"href":"https:\/\/nsk.hr\/en\/wp-json\/wp\/v2\/pages"}],"about":[{"href":"https:\/\/nsk.hr\/en\/wp-json\/wp\/v2\/types\/page"}],"author":[{"embeddable":true,"href":"https:\/\/nsk.hr\/en\/wp-json\/wp\/v2\/users\/11"}],"replies":[{"embeddable":true,"href":"https:\/\/nsk.hr\/en\/wp-json\/wp\/v2\/comments?post=86212"}],"version-history":[{"count":2,"href":"https:\/\/nsk.hr\/en\/wp-json\/wp\/v2\/pages\/86212\/revisions"}],"predecessor-version":[{"id":86216,"href":"https:\/\/nsk.hr\/en\/wp-json\/wp\/v2\/pages\/86212\/revisions\/86216"}],"wp:featuredmedia":[{"embeddable":true,"href":"https:\/\/nsk.hr\/en\/wp-json\/wp\/v2\/media\/81614"}],"wp:attachment":[{"href":"https:\/\/nsk.hr\/en\/wp-json\/wp\/v2\/media?parent=86212"}],"curies":[{"name":"wp","href":"https:\/\/api.w.org\/{rel}","templated":true}]}}