{"id":86195,"date":"2023-09-30T19:39:26","date_gmt":"2023-09-30T17:39:26","guid":{"rendered":"https:\/\/nsk.hr\/?page_id=86195"},"modified":"2025-02-26T13:14:33","modified_gmt":"2025-02-26T12:14:33","slug":"self-service-scanning-photocopying-and-printing","status":"publish","type":"page","link":"https:\/\/nsk.hr\/en\/self-service-scanning-photocopying-and-printing\/","title":{"rendered":"Self-service scanning, photocopying and printing"},"content":{"rendered":"\n<p class=\"is-style-lead\">NSK, the National and University Library in Zagreb, makes available to its users the devices enabling self-service scanning, photocopying and printing.<\/p>\n\n\n\n<figure class=\"wp-block-image size-full is-resized\"><img decoding=\"async\" width=\"1024\" height=\"683\" data-src=\"https:\/\/nsk.hr\/wp-content\/uploads\/2023\/11\/NSKWeb_NSK-SPP-services_SD.png\" alt=\"Member of NSK, the National and University Library in Zagreb, using a self-service scanning, photocopying and printing device.\" class=\"wp-image-86196 lazyload\" style=\"--smush-placeholder-width: 1024px; --smush-placeholder-aspect-ratio: 1024\/683;width:1400px;height:auto\" data-srcset=\"https:\/\/nsk.hr\/wp-content\/uploads\/2023\/11\/NSKWeb_NSK-SPP-services_SD.png 1024w, https:\/\/nsk.hr\/wp-content\/uploads\/2023\/11\/NSKWeb_NSK-SPP-services_SD-300x200.png 300w, https:\/\/nsk.hr\/wp-content\/uploads\/2023\/11\/NSKWeb_NSK-SPP-services_SD-768x512.png 768w\" data-sizes=\"(max-width: 1024px) 100vw, 1024px\" src=\"data:image\/svg+xml;base64,PHN2ZyB3aWR0aD0iMSIgaGVpZ2h0PSIxIiB4bWxucz0iaHR0cDovL3d3dy53My5vcmcvMjAwMC9zdmciPjwvc3ZnPg==\" \/><\/figure>\n\n\n<section  class=\"block-section richText alignment-left\">\n\t<div class=\"container\">\n\t\t<div class=\"acf-innerblocks-container\">\n\n<h2 class=\"wp-block-heading\"><\/h2>\n\n\n\n<p>To use the Library\u2019s self-service scanning, photocopying and printing devices please:<\/p>\n\n\n\n<ul class=\"wp-block-list\">\n<li>register at one of NSK\u2019s help desks (before using the devices for the first time)<\/li>\n\n\n\n<li>make payment for a minimal amount of \u20ac1 at a box office operating as part of one of NSK\u2019s help desks<\/li>\n\n\n\n<li>log into the device by using NSK Membership Card or, in the case of students, the Croatian Student Identity Card (X-ica) (at each use).<\/li>\n<\/ul>\n\n\n<section  class=\"block-section two-columns-block has-2-col\">\n    <div class=\"container\">\n\n        \n        <div class=\"two-columns-block__container\">\n\n            <div class=\"two-columns-block__column richText\">\n                                    <h3>Registration and payment<\/h3>\n                                <ul>\n<li>Ground Floor \u2013 Registration Desk, Interlibrary Loan Desk<\/li>\n<li>Floor 1 \u2013 south wing Help Desk<\/li>\n<\/ul>\n            <\/div><!-- .col-1 -->\n\n                            <div class=\"two-columns-block__column richText\">\n                                                                        <h3>Where to find the devices<\/h3>\n                                                <ul>\n<li>Ground Floor \u2013 Central Help Desk\u00a0(photocopying and printing, black and white)<\/li>\n<li>Floor 1 \u2013 west wing Help Desk (photocopying and printing, black and white)<\/li>\n<li>Floor 3: west wing Help Desk (photocopying and printing, colour)<\/li>\n<\/ul>\n                    \n                <\/div><!-- .col-2 -->\n            \n        <\/div>\n\n    <\/div>\n<\/section>\n\n\n<h2 class=\"wp-block-heading\">Prices<\/h2>\n\n\n\n<p>The use of NSK self-service scanning, photocopying and printing devices is charged according to <a href=\"https:\/\/nsk.hr\/wp-content\/uploads\/2025\/02\/NSK-Fees-and-Charges_2025-02-26.pdf\">NSK Fees and Charges<\/a>:<br>Photocopying and printing (A4, black and white) \u2013 \u20ac0.05<br>Photocopying and printing (A3, black and white) \u2013 \u20ac0.08<br>Photocopying and printing (A4, colour) \u2013 \u20ac0.20<br>Photocopying and printing (A3, colour) \u2013 \u20ac0.40<br>Scanning \u2013 \u20ac0.03<\/p>\n\n\n\n<h2 class=\"wp-block-heading\">Terms of use<\/h2>\n\n\n\n<p>Self-service photocopying and scanning of parts of books and individual articles in periodicals is allowed only for purposes of private study and in compliance with the copyright and related rights act in force.<\/p>\n\n\n\n<p>Photocopying and scanning of publications in their entirety and of damaged items is not allowed. <\/p>\n\n\n\n<p>Before photocopying or scanning an item requested from closed stack or any other item, users must present the item to the librarian on duty, who shall allow or disallow the photocopying\/scanning of the item, in compliance with the preservation standards.<\/p>\n\n\n\n<h2 class=\"wp-block-heading\"><strong>Contact<\/strong><\/h2>\n\n\n\n<p><a href=\"mailto:informacijski.centar@nsk.hr\">informacijski.centar@nsk.hr<\/a><\/p>\n\n\n\n<p>+385 1 616 4002 <\/p>\n\n\n\n<p>+385 1 616 4040<\/p>\n\n<\/div>\n\t<\/div>\n<\/section>\n","protected":false},"excerpt":{"rendered":"<p>NSK, the National and University Library in Zagreb, makes available to its users the devices enabling self-service scanning, photocopying and printing.<\/p>\n","protected":false},"author":11,"featured_media":0,"parent":0,"menu_order":0,"comment_status":"closed","ping_status":"closed","template":"","meta":{"_acf_changed":false,"ngg_post_thumbnail":0,"footnotes":""},"class_list":["post-86195","page","type-page","status-publish","hentry"],"acf":[],"yoast_head":"<!-- This site is optimized with the Yoast SEO plugin v25.4 - https:\/\/yoast.com\/wordpress\/plugins\/seo\/ -->\n<title>Self-service scanning, photocopying and printing - Nacionalna i sveu\u010dili\u0161na knji\u017enica u Zagrebu<\/title>\n<meta name=\"description\" content=\"NSK, the National and University Library in Zagreb, makes available to its users the devices enabling self-service scanning, photocopying and printing.\" \/>\n<meta name=\"robots\" content=\"index, follow, max-snippet:-1, max-image-preview:large, max-video-preview:-1\" \/>\n<link rel=\"canonical\" href=\"https:\/\/nsk.hr\/en\/self-service-scanning-photocopying-and-printing\/\" \/>\n<meta property=\"og:locale\" content=\"en_US\" \/>\n<meta property=\"og:type\" content=\"article\" \/>\n<meta property=\"og:title\" content=\"Self-service scanning, photocopying and printing - Nacionalna i sveu\u010dili\u0161na knji\u017enica u Zagrebu\" \/>\n<meta property=\"og:description\" content=\"NSK, the National and University Library in Zagreb, makes available to its users the devices enabling self-service scanning, photocopying and printing.\" \/>\n<meta property=\"og:url\" content=\"https:\/\/nsk.hr\/en\/self-service-scanning-photocopying-and-printing\/\" \/>\n<meta property=\"og:site_name\" content=\"Nacionalna i sveu\u010dili\u0161na knji\u017enica u Zagrebu\" \/>\n<meta property=\"article:modified_time\" content=\"2025-02-26T12:14:33+00:00\" \/>\n<meta property=\"og:image\" content=\"https:\/\/nsk.hr\/wp-content\/uploads\/2023\/11\/NSKWeb_NSK-SPP-services_SD.png\" \/>\n\t<meta property=\"og:image:width\" content=\"1024\" \/>\n\t<meta property=\"og:image:height\" content=\"683\" \/>\n\t<meta property=\"og:image:type\" content=\"image\/png\" \/>\n<meta name=\"twitter:card\" content=\"summary_large_image\" \/>\n<meta name=\"twitter:label1\" content=\"Est. reading time\" \/>\n\t<meta name=\"twitter:data1\" content=\"2 minutes\" \/>\n<script type=\"application\/ld+json\" class=\"yoast-schema-graph\">{\"@context\":\"https:\/\/schema.org\",\"@graph\":[{\"@type\":\"WebPage\",\"@id\":\"https:\/\/nsk.hr\/en\/self-service-scanning-photocopying-and-printing\/\",\"url\":\"https:\/\/nsk.hr\/en\/self-service-scanning-photocopying-and-printing\/\",\"name\":\"Self-service scanning, photocopying and printing - Nacionalna i sveu\u010dili\u0161na knji\u017enica u Zagrebu\",\"isPartOf\":{\"@id\":\"https:\/\/nsk.hr\/en\/#website\"},\"primaryImageOfPage\":{\"@id\":\"https:\/\/nsk.hr\/en\/self-service-scanning-photocopying-and-printing\/#primaryimage\"},\"image\":{\"@id\":\"https:\/\/nsk.hr\/en\/self-service-scanning-photocopying-and-printing\/#primaryimage\"},\"thumbnailUrl\":\"https:\/\/nsk.hr\/wp-content\/uploads\/2023\/11\/NSKWeb_NSK-SPP-services_SD.png\",\"datePublished\":\"2023-09-30T17:39:26+00:00\",\"dateModified\":\"2025-02-26T12:14:33+00:00\",\"description\":\"NSK, the National and University Library in Zagreb, makes available to its users the devices enabling self-service scanning, photocopying and printing.\",\"breadcrumb\":{\"@id\":\"https:\/\/nsk.hr\/en\/self-service-scanning-photocopying-and-printing\/#breadcrumb\"},\"inLanguage\":\"en-US\",\"potentialAction\":[{\"@type\":\"ReadAction\",\"target\":[\"https:\/\/nsk.hr\/en\/self-service-scanning-photocopying-and-printing\/\"]}]},{\"@type\":\"ImageObject\",\"inLanguage\":\"en-US\",\"@id\":\"https:\/\/nsk.hr\/en\/self-service-scanning-photocopying-and-printing\/#primaryimage\",\"url\":\"https:\/\/nsk.hr\/wp-content\/uploads\/2023\/11\/NSKWeb_NSK-SPP-services_SD.png\",\"contentUrl\":\"https:\/\/nsk.hr\/wp-content\/uploads\/2023\/11\/NSKWeb_NSK-SPP-services_SD.png\"},{\"@type\":\"BreadcrumbList\",\"@id\":\"https:\/\/nsk.hr\/en\/self-service-scanning-photocopying-and-printing\/#breadcrumb\",\"itemListElement\":[{\"@type\":\"ListItem\",\"position\":1,\"name\":\"Homepage\",\"item\":\"https:\/\/nsk.hr\/en\/\"},{\"@type\":\"ListItem\",\"position\":2,\"name\":\"Self-service scanning, photocopying and printing\"}]},{\"@type\":\"WebSite\",\"@id\":\"https:\/\/nsk.hr\/en\/#website\",\"url\":\"https:\/\/nsk.hr\/en\/\",\"name\":\"Nacionalna i sveu\u010dili\u0161na knji\u017enica u Zagrebu\",\"description\":\"\",\"potentialAction\":[{\"@type\":\"SearchAction\",\"target\":{\"@type\":\"EntryPoint\",\"urlTemplate\":\"https:\/\/nsk.hr\/en\/?s={search_term_string}\"},\"query-input\":{\"@type\":\"PropertyValueSpecification\",\"valueRequired\":true,\"valueName\":\"search_term_string\"}}],\"inLanguage\":\"en-US\"}]}<\/script>\n<!-- \/ Yoast SEO plugin. -->","yoast_head_json":{"title":"Self-service scanning, photocopying and printing - Nacionalna i sveu\u010dili\u0161na knji\u017enica u Zagrebu","description":"NSK, the National and University Library in Zagreb, makes available to its users the devices enabling self-service scanning, photocopying and printing.","robots":{"index":"index","follow":"follow","max-snippet":"max-snippet:-1","max-image-preview":"max-image-preview:large","max-video-preview":"max-video-preview:-1"},"canonical":"https:\/\/nsk.hr\/en\/self-service-scanning-photocopying-and-printing\/","og_locale":"en_US","og_type":"article","og_title":"Self-service scanning, photocopying and printing - Nacionalna i sveu\u010dili\u0161na knji\u017enica u Zagrebu","og_description":"NSK, the National and University Library in Zagreb, makes available to its users the devices enabling self-service scanning, photocopying and printing.","og_url":"https:\/\/nsk.hr\/en\/self-service-scanning-photocopying-and-printing\/","og_site_name":"Nacionalna i sveu\u010dili\u0161na knji\u017enica u Zagrebu","article_modified_time":"2025-02-26T12:14:33+00:00","og_image":[{"width":1024,"height":683,"url":"https:\/\/nsk.hr\/wp-content\/uploads\/2023\/11\/NSKWeb_NSK-SPP-services_SD.png","type":"image\/png"}],"twitter_card":"summary_large_image","twitter_misc":{"Est. reading time":"2 minutes"},"schema":{"@context":"https:\/\/schema.org","@graph":[{"@type":"WebPage","@id":"https:\/\/nsk.hr\/en\/self-service-scanning-photocopying-and-printing\/","url":"https:\/\/nsk.hr\/en\/self-service-scanning-photocopying-and-printing\/","name":"Self-service scanning, photocopying and printing - Nacionalna i sveu\u010dili\u0161na knji\u017enica u Zagrebu","isPartOf":{"@id":"https:\/\/nsk.hr\/en\/#website"},"primaryImageOfPage":{"@id":"https:\/\/nsk.hr\/en\/self-service-scanning-photocopying-and-printing\/#primaryimage"},"image":{"@id":"https:\/\/nsk.hr\/en\/self-service-scanning-photocopying-and-printing\/#primaryimage"},"thumbnailUrl":"https:\/\/nsk.hr\/wp-content\/uploads\/2023\/11\/NSKWeb_NSK-SPP-services_SD.png","datePublished":"2023-09-30T17:39:26+00:00","dateModified":"2025-02-26T12:14:33+00:00","description":"NSK, the National and University Library in Zagreb, makes available to its users the devices enabling self-service scanning, photocopying and printing.","breadcrumb":{"@id":"https:\/\/nsk.hr\/en\/self-service-scanning-photocopying-and-printing\/#breadcrumb"},"inLanguage":"en-US","potentialAction":[{"@type":"ReadAction","target":["https:\/\/nsk.hr\/en\/self-service-scanning-photocopying-and-printing\/"]}]},{"@type":"ImageObject","inLanguage":"en-US","@id":"https:\/\/nsk.hr\/en\/self-service-scanning-photocopying-and-printing\/#primaryimage","url":"https:\/\/nsk.hr\/wp-content\/uploads\/2023\/11\/NSKWeb_NSK-SPP-services_SD.png","contentUrl":"https:\/\/nsk.hr\/wp-content\/uploads\/2023\/11\/NSKWeb_NSK-SPP-services_SD.png"},{"@type":"BreadcrumbList","@id":"https:\/\/nsk.hr\/en\/self-service-scanning-photocopying-and-printing\/#breadcrumb","itemListElement":[{"@type":"ListItem","position":1,"name":"Homepage","item":"https:\/\/nsk.hr\/en\/"},{"@type":"ListItem","position":2,"name":"Self-service scanning, photocopying and printing"}]},{"@type":"WebSite","@id":"https:\/\/nsk.hr\/en\/#website","url":"https:\/\/nsk.hr\/en\/","name":"Nacionalna i sveu\u010dili\u0161na knji\u017enica u Zagrebu","description":"","potentialAction":[{"@type":"SearchAction","target":{"@type":"EntryPoint","urlTemplate":"https:\/\/nsk.hr\/en\/?s={search_term_string}"},"query-input":{"@type":"PropertyValueSpecification","valueRequired":true,"valueName":"search_term_string"}}],"inLanguage":"en-US"}]}},"_links":{"self":[{"href":"https:\/\/nsk.hr\/en\/wp-json\/wp\/v2\/pages\/86195","targetHints":{"allow":["GET"]}}],"collection":[{"href":"https:\/\/nsk.hr\/en\/wp-json\/wp\/v2\/pages"}],"about":[{"href":"https:\/\/nsk.hr\/en\/wp-json\/wp\/v2\/types\/page"}],"author":[{"embeddable":true,"href":"https:\/\/nsk.hr\/en\/wp-json\/wp\/v2\/users\/11"}],"replies":[{"embeddable":true,"href":"https:\/\/nsk.hr\/en\/wp-json\/wp\/v2\/comments?post=86195"}],"version-history":[{"count":11,"href":"https:\/\/nsk.hr\/en\/wp-json\/wp\/v2\/pages\/86195\/revisions"}],"predecessor-version":[{"id":95432,"href":"https:\/\/nsk.hr\/en\/wp-json\/wp\/v2\/pages\/86195\/revisions\/95432"}],"wp:attachment":[{"href":"https:\/\/nsk.hr\/en\/wp-json\/wp\/v2\/media?parent=86195"}],"curies":[{"name":"wp","href":"https:\/\/api.w.org\/{rel}","templated":true}]}}