{"id":85575,"date":"2023-10-03T07:53:55","date_gmt":"2023-10-03T05:53:55","guid":{"rendered":"https:\/\/nsk.hr\/?page_id=85575"},"modified":"2023-11-21T18:40:03","modified_gmt":"2023-11-21T17:40:03","slug":"online-exhibitions","status":"publish","type":"page","link":"https:\/\/nsk.hr\/en\/online-exhibitions\/","title":{"rendered":"Online exhibitions"},"content":{"rendered":"\n<p class=\"is-style-lead\">See online exhibitions featuring the treasures in our collections and the collections of other heritage institutions in Croatia and abroad regardless of where you are.<\/p>\n\n\n\n<figure class=\"wp-block-image size-large is-resized\"><img decoding=\"async\" width=\"1024\" height=\"770\" data-src=\"https:\/\/nsk.hr\/wp-content\/uploads\/2023\/11\/NSKWeb_Online-exhibitions-1024x770.png\" alt=\"Segments of the homepage of NSK Online Exhibitions website.\" class=\"wp-image-85576 lazyload\" style=\"--smush-placeholder-width: 1024px; --smush-placeholder-aspect-ratio: 1024\/770;width:1400px;height:auto\" data-srcset=\"https:\/\/nsk.hr\/wp-content\/uploads\/2023\/11\/NSKWeb_Online-exhibitions-1024x770.png 1024w, https:\/\/nsk.hr\/wp-content\/uploads\/2023\/11\/NSKWeb_Online-exhibitions-300x226.png 300w, https:\/\/nsk.hr\/wp-content\/uploads\/2023\/11\/NSKWeb_Online-exhibitions-768x578.png 768w, https:\/\/nsk.hr\/wp-content\/uploads\/2023\/11\/NSKWeb_Online-exhibitions-1536x1155.png 1536w, https:\/\/nsk.hr\/wp-content\/uploads\/2023\/11\/NSKWeb_Online-exhibitions-1436x1080.png 1436w, https:\/\/nsk.hr\/wp-content\/uploads\/2023\/11\/NSKWeb_Online-exhibitions.png 1648w\" data-sizes=\"(max-width: 1024px) 100vw, 1024px\" src=\"data:image\/svg+xml;base64,PHN2ZyB3aWR0aD0iMSIgaGVpZ2h0PSIxIiB4bWxucz0iaHR0cDovL3d3dy53My5vcmcvMjAwMC9zdmciPjwvc3ZnPg==\" \/><\/figure>\n\n\n\n<p>Relying on digital technologies and reaching out to a wide audience in an interactive and dynamic way, our online exhibitions present valuable digitised cultural and scientific heritage related to various topics, events, well-known figures in and various periods of history.<\/p>\n\n\n\n<p>We created our <a href=\"http:\/\/virtualna.nsk.hr\/boskovic\/\">first online exhibition<\/a> in 2012 and soon afterwards set up the <a><\/a><a href=\"http:\/\/virtualna.nsk.hr\/\"><em>NSK Online Exhibitions<\/em><\/a> website. Since 2020, the website also makes available the online exhibitions of other heritage institutions in Croatia.&nbsp;<\/p>\n\n\n\n<p>On the <em>NSK Online Exhibitions<\/em> website you can currently (2023) view more than 50 exhibitions, some of which are also available in English:<\/p>\n\n\n\n<p><a href=\"http:\/\/virtualna.nsk.hr\/vrancic\/en\/\"><em>Faust Vran\u010di\u0107<\/em><\/a><\/p>\n\n\n\n<p><a href=\"http:\/\/virtualna.nsk.hr\/marulic\/en\/\"><em>Marko Maruli\u0107<\/em><\/a><\/p>\n\n\n\n<p><a href=\"http:\/\/virtualna.nsk.hr\/glagoljica\/?lang=en\"><em>Croatian Glagolitic Heritage<\/em><\/a><\/p>\n\n\n\n<p><a href=\"http:\/\/virtualna.nsk.hr\/bugari\/sacred-tongue\/\"><em>Sacred Tongue of my Predecessors: Croatian-Bulgarian Parallels<\/em><\/a>.<\/p>\n","protected":false},"excerpt":{"rendered":"<p>See online exhibitions featuring the treasures in our collections and the collections of other heritage institutions in Croatia and abroad regardless of where you&#8230;<\/p>\n","protected":false},"author":11,"featured_media":0,"parent":0,"menu_order":0,"comment_status":"closed","ping_status":"closed","template":"","meta":{"_acf_changed":false,"ngg_post_thumbnail":0,"footnotes":""},"class_list":["post-85575","page","type-page","status-publish","hentry"],"acf":[],"yoast_head":"<!-- This site is optimized with the Yoast SEO plugin v25.4 - https:\/\/yoast.com\/wordpress\/plugins\/seo\/ -->\n<title>Online exhibitions - Nacionalna i sveu\u010dili\u0161na knji\u017enica u Zagrebu<\/title>\n<meta name=\"description\" content=\"The NSK Online Exhibitions website offers online exhibitions thematising a wide range of topics, events, well-known figures in and various periods of history.\" \/>\n<meta name=\"robots\" content=\"index, follow, max-snippet:-1, max-image-preview:large, max-video-preview:-1\" \/>\n<link rel=\"canonical\" href=\"https:\/\/nsk.hr\/en\/online-exhibitions\/\" \/>\n<meta property=\"og:locale\" content=\"en_US\" \/>\n<meta property=\"og:type\" content=\"article\" \/>\n<meta property=\"og:title\" content=\"Online exhibitions - Nacionalna i sveu\u010dili\u0161na knji\u017enica u Zagrebu\" \/>\n<meta property=\"og:description\" content=\"The NSK Online Exhibitions website offers online exhibitions thematising a wide range of topics, events, well-known figures in and various periods of history.\" \/>\n<meta property=\"og:url\" content=\"https:\/\/nsk.hr\/en\/online-exhibitions\/\" \/>\n<meta property=\"og:site_name\" content=\"Nacionalna i sveu\u010dili\u0161na knji\u017enica u Zagrebu\" \/>\n<meta property=\"article:modified_time\" content=\"2023-11-21T17:40:03+00:00\" \/>\n<meta property=\"og:image\" content=\"https:\/\/nsk.hr\/wp-content\/uploads\/2023\/11\/NSKWeb_Online-exhibitions-1024x770.png\" \/>\n<meta name=\"twitter:card\" content=\"summary_large_image\" \/>\n<meta name=\"twitter:label1\" content=\"Est. reading time\" \/>\n\t<meta name=\"twitter:data1\" content=\"1 minute\" \/>\n<script type=\"application\/ld+json\" class=\"yoast-schema-graph\">{\"@context\":\"https:\/\/schema.org\",\"@graph\":[{\"@type\":\"WebPage\",\"@id\":\"https:\/\/nsk.hr\/en\/online-exhibitions\/\",\"url\":\"https:\/\/nsk.hr\/en\/online-exhibitions\/\",\"name\":\"Online exhibitions - Nacionalna i sveu\u010dili\u0161na knji\u017enica u Zagrebu\",\"isPartOf\":{\"@id\":\"https:\/\/nsk.hr\/en\/#website\"},\"primaryImageOfPage\":{\"@id\":\"https:\/\/nsk.hr\/en\/online-exhibitions\/#primaryimage\"},\"image\":{\"@id\":\"https:\/\/nsk.hr\/en\/online-exhibitions\/#primaryimage\"},\"thumbnailUrl\":\"https:\/\/nsk.hr\/wp-content\/uploads\/2023\/11\/NSKWeb_Online-exhibitions-1024x770.png\",\"datePublished\":\"2023-10-03T05:53:55+00:00\",\"dateModified\":\"2023-11-21T17:40:03+00:00\",\"description\":\"The NSK Online Exhibitions website offers online exhibitions thematising a wide range of topics, events, well-known figures in and various periods of history.\",\"breadcrumb\":{\"@id\":\"https:\/\/nsk.hr\/en\/online-exhibitions\/#breadcrumb\"},\"inLanguage\":\"en-US\",\"potentialAction\":[{\"@type\":\"ReadAction\",\"target\":[\"https:\/\/nsk.hr\/en\/online-exhibitions\/\"]}]},{\"@type\":\"ImageObject\",\"inLanguage\":\"en-US\",\"@id\":\"https:\/\/nsk.hr\/en\/online-exhibitions\/#primaryimage\",\"url\":\"https:\/\/nsk.hr\/wp-content\/uploads\/2023\/11\/NSKWeb_Online-exhibitions-1024x770.png\",\"contentUrl\":\"https:\/\/nsk.hr\/wp-content\/uploads\/2023\/11\/NSKWeb_Online-exhibitions-1024x770.png\"},{\"@type\":\"BreadcrumbList\",\"@id\":\"https:\/\/nsk.hr\/en\/online-exhibitions\/#breadcrumb\",\"itemListElement\":[{\"@type\":\"ListItem\",\"position\":1,\"name\":\"Homepage\",\"item\":\"https:\/\/nsk.hr\/en\/\"},{\"@type\":\"ListItem\",\"position\":2,\"name\":\"Online exhibitions\"}]},{\"@type\":\"WebSite\",\"@id\":\"https:\/\/nsk.hr\/en\/#website\",\"url\":\"https:\/\/nsk.hr\/en\/\",\"name\":\"Nacionalna i sveu\u010dili\u0161na knji\u017enica u Zagrebu\",\"description\":\"\",\"potentialAction\":[{\"@type\":\"SearchAction\",\"target\":{\"@type\":\"EntryPoint\",\"urlTemplate\":\"https:\/\/nsk.hr\/en\/?s={search_term_string}\"},\"query-input\":{\"@type\":\"PropertyValueSpecification\",\"valueRequired\":true,\"valueName\":\"search_term_string\"}}],\"inLanguage\":\"en-US\"}]}<\/script>\n<!-- \/ Yoast SEO plugin. -->","yoast_head_json":{"title":"Online exhibitions - Nacionalna i sveu\u010dili\u0161na knji\u017enica u Zagrebu","description":"The NSK Online Exhibitions website offers online exhibitions thematising a wide range of topics, events, well-known figures in and various periods of history.","robots":{"index":"index","follow":"follow","max-snippet":"max-snippet:-1","max-image-preview":"max-image-preview:large","max-video-preview":"max-video-preview:-1"},"canonical":"https:\/\/nsk.hr\/en\/online-exhibitions\/","og_locale":"en_US","og_type":"article","og_title":"Online exhibitions - Nacionalna i sveu\u010dili\u0161na knji\u017enica u Zagrebu","og_description":"The NSK Online Exhibitions website offers online exhibitions thematising a wide range of topics, events, well-known figures in and various periods of history.","og_url":"https:\/\/nsk.hr\/en\/online-exhibitions\/","og_site_name":"Nacionalna i sveu\u010dili\u0161na knji\u017enica u Zagrebu","article_modified_time":"2023-11-21T17:40:03+00:00","og_image":[{"url":"https:\/\/nsk.hr\/wp-content\/uploads\/2023\/11\/NSKWeb_Online-exhibitions-1024x770.png","type":"","width":"","height":""}],"twitter_card":"summary_large_image","twitter_misc":{"Est. reading time":"1 minute"},"schema":{"@context":"https:\/\/schema.org","@graph":[{"@type":"WebPage","@id":"https:\/\/nsk.hr\/en\/online-exhibitions\/","url":"https:\/\/nsk.hr\/en\/online-exhibitions\/","name":"Online exhibitions - Nacionalna i sveu\u010dili\u0161na knji\u017enica u Zagrebu","isPartOf":{"@id":"https:\/\/nsk.hr\/en\/#website"},"primaryImageOfPage":{"@id":"https:\/\/nsk.hr\/en\/online-exhibitions\/#primaryimage"},"image":{"@id":"https:\/\/nsk.hr\/en\/online-exhibitions\/#primaryimage"},"thumbnailUrl":"https:\/\/nsk.hr\/wp-content\/uploads\/2023\/11\/NSKWeb_Online-exhibitions-1024x770.png","datePublished":"2023-10-03T05:53:55+00:00","dateModified":"2023-11-21T17:40:03+00:00","description":"The NSK Online Exhibitions website offers online exhibitions thematising a wide range of topics, events, well-known figures in and various periods of history.","breadcrumb":{"@id":"https:\/\/nsk.hr\/en\/online-exhibitions\/#breadcrumb"},"inLanguage":"en-US","potentialAction":[{"@type":"ReadAction","target":["https:\/\/nsk.hr\/en\/online-exhibitions\/"]}]},{"@type":"ImageObject","inLanguage":"en-US","@id":"https:\/\/nsk.hr\/en\/online-exhibitions\/#primaryimage","url":"https:\/\/nsk.hr\/wp-content\/uploads\/2023\/11\/NSKWeb_Online-exhibitions-1024x770.png","contentUrl":"https:\/\/nsk.hr\/wp-content\/uploads\/2023\/11\/NSKWeb_Online-exhibitions-1024x770.png"},{"@type":"BreadcrumbList","@id":"https:\/\/nsk.hr\/en\/online-exhibitions\/#breadcrumb","itemListElement":[{"@type":"ListItem","position":1,"name":"Homepage","item":"https:\/\/nsk.hr\/en\/"},{"@type":"ListItem","position":2,"name":"Online exhibitions"}]},{"@type":"WebSite","@id":"https:\/\/nsk.hr\/en\/#website","url":"https:\/\/nsk.hr\/en\/","name":"Nacionalna i sveu\u010dili\u0161na knji\u017enica u Zagrebu","description":"","potentialAction":[{"@type":"SearchAction","target":{"@type":"EntryPoint","urlTemplate":"https:\/\/nsk.hr\/en\/?s={search_term_string}"},"query-input":{"@type":"PropertyValueSpecification","valueRequired":true,"valueName":"search_term_string"}}],"inLanguage":"en-US"}]}},"_links":{"self":[{"href":"https:\/\/nsk.hr\/en\/wp-json\/wp\/v2\/pages\/85575","targetHints":{"allow":["GET"]}}],"collection":[{"href":"https:\/\/nsk.hr\/en\/wp-json\/wp\/v2\/pages"}],"about":[{"href":"https:\/\/nsk.hr\/en\/wp-json\/wp\/v2\/types\/page"}],"author":[{"embeddable":true,"href":"https:\/\/nsk.hr\/en\/wp-json\/wp\/v2\/users\/11"}],"replies":[{"embeddable":true,"href":"https:\/\/nsk.hr\/en\/wp-json\/wp\/v2\/comments?post=85575"}],"version-history":[{"count":2,"href":"https:\/\/nsk.hr\/en\/wp-json\/wp\/v2\/pages\/85575\/revisions"}],"predecessor-version":[{"id":85579,"href":"https:\/\/nsk.hr\/en\/wp-json\/wp\/v2\/pages\/85575\/revisions\/85579"}],"wp:attachment":[{"href":"https:\/\/nsk.hr\/en\/wp-json\/wp\/v2\/media?parent=85575"}],"curies":[{"name":"wp","href":"https:\/\/api.w.org\/{rel}","templated":true}]}}