{"id":85571,"date":"2023-10-02T19:38:17","date_gmt":"2023-10-02T17:38:17","guid":{"rendered":"https:\/\/nsk.hr\/?page_id=85571"},"modified":"2025-03-11T15:24:45","modified_gmt":"2025-03-11T14:24:45","slug":"nsk-holdings","status":"publish","type":"page","link":"https:\/\/nsk.hr\/en\/nsk-holdings\/","title":{"rendered":"NSK holdings"},"content":{"rendered":"\n<p class=\"is-style-lead\">NSK, the National and University Library in Zagreb, holds in its collections nearly 3.7 million items in a wide variety of formats.<\/p>\n\n\n\n<p><a href=\"https:\/\/nsk.hr\/en\/nsk-collections\/\">Discover<\/a> the treasures preserved in Croatia\u2019s largest library!<\/p>\n\n\n\n<figure class=\"wp-block-image size-large\"><img decoding=\"async\" width=\"1024\" height=\"770\" data-src=\"https:\/\/nsk.hr\/wp-content\/uploads\/2023\/11\/NSKWeb_NSK-holdings-1024x770.png\" alt=\"\" class=\"wp-image-85572 lazyload\" data-srcset=\"https:\/\/nsk.hr\/wp-content\/uploads\/2023\/11\/NSKWeb_NSK-holdings-1024x770.png 1024w, https:\/\/nsk.hr\/wp-content\/uploads\/2023\/11\/NSKWeb_NSK-holdings-300x226.png 300w, https:\/\/nsk.hr\/wp-content\/uploads\/2023\/11\/NSKWeb_NSK-holdings-768x578.png 768w, https:\/\/nsk.hr\/wp-content\/uploads\/2023\/11\/NSKWeb_NSK-holdings-1536x1155.png 1536w, https:\/\/nsk.hr\/wp-content\/uploads\/2023\/11\/NSKWeb_NSK-holdings-1436x1080.png 1436w, https:\/\/nsk.hr\/wp-content\/uploads\/2023\/11\/NSKWeb_NSK-holdings.png 1648w\" data-sizes=\"(max-width: 1024px) 100vw, 1024px\" src=\"data:image\/svg+xml;base64,PHN2ZyB3aWR0aD0iMSIgaGVpZ2h0PSIxIiB4bWxucz0iaHR0cDovL3d3dy53My5vcmcvMjAwMC9zdmciPjwvc3ZnPg==\" style=\"--smush-placeholder-width: 1024px; --smush-placeholder-aspect-ratio: 1024\/770;\" \/><\/figure>\n\n\n<section class=\"block-section quick-links-block quick-links-block--has-2-col\">\n\n    <h2 class=\"quick-links-block__title\"><\/h2>\n    <ul class=\"quick-links-block__list list-unstyled\">\n                    <li class=\"quick-links-block__item\">\n                <a href=\"https:\/\/nsk.hr\/fond\/knjige\/\" class=\"quick-links-block__link\">\n                    <span class=\"text\">\n                        Books                    <\/span>\n                    <svg xmlns=\"http:\/\/www.w3.org\/2000\/svg\" width=\"28\" height=\"28\" viewBox=\"0 0 28 28\" fill=\"none\">\n                        <path d=\"M19.8864 7L18.7095 8.17654L23.7027 13.1681H2V14.8321H23.7026L18.7095 19.8235L19.8864 21L26.8889 14L19.8864 7Z\" fill=\"#231F20\"><\/path>\n                    <\/svg>\n                <\/a>\n            <\/li>\n                    <li class=\"quick-links-block__item\">\n                <a href=\"https:\/\/nsk.hr\/fond\/novine-i-casopisi\/\" class=\"quick-links-block__link\">\n                    <span class=\"text\">\n                        Newspapers and journals                    <\/span>\n                    <svg xmlns=\"http:\/\/www.w3.org\/2000\/svg\" width=\"28\" height=\"28\" viewBox=\"0 0 28 28\" fill=\"none\">\n                        <path d=\"M19.8864 7L18.7095 8.17654L23.7027 13.1681H2V14.8321H23.7026L18.7095 19.8235L19.8864 21L26.8889 14L19.8864 7Z\" fill=\"#231F20\"><\/path>\n                    <\/svg>\n                <\/a>\n            <\/li>\n                    <li class=\"quick-links-block__item\">\n                <a href=\"https:\/\/nsk.hr\/fond\/rukopisi\/\" class=\"quick-links-block__link\">\n                    <span class=\"text\">\n                        Manuscripts                    <\/span>\n                    <svg xmlns=\"http:\/\/www.w3.org\/2000\/svg\" width=\"28\" height=\"28\" viewBox=\"0 0 28 28\" fill=\"none\">\n                        <path d=\"M19.8864 7L18.7095 8.17654L23.7027 13.1681H2V14.8321H23.7026L18.7095 19.8235L19.8864 21L26.8889 14L19.8864 7Z\" fill=\"#231F20\"><\/path>\n                    <\/svg>\n                <\/a>\n            <\/li>\n                    <li class=\"quick-links-block__item\">\n                <a href=\"https:\/\/nsk.hr\/fond\/ostavstine\/\" class=\"quick-links-block__link\">\n                    <span class=\"text\">\n                        Personal archives                    <\/span>\n                    <svg xmlns=\"http:\/\/www.w3.org\/2000\/svg\" width=\"28\" height=\"28\" viewBox=\"0 0 28 28\" fill=\"none\">\n                        <path d=\"M19.8864 7L18.7095 8.17654L23.7027 13.1681H2V14.8321H23.7026L18.7095 19.8235L19.8864 21L26.8889 14L19.8864 7Z\" fill=\"#231F20\"><\/path>\n                    <\/svg>\n                <\/a>\n            <\/li>\n                    <li class=\"quick-links-block__item\">\n                <a href=\"https:\/\/nsk.hr\/fond\/crtezi\/\" class=\"quick-links-block__link\">\n                    <span class=\"text\">\n                        Drawings                    <\/span>\n                    <svg xmlns=\"http:\/\/www.w3.org\/2000\/svg\" width=\"28\" height=\"28\" viewBox=\"0 0 28 28\" fill=\"none\">\n                        <path d=\"M19.8864 7L18.7095 8.17654L23.7027 13.1681H2V14.8321H23.7026L18.7095 19.8235L19.8864 21L26.8889 14L19.8864 7Z\" fill=\"#231F20\"><\/path>\n                    <\/svg>\n                <\/a>\n            <\/li>\n                    <li class=\"quick-links-block__item\">\n                <a href=\"https:\/\/nsk.hr\/fond\/grafike-i-graficke-mape\/\" class=\"quick-links-block__link\">\n                    <span class=\"text\">\n                        Prints and print portfolios                    <\/span>\n                    <svg xmlns=\"http:\/\/www.w3.org\/2000\/svg\" width=\"28\" height=\"28\" viewBox=\"0 0 28 28\" fill=\"none\">\n                        <path d=\"M19.8864 7L18.7095 8.17654L23.7027 13.1681H2V14.8321H23.7026L18.7095 19.8235L19.8864 21L26.8889 14L19.8864 7Z\" fill=\"#231F20\"><\/path>\n                    <\/svg>\n                <\/a>\n            <\/li>\n                    <li class=\"quick-links-block__item\">\n                <a href=\"https:\/\/nsk.hr\/fond\/plakati\/\" class=\"quick-links-block__link\">\n                    <span class=\"text\">\n                        Posters                    <\/span>\n                    <svg xmlns=\"http:\/\/www.w3.org\/2000\/svg\" width=\"28\" height=\"28\" viewBox=\"0 0 28 28\" fill=\"none\">\n                        <path d=\"M19.8864 7L18.7095 8.17654L23.7027 13.1681H2V14.8321H23.7026L18.7095 19.8235L19.8864 21L26.8889 14L19.8864 7Z\" fill=\"#231F20\"><\/path>\n                    <\/svg>\n                <\/a>\n            <\/li>\n                    <li class=\"quick-links-block__item\">\n                <a href=\"https:\/\/nsk.hr\/fond\/razglednice\/\" class=\"quick-links-block__link\">\n                    <span class=\"text\">\n                        Postcards                    <\/span>\n                    <svg xmlns=\"http:\/\/www.w3.org\/2000\/svg\" width=\"28\" height=\"28\" viewBox=\"0 0 28 28\" fill=\"none\">\n                        <path d=\"M19.8864 7L18.7095 8.17654L23.7027 13.1681H2V14.8321H23.7026L18.7095 19.8235L19.8864 21L26.8889 14L19.8864 7Z\" fill=\"#231F20\"><\/path>\n                    <\/svg>\n                <\/a>\n            <\/li>\n                    <li class=\"quick-links-block__item\">\n                <a href=\"https:\/\/nsk.hr\/fond\/sitni-tisak\/\" class=\"quick-links-block__link\">\n                    <span class=\"text\">\n                        Ephemera                    <\/span>\n                    <svg xmlns=\"http:\/\/www.w3.org\/2000\/svg\" width=\"28\" height=\"28\" viewBox=\"0 0 28 28\" fill=\"none\">\n                        <path d=\"M19.8864 7L18.7095 8.17654L23.7027 13.1681H2V14.8321H23.7026L18.7095 19.8235L19.8864 21L26.8889 14L19.8864 7Z\" fill=\"#231F20\"><\/path>\n                    <\/svg>\n                <\/a>\n            <\/li>\n                    <li class=\"quick-links-block__item\">\n                <a href=\"https:\/\/nsk.hr\/fond\/karte-i-atlasi\/\" class=\"quick-links-block__link\">\n                    <span class=\"text\">\n                        Cartographic material                    <\/span>\n                    <svg xmlns=\"http:\/\/www.w3.org\/2000\/svg\" width=\"28\" height=\"28\" viewBox=\"0 0 28 28\" fill=\"none\">\n                        <path d=\"M19.8864 7L18.7095 8.17654L23.7027 13.1681H2V14.8321H23.7026L18.7095 19.8235L19.8864 21L26.8889 14L19.8864 7Z\" fill=\"#231F20\"><\/path>\n                    <\/svg>\n                <\/a>\n            <\/li>\n                    <li class=\"quick-links-block__item\">\n                <a href=\"https:\/\/nsk.hr\/fond\/note-i-zvucne-snimke\/\" class=\"quick-links-block__link\">\n                    <span class=\"text\">\n                        Printed and manuscript music, music recordings                    <\/span>\n                    <svg xmlns=\"http:\/\/www.w3.org\/2000\/svg\" width=\"28\" height=\"28\" viewBox=\"0 0 28 28\" fill=\"none\">\n                        <path d=\"M19.8864 7L18.7095 8.17654L23.7027 13.1681H2V14.8321H23.7026L18.7095 19.8235L19.8864 21L26.8889 14L19.8864 7Z\" fill=\"#231F20\"><\/path>\n                    <\/svg>\n                <\/a>\n            <\/li>\n                    <li class=\"quick-links-block__item\">\n                <a href=\"https:\/\/nsk.hr\/fond\/sluzbene-publikacije\/\" class=\"quick-links-block__link\">\n                    <span class=\"text\">\n                        Official publications                    <\/span>\n                    <svg xmlns=\"http:\/\/www.w3.org\/2000\/svg\" width=\"28\" height=\"28\" viewBox=\"0 0 28 28\" fill=\"none\">\n                        <path d=\"M19.8864 7L18.7095 8.17654L23.7027 13.1681H2V14.8321H23.7026L18.7095 19.8235L19.8864 21L26.8889 14L19.8864 7Z\" fill=\"#231F20\"><\/path>\n                    <\/svg>\n                <\/a>\n            <\/li>\n                    <li class=\"quick-links-block__item\">\n                <a href=\"https:\/\/nsk.hr\/en\/nsk-holdings\/nsk-digital-collections\/\" class=\"quick-links-block__link\">\n                    <span class=\"text\">\n                        Digital collections                    <\/span>\n                    <svg xmlns=\"http:\/\/www.w3.org\/2000\/svg\" width=\"28\" height=\"28\" viewBox=\"0 0 28 28\" fill=\"none\">\n                        <path d=\"M19.8864 7L18.7095 8.17654L23.7027 13.1681H2V14.8321H23.7026L18.7095 19.8235L19.8864 21L26.8889 14L19.8864 7Z\" fill=\"#231F20\"><\/path>\n                    <\/svg>\n                <\/a>\n            <\/li>\n                    <li class=\"quick-links-block__item\">\n                <a href=\"https:\/\/haw.nsk.hr\/en\/\" class=\"quick-links-block__link\">\n                    <span class=\"text\">\n                        Croatian Web Archive                    <\/span>\n                    <svg xmlns=\"http:\/\/www.w3.org\/2000\/svg\" width=\"28\" height=\"28\" viewBox=\"0 0 28 28\" fill=\"none\">\n                        <path d=\"M19.8864 7L18.7095 8.17654L23.7027 13.1681H2V14.8321H23.7026L18.7095 19.8235L19.8864 21L26.8889 14L19.8864 7Z\" fill=\"#231F20\"><\/path>\n                    <\/svg>\n                <\/a>\n            <\/li>\n                    <li class=\"quick-links-block__item\">\n                <a href=\"https:\/\/nsk.hr\/en\/nsk-holdings\/e-resources\/\" class=\"quick-links-block__link\">\n                    <span class=\"text\">\n                        E-resources                    <\/span>\n                    <svg xmlns=\"http:\/\/www.w3.org\/2000\/svg\" width=\"28\" height=\"28\" viewBox=\"0 0 28 28\" fill=\"none\">\n                        <path d=\"M19.8864 7L18.7095 8.17654L23.7027 13.1681H2V14.8321H23.7026L18.7095 19.8235L19.8864 21L26.8889 14L19.8864 7Z\" fill=\"#231F20\"><\/path>\n                    <\/svg>\n                <\/a>\n            <\/li>\n                    <li class=\"quick-links-block__item\">\n                <a href=\"https:\/\/nsk.hr\/fond\/disertacije-i-ostali-ocjenski-radovi\/\" class=\"quick-links-block__link\">\n                    <span class=\"text\">\n                        Dissertations and other theses                    <\/span>\n                    <svg xmlns=\"http:\/\/www.w3.org\/2000\/svg\" width=\"28\" height=\"28\" viewBox=\"0 0 28 28\" fill=\"none\">\n                        <path d=\"M19.8864 7L18.7095 8.17654L23.7027 13.1681H2V14.8321H23.7026L18.7095 19.8235L19.8864 21L26.8889 14L19.8864 7Z\" fill=\"#231F20\"><\/path>\n                    <\/svg>\n                <\/a>\n            <\/li>\n            <\/ul>\n<\/section>\n\n\n<h2 class=\"wp-block-heading\"><strong>Legal deposit<\/strong><\/h2>\n\n\n\n<p>Since as early as 1816, NSK has been developing its <a href=\"https:\/\/nsk.hr\/en\/nsk-collections\/\">collections <\/a>through legal deposit, systematically assembling books and non-book material published by Croatian publishers and authors as well as publications in the Croatian language and those thematising Croatia and Croats.<\/p>\n\n\n\n<h2 class=\"wp-block-heading\"><strong>The Zagreb University Collection<\/strong><\/h2>\n\n\n\n<p>Apart from being Croatia\u2019s national library, NSK is also the central library of the <a href=\"https:\/\/www.unizg.hr\/homepage\/\">University of Zagreb<\/a> and as such assembles Croatian and foreign academic publications.<\/p>\n\n\n\n<h2 class=\"wp-block-heading\"><strong>NSK special collections<\/strong><\/h2>\n\n\n\n<p>NSK\u2019s most valuable items are preserved as part of its special <a href=\"https:\/\/nsk.hr\/en\/nsk-collections\/\">collections<\/a>, holding the greatest treasures of Croatia\u2019s and the world\u2019s cultural heritage.<\/p>\n\n\n\n<h2 class=\"wp-block-heading\"><strong>NSK digital content<\/strong><\/h2>\n\n\n\n<p>Apart from constantly increasing its <a href=\"https:\/\/nsk.hr\/en\/nsk-holdings\/nsk-digital-collections\/\">digital content<\/a> by digitising its collections, NSK also collects digital-born content, mostly through electronic legal deposit.<\/p>\n","protected":false},"excerpt":{"rendered":"<p>NSK, the National and University Library in Zagreb, holds in its collections nearly 3.7 million items in a wide variety of formats. Discover the&#8230;<\/p>\n","protected":false},"author":11,"featured_media":86340,"parent":0,"menu_order":0,"comment_status":"closed","ping_status":"closed","template":"","meta":{"_acf_changed":true,"ngg_post_thumbnail":0,"footnotes":""},"class_list":["post-85571","page","type-page","status-publish","has-post-thumbnail","hentry"],"acf":[],"yoast_head":"<!-- This site is optimized with the Yoast SEO plugin v25.4 - https:\/\/yoast.com\/wordpress\/plugins\/seo\/ -->\n<title>NSK holdings - Nacionalna i sveu\u010dili\u0161na knji\u017enica u Zagrebu<\/title>\n<meta name=\"description\" content=\"NSK, the National and University Library in Zagreb, holds in its collections nearly 3.6 million items in a wide variety of formats.\" \/>\n<meta name=\"robots\" content=\"index, follow, max-snippet:-1, max-image-preview:large, max-video-preview:-1\" \/>\n<link rel=\"canonical\" href=\"https:\/\/nsk.hr\/en\/nsk-holdings\/\" \/>\n<meta property=\"og:locale\" content=\"en_US\" \/>\n<meta property=\"og:type\" content=\"article\" \/>\n<meta property=\"og:title\" content=\"NSK holdings - Nacionalna i sveu\u010dili\u0161na knji\u017enica u Zagrebu\" \/>\n<meta property=\"og:description\" content=\"NSK, the National and University Library in Zagreb, holds in its collections nearly 3.6 million items in a wide variety of formats.\" \/>\n<meta property=\"og:url\" content=\"https:\/\/nsk.hr\/en\/nsk-holdings\/\" \/>\n<meta property=\"og:site_name\" content=\"Nacionalna i sveu\u010dili\u0161na knji\u017enica u Zagrebu\" \/>\n<meta property=\"article:modified_time\" content=\"2025-03-11T14:24:45+00:00\" \/>\n<meta property=\"og:image\" content=\"https:\/\/nsk.hr\/wp-content\/uploads\/2023\/11\/NSK-2023-080-scaled.jpg\" \/>\n\t<meta property=\"og:image:width\" content=\"1920\" \/>\n\t<meta property=\"og:image:height\" content=\"1280\" \/>\n\t<meta property=\"og:image:type\" content=\"image\/jpeg\" \/>\n<meta name=\"twitter:card\" content=\"summary_large_image\" \/>\n<meta name=\"twitter:label1\" content=\"Est. reading time\" \/>\n\t<meta name=\"twitter:data1\" content=\"2 minutes\" \/>\n<script type=\"application\/ld+json\" class=\"yoast-schema-graph\">{\"@context\":\"https:\/\/schema.org\",\"@graph\":[{\"@type\":\"WebPage\",\"@id\":\"https:\/\/nsk.hr\/en\/nsk-holdings\/\",\"url\":\"https:\/\/nsk.hr\/en\/nsk-holdings\/\",\"name\":\"NSK holdings - Nacionalna i sveu\u010dili\u0161na knji\u017enica u Zagrebu\",\"isPartOf\":{\"@id\":\"https:\/\/nsk.hr\/en\/#website\"},\"primaryImageOfPage\":{\"@id\":\"https:\/\/nsk.hr\/en\/nsk-holdings\/#primaryimage\"},\"image\":{\"@id\":\"https:\/\/nsk.hr\/en\/nsk-holdings\/#primaryimage\"},\"thumbnailUrl\":\"https:\/\/nsk.hr\/wp-content\/uploads\/2023\/11\/NSK-2023-080-scaled.jpg\",\"datePublished\":\"2023-10-02T17:38:17+00:00\",\"dateModified\":\"2025-03-11T14:24:45+00:00\",\"description\":\"NSK, the National and University Library in Zagreb, holds in its collections nearly 3.6 million items in a wide variety of formats.\",\"breadcrumb\":{\"@id\":\"https:\/\/nsk.hr\/en\/nsk-holdings\/#breadcrumb\"},\"inLanguage\":\"en-US\",\"potentialAction\":[{\"@type\":\"ReadAction\",\"target\":[\"https:\/\/nsk.hr\/en\/nsk-holdings\/\"]}]},{\"@type\":\"ImageObject\",\"inLanguage\":\"en-US\",\"@id\":\"https:\/\/nsk.hr\/en\/nsk-holdings\/#primaryimage\",\"url\":\"https:\/\/nsk.hr\/wp-content\/uploads\/2023\/11\/NSK-2023-080-scaled.jpg\",\"contentUrl\":\"https:\/\/nsk.hr\/wp-content\/uploads\/2023\/11\/NSK-2023-080-scaled.jpg\",\"width\":1920,\"height\":1280,\"caption\":\"Fotografija polica s knjigama u NSK\"},{\"@type\":\"BreadcrumbList\",\"@id\":\"https:\/\/nsk.hr\/en\/nsk-holdings\/#breadcrumb\",\"itemListElement\":[{\"@type\":\"ListItem\",\"position\":1,\"name\":\"Homepage\",\"item\":\"https:\/\/nsk.hr\/en\/\"},{\"@type\":\"ListItem\",\"position\":2,\"name\":\"NSK holdings\"}]},{\"@type\":\"WebSite\",\"@id\":\"https:\/\/nsk.hr\/en\/#website\",\"url\":\"https:\/\/nsk.hr\/en\/\",\"name\":\"Nacionalna i sveu\u010dili\u0161na knji\u017enica u Zagrebu\",\"description\":\"\",\"potentialAction\":[{\"@type\":\"SearchAction\",\"target\":{\"@type\":\"EntryPoint\",\"urlTemplate\":\"https:\/\/nsk.hr\/en\/?s={search_term_string}\"},\"query-input\":{\"@type\":\"PropertyValueSpecification\",\"valueRequired\":true,\"valueName\":\"search_term_string\"}}],\"inLanguage\":\"en-US\"}]}<\/script>\n<!-- \/ Yoast SEO plugin. -->","yoast_head_json":{"title":"NSK holdings - Nacionalna i sveu\u010dili\u0161na knji\u017enica u Zagrebu","description":"NSK, the National and University Library in Zagreb, holds in its collections nearly 3.6 million items in a wide variety of formats.","robots":{"index":"index","follow":"follow","max-snippet":"max-snippet:-1","max-image-preview":"max-image-preview:large","max-video-preview":"max-video-preview:-1"},"canonical":"https:\/\/nsk.hr\/en\/nsk-holdings\/","og_locale":"en_US","og_type":"article","og_title":"NSK holdings - Nacionalna i sveu\u010dili\u0161na knji\u017enica u Zagrebu","og_description":"NSK, the National and University Library in Zagreb, holds in its collections nearly 3.6 million items in a wide variety of formats.","og_url":"https:\/\/nsk.hr\/en\/nsk-holdings\/","og_site_name":"Nacionalna i sveu\u010dili\u0161na knji\u017enica u Zagrebu","article_modified_time":"2025-03-11T14:24:45+00:00","og_image":[{"width":1920,"height":1280,"url":"https:\/\/nsk.hr\/wp-content\/uploads\/2023\/11\/NSK-2023-080-scaled.jpg","type":"image\/jpeg"}],"twitter_card":"summary_large_image","twitter_misc":{"Est. reading time":"2 minutes"},"schema":{"@context":"https:\/\/schema.org","@graph":[{"@type":"WebPage","@id":"https:\/\/nsk.hr\/en\/nsk-holdings\/","url":"https:\/\/nsk.hr\/en\/nsk-holdings\/","name":"NSK holdings - Nacionalna i sveu\u010dili\u0161na knji\u017enica u Zagrebu","isPartOf":{"@id":"https:\/\/nsk.hr\/en\/#website"},"primaryImageOfPage":{"@id":"https:\/\/nsk.hr\/en\/nsk-holdings\/#primaryimage"},"image":{"@id":"https:\/\/nsk.hr\/en\/nsk-holdings\/#primaryimage"},"thumbnailUrl":"https:\/\/nsk.hr\/wp-content\/uploads\/2023\/11\/NSK-2023-080-scaled.jpg","datePublished":"2023-10-02T17:38:17+00:00","dateModified":"2025-03-11T14:24:45+00:00","description":"NSK, the National and University Library in Zagreb, holds in its collections nearly 3.6 million items in a wide variety of formats.","breadcrumb":{"@id":"https:\/\/nsk.hr\/en\/nsk-holdings\/#breadcrumb"},"inLanguage":"en-US","potentialAction":[{"@type":"ReadAction","target":["https:\/\/nsk.hr\/en\/nsk-holdings\/"]}]},{"@type":"ImageObject","inLanguage":"en-US","@id":"https:\/\/nsk.hr\/en\/nsk-holdings\/#primaryimage","url":"https:\/\/nsk.hr\/wp-content\/uploads\/2023\/11\/NSK-2023-080-scaled.jpg","contentUrl":"https:\/\/nsk.hr\/wp-content\/uploads\/2023\/11\/NSK-2023-080-scaled.jpg","width":1920,"height":1280,"caption":"Fotografija polica s knjigama u NSK"},{"@type":"BreadcrumbList","@id":"https:\/\/nsk.hr\/en\/nsk-holdings\/#breadcrumb","itemListElement":[{"@type":"ListItem","position":1,"name":"Homepage","item":"https:\/\/nsk.hr\/en\/"},{"@type":"ListItem","position":2,"name":"NSK holdings"}]},{"@type":"WebSite","@id":"https:\/\/nsk.hr\/en\/#website","url":"https:\/\/nsk.hr\/en\/","name":"Nacionalna i sveu\u010dili\u0161na knji\u017enica u Zagrebu","description":"","potentialAction":[{"@type":"SearchAction","target":{"@type":"EntryPoint","urlTemplate":"https:\/\/nsk.hr\/en\/?s={search_term_string}"},"query-input":{"@type":"PropertyValueSpecification","valueRequired":true,"valueName":"search_term_string"}}],"inLanguage":"en-US"}]}},"_links":{"self":[{"href":"https:\/\/nsk.hr\/en\/wp-json\/wp\/v2\/pages\/85571","targetHints":{"allow":["GET"]}}],"collection":[{"href":"https:\/\/nsk.hr\/en\/wp-json\/wp\/v2\/pages"}],"about":[{"href":"https:\/\/nsk.hr\/en\/wp-json\/wp\/v2\/types\/page"}],"author":[{"embeddable":true,"href":"https:\/\/nsk.hr\/en\/wp-json\/wp\/v2\/users\/11"}],"replies":[{"embeddable":true,"href":"https:\/\/nsk.hr\/en\/wp-json\/wp\/v2\/comments?post=85571"}],"version-history":[{"count":5,"href":"https:\/\/nsk.hr\/en\/wp-json\/wp\/v2\/pages\/85571\/revisions"}],"predecessor-version":[{"id":95582,"href":"https:\/\/nsk.hr\/en\/wp-json\/wp\/v2\/pages\/85571\/revisions\/95582"}],"wp:featuredmedia":[{"embeddable":true,"href":"https:\/\/nsk.hr\/en\/wp-json\/wp\/v2\/media\/86340"}],"wp:attachment":[{"href":"https:\/\/nsk.hr\/en\/wp-json\/wp\/v2\/media?parent=85571"}],"curies":[{"name":"wp","href":"https:\/\/api.w.org\/{rel}","templated":true}]}}