{"id":85565,"date":"2023-09-28T16:33:48","date_gmt":"2023-09-28T14:33:48","guid":{"rendered":"https:\/\/nsk.hr\/?page_id=85565"},"modified":"2024-10-11T14:40:31","modified_gmt":"2024-10-11T12:40:31","slug":"nsk-history","status":"publish","type":"page","link":"https:\/\/nsk.hr\/en\/nsk-history\/","title":{"rendered":"NSK history"},"content":{"rendered":"\n<p class=\"is-style-lead\">The history of NSK, the National and University Library in Zagreb, Croatia\u2019s largest library, spans more than four centuries. From its beginnings as the library of the Jesuit grammar school in the Upper Town of Zagreb to its current, modern&nbsp;<a href=\"https:\/\/www.google.com\/maps\/place\/National+and+University+Library+in+Zagreb\/@45.7966353,15.9749775,17z\/data=!3m1!4b1!4m6!3m5!1s0x4765d65fa6cb73d1:0x32587323e6810e41!8m2!3d45.7966353!4d15.9775578!16s%2Fm%2F03ccj49?entry=ttu\">location<\/a>&nbsp;and role, NSK has been systematically developing its <a href=\"https:\/\/nsk.hr\/en\/nsk-collections\/\">collections<\/a> and strengthening its position in Croatia\u2019s society.<\/p>\n\n\n\n<p>Today, NSK is one of Croatia\u2019s major cultural and research institutions and the central point of the Croatian national library system.<\/p>\n\n\n\n<figure class=\"wp-block-image size-large\"><img decoding=\"async\" width=\"1024\" height=\"649\" data-src=\"https:\/\/nsk.hr\/wp-content\/uploads\/2023\/11\/Sveucilisna_Citaonica-casopisa-1-1024x649.png\" alt=\"Part of the old building of the National and University Library in Zagreb.\" class=\"wp-image-85566 lazyload\" data-srcset=\"https:\/\/nsk.hr\/wp-content\/uploads\/2023\/11\/Sveucilisna_Citaonica-casopisa-1-1024x649.png 1024w, https:\/\/nsk.hr\/wp-content\/uploads\/2023\/11\/Sveucilisna_Citaonica-casopisa-1-300x190.png 300w, https:\/\/nsk.hr\/wp-content\/uploads\/2023\/11\/Sveucilisna_Citaonica-casopisa-1-768x487.png 768w, https:\/\/nsk.hr\/wp-content\/uploads\/2023\/11\/Sveucilisna_Citaonica-casopisa-1.png 1449w\" data-sizes=\"(max-width: 1024px) 100vw, 1024px\" src=\"data:image\/svg+xml;base64,PHN2ZyB3aWR0aD0iMSIgaGVpZ2h0PSIxIiB4bWxucz0iaHR0cDovL3d3dy53My5vcmcvMjAwMC9zdmciPjwvc3ZnPg==\" style=\"--smush-placeholder-width: 1024px; --smush-placeholder-aspect-ratio: 1024\/649;\" \/><\/figure>\n\n\n\n<h2 class=\"wp-block-heading\"><strong>1607<\/strong><\/h2>\n\n\n\n<p>Arrival in&nbsp;<a href=\"https:\/\/www.infozagreb.hr\/en\/\">Zagreb<\/a>, Croatia\u2019s capital, of the Jesuit order and the establishment of the Jesuit grammar school with an accompanying library<\/p>\n\n\n\n<h2 class=\"wp-block-heading\"><strong>1669<\/strong><\/h2>\n\n\n\n<p>By the Charter of King Leopold I, the Jesuit grammar school acquires the status of the Academy and becomes&nbsp;<em>Academia Zagrabiensis<\/em>, the forerunner of today\u2019s&nbsp;<a href=\"http:\/\/www.unizg.hr\/homepage\/\">University of Zagreb<\/a>, which today celebrates its Day on 3 November, commemorating the 1671 validation of its status as a university by the <a href=\"https:\/\/www.sabor.hr\/en\">Croatian Parliament<\/a><\/p>\n\n\n\n<h2 class=\"wp-block-heading\"><strong>1776<\/strong><\/h2>\n\n\n\n<p>After the disbanding of the Jesuit order,&nbsp;<em>Academia Zagrabiensis<\/em>&nbsp;continues with its provisional activities until 1776, when it becomes&nbsp;<a>the Royal Zagreb Academy of Sciences&nbsp;<\/a>(<em>Regia scientiarium academia Zagrabiensis<\/em>) and the former Jesuit library is made the new Academy\u2019s integral part<\/p>\n\n\n\n<h2 class=\"wp-block-heading\"><strong>1777<\/strong><\/h2>\n\n\n\n<p>The Royal Zagreb Academy library receives and extensive collection of historical material including 757 book volumes and 50 manuscripts by bequest from clergyman Adam Baltazar Kr\u010deli\u0107, who stipulates in his deed of gift that the donated material must be made available to the public<\/p>\n\n\n\n<h2 class=\"wp-block-heading\"><strong>1816<\/strong><\/h2>\n\n\n\n<p>The library significantly grows in national and public importance through the introduction of legal deposit regulations, entitling it to a free copy of all publications of the University of Pest<\/p>\n\n\n\n<h2 class=\"wp-block-heading\"><strong>1837<\/strong><\/h2>\n\n\n\n<p>Legal deposit regulations start applying to the entire territory of Croatia and Slavonia<\/p>\n\n\n\n<p>Antun Kukuljevi\u0107, who acted as the head of all schools in Croatia, changes the library\u2019s name into&nbsp;<em>Nationalis Academica Bibliotheca<\/em>, thus adding to its role as the Zagreb Academy\u2019s library that of the national library, in which dual capacity the library has been operating to the present day<\/p>\n\n\n\n<h2 class=\"wp-block-heading\"><strong>1874<\/strong><\/h2>\n\n\n\n<p>Following the discontinuation of the Royal Zagreb Academy of Sciences\u2019 work and the founding of the Franz Joseph I Royal University in Zagreb, the library becomes part of the University, continuing to act in its capacity as a national library<\/p>\n\n\n\n<h2 class=\"wp-block-heading\"><strong>1913<\/strong><\/h2>\n\n\n\n<p>With over 125,000 volumes, the library moves from the present-day building of the University of Zagreb into an art nouveau architectural masterpiece in Zagreb\u2019s Marko Maruli\u0107 square \u2013 designed by Rudolf Lubynski, it was the first building in Croatia, but also in this part of Europe, built specifically to house a national library<\/p>\n\n\n\n<figure class=\"wp-block-image size-full\"><img decoding=\"async\" width=\"1024\" height=\"770\" data-src=\"https:\/\/nsk.hr\/wp-content\/uploads\/2023\/11\/NSK-old-building.webp\" alt=\"Old building of NSK, the National and University Library in Zagreb.\" class=\"wp-image-85568 lazyload\" data-srcset=\"https:\/\/nsk.hr\/wp-content\/uploads\/2023\/11\/NSK-old-building.webp 1024w, https:\/\/nsk.hr\/wp-content\/uploads\/2023\/11\/NSK-old-building-300x226.webp 300w, https:\/\/nsk.hr\/wp-content\/uploads\/2023\/11\/NSK-old-building-768x578.webp 768w\" data-sizes=\"(max-width: 1024px) 100vw, 1024px\" src=\"data:image\/svg+xml;base64,PHN2ZyB3aWR0aD0iMSIgaGVpZ2h0PSIxIiB4bWxucz0iaHR0cDovL3d3dy53My5vcmcvMjAwMC9zdmciPjwvc3ZnPg==\" style=\"--smush-placeholder-width: 1024px; --smush-placeholder-aspect-ratio: 1024\/770;\" \/><\/figure>\n\n\n\n<h2 class=\"wp-block-heading\"><strong>1988<\/strong><\/h2>\n\n\n\n<p>The laying of the foundation stone of the library\u2019s new building, made necessary by the rapid growth of the library\u2019s collection, whose nearly 2 million items at the time greatly exceeded the capacity of the library\u2019s building in Marko Maruli\u0107 square, designed to house 500,000 volumes<\/p>\n\n\n\n<h2 class=\"wp-block-heading\"><strong>1995<\/strong><\/h2>\n\n\n\n<p>The opening of the library\u2019s current building, designed by Marijan Hr\u017ei\u0107, Davor Mance, Zvonimir Krznari\u0107 and Velimir Neidhardt, the so-called \u201cglass cube\u201d, as the library is frequently referred to in architectural terms, on 28 May, as part of the celebrations of the fifth anniversary of Croatia\u2019s independence<\/p>\n\n\n\n<figure class=\"wp-block-image size-large\"><img decoding=\"async\" width=\"1024\" height=\"735\" data-src=\"https:\/\/nsk.hr\/wp-content\/uploads\/2023\/11\/fabijanicNSK_0004-1024x735.jpg\" alt=\"The building of the National and University Library in Zagreb.\" class=\"wp-image-85280 lazyload\" data-srcset=\"https:\/\/nsk.hr\/wp-content\/uploads\/2023\/11\/fabijanicNSK_0004-1024x735.jpg 1024w, https:\/\/nsk.hr\/wp-content\/uploads\/2023\/11\/fabijanicNSK_0004-300x215.jpg 300w, https:\/\/nsk.hr\/wp-content\/uploads\/2023\/11\/fabijanicNSK_0004-768x551.jpg 768w, https:\/\/nsk.hr\/wp-content\/uploads\/2023\/11\/fabijanicNSK_0004-1536x1103.jpg 1536w, https:\/\/nsk.hr\/wp-content\/uploads\/2023\/11\/fabijanicNSK_0004-2048x1470.jpg 2048w, https:\/\/nsk.hr\/wp-content\/uploads\/2023\/11\/fabijanicNSK_0004-1505x1080.jpg 1505w, https:\/\/nsk.hr\/wp-content\/uploads\/2023\/11\/fabijanicNSK_0004-scaled.jpg 1920w\" data-sizes=\"(max-width: 1024px) 100vw, 1024px\" src=\"data:image\/svg+xml;base64,PHN2ZyB3aWR0aD0iMSIgaGVpZ2h0PSIxIiB4bWxucz0iaHR0cDovL3d3dy53My5vcmcvMjAwMC9zdmciPjwvc3ZnPg==\" style=\"--smush-placeholder-width: 1024px; --smush-placeholder-aspect-ratio: 1024\/735;\" \/><\/figure>\n\n\n\n<h2 class=\"wp-block-heading\"><strong>2019<\/strong><\/h2>\n\n\n\n<p>Owing to the library\u2019s having being made the seat of&nbsp;<a href=\"https:\/\/eu2020.hr\/Home\/Custom?code=NSK\">Croatia\u2019s 2020 presidency of the Council of the European Union<\/a>, one third of the library\u2019s building left unfinished since 1995 is finally completed, making the library\u2019s entire premises ready to be used in fulfilling the library\u2019s tasks<\/p>\n","protected":false},"excerpt":{"rendered":"<p>The history of NSK, the National and University Library in Zagreb, Croatia\u2019s largest library, spans more than four centuries. From its beginnings as the&#8230;<\/p>\n","protected":false},"author":11,"featured_media":0,"parent":0,"menu_order":0,"comment_status":"closed","ping_status":"closed","template":"","meta":{"_acf_changed":false,"ngg_post_thumbnail":0,"footnotes":""},"class_list":["post-85565","page","type-page","status-publish","hentry"],"acf":[],"yoast_head":"<!-- This site is optimized with the Yoast SEO plugin v25.4 - https:\/\/yoast.com\/wordpress\/plugins\/seo\/ -->\n<title>NSK history - Nacionalna i sveu\u010dili\u0161na knji\u017enica u Zagrebu<\/title>\n<meta name=\"description\" content=\"The history of NSK, the National and University Library in Zagreb, spans more than four centuries.\" \/>\n<meta name=\"robots\" content=\"index, follow, max-snippet:-1, max-image-preview:large, max-video-preview:-1\" \/>\n<link rel=\"canonical\" href=\"https:\/\/nsk.hr\/en\/nsk-history\/\" \/>\n<meta property=\"og:locale\" content=\"en_US\" \/>\n<meta property=\"og:type\" content=\"article\" \/>\n<meta property=\"og:title\" content=\"NSK history - Nacionalna i sveu\u010dili\u0161na knji\u017enica u Zagrebu\" \/>\n<meta property=\"og:description\" content=\"The history of NSK, the National and University Library in Zagreb, spans more than four centuries.\" \/>\n<meta property=\"og:url\" content=\"https:\/\/nsk.hr\/en\/nsk-history\/\" \/>\n<meta property=\"og:site_name\" content=\"Nacionalna i sveu\u010dili\u0161na knji\u017enica u Zagrebu\" \/>\n<meta property=\"article:modified_time\" content=\"2024-10-11T12:40:31+00:00\" \/>\n<meta property=\"og:image\" content=\"https:\/\/nsk.hr\/wp-content\/uploads\/2023\/11\/Sveucilisna_Citaonica-casopisa-1-1024x649.png\" \/>\n<meta name=\"twitter:card\" content=\"summary_large_image\" \/>\n<meta name=\"twitter:label1\" content=\"Est. reading time\" \/>\n\t<meta name=\"twitter:data1\" content=\"4 minutes\" \/>\n<script type=\"application\/ld+json\" class=\"yoast-schema-graph\">{\"@context\":\"https:\/\/schema.org\",\"@graph\":[{\"@type\":\"WebPage\",\"@id\":\"https:\/\/nsk.hr\/en\/nsk-history\/\",\"url\":\"https:\/\/nsk.hr\/en\/nsk-history\/\",\"name\":\"NSK history - Nacionalna i sveu\u010dili\u0161na knji\u017enica u Zagrebu\",\"isPartOf\":{\"@id\":\"https:\/\/nsk.hr\/en\/#website\"},\"primaryImageOfPage\":{\"@id\":\"https:\/\/nsk.hr\/en\/nsk-history\/#primaryimage\"},\"image\":{\"@id\":\"https:\/\/nsk.hr\/en\/nsk-history\/#primaryimage\"},\"thumbnailUrl\":\"https:\/\/nsk.hr\/wp-content\/uploads\/2023\/11\/Sveucilisna_Citaonica-casopisa-1-1024x649.png\",\"datePublished\":\"2023-09-28T14:33:48+00:00\",\"dateModified\":\"2024-10-11T12:40:31+00:00\",\"description\":\"The history of NSK, the National and University Library in Zagreb, spans more than four centuries.\",\"breadcrumb\":{\"@id\":\"https:\/\/nsk.hr\/en\/nsk-history\/#breadcrumb\"},\"inLanguage\":\"en-US\",\"potentialAction\":[{\"@type\":\"ReadAction\",\"target\":[\"https:\/\/nsk.hr\/en\/nsk-history\/\"]}]},{\"@type\":\"ImageObject\",\"inLanguage\":\"en-US\",\"@id\":\"https:\/\/nsk.hr\/en\/nsk-history\/#primaryimage\",\"url\":\"https:\/\/nsk.hr\/wp-content\/uploads\/2023\/11\/Sveucilisna_Citaonica-casopisa-1-1024x649.png\",\"contentUrl\":\"https:\/\/nsk.hr\/wp-content\/uploads\/2023\/11\/Sveucilisna_Citaonica-casopisa-1-1024x649.png\"},{\"@type\":\"BreadcrumbList\",\"@id\":\"https:\/\/nsk.hr\/en\/nsk-history\/#breadcrumb\",\"itemListElement\":[{\"@type\":\"ListItem\",\"position\":1,\"name\":\"Homepage\",\"item\":\"https:\/\/nsk.hr\/en\/\"},{\"@type\":\"ListItem\",\"position\":2,\"name\":\"NSK history\"}]},{\"@type\":\"WebSite\",\"@id\":\"https:\/\/nsk.hr\/en\/#website\",\"url\":\"https:\/\/nsk.hr\/en\/\",\"name\":\"Nacionalna i sveu\u010dili\u0161na knji\u017enica u Zagrebu\",\"description\":\"\",\"potentialAction\":[{\"@type\":\"SearchAction\",\"target\":{\"@type\":\"EntryPoint\",\"urlTemplate\":\"https:\/\/nsk.hr\/en\/?s={search_term_string}\"},\"query-input\":{\"@type\":\"PropertyValueSpecification\",\"valueRequired\":true,\"valueName\":\"search_term_string\"}}],\"inLanguage\":\"en-US\"}]}<\/script>\n<!-- \/ Yoast SEO plugin. -->","yoast_head_json":{"title":"NSK history - Nacionalna i sveu\u010dili\u0161na knji\u017enica u Zagrebu","description":"The history of NSK, the National and University Library in Zagreb, spans more than four centuries.","robots":{"index":"index","follow":"follow","max-snippet":"max-snippet:-1","max-image-preview":"max-image-preview:large","max-video-preview":"max-video-preview:-1"},"canonical":"https:\/\/nsk.hr\/en\/nsk-history\/","og_locale":"en_US","og_type":"article","og_title":"NSK history - Nacionalna i sveu\u010dili\u0161na knji\u017enica u Zagrebu","og_description":"The history of NSK, the National and University Library in Zagreb, spans more than four centuries.","og_url":"https:\/\/nsk.hr\/en\/nsk-history\/","og_site_name":"Nacionalna i sveu\u010dili\u0161na knji\u017enica u Zagrebu","article_modified_time":"2024-10-11T12:40:31+00:00","og_image":[{"url":"https:\/\/nsk.hr\/wp-content\/uploads\/2023\/11\/Sveucilisna_Citaonica-casopisa-1-1024x649.png","type":"","width":"","height":""}],"twitter_card":"summary_large_image","twitter_misc":{"Est. reading time":"4 minutes"},"schema":{"@context":"https:\/\/schema.org","@graph":[{"@type":"WebPage","@id":"https:\/\/nsk.hr\/en\/nsk-history\/","url":"https:\/\/nsk.hr\/en\/nsk-history\/","name":"NSK history - Nacionalna i sveu\u010dili\u0161na knji\u017enica u Zagrebu","isPartOf":{"@id":"https:\/\/nsk.hr\/en\/#website"},"primaryImageOfPage":{"@id":"https:\/\/nsk.hr\/en\/nsk-history\/#primaryimage"},"image":{"@id":"https:\/\/nsk.hr\/en\/nsk-history\/#primaryimage"},"thumbnailUrl":"https:\/\/nsk.hr\/wp-content\/uploads\/2023\/11\/Sveucilisna_Citaonica-casopisa-1-1024x649.png","datePublished":"2023-09-28T14:33:48+00:00","dateModified":"2024-10-11T12:40:31+00:00","description":"The history of NSK, the National and University Library in Zagreb, spans more than four centuries.","breadcrumb":{"@id":"https:\/\/nsk.hr\/en\/nsk-history\/#breadcrumb"},"inLanguage":"en-US","potentialAction":[{"@type":"ReadAction","target":["https:\/\/nsk.hr\/en\/nsk-history\/"]}]},{"@type":"ImageObject","inLanguage":"en-US","@id":"https:\/\/nsk.hr\/en\/nsk-history\/#primaryimage","url":"https:\/\/nsk.hr\/wp-content\/uploads\/2023\/11\/Sveucilisna_Citaonica-casopisa-1-1024x649.png","contentUrl":"https:\/\/nsk.hr\/wp-content\/uploads\/2023\/11\/Sveucilisna_Citaonica-casopisa-1-1024x649.png"},{"@type":"BreadcrumbList","@id":"https:\/\/nsk.hr\/en\/nsk-history\/#breadcrumb","itemListElement":[{"@type":"ListItem","position":1,"name":"Homepage","item":"https:\/\/nsk.hr\/en\/"},{"@type":"ListItem","position":2,"name":"NSK history"}]},{"@type":"WebSite","@id":"https:\/\/nsk.hr\/en\/#website","url":"https:\/\/nsk.hr\/en\/","name":"Nacionalna i sveu\u010dili\u0161na knji\u017enica u Zagrebu","description":"","potentialAction":[{"@type":"SearchAction","target":{"@type":"EntryPoint","urlTemplate":"https:\/\/nsk.hr\/en\/?s={search_term_string}"},"query-input":{"@type":"PropertyValueSpecification","valueRequired":true,"valueName":"search_term_string"}}],"inLanguage":"en-US"}]}},"_links":{"self":[{"href":"https:\/\/nsk.hr\/en\/wp-json\/wp\/v2\/pages\/85565","targetHints":{"allow":["GET"]}}],"collection":[{"href":"https:\/\/nsk.hr\/en\/wp-json\/wp\/v2\/pages"}],"about":[{"href":"https:\/\/nsk.hr\/en\/wp-json\/wp\/v2\/types\/page"}],"author":[{"embeddable":true,"href":"https:\/\/nsk.hr\/en\/wp-json\/wp\/v2\/users\/11"}],"replies":[{"embeddable":true,"href":"https:\/\/nsk.hr\/en\/wp-json\/wp\/v2\/comments?post=85565"}],"version-history":[{"count":5,"href":"https:\/\/nsk.hr\/en\/wp-json\/wp\/v2\/pages\/85565\/revisions"}],"predecessor-version":[{"id":92866,"href":"https:\/\/nsk.hr\/en\/wp-json\/wp\/v2\/pages\/85565\/revisions\/92866"}],"wp:attachment":[{"href":"https:\/\/nsk.hr\/en\/wp-json\/wp\/v2\/media?parent=85565"}],"curies":[{"name":"wp","href":"https:\/\/api.w.org\/{rel}","templated":true}]}}