{"id":85312,"date":"2023-09-30T09:41:58","date_gmt":"2023-09-30T07:41:58","guid":{"rendered":"https:\/\/nsk.hr\/?page_id=85312"},"modified":"2025-09-22T12:11:40","modified_gmt":"2025-09-22T10:11:40","slug":"guided-tours","status":"publish","type":"page","link":"https:\/\/nsk.hr\/en\/guided-tours\/","title":{"rendered":"Guided tours"},"content":{"rendered":"\n<p class=\"is-style-lead\">Visit NSK, the National and University Library in Zagreb, and make a guided tour of Croatia\u2019s largest library, boasting a total floor area of 44,432 sq metres and more than 130 kilometres of shelving.<\/p>\n\n\n\n<figure class=\"wp-block-image size-large\"><img decoding=\"async\" width=\"1024\" height=\"770\" data-src=\"https:\/\/nsk.hr\/wp-content\/uploads\/2023\/11\/NSKWeb_Guided-tours--1024x770.png\" alt=\"Member of the NSK Information Centre giving a group of visitors a guided tour of NSK, the National and University Library in Zagreb. \" class=\"wp-image-85295 lazyload\" data-srcset=\"https:\/\/nsk.hr\/wp-content\/uploads\/2023\/11\/NSKWeb_Guided-tours--1024x770.png 1024w, https:\/\/nsk.hr\/wp-content\/uploads\/2023\/11\/NSKWeb_Guided-tours--300x226.png 300w, https:\/\/nsk.hr\/wp-content\/uploads\/2023\/11\/NSKWeb_Guided-tours--768x578.png 768w, https:\/\/nsk.hr\/wp-content\/uploads\/2023\/11\/NSKWeb_Guided-tours--1536x1155.png 1536w, https:\/\/nsk.hr\/wp-content\/uploads\/2023\/11\/NSKWeb_Guided-tours--1436x1080.png 1436w, https:\/\/nsk.hr\/wp-content\/uploads\/2023\/11\/NSKWeb_Guided-tours-.png 1648w\" data-sizes=\"(max-width: 1024px) 100vw, 1024px\" src=\"data:image\/svg+xml;base64,PHN2ZyB3aWR0aD0iMSIgaGVpZ2h0PSIxIiB4bWxucz0iaHR0cDovL3d3dy53My5vcmcvMjAwMC9zdmciPjwvc3ZnPg==\" style=\"--smush-placeholder-width: 1024px; --smush-placeholder-aspect-ratio: 1024\/770;\" \/><\/figure>\n\n\n\n<p>Apart from seeing the Library\u2019s impressive spaces, you will be able to learn about its rich history and invaluable&nbsp;<a href=\"https:\/\/nsk.hr\/en\/nsk-collections\/\">collections<\/a>, which we have been assembling, preserving, curating and making available for&nbsp;<a href=\"https:\/\/nsk.hr\/en\/nsk-history\/\">over 4 centuries<\/a>.&nbsp;&nbsp;<\/p>\n\n\n\n<p>You can visit NSK from Monday to Friday between 9.00 and 16.00, by appointment only.&nbsp;<\/p>\n\n\n\n<h2 class=\"wp-block-heading\"><strong>Book your tour<\/strong><\/h2>\n\n\n\n<p>To book a tour and for all other details regarding visits to the Library and guided tours, please email the NSK Information Centre at\u00a0<a href=\"mailto:informacijski.centar@nsk.hr\">informacijski.centar@nsk.hr<\/a>\u00a0or contact it by telephone on +385 1 6164 040 and +385 1 6164 002.<\/p>\n","protected":false},"excerpt":{"rendered":"<p>Visit NSK, the National and University Library in Zagreb, and make a guided tour of Croatia\u2019s largest library, boasting a total floor area of&#8230;<\/p>\n","protected":false},"author":11,"featured_media":80757,"parent":0,"menu_order":0,"comment_status":"closed","ping_status":"closed","template":"","meta":{"_acf_changed":false,"ngg_post_thumbnail":0,"footnotes":""},"class_list":["post-85312","page","type-page","status-publish","has-post-thumbnail","hentry"],"acf":[],"yoast_head":"<!-- This site is optimized with the Yoast SEO plugin v25.4 - https:\/\/yoast.com\/wordpress\/plugins\/seo\/ -->\n<title>Guided tours - Nacionalna i sveu\u010dili\u0161na knji\u017enica u Zagrebu<\/title>\n<meta name=\"description\" content=\"Book a guided tour of NSK, the National and University Library in Zagreb, boasting a total floor area of 44,432 sq metres, more than 130 kilometres of shelving and specially curated library collections holding the greatest treasures of Croatia\u2019s cultural heritage.\" \/>\n<meta name=\"robots\" content=\"index, follow, max-snippet:-1, max-image-preview:large, max-video-preview:-1\" \/>\n<link rel=\"canonical\" href=\"https:\/\/nsk.hr\/en\/guided-tours\/\" \/>\n<meta property=\"og:locale\" content=\"en_US\" \/>\n<meta property=\"og:type\" content=\"article\" \/>\n<meta property=\"og:title\" content=\"Guided tours - Nacionalna i sveu\u010dili\u0161na knji\u017enica u Zagrebu\" \/>\n<meta property=\"og:description\" content=\"Book a guided tour of NSK, the National and University Library in Zagreb, boasting a total floor area of 44,432 sq metres, more than 130 kilometres of shelving and specially curated library collections holding the greatest treasures of Croatia\u2019s cultural heritage.\" \/>\n<meta property=\"og:url\" content=\"https:\/\/nsk.hr\/en\/guided-tours\/\" \/>\n<meta property=\"og:site_name\" content=\"Nacionalna i sveu\u010dili\u0161na knji\u017enica u Zagrebu\" \/>\n<meta property=\"article:modified_time\" content=\"2025-09-22T10:11:40+00:00\" \/>\n<meta property=\"og:image\" content=\"https:\/\/nsk.hr\/wp-content\/uploads\/2023\/09\/HERO-ver-1-scaled.jpg\" \/>\n\t<meta property=\"og:image:width\" content=\"1920\" \/>\n\t<meta property=\"og:image:height\" content=\"1378\" \/>\n\t<meta property=\"og:image:type\" content=\"image\/jpeg\" \/>\n<meta name=\"twitter:card\" content=\"summary_large_image\" \/>\n<meta name=\"twitter:label1\" content=\"Est. reading time\" \/>\n\t<meta name=\"twitter:data1\" content=\"1 minute\" \/>\n<script type=\"application\/ld+json\" class=\"yoast-schema-graph\">{\"@context\":\"https:\/\/schema.org\",\"@graph\":[{\"@type\":\"WebPage\",\"@id\":\"https:\/\/nsk.hr\/en\/guided-tours\/\",\"url\":\"https:\/\/nsk.hr\/en\/guided-tours\/\",\"name\":\"Guided tours - Nacionalna i sveu\u010dili\u0161na knji\u017enica u Zagrebu\",\"isPartOf\":{\"@id\":\"https:\/\/nsk.hr\/en\/#website\"},\"primaryImageOfPage\":{\"@id\":\"https:\/\/nsk.hr\/en\/guided-tours\/#primaryimage\"},\"image\":{\"@id\":\"https:\/\/nsk.hr\/en\/guided-tours\/#primaryimage\"},\"thumbnailUrl\":\"https:\/\/nsk.hr\/wp-content\/uploads\/2023\/09\/HERO-ver-1-scaled.jpg\",\"datePublished\":\"2023-09-30T07:41:58+00:00\",\"dateModified\":\"2025-09-22T10:11:40+00:00\",\"description\":\"Book a guided tour of NSK, the National and University Library in Zagreb, boasting a total floor area of 44,432 sq metres, more than 130 kilometres of shelving and specially curated library collections holding the greatest treasures of Croatia\u2019s cultural heritage.\",\"breadcrumb\":{\"@id\":\"https:\/\/nsk.hr\/en\/guided-tours\/#breadcrumb\"},\"inLanguage\":\"en-US\",\"potentialAction\":[{\"@type\":\"ReadAction\",\"target\":[\"https:\/\/nsk.hr\/en\/guided-tours\/\"]}]},{\"@type\":\"ImageObject\",\"inLanguage\":\"en-US\",\"@id\":\"https:\/\/nsk.hr\/en\/guided-tours\/#primaryimage\",\"url\":\"https:\/\/nsk.hr\/wp-content\/uploads\/2023\/09\/HERO-ver-1-scaled.jpg\",\"contentUrl\":\"https:\/\/nsk.hr\/wp-content\/uploads\/2023\/09\/HERO-ver-1-scaled.jpg\",\"width\":1920,\"height\":1378},{\"@type\":\"BreadcrumbList\",\"@id\":\"https:\/\/nsk.hr\/en\/guided-tours\/#breadcrumb\",\"itemListElement\":[{\"@type\":\"ListItem\",\"position\":1,\"name\":\"Homepage\",\"item\":\"https:\/\/nsk.hr\/en\/\"},{\"@type\":\"ListItem\",\"position\":2,\"name\":\"Guided tours\"}]},{\"@type\":\"WebSite\",\"@id\":\"https:\/\/nsk.hr\/en\/#website\",\"url\":\"https:\/\/nsk.hr\/en\/\",\"name\":\"Nacionalna i sveu\u010dili\u0161na knji\u017enica u Zagrebu\",\"description\":\"\",\"potentialAction\":[{\"@type\":\"SearchAction\",\"target\":{\"@type\":\"EntryPoint\",\"urlTemplate\":\"https:\/\/nsk.hr\/en\/?s={search_term_string}\"},\"query-input\":{\"@type\":\"PropertyValueSpecification\",\"valueRequired\":true,\"valueName\":\"search_term_string\"}}],\"inLanguage\":\"en-US\"}]}<\/script>\n<!-- \/ Yoast SEO plugin. -->","yoast_head_json":{"title":"Guided tours - Nacionalna i sveu\u010dili\u0161na knji\u017enica u Zagrebu","description":"Book a guided tour of NSK, the National and University Library in Zagreb, boasting a total floor area of 44,432 sq metres, more than 130 kilometres of shelving and specially curated library collections holding the greatest treasures of Croatia\u2019s cultural heritage.","robots":{"index":"index","follow":"follow","max-snippet":"max-snippet:-1","max-image-preview":"max-image-preview:large","max-video-preview":"max-video-preview:-1"},"canonical":"https:\/\/nsk.hr\/en\/guided-tours\/","og_locale":"en_US","og_type":"article","og_title":"Guided tours - Nacionalna i sveu\u010dili\u0161na knji\u017enica u Zagrebu","og_description":"Book a guided tour of NSK, the National and University Library in Zagreb, boasting a total floor area of 44,432 sq metres, more than 130 kilometres of shelving and specially curated library collections holding the greatest treasures of Croatia\u2019s cultural heritage.","og_url":"https:\/\/nsk.hr\/en\/guided-tours\/","og_site_name":"Nacionalna i sveu\u010dili\u0161na knji\u017enica u Zagrebu","article_modified_time":"2025-09-22T10:11:40+00:00","og_image":[{"width":1920,"height":1378,"url":"https:\/\/nsk.hr\/wp-content\/uploads\/2023\/09\/HERO-ver-1-scaled.jpg","type":"image\/jpeg"}],"twitter_card":"summary_large_image","twitter_misc":{"Est. reading time":"1 minute"},"schema":{"@context":"https:\/\/schema.org","@graph":[{"@type":"WebPage","@id":"https:\/\/nsk.hr\/en\/guided-tours\/","url":"https:\/\/nsk.hr\/en\/guided-tours\/","name":"Guided tours - Nacionalna i sveu\u010dili\u0161na knji\u017enica u Zagrebu","isPartOf":{"@id":"https:\/\/nsk.hr\/en\/#website"},"primaryImageOfPage":{"@id":"https:\/\/nsk.hr\/en\/guided-tours\/#primaryimage"},"image":{"@id":"https:\/\/nsk.hr\/en\/guided-tours\/#primaryimage"},"thumbnailUrl":"https:\/\/nsk.hr\/wp-content\/uploads\/2023\/09\/HERO-ver-1-scaled.jpg","datePublished":"2023-09-30T07:41:58+00:00","dateModified":"2025-09-22T10:11:40+00:00","description":"Book a guided tour of NSK, the National and University Library in Zagreb, boasting a total floor area of 44,432 sq metres, more than 130 kilometres of shelving and specially curated library collections holding the greatest treasures of Croatia\u2019s cultural heritage.","breadcrumb":{"@id":"https:\/\/nsk.hr\/en\/guided-tours\/#breadcrumb"},"inLanguage":"en-US","potentialAction":[{"@type":"ReadAction","target":["https:\/\/nsk.hr\/en\/guided-tours\/"]}]},{"@type":"ImageObject","inLanguage":"en-US","@id":"https:\/\/nsk.hr\/en\/guided-tours\/#primaryimage","url":"https:\/\/nsk.hr\/wp-content\/uploads\/2023\/09\/HERO-ver-1-scaled.jpg","contentUrl":"https:\/\/nsk.hr\/wp-content\/uploads\/2023\/09\/HERO-ver-1-scaled.jpg","width":1920,"height":1378},{"@type":"BreadcrumbList","@id":"https:\/\/nsk.hr\/en\/guided-tours\/#breadcrumb","itemListElement":[{"@type":"ListItem","position":1,"name":"Homepage","item":"https:\/\/nsk.hr\/en\/"},{"@type":"ListItem","position":2,"name":"Guided tours"}]},{"@type":"WebSite","@id":"https:\/\/nsk.hr\/en\/#website","url":"https:\/\/nsk.hr\/en\/","name":"Nacionalna i sveu\u010dili\u0161na knji\u017enica u Zagrebu","description":"","potentialAction":[{"@type":"SearchAction","target":{"@type":"EntryPoint","urlTemplate":"https:\/\/nsk.hr\/en\/?s={search_term_string}"},"query-input":{"@type":"PropertyValueSpecification","valueRequired":true,"valueName":"search_term_string"}}],"inLanguage":"en-US"}]}},"_links":{"self":[{"href":"https:\/\/nsk.hr\/en\/wp-json\/wp\/v2\/pages\/85312","targetHints":{"allow":["GET"]}}],"collection":[{"href":"https:\/\/nsk.hr\/en\/wp-json\/wp\/v2\/pages"}],"about":[{"href":"https:\/\/nsk.hr\/en\/wp-json\/wp\/v2\/types\/page"}],"author":[{"embeddable":true,"href":"https:\/\/nsk.hr\/en\/wp-json\/wp\/v2\/users\/11"}],"replies":[{"embeddable":true,"href":"https:\/\/nsk.hr\/en\/wp-json\/wp\/v2\/comments?post=85312"}],"version-history":[{"count":2,"href":"https:\/\/nsk.hr\/en\/wp-json\/wp\/v2\/pages\/85312\/revisions"}],"predecessor-version":[{"id":97763,"href":"https:\/\/nsk.hr\/en\/wp-json\/wp\/v2\/pages\/85312\/revisions\/97763"}],"wp:featuredmedia":[{"embeddable":true,"href":"https:\/\/nsk.hr\/en\/wp-json\/wp\/v2\/media\/80757"}],"wp:attachment":[{"href":"https:\/\/nsk.hr\/en\/wp-json\/wp\/v2\/media?parent=85312"}],"curies":[{"name":"wp","href":"https:\/\/api.w.org\/{rel}","templated":true}]}}