{"id":85290,"date":"2023-09-30T09:39:04","date_gmt":"2023-09-30T07:39:04","guid":{"rendered":"https:\/\/nsk.hr\/?page_id=85290"},"modified":"2025-02-26T13:13:56","modified_gmt":"2025-02-26T12:13:56","slug":"study-rooms","status":"publish","type":"page","link":"https:\/\/nsk.hr\/en\/study-rooms\/","title":{"rendered":"Study rooms"},"content":{"rendered":"<section  class=\"block-section richText alignment-left\">\n\t<div class=\"container\">\n\t\t<div class=\"acf-innerblocks-container\">\n\n<h2 class=\"wp-block-heading\"><\/h2>\n\n\n\n<p><\/p>\n\n<\/div>\n\t<\/div>\n<\/section>\n\n\n\n<p class=\"is-style-lead\">Apart from study spaces in our spacious reading rooms, ten study rooms located on Floor 4 are also available to our <a href=\"https:\/\/nsk.hr\/en\/nsk-membership\/\">registered members<\/a>.<\/p>\n\n\n\n<figure class=\"wp-block-image size-large\"><img decoding=\"async\" width=\"1024\" height=\"770\" data-src=\"https:\/\/nsk.hr\/wp-content\/uploads\/2023\/11\/NSKWeb_Study-rooms--1024x770.png\" alt=\"Member of the National and University Library in Zagreb using the Library\u2019s study room.\" class=\"wp-image-85291 lazyload\" data-srcset=\"https:\/\/nsk.hr\/wp-content\/uploads\/2023\/11\/NSKWeb_Study-rooms--1024x770.png 1024w, https:\/\/nsk.hr\/wp-content\/uploads\/2023\/11\/NSKWeb_Study-rooms--300x226.png 300w, https:\/\/nsk.hr\/wp-content\/uploads\/2023\/11\/NSKWeb_Study-rooms--768x578.png 768w, https:\/\/nsk.hr\/wp-content\/uploads\/2023\/11\/NSKWeb_Study-rooms--1536x1155.png 1536w, https:\/\/nsk.hr\/wp-content\/uploads\/2023\/11\/NSKWeb_Study-rooms--1436x1080.png 1436w, https:\/\/nsk.hr\/wp-content\/uploads\/2023\/11\/NSKWeb_Study-rooms-.png 1648w\" data-sizes=\"(max-width: 1024px) 100vw, 1024px\" src=\"data:image\/svg+xml;base64,PHN2ZyB3aWR0aD0iMSIgaGVpZ2h0PSIxIiB4bWxucz0iaHR0cDovL3d3dy53My5vcmcvMjAwMC9zdmciPjwvc3ZnPg==\" style=\"--smush-placeholder-width: 1024px; --smush-placeholder-aspect-ratio: 1024\/770;\" \/><\/figure>\n\n\n<section  class=\"block-section richText alignment-left\">\n\t<div class=\"container\">\n\t\t<div class=\"acf-innerblocks-container\">\n\n<p>NSK study rooms may be used by the following NSK members:<\/p>\n\n\n\n<ul class=\"wp-block-list\">\n<li>members of registered research project teams,&nbsp;&nbsp;&nbsp;&nbsp;<\/li>\n\n\n\n<li>the academic staff of the <a href=\"http:\/\/www.unizg.hr\/homepage\/\">University of Zagreb<\/a>,&nbsp;&nbsp;&nbsp;<\/li>\n\n\n\n<li>persons employed in the fields of science and culture, researchers, writers and journalists,&nbsp;<\/li>\n\n\n\n<li>postgraduate students,&nbsp;&nbsp;<\/li>\n\n\n\n<li>undergraduate students preparing a registered undergraduate dissertation.&nbsp;&nbsp;<\/li>\n<\/ul>\n\n<\/div>\n\t<\/div>\n<\/section>\n\n\n<section  class=\"block-section richText alignment-left\">\n\t<div class=\"container\">\n\t\t<div class=\"acf-innerblocks-container\">\n\n<p>The use of study rooms is charged per day according to <a href=\"https:\/\/nsk.hr\/wp-content\/uploads\/2025\/01\/NSK-Fees-and-Charges-2025.pdf\"><\/a><a href=\"https:\/\/nsk.hr\/wp-content\/uploads\/2025\/02\/NSK-Fees-and-Charges_2025-02-26.pdf\">NSK Fees and Charges<\/a>.<\/p>\n\n\n\n<p>For booking a study room and all related details please email the NSK Study Rooms Booking Service at <a href=\"mailto:citaonice.ppz@nsk.hr\">citaonice.ppz@nsk.hr<\/a> or contact it by telephone on +385 1 6164 065.&nbsp;&nbsp;<\/p>\n\n<\/div>\n\t<\/div>\n<\/section>\n","protected":false},"excerpt":{"rendered":"<p>Apart from study spaces in our spacious reading rooms, ten study rooms located on Floor 4 are also available to our registered members.<\/p>\n","protected":false},"author":11,"featured_media":0,"parent":0,"menu_order":0,"comment_status":"closed","ping_status":"closed","template":"","meta":{"_acf_changed":false,"ngg_post_thumbnail":0,"footnotes":""},"class_list":["post-85290","page","type-page","status-publish","hentry"],"acf":[],"yoast_head":"<!-- This site is optimized with the Yoast SEO plugin v25.4 - https:\/\/yoast.com\/wordpress\/plugins\/seo\/ -->\n<title>Study rooms - Nacionalna i sveu\u010dili\u0161na knji\u017enica u Zagrebu<\/title>\n<meta name=\"description\" content=\"Members of the National and University Library in Zagreb have at their disposal special study rooms.\" \/>\n<meta name=\"robots\" content=\"index, follow, max-snippet:-1, max-image-preview:large, max-video-preview:-1\" \/>\n<link rel=\"canonical\" href=\"https:\/\/nsk.hr\/en\/study-rooms\/\" \/>\n<meta property=\"og:locale\" content=\"en_US\" \/>\n<meta property=\"og:type\" content=\"article\" \/>\n<meta property=\"og:title\" content=\"Study rooms - Nacionalna i sveu\u010dili\u0161na knji\u017enica u Zagrebu\" \/>\n<meta property=\"og:description\" content=\"Members of the National and University Library in Zagreb have at their disposal special study rooms.\" \/>\n<meta property=\"og:url\" content=\"https:\/\/nsk.hr\/en\/study-rooms\/\" \/>\n<meta property=\"og:site_name\" content=\"Nacionalna i sveu\u010dili\u0161na knji\u017enica u Zagrebu\" \/>\n<meta property=\"article:modified_time\" content=\"2025-02-26T12:13:56+00:00\" \/>\n<meta property=\"og:image\" content=\"https:\/\/nsk.hr\/wp-content\/uploads\/2023\/11\/NSKWeb_Study-rooms--1024x770.png\" \/>\n\t<meta property=\"og:image:width\" content=\"1024\" \/>\n\t<meta property=\"og:image:height\" content=\"770\" \/>\n\t<meta property=\"og:image:type\" content=\"image\/png\" \/>\n<meta name=\"twitter:card\" content=\"summary_large_image\" \/>\n<meta name=\"twitter:label1\" content=\"Est. reading time\" \/>\n\t<meta name=\"twitter:data1\" content=\"1 minute\" \/>\n<script type=\"application\/ld+json\" class=\"yoast-schema-graph\">{\"@context\":\"https:\/\/schema.org\",\"@graph\":[{\"@type\":\"WebPage\",\"@id\":\"https:\/\/nsk.hr\/en\/study-rooms\/\",\"url\":\"https:\/\/nsk.hr\/en\/study-rooms\/\",\"name\":\"Study rooms - Nacionalna i sveu\u010dili\u0161na knji\u017enica u Zagrebu\",\"isPartOf\":{\"@id\":\"https:\/\/nsk.hr\/en\/#website\"},\"primaryImageOfPage\":{\"@id\":\"https:\/\/nsk.hr\/en\/study-rooms\/#primaryimage\"},\"image\":{\"@id\":\"https:\/\/nsk.hr\/en\/study-rooms\/#primaryimage\"},\"thumbnailUrl\":\"https:\/\/nsk.hr\/wp-content\/uploads\/2023\/11\/NSKWeb_Study-rooms--1024x770.png\",\"datePublished\":\"2023-09-30T07:39:04+00:00\",\"dateModified\":\"2025-02-26T12:13:56+00:00\",\"description\":\"Members of the National and University Library in Zagreb have at their disposal special study rooms.\",\"breadcrumb\":{\"@id\":\"https:\/\/nsk.hr\/en\/study-rooms\/#breadcrumb\"},\"inLanguage\":\"en-US\",\"potentialAction\":[{\"@type\":\"ReadAction\",\"target\":[\"https:\/\/nsk.hr\/en\/study-rooms\/\"]}]},{\"@type\":\"ImageObject\",\"inLanguage\":\"en-US\",\"@id\":\"https:\/\/nsk.hr\/en\/study-rooms\/#primaryimage\",\"url\":\"https:\/\/nsk.hr\/wp-content\/uploads\/2023\/11\/NSKWeb_Study-rooms--1024x770.png\",\"contentUrl\":\"https:\/\/nsk.hr\/wp-content\/uploads\/2023\/11\/NSKWeb_Study-rooms--1024x770.png\"},{\"@type\":\"BreadcrumbList\",\"@id\":\"https:\/\/nsk.hr\/en\/study-rooms\/#breadcrumb\",\"itemListElement\":[{\"@type\":\"ListItem\",\"position\":1,\"name\":\"Homepage\",\"item\":\"https:\/\/nsk.hr\/en\/\"},{\"@type\":\"ListItem\",\"position\":2,\"name\":\"Study rooms\"}]},{\"@type\":\"WebSite\",\"@id\":\"https:\/\/nsk.hr\/en\/#website\",\"url\":\"https:\/\/nsk.hr\/en\/\",\"name\":\"Nacionalna i sveu\u010dili\u0161na knji\u017enica u Zagrebu\",\"description\":\"\",\"potentialAction\":[{\"@type\":\"SearchAction\",\"target\":{\"@type\":\"EntryPoint\",\"urlTemplate\":\"https:\/\/nsk.hr\/en\/?s={search_term_string}\"},\"query-input\":{\"@type\":\"PropertyValueSpecification\",\"valueRequired\":true,\"valueName\":\"search_term_string\"}}],\"inLanguage\":\"en-US\"}]}<\/script>\n<!-- \/ Yoast SEO plugin. -->","yoast_head_json":{"title":"Study rooms - Nacionalna i sveu\u010dili\u0161na knji\u017enica u Zagrebu","description":"Members of the National and University Library in Zagreb have at their disposal special study rooms.","robots":{"index":"index","follow":"follow","max-snippet":"max-snippet:-1","max-image-preview":"max-image-preview:large","max-video-preview":"max-video-preview:-1"},"canonical":"https:\/\/nsk.hr\/en\/study-rooms\/","og_locale":"en_US","og_type":"article","og_title":"Study rooms - Nacionalna i sveu\u010dili\u0161na knji\u017enica u Zagrebu","og_description":"Members of the National and University Library in Zagreb have at their disposal special study rooms.","og_url":"https:\/\/nsk.hr\/en\/study-rooms\/","og_site_name":"Nacionalna i sveu\u010dili\u0161na knji\u017enica u Zagrebu","article_modified_time":"2025-02-26T12:13:56+00:00","og_image":[{"width":1024,"height":770,"url":"https:\/\/nsk.hr\/wp-content\/uploads\/2023\/11\/NSKWeb_Study-rooms--1024x770.png","type":"image\/png"}],"twitter_card":"summary_large_image","twitter_misc":{"Est. reading time":"1 minute"},"schema":{"@context":"https:\/\/schema.org","@graph":[{"@type":"WebPage","@id":"https:\/\/nsk.hr\/en\/study-rooms\/","url":"https:\/\/nsk.hr\/en\/study-rooms\/","name":"Study rooms - Nacionalna i sveu\u010dili\u0161na knji\u017enica u Zagrebu","isPartOf":{"@id":"https:\/\/nsk.hr\/en\/#website"},"primaryImageOfPage":{"@id":"https:\/\/nsk.hr\/en\/study-rooms\/#primaryimage"},"image":{"@id":"https:\/\/nsk.hr\/en\/study-rooms\/#primaryimage"},"thumbnailUrl":"https:\/\/nsk.hr\/wp-content\/uploads\/2023\/11\/NSKWeb_Study-rooms--1024x770.png","datePublished":"2023-09-30T07:39:04+00:00","dateModified":"2025-02-26T12:13:56+00:00","description":"Members of the National and University Library in Zagreb have at their disposal special study rooms.","breadcrumb":{"@id":"https:\/\/nsk.hr\/en\/study-rooms\/#breadcrumb"},"inLanguage":"en-US","potentialAction":[{"@type":"ReadAction","target":["https:\/\/nsk.hr\/en\/study-rooms\/"]}]},{"@type":"ImageObject","inLanguage":"en-US","@id":"https:\/\/nsk.hr\/en\/study-rooms\/#primaryimage","url":"https:\/\/nsk.hr\/wp-content\/uploads\/2023\/11\/NSKWeb_Study-rooms--1024x770.png","contentUrl":"https:\/\/nsk.hr\/wp-content\/uploads\/2023\/11\/NSKWeb_Study-rooms--1024x770.png"},{"@type":"BreadcrumbList","@id":"https:\/\/nsk.hr\/en\/study-rooms\/#breadcrumb","itemListElement":[{"@type":"ListItem","position":1,"name":"Homepage","item":"https:\/\/nsk.hr\/en\/"},{"@type":"ListItem","position":2,"name":"Study rooms"}]},{"@type":"WebSite","@id":"https:\/\/nsk.hr\/en\/#website","url":"https:\/\/nsk.hr\/en\/","name":"Nacionalna i sveu\u010dili\u0161na knji\u017enica u Zagrebu","description":"","potentialAction":[{"@type":"SearchAction","target":{"@type":"EntryPoint","urlTemplate":"https:\/\/nsk.hr\/en\/?s={search_term_string}"},"query-input":{"@type":"PropertyValueSpecification","valueRequired":true,"valueName":"search_term_string"}}],"inLanguage":"en-US"}]}},"_links":{"self":[{"href":"https:\/\/nsk.hr\/en\/wp-json\/wp\/v2\/pages\/85290","targetHints":{"allow":["GET"]}}],"collection":[{"href":"https:\/\/nsk.hr\/en\/wp-json\/wp\/v2\/pages"}],"about":[{"href":"https:\/\/nsk.hr\/en\/wp-json\/wp\/v2\/types\/page"}],"author":[{"embeddable":true,"href":"https:\/\/nsk.hr\/en\/wp-json\/wp\/v2\/users\/11"}],"replies":[{"embeddable":true,"href":"https:\/\/nsk.hr\/en\/wp-json\/wp\/v2\/comments?post=85290"}],"version-history":[{"count":3,"href":"https:\/\/nsk.hr\/en\/wp-json\/wp\/v2\/pages\/85290\/revisions"}],"predecessor-version":[{"id":95431,"href":"https:\/\/nsk.hr\/en\/wp-json\/wp\/v2\/pages\/85290\/revisions\/95431"}],"wp:attachment":[{"href":"https:\/\/nsk.hr\/en\/wp-json\/wp\/v2\/media?parent=85290"}],"curies":[{"name":"wp","href":"https:\/\/api.w.org\/{rel}","templated":true}]}}