{"id":85278,"date":"2023-09-30T09:08:39","date_gmt":"2023-09-30T07:08:39","guid":{"rendered":"https:\/\/nsk.hr\/?page_id=85278"},"modified":"2023-11-17T19:33:44","modified_gmt":"2023-11-17T18:33:44","slug":"how-to-get-to-nsk","status":"publish","type":"page","link":"https:\/\/nsk.hr\/en\/how-to-get-to-nsk\/","title":{"rendered":"How to get to NSK"},"content":{"rendered":"\n<p>NSK, the National and University Library in Zagreb, is located at the following address: <\/p>\n\n\n\n<p>Ulica Hrvatske bratske zajednice 4<\/p>\n\n\n\n<p>10 000 Zagreb Croatia (Hrvatska)<\/p>\n\n\n\n<figure class=\"wp-block-image size-large\"><a href=\"https:\/\/www.google.com\/maps\/dir\/National+and+University+Library+in+Zagreb,+Ul.+Hrvatske+bratske+zajednice+4,+10000,+Zagreb\/@45.7966353,15.9749775,17z\/data=!4m8!4m7!1m0!1m5!1m1!1s0x4765d65fa6cb73d1:0x32587323e6810e41!2m2!1d15.9775578!2d45.7966353?entry=ttu\"><img decoding=\"async\" width=\"1024\" height=\"735\" data-src=\"https:\/\/nsk.hr\/wp-content\/uploads\/2023\/11\/fabijanicNSK_0004-1024x735.jpg\" alt=\"The building of the National and University Library in Zagreb.\" class=\"wp-image-85279 lazyload\" data-srcset=\"https:\/\/nsk.hr\/wp-content\/uploads\/2023\/11\/fabijanicNSK_0004-1024x735.jpg 1024w, https:\/\/nsk.hr\/wp-content\/uploads\/2023\/11\/fabijanicNSK_0004-300x215.jpg 300w, https:\/\/nsk.hr\/wp-content\/uploads\/2023\/11\/fabijanicNSK_0004-768x551.jpg 768w, https:\/\/nsk.hr\/wp-content\/uploads\/2023\/11\/fabijanicNSK_0004-1536x1103.jpg 1536w, https:\/\/nsk.hr\/wp-content\/uploads\/2023\/11\/fabijanicNSK_0004-2048x1470.jpg 2048w, https:\/\/nsk.hr\/wp-content\/uploads\/2023\/11\/fabijanicNSK_0004-1505x1080.jpg 1505w, https:\/\/nsk.hr\/wp-content\/uploads\/2023\/11\/fabijanicNSK_0004-scaled.jpg 1728w\" data-sizes=\"(max-width: 1024px) 100vw, 1024px\" src=\"data:image\/svg+xml;base64,PHN2ZyB3aWR0aD0iMSIgaGVpZ2h0PSIxIiB4bWxucz0iaHR0cDovL3d3dy53My5vcmcvMjAwMC9zdmciPjwvc3ZnPg==\" style=\"--smush-placeholder-width: 1024px; --smush-placeholder-aspect-ratio: 1024\/735;\" \/><\/a><\/figure>\n\n\n\n<h2 class=\"wp-block-heading\">Ways to get to NSK:<\/h2>\n\n\n\n<ul class=\"wp-block-list\">\n<li>by <a href=\"https:\/\/www.zet.hr\/en\">public transport<\/a>:<ul><li>tram lines 3, 5, 13 (the \u201cMiramarska\u201d stop <a>when travelling from east to west<\/a>, the \u201cLisinski\u201d stop when travelling from west to east)<\/li><\/ul>\n<ul class=\"wp-block-list\">\n<li>bus lines 108, 166, 218, 219, 220, 221, 222, 229, 234, 241, 242, 243, 268, 281 (the \u201cNacionalna i sveu\u010dili\u0161na knji\u017enica\u201d stop when travelling from south to north), 108, 166, 218, 219, 220, 221, 229, 234, 241, 242, 243, 268, 281, 310, 311, 313 (the \u201cLisinski\u201d stop when travelling from north to south)<\/li>\n<\/ul>\n<\/li>\n\n\n\n<li>by train <ul><li>after getting off at the <a href=\"https:\/\/www.infozagreb.hr\/en\/travel-plan\/arrival\/by-train\">Zagreb Main Railway Station<\/a>, you can reach NSK by a pleasant 15-minute walk or by tram\/bus as specified above<\/li><\/ul><\/li>\n\n\n\n<li>by car (visit Google Maps for <a href=\"https:\/\/www.google.com\/maps\/dir\/National+and+University+Library+in+Zagreb,+Ul.+Hrvatske+bratske+zajednice+4,+10000,+Zagreb\/@45.7966353,15.9749775,17z\/data=!4m8!4m7!1m0!1m5!1m1!1s0x4765d65fa6cb73d1:0x32587323e6810e41!2m2!1d15.9775578!2d45.7966353?entry=ttu\">directions<\/a>)\n<ul class=\"wp-block-list\">\n<li>onsite parking is available for prices and on terms specified by <a href=\"https:\/\/www.zagrebparking.hr\/activities\/public-parking-lots\/parking-permits-types-and-prices\/hourly-parking-permit\/432\">ZagrebParking<\/a> and may be paid via ZgPark application, available for download on <a href=\"https:\/\/play.google.com\/store\/apps\/details?id=hr.sedamit.zgparking.production&amp;pli=1\">Google Play<\/a> and <a href=\"https:\/\/apps.apple.com\/hr\/app\/zgpark\/id1382704636\">App Store<\/a><\/li>\n<\/ul>\n<\/li>\n\n\n\n<li>by bicycle\n<ul class=\"wp-block-list\">\n<li>bicycle parking facilities are available in front of the Library\u2019s entrance<\/li>\n<\/ul>\n<\/li>\n\n\n\n<li>persons with disabilities may reach the Library\u2019s entrance by using a ramp on the right of the entrance<\/li>\n<\/ul>\n","protected":false},"excerpt":{"rendered":"<p>NSK, the National and University Library in Zagreb, is located at the following address: Ulica Hrvatske bratske zajednice 4 10 000 Zagreb Croatia (Hrvatska)&#8230;<\/p>\n","protected":false},"author":11,"featured_media":80757,"parent":0,"menu_order":0,"comment_status":"closed","ping_status":"closed","template":"","meta":{"_acf_changed":false,"ngg_post_thumbnail":0,"footnotes":""},"class_list":["post-85278","page","type-page","status-publish","has-post-thumbnail","hentry"],"acf":[],"yoast_head":"<!-- This site is optimized with the Yoast SEO plugin v25.4 - https:\/\/yoast.com\/wordpress\/plugins\/seo\/ -->\n<title>How to get to NSK - Nacionalna i sveu\u010dili\u0161na knji\u017enica u Zagrebu<\/title>\n<meta name=\"description\" content=\"NSK, the National and University Library in Zagreb, can be reached by public transport, train, car, bicycle and provides easy access for persons with disabilities.\" \/>\n<meta name=\"robots\" content=\"index, follow, max-snippet:-1, max-image-preview:large, max-video-preview:-1\" \/>\n<link rel=\"canonical\" href=\"https:\/\/nsk.hr\/en\/how-to-get-to-nsk\/\" \/>\n<meta property=\"og:locale\" content=\"en_US\" \/>\n<meta property=\"og:type\" content=\"article\" \/>\n<meta property=\"og:title\" content=\"How to get to NSK - Nacionalna i sveu\u010dili\u0161na knji\u017enica u Zagrebu\" \/>\n<meta property=\"og:description\" content=\"NSK, the National and University Library in Zagreb, can be reached by public transport, train, car, bicycle and provides easy access for persons with disabilities.\" \/>\n<meta property=\"og:url\" content=\"https:\/\/nsk.hr\/en\/how-to-get-to-nsk\/\" \/>\n<meta property=\"og:site_name\" content=\"Nacionalna i sveu\u010dili\u0161na knji\u017enica u Zagrebu\" \/>\n<meta property=\"article:modified_time\" content=\"2023-11-17T18:33:44+00:00\" \/>\n<meta property=\"og:image\" content=\"https:\/\/nsk.hr\/wp-content\/uploads\/2023\/09\/HERO-ver-1-scaled.jpg\" \/>\n\t<meta property=\"og:image:width\" content=\"1920\" \/>\n\t<meta property=\"og:image:height\" content=\"1378\" \/>\n\t<meta property=\"og:image:type\" content=\"image\/jpeg\" \/>\n<meta name=\"twitter:card\" content=\"summary_large_image\" \/>\n<meta name=\"twitter:label1\" content=\"Est. reading time\" \/>\n\t<meta name=\"twitter:data1\" content=\"2 minutes\" \/>\n<script type=\"application\/ld+json\" class=\"yoast-schema-graph\">{\"@context\":\"https:\/\/schema.org\",\"@graph\":[{\"@type\":\"WebPage\",\"@id\":\"https:\/\/nsk.hr\/en\/how-to-get-to-nsk\/\",\"url\":\"https:\/\/nsk.hr\/en\/how-to-get-to-nsk\/\",\"name\":\"How to get to NSK - Nacionalna i sveu\u010dili\u0161na knji\u017enica u Zagrebu\",\"isPartOf\":{\"@id\":\"https:\/\/nsk.hr\/en\/#website\"},\"primaryImageOfPage\":{\"@id\":\"https:\/\/nsk.hr\/en\/how-to-get-to-nsk\/#primaryimage\"},\"image\":{\"@id\":\"https:\/\/nsk.hr\/en\/how-to-get-to-nsk\/#primaryimage\"},\"thumbnailUrl\":\"https:\/\/nsk.hr\/wp-content\/uploads\/2023\/09\/HERO-ver-1-scaled.jpg\",\"datePublished\":\"2023-09-30T07:08:39+00:00\",\"dateModified\":\"2023-11-17T18:33:44+00:00\",\"description\":\"NSK, the National and University Library in Zagreb, can be reached by public transport, train, car, bicycle and provides easy access for persons with disabilities.\",\"breadcrumb\":{\"@id\":\"https:\/\/nsk.hr\/en\/how-to-get-to-nsk\/#breadcrumb\"},\"inLanguage\":\"en-US\",\"potentialAction\":[{\"@type\":\"ReadAction\",\"target\":[\"https:\/\/nsk.hr\/en\/how-to-get-to-nsk\/\"]}]},{\"@type\":\"ImageObject\",\"inLanguage\":\"en-US\",\"@id\":\"https:\/\/nsk.hr\/en\/how-to-get-to-nsk\/#primaryimage\",\"url\":\"https:\/\/nsk.hr\/wp-content\/uploads\/2023\/09\/HERO-ver-1-scaled.jpg\",\"contentUrl\":\"https:\/\/nsk.hr\/wp-content\/uploads\/2023\/09\/HERO-ver-1-scaled.jpg\",\"width\":1920,\"height\":1378},{\"@type\":\"BreadcrumbList\",\"@id\":\"https:\/\/nsk.hr\/en\/how-to-get-to-nsk\/#breadcrumb\",\"itemListElement\":[{\"@type\":\"ListItem\",\"position\":1,\"name\":\"Homepage\",\"item\":\"https:\/\/nsk.hr\/en\/\"},{\"@type\":\"ListItem\",\"position\":2,\"name\":\"How to get to NSK\"}]},{\"@type\":\"WebSite\",\"@id\":\"https:\/\/nsk.hr\/en\/#website\",\"url\":\"https:\/\/nsk.hr\/en\/\",\"name\":\"Nacionalna i sveu\u010dili\u0161na knji\u017enica u Zagrebu\",\"description\":\"\",\"potentialAction\":[{\"@type\":\"SearchAction\",\"target\":{\"@type\":\"EntryPoint\",\"urlTemplate\":\"https:\/\/nsk.hr\/en\/?s={search_term_string}\"},\"query-input\":{\"@type\":\"PropertyValueSpecification\",\"valueRequired\":true,\"valueName\":\"search_term_string\"}}],\"inLanguage\":\"en-US\"}]}<\/script>\n<!-- \/ Yoast SEO plugin. -->","yoast_head_json":{"title":"How to get to NSK - Nacionalna i sveu\u010dili\u0161na knji\u017enica u Zagrebu","description":"NSK, the National and University Library in Zagreb, can be reached by public transport, train, car, bicycle and provides easy access for persons with disabilities.","robots":{"index":"index","follow":"follow","max-snippet":"max-snippet:-1","max-image-preview":"max-image-preview:large","max-video-preview":"max-video-preview:-1"},"canonical":"https:\/\/nsk.hr\/en\/how-to-get-to-nsk\/","og_locale":"en_US","og_type":"article","og_title":"How to get to NSK - Nacionalna i sveu\u010dili\u0161na knji\u017enica u Zagrebu","og_description":"NSK, the National and University Library in Zagreb, can be reached by public transport, train, car, bicycle and provides easy access for persons with disabilities.","og_url":"https:\/\/nsk.hr\/en\/how-to-get-to-nsk\/","og_site_name":"Nacionalna i sveu\u010dili\u0161na knji\u017enica u Zagrebu","article_modified_time":"2023-11-17T18:33:44+00:00","og_image":[{"width":1920,"height":1378,"url":"https:\/\/nsk.hr\/wp-content\/uploads\/2023\/09\/HERO-ver-1-scaled.jpg","type":"image\/jpeg"}],"twitter_card":"summary_large_image","twitter_misc":{"Est. reading time":"2 minutes"},"schema":{"@context":"https:\/\/schema.org","@graph":[{"@type":"WebPage","@id":"https:\/\/nsk.hr\/en\/how-to-get-to-nsk\/","url":"https:\/\/nsk.hr\/en\/how-to-get-to-nsk\/","name":"How to get to NSK - Nacionalna i sveu\u010dili\u0161na knji\u017enica u Zagrebu","isPartOf":{"@id":"https:\/\/nsk.hr\/en\/#website"},"primaryImageOfPage":{"@id":"https:\/\/nsk.hr\/en\/how-to-get-to-nsk\/#primaryimage"},"image":{"@id":"https:\/\/nsk.hr\/en\/how-to-get-to-nsk\/#primaryimage"},"thumbnailUrl":"https:\/\/nsk.hr\/wp-content\/uploads\/2023\/09\/HERO-ver-1-scaled.jpg","datePublished":"2023-09-30T07:08:39+00:00","dateModified":"2023-11-17T18:33:44+00:00","description":"NSK, the National and University Library in Zagreb, can be reached by public transport, train, car, bicycle and provides easy access for persons with disabilities.","breadcrumb":{"@id":"https:\/\/nsk.hr\/en\/how-to-get-to-nsk\/#breadcrumb"},"inLanguage":"en-US","potentialAction":[{"@type":"ReadAction","target":["https:\/\/nsk.hr\/en\/how-to-get-to-nsk\/"]}]},{"@type":"ImageObject","inLanguage":"en-US","@id":"https:\/\/nsk.hr\/en\/how-to-get-to-nsk\/#primaryimage","url":"https:\/\/nsk.hr\/wp-content\/uploads\/2023\/09\/HERO-ver-1-scaled.jpg","contentUrl":"https:\/\/nsk.hr\/wp-content\/uploads\/2023\/09\/HERO-ver-1-scaled.jpg","width":1920,"height":1378},{"@type":"BreadcrumbList","@id":"https:\/\/nsk.hr\/en\/how-to-get-to-nsk\/#breadcrumb","itemListElement":[{"@type":"ListItem","position":1,"name":"Homepage","item":"https:\/\/nsk.hr\/en\/"},{"@type":"ListItem","position":2,"name":"How to get to NSK"}]},{"@type":"WebSite","@id":"https:\/\/nsk.hr\/en\/#website","url":"https:\/\/nsk.hr\/en\/","name":"Nacionalna i sveu\u010dili\u0161na knji\u017enica u Zagrebu","description":"","potentialAction":[{"@type":"SearchAction","target":{"@type":"EntryPoint","urlTemplate":"https:\/\/nsk.hr\/en\/?s={search_term_string}"},"query-input":{"@type":"PropertyValueSpecification","valueRequired":true,"valueName":"search_term_string"}}],"inLanguage":"en-US"}]}},"_links":{"self":[{"href":"https:\/\/nsk.hr\/en\/wp-json\/wp\/v2\/pages\/85278","targetHints":{"allow":["GET"]}}],"collection":[{"href":"https:\/\/nsk.hr\/en\/wp-json\/wp\/v2\/pages"}],"about":[{"href":"https:\/\/nsk.hr\/en\/wp-json\/wp\/v2\/types\/page"}],"author":[{"embeddable":true,"href":"https:\/\/nsk.hr\/en\/wp-json\/wp\/v2\/users\/11"}],"replies":[{"embeddable":true,"href":"https:\/\/nsk.hr\/en\/wp-json\/wp\/v2\/comments?post=85278"}],"version-history":[{"count":1,"href":"https:\/\/nsk.hr\/en\/wp-json\/wp\/v2\/pages\/85278\/revisions"}],"predecessor-version":[{"id":85281,"href":"https:\/\/nsk.hr\/en\/wp-json\/wp\/v2\/pages\/85278\/revisions\/85281"}],"wp:featuredmedia":[{"embeddable":true,"href":"https:\/\/nsk.hr\/en\/wp-json\/wp\/v2\/media\/80757"}],"wp:attachment":[{"href":"https:\/\/nsk.hr\/en\/wp-json\/wp\/v2\/media?parent=85278"}],"curies":[{"name":"wp","href":"https:\/\/api.w.org\/{rel}","templated":true}]}}