{"id":85274,"date":"2023-09-30T08:56:09","date_gmt":"2023-09-30T06:56:09","guid":{"rendered":"https:\/\/nsk.hr\/?page_id=85274"},"modified":"2023-12-15T10:05:38","modified_gmt":"2023-12-15T09:05:38","slug":"jobs-and-opportunities","status":"publish","type":"page","link":"https:\/\/nsk.hr\/en\/jobs-and-opportunities\/","title":{"rendered":"Jobs and opportunities"},"content":{"rendered":"\n<p class=\"is-style-lead\">Join NSK, the National and University Library in Zagreb!<\/p>\n\n\n\n<figure class=\"wp-block-image size-large\"><img decoding=\"async\" width=\"1024\" height=\"770\" data-src=\"https:\/\/nsk.hr\/wp-content\/uploads\/2023\/11\/NSKWeb_Jobs-and-opportunities-1024x770.png\" alt=\"Members of the staff of the National and University Library in Zagreb at various activities.\" class=\"wp-image-85275 lazyload\" data-srcset=\"https:\/\/nsk.hr\/wp-content\/uploads\/2023\/11\/NSKWeb_Jobs-and-opportunities-1024x770.png 1024w, https:\/\/nsk.hr\/wp-content\/uploads\/2023\/11\/NSKWeb_Jobs-and-opportunities-300x226.png 300w, https:\/\/nsk.hr\/wp-content\/uploads\/2023\/11\/NSKWeb_Jobs-and-opportunities-768x578.png 768w, https:\/\/nsk.hr\/wp-content\/uploads\/2023\/11\/NSKWeb_Jobs-and-opportunities-1536x1155.png 1536w, https:\/\/nsk.hr\/wp-content\/uploads\/2023\/11\/NSKWeb_Jobs-and-opportunities-1436x1080.png 1436w, https:\/\/nsk.hr\/wp-content\/uploads\/2023\/11\/NSKWeb_Jobs-and-opportunities.png 1648w\" data-sizes=\"(max-width: 1024px) 100vw, 1024px\" src=\"data:image\/svg+xml;base64,PHN2ZyB3aWR0aD0iMSIgaGVpZ2h0PSIxIiB4bWxucz0iaHR0cDovL3d3dy53My5vcmcvMjAwMC9zdmciPjwvc3ZnPg==\" style=\"--smush-placeholder-width: 1024px; --smush-placeholder-aspect-ratio: 1024\/770;\" \/><\/figure>\n\n\n\n<p class=\"is-style-default\">Become part of our large team of professionals in different fields and get involved in collecting and promoting Croatia\u2019s cultural and scientific heritage and preserving it for future generations.<\/p>\n\n\n\n<p>Follow the Library\u2019s website and its profiles and pages on social networks for announcements on vacancies. For any questions you might have regarding applications, the selection and recruitment process and application results please email the NSK recruitment officers at <a href=\"mailto:kadrovska@nsk.hr\">kadrovska@nsk.hr<\/a>.<\/p>\n\n\n\n<section class=\"nsk-section nsk-button position-relative my-6\" >\n\t<div class=\"container\">\n\t\t<div class=\"row\">\n\t\t\t<div class=\"col-12\">\n\t\t\t\t<div class=\"nsk-button__button\">\n\t\t\t\t\t\t\t\t\t\t\t<div class=\"nsk-button__link-wrap text-center text-lg-left\">\n\t\t\t\t\t\t\t\n<a   href=\"https:\/\/nsk.hr\/posao-i-karijera\/\" class=\"btn btn-primary align-items-center text-image-block__button btn-lg  align-items-center justify-content-center\"   >\n\t\t\t\t\t<span class=\"text\">Apply for one of our vacancies<\/span>\n\t<\/a>\n\t\t\t\t\t\t<\/div>\n\t\t\t\t\t\t\t\t\t<\/div>\n\t\t\t<\/div>\n\t\t<\/div>\n\t<\/div>\n<\/section>\n","protected":false},"excerpt":{"rendered":"<p>Join NSK, the National and University Library in Zagreb! Become part of our large team of professionals in different fields and get involved in&#8230;<\/p>\n","protected":false},"author":11,"featured_media":0,"parent":0,"menu_order":0,"comment_status":"closed","ping_status":"closed","template":"","meta":{"_acf_changed":false,"ngg_post_thumbnail":0,"footnotes":""},"class_list":["post-85274","page","type-page","status-publish","hentry"],"acf":[],"yoast_head":"<!-- This site is optimized with the Yoast SEO plugin v25.4 - https:\/\/yoast.com\/wordpress\/plugins\/seo\/ -->\n<title>Jobs and opportunities - Nacionalna i sveu\u010dili\u0161na knji\u017enica u Zagrebu<\/title>\n<meta name=\"description\" content=\"The large team of professionals of the National and University Library in Zagreb collects and promotes Croatia\u2019s cultural and scientific heritage and preserves it for future generations.\" \/>\n<meta name=\"robots\" content=\"index, follow, max-snippet:-1, max-image-preview:large, max-video-preview:-1\" \/>\n<link rel=\"canonical\" href=\"https:\/\/nsk.hr\/en\/jobs-and-opportunities\/\" \/>\n<meta property=\"og:locale\" content=\"en_US\" \/>\n<meta property=\"og:type\" content=\"article\" \/>\n<meta property=\"og:title\" content=\"Jobs and opportunities - Nacionalna i sveu\u010dili\u0161na knji\u017enica u Zagrebu\" \/>\n<meta property=\"og:description\" content=\"The large team of professionals of the National and University Library in Zagreb collects and promotes Croatia\u2019s cultural and scientific heritage and preserves it for future generations.\" \/>\n<meta property=\"og:url\" content=\"https:\/\/nsk.hr\/en\/jobs-and-opportunities\/\" \/>\n<meta property=\"og:site_name\" content=\"Nacionalna i sveu\u010dili\u0161na knji\u017enica u Zagrebu\" \/>\n<meta property=\"article:modified_time\" content=\"2023-12-15T09:05:38+00:00\" \/>\n<meta property=\"og:image\" content=\"https:\/\/nsk.hr\/wp-content\/uploads\/2023\/11\/NSKWeb_Jobs-and-opportunities-1024x770.png\" \/>\n<meta name=\"twitter:card\" content=\"summary_large_image\" \/>\n<meta name=\"twitter:label1\" content=\"Est. reading time\" \/>\n\t<meta name=\"twitter:data1\" content=\"1 minute\" \/>\n<script type=\"application\/ld+json\" class=\"yoast-schema-graph\">{\"@context\":\"https:\/\/schema.org\",\"@graph\":[{\"@type\":\"WebPage\",\"@id\":\"https:\/\/nsk.hr\/en\/jobs-and-opportunities\/\",\"url\":\"https:\/\/nsk.hr\/en\/jobs-and-opportunities\/\",\"name\":\"Jobs and opportunities - Nacionalna i sveu\u010dili\u0161na knji\u017enica u Zagrebu\",\"isPartOf\":{\"@id\":\"https:\/\/nsk.hr\/en\/#website\"},\"primaryImageOfPage\":{\"@id\":\"https:\/\/nsk.hr\/en\/jobs-and-opportunities\/#primaryimage\"},\"image\":{\"@id\":\"https:\/\/nsk.hr\/en\/jobs-and-opportunities\/#primaryimage\"},\"thumbnailUrl\":\"https:\/\/nsk.hr\/wp-content\/uploads\/2023\/11\/NSKWeb_Jobs-and-opportunities-1024x770.png\",\"datePublished\":\"2023-09-30T06:56:09+00:00\",\"dateModified\":\"2023-12-15T09:05:38+00:00\",\"description\":\"The large team of professionals of the National and University Library in Zagreb collects and promotes Croatia\u2019s cultural and scientific heritage and preserves it for future generations.\",\"breadcrumb\":{\"@id\":\"https:\/\/nsk.hr\/en\/jobs-and-opportunities\/#breadcrumb\"},\"inLanguage\":\"en-US\",\"potentialAction\":[{\"@type\":\"ReadAction\",\"target\":[\"https:\/\/nsk.hr\/en\/jobs-and-opportunities\/\"]}]},{\"@type\":\"ImageObject\",\"inLanguage\":\"en-US\",\"@id\":\"https:\/\/nsk.hr\/en\/jobs-and-opportunities\/#primaryimage\",\"url\":\"https:\/\/nsk.hr\/wp-content\/uploads\/2023\/11\/NSKWeb_Jobs-and-opportunities-1024x770.png\",\"contentUrl\":\"https:\/\/nsk.hr\/wp-content\/uploads\/2023\/11\/NSKWeb_Jobs-and-opportunities-1024x770.png\"},{\"@type\":\"BreadcrumbList\",\"@id\":\"https:\/\/nsk.hr\/en\/jobs-and-opportunities\/#breadcrumb\",\"itemListElement\":[{\"@type\":\"ListItem\",\"position\":1,\"name\":\"Homepage\",\"item\":\"https:\/\/nsk.hr\/en\/\"},{\"@type\":\"ListItem\",\"position\":2,\"name\":\"Jobs and opportunities\"}]},{\"@type\":\"WebSite\",\"@id\":\"https:\/\/nsk.hr\/en\/#website\",\"url\":\"https:\/\/nsk.hr\/en\/\",\"name\":\"Nacionalna i sveu\u010dili\u0161na knji\u017enica u Zagrebu\",\"description\":\"\",\"potentialAction\":[{\"@type\":\"SearchAction\",\"target\":{\"@type\":\"EntryPoint\",\"urlTemplate\":\"https:\/\/nsk.hr\/en\/?s={search_term_string}\"},\"query-input\":{\"@type\":\"PropertyValueSpecification\",\"valueRequired\":true,\"valueName\":\"search_term_string\"}}],\"inLanguage\":\"en-US\"}]}<\/script>\n<!-- \/ Yoast SEO plugin. -->","yoast_head_json":{"title":"Jobs and opportunities - Nacionalna i sveu\u010dili\u0161na knji\u017enica u Zagrebu","description":"The large team of professionals of the National and University Library in Zagreb collects and promotes Croatia\u2019s cultural and scientific heritage and preserves it for future generations.","robots":{"index":"index","follow":"follow","max-snippet":"max-snippet:-1","max-image-preview":"max-image-preview:large","max-video-preview":"max-video-preview:-1"},"canonical":"https:\/\/nsk.hr\/en\/jobs-and-opportunities\/","og_locale":"en_US","og_type":"article","og_title":"Jobs and opportunities - Nacionalna i sveu\u010dili\u0161na knji\u017enica u Zagrebu","og_description":"The large team of professionals of the National and University Library in Zagreb collects and promotes Croatia\u2019s cultural and scientific heritage and preserves it for future generations.","og_url":"https:\/\/nsk.hr\/en\/jobs-and-opportunities\/","og_site_name":"Nacionalna i sveu\u010dili\u0161na knji\u017enica u Zagrebu","article_modified_time":"2023-12-15T09:05:38+00:00","og_image":[{"url":"https:\/\/nsk.hr\/wp-content\/uploads\/2023\/11\/NSKWeb_Jobs-and-opportunities-1024x770.png","type":"","width":"","height":""}],"twitter_card":"summary_large_image","twitter_misc":{"Est. reading time":"1 minute"},"schema":{"@context":"https:\/\/schema.org","@graph":[{"@type":"WebPage","@id":"https:\/\/nsk.hr\/en\/jobs-and-opportunities\/","url":"https:\/\/nsk.hr\/en\/jobs-and-opportunities\/","name":"Jobs and opportunities - Nacionalna i sveu\u010dili\u0161na knji\u017enica u Zagrebu","isPartOf":{"@id":"https:\/\/nsk.hr\/en\/#website"},"primaryImageOfPage":{"@id":"https:\/\/nsk.hr\/en\/jobs-and-opportunities\/#primaryimage"},"image":{"@id":"https:\/\/nsk.hr\/en\/jobs-and-opportunities\/#primaryimage"},"thumbnailUrl":"https:\/\/nsk.hr\/wp-content\/uploads\/2023\/11\/NSKWeb_Jobs-and-opportunities-1024x770.png","datePublished":"2023-09-30T06:56:09+00:00","dateModified":"2023-12-15T09:05:38+00:00","description":"The large team of professionals of the National and University Library in Zagreb collects and promotes Croatia\u2019s cultural and scientific heritage and preserves it for future generations.","breadcrumb":{"@id":"https:\/\/nsk.hr\/en\/jobs-and-opportunities\/#breadcrumb"},"inLanguage":"en-US","potentialAction":[{"@type":"ReadAction","target":["https:\/\/nsk.hr\/en\/jobs-and-opportunities\/"]}]},{"@type":"ImageObject","inLanguage":"en-US","@id":"https:\/\/nsk.hr\/en\/jobs-and-opportunities\/#primaryimage","url":"https:\/\/nsk.hr\/wp-content\/uploads\/2023\/11\/NSKWeb_Jobs-and-opportunities-1024x770.png","contentUrl":"https:\/\/nsk.hr\/wp-content\/uploads\/2023\/11\/NSKWeb_Jobs-and-opportunities-1024x770.png"},{"@type":"BreadcrumbList","@id":"https:\/\/nsk.hr\/en\/jobs-and-opportunities\/#breadcrumb","itemListElement":[{"@type":"ListItem","position":1,"name":"Homepage","item":"https:\/\/nsk.hr\/en\/"},{"@type":"ListItem","position":2,"name":"Jobs and opportunities"}]},{"@type":"WebSite","@id":"https:\/\/nsk.hr\/en\/#website","url":"https:\/\/nsk.hr\/en\/","name":"Nacionalna i sveu\u010dili\u0161na knji\u017enica u Zagrebu","description":"","potentialAction":[{"@type":"SearchAction","target":{"@type":"EntryPoint","urlTemplate":"https:\/\/nsk.hr\/en\/?s={search_term_string}"},"query-input":{"@type":"PropertyValueSpecification","valueRequired":true,"valueName":"search_term_string"}}],"inLanguage":"en-US"}]}},"_links":{"self":[{"href":"https:\/\/nsk.hr\/en\/wp-json\/wp\/v2\/pages\/85274","targetHints":{"allow":["GET"]}}],"collection":[{"href":"https:\/\/nsk.hr\/en\/wp-json\/wp\/v2\/pages"}],"about":[{"href":"https:\/\/nsk.hr\/en\/wp-json\/wp\/v2\/types\/page"}],"author":[{"embeddable":true,"href":"https:\/\/nsk.hr\/en\/wp-json\/wp\/v2\/users\/11"}],"replies":[{"embeddable":true,"href":"https:\/\/nsk.hr\/en\/wp-json\/wp\/v2\/comments?post=85274"}],"version-history":[{"count":2,"href":"https:\/\/nsk.hr\/en\/wp-json\/wp\/v2\/pages\/85274\/revisions"}],"predecessor-version":[{"id":87810,"href":"https:\/\/nsk.hr\/en\/wp-json\/wp\/v2\/pages\/85274\/revisions\/87810"}],"wp:attachment":[{"href":"https:\/\/nsk.hr\/en\/wp-json\/wp\/v2\/media?parent=85274"}],"curies":[{"name":"wp","href":"https:\/\/api.w.org\/{rel}","templated":true}]}}