{"id":84882,"date":"2023-10-03T07:54:55","date_gmt":"2023-10-03T05:54:55","guid":{"rendered":"https:\/\/nsk.hr\/?page_id=84882"},"modified":"2025-10-24T12:13:58","modified_gmt":"2025-10-24T10:13:58","slug":"nsk-membership","status":"publish","type":"page","link":"https:\/\/nsk.hr\/en\/nsk-membership\/","title":{"rendered":"NSK Membership"},"content":{"rendered":"\n<p class=\"is-style-lead\">Gain access to the richest library collection in Croatia and a wide range of services provided by NSK, the National and University Library in Zagreb. <\/p>\n\n\n\n<p>Extensive facilities offered to NSK members include spacious <a href=\"https:\/\/nsk.hr\/en\/reading-rooms\/\">reading rooms<\/a>, computer access and spaces suited for study and various creative pursuits.<\/p>\n\n\n\n<figure class=\"wp-block-image size-large\"><img decoding=\"async\" width=\"1024\" height=\"683\" data-src=\"https:\/\/nsk.hr\/wp-content\/uploads\/2024\/06\/NSK-Membership-Card_Boris-Kovacev-1-1024x683.jpg\" alt=\"Hand holding an NSK Membership Card.\" class=\"wp-image-91382 lazyload\" data-srcset=\"https:\/\/nsk.hr\/wp-content\/uploads\/2024\/06\/NSK-Membership-Card_Boris-Kovacev-1-1024x683.jpg 1024w, https:\/\/nsk.hr\/wp-content\/uploads\/2024\/06\/NSK-Membership-Card_Boris-Kovacev-1-300x200.jpg 300w, https:\/\/nsk.hr\/wp-content\/uploads\/2024\/06\/NSK-Membership-Card_Boris-Kovacev-1-768x512.jpg 768w, https:\/\/nsk.hr\/wp-content\/uploads\/2024\/06\/NSK-Membership-Card_Boris-Kovacev-1-1536x1024.jpg 1536w, https:\/\/nsk.hr\/wp-content\/uploads\/2024\/06\/NSK-Membership-Card_Boris-Kovacev-1-2048x1366.jpg 2048w, https:\/\/nsk.hr\/wp-content\/uploads\/2024\/06\/NSK-Membership-Card_Boris-Kovacev-1-1620x1080.jpg 1620w, https:\/\/nsk.hr\/wp-content\/uploads\/2024\/06\/NSK-Membership-Card_Boris-Kovacev-1-scaled.jpg 1860w\" data-sizes=\"(max-width: 1024px) 100vw, 1024px\" src=\"data:image\/svg+xml;base64,PHN2ZyB3aWR0aD0iMSIgaGVpZ2h0PSIxIiB4bWxucz0iaHR0cDovL3d3dy53My5vcmcvMjAwMC9zdmciPjwvc3ZnPg==\" style=\"--smush-placeholder-width: 1024px; --smush-placeholder-aspect-ratio: 1024\/683;\" \/><\/figure>\n\n\n\n<h2 class=\"wp-block-heading\"><strong>Who can register for NSK membership?&nbsp;&nbsp;<\/strong>&nbsp;<\/h2>\n\n\n\n<p>Eligible for NSK membership are persons aged 16 and over.&nbsp;<\/p>\n\n\n\n<p>All obligations pertaining to NSK membership in the case of members under the age of 18<strong> <\/strong>are assumed by their parent, foster parent or legal guardian, who formally assume these obligations by signing a related <a href=\"https:\/\/nsk.hr\/wp-content\/uploads\/2023\/11\/Declaration-of-consent.pdf\">declaration of consent<\/a>.<\/p>\n\n\n\n<p>Legal entities may not register for NSK membership, but may submit a request for NSK membership for their employees, students or other persons on whose behalf they can act in this respect. An NSK Membership Card issued upon such request bears the name of the person for which membership was requested and not of the legal entity.&nbsp;<\/p>\n\n\n\n<h2 class=\"wp-block-heading\"><strong>How to apply for NSK membership?<\/strong><\/h2>\n\n\n\n<p>You can easily apply for NSK membership in person or <a href=\"https:\/\/upisi.nsk.hr\/\">online<\/a>.&nbsp;&nbsp;<\/p>\n\n\n\n<p>All wishing to apply for NSK membership in person may <a href=\"https:\/\/nsk.hr\/wp-content\/uploads\/2025\/10\/NSK-Membership-Application-Form-2025.pdf\">download the NSK Membership Application Form<\/a> from the Library\u2019s website and have to present an identity document at the Form\u2019s submission.<\/p>\n\n\n\n<p>Upon payment of the membership fee, the NSK Membership Card is issued on the spot, enabling its holder to immediately start using the Library\u2019s services, <a href=\"https:\/\/nsk.hr\/en\/nsk-collections\/\">collections<\/a>, user spaces and all other user facilities.&nbsp;<\/p>\n\n\n\n<p>All applying for NSK membership by <a href=\"https:\/\/nsk.hr\/wp-content\/uploads\/2025\/10\/NSK-Membership-Application-Form-2025.pdf\">submitting the NSK membership request online<\/a> will get instructions by e-mail guiding them through the registration process.\u00a0<\/p>\n\n\n\n<p>All data provided to the Library as part of the registration procedure are considered confidential and the Library processes them in compliance with the Croatian personal data protection act (<em><a href=\"https:\/\/narodne-novine.nn.hr\/clanci\/sluzbeni\/2012_09_106_2300.html\">Zakon o za\u0161titi osobnih podataka<\/a><\/em>).&nbsp;<\/p>\n\n\n\n<h2 class=\"wp-block-heading\"><strong>Are you entitled to special membership fees?<\/strong><\/h2>\n\n\n\n<p>Students, retired citizens and minors are entitled to special membership fees.&nbsp;<\/p>\n\n\n\n<p>To exercise your right to special membership fees you have to present at the registration some of the following proofs of status, along with an identity document:&nbsp;<\/p>\n\n\n\n<ul class=\"wp-block-list\">\n<li>a Student Identity Card (X-ica) or an electronic student\u2019s record book (as a proof of your status as a full-time or part-time undergraduate and graduate student or a postgraduate student in Croatia)&nbsp;<\/li>\n\n\n\n<li>certificate of exercised pension insurance rights (as a proof of your status as a retired citizen)&nbsp;<\/li>\n\n\n\n<li>ID card or passport (as a proof of your status as a non-Croatian EU citizen)<\/li>\n\n\n\n<li>passport (as a proof of your status as a non-EU citizen)<\/li>\n\n\n\n<li>declaration of consent by which the parent, foster parent or legal guardian of a minor assumes all obligations pertaining to that minor\u2019s membership of the Library.&nbsp;&nbsp;&nbsp;<\/li>\n<\/ul>\n\n\n\n<p>Persons with disabilities and those accompanying them are entitled to free membership, upon providing a valid proof of their disability status (a certificate from the <a href=\"https:\/\/www.hzjz.hr\/tag\/registar-osoba-s-invaliditetom\/\">Croatian Disabled Persons Registry<\/a>).<\/p>\n\n\n\n<h2 class=\"wp-block-heading\"><strong>Proxy borrower<\/strong><\/h2>\n\n\n\n<p>Registered members may also act as proxy borrowers for other registered members of the Library, for research purposes. <\/p>\n\n\n\n<p>The Proxy Borrower Library Card Request is available for download from the Library\u2019s website and it is required that both members are present at the registration.<\/p>\n\n\n\n<h2 class=\"wp-block-heading\"><strong>Fee models&nbsp;<\/strong><\/h2>\n\n\n\n<ul class=\"wp-block-list\">\n<li><strong>Annual registration \u2013 including borrowing privileges<\/strong><\/li>\n\n\n\n<li>Full-time and part-time undergraduate and graduate students, and postgraduate students of universities in the Republic of Croatia \u2013 <strong>\u20ac13,50<\/strong><\/li>\n\n\n\n<li>Researchers and academic staff of Croatian universities, members of cultural and educational institutions \u2013 <strong>\u20ac20.00<\/strong><\/li>\n\n\n\n<li>Retired citizens \u2013 <strong>\u20ac6.50<\/strong><\/li>\n\n\n\n<li>Other Croatian citizens \u2013 <strong>\u20ac26,50<\/strong><\/li>\n\n\n\n<li>Persons with disabilities and those accompanying them are entitled to free membership and free membership renewal, upon providing a valid proof of their disability status, i.e. a disability or a carer ID or certificate (a certificate from the Croatian Disabled Persons Register (Registar osoba s invaliditetom) \u2013 <strong>no charge<\/strong><\/li>\n<\/ul>\n\n\n\n<ul class=\"wp-block-list\">\n<li><strong>Annual registration \u2013 Reader Pass (not including borrowing privileges)<\/strong>&nbsp;<\/li>\n\n\n\n<li>Croatian citizens \u2013 <strong>\u20ac20.00<\/strong><\/li>\n\n\n\n<li>Foreign university students, foreign citizens \u2013 <strong>\u20ac20.00<\/strong><\/li>\n\n\n\n<li>Persons aged between 16 and 18 \u2013 <strong>\u20ac4<\/strong><\/li>\n<\/ul>\n\n\n\n<ul class=\"wp-block-list\">\n<li><strong>Discount for legal entities (group membership) \u2013 annual registration<\/strong>&nbsp;<\/li>\n\n\n\n<li>For groups of 2 to 9 people \u2013 the price is based on the membership category from 1.1 or 1.2.<\/li>\n\n\n\n<li>For groups of 10 to 99 people \u2013 a 20% discount on the annual membership fee. The discount applies only to groups of members from the same category.<\/li>\n\n\n\n<li>For groups of 100 or more people, the discount is negotiated based on the number and category of members.<\/li>\n<\/ul>\n\n\n\n<ul class=\"wp-block-list\">\n<li><strong>Short-term membership \u2013 Reader Pass (not including borrowing privileges)<\/strong><\/li>\n\n\n\n<li>Monthly pass \u2013 \u20ac7<\/li>\n\n\n\n<li>Weekly pass \u2013 \u20ac6<\/li>\n\n\n\n<li>Daily pass \u2013 \u20ac4<\/li>\n<\/ul>\n\n\n\n<ul class=\"wp-block-list\">\n<li><strong>Charges and fees for additional library membership cards<\/strong><\/li>\n\n\n\n<li>Charge for the loss of or damage to the membership card \u2013 \u20ac4)<\/li>\n\n\n\n<li>&nbsp;Proxy Borrower Library Card fee \u2013 \u20ac4<\/li>\n<\/ul>\n\n\n\n<h2 class=\"wp-block-heading\"><strong>Payment methods<\/strong><\/h2>\n\n\n\n<p>Persons applying for NSK membership in person may pay all NSK membership-related fees in cash or by a credit card at the box office operating as part of the Registration Desk on the Library\u2019s Ground Floor.&nbsp;&nbsp;<\/p>\n\n\n\n<p>Persons applying for NSK membership online pay all related fees directly to the Library\u2019s bank account or in person, when collecting their NSK Membership Card at the Registration Desk on the Library\u2019s Ground Floor.&nbsp;&nbsp;&nbsp;&nbsp;&nbsp;<\/p>\n\n\n\n<p><strong>Data needed for direct payments to the Library\u2019s bank account: &nbsp;&nbsp;&nbsp;<\/strong>&nbsp;<\/p>\n\n\n\n<p>Nacionalna i sveu\u010dili\u0161na knji\u017enica u Zagrebu&nbsp;&nbsp;&nbsp;<\/p>\n\n\n\n<p>Ulica Hrvatske bratske zajednice 4&nbsp;&nbsp;<\/p>\n\n\n\n<p>10000 Zagreb, Hrvatska&nbsp;&nbsp;&nbsp;<\/p>\n\n\n\n<p>IBAN: HR66 2340 0091 1000 1008 1&nbsp;&nbsp;<\/p>\n\n\n\n<p>Payment purpose (<em>Opis pla\u0107anja<\/em>): \u201c\u010clanarina\/Naknada za iskaznicu\u201d&nbsp;(membership or library card issuance fee)<\/p>\n\n\n\n<p><strong>Registration-related forms<\/strong><\/p>\n\n\n\n<p><a href=\"https:\/\/nsk.hr\/wp-content\/uploads\/2025\/10\/NSK-Membership-Application-Form-2025.pdf\">NSK Membership Application Form<\/a><\/p>\n\n\n\n<p><a href=\"https:\/\/nsk.hr\/wp-content\/uploads\/2023\/12\/NSK-PROXY-BORROWER-LIBRARY-CARD-REQUEST-FORM.pdf\">NSK Proxy borrower library card request form<\/a><\/p>\n\n\n\n<p><a href=\"https:\/\/nsk.hr\/wp-content\/uploads\/2023\/12\/DECLARATION-OF-CONSENT.pdf\">Declaration of parental\/legal guardian\u2019s consent<\/a><\/p>\n\n\n\n<h2 class=\"wp-block-heading\"><strong>NSK Registration Desk hours and contact information <\/strong>&nbsp;<\/h2>\n\n\n\n<p>Monday \u2013 Friday 8.00 \u2013 21.00&nbsp;&nbsp;<\/p>\n\n\n\n<p>Saturday 9.00 \u2013 14.00&nbsp;&nbsp;<\/p>\n\n\n\n<p>T. +385 1 616 4078&nbsp;<\/p>\n\n\n\n<p>E. <a href=\"mailto:upis@nsk.hr\">upis@nsk.hr<\/a><\/p>\n\n\n\n<p><a href=\"https:\/\/nsk.hr\/wp-content\/uploads\/2025\/01\/NSK-cjenik-2025_eng.pdf\"><\/a><a href=\"https:\/\/nsk.hr\/wp-content\/uploads\/2025\/02\/NSK-Fees-and-Charges_2025-02-26.pdf\">NSK Fees and Charges<\/a><\/p>\n\n\n\n<p><a href=\"https:\/\/nsk.hr\/wp-content\/uploads\/2023\/11\/REGULA1.pdf\">Regulations concerning the terms and conditions of using the holdings and services of the National and University Library in Zagreb<\/a><\/p>\n\n\n<section class=\"block-section quick-links-block quick-links-block--has-1-col\">\n\n    <h2 class=\"quick-links-block__title\">Quick links<\/h2>\n    <ul class=\"quick-links-block__list list-unstyled\">\n                    <li class=\"quick-links-block__item\">\n                <a href=\"https:\/\/nsk.hr\/wp-content\/uploads\/2025\/01\/NSK-Fees-and-Charges-2025.pdf\" class=\"quick-links-block__link\">\n                    <span class=\"text\">\n                        NSK Fees and Charges                    <\/span>\n                    <svg xmlns=\"http:\/\/www.w3.org\/2000\/svg\" width=\"28\" height=\"28\" viewBox=\"0 0 28 28\" fill=\"none\">\n                        <path d=\"M19.8864 7L18.7095 8.17654L23.7027 13.1681H2V14.8321H23.7026L18.7095 19.8235L19.8864 21L26.8889 14L19.8864 7Z\" fill=\"#231F20\"><\/path>\n                    <\/svg>\n                <\/a>\n            <\/li>\n                    <li class=\"quick-links-block__item\">\n                <a href=\"https:\/\/nsk.hr\/wp-content\/uploads\/2023\/11\/REGULA1.pdf\" class=\"quick-links-block__link\">\n                    <span class=\"text\">\n                        Regulations concerning the terms and conditions of using NSK holdings and services                    <\/span>\n                    <svg xmlns=\"http:\/\/www.w3.org\/2000\/svg\" width=\"28\" height=\"28\" viewBox=\"0 0 28 28\" fill=\"none\">\n                        <path d=\"M19.8864 7L18.7095 8.17654L23.7027 13.1681H2V14.8321H23.7026L18.7095 19.8235L19.8864 21L26.8889 14L19.8864 7Z\" fill=\"#231F20\"><\/path>\n                    <\/svg>\n                <\/a>\n            <\/li>\n                    <li class=\"quick-links-block__item\">\n                <a href=\"https:\/\/nsk.hr\/en\/reading-room-requests-and-lending-services\/\" class=\"quick-links-block__link\">\n                    <span class=\"text\">\n                        Reading room requests and lending services                    <\/span>\n                    <svg xmlns=\"http:\/\/www.w3.org\/2000\/svg\" width=\"28\" height=\"28\" viewBox=\"0 0 28 28\" fill=\"none\">\n                        <path d=\"M19.8864 7L18.7095 8.17654L23.7027 13.1681H2V14.8321H23.7026L18.7095 19.8235L19.8864 21L26.8889 14L19.8864 7Z\" fill=\"#231F20\"><\/path>\n                    <\/svg>\n                <\/a>\n            <\/li>\n                    <li class=\"quick-links-block__item\">\n                <a href=\"https:\/\/nsk.hr\/en\/reading-rooms\/\" class=\"quick-links-block__link\">\n                    <span class=\"text\">\n                        Reading rooms                    <\/span>\n                    <svg xmlns=\"http:\/\/www.w3.org\/2000\/svg\" width=\"28\" height=\"28\" viewBox=\"0 0 28 28\" fill=\"none\">\n                        <path d=\"M19.8864 7L18.7095 8.17654L23.7027 13.1681H2V14.8321H23.7026L18.7095 19.8235L19.8864 21L26.8889 14L19.8864 7Z\" fill=\"#231F20\"><\/path>\n                    <\/svg>\n                <\/a>\n            <\/li>\n                    <li class=\"quick-links-block__item\">\n                <a href=\"https:\/\/nsk.hr\/en\/nsk-opening-hours\/\" class=\"quick-links-block__link\">\n                    <span class=\"text\">\n                        Opening hours                    <\/span>\n                    <svg xmlns=\"http:\/\/www.w3.org\/2000\/svg\" width=\"28\" height=\"28\" viewBox=\"0 0 28 28\" fill=\"none\">\n                        <path d=\"M19.8864 7L18.7095 8.17654L23.7027 13.1681H2V14.8321H23.7026L18.7095 19.8235L19.8864 21L26.8889 14L19.8864 7Z\" fill=\"#231F20\"><\/path>\n                    <\/svg>\n                <\/a>\n            <\/li>\n                    <li class=\"quick-links-block__item\">\n                <a href=\"https:\/\/nsk.hr\/en\/how-to-get-to-nsk\/\" class=\"quick-links-block__link\">\n                    <span class=\"text\">\n                        How to get to NSK                    <\/span>\n                    <svg xmlns=\"http:\/\/www.w3.org\/2000\/svg\" width=\"28\" height=\"28\" viewBox=\"0 0 28 28\" fill=\"none\">\n                        <path d=\"M19.8864 7L18.7095 8.17654L23.7027 13.1681H2V14.8321H23.7026L18.7095 19.8235L19.8864 21L26.8889 14L19.8864 7Z\" fill=\"#231F20\"><\/path>\n                    <\/svg>\n                <\/a>\n            <\/li>\n                    <li class=\"quick-links-block__item\">\n                <a href=\"https:\/\/nsk.hr\/en\/contact\/\" class=\"quick-links-block__link\">\n                    <span class=\"text\">\n                        Contact                    <\/span>\n                    <svg xmlns=\"http:\/\/www.w3.org\/2000\/svg\" width=\"28\" height=\"28\" viewBox=\"0 0 28 28\" fill=\"none\">\n                        <path d=\"M19.8864 7L18.7095 8.17654L23.7027 13.1681H2V14.8321H23.7026L18.7095 19.8235L19.8864 21L26.8889 14L19.8864 7Z\" fill=\"#231F20\"><\/path>\n                    <\/svg>\n                <\/a>\n            <\/li>\n            <\/ul>\n<\/section>","protected":false},"excerpt":{"rendered":"<p>Gain access to the richest library collection in Croatia and a wide range of services provided by NSK, the National and University Library in&#8230;<\/p>\n","protected":false},"author":11,"featured_media":0,"parent":0,"menu_order":0,"comment_status":"closed","ping_status":"closed","template":"","meta":{"_acf_changed":true,"ngg_post_thumbnail":0,"footnotes":""},"class_list":["post-84882","page","type-page","status-publish","hentry"],"acf":[],"yoast_head":"<!-- This site is optimized with the Yoast SEO plugin v25.4 - https:\/\/yoast.com\/wordpress\/plugins\/seo\/ -->\n<title>NSK Membership - Nacionalna i sveu\u010dili\u0161na knji\u017enica u Zagrebu<\/title>\n<meta name=\"robots\" content=\"index, follow, max-snippet:-1, max-image-preview:large, max-video-preview:-1\" \/>\n<link rel=\"canonical\" href=\"https:\/\/nsk.hr\/en\/nsk-membership\/\" \/>\n<meta property=\"og:locale\" content=\"en_US\" \/>\n<meta property=\"og:type\" content=\"article\" \/>\n<meta property=\"og:title\" content=\"NSK Membership - Nacionalna i sveu\u010dili\u0161na knji\u017enica u Zagrebu\" \/>\n<meta property=\"og:description\" content=\"Gain access to the richest library collection in Croatia and a wide range of services provided by NSK, the National and University Library in...\" \/>\n<meta property=\"og:url\" content=\"https:\/\/nsk.hr\/en\/nsk-membership\/\" \/>\n<meta property=\"og:site_name\" content=\"Nacionalna i sveu\u010dili\u0161na knji\u017enica u Zagrebu\" \/>\n<meta property=\"article:modified_time\" content=\"2025-10-24T10:13:58+00:00\" \/>\n<meta property=\"og:image\" content=\"https:\/\/nsk.hr\/wp-content\/uploads\/2024\/06\/NSK-Membership-Card_Boris-Kovacev-1-scaled.jpg\" \/>\n\t<meta property=\"og:image:width\" content=\"1860\" \/>\n\t<meta property=\"og:image:height\" content=\"1240\" \/>\n\t<meta property=\"og:image:type\" content=\"image\/jpeg\" \/>\n<meta name=\"twitter:card\" content=\"summary_large_image\" \/>\n<meta name=\"twitter:label1\" content=\"Est. reading time\" \/>\n\t<meta name=\"twitter:data1\" content=\"6 minutes\" \/>\n<script type=\"application\/ld+json\" class=\"yoast-schema-graph\">{\"@context\":\"https:\/\/schema.org\",\"@graph\":[{\"@type\":\"WebPage\",\"@id\":\"https:\/\/nsk.hr\/en\/nsk-membership\/\",\"url\":\"https:\/\/nsk.hr\/en\/nsk-membership\/\",\"name\":\"NSK Membership - Nacionalna i sveu\u010dili\u0161na knji\u017enica u Zagrebu\",\"isPartOf\":{\"@id\":\"https:\/\/nsk.hr\/en\/#website\"},\"primaryImageOfPage\":{\"@id\":\"https:\/\/nsk.hr\/en\/nsk-membership\/#primaryimage\"},\"image\":{\"@id\":\"https:\/\/nsk.hr\/en\/nsk-membership\/#primaryimage\"},\"thumbnailUrl\":\"https:\/\/nsk.hr\/wp-content\/uploads\/2024\/06\/NSK-Membership-Card_Boris-Kovacev-1-1024x683.jpg\",\"datePublished\":\"2023-10-03T05:54:55+00:00\",\"dateModified\":\"2025-10-24T10:13:58+00:00\",\"breadcrumb\":{\"@id\":\"https:\/\/nsk.hr\/en\/nsk-membership\/#breadcrumb\"},\"inLanguage\":\"en-US\",\"potentialAction\":[{\"@type\":\"ReadAction\",\"target\":[\"https:\/\/nsk.hr\/en\/nsk-membership\/\"]}]},{\"@type\":\"ImageObject\",\"inLanguage\":\"en-US\",\"@id\":\"https:\/\/nsk.hr\/en\/nsk-membership\/#primaryimage\",\"url\":\"https:\/\/nsk.hr\/wp-content\/uploads\/2024\/06\/NSK-Membership-Card_Boris-Kovacev-1-1024x683.jpg\",\"contentUrl\":\"https:\/\/nsk.hr\/wp-content\/uploads\/2024\/06\/NSK-Membership-Card_Boris-Kovacev-1-1024x683.jpg\"},{\"@type\":\"BreadcrumbList\",\"@id\":\"https:\/\/nsk.hr\/en\/nsk-membership\/#breadcrumb\",\"itemListElement\":[{\"@type\":\"ListItem\",\"position\":1,\"name\":\"Homepage\",\"item\":\"https:\/\/nsk.hr\/en\/\"},{\"@type\":\"ListItem\",\"position\":2,\"name\":\"NSK Membership\"}]},{\"@type\":\"WebSite\",\"@id\":\"https:\/\/nsk.hr\/en\/#website\",\"url\":\"https:\/\/nsk.hr\/en\/\",\"name\":\"Nacionalna i sveu\u010dili\u0161na knji\u017enica u Zagrebu\",\"description\":\"\",\"potentialAction\":[{\"@type\":\"SearchAction\",\"target\":{\"@type\":\"EntryPoint\",\"urlTemplate\":\"https:\/\/nsk.hr\/en\/?s={search_term_string}\"},\"query-input\":{\"@type\":\"PropertyValueSpecification\",\"valueRequired\":true,\"valueName\":\"search_term_string\"}}],\"inLanguage\":\"en-US\"}]}<\/script>\n<!-- \/ Yoast SEO plugin. -->","yoast_head_json":{"title":"NSK Membership - Nacionalna i sveu\u010dili\u0161na knji\u017enica u Zagrebu","robots":{"index":"index","follow":"follow","max-snippet":"max-snippet:-1","max-image-preview":"max-image-preview:large","max-video-preview":"max-video-preview:-1"},"canonical":"https:\/\/nsk.hr\/en\/nsk-membership\/","og_locale":"en_US","og_type":"article","og_title":"NSK Membership - Nacionalna i sveu\u010dili\u0161na knji\u017enica u Zagrebu","og_description":"Gain access to the richest library collection in Croatia and a wide range of services provided by NSK, the National and University Library in...","og_url":"https:\/\/nsk.hr\/en\/nsk-membership\/","og_site_name":"Nacionalna i sveu\u010dili\u0161na knji\u017enica u Zagrebu","article_modified_time":"2025-10-24T10:13:58+00:00","og_image":[{"width":1860,"height":1240,"url":"https:\/\/nsk.hr\/wp-content\/uploads\/2024\/06\/NSK-Membership-Card_Boris-Kovacev-1-scaled.jpg","type":"image\/jpeg"}],"twitter_card":"summary_large_image","twitter_misc":{"Est. reading time":"6 minutes"},"schema":{"@context":"https:\/\/schema.org","@graph":[{"@type":"WebPage","@id":"https:\/\/nsk.hr\/en\/nsk-membership\/","url":"https:\/\/nsk.hr\/en\/nsk-membership\/","name":"NSK Membership - Nacionalna i sveu\u010dili\u0161na knji\u017enica u Zagrebu","isPartOf":{"@id":"https:\/\/nsk.hr\/en\/#website"},"primaryImageOfPage":{"@id":"https:\/\/nsk.hr\/en\/nsk-membership\/#primaryimage"},"image":{"@id":"https:\/\/nsk.hr\/en\/nsk-membership\/#primaryimage"},"thumbnailUrl":"https:\/\/nsk.hr\/wp-content\/uploads\/2024\/06\/NSK-Membership-Card_Boris-Kovacev-1-1024x683.jpg","datePublished":"2023-10-03T05:54:55+00:00","dateModified":"2025-10-24T10:13:58+00:00","breadcrumb":{"@id":"https:\/\/nsk.hr\/en\/nsk-membership\/#breadcrumb"},"inLanguage":"en-US","potentialAction":[{"@type":"ReadAction","target":["https:\/\/nsk.hr\/en\/nsk-membership\/"]}]},{"@type":"ImageObject","inLanguage":"en-US","@id":"https:\/\/nsk.hr\/en\/nsk-membership\/#primaryimage","url":"https:\/\/nsk.hr\/wp-content\/uploads\/2024\/06\/NSK-Membership-Card_Boris-Kovacev-1-1024x683.jpg","contentUrl":"https:\/\/nsk.hr\/wp-content\/uploads\/2024\/06\/NSK-Membership-Card_Boris-Kovacev-1-1024x683.jpg"},{"@type":"BreadcrumbList","@id":"https:\/\/nsk.hr\/en\/nsk-membership\/#breadcrumb","itemListElement":[{"@type":"ListItem","position":1,"name":"Homepage","item":"https:\/\/nsk.hr\/en\/"},{"@type":"ListItem","position":2,"name":"NSK Membership"}]},{"@type":"WebSite","@id":"https:\/\/nsk.hr\/en\/#website","url":"https:\/\/nsk.hr\/en\/","name":"Nacionalna i sveu\u010dili\u0161na knji\u017enica u Zagrebu","description":"","potentialAction":[{"@type":"SearchAction","target":{"@type":"EntryPoint","urlTemplate":"https:\/\/nsk.hr\/en\/?s={search_term_string}"},"query-input":{"@type":"PropertyValueSpecification","valueRequired":true,"valueName":"search_term_string"}}],"inLanguage":"en-US"}]}},"_links":{"self":[{"href":"https:\/\/nsk.hr\/en\/wp-json\/wp\/v2\/pages\/84882","targetHints":{"allow":["GET"]}}],"collection":[{"href":"https:\/\/nsk.hr\/en\/wp-json\/wp\/v2\/pages"}],"about":[{"href":"https:\/\/nsk.hr\/en\/wp-json\/wp\/v2\/types\/page"}],"author":[{"embeddable":true,"href":"https:\/\/nsk.hr\/en\/wp-json\/wp\/v2\/users\/11"}],"replies":[{"embeddable":true,"href":"https:\/\/nsk.hr\/en\/wp-json\/wp\/v2\/comments?post=84882"}],"version-history":[{"count":17,"href":"https:\/\/nsk.hr\/en\/wp-json\/wp\/v2\/pages\/84882\/revisions"}],"predecessor-version":[{"id":98529,"href":"https:\/\/nsk.hr\/en\/wp-json\/wp\/v2\/pages\/84882\/revisions\/98529"}],"wp:attachment":[{"href":"https:\/\/nsk.hr\/en\/wp-json\/wp\/v2\/media?parent=84882"}],"curies":[{"name":"wp","href":"https:\/\/api.w.org\/{rel}","templated":true}]}}