{"id":84803,"date":"2023-10-03T07:50:57","date_gmt":"2023-10-03T05:50:57","guid":{"rendered":"https:\/\/nsk.hr\/?page_id=84803"},"modified":"2024-06-04T16:32:46","modified_gmt":"2024-06-04T14:32:46","slug":"nsk-collections","status":"publish","type":"page","link":"https:\/\/nsk.hr\/en\/nsk-collections\/","title":{"rendered":"NSK collections"},"content":{"rendered":"\n<p class=\"is-style-lead\">Available in a wide range of formats, the rich and diverse holdings of NSK, the National and University Library in Zagreb, are organised in a variety of specially curated NSK collections.<\/p>\n\n\n\n<p>Start exploring!<\/p>\n\n\n\n<figure class=\"wp-block-image size-large\"><img decoding=\"async\" width=\"1024\" height=\"770\" data-src=\"https:\/\/nsk.hr\/wp-content\/uploads\/2023\/11\/NSKWeb_NSK-collections-1024x770.png\" alt=\"Selected items from the collections of NSK, the National and University Library in Zagreb.\" class=\"wp-image-85299 lazyload\" data-srcset=\"https:\/\/nsk.hr\/wp-content\/uploads\/2023\/11\/NSKWeb_NSK-collections-1024x770.png 1024w, https:\/\/nsk.hr\/wp-content\/uploads\/2023\/11\/NSKWeb_NSK-collections-300x226.png 300w, https:\/\/nsk.hr\/wp-content\/uploads\/2023\/11\/NSKWeb_NSK-collections-768x578.png 768w, https:\/\/nsk.hr\/wp-content\/uploads\/2023\/11\/NSKWeb_NSK-collections-1536x1155.png 1536w, https:\/\/nsk.hr\/wp-content\/uploads\/2023\/11\/NSKWeb_NSK-collections-1436x1080.png 1436w, https:\/\/nsk.hr\/wp-content\/uploads\/2023\/11\/NSKWeb_NSK-collections.png 1648w\" data-sizes=\"(max-width: 1024px) 100vw, 1024px\" src=\"data:image\/svg+xml;base64,PHN2ZyB3aWR0aD0iMSIgaGVpZ2h0PSIxIiB4bWxucz0iaHR0cDovL3d3dy53My5vcmcvMjAwMC9zdmciPjwvc3ZnPg==\" style=\"--smush-placeholder-width: 1024px; --smush-placeholder-aspect-ratio: 1024\/770;\" \/><\/figure>\n\n\n\n<h2 class=\"wp-block-heading\"><strong>NSK special collections<\/strong><\/h2>\n\n\n\n<p>Discover NSK\u2019s special collections, libraries of a kind of their own, holding some of the greatest treasures of Croatia\u2019s and the world\u2019s cultural and scientific heritage.<\/p>\n\n\n\n<section class=\"block-section quick-links-block quick-links-block--has-2-col\">\n\n    <h2 class=\"quick-links-block__title\"><\/h2>\n\n    <ul class=\"quick-links-block__list list-unstyled\">\n                                <li class=\"quick-links-block__item\">\n                <a href=\"https:\/\/nsk.hr\/en\/nsk-collections\/nsk-manuscripts-and-old-books-collection\/\" class=\"quick-links-block__link\">\n                    <span class=\"text\">\n                        NSK Manuscripts and Old Books Collection                    <\/span>\n                    <svg xmlns=\"http:\/\/www.w3.org\/2000\/svg\" width=\"28\" height=\"28\" viewBox=\"0 0 28 28\" fill=\"none\">\n                        <path d=\"M19.8864 7L18.7095 8.17654L23.7027 13.1681H2V14.8321H23.7026L18.7095 19.8235L19.8864 21L26.8889 14L19.8864 7Z\" fill=\"#231F20\"><\/path>\n                    <\/svg>\n                <\/a>\n            <\/li>\n                                <li class=\"quick-links-block__item\">\n                <a href=\"https:\/\/nsk.hr\/en\/nsk-collections\/nsk-print-collection\/\" class=\"quick-links-block__link\">\n                    <span class=\"text\">\n                        NSK Print Collection                    <\/span>\n                    <svg xmlns=\"http:\/\/www.w3.org\/2000\/svg\" width=\"28\" height=\"28\" viewBox=\"0 0 28 28\" fill=\"none\">\n                        <path d=\"M19.8864 7L18.7095 8.17654L23.7027 13.1681H2V14.8321H23.7026L18.7095 19.8235L19.8864 21L26.8889 14L19.8864 7Z\" fill=\"#231F20\"><\/path>\n                    <\/svg>\n                <\/a>\n            <\/li>\n                                <li class=\"quick-links-block__item\">\n                <a href=\"https:\/\/nsk.hr\/en\/nsk-collections\/nsk-music-collection\/\" class=\"quick-links-block__link\">\n                    <span class=\"text\">\n                        NSK Music Collection                    <\/span>\n                    <svg xmlns=\"http:\/\/www.w3.org\/2000\/svg\" width=\"28\" height=\"28\" viewBox=\"0 0 28 28\" fill=\"none\">\n                        <path d=\"M19.8864 7L18.7095 8.17654L23.7027 13.1681H2V14.8321H23.7026L18.7095 19.8235L19.8864 21L26.8889 14L19.8864 7Z\" fill=\"#231F20\"><\/path>\n                    <\/svg>\n                <\/a>\n            <\/li>\n                                <li class=\"quick-links-block__item\">\n                <a href=\"https:\/\/nsk.hr\/en\/nsk-collections\/nsk-map-collection\/\" class=\"quick-links-block__link\">\n                    <span class=\"text\">\n                        NSK Map Collection                    <\/span>\n                    <svg xmlns=\"http:\/\/www.w3.org\/2000\/svg\" width=\"28\" height=\"28\" viewBox=\"0 0 28 28\" fill=\"none\">\n                        <path d=\"M19.8864 7L18.7095 8.17654L23.7027 13.1681H2V14.8321H23.7026L18.7095 19.8235L19.8864 21L26.8889 14L19.8864 7Z\" fill=\"#231F20\"><\/path>\n                    <\/svg>\n                <\/a>\n            <\/li>\n            <\/ul>\n<\/section>\n\n\n<h2 class=\"wp-block-heading\"><strong>NSK digital collections<\/strong><\/h2>\n\n\n\n<p>Since 2004, NSK has systematically been digitising its holdings, as much for the purpose of their protection and long-term preservation as for the purpose of providing as wide as possible access to them, especially to their greatest treasures, such as those preserved as part of NSK\u2019s special collections. <\/p>\n\n\n\n<p>Apart from the digital copies of items in NSK\u2019s physical collections, <a href=\"https:\/\/nsk.hr\/en\/nsk-holdings\/nsk-digital-collections\/\">NSK digital collections<\/a> include e-books, electronic serials, online content, digital scores, e-theses and other electronic legal deposit material.<\/p>\n\n\n<div class=\"buttons-block\">\n    \n\t\t<a href=\"https:\/\/digitalna.nsk.hr\/\" class=\"btn btn-primary btn-lg align-items-center\" target=\"_self\">\n\t\t\t<span class=\"text\">\n\t\t\t\tExplore NSK Digital Collections\t\t\t<\/span>\n\t\t<\/a>\n\n\t\n\t\t<a href=\"https:\/\/nsk.hr\/en\/nsk-holdings\/nsk-digital-collections\/\" class=\"btn btn-secondary btn-lg align-items-center\" target=\"_self\">\n\t\t\t<span class=\"text\">\n\t\t\t\tLearn more\t\t\t<\/span>\n\t\t<\/a>\n\n\t<\/div>\n\n\n\n<h2 class=\"wp-block-heading\"><strong>NSK reading rooms collections<\/strong><\/h2>\n\n\n\n<p>Apart from Croatian and foreign academic publications comprising the collection which NSK compiles as the central library of the <a href=\"https:\/\/www.unizg.hr\/homepage\/\">University of Zagreb<\/a> and makes available in its <a href=\"https:\/\/nsk.hr\/en\/reading-rooms\/\">reading rooms<\/a>, several other specially curated collections bringing together library material related to specific themes or areas are also available in NSK\u2019s reading rooms.<\/p>\n\n\n<div class=\"buttons-block\">\n    \n\t\t<a href=\"https:\/\/nsk.hr\/en\/nsk-collections\/nsk-reading-rooms-collections\/\" class=\"btn btn-secondary btn-lg align-items-center\" target=\"_self\">\n\t\t\t<span class=\"text\">\n\t\t\t\tLearn more\t\t\t<\/span>\n\t\t<\/a>\n\n\t<\/div>\n\n\n\n<h2 class=\"wp-block-heading\"><strong>CROATICA \u2013 Croatia\u2019s national library collection<\/strong><\/h2>\n\n\n\n<p>CROATICA, Croatia\u2019s national collection preserved and managed by NSK, brings together books and non-book material published by Croatian publishers and authors as well as publications in the Croatian language and those thematising Croatia and Croats.&nbsp; <\/p>\n\n\n\n<p>It is precisely CROATICA, officially registered as Croatia\u2019s national heritage asset, which makes NSK\u2019s holdings unique in Croatia both in terms of content and size and vital in terms of their contribution to the advancement and preservation of Croatia\u2019s national and cultural identity.<\/p>\n\n\n\n<section class=\"nsk-section nsk-button position-relative my-6\" >\n\t<div class=\"container\">\n\t\t<div class=\"row\">\n\t\t\t<div class=\"col-12\">\n\t\t\t\t<div class=\"nsk-button__button\">\n\t\t\t\t\t\t\t\t\t\t\t<div class=\"nsk-button__link-wrap text-center text-lg-left\">\n\t\t\t\t\t\t\t\n<a   href=\"https:\/\/nsk.hr\/en\/nsk-collections\/croatica-croatias-national-library-collection\/\" class=\"btn btn-primary align-items-center text-image-block__button btn-lg  align-items-center justify-content-center\"   >\n\t\t\t\t\t<span class=\"text\">Learn more<\/span>\n\t<\/a>\n\t\t\t\t\t\t<\/div>\n\t\t\t\t\t\t\t\t\t<\/div>\n\t\t\t<\/div>\n\t\t<\/div>\n\t<\/div>\n<\/section>\n","protected":false},"excerpt":{"rendered":"<p>Available in a wide range of formats, the rich and diverse holdings of NSK, the National and University Library in Zagreb, are organised in&#8230;<\/p>\n","protected":false},"author":11,"featured_media":87614,"parent":0,"menu_order":0,"comment_status":"closed","ping_status":"closed","template":"","meta":{"_acf_changed":false,"ngg_post_thumbnail":0,"footnotes":""},"class_list":["post-84803","page","type-page","status-publish","has-post-thumbnail","hentry"],"acf":[],"yoast_head":"<!-- This site is optimized with the Yoast SEO plugin v25.4 - https:\/\/yoast.com\/wordpress\/plugins\/seo\/ -->\n<title>NSK collections - Nacionalna i sveu\u010dili\u0161na knji\u017enica u Zagrebu<\/title>\n<meta name=\"robots\" content=\"index, follow, max-snippet:-1, max-image-preview:large, max-video-preview:-1\" \/>\n<link rel=\"canonical\" href=\"https:\/\/nsk.hr\/en\/nsk-collections\/\" \/>\n<meta property=\"og:locale\" content=\"en_US\" \/>\n<meta property=\"og:type\" content=\"article\" \/>\n<meta property=\"og:title\" content=\"NSK collections - Nacionalna i sveu\u010dili\u0161na knji\u017enica u Zagrebu\" \/>\n<meta property=\"og:description\" content=\"Available in a wide range of formats, the rich and diverse holdings of NSK, the National and University Library in Zagreb, are organised in...\" \/>\n<meta property=\"og:url\" content=\"https:\/\/nsk.hr\/en\/nsk-collections\/\" \/>\n<meta property=\"og:site_name\" content=\"Nacionalna i sveu\u010dili\u0161na knji\u017enica u Zagrebu\" \/>\n<meta property=\"article:modified_time\" content=\"2024-06-04T14:32:46+00:00\" \/>\n<meta property=\"og:image\" content=\"https:\/\/nsk.hr\/wp-content\/uploads\/2023\/12\/NSK-2023-002-scaled.jpg\" \/>\n\t<meta property=\"og:image:width\" content=\"1920\" \/>\n\t<meta property=\"og:image:height\" content=\"1280\" \/>\n\t<meta property=\"og:image:type\" content=\"image\/jpeg\" \/>\n<meta name=\"twitter:card\" content=\"summary_large_image\" \/>\n<meta name=\"twitter:label1\" content=\"Est. reading time\" \/>\n\t<meta name=\"twitter:data1\" content=\"2 minutes\" \/>\n<script type=\"application\/ld+json\" class=\"yoast-schema-graph\">{\"@context\":\"https:\/\/schema.org\",\"@graph\":[{\"@type\":\"WebPage\",\"@id\":\"https:\/\/nsk.hr\/en\/nsk-collections\/\",\"url\":\"https:\/\/nsk.hr\/en\/nsk-collections\/\",\"name\":\"NSK collections - Nacionalna i sveu\u010dili\u0161na knji\u017enica u Zagrebu\",\"isPartOf\":{\"@id\":\"https:\/\/nsk.hr\/en\/#website\"},\"primaryImageOfPage\":{\"@id\":\"https:\/\/nsk.hr\/en\/nsk-collections\/#primaryimage\"},\"image\":{\"@id\":\"https:\/\/nsk.hr\/en\/nsk-collections\/#primaryimage\"},\"thumbnailUrl\":\"https:\/\/nsk.hr\/wp-content\/uploads\/2023\/12\/NSK-2023-002-scaled.jpg\",\"datePublished\":\"2023-10-03T05:50:57+00:00\",\"dateModified\":\"2024-06-04T14:32:46+00:00\",\"breadcrumb\":{\"@id\":\"https:\/\/nsk.hr\/en\/nsk-collections\/#breadcrumb\"},\"inLanguage\":\"en-US\",\"potentialAction\":[{\"@type\":\"ReadAction\",\"target\":[\"https:\/\/nsk.hr\/en\/nsk-collections\/\"]}]},{\"@type\":\"ImageObject\",\"inLanguage\":\"en-US\",\"@id\":\"https:\/\/nsk.hr\/en\/nsk-collections\/#primaryimage\",\"url\":\"https:\/\/nsk.hr\/wp-content\/uploads\/2023\/12\/NSK-2023-002-scaled.jpg\",\"contentUrl\":\"https:\/\/nsk.hr\/wp-content\/uploads\/2023\/12\/NSK-2023-002-scaled.jpg\",\"width\":1920,\"height\":1280,\"caption\":\"Fotografija prikazuje izbor knjiga iz Zbirke rukopisa i starih knjiga NSK\"},{\"@type\":\"BreadcrumbList\",\"@id\":\"https:\/\/nsk.hr\/en\/nsk-collections\/#breadcrumb\",\"itemListElement\":[{\"@type\":\"ListItem\",\"position\":1,\"name\":\"Homepage\",\"item\":\"https:\/\/nsk.hr\/en\/\"},{\"@type\":\"ListItem\",\"position\":2,\"name\":\"NSK collections\"}]},{\"@type\":\"WebSite\",\"@id\":\"https:\/\/nsk.hr\/en\/#website\",\"url\":\"https:\/\/nsk.hr\/en\/\",\"name\":\"Nacionalna i sveu\u010dili\u0161na knji\u017enica u Zagrebu\",\"description\":\"\",\"potentialAction\":[{\"@type\":\"SearchAction\",\"target\":{\"@type\":\"EntryPoint\",\"urlTemplate\":\"https:\/\/nsk.hr\/en\/?s={search_term_string}\"},\"query-input\":{\"@type\":\"PropertyValueSpecification\",\"valueRequired\":true,\"valueName\":\"search_term_string\"}}],\"inLanguage\":\"en-US\"}]}<\/script>\n<!-- \/ Yoast SEO plugin. -->","yoast_head_json":{"title":"NSK collections - Nacionalna i sveu\u010dili\u0161na knji\u017enica u Zagrebu","robots":{"index":"index","follow":"follow","max-snippet":"max-snippet:-1","max-image-preview":"max-image-preview:large","max-video-preview":"max-video-preview:-1"},"canonical":"https:\/\/nsk.hr\/en\/nsk-collections\/","og_locale":"en_US","og_type":"article","og_title":"NSK collections - Nacionalna i sveu\u010dili\u0161na knji\u017enica u Zagrebu","og_description":"Available in a wide range of formats, the rich and diverse holdings of NSK, the National and University Library in Zagreb, are organised in...","og_url":"https:\/\/nsk.hr\/en\/nsk-collections\/","og_site_name":"Nacionalna i sveu\u010dili\u0161na knji\u017enica u Zagrebu","article_modified_time":"2024-06-04T14:32:46+00:00","og_image":[{"width":1920,"height":1280,"url":"https:\/\/nsk.hr\/wp-content\/uploads\/2023\/12\/NSK-2023-002-scaled.jpg","type":"image\/jpeg"}],"twitter_card":"summary_large_image","twitter_misc":{"Est. reading time":"2 minutes"},"schema":{"@context":"https:\/\/schema.org","@graph":[{"@type":"WebPage","@id":"https:\/\/nsk.hr\/en\/nsk-collections\/","url":"https:\/\/nsk.hr\/en\/nsk-collections\/","name":"NSK collections - Nacionalna i sveu\u010dili\u0161na knji\u017enica u Zagrebu","isPartOf":{"@id":"https:\/\/nsk.hr\/en\/#website"},"primaryImageOfPage":{"@id":"https:\/\/nsk.hr\/en\/nsk-collections\/#primaryimage"},"image":{"@id":"https:\/\/nsk.hr\/en\/nsk-collections\/#primaryimage"},"thumbnailUrl":"https:\/\/nsk.hr\/wp-content\/uploads\/2023\/12\/NSK-2023-002-scaled.jpg","datePublished":"2023-10-03T05:50:57+00:00","dateModified":"2024-06-04T14:32:46+00:00","breadcrumb":{"@id":"https:\/\/nsk.hr\/en\/nsk-collections\/#breadcrumb"},"inLanguage":"en-US","potentialAction":[{"@type":"ReadAction","target":["https:\/\/nsk.hr\/en\/nsk-collections\/"]}]},{"@type":"ImageObject","inLanguage":"en-US","@id":"https:\/\/nsk.hr\/en\/nsk-collections\/#primaryimage","url":"https:\/\/nsk.hr\/wp-content\/uploads\/2023\/12\/NSK-2023-002-scaled.jpg","contentUrl":"https:\/\/nsk.hr\/wp-content\/uploads\/2023\/12\/NSK-2023-002-scaled.jpg","width":1920,"height":1280,"caption":"Fotografija prikazuje izbor knjiga iz Zbirke rukopisa i starih knjiga NSK"},{"@type":"BreadcrumbList","@id":"https:\/\/nsk.hr\/en\/nsk-collections\/#breadcrumb","itemListElement":[{"@type":"ListItem","position":1,"name":"Homepage","item":"https:\/\/nsk.hr\/en\/"},{"@type":"ListItem","position":2,"name":"NSK collections"}]},{"@type":"WebSite","@id":"https:\/\/nsk.hr\/en\/#website","url":"https:\/\/nsk.hr\/en\/","name":"Nacionalna i sveu\u010dili\u0161na knji\u017enica u Zagrebu","description":"","potentialAction":[{"@type":"SearchAction","target":{"@type":"EntryPoint","urlTemplate":"https:\/\/nsk.hr\/en\/?s={search_term_string}"},"query-input":{"@type":"PropertyValueSpecification","valueRequired":true,"valueName":"search_term_string"}}],"inLanguage":"en-US"}]}},"_links":{"self":[{"href":"https:\/\/nsk.hr\/en\/wp-json\/wp\/v2\/pages\/84803","targetHints":{"allow":["GET"]}}],"collection":[{"href":"https:\/\/nsk.hr\/en\/wp-json\/wp\/v2\/pages"}],"about":[{"href":"https:\/\/nsk.hr\/en\/wp-json\/wp\/v2\/types\/page"}],"author":[{"embeddable":true,"href":"https:\/\/nsk.hr\/en\/wp-json\/wp\/v2\/users\/11"}],"replies":[{"embeddable":true,"href":"https:\/\/nsk.hr\/en\/wp-json\/wp\/v2\/comments?post=84803"}],"version-history":[{"count":8,"href":"https:\/\/nsk.hr\/en\/wp-json\/wp\/v2\/pages\/84803\/revisions"}],"predecessor-version":[{"id":91388,"href":"https:\/\/nsk.hr\/en\/wp-json\/wp\/v2\/pages\/84803\/revisions\/91388"}],"wp:featuredmedia":[{"embeddable":true,"href":"https:\/\/nsk.hr\/en\/wp-json\/wp\/v2\/media\/87614"}],"wp:attachment":[{"href":"https:\/\/nsk.hr\/en\/wp-json\/wp\/v2\/media?parent=84803"}],"curies":[{"name":"wp","href":"https:\/\/api.w.org\/{rel}","templated":true}]}}